{"id":94,"date":"2018-08-09T15:14:30","date_gmt":"2018-08-09T12:14:30","guid":{"rendered":"https:\/\/rotary.fi\/klubi2\/?page_id=94"},"modified":"2023-11-25T20:55:03","modified_gmt":"2023-11-25T18:55:03","slug":"ajankohtaista","status":"publish","type":"page","link":"https:\/\/rotary.fi\/porikarhunpaa\/ajankohtaista\/","title":{"rendered":"Ajankohtaista"},"content":{"rendered":"<p>[et_pb_section bb_built=&#8221;1&#8243; _builder_version=&#8221;3.4.1&#8243; background_image=&#8221;https:\/\/rotary.fi\/wp-content\/uploads\/2018\/02\/paakuva-sisasivu1.jpg&#8221; next_background_color=&#8221;#ffffff&#8221; module_class=&#8221;jumbotron-page&#8221;][et_pb_row][et_pb_column type=&#8221;4_4&#8243;][et_pb_text admin_label=&#8221;P\u00e4\u00e4otsikko&#8221; _builder_version=&#8221;3.4.1&#8243; text_orientation=&#8221;center&#8221; background_layout=&#8221;dark&#8221;]<\/p>\n<h1>Ajankohtaista<\/h1>\n<p>[\/et_pb_text][\/et_pb_column][\/et_pb_row][\/et_pb_section][et_pb_section bb_built=&#8221;1&#8243; specialty=&#8221;on&#8221; prev_background_color=&#8221;#000000&#8243; _builder_version=&#8221;3.4.1&#8243; module_class_2=&#8221;sivupalkki&#8221; locked=&#8221;on&#8221;][et_pb_column type=&#8221;2_3&#8243; specialty_columns=&#8221;2&#8243;][et_pb_row_inner admin_label=&#8221;Rivi&#8221; locked=&#8221;on&#8221; parent_locked=&#8221;on&#8221;][et_pb_column_inner type=&#8221;4_4&#8243; saved_specialty_column_type=&#8221;2_3&#8243;][et_pb_text admin_label=&#8221;Otsikko&#8221; _builder_version=&#8221;3.4.1&#8243; text_orientation=&#8221;center&#8221; parent_locked=&#8221;on&#8221;]<\/p>\n<h1>Ajankohtaista<\/h1>\n<p>[\/et_pb_text][et_pb_code admin_label=&#8221;Ajankohtaisten listaus&#8221; _builder_version=&#8221;3.17.6&#8243; module_class=&#8221;kaikki_ajankohtaiset&#8221; parent_locked=&#8221;on&#8221;]<ul class=\"display-posts-listing\"><li class=\"listing-item\"><a class=\"title\" href=\"https:\/\/rotary.fi\/porikarhunpaa\/ajankohtaiset\/4-9-epn-golf-yyteri-meri-porin-rk\/\">4.9 EPN Golf Yyteri (Meri-Porin Rk)<\/a> <span class=\"date\">14.8. 2025<\/span><\/li><li class=\"listing-item\"><a class=\"title\" href=\"https:\/\/rotary.fi\/porikarhunpaa\/ajankohtaiset\/3-9-klo-18-20-rotary-tietouden-peruskurssi-etana\/\">3.9 klo 18-20 Rotary-tietouden peruskurssi et\u00e4n\u00e4<\/a> <span class=\"date\">14.8. 2025<\/span><\/li><li class=\"listing-item\"><a class=\"title\" href=\"https:\/\/rotary.fi\/porikarhunpaa\/ajankohtaiset\/21-8-ylimaarainen-klubikokous-dgn-vierailu\/\">21.8. Ylim\u00e4\u00e4r\u00e4inen klubikokous, DG:n vierailu<\/a> <span class=\"date\">14.8. 2025<\/span><\/li><li class=\"listing-item\"><a class=\"title\" href=\"https:\/\/rotary.fi\/porikarhunpaa\/ajankohtaiset\/klubi-kiinni-2-kk-kokoonnumme-vaistotiloissa\/\">Klubi kiinni 2 kk, kokoonnumme v\u00e4ist\u00f6tiloissa<\/a> <span class=\"date\">10.1. 2025<\/span><\/li><li class=\"listing-item\"><a class=\"title\" href=\"https:\/\/rotary.fi\/porikarhunpaa\/ajankohtaiset\/rauman-teatteri-5-4-2024-kappaleena-paula-eli-tarinaa-paula-koivunimesta\/\">Rauman teatteri 5.4.2024 kappaleena PAULA eli tarinaa Paula Koivunimest\u00e4<\/a> <span class=\"date\">24.2. 2024<\/span><\/li><li class=\"listing-item\"><a class=\"title\" href=\"https:\/\/rotary.fi\/porikarhunpaa\/ajankohtaiset\/hyvantekevaisyys-konsertti-20-3-2024-keski-porin-kirkko-klo-1800\/\">Hyv\u00e4ntekev\u00e4isyys-konsertti 20.3.2024 Keski-Porin kirkko klo 18:00<\/a> <span class=\"date\">16.12. 2023<\/span><\/li><li class=\"listing-item\"><a class=\"title\" href=\"https:\/\/rotary.fi\/porikarhunpaa\/ajankohtaiset\/kutsu-porin-rotaryklubien-ic-kokoukseen-satakunnan-tulevaisuus\/\">KUTSU PORIN ROTARYKLUBIEN IC-KOKOUKSEEN Satakunnan  tulevaisuus<\/a> <span class=\"date\">30.11. 2023<\/span><\/li><li class=\"listing-item\"><a class=\"title\" href=\"https:\/\/rotary.fi\/porikarhunpaa\/ajankohtaiset\/rotaryvuosi-2022-2023-kayntiin-torstaina-4-8-2022-klo-12-00-paikkana-porin-suomalainen-klubi\/\">Rotaryvuosi 2022-2023 k\u00e4yntiin torstaina 4.8.2022 klo 12.00. Paikkana Porin Suomalainen klubi<\/a> <span class=\"date\">24.7. 2022<\/span><\/li><li class=\"listing-item\"><a class=\"title\" href=\"https:\/\/rotary.fi\/porikarhunpaa\/ajankohtaiset\/merkittava-rotaryn-huomionositus-kari-kontulalle\/\">Merkitt\u00e4v\u00e4 Rotaryn huomionositus Kari Kontulalle<\/a> <span class=\"date\">4.11. 2020<\/span><\/li><li class=\"listing-item\"><a class=\"title\" href=\"https:\/\/rotary.fi\/porikarhunpaa\/ajankohtaiset\/polio-uutinen-satakunnan-viikossa-21-10-2020\/\">Polio uutinen Satakunnan Viikossa 21.10.2020<\/a> <span class=\"date\">21.10. 2020<\/span><\/li><li class=\"listing-item\"><a class=\"title\" href=\"https:\/\/rotary.fi\/porikarhunpaa\/ajankohtaiset\/piirin-1410-piirikokous-ja-syysseminaari-parkanossa-24-10-2020\/\">Piirin 1410 piirikokous ja syysseminaari Parkanossa 24.10.2020<\/a> <span class=\"date\">8.10. 2020<\/span><\/li><li class=\"listing-item\"><a class=\"title\" href=\"https:\/\/rotary.fi\/porikarhunpaa\/ajankohtaiset\/kalaholman-koulu-aloittaa-puhdas-merivesi-hankkeen\/\">Kalaholman koulu aloittaa Puhdas Merivesi hankkeen<\/a> <span class=\"date\">8.10. 2020<\/span><\/li><li class=\"listing-item\"><a class=\"title\" href=\"https:\/\/rotary.fi\/porikarhunpaa\/ajankohtaiset\/karhunpaan-rotaryklubi-aloitti-kautensa-kahdella-nuoren-tutkijan-vierailuesitelmalla\/\">Karhunp\u00e4\u00e4n Rotaryklubi aloitti kautensa kahdella nuoren tutkijan vierailuesitelm\u00e4ll\u00e4<\/a> <span class=\"date\">10.9. 2020<\/span><\/li><li class=\"listing-item\"><a class=\"title\" href=\"https:\/\/rotary.fi\/porikarhunpaa\/ajankohtaiset\/klubikokouksesta-12-09-2019\/\">Klubikokouksesta 12.09.2019 Klubin presidentti Marko kertoi porilaisten klubien presidenttien kokouksesta muun muassa: Syysseminaari Urjalassa 14.09.2019. Marko ja Kari menossa. S\u00e4\u00e4ti\u00f6seminaari Porin Suomalaisella klubilla to 17.10.2019 klo 18.00-20.30. Tarkoitus j\u00e4rjest\u00e4\u00e4 Porissa RYLA yhdess\u00e4. Porin klubit eiv\u00e4t j\u00e4rjest\u00e4 yhteist\u00e4 POLIO-p\u00e4iv\u00e4\u00e4. Silakkasoutu su 6.10.2019 Helsingiss\u00e4. Lue lis\u00e4\u00e4<\/a> <span class=\"date\">26.9. 2019<\/span><\/li><li class=\"listing-item\"><a class=\"title\" href=\"https:\/\/rotary.fi\/porikarhunpaa\/ajankohtaiset\/klubikokouksesta-29-8-2019\/\">Klubikokouksesta 29.8.2019<\/a> <span class=\"date\">2.9. 2019<\/span><\/li><li class=\"listing-item\"><a class=\"title\" href=\"https:\/\/rotary.fi\/porikarhunpaa\/ajankohtaiset\/lauantaina-6-4-2019-rotarypiirin-piirikonferenssissa-turussa-rotarysaatio-antoi-tunnustuksen-end-polio-now-hankkeen-taloudellisesta-tukemisesta-rotaryvuonna-2017-2018-kolmelle-piirin-1410-klubille\/\">Lauantaina 6.4.2019 Rotarypiirin piirikonferenssissa Turussa Rotarys\u00e4\u00e4ti\u00f6 antoi tunnustuksen End Polio Now hankkeen taloudellisesta tukemisesta Rotaryvuonna 2017-2018 kolmelle piirin 1410 klubille:       Pori Karhunp\u00e4\u00e4, Pori Meri-Pori ja Turunmaa.<\/a> <span class=\"date\">10.4. 2019<\/span><\/li><li class=\"listing-item\"><a class=\"title\" href=\"https:\/\/rotary.fi\/porikarhunpaa\/ajankohtaiset\/koulujemme-lahivedet-kuninkaanhaan-kouluun\/\">Koulujemme l\u00e4hivedet Kuninkaanhaan kouluun<\/a> <span class=\"date\">24.3. 2019<\/span><\/li><li class=\"listing-item\"><a class=\"title\" href=\"https:\/\/rotary.fi\/porikarhunpaa\/ajankohtaiset\/ja-viela-yksi-ajankohtainen-juttu\/\">Uudet nettisivut k\u00e4ytt\u00f6\u00f6n Karhunp\u00e4\u00e4n klubissa<\/a> <span class=\"date\">23.3. 2019<\/span><\/li><li class=\"listing-item\"><a class=\"title\" href=\"https:\/\/rotary.fi\/porikarhunpaa\/presidentin_uutiset\/hyvaa-rotarysaation-kuukautta\/\">Hyv\u00e4\u00e4 Rotarys\u00e4\u00e4ti\u00f6n kuukautta!<\/a> <span class=\"date\">30.11. 2018<\/span><\/li><li class=\"listing-item\"><a class=\"title\" href=\"https:\/\/rotary.fi\/porikarhunpaa\/presidentin_uutiset\/suomen-rotarypalvelun-tuleva-hallitus-valittu\/\">Suomen Rotarypalvelun tuleva hallitus valittu<\/a> <span class=\"date\">25.11. 2018<\/span><\/li><\/ul>[\/et_pb_code][\/et_pb_column_inner][\/et_pb_row_inner][\/et_pb_column][et_pb_column type=&#8221;1_3&#8243;][et_pb_sidebar _builder_version=&#8221;3.4.1&#8243; area=&#8221;sidebar-1&#8243; module_class=&#8221;sivupalkki_sisalto&#8221; parent_locked=&#8221;on&#8221; \/][\/et_pb_column][\/et_pb_section]<\/p>\n","protected":false},"excerpt":{"rendered":"<p>T\u00e4h\u00e4n tulee ote ajankohtaisesta<\/p>\n","protected":false},"author":1,"featured_media":0,"parent":0,"menu_order":0,"comment_status":"closed","ping_status":"closed","template":"","meta":{"_acf_changed":false,"_et_pb_use_builder":"on","_et_pb_old_content":"<p>[et_pb_section bb_built=\"1\" _builder_version=\"3.4.1\" background_image=\"https:\/\/rotary.fi\/wp-content\/uploads\/2018\/02\/paakuva-sisasivu1.jpg\" next_background_color=\"#ffffff\" module_class=\"jumbotron-page\"][et_pb_row][et_pb_column type=\"4_4\"][et_pb_text admin_label=\"P\u00e4\u00e4otsikko\" _builder_version=\"3.4.1\" text_orientation=\"center\" background_layout=\"dark\"]<\/p><h1>Ajankohtaista<\/h1><p>[\/et_pb_text][\/et_pb_column][\/et_pb_row][\/et_pb_section][et_pb_section bb_built=\"1\" specialty=\"on\" prev_background_color=\"#000000\" _builder_version=\"3.4.1\" module_class_2=\"sivupalkki\" locked=\"on\"][et_pb_column type=\"2_3\" specialty_columns=\"2\"][et_pb_row_inner admin_label=\"Rivi\" locked=\"on\" parent_locked=\"on\"][et_pb_column_inner type=\"4_4\" saved_specialty_column_type=\"2_3\"][et_pb_text admin_label=\"Otsikko\" _builder_version=\"3.4.1\" text_orientation=\"center\" parent_locked=\"on\"]<\/p><h1>Ajankohtaista<\/h1><p>[\/et_pb_text][et_pb_code admin_label=\"Ajankohtaisten listaus\" _builder_version=\"3.17.6\" module_class=\"kaikki_ajankohtaiset\" parent_locked=\"on\"][display-posts post_type=\"ajankohtaiset, presidentin_uutiset\" include_date=\"true\" date_format=\"j.n. Y\" posts_per_page=\"99\"][\/et_pb_code][\/et_pb_column_inner][\/et_pb_row_inner][\/et_pb_column][et_pb_column type=\"1_3\"][et_pb_sidebar _builder_version=\"3.4.1\" area=\"sidebar-1\" module_class=\"sivupalkki_sisalto\" parent_locked=\"on\" \/][\/et_pb_column][\/et_pb_section]<\/p>","_et_gb_content_width":"","footnotes":""},"class_list":["post-94","page","type-page","status-publish","hentry"],"acf":[],"yoast_head":"<!-- This site is optimized with the Yoast SEO plugin v27.0 - https:\/\/yoast.com\/product\/yoast-seo-wordpress\/ -->\n<title>Ajankohtaista - Pori Karhunp\u00e4\u00e4n Rotaryklubi<\/title>\n<meta name=\"robots\" content=\"index, follow, max-snippet:-1, max-image-preview:large, max-video-preview:-1\" \/>\n<link rel=\"canonical\" href=\"https:\/\/rotary.fi\/porikarhunpaa\/ajankohtaista\/\" \/>\n<meta property=\"og:locale\" content=\"fi_FI\" \/>\n<meta property=\"og:type\" content=\"article\" \/>\n<meta property=\"og:title\" content=\"Ajankohtaista - Pori Karhunp\u00e4\u00e4n Rotaryklubi\" \/>\n<meta property=\"og:description\" content=\"T\u00e4h\u00e4n tulee ote ajankohtaisesta\" \/>\n<meta property=\"og:url\" content=\"https:\/\/rotary.fi\/porikarhunpaa\/ajankohtaista\/\" \/>\n<meta property=\"og:site_name\" content=\"Pori Karhunp\u00e4\u00e4n Rotaryklubi\" \/>\n<meta property=\"article:modified_time\" content=\"2023-11-25T18:55:03+00:00\" \/>\n<meta name=\"twitter:card\" content=\"summary_large_image\" \/>\n<meta name=\"twitter:label1\" content=\"Arvioitu lukuaika\" \/>\n\t<meta name=\"twitter:data1\" content=\"1 minuutti\" \/>\n<script type=\"application\/ld+json\" class=\"yoast-schema-graph\">{\"@context\":\"https:\/\/schema.org\",\"@graph\":[{\"@type\":\"WebPage\",\"@id\":\"https:\/\/rotary.fi\/porikarhunpaa\/ajankohtaista\/\",\"url\":\"https:\/\/rotary.fi\/porikarhunpaa\/ajankohtaista\/\",\"name\":\"Ajankohtaista - Pori Karhunp\u00e4\u00e4n Rotaryklubi\",\"isPartOf\":{\"@id\":\"https:\/\/rotary.fi\/porikarhunpaa\/#website\"},\"datePublished\":\"2018-08-09T12:14:30+00:00\",\"dateModified\":\"2023-11-25T18:55:03+00:00\",\"breadcrumb\":{\"@id\":\"https:\/\/rotary.fi\/porikarhunpaa\/ajankohtaista\/#breadcrumb\"},\"inLanguage\":\"fi\",\"potentialAction\":[{\"@type\":\"ReadAction\",\"target\":[\"https:\/\/rotary.fi\/porikarhunpaa\/ajankohtaista\/\"]}]},{\"@type\":\"BreadcrumbList\",\"@id\":\"https:\/\/rotary.fi\/porikarhunpaa\/ajankohtaista\/#breadcrumb\",\"itemListElement\":[{\"@type\":\"ListItem\",\"position\":1,\"name\":\"Home\",\"item\":\"https:\/\/rotary.fi\/porikarhunpaa\/\"},{\"@type\":\"ListItem\",\"position\":2,\"name\":\"Ajankohtaista\"}]},{\"@type\":\"WebSite\",\"@id\":\"https:\/\/rotary.fi\/porikarhunpaa\/#website\",\"url\":\"https:\/\/rotary.fi\/porikarhunpaa\/\",\"name\":\"Pori Karhunp\u00e4\u00e4n Rotaryklubi\",\"description\":\"Uusi Rotary klubisivusto\",\"potentialAction\":[{\"@type\":\"SearchAction\",\"target\":{\"@type\":\"EntryPoint\",\"urlTemplate\":\"https:\/\/rotary.fi\/porikarhunpaa\/?s={search_term_string}\"},\"query-input\":{\"@type\":\"PropertyValueSpecification\",\"valueRequired\":true,\"valueName\":\"search_term_string\"}}],\"inLanguage\":\"fi\"}]}<\/script>\n<!-- \/ Yoast SEO plugin. -->","yoast_head_json":{"title":"Ajankohtaista - Pori Karhunp\u00e4\u00e4n Rotaryklubi","robots":{"index":"index","follow":"follow","max-snippet":"max-snippet:-1","max-image-preview":"max-image-preview:large","max-video-preview":"max-video-preview:-1"},"canonical":"https:\/\/rotary.fi\/porikarhunpaa\/ajankohtaista\/","og_locale":"fi_FI","og_type":"article","og_title":"Ajankohtaista - Pori Karhunp\u00e4\u00e4n Rotaryklubi","og_description":"T\u00e4h\u00e4n tulee ote ajankohtaisesta","og_url":"https:\/\/rotary.fi\/porikarhunpaa\/ajankohtaista\/","og_site_name":"Pori Karhunp\u00e4\u00e4n Rotaryklubi","article_modified_time":"2023-11-25T18:55:03+00:00","twitter_card":"summary_large_image","twitter_misc":{"Arvioitu lukuaika":"1 minuutti"},"schema":{"@context":"https:\/\/schema.org","@graph":[{"@type":"WebPage","@id":"https:\/\/rotary.fi\/porikarhunpaa\/ajankohtaista\/","url":"https:\/\/rotary.fi\/porikarhunpaa\/ajankohtaista\/","name":"Ajankohtaista - Pori Karhunp\u00e4\u00e4n Rotaryklubi","isPartOf":{"@id":"https:\/\/rotary.fi\/porikarhunpaa\/#website"},"datePublished":"2018-08-09T12:14:30+00:00","dateModified":"2023-11-25T18:55:03+00:00","breadcrumb":{"@id":"https:\/\/rotary.fi\/porikarhunpaa\/ajankohtaista\/#breadcrumb"},"inLanguage":"fi","potentialAction":[{"@type":"ReadAction","target":["https:\/\/rotary.fi\/porikarhunpaa\/ajankohtaista\/"]}]},{"@type":"BreadcrumbList","@id":"https:\/\/rotary.fi\/porikarhunpaa\/ajankohtaista\/#breadcrumb","itemListElement":[{"@type":"ListItem","position":1,"name":"Home","item":"https:\/\/rotary.fi\/porikarhunpaa\/"},{"@type":"ListItem","position":2,"name":"Ajankohtaista"}]},{"@type":"WebSite","@id":"https:\/\/rotary.fi\/porikarhunpaa\/#website","url":"https:\/\/rotary.fi\/porikarhunpaa\/","name":"Pori Karhunp\u00e4\u00e4n Rotaryklubi","description":"Uusi Rotary klubisivusto","potentialAction":[{"@type":"SearchAction","target":{"@type":"EntryPoint","urlTemplate":"https:\/\/rotary.fi\/porikarhunpaa\/?s={search_term_string}"},"query-input":{"@type":"PropertyValueSpecification","valueRequired":true,"valueName":"search_term_string"}}],"inLanguage":"fi"}]}},"lang":"fi","translations":{"fi":94},"pll_sync_post":[],"_links":{"self":[{"href":"https:\/\/rotary.fi\/porikarhunpaa\/wp-json\/wp\/v2\/pages\/94","targetHints":{"allow":["GET"]}}],"collection":[{"href":"https:\/\/rotary.fi\/porikarhunpaa\/wp-json\/wp\/v2\/pages"}],"about":[{"href":"https:\/\/rotary.fi\/porikarhunpaa\/wp-json\/wp\/v2\/types\/page"}],"author":[{"embeddable":true,"href":"https:\/\/rotary.fi\/porikarhunpaa\/wp-json\/wp\/v2\/users\/1"}],"replies":[{"embeddable":true,"href":"https:\/\/rotary.fi\/porikarhunpaa\/wp-json\/wp\/v2\/comments?post=94"}],"version-history":[{"count":9,"href":"https:\/\/rotary.fi\/porikarhunpaa\/wp-json\/wp\/v2\/pages\/94\/revisions"}],"predecessor-version":[{"id":2011,"href":"https:\/\/rotary.fi\/porikarhunpaa\/wp-json\/wp\/v2\/pages\/94\/revisions\/2011"}],"wp:attachment":[{"href":"https:\/\/rotary.fi\/porikarhunpaa\/wp-json\/wp\/v2\/media?parent=94"}],"curies":[{"name":"wp","href":"https:\/\/api.w.org\/{rel}","templated":true}]}}