{"id":156,"date":"2018-08-13T09:46:59","date_gmt":"2018-08-13T06:46:59","guid":{"rendered":"https:\/\/rotary.fi\/porikarhunpaa\/?page_id=156"},"modified":"2019-03-24T08:16:34","modified_gmt":"2019-03-24T06:16:34","slug":"projektit","status":"publish","type":"page","link":"https:\/\/rotary.fi\/porikarhunpaa\/mita-teemme\/projektit\/","title":{"rendered":"Projektit"},"content":{"rendered":"<p>[et_pb_section bb_built=&#8221;1&#8243; module_class=&#8221;jumbotron-page&#8221; _builder_version=&#8221;3.17.2&#8243; background_image=&#8221;https:\/\/rotary.fi\/porikarhunpaa\/wp-content\/uploads\/sites\/29\/2018\/08\/rotary_klubit_alasivu_paakuva_5.jpg&#8221; next_background_color=&#8221;#ffffff&#8221;][et_pb_row _builder_version=&#8221;3.0.48&#8243; background_size=&#8221;initial&#8221; background_position=&#8221;top_left&#8221; background_repeat=&#8221;repeat&#8221;][et_pb_column type=&#8221;4_4&#8243;][et_pb_text admin_label=&#8221;P\u00e4\u00e4otsikko&#8221; _builder_version=&#8221;3.17&#8243; text_orientation=&#8221;center&#8221; background_layout=&#8221;dark&#8221;]<\/p>\n<h1>Projektit<\/h1>\n<p>[\/et_pb_text][\/et_pb_column][\/et_pb_row][\/et_pb_section][et_pb_section bb_built=&#8221;1&#8243; specialty=&#8221;on&#8221; module_class_2=&#8221;sivupalkki&#8221; _builder_version=&#8221;3.4.1&#8243; prev_background_color=&#8221;#000000&#8243;][et_pb_column type=&#8221;2_3&#8243; specialty_columns=&#8221;2&#8243;][et_pb_row_inner admin_label=&#8221;Rivi&#8221; _builder_version=&#8221;3.0.47&#8243;][et_pb_column_inner type=&#8221;4_4&#8243; saved_specialty_column_type=&#8221;2_3&#8243;][et_pb_text admin_label=&#8221;Projektit &#8211; Otsikko&#8221; _builder_version=&#8221;3.17&#8243; text_orientation=&#8221;center&#8221;]<\/p>\n<h1>Projektit<\/h1>\n<p>[\/et_pb_text][et_pb_text _builder_version=&#8221;3.21&#8243;]<\/p>\n<p>Rotary on palveluj\u00e4rjest\u00f6. Toimimme tunnuslauseemme Palvelu itsekkyyden edelle (Service above self) mukaisesti paikallisesti ja maailmanlaajuisesti. Kansainv\u00e4linen humanit\u00e4\u00e4rinen palvelumme toteutuu Rotarys\u00e4\u00e4ti\u00f6mme koordinoimana ja hyv\u00e4ksyttyjen kumppaneiden kanssa.<\/p>\n<p><strong>Klubin Projekti KOULUMME L\u00c4HIVEDET<\/strong><\/p>\n<p>Lapset tieteentekij\u00f6in\u00e4<br \/><strong>KOULUMME L\u00c4HIVEDET<\/strong><br \/>Tee, tutki, vaikuta Kaarisillan Yhten\u00e4iskoulu<\/p>\n<p>PROJEKTIN TAUSTA<\/p>\n<p>Suomalainen koululaitoksen tavoitteena on muuttaa vuosisatainen koulukulttuuri ja kasvattaa tulevista sukupolvista jo koulussa laaja-alaisesti ajattelevia ja osaavia kansalaisia, joilla on valmiudet k\u00e4ytt\u00e4\u00e4 hyv\u00e4ksi digi-ajan antamat mahdollisuudet.<\/p>\n<p>Keskeisi\u00e4 tavoitteita ovat ajattelun, vuorovaikutuksen, yritt\u00e4jyyden, IT-mahdollisuuksien sek\u00e4 itsest\u00e4 huolehtimisen taidot. Erityisen t\u00e4rke\u00e4n\u00e4 pidet\u00e4\u00e4n media- tai monilukutaitoa, mill\u00e4 tarkoitetaan kyky\u00e4 k\u00e4ytt\u00e4\u00e4 ja yhdistell\u00e4 matemaattista ja numeerista informaatiota, elokuvaa, kuvaa ja musiikillista sek\u00e4 luonnollisesti kirjallista materiaalia jokap\u00e4iv\u00e4isess\u00e4 el\u00e4m\u00e4ss\u00e4 ja ty\u00f6ss\u00e4. Keskeinen paino uudessa opetussuunnitelmassa on my\u00f6s kest\u00e4v\u00e4n tulevaisuuden rakentamiseen liittyv\u00e4ll\u00e4 sis\u00e4ll\u00f6ll\u00e4.<\/p>\n<p>Vuonna 2016\u00a0 Porissa l\u00e4hti mukaan Kaarisillan koulu toteuttamaan pilot-hanketta, jossa muodostuu malli Porin muille kouluille. Hankkeeseen otettiin mukaan luokat 2-9\u00a0 toteutetaan koskemaan laajempaa kokonaisuutta. Mittausten m\u00e4\u00e4r\u00e4 lis\u00e4\u00e4ntyy siirrytt\u00e4ess\u00e4 ylemmille luokille. Tavoitteena on saada sertifikaatti yl\u00e4asteen p\u00e4\u00e4ttyess\u00e4.<\/p>\n<p>KOHDERYHM\u00c4 JA HY\u00d6DYNSAAJAT<\/p>\n<p>Hankkeen t\u00e4rkein kohderyhm\u00e4 on koulun oppilaat ja opettajat. Oppilaat aktivoituvat tutkimaan l\u00e4hiymp\u00e4rist\u00f6\u00e4\u00e4n ja tallentamaan siit\u00e4 saadut tiedot valtakunnaliseen tietokantaan. Opettajat p\u00e4\u00e4sev\u00e4t toteuttamaan uutta opteushallituksen hyv\u00e4ksym\u00e4\u00e4 valtakunnallista opetussuunnitelmaa tukevaa konseptia avoimissa oppimisymp\u00e4rist\u00f6iss\u00e4.<\/p>\n<p>Suomen Ymp\u00e4rist\u00f6keskus SYKE saa viety\u00e4 eteenp\u00e4in kehitt\u00e4mi\u00e4\u00e4n konsepteja kouluymp\u00e4rist\u00f6iss\u00e4.<br \/>Yliopistot ja ammattikorkeakoulut saavat hy\u00f6dyllist\u00e4 tietoa omiin tutkimuksiinsa. <br \/>Yritykset ja yhteis\u00f6t saavat hy\u00f6dyllist\u00e4 tietoa toimintaymp\u00e4rist\u00f6st\u00e4\u00e4n ja -mahdollisuuksistaan.<br \/>Rotaryj\u00e4rjest\u00f6 saa viety\u00e4 eteenp\u00e4in t\u00e4rke\u00e4n\u00e4 pit\u00e4m\u00e4\u00e4ns\u00e4 hanketta omalta osaltaan ja saa hy\u00f6dyllist\u00e4 tietoa sek\u00e4 ymp\u00e4rist\u00f6st\u00e4 ett\u00e4 siihen liittyv\u00e4st\u00e4 kasvatuksesta.<\/p>\n<p>PROJEKTIN TAVOITTEET JA TEHT\u00c4V\u00c4T \u00a0<\/p>\n<p>Projektin sis\u00e4ll\u00f6lliset tavoitteet\u00a0<\/p>\n<p>Hankkeessa on tarkoitus ottaa k\u00e4ytt\u00f6\u00f6n uutta opetussuunnitelmaa tukeva oppimisen konsepti avoimissa oppimisymp\u00e4rist\u00f6iss\u00e4, siis fyysisesti koulun ulkopuolella. Tavoitteena on aktivoida oppilaat tutkimaan omaa l\u00e4hiymp\u00e4rist\u00f6\u00e4\u00e4n. Oppilaiden tekem\u00e4t ymp\u00e4rist\u00f6havainnot liitet\u00e4\u00e4n valtakunnallisiin tietokantoihin. Mittalaitteiden rakentaminen ja koodaaminen on osa hanketta. Hankkeessa toteutetaan digitalisaatiota ruohonjuuritasolla pedagogiikan tarpeista l\u00e4htien.<br \/>Hankkeen kokeilu- ja kehitt\u00e4mistoiminnan tuloksena syntyy malleja laaja-alaiseen ymp\u00e4rist\u00f6kasvatukseen perusopetuksen eri luokka-asteille. Mallit jaetaan hankkeen aikana ja sen j\u00e4lkeen valtakunnallisesti kaikkien koulujen k\u00e4ytt\u00f6\u00f6n.<\/p>\n<p>Projektissa oppimisen tavoitteet<\/p>\n<p>Hankkeessa yhdistyv\u00e4t uuden opetussuunnitelman<\/p>\n<p>Uudistettu ymp\u00e4rist\u00f6oppi (biologia, maantieto, fysiikka, kemia, terveystieto)<br \/>o tekem\u00e4ll\u00e4 oppiminen, ryhm\u00e4ty\u00f6, yhteisopettajuus, k\u00e4\u00e4nteinen oppitunti (flipped classroom), citizen science<\/p>\n<p>Globaalien ilmi\u00f6iden konkretisointi paikallisella tasolla<br \/>o ilmastomuutoksen havainnointi<br \/>o luonnonsuojelun tulokset l\u00e4hialueella ja johtop\u00e4\u00e4t\u00f6kset globaaliin mittakaavaan<\/p>\n<p>Aktiiviseen kansalaisuuteen kasvaminen ja kest\u00e4v\u00e4n tulevaisuuden rakentaminen<br \/>o oppilas tiedon tuottajana ja tallentajana<br \/>o mielipidekasvatus, tulevaisuuden toimija?<\/p>\n<p>Digitaalisuuden ja tekem\u00e4ll\u00e4 oppimisen yhdist\u00e4minen pedagogisesti mielekk\u00e4\u00e4ll\u00e4 tavalla<\/p>\n<p>Luokan ulkopuolella oppiminen<br \/>o havainnot, retket, haastattelut<\/p>\n<p>Vuorovaikutus koulun ulkopuolisten toimijoiden kanssa<br \/>o viranomaiset, yritykset, muut koulut, j\u00e4rjest\u00f6t<\/p>\n<p>PROJEKTIN TEKEMISEN TAUSTALLA OLEVA AJATTELUMALLI (TEORIA)<\/p>\n<p>Hankkeen t\u00e4rkeimp\u00e4n\u00e4 tavoitteena on aktiiviseen kansalaisuuteen kasvaminen eri kouluasteiden tavoitteiden mukaisesti. Hankkeessa opitaan ja kehitet\u00e4\u00e4n sek\u00e4 uusia oppimisen tapoja ett\u00e4 tulevaisuuden taitoja (21st century skills). Keskeisen\u00e4 tavoitteena on kest\u00e4v\u00e4n kehityksen merkityksen ymm\u00e4rt\u00e4minen: Oppilaat oppivat ottamaan vastuuta omasta l\u00e4hiymp\u00e4rist\u00f6st\u00e4\u00e4n. He oppivat my\u00f6s ymm\u00e4rt\u00e4m\u00e4\u00e4n ilmastonmuutosta ja perehtyv\u00e4t eri tapoihin hillit\u00e4 sit\u00e4. Hankkeen avulla opettajat ja oppilaat p\u00e4\u00e4sev\u00e4t tutustumaan korkean teknologian yrityksiin ja niiden tekemiin cleantech-innovaatioihin. Yritysyhteisty\u00f6n tavoitteena on madaltaa yritysten ja koulun raja-aitoja. Yritysyhteisty\u00f6 mahdollistaa my\u00f6s uudenlaisten yritt\u00e4jyyskasvatusmallien kokeilemisen kouluissa.<\/p>\n<p>Kehitet\u00e4\u00e4n uuden opetussuunnitelman mukaista pedagogiikkaa tuottamalla malleja ilmi\u00f6pohjaiseen, monialaiseen oppimiseen, jota toteutetaan autenttisissa, avoimissa oppimisymp\u00e4rist\u00f6iss\u00e4 eli luokan ulkopuolella koulun l\u00e4hiymp\u00e4rist\u00f6ss\u00e4. Ilmi\u00f6pohjaisuutta toteutetaan kahden teeman kautta, joita ovat l\u00e4hivesien tutkiminen ja v\u00e4h\u00e4hiilinen tulevaisuus. Oppilaat oppivat tutkimaan ja ratkaisemaan l\u00e4hivesiin ja energiaan liittyvi\u00e4 ongelmia ja arvioimaan ratkaisujen toimivuutta. Malleissa yhdistyv\u00e4t tutkimuksellinen oppiminen, yhteistoiminnallinen oppiminen ja pelillisyys. Niiss\u00e4 hy\u00f6dynnet\u00e4\u00e4n avointa tutkimustietoa ja mobiileja digitaalisia palveluita (mm. ymp\u00e4rist\u00f6wiki, seppo-alusta).<\/p>\n<p>\u00a0<\/p>\n<p>[\/et_pb_text][\/et_pb_column_inner][\/et_pb_row_inner][\/et_pb_column][et_pb_column type=&#8221;1_3&#8243;][et_pb_sidebar area=&#8221;sidebar-1&#8243; module_class=&#8221;sivupalkki_sisalto&#8221; _builder_version=&#8221;3.4.1&#8243; locked=&#8221;on&#8221;]<\/p>\n<p>[\/et_pb_sidebar][\/et_pb_column][\/et_pb_section]<\/p>\n","protected":false},"excerpt":{"rendered":"<p>Projektit Projektit Rotary on palveluj\u00e4rjest\u00f6. Toimimme tunnuslauseemme Palvelu itsekkyyden edelle (Service above self) mukaisesti paikallisesti ja maailmanlaajuisesti. Kansainv\u00e4linen humanit\u00e4\u00e4rinen palvelumme toteutuu Rotarys\u00e4\u00e4ti\u00f6mme koordinoimana ja hyv\u00e4ksyttyjen kumppaneiden kanssa.Klubin Projekti KOULUMME L\u00c4HIVEDETLapset tieteentekij\u00f6in\u00e4KOULUMME L\u00c4HIVEDETTee, tutki, vaikuta Kaarisillan Yhten\u00e4iskouluPROJEKTIN TAUSTASuomalainen koululaitoksen tavoitteena on muuttaa vuosisatainen koulukulttuuri ja kasvattaa tulevista sukupolvista jo koulussa laaja-alaisesti ajattelevia ja osaavia kansalaisia, joilla [&hellip;]<\/p>\n","protected":false},"author":1,"featured_media":0,"parent":77,"menu_order":0,"comment_status":"closed","ping_status":"closed","template":"","meta":{"_acf_changed":false,"_et_pb_use_builder":"on","_et_pb_old_content":"","_et_gb_content_width":"","footnotes":""},"class_list":["post-156","page","type-page","status-publish","hentry"],"acf":[],"yoast_head":"<!-- This site is optimized with the Yoast SEO plugin v27.0 - https:\/\/yoast.com\/product\/yoast-seo-wordpress\/ -->\n<title>Projektit - Pori Karhunp\u00e4\u00e4n Rotaryklubi<\/title>\n<meta name=\"robots\" content=\"index, follow, max-snippet:-1, max-image-preview:large, max-video-preview:-1\" \/>\n<link rel=\"canonical\" href=\"https:\/\/rotary.fi\/porikarhunpaa\/mita-teemme\/projektit\/\" \/>\n<meta property=\"og:locale\" content=\"fi_FI\" \/>\n<meta property=\"og:type\" content=\"article\" \/>\n<meta property=\"og:title\" content=\"Projektit - Pori Karhunp\u00e4\u00e4n Rotaryklubi\" \/>\n<meta property=\"og:description\" content=\"Projektit Projektit Rotary on palveluj\u00e4rjest\u00f6. Toimimme tunnuslauseemme Palvelu itsekkyyden edelle (Service above self) mukaisesti paikallisesti ja maailmanlaajuisesti. Kansainv\u00e4linen humanit\u00e4\u00e4rinen palvelumme toteutuu Rotarys\u00e4\u00e4ti\u00f6mme koordinoimana ja hyv\u00e4ksyttyjen kumppaneiden kanssa.Klubin Projekti KOULUMME L\u00c4HIVEDETLapset tieteentekij\u00f6in\u00e4KOULUMME L\u00c4HIVEDETTee, tutki, vaikuta Kaarisillan Yhten\u00e4iskouluPROJEKTIN TAUSTASuomalainen koululaitoksen tavoitteena on muuttaa vuosisatainen koulukulttuuri ja kasvattaa tulevista sukupolvista jo koulussa laaja-alaisesti ajattelevia ja osaavia kansalaisia, joilla [&hellip;]\" \/>\n<meta property=\"og:url\" content=\"https:\/\/rotary.fi\/porikarhunpaa\/mita-teemme\/projektit\/\" \/>\n<meta property=\"og:site_name\" content=\"Pori Karhunp\u00e4\u00e4n Rotaryklubi\" \/>\n<meta property=\"article:modified_time\" content=\"2019-03-24T06:16:34+00:00\" \/>\n<meta name=\"twitter:card\" content=\"summary_large_image\" \/>\n<meta name=\"twitter:label1\" content=\"Arvioitu lukuaika\" \/>\n\t<meta name=\"twitter:data1\" content=\"4 minuuttia\" \/>\n<script type=\"application\/ld+json\" class=\"yoast-schema-graph\">{\"@context\":\"https:\/\/schema.org\",\"@graph\":[{\"@type\":\"WebPage\",\"@id\":\"https:\/\/rotary.fi\/porikarhunpaa\/mita-teemme\/projektit\/\",\"url\":\"https:\/\/rotary.fi\/porikarhunpaa\/mita-teemme\/projektit\/\",\"name\":\"Projektit - Pori Karhunp\u00e4\u00e4n Rotaryklubi\",\"isPartOf\":{\"@id\":\"https:\/\/rotary.fi\/porikarhunpaa\/#website\"},\"datePublished\":\"2018-08-13T06:46:59+00:00\",\"dateModified\":\"2019-03-24T06:16:34+00:00\",\"breadcrumb\":{\"@id\":\"https:\/\/rotary.fi\/porikarhunpaa\/mita-teemme\/projektit\/#breadcrumb\"},\"inLanguage\":\"fi\",\"potentialAction\":[{\"@type\":\"ReadAction\",\"target\":[\"https:\/\/rotary.fi\/porikarhunpaa\/mita-teemme\/projektit\/\"]}]},{\"@type\":\"BreadcrumbList\",\"@id\":\"https:\/\/rotary.fi\/porikarhunpaa\/mita-teemme\/projektit\/#breadcrumb\",\"itemListElement\":[{\"@type\":\"ListItem\",\"position\":1,\"name\":\"Home\",\"item\":\"https:\/\/rotary.fi\/porikarhunpaa\/\"},{\"@type\":\"ListItem\",\"position\":2,\"name\":\"Mit\u00e4 teemme\",\"item\":\"https:\/\/rotary.fi\/porikarhunpaa\/mita-teemme\/\"},{\"@type\":\"ListItem\",\"position\":3,\"name\":\"Projektit\"}]},{\"@type\":\"WebSite\",\"@id\":\"https:\/\/rotary.fi\/porikarhunpaa\/#website\",\"url\":\"https:\/\/rotary.fi\/porikarhunpaa\/\",\"name\":\"Pori Karhunp\u00e4\u00e4n Rotaryklubi\",\"description\":\"Uusi Rotary klubisivusto\",\"potentialAction\":[{\"@type\":\"SearchAction\",\"target\":{\"@type\":\"EntryPoint\",\"urlTemplate\":\"https:\/\/rotary.fi\/porikarhunpaa\/?s={search_term_string}\"},\"query-input\":{\"@type\":\"PropertyValueSpecification\",\"valueRequired\":true,\"valueName\":\"search_term_string\"}}],\"inLanguage\":\"fi\"}]}<\/script>\n<!-- \/ Yoast SEO plugin. -->","yoast_head_json":{"title":"Projektit - Pori Karhunp\u00e4\u00e4n Rotaryklubi","robots":{"index":"index","follow":"follow","max-snippet":"max-snippet:-1","max-image-preview":"max-image-preview:large","max-video-preview":"max-video-preview:-1"},"canonical":"https:\/\/rotary.fi\/porikarhunpaa\/mita-teemme\/projektit\/","og_locale":"fi_FI","og_type":"article","og_title":"Projektit - Pori Karhunp\u00e4\u00e4n Rotaryklubi","og_description":"Projektit Projektit Rotary on palveluj\u00e4rjest\u00f6. Toimimme tunnuslauseemme Palvelu itsekkyyden edelle (Service above self) mukaisesti paikallisesti ja maailmanlaajuisesti. Kansainv\u00e4linen humanit\u00e4\u00e4rinen palvelumme toteutuu Rotarys\u00e4\u00e4ti\u00f6mme koordinoimana ja hyv\u00e4ksyttyjen kumppaneiden kanssa.Klubin Projekti KOULUMME L\u00c4HIVEDETLapset tieteentekij\u00f6in\u00e4KOULUMME L\u00c4HIVEDETTee, tutki, vaikuta Kaarisillan Yhten\u00e4iskouluPROJEKTIN TAUSTASuomalainen koululaitoksen tavoitteena on muuttaa vuosisatainen koulukulttuuri ja kasvattaa tulevista sukupolvista jo koulussa laaja-alaisesti ajattelevia ja osaavia kansalaisia, joilla [&hellip;]","og_url":"https:\/\/rotary.fi\/porikarhunpaa\/mita-teemme\/projektit\/","og_site_name":"Pori Karhunp\u00e4\u00e4n Rotaryklubi","article_modified_time":"2019-03-24T06:16:34+00:00","twitter_card":"summary_large_image","twitter_misc":{"Arvioitu lukuaika":"4 minuuttia"},"schema":{"@context":"https:\/\/schema.org","@graph":[{"@type":"WebPage","@id":"https:\/\/rotary.fi\/porikarhunpaa\/mita-teemme\/projektit\/","url":"https:\/\/rotary.fi\/porikarhunpaa\/mita-teemme\/projektit\/","name":"Projektit - Pori Karhunp\u00e4\u00e4n Rotaryklubi","isPartOf":{"@id":"https:\/\/rotary.fi\/porikarhunpaa\/#website"},"datePublished":"2018-08-13T06:46:59+00:00","dateModified":"2019-03-24T06:16:34+00:00","breadcrumb":{"@id":"https:\/\/rotary.fi\/porikarhunpaa\/mita-teemme\/projektit\/#breadcrumb"},"inLanguage":"fi","potentialAction":[{"@type":"ReadAction","target":["https:\/\/rotary.fi\/porikarhunpaa\/mita-teemme\/projektit\/"]}]},{"@type":"BreadcrumbList","@id":"https:\/\/rotary.fi\/porikarhunpaa\/mita-teemme\/projektit\/#breadcrumb","itemListElement":[{"@type":"ListItem","position":1,"name":"Home","item":"https:\/\/rotary.fi\/porikarhunpaa\/"},{"@type":"ListItem","position":2,"name":"Mit\u00e4 teemme","item":"https:\/\/rotary.fi\/porikarhunpaa\/mita-teemme\/"},{"@type":"ListItem","position":3,"name":"Projektit"}]},{"@type":"WebSite","@id":"https:\/\/rotary.fi\/porikarhunpaa\/#website","url":"https:\/\/rotary.fi\/porikarhunpaa\/","name":"Pori Karhunp\u00e4\u00e4n Rotaryklubi","description":"Uusi Rotary klubisivusto","potentialAction":[{"@type":"SearchAction","target":{"@type":"EntryPoint","urlTemplate":"https:\/\/rotary.fi\/porikarhunpaa\/?s={search_term_string}"},"query-input":{"@type":"PropertyValueSpecification","valueRequired":true,"valueName":"search_term_string"}}],"inLanguage":"fi"}]}},"lang":"fi","translations":{"fi":156},"pll_sync_post":[],"_links":{"self":[{"href":"https:\/\/rotary.fi\/porikarhunpaa\/wp-json\/wp\/v2\/pages\/156","targetHints":{"allow":["GET"]}}],"collection":[{"href":"https:\/\/rotary.fi\/porikarhunpaa\/wp-json\/wp\/v2\/pages"}],"about":[{"href":"https:\/\/rotary.fi\/porikarhunpaa\/wp-json\/wp\/v2\/types\/page"}],"author":[{"embeddable":true,"href":"https:\/\/rotary.fi\/porikarhunpaa\/wp-json\/wp\/v2\/users\/1"}],"replies":[{"embeddable":true,"href":"https:\/\/rotary.fi\/porikarhunpaa\/wp-json\/wp\/v2\/comments?post=156"}],"version-history":[{"count":8,"href":"https:\/\/rotary.fi\/porikarhunpaa\/wp-json\/wp\/v2\/pages\/156\/revisions"}],"predecessor-version":[{"id":1578,"href":"https:\/\/rotary.fi\/porikarhunpaa\/wp-json\/wp\/v2\/pages\/156\/revisions\/1578"}],"up":[{"embeddable":true,"href":"https:\/\/rotary.fi\/porikarhunpaa\/wp-json\/wp\/v2\/pages\/77"}],"wp:attachment":[{"href":"https:\/\/rotary.fi\/porikarhunpaa\/wp-json\/wp\/v2\/media?parent=156"}],"curies":[{"name":"wp","href":"https:\/\/api.w.org\/{rel}","templated":true}]}}