{"id":1499,"date":"2019-03-23T17:06:16","date_gmt":"2019-03-23T15:06:16","guid":{"rendered":"https:\/\/rotary.fi\/porikarhunpaa\/?page_id=1499"},"modified":"2019-03-23T17:06:16","modified_gmt":"2019-03-23T15:06:16","slug":"yhteystiedot-9","status":"publish","type":"page","link":"https:\/\/rotary.fi\/porikarhunpaa\/yhteystiedot-9\/","title":{"rendered":"Yhteystiedot"},"content":{"rendered":"<p>[et_pb_section bb_built=&#8221;1&#8243; module_class=&#8221;jumbotron-page&#8221; _builder_version=&#8221;3.17.2&#8243; background_image=&#8221;https:\/\/rotary.fi\/porikarhunpaa\/wp-content\/uploads\/sites\/29\/2018\/10\/rotary_klubit_alasivu_paakuva_15.jpg&#8221; next_background_color=&#8221;#ffffff&#8221;][et_pb_row _builder_version=&#8221;3.0.47&#8243; background_size=&#8221;initial&#8221; background_position=&#8221;top_left&#8221; background_repeat=&#8221;repeat&#8221;][et_pb_column type=&#8221;4_4&#8243;][et_pb_text admin_label=&#8221;P\u00e4\u00e4otsikko&#8221; _builder_version=&#8221;3.21&#8243; text_orientation=&#8221;center&#8221; background_layout=&#8221;dark&#8221;]<\/p>\n<h1>Yhteystiedot<\/h1>\n<p>[\/et_pb_text][\/et_pb_column][\/et_pb_row][\/et_pb_section][et_pb_section bb_built=&#8221;1&#8243; specialty=&#8221;on&#8221; module_class_2=&#8221;sivupalkki&#8221; _builder_version=&#8221;3.4.1&#8243; prev_background_color=&#8221;#000000&#8243;][et_pb_column type=&#8221;2_3&#8243; specialty_columns=&#8221;2&#8243;][et_pb_row_inner admin_label=&#8221;Rivi&#8221; _builder_version=&#8221;3.0.47&#8243;][et_pb_column_inner type=&#8221;4_4&#8243; saved_specialty_column_type=&#8221;2_3&#8243;][et_pb_text admin_label=&#8221;Otsikko ennen teksti\u00e4 &#8211; Yhteystiedot&#8221; _builder_version=&#8221;3.21&#8243; text_orientation=&#8221;center&#8221;]<\/p>\n<h1>Yhteystiedot<\/h1>\n<p>[\/et_pb_text][et_pb_text _builder_version=&#8221;3.21&#8243; \/][\/et_pb_column_inner][\/et_pb_row_inner][et_pb_row_inner admin_label=&#8221;Rivi&#8221; custom_padding=&#8221;||20px|&#8221; padding_bottom_1=&#8221;20px&#8221; padding_bottom_2=&#8221;20px&#8221; _builder_version=&#8221;3.4.1&#8243; border_width_bottom=&#8221;1px&#8221; border_color_bottom=&#8221;#d8d8d8&#8243; custom_margin=&#8221;||20px|&#8221;][et_pb_column_inner type=&#8221;1_2&#8243; saved_specialty_column_type=&#8221;2_3&#8243;][et_pb_text admin_label=&#8221;Kokoontumispaikka&#8221; _builder_version=&#8221;3.21&#8243;]<\/p>\n<p><strong>Kokoontumispaikka:<\/strong><br \/>Suomalainen Klubi<br \/>Etel\u00e4ranta 10<br \/>28100 Pori<\/p>\n<p><strong>Kokoontumisaika:<\/strong><br \/>Maanantaisin klo 12.00-13.00<\/p>\n<p>[\/et_pb_text][\/et_pb_column_inner][et_pb_column_inner type=&#8221;1_2&#8243; saved_specialty_column_type=&#8221;2_3&#8243;][et_pb_map admin_label=&#8221;Kokoontumispaikka &#8211; Kartta&#8221; address=&#8221;Etel\u00e4ranta 10, 28100 Pori, Suomi&#8221; zoom_level=&#8221;16&#8243; address_lat=&#8221;61.4902301&#8243; address_lng=&#8221;21.792745400000058&#8243; _builder_version=&#8221;3.21&#8243;][et_pb_map_pin title=&#8221;Hotelli-Ravintola Alma&#8221; pin_address=&#8221;Ruukintie 4, 60100 Sein\u00e4joki, Suomi&#8221; pin_address_lat=&#8221;62.7900055&#8243; pin_address_lng=&#8221;22.84615370000006&#8243; _builder_version=&#8221;3.4.1&#8243;][\/et_pb_map_pin][\/et_pb_map][\/et_pb_column_inner][\/et_pb_row_inner][et_pb_row_inner admin_label=&#8221;Rivi&#8221; custom_padding=&#8221;20px||20px|&#8221; padding_bottom_1=&#8221;20px&#8221; padding_bottom_2=&#8221;20px&#8221; _builder_version=&#8221;3.4.1&#8243; custom_margin=&#8221;20px||20px|&#8221;][et_pb_column_inner type=&#8221;1_2&#8243; saved_specialty_column_type=&#8221;2_3&#8243;][et_pb_text admin_label=&#8221;Presidentti&#8221; _builder_version=&#8221;3.21&#8243;]<\/p>\n<h3>Presidentti<\/h3>\n<p>Jari Taimi<br \/>p. 050 5977021<br \/>jari.taimi@satacom.fi<\/p>\n<p>[\/et_pb_text][\/et_pb_column_inner][et_pb_column_inner type=&#8221;1_2&#8243; saved_specialty_column_type=&#8221;2_3&#8243;][et_pb_text admin_label=&#8221;Sihteeri&#8221; _builder_version=&#8221;3.21&#8243;]<\/p>\n<h3>Sihteeri<\/h3>\n<p>Juha-Matti Ojanper\u00e4<br \/>p. 040 5051809<br \/>juha-matti.ojanpera@porintilifakta.fi<\/p>\n<p>[\/et_pb_text][\/et_pb_column_inner][\/et_pb_row_inner][et_pb_row_inner admin_label=&#8221;Rivi&#8221; _builder_version=&#8221;3.0.47&#8243;][et_pb_column_inner type=&#8221;4_4&#8243; saved_specialty_column_type=&#8221;2_3&#8243;][et_pb_text admin_label=&#8221;Muut t\u00e4rke\u00e4t yhteyshenkil\u00f6t&#8221; _builder_version=&#8221;3.21&#8243; custom_margin=&#8221;20px|||&#8221;]<\/p>\n<h3>Muut t\u00e4rke\u00e4t yhteyshenkil\u00f6t<\/h3>\n<p>\u00a0<\/p>\n<h6>Rahastonhoitaja<\/h6>\n<p>Jussi Vanhahonko<br \/>p. 0400 506475<br \/>jussivanhahonko@gmail.com<\/p>\n<p>[\/et_pb_text][\/et_pb_column_inner][\/et_pb_row_inner][\/et_pb_column][et_pb_column type=&#8221;1_3&#8243;][et_pb_sidebar area=&#8221;sidebar-1&#8243; module_class=&#8221;sivupalkki_sisalto&#8221; _builder_version=&#8221;3.4.1&#8243;]<\/p>\n<p>&nbsp;<\/p>\n<p>[\/et_pb_sidebar][\/et_pb_column][\/et_pb_section]<\/p>\n","protected":false},"excerpt":{"rendered":"<p>Yhteystiedot Yhteystiedot Kokoontumispaikka:Suomalainen KlubiEtel\u00e4ranta 1028100 Pori Kokoontumisaika:Maanantaisin klo 12.00-13.00 Presidentti Jari Taimip. 050 5977021jari.taimi@satacom.fi Sihteeri Juha-Matti Ojanper\u00e4p. 040 5051809juha-matti.ojanpera@porintilifakta.fi Muut t\u00e4rke\u00e4t yhteyshenkil\u00f6t\u00a0RahastonhoitajaJussi Vanhahonkop. 0400 506475jussivanhahonko@gmail.com &nbsp;<\/p>\n","protected":false},"author":24,"featured_media":0,"parent":0,"menu_order":0,"comment_status":"closed","ping_status":"closed","template":"","meta":{"_acf_changed":false,"_et_pb_use_builder":"on","_et_pb_old_content":"","_et_gb_content_width":"","footnotes":""},"class_list":["post-1499","page","type-page","status-publish","hentry"],"acf":[],"yoast_head":"<!-- This site is optimized with the Yoast SEO plugin v27.4 - https:\/\/yoast.com\/product\/yoast-seo-wordpress\/ -->\n<title>Yhteystiedot - Pori Karhunp\u00e4\u00e4n Rotaryklubi<\/title>\n<meta name=\"robots\" content=\"index, follow, max-snippet:-1, max-image-preview:large, max-video-preview:-1\" \/>\n<link rel=\"canonical\" href=\"https:\/\/rotary.fi\/porikarhunpaa\/yhteystiedot-9\/\" \/>\n<meta property=\"og:locale\" content=\"fi_FI\" \/>\n<meta property=\"og:type\" content=\"article\" \/>\n<meta property=\"og:title\" content=\"Yhteystiedot - Pori Karhunp\u00e4\u00e4n Rotaryklubi\" \/>\n<meta property=\"og:description\" content=\"Yhteystiedot Yhteystiedot Kokoontumispaikka:Suomalainen KlubiEtel\u00e4ranta 1028100 Pori Kokoontumisaika:Maanantaisin klo 12.00-13.00 Presidentti Jari Taimip. 050 5977021jari.taimi@satacom.fi Sihteeri Juha-Matti Ojanper\u00e4p. 040 5051809juha-matti.ojanpera@porintilifakta.fi Muut t\u00e4rke\u00e4t yhteyshenkil\u00f6t\u00a0RahastonhoitajaJussi Vanhahonkop. 0400 506475jussivanhahonko@gmail.com &nbsp;\" \/>\n<meta property=\"og:url\" content=\"https:\/\/rotary.fi\/porikarhunpaa\/yhteystiedot-9\/\" \/>\n<meta property=\"og:site_name\" content=\"Pori Karhunp\u00e4\u00e4n Rotaryklubi\" \/>\n<meta name=\"twitter:card\" content=\"summary_large_image\" \/>\n<meta name=\"twitter:label1\" content=\"Arvioitu lukuaika\" \/>\n\t<meta name=\"twitter:data1\" content=\"2 minuuttia\" \/>\n<script type=\"application\/ld+json\" class=\"yoast-schema-graph\">{\"@context\":\"https:\\\/\\\/schema.org\",\"@graph\":[{\"@type\":\"WebPage\",\"@id\":\"https:\\\/\\\/rotary.fi\\\/porikarhunpaa\\\/yhteystiedot-9\\\/\",\"url\":\"https:\\\/\\\/rotary.fi\\\/porikarhunpaa\\\/yhteystiedot-9\\\/\",\"name\":\"Yhteystiedot - Pori Karhunp\u00e4\u00e4n Rotaryklubi\",\"isPartOf\":{\"@id\":\"https:\\\/\\\/rotary.fi\\\/porikarhunpaa\\\/#website\"},\"datePublished\":\"2019-03-23T15:06:16+00:00\",\"breadcrumb\":{\"@id\":\"https:\\\/\\\/rotary.fi\\\/porikarhunpaa\\\/yhteystiedot-9\\\/#breadcrumb\"},\"inLanguage\":\"fi\",\"potentialAction\":[{\"@type\":\"ReadAction\",\"target\":[\"https:\\\/\\\/rotary.fi\\\/porikarhunpaa\\\/yhteystiedot-9\\\/\"]}]},{\"@type\":\"BreadcrumbList\",\"@id\":\"https:\\\/\\\/rotary.fi\\\/porikarhunpaa\\\/yhteystiedot-9\\\/#breadcrumb\",\"itemListElement\":[{\"@type\":\"ListItem\",\"position\":1,\"name\":\"Home\",\"item\":\"https:\\\/\\\/rotary.fi\\\/porikarhunpaa\\\/\"},{\"@type\":\"ListItem\",\"position\":2,\"name\":\"Yhteystiedot\"}]},{\"@type\":\"WebSite\",\"@id\":\"https:\\\/\\\/rotary.fi\\\/porikarhunpaa\\\/#website\",\"url\":\"https:\\\/\\\/rotary.fi\\\/porikarhunpaa\\\/\",\"name\":\"Pori Karhunp\u00e4\u00e4n Rotaryklubi\",\"description\":\"Uusi Rotary klubisivusto\",\"potentialAction\":[{\"@type\":\"SearchAction\",\"target\":{\"@type\":\"EntryPoint\",\"urlTemplate\":\"https:\\\/\\\/rotary.fi\\\/porikarhunpaa\\\/?s={search_term_string}\"},\"query-input\":{\"@type\":\"PropertyValueSpecification\",\"valueRequired\":true,\"valueName\":\"search_term_string\"}}],\"inLanguage\":\"fi\"}]}<\/script>\n<!-- \/ Yoast SEO plugin. -->","yoast_head_json":{"title":"Yhteystiedot - Pori Karhunp\u00e4\u00e4n Rotaryklubi","robots":{"index":"index","follow":"follow","max-snippet":"max-snippet:-1","max-image-preview":"max-image-preview:large","max-video-preview":"max-video-preview:-1"},"canonical":"https:\/\/rotary.fi\/porikarhunpaa\/yhteystiedot-9\/","og_locale":"fi_FI","og_type":"article","og_title":"Yhteystiedot - Pori Karhunp\u00e4\u00e4n Rotaryklubi","og_description":"Yhteystiedot Yhteystiedot Kokoontumispaikka:Suomalainen KlubiEtel\u00e4ranta 1028100 Pori Kokoontumisaika:Maanantaisin klo 12.00-13.00 Presidentti Jari Taimip. 050 5977021jari.taimi@satacom.fi Sihteeri Juha-Matti Ojanper\u00e4p. 040 5051809juha-matti.ojanpera@porintilifakta.fi Muut t\u00e4rke\u00e4t yhteyshenkil\u00f6t\u00a0RahastonhoitajaJussi Vanhahonkop. 0400 506475jussivanhahonko@gmail.com &nbsp;","og_url":"https:\/\/rotary.fi\/porikarhunpaa\/yhteystiedot-9\/","og_site_name":"Pori Karhunp\u00e4\u00e4n Rotaryklubi","twitter_card":"summary_large_image","twitter_misc":{"Arvioitu lukuaika":"2 minuuttia"},"schema":{"@context":"https:\/\/schema.org","@graph":[{"@type":"WebPage","@id":"https:\/\/rotary.fi\/porikarhunpaa\/yhteystiedot-9\/","url":"https:\/\/rotary.fi\/porikarhunpaa\/yhteystiedot-9\/","name":"Yhteystiedot - Pori Karhunp\u00e4\u00e4n Rotaryklubi","isPartOf":{"@id":"https:\/\/rotary.fi\/porikarhunpaa\/#website"},"datePublished":"2019-03-23T15:06:16+00:00","breadcrumb":{"@id":"https:\/\/rotary.fi\/porikarhunpaa\/yhteystiedot-9\/#breadcrumb"},"inLanguage":"fi","potentialAction":[{"@type":"ReadAction","target":["https:\/\/rotary.fi\/porikarhunpaa\/yhteystiedot-9\/"]}]},{"@type":"BreadcrumbList","@id":"https:\/\/rotary.fi\/porikarhunpaa\/yhteystiedot-9\/#breadcrumb","itemListElement":[{"@type":"ListItem","position":1,"name":"Home","item":"https:\/\/rotary.fi\/porikarhunpaa\/"},{"@type":"ListItem","position":2,"name":"Yhteystiedot"}]},{"@type":"WebSite","@id":"https:\/\/rotary.fi\/porikarhunpaa\/#website","url":"https:\/\/rotary.fi\/porikarhunpaa\/","name":"Pori Karhunp\u00e4\u00e4n Rotaryklubi","description":"Uusi Rotary klubisivusto","potentialAction":[{"@type":"SearchAction","target":{"@type":"EntryPoint","urlTemplate":"https:\/\/rotary.fi\/porikarhunpaa\/?s={search_term_string}"},"query-input":{"@type":"PropertyValueSpecification","valueRequired":true,"valueName":"search_term_string"}}],"inLanguage":"fi"}]}},"lang":"fi","translations":{"fi":1499},"pll_sync_post":[],"_links":{"self":[{"href":"https:\/\/rotary.fi\/porikarhunpaa\/wp-json\/wp\/v2\/pages\/1499","targetHints":{"allow":["GET"]}}],"collection":[{"href":"https:\/\/rotary.fi\/porikarhunpaa\/wp-json\/wp\/v2\/pages"}],"about":[{"href":"https:\/\/rotary.fi\/porikarhunpaa\/wp-json\/wp\/v2\/types\/page"}],"author":[{"embeddable":true,"href":"https:\/\/rotary.fi\/porikarhunpaa\/wp-json\/wp\/v2\/users\/24"}],"replies":[{"embeddable":true,"href":"https:\/\/rotary.fi\/porikarhunpaa\/wp-json\/wp\/v2\/comments?post=1499"}],"version-history":[{"count":1,"href":"https:\/\/rotary.fi\/porikarhunpaa\/wp-json\/wp\/v2\/pages\/1499\/revisions"}],"predecessor-version":[{"id":1500,"href":"https:\/\/rotary.fi\/porikarhunpaa\/wp-json\/wp\/v2\/pages\/1499\/revisions\/1500"}],"wp:attachment":[{"href":"https:\/\/rotary.fi\/porikarhunpaa\/wp-json\/wp\/v2\/media?parent=1499"}],"curies":[{"name":"wp","href":"https:\/\/api.w.org\/{rel}","templated":true}]}}