{"id":1427,"date":"2019-03-23T12:02:55","date_gmt":"2019-03-23T10:02:55","guid":{"rendered":"https:\/\/rotary.fi\/porikarhunpaa\/?page_id=1427"},"modified":"2019-03-23T12:02:55","modified_gmt":"2019-03-23T10:02:55","slug":"hallitus-ja-toimihenkilot-3","status":"publish","type":"page","link":"https:\/\/rotary.fi\/porikarhunpaa\/keita-olemme-2\/hallitus-ja-toimihenkilot-3\/","title":{"rendered":"Hallitus ja toimihenkil\u00f6t"},"content":{"rendered":"<p>[et_pb_section bb_built=&#8221;1&#8243; module_class=&#8221;jumbotron-page&#8221; _builder_version=&#8221;3.17.2&#8243; background_image=&#8221;https:\/\/rotary.fi\/porikarhunpaa\/wp-content\/uploads\/sites\/29\/2018\/10\/rotary_klubit_alasivu_paakuva_12.jpg&#8221; next_background_color=&#8221;#ffffff&#8221;][et_pb_row _builder_version=&#8221;3.0.48&#8243; background_size=&#8221;initial&#8221; background_position=&#8221;top_left&#8221; background_repeat=&#8221;repeat&#8221;][et_pb_column type=&#8221;4_4&#8243;][et_pb_text admin_label=&#8221;P\u00e4\u00e4otsikko&#8221; _builder_version=&#8221;3.4.1&#8243; text_orientation=&#8221;center&#8221; background_layout=&#8221;dark&#8221;]<\/p>\n<h1>Hallitus ja toimihenkil\u00f6t<\/h1>\n<p>[\/et_pb_text][\/et_pb_column][\/et_pb_row][\/et_pb_section][et_pb_section bb_built=&#8221;1&#8243; specialty=&#8221;on&#8221; module_class_2=&#8221;sivupalkki&#8221; _builder_version=&#8221;3.4.1&#8243; prev_background_color=&#8221;#000000&#8243;][et_pb_column type=&#8221;2_3&#8243; specialty_columns=&#8221;2&#8243;][et_pb_row_inner admin_label=&#8221;Rivi&#8221; _builder_version=&#8221;3.0.47&#8243;][et_pb_column_inner type=&#8221;4_4&#8243; saved_specialty_column_type=&#8221;2_3&#8243;][et_pb_text admin_label=&#8221;Otsikko&#8221; _builder_version=&#8221;3.4.1&#8243; text_orientation=&#8221;center&#8221;]<\/p>\n<h1>Hallitus ja toimihenkil\u00f6t<\/h1>\n<p>[\/et_pb_text][\/et_pb_column_inner][\/et_pb_row_inner][et_pb_row_inner admin_label=&#8221;Rivi&#8221; _builder_version=&#8221;3.0.47&#8243;][et_pb_column_inner type=&#8221;1_2&#8243; saved_specialty_column_type=&#8221;2_3&#8243;][et_pb_team_member admin_label=&#8221;Presidentti&#8221; name=&#8221;Jari Taimi&#8221; position=&#8221;Presidentti&#8221; image_url=&#8221;https:\/\/rotary.fi\/klubi2\/wp-content\/uploads\/sites\/29\/2018\/08\/henkilokuva_placeholder.jpg&#8221; _builder_version=&#8221;3.21&#8243;]<\/p>\n<p>Karhunp\u00e4\u00e4n rotaryklubi<br \/>p. 050 5977021<br \/>S\u00e4hk\u00f6posti: jari.taimi@satacom.fi<\/p>\n<p>[\/et_pb_team_member][\/et_pb_column_inner][et_pb_column_inner type=&#8221;1_2&#8243; saved_specialty_column_type=&#8221;2_3&#8243;][et_pb_text _builder_version=&#8221;3.19.5&#8243; text_line_height=&#8221;1em&#8221;]<\/p>\n<h2>Hallitus<\/h2>\n<p><strong>Presidentti 2018-2019\u00a0<\/strong><\/p>\n<p><strong>Tuleva presidentti<\/strong> Jari Taimi<br \/><strong>Past presidentti<\/strong> Juha-Matti Ojanper\u00e4<br \/><strong>Sihteeri<\/strong>\u00a0Juha-Matti Ojanper\u00e4<br \/><strong>Rahastonhoitaja<\/strong> Jussi Vanhahonko<br \/><strong>IT-vastaava<\/strong> Jussi Vanhahonko<br \/><strong>Klubikouluttaja<\/strong>\u00a0Kari Kontula<\/p>\n<h2>Julkisuuskuvatoimikunta<\/h2>\n<p><strong>Puheenjohtaja<\/strong> Jari Taimi<\/p>\n<h2>Palvelutoimikunta<\/h2>\n<p><strong>VT Puheenjohtaja<\/strong> Jussi Vanhahonko<\/p>\n<h2>Rotarys\u00e4\u00e4ti\u00f6toimikunta<\/h2>\n<p><strong>Puheenjohtaja<\/strong> Kari Kontula<\/p>\n<p>[\/et_pb_text][\/et_pb_column_inner][\/et_pb_row_inner][\/et_pb_column][et_pb_column type=&#8221;1_3&#8243;][et_pb_sidebar area=&#8221;sidebar-1&#8243; module_class=&#8221;sivupalkki_sisalto&#8221; _builder_version=&#8221;3.4.1&#8243; locked=&#8221;on&#8221;]<\/p>\n<p>[\/et_pb_sidebar][\/et_pb_column][\/et_pb_section]<\/p>\n","protected":false},"excerpt":{"rendered":"<p>Hallitus ja toimihenkil\u00f6t Hallitus ja toimihenkil\u00f6t Karhunp\u00e4\u00e4n rotaryklubip. 050 5977021S\u00e4hk\u00f6posti: jari.taimi@satacom.fi Hallitus Presidentti 2018-2019\u00a0 Tuleva presidentti Jari TaimiPast presidentti Juha-Matti Ojanper\u00e4Sihteeri\u00a0Juha-Matti Ojanper\u00e4Rahastonhoitaja Jussi VanhahonkoIT-vastaava Jussi VanhahonkoKlubikouluttaja\u00a0Kari Kontula Julkisuuskuvatoimikunta Puheenjohtaja Jari Taimi Palvelutoimikunta VT Puheenjohtaja Jussi Vanhahonko Rotarys\u00e4\u00e4ti\u00f6toimikunta Puheenjohtaja Kari Kontula<\/p>\n","protected":false},"author":24,"featured_media":0,"parent":129,"menu_order":0,"comment_status":"closed","ping_status":"closed","template":"","meta":{"_acf_changed":false,"_et_pb_use_builder":"on","_et_pb_old_content":"","_et_gb_content_width":"","footnotes":""},"class_list":["post-1427","page","type-page","status-publish","hentry"],"acf":[],"yoast_head":"<!-- This site is optimized with the Yoast SEO plugin v27.4 - https:\/\/yoast.com\/product\/yoast-seo-wordpress\/ -->\n<title>Hallitus ja toimihenkil\u00f6t - Pori Karhunp\u00e4\u00e4n Rotaryklubi<\/title>\n<meta name=\"robots\" content=\"index, follow, max-snippet:-1, max-image-preview:large, max-video-preview:-1\" \/>\n<link rel=\"canonical\" href=\"https:\/\/rotary.fi\/porikarhunpaa\/keita-olemme-2\/hallitus-ja-toimihenkilot-3\/\" \/>\n<meta property=\"og:locale\" content=\"fi_FI\" \/>\n<meta property=\"og:type\" content=\"article\" \/>\n<meta property=\"og:title\" content=\"Hallitus ja toimihenkil\u00f6t - Pori Karhunp\u00e4\u00e4n Rotaryklubi\" \/>\n<meta property=\"og:description\" content=\"Hallitus ja toimihenkil\u00f6t Hallitus ja toimihenkil\u00f6t Karhunp\u00e4\u00e4n rotaryklubip. 050 5977021S\u00e4hk\u00f6posti: jari.taimi@satacom.fi Hallitus Presidentti 2018-2019\u00a0 Tuleva presidentti Jari TaimiPast presidentti Juha-Matti Ojanper\u00e4Sihteeri\u00a0Juha-Matti Ojanper\u00e4Rahastonhoitaja Jussi VanhahonkoIT-vastaava Jussi VanhahonkoKlubikouluttaja\u00a0Kari Kontula Julkisuuskuvatoimikunta Puheenjohtaja Jari Taimi Palvelutoimikunta VT Puheenjohtaja Jussi Vanhahonko Rotarys\u00e4\u00e4ti\u00f6toimikunta Puheenjohtaja Kari Kontula\" \/>\n<meta property=\"og:url\" content=\"https:\/\/rotary.fi\/porikarhunpaa\/keita-olemme-2\/hallitus-ja-toimihenkilot-3\/\" \/>\n<meta property=\"og:site_name\" content=\"Pori Karhunp\u00e4\u00e4n Rotaryklubi\" \/>\n<meta name=\"twitter:card\" content=\"summary_large_image\" \/>\n<meta name=\"twitter:label1\" content=\"Arvioitu lukuaika\" \/>\n\t<meta name=\"twitter:data1\" content=\"1 minuutti\" \/>\n<script type=\"application\/ld+json\" class=\"yoast-schema-graph\">{\"@context\":\"https:\\\/\\\/schema.org\",\"@graph\":[{\"@type\":\"WebPage\",\"@id\":\"https:\\\/\\\/rotary.fi\\\/porikarhunpaa\\\/keita-olemme-2\\\/hallitus-ja-toimihenkilot-3\\\/\",\"url\":\"https:\\\/\\\/rotary.fi\\\/porikarhunpaa\\\/keita-olemme-2\\\/hallitus-ja-toimihenkilot-3\\\/\",\"name\":\"Hallitus ja toimihenkil\u00f6t - Pori Karhunp\u00e4\u00e4n Rotaryklubi\",\"isPartOf\":{\"@id\":\"https:\\\/\\\/rotary.fi\\\/porikarhunpaa\\\/#website\"},\"datePublished\":\"2019-03-23T10:02:55+00:00\",\"breadcrumb\":{\"@id\":\"https:\\\/\\\/rotary.fi\\\/porikarhunpaa\\\/keita-olemme-2\\\/hallitus-ja-toimihenkilot-3\\\/#breadcrumb\"},\"inLanguage\":\"fi\",\"potentialAction\":[{\"@type\":\"ReadAction\",\"target\":[\"https:\\\/\\\/rotary.fi\\\/porikarhunpaa\\\/keita-olemme-2\\\/hallitus-ja-toimihenkilot-3\\\/\"]}]},{\"@type\":\"BreadcrumbList\",\"@id\":\"https:\\\/\\\/rotary.fi\\\/porikarhunpaa\\\/keita-olemme-2\\\/hallitus-ja-toimihenkilot-3\\\/#breadcrumb\",\"itemListElement\":[{\"@type\":\"ListItem\",\"position\":1,\"name\":\"Home\",\"item\":\"https:\\\/\\\/rotary.fi\\\/porikarhunpaa\\\/\"},{\"@type\":\"ListItem\",\"position\":2,\"name\":\"Keit\u00e4 olemme\",\"item\":\"https:\\\/\\\/rotary.fi\\\/porikarhunpaa\\\/keita-olemme-2\\\/\"},{\"@type\":\"ListItem\",\"position\":3,\"name\":\"Hallitus ja toimihenkil\u00f6t\"}]},{\"@type\":\"WebSite\",\"@id\":\"https:\\\/\\\/rotary.fi\\\/porikarhunpaa\\\/#website\",\"url\":\"https:\\\/\\\/rotary.fi\\\/porikarhunpaa\\\/\",\"name\":\"Pori Karhunp\u00e4\u00e4n Rotaryklubi\",\"description\":\"Uusi Rotary klubisivusto\",\"potentialAction\":[{\"@type\":\"SearchAction\",\"target\":{\"@type\":\"EntryPoint\",\"urlTemplate\":\"https:\\\/\\\/rotary.fi\\\/porikarhunpaa\\\/?s={search_term_string}\"},\"query-input\":{\"@type\":\"PropertyValueSpecification\",\"valueRequired\":true,\"valueName\":\"search_term_string\"}}],\"inLanguage\":\"fi\"}]}<\/script>\n<!-- \/ Yoast SEO plugin. -->","yoast_head_json":{"title":"Hallitus ja toimihenkil\u00f6t - Pori Karhunp\u00e4\u00e4n Rotaryklubi","robots":{"index":"index","follow":"follow","max-snippet":"max-snippet:-1","max-image-preview":"max-image-preview:large","max-video-preview":"max-video-preview:-1"},"canonical":"https:\/\/rotary.fi\/porikarhunpaa\/keita-olemme-2\/hallitus-ja-toimihenkilot-3\/","og_locale":"fi_FI","og_type":"article","og_title":"Hallitus ja toimihenkil\u00f6t - Pori Karhunp\u00e4\u00e4n Rotaryklubi","og_description":"Hallitus ja toimihenkil\u00f6t Hallitus ja toimihenkil\u00f6t Karhunp\u00e4\u00e4n rotaryklubip. 050 5977021S\u00e4hk\u00f6posti: jari.taimi@satacom.fi Hallitus Presidentti 2018-2019\u00a0 Tuleva presidentti Jari TaimiPast presidentti Juha-Matti Ojanper\u00e4Sihteeri\u00a0Juha-Matti Ojanper\u00e4Rahastonhoitaja Jussi VanhahonkoIT-vastaava Jussi VanhahonkoKlubikouluttaja\u00a0Kari Kontula Julkisuuskuvatoimikunta Puheenjohtaja Jari Taimi Palvelutoimikunta VT Puheenjohtaja Jussi Vanhahonko Rotarys\u00e4\u00e4ti\u00f6toimikunta Puheenjohtaja Kari Kontula","og_url":"https:\/\/rotary.fi\/porikarhunpaa\/keita-olemme-2\/hallitus-ja-toimihenkilot-3\/","og_site_name":"Pori Karhunp\u00e4\u00e4n Rotaryklubi","twitter_card":"summary_large_image","twitter_misc":{"Arvioitu lukuaika":"1 minuutti"},"schema":{"@context":"https:\/\/schema.org","@graph":[{"@type":"WebPage","@id":"https:\/\/rotary.fi\/porikarhunpaa\/keita-olemme-2\/hallitus-ja-toimihenkilot-3\/","url":"https:\/\/rotary.fi\/porikarhunpaa\/keita-olemme-2\/hallitus-ja-toimihenkilot-3\/","name":"Hallitus ja toimihenkil\u00f6t - Pori Karhunp\u00e4\u00e4n Rotaryklubi","isPartOf":{"@id":"https:\/\/rotary.fi\/porikarhunpaa\/#website"},"datePublished":"2019-03-23T10:02:55+00:00","breadcrumb":{"@id":"https:\/\/rotary.fi\/porikarhunpaa\/keita-olemme-2\/hallitus-ja-toimihenkilot-3\/#breadcrumb"},"inLanguage":"fi","potentialAction":[{"@type":"ReadAction","target":["https:\/\/rotary.fi\/porikarhunpaa\/keita-olemme-2\/hallitus-ja-toimihenkilot-3\/"]}]},{"@type":"BreadcrumbList","@id":"https:\/\/rotary.fi\/porikarhunpaa\/keita-olemme-2\/hallitus-ja-toimihenkilot-3\/#breadcrumb","itemListElement":[{"@type":"ListItem","position":1,"name":"Home","item":"https:\/\/rotary.fi\/porikarhunpaa\/"},{"@type":"ListItem","position":2,"name":"Keit\u00e4 olemme","item":"https:\/\/rotary.fi\/porikarhunpaa\/keita-olemme-2\/"},{"@type":"ListItem","position":3,"name":"Hallitus ja toimihenkil\u00f6t"}]},{"@type":"WebSite","@id":"https:\/\/rotary.fi\/porikarhunpaa\/#website","url":"https:\/\/rotary.fi\/porikarhunpaa\/","name":"Pori Karhunp\u00e4\u00e4n Rotaryklubi","description":"Uusi Rotary klubisivusto","potentialAction":[{"@type":"SearchAction","target":{"@type":"EntryPoint","urlTemplate":"https:\/\/rotary.fi\/porikarhunpaa\/?s={search_term_string}"},"query-input":{"@type":"PropertyValueSpecification","valueRequired":true,"valueName":"search_term_string"}}],"inLanguage":"fi"}]}},"lang":"fi","translations":{"fi":1427},"pll_sync_post":[],"_links":{"self":[{"href":"https:\/\/rotary.fi\/porikarhunpaa\/wp-json\/wp\/v2\/pages\/1427","targetHints":{"allow":["GET"]}}],"collection":[{"href":"https:\/\/rotary.fi\/porikarhunpaa\/wp-json\/wp\/v2\/pages"}],"about":[{"href":"https:\/\/rotary.fi\/porikarhunpaa\/wp-json\/wp\/v2\/types\/page"}],"author":[{"embeddable":true,"href":"https:\/\/rotary.fi\/porikarhunpaa\/wp-json\/wp\/v2\/users\/24"}],"replies":[{"embeddable":true,"href":"https:\/\/rotary.fi\/porikarhunpaa\/wp-json\/wp\/v2\/comments?post=1427"}],"version-history":[{"count":1,"href":"https:\/\/rotary.fi\/porikarhunpaa\/wp-json\/wp\/v2\/pages\/1427\/revisions"}],"predecessor-version":[{"id":1428,"href":"https:\/\/rotary.fi\/porikarhunpaa\/wp-json\/wp\/v2\/pages\/1427\/revisions\/1428"}],"up":[{"embeddable":true,"href":"https:\/\/rotary.fi\/porikarhunpaa\/wp-json\/wp\/v2\/pages\/129"}],"wp:attachment":[{"href":"https:\/\/rotary.fi\/porikarhunpaa\/wp-json\/wp\/v2\/media?parent=1427"}],"curies":[{"name":"wp","href":"https:\/\/api.w.org\/{rel}","templated":true}]}}