{"id":138,"date":"2018-08-10T14:01:44","date_gmt":"2018-08-10T11:01:44","guid":{"rendered":"https:\/\/rotary.fi\/klubi2\/?page_id=138"},"modified":"2025-08-13T20:36:24","modified_gmt":"2025-08-13T17:36:24","slug":"vuositeema","status":"publish","type":"page","link":"https:\/\/rotary.fi\/porikarhunpaa\/keita-olemme-2\/vuositeema\/","title":{"rendered":"Vuositeema"},"content":{"rendered":"<p>[et_pb_section fb_built=&#8221;1&#8243; module_class=&#8221;jumbotron-page&#8221; _builder_version=&#8221;4.16&#8243; background_image=&#8221;https:\/\/rotary.fi\/porikarhunpaa\/wp-content\/uploads\/sites\/29\/2018\/08\/rotary_klubit_alasivu_paakuva_7.jpg&#8221; global_colors_info=&#8221;{}&#8221;][et_pb_row _builder_version=&#8221;4.16&#8243; background_size=&#8221;initial&#8221; background_position=&#8221;top_left&#8221; background_repeat=&#8221;repeat&#8221; global_colors_info=&#8221;{}&#8221;][et_pb_column type=&#8221;4_4&#8243; _builder_version=&#8221;4.16&#8243; custom_padding=&#8221;|||&#8221; global_colors_info=&#8221;{}&#8221; custom_padding__hover=&#8221;|||&#8221;][et_pb_text admin_label=&#8221;P\u00e4\u00e4otsikko&#8221; _builder_version=&#8221;4.16&#8243; text_orientation=&#8221;center&#8221; background_layout=&#8221;dark&#8221; global_colors_info=&#8221;{}&#8221;]<\/p>\n<h1>Vuositeema<\/h1>\n<p>&nbsp;<\/p>\n<p>[\/et_pb_text][\/et_pb_column][\/et_pb_row][\/et_pb_section][et_pb_section fb_built=&#8221;1&#8243; specialty=&#8221;on&#8221; module_class_2=&#8221;sivupalkki&#8221; _builder_version=&#8221;4.16&#8243; global_colors_info=&#8221;{}&#8221;][et_pb_column type=&#8221;2_3&#8243; specialty_columns=&#8221;2&#8243; _builder_version=&#8221;4.16&#8243; custom_padding=&#8221;|||&#8221; global_colors_info=&#8221;{}&#8221; custom_padding__hover=&#8221;|||&#8221;][et_pb_row_inner column_structure=&#8221;1_2,1_2&#8243; _builder_version=&#8221;4.16&#8243; global_colors_info=&#8221;{}&#8221;][et_pb_column_inner type=&#8221;1_2&#8243; saved_specialty_column_type=&#8221;2_3&#8243; _builder_version=&#8221;4.16&#8243; global_colors_info=&#8221;{}&#8221;][et_pb_image src=&#8221;https:\/\/rotary.fi\/porikarhunpaa\/wp-content\/uploads\/sites\/29\/2025\/08\/unite-for-good.jpg&#8221; _builder_version=&#8221;4.27.4&#8243; _module_preset=&#8221;default&#8221; title_text=&#8221;unite-for-good&#8221; hover_enabled=&#8221;0&#8243; sticky_enabled=&#8221;0&#8243;][\/et_pb_image][\/et_pb_column_inner][et_pb_column_inner type=&#8221;1_2&#8243; saved_specialty_column_type=&#8221;2_3&#8243; _builder_version=&#8221;4.16&#8243; global_colors_info=&#8221;{}&#8221;][et_pb_image title_text=&#8221;theme-2021-22-pieni-logo-en-300&#215;282&#8243; admin_label=&#8221;Kuva&#8221; _builder_version=&#8221;4.22.1&#8243; global_colors_info=&#8221;{}&#8221;][\/et_pb_image][\/et_pb_column_inner][\/et_pb_row_inner][et_pb_row_inner admin_label=&#8221;Rivi&#8221; _builder_version=&#8221;4.16&#8243; global_colors_info=&#8221;{}&#8221;][et_pb_column_inner saved_specialty_column_type=&#8221;2_3&#8243; _builder_version=&#8221;4.16&#8243; custom_padding=&#8221;|||&#8221; global_colors_info=&#8221;{}&#8221; custom_padding__hover=&#8221;|||&#8221;][et_pb_text admin_label=&#8221;Rotary Internationalin vuositeema &#8211; Otsikko&#8221; _builder_version=&#8221;4.16&#8243; text_orientation=&#8221;center&#8221; global_colors_info=&#8221;{}&#8221;]<\/p>\n<h1>Rotary Internationalin vuositeema<\/h1>\n<p>[\/et_pb_text][et_pb_text _builder_version=&#8221;4.16&#8243; header_2_text_color=&#8221;#0c71c3&#8243; header_3_text_color=&#8221;#0c71c3&#8243; header_4_text_color=&#8221;#0c71c3&#8243; height=&#8221;854px&#8221; custom_margin=&#8221;||-256px|||&#8221; custom_padding=&#8221;9px|||||&#8221; z_index_tablet=&#8221;500&#8243; text_text_shadow_horizontal_length_tablet=&#8221;0px&#8221; text_text_shadow_vertical_length_tablet=&#8221;0px&#8221; text_text_shadow_blur_strength_tablet=&#8221;1px&#8221; link_text_shadow_horizontal_length_tablet=&#8221;0px&#8221; link_text_shadow_vertical_length_tablet=&#8221;0px&#8221; link_text_shadow_blur_strength_tablet=&#8221;1px&#8221; ul_text_shadow_horizontal_length_tablet=&#8221;0px&#8221; ul_text_shadow_vertical_length_tablet=&#8221;0px&#8221; ul_text_shadow_blur_strength_tablet=&#8221;1px&#8221; ol_text_shadow_horizontal_length_tablet=&#8221;0px&#8221; ol_text_shadow_vertical_length_tablet=&#8221;0px&#8221; ol_text_shadow_blur_strength_tablet=&#8221;1px&#8221; quote_text_shadow_horizontal_length_tablet=&#8221;0px&#8221; quote_text_shadow_vertical_length_tablet=&#8221;0px&#8221; quote_text_shadow_blur_strength_tablet=&#8221;1px&#8221; header_text_shadow_horizontal_length_tablet=&#8221;0px&#8221; header_text_shadow_vertical_length_tablet=&#8221;0px&#8221; header_text_shadow_blur_strength_tablet=&#8221;1px&#8221; header_2_text_shadow_horizontal_length_tablet=&#8221;0px&#8221; header_2_text_shadow_vertical_length_tablet=&#8221;0px&#8221; header_2_text_shadow_blur_strength_tablet=&#8221;1px&#8221; header_3_text_shadow_horizontal_length_tablet=&#8221;0px&#8221; header_3_text_shadow_vertical_length_tablet=&#8221;0px&#8221; header_3_text_shadow_blur_strength_tablet=&#8221;1px&#8221; header_4_text_shadow_horizontal_length_tablet=&#8221;0px&#8221; header_4_text_shadow_vertical_length_tablet=&#8221;0px&#8221; header_4_text_shadow_blur_strength_tablet=&#8221;1px&#8221; header_5_text_shadow_horizontal_length_tablet=&#8221;0px&#8221; header_5_text_shadow_vertical_length_tablet=&#8221;0px&#8221; header_5_text_shadow_blur_strength_tablet=&#8221;1px&#8221; header_6_text_shadow_horizontal_length_tablet=&#8221;0px&#8221; header_6_text_shadow_vertical_length_tablet=&#8221;0px&#8221; header_6_text_shadow_blur_strength_tablet=&#8221;1px&#8221; box_shadow_horizontal_tablet=&#8221;0px&#8221; box_shadow_vertical_tablet=&#8221;0px&#8221; box_shadow_blur_tablet=&#8221;40px&#8221; box_shadow_spread_tablet=&#8221;0px&#8221; inline_fonts=&#8221;Aclonica,Times New Roman&#8221; global_colors_info=&#8221;{}&#8221;]<\/p>\n<p><strong>Rotaryvuonna 2025\u20142026 RI:n presidenttin\u00e4 on Francesco Arezzo,<span> Ragusan rotaryklubin j\u00e4sen, Italia<\/span><\/strong><\/p>\n<p><span style=\"font-family: 'Times New Roman';font-size: xx-large;color: #019fcb\"><\/span><\/p>\n<p><strong><span style=\"font-family: 'Times New Roman';font-size: xx-large;color: #019fcb\"><span>Francesco ArezzoN vuositeema 2025 \u2013 2024 on &#8217;Unite for Good&#8217; = &#8217;<\/span><\/span><\/strong><strong><span style=\"font-family: 'Times New Roman';font-size: xx-large;color: #019fcb\"><span>Yhdistyk\u00e4\u00e4 hyv\u00e4\u00e4n&#8217;<\/span><\/span><\/strong><span>\u00a0<\/span><\/p>\n<p><span>Aloitamme t\u00e4m\u00e4n vuoden selke\u00e4ll\u00e4 viestill\u00e4: Unite for Good. Se on yksinkertainen lause, mutta voimakas. Koska jokaisen onnistuneen rotaryponnistelun, jokaisen palveluksen, jokaisen uuden j\u00e4senen toivottamisen ja jokaisen maailmanlaajuisen haasteen takana on kaksi t\u00e4rkeint\u00e4 asiaa: yst\u00e4vyys ja luottamus.<\/span><\/p>\n<p>N\u00e4in rakennamme vahvoja klubeja. N\u00e4in luomme merkityksellisi\u00e4 kumppanuuksia ja muutamme globaalit ongelmat paikallisiksi ratkaisuiksi. Se on my\u00f6s tapa, jolla johdamme \u2013 ei titteleiden tai suosionosoitusten kautta, vaan n\u00f6yr\u00e4sti, inhimillisesti ja syd\u00e4mell\u00e4. Palveluprojektien kautta Rotary kokoaa yhteen jokaisen taustan ihmiset \u2013 rotujen, uskontojen ja ammattien v\u00e4lill\u00e4 \u2013 yhteiseen teht\u00e4v\u00e4\u00e4n tehd\u00e4 hyv\u00e4\u00e4 yhteis\u00f6iss\u00e4\u00e4n<\/p>\n<p>&nbsp;<\/p>\n<p>[\/et_pb_text][\/et_pb_column_inner][\/et_pb_row_inner][et_pb_row_inner admin_label=&#8221;Rivi&#8221; _builder_version=&#8221;4.16&#8243; global_colors_info=&#8221;{}&#8221;][et_pb_column_inner saved_specialty_column_type=&#8221;2_3&#8243; _builder_version=&#8221;4.16&#8243; custom_padding=&#8221;|||&#8221; global_colors_info=&#8221;{}&#8221; custom_padding__hover=&#8221;|||&#8221;][et_pb_text admin_label=&#8221;Klubin vuositeema &#8211; Otsikko&#8221; _builder_version=&#8221;4.16&#8243; text_orientation=&#8221;center&#8221; global_colors_info=&#8221;{}&#8221;]<\/p>\n<h4>Karhunp\u00e4\u00e4n Rotaryklubin vuositeema\u00a0<\/h4>\n<p>[\/et_pb_text][et_pb_text _builder_version=&#8221;4.16&#8243; global_colors_info=&#8221;{}&#8221;]<\/p>\n<p class=\"p1\"><span class=\"s1\">Oma klubimme keskittyy j\u00e4senten aktivoimiseen ja klubin julkisuuskuvan kehitt\u00e4miseen. Tahdomme tehd\u00e4 Rotaryn saavutukset n\u00e4kyv\u00e4mm\u00e4ksi. Aktivoidumme yh\u00e4 voimakkaammin nuorten ja heid\u00e4n perheidens\u00e4 suuntaan tukeaksemme heid\u00e4n kasvuaan kohti toimintakykyist\u00e4, hyvinvoivaa aikuisuutta.<\/span><\/p>\n<p>[\/et_pb_text][\/et_pb_column_inner][\/et_pb_row_inner][\/et_pb_column][et_pb_column type=&#8221;1_3&#8243; _builder_version=&#8221;4.16&#8243; custom_padding=&#8221;|||&#8221; global_colors_info=&#8221;{}&#8221; custom_padding__hover=&#8221;|||&#8221;][et_pb_sidebar area=&#8221;sidebar-1&#8243; module_class=&#8221;sivupalkki_sisalto&#8221; _builder_version=&#8221;4.16&#8243; locked=&#8221;on&#8221; global_colors_info=&#8221;{}&#8221;][\/et_pb_sidebar][\/et_pb_column][\/et_pb_section]<\/p>\n","protected":false},"excerpt":{"rendered":"<p>Vuositeema &nbsp; Rotary Internationalin vuositeema Rotaryvuonna 2025\u20142026 RI:n presidenttin\u00e4 on Francesco Arezzo, Ragusan rotaryklubin j\u00e4sen, Italia Francesco ArezzoN vuositeema 2025 \u2013 2024 on &#8217;Unite for Good&#8217; = &#8217;Yhdistyk\u00e4\u00e4 hyv\u00e4\u00e4n&#8217;\u00a0 Aloitamme t\u00e4m\u00e4n vuoden selke\u00e4ll\u00e4 viestill\u00e4: Unite for Good. Se on yksinkertainen lause, mutta voimakas. Koska jokaisen onnistuneen rotaryponnistelun, jokaisen palveluksen, jokaisen uuden j\u00e4senen toivottamisen ja jokaisen [&hellip;]<\/p>\n","protected":false},"author":1,"featured_media":0,"parent":129,"menu_order":0,"comment_status":"closed","ping_status":"closed","template":"","meta":{"_acf_changed":false,"_et_pb_use_builder":"on","_et_pb_old_content":"","_et_gb_content_width":"","footnotes":""},"class_list":["post-138","page","type-page","status-publish","hentry"],"acf":[],"yoast_head":"<!-- This site is optimized with the Yoast SEO plugin v27.0 - https:\/\/yoast.com\/product\/yoast-seo-wordpress\/ -->\n<title>Vuositeema - Pori Karhunp\u00e4\u00e4n Rotaryklubi<\/title>\n<meta name=\"robots\" content=\"index, follow, max-snippet:-1, max-image-preview:large, max-video-preview:-1\" \/>\n<link rel=\"canonical\" href=\"https:\/\/rotary.fi\/porikarhunpaa\/keita-olemme-2\/vuositeema\/\" \/>\n<meta property=\"og:locale\" content=\"fi_FI\" \/>\n<meta property=\"og:type\" content=\"article\" \/>\n<meta property=\"og:title\" content=\"Vuositeema - Pori Karhunp\u00e4\u00e4n Rotaryklubi\" \/>\n<meta property=\"og:description\" content=\"Vuositeema &nbsp; Rotary Internationalin vuositeema Rotaryvuonna 2025\u20142026 RI:n presidenttin\u00e4 on Francesco Arezzo, Ragusan rotaryklubin j\u00e4sen, Italia Francesco ArezzoN vuositeema 2025 \u2013 2024 on &#039;Unite for Good&#039; = &#039;Yhdistyk\u00e4\u00e4 hyv\u00e4\u00e4n&#039;\u00a0 Aloitamme t\u00e4m\u00e4n vuoden selke\u00e4ll\u00e4 viestill\u00e4: Unite for Good. Se on yksinkertainen lause, mutta voimakas. Koska jokaisen onnistuneen rotaryponnistelun, jokaisen palveluksen, jokaisen uuden j\u00e4senen toivottamisen ja jokaisen [&hellip;]\" \/>\n<meta property=\"og:url\" content=\"https:\/\/rotary.fi\/porikarhunpaa\/keita-olemme-2\/vuositeema\/\" \/>\n<meta property=\"og:site_name\" content=\"Pori Karhunp\u00e4\u00e4n Rotaryklubi\" \/>\n<meta property=\"article:modified_time\" content=\"2025-08-13T17:36:24+00:00\" \/>\n<meta name=\"twitter:card\" content=\"summary_large_image\" \/>\n<meta name=\"twitter:label1\" content=\"Arvioitu lukuaika\" \/>\n\t<meta name=\"twitter:data1\" content=\"2 minuuttia\" \/>\n<script type=\"application\/ld+json\" class=\"yoast-schema-graph\">{\"@context\":\"https:\/\/schema.org\",\"@graph\":[{\"@type\":\"WebPage\",\"@id\":\"https:\/\/rotary.fi\/porikarhunpaa\/keita-olemme-2\/vuositeema\/\",\"url\":\"https:\/\/rotary.fi\/porikarhunpaa\/keita-olemme-2\/vuositeema\/\",\"name\":\"Vuositeema - Pori Karhunp\u00e4\u00e4n Rotaryklubi\",\"isPartOf\":{\"@id\":\"https:\/\/rotary.fi\/porikarhunpaa\/#website\"},\"datePublished\":\"2018-08-10T11:01:44+00:00\",\"dateModified\":\"2025-08-13T17:36:24+00:00\",\"breadcrumb\":{\"@id\":\"https:\/\/rotary.fi\/porikarhunpaa\/keita-olemme-2\/vuositeema\/#breadcrumb\"},\"inLanguage\":\"fi\",\"potentialAction\":[{\"@type\":\"ReadAction\",\"target\":[\"https:\/\/rotary.fi\/porikarhunpaa\/keita-olemme-2\/vuositeema\/\"]}]},{\"@type\":\"BreadcrumbList\",\"@id\":\"https:\/\/rotary.fi\/porikarhunpaa\/keita-olemme-2\/vuositeema\/#breadcrumb\",\"itemListElement\":[{\"@type\":\"ListItem\",\"position\":1,\"name\":\"Home\",\"item\":\"https:\/\/rotary.fi\/porikarhunpaa\/\"},{\"@type\":\"ListItem\",\"position\":2,\"name\":\"Keit\u00e4 olemme\",\"item\":\"https:\/\/rotary.fi\/porikarhunpaa\/keita-olemme-2\/\"},{\"@type\":\"ListItem\",\"position\":3,\"name\":\"Vuositeema\"}]},{\"@type\":\"WebSite\",\"@id\":\"https:\/\/rotary.fi\/porikarhunpaa\/#website\",\"url\":\"https:\/\/rotary.fi\/porikarhunpaa\/\",\"name\":\"Pori Karhunp\u00e4\u00e4n Rotaryklubi\",\"description\":\"Uusi Rotary klubisivusto\",\"potentialAction\":[{\"@type\":\"SearchAction\",\"target\":{\"@type\":\"EntryPoint\",\"urlTemplate\":\"https:\/\/rotary.fi\/porikarhunpaa\/?s={search_term_string}\"},\"query-input\":{\"@type\":\"PropertyValueSpecification\",\"valueRequired\":true,\"valueName\":\"search_term_string\"}}],\"inLanguage\":\"fi\"}]}<\/script>\n<!-- \/ Yoast SEO plugin. -->","yoast_head_json":{"title":"Vuositeema - Pori Karhunp\u00e4\u00e4n Rotaryklubi","robots":{"index":"index","follow":"follow","max-snippet":"max-snippet:-1","max-image-preview":"max-image-preview:large","max-video-preview":"max-video-preview:-1"},"canonical":"https:\/\/rotary.fi\/porikarhunpaa\/keita-olemme-2\/vuositeema\/","og_locale":"fi_FI","og_type":"article","og_title":"Vuositeema - Pori Karhunp\u00e4\u00e4n Rotaryklubi","og_description":"Vuositeema &nbsp; Rotary Internationalin vuositeema Rotaryvuonna 2025\u20142026 RI:n presidenttin\u00e4 on Francesco Arezzo, Ragusan rotaryklubin j\u00e4sen, Italia Francesco ArezzoN vuositeema 2025 \u2013 2024 on 'Unite for Good' = 'Yhdistyk\u00e4\u00e4 hyv\u00e4\u00e4n'\u00a0 Aloitamme t\u00e4m\u00e4n vuoden selke\u00e4ll\u00e4 viestill\u00e4: Unite for Good. Se on yksinkertainen lause, mutta voimakas. Koska jokaisen onnistuneen rotaryponnistelun, jokaisen palveluksen, jokaisen uuden j\u00e4senen toivottamisen ja jokaisen [&hellip;]","og_url":"https:\/\/rotary.fi\/porikarhunpaa\/keita-olemme-2\/vuositeema\/","og_site_name":"Pori Karhunp\u00e4\u00e4n Rotaryklubi","article_modified_time":"2025-08-13T17:36:24+00:00","twitter_card":"summary_large_image","twitter_misc":{"Arvioitu lukuaika":"2 minuuttia"},"schema":{"@context":"https:\/\/schema.org","@graph":[{"@type":"WebPage","@id":"https:\/\/rotary.fi\/porikarhunpaa\/keita-olemme-2\/vuositeema\/","url":"https:\/\/rotary.fi\/porikarhunpaa\/keita-olemme-2\/vuositeema\/","name":"Vuositeema - Pori Karhunp\u00e4\u00e4n Rotaryklubi","isPartOf":{"@id":"https:\/\/rotary.fi\/porikarhunpaa\/#website"},"datePublished":"2018-08-10T11:01:44+00:00","dateModified":"2025-08-13T17:36:24+00:00","breadcrumb":{"@id":"https:\/\/rotary.fi\/porikarhunpaa\/keita-olemme-2\/vuositeema\/#breadcrumb"},"inLanguage":"fi","potentialAction":[{"@type":"ReadAction","target":["https:\/\/rotary.fi\/porikarhunpaa\/keita-olemme-2\/vuositeema\/"]}]},{"@type":"BreadcrumbList","@id":"https:\/\/rotary.fi\/porikarhunpaa\/keita-olemme-2\/vuositeema\/#breadcrumb","itemListElement":[{"@type":"ListItem","position":1,"name":"Home","item":"https:\/\/rotary.fi\/porikarhunpaa\/"},{"@type":"ListItem","position":2,"name":"Keit\u00e4 olemme","item":"https:\/\/rotary.fi\/porikarhunpaa\/keita-olemme-2\/"},{"@type":"ListItem","position":3,"name":"Vuositeema"}]},{"@type":"WebSite","@id":"https:\/\/rotary.fi\/porikarhunpaa\/#website","url":"https:\/\/rotary.fi\/porikarhunpaa\/","name":"Pori Karhunp\u00e4\u00e4n Rotaryklubi","description":"Uusi Rotary klubisivusto","potentialAction":[{"@type":"SearchAction","target":{"@type":"EntryPoint","urlTemplate":"https:\/\/rotary.fi\/porikarhunpaa\/?s={search_term_string}"},"query-input":{"@type":"PropertyValueSpecification","valueRequired":true,"valueName":"search_term_string"}}],"inLanguage":"fi"}]}},"lang":"fi","translations":{"fi":138},"pll_sync_post":[],"_links":{"self":[{"href":"https:\/\/rotary.fi\/porikarhunpaa\/wp-json\/wp\/v2\/pages\/138","targetHints":{"allow":["GET"]}}],"collection":[{"href":"https:\/\/rotary.fi\/porikarhunpaa\/wp-json\/wp\/v2\/pages"}],"about":[{"href":"https:\/\/rotary.fi\/porikarhunpaa\/wp-json\/wp\/v2\/types\/page"}],"author":[{"embeddable":true,"href":"https:\/\/rotary.fi\/porikarhunpaa\/wp-json\/wp\/v2\/users\/1"}],"replies":[{"embeddable":true,"href":"https:\/\/rotary.fi\/porikarhunpaa\/wp-json\/wp\/v2\/comments?post=138"}],"version-history":[{"count":10,"href":"https:\/\/rotary.fi\/porikarhunpaa\/wp-json\/wp\/v2\/pages\/138\/revisions"}],"predecessor-version":[{"id":2484,"href":"https:\/\/rotary.fi\/porikarhunpaa\/wp-json\/wp\/v2\/pages\/138\/revisions\/2484"}],"up":[{"embeddable":true,"href":"https:\/\/rotary.fi\/porikarhunpaa\/wp-json\/wp\/v2\/pages\/129"}],"wp:attachment":[{"href":"https:\/\/rotary.fi\/porikarhunpaa\/wp-json\/wp\/v2\/media?parent=138"}],"curies":[{"name":"wp","href":"https:\/\/api.w.org\/{rel}","templated":true}]}}