{"id":1311,"date":"2018-11-27T09:02:36","date_gmt":"2018-11-27T07:02:36","guid":{"rendered":"https:\/\/rotary.fi\/porikarhunpaa\/?page_id=1311"},"modified":"2018-11-27T09:02:36","modified_gmt":"2018-11-27T07:02:36","slug":"rotary-day","status":"publish","type":"page","link":"https:\/\/rotary.fi\/porikarhunpaa\/mita-teemme\/yhteiset-projektit\/rotary-day\/","title":{"rendered":"Rotary Day"},"content":{"rendered":"<p>[et_pb_section bb_built=&#8221;1&#8243; module_class=&#8221;jumbotron-page&#8221; _builder_version=&#8221;3.17.2&#8243; background_image=&#8221;https:\/\/rotary.fi\/porikarhunpaa\/wp-content\/uploads\/sites\/29\/2018\/10\/rotary_klubit_alasivu_paakuva_15.jpg&#8221; next_background_color=&#8221;#ffffff&#8221;][et_pb_row _builder_version=&#8221;3.0.48&#8243; background_size=&#8221;initial&#8221; background_position=&#8221;top_left&#8221; background_repeat=&#8221;repeat&#8221;][et_pb_column type=&#8221;4_4&#8243;][et_pb_text admin_label=&#8221;P\u00e4\u00e4otsikko&#8221; _builder_version=&#8221;3.17&#8243; text_orientation=&#8221;center&#8221; background_layout=&#8221;dark&#8221;]<\/p>\n<h1>Yhteiset projektit<\/h1>\n<p>[\/et_pb_text][\/et_pb_column][\/et_pb_row][\/et_pb_section][et_pb_section bb_built=&#8221;1&#8243; specialty=&#8221;on&#8221; module_class_2=&#8221;sivupalkki&#8221; _builder_version=&#8221;3.4.1&#8243; prev_background_color=&#8221;#000000&#8243;][et_pb_column type=&#8221;2_3&#8243; specialty_columns=&#8221;2&#8243;][et_pb_row_inner admin_label=&#8221;Rivi&#8221; _builder_version=&#8221;3.0.47&#8243;][et_pb_column_inner type=&#8221;4_4&#8243; saved_specialty_column_type=&#8221;2_3&#8243;][et_pb_text admin_label=&#8221;Otsikko&#8221; _builder_version=&#8221;3.17.6&#8243; text_orientation=&#8221;center&#8221;]<\/p>\n<h1>Rotary Day<\/h1>\n<p>[\/et_pb_text][et_pb_text _builder_version=&#8221;3.17.6&#8243;]<\/p>\n<p><span style=\"color: #8300e9;\"><strong>HUOM. Muokkaa sivun sis\u00e4lt\u00f6 vastaamaan oman klubisi tietoja.<\/strong><\/span><\/p>\n<p>Sis\u00e4lt\u00f6teksti t\u00e4h\u00e4n.<\/p>\n<p>[\/et_pb_text][\/et_pb_column_inner][\/et_pb_row_inner][\/et_pb_column][et_pb_column type=&#8221;1_3&#8243;][et_pb_sidebar area=&#8221;sidebar-1&#8243; module_class=&#8221;sivupalkki_sisalto&#8221; _builder_version=&#8221;3.4.1&#8243; locked=&#8221;on&#8221;]<\/p>\n<p><\/p>\n<p>[\/et_pb_sidebar][\/et_pb_column][\/et_pb_section]<\/p>\n","protected":false},"excerpt":{"rendered":"<p>Yhteiset projektit Rotary Day HUOM. Muokkaa sivun sis\u00e4lt\u00f6 vastaamaan oman klubisi tietoja.Sis\u00e4lt\u00f6teksti t\u00e4h\u00e4n.<\/p>\n","protected":false},"author":1,"featured_media":0,"parent":160,"menu_order":0,"comment_status":"closed","ping_status":"closed","template":"","meta":{"_acf_changed":false,"_et_pb_use_builder":"on","_et_pb_old_content":"","_et_gb_content_width":"","footnotes":""},"class_list":["post-1311","page","type-page","status-publish","hentry"],"acf":[],"yoast_head":"<!-- This site is optimized with the Yoast SEO plugin v27.0 - https:\/\/yoast.com\/product\/yoast-seo-wordpress\/ -->\n<title>Rotary Day - Pori Karhunp\u00e4\u00e4n Rotaryklubi<\/title>\n<meta name=\"robots\" content=\"index, follow, max-snippet:-1, max-image-preview:large, max-video-preview:-1\" \/>\n<link rel=\"canonical\" href=\"https:\/\/rotary.fi\/porikarhunpaa\/mita-teemme\/yhteiset-projektit\/rotary-day\/\" \/>\n<meta property=\"og:locale\" content=\"fi_FI\" \/>\n<meta property=\"og:type\" content=\"article\" \/>\n<meta property=\"og:title\" content=\"Rotary Day - Pori Karhunp\u00e4\u00e4n Rotaryklubi\" \/>\n<meta property=\"og:description\" content=\"Yhteiset projektit Rotary Day HUOM. Muokkaa sivun sis\u00e4lt\u00f6 vastaamaan oman klubisi tietoja.Sis\u00e4lt\u00f6teksti t\u00e4h\u00e4n.\" \/>\n<meta property=\"og:url\" content=\"https:\/\/rotary.fi\/porikarhunpaa\/mita-teemme\/yhteiset-projektit\/rotary-day\/\" \/>\n<meta property=\"og:site_name\" content=\"Pori Karhunp\u00e4\u00e4n Rotaryklubi\" \/>\n<meta name=\"twitter:card\" content=\"summary_large_image\" \/>\n<meta name=\"twitter:label1\" content=\"Arvioitu lukuaika\" \/>\n\t<meta name=\"twitter:data1\" content=\"1 minuutti\" \/>\n<script type=\"application\/ld+json\" class=\"yoast-schema-graph\">{\"@context\":\"https:\/\/schema.org\",\"@graph\":[{\"@type\":\"WebPage\",\"@id\":\"https:\/\/rotary.fi\/porikarhunpaa\/mita-teemme\/yhteiset-projektit\/rotary-day\/\",\"url\":\"https:\/\/rotary.fi\/porikarhunpaa\/mita-teemme\/yhteiset-projektit\/rotary-day\/\",\"name\":\"Rotary Day - Pori Karhunp\u00e4\u00e4n Rotaryklubi\",\"isPartOf\":{\"@id\":\"https:\/\/rotary.fi\/porikarhunpaa\/#website\"},\"datePublished\":\"2018-11-27T07:02:36+00:00\",\"breadcrumb\":{\"@id\":\"https:\/\/rotary.fi\/porikarhunpaa\/mita-teemme\/yhteiset-projektit\/rotary-day\/#breadcrumb\"},\"inLanguage\":\"fi\",\"potentialAction\":[{\"@type\":\"ReadAction\",\"target\":[\"https:\/\/rotary.fi\/porikarhunpaa\/mita-teemme\/yhteiset-projektit\/rotary-day\/\"]}]},{\"@type\":\"BreadcrumbList\",\"@id\":\"https:\/\/rotary.fi\/porikarhunpaa\/mita-teemme\/yhteiset-projektit\/rotary-day\/#breadcrumb\",\"itemListElement\":[{\"@type\":\"ListItem\",\"position\":1,\"name\":\"Home\",\"item\":\"https:\/\/rotary.fi\/porikarhunpaa\/\"},{\"@type\":\"ListItem\",\"position\":2,\"name\":\"Mit\u00e4 teemme\",\"item\":\"https:\/\/rotary.fi\/porikarhunpaa\/mita-teemme\/\"},{\"@type\":\"ListItem\",\"position\":3,\"name\":\"Yhteiset projektit\",\"item\":\"https:\/\/rotary.fi\/porikarhunpaa\/mita-teemme\/yhteiset-projektit\/\"},{\"@type\":\"ListItem\",\"position\":4,\"name\":\"Rotary Day\"}]},{\"@type\":\"WebSite\",\"@id\":\"https:\/\/rotary.fi\/porikarhunpaa\/#website\",\"url\":\"https:\/\/rotary.fi\/porikarhunpaa\/\",\"name\":\"Pori Karhunp\u00e4\u00e4n Rotaryklubi\",\"description\":\"Uusi Rotary klubisivusto\",\"potentialAction\":[{\"@type\":\"SearchAction\",\"target\":{\"@type\":\"EntryPoint\",\"urlTemplate\":\"https:\/\/rotary.fi\/porikarhunpaa\/?s={search_term_string}\"},\"query-input\":{\"@type\":\"PropertyValueSpecification\",\"valueRequired\":true,\"valueName\":\"search_term_string\"}}],\"inLanguage\":\"fi\"}]}<\/script>\n<!-- \/ Yoast SEO plugin. -->","yoast_head_json":{"title":"Rotary Day - Pori Karhunp\u00e4\u00e4n Rotaryklubi","robots":{"index":"index","follow":"follow","max-snippet":"max-snippet:-1","max-image-preview":"max-image-preview:large","max-video-preview":"max-video-preview:-1"},"canonical":"https:\/\/rotary.fi\/porikarhunpaa\/mita-teemme\/yhteiset-projektit\/rotary-day\/","og_locale":"fi_FI","og_type":"article","og_title":"Rotary Day - Pori Karhunp\u00e4\u00e4n Rotaryklubi","og_description":"Yhteiset projektit Rotary Day HUOM. Muokkaa sivun sis\u00e4lt\u00f6 vastaamaan oman klubisi tietoja.Sis\u00e4lt\u00f6teksti t\u00e4h\u00e4n.","og_url":"https:\/\/rotary.fi\/porikarhunpaa\/mita-teemme\/yhteiset-projektit\/rotary-day\/","og_site_name":"Pori Karhunp\u00e4\u00e4n Rotaryklubi","twitter_card":"summary_large_image","twitter_misc":{"Arvioitu lukuaika":"1 minuutti"},"schema":{"@context":"https:\/\/schema.org","@graph":[{"@type":"WebPage","@id":"https:\/\/rotary.fi\/porikarhunpaa\/mita-teemme\/yhteiset-projektit\/rotary-day\/","url":"https:\/\/rotary.fi\/porikarhunpaa\/mita-teemme\/yhteiset-projektit\/rotary-day\/","name":"Rotary Day - Pori Karhunp\u00e4\u00e4n Rotaryklubi","isPartOf":{"@id":"https:\/\/rotary.fi\/porikarhunpaa\/#website"},"datePublished":"2018-11-27T07:02:36+00:00","breadcrumb":{"@id":"https:\/\/rotary.fi\/porikarhunpaa\/mita-teemme\/yhteiset-projektit\/rotary-day\/#breadcrumb"},"inLanguage":"fi","potentialAction":[{"@type":"ReadAction","target":["https:\/\/rotary.fi\/porikarhunpaa\/mita-teemme\/yhteiset-projektit\/rotary-day\/"]}]},{"@type":"BreadcrumbList","@id":"https:\/\/rotary.fi\/porikarhunpaa\/mita-teemme\/yhteiset-projektit\/rotary-day\/#breadcrumb","itemListElement":[{"@type":"ListItem","position":1,"name":"Home","item":"https:\/\/rotary.fi\/porikarhunpaa\/"},{"@type":"ListItem","position":2,"name":"Mit\u00e4 teemme","item":"https:\/\/rotary.fi\/porikarhunpaa\/mita-teemme\/"},{"@type":"ListItem","position":3,"name":"Yhteiset projektit","item":"https:\/\/rotary.fi\/porikarhunpaa\/mita-teemme\/yhteiset-projektit\/"},{"@type":"ListItem","position":4,"name":"Rotary Day"}]},{"@type":"WebSite","@id":"https:\/\/rotary.fi\/porikarhunpaa\/#website","url":"https:\/\/rotary.fi\/porikarhunpaa\/","name":"Pori Karhunp\u00e4\u00e4n Rotaryklubi","description":"Uusi Rotary klubisivusto","potentialAction":[{"@type":"SearchAction","target":{"@type":"EntryPoint","urlTemplate":"https:\/\/rotary.fi\/porikarhunpaa\/?s={search_term_string}"},"query-input":{"@type":"PropertyValueSpecification","valueRequired":true,"valueName":"search_term_string"}}],"inLanguage":"fi"}]}},"lang":"fi","translations":{"fi":1311},"pll_sync_post":[],"_links":{"self":[{"href":"https:\/\/rotary.fi\/porikarhunpaa\/wp-json\/wp\/v2\/pages\/1311","targetHints":{"allow":["GET"]}}],"collection":[{"href":"https:\/\/rotary.fi\/porikarhunpaa\/wp-json\/wp\/v2\/pages"}],"about":[{"href":"https:\/\/rotary.fi\/porikarhunpaa\/wp-json\/wp\/v2\/types\/page"}],"author":[{"embeddable":true,"href":"https:\/\/rotary.fi\/porikarhunpaa\/wp-json\/wp\/v2\/users\/1"}],"replies":[{"embeddable":true,"href":"https:\/\/rotary.fi\/porikarhunpaa\/wp-json\/wp\/v2\/comments?post=1311"}],"version-history":[{"count":2,"href":"https:\/\/rotary.fi\/porikarhunpaa\/wp-json\/wp\/v2\/pages\/1311\/revisions"}],"predecessor-version":[{"id":1313,"href":"https:\/\/rotary.fi\/porikarhunpaa\/wp-json\/wp\/v2\/pages\/1311\/revisions\/1313"}],"up":[{"embeddable":true,"href":"https:\/\/rotary.fi\/porikarhunpaa\/wp-json\/wp\/v2\/pages\/160"}],"wp:attachment":[{"href":"https:\/\/rotary.fi\/porikarhunpaa\/wp-json\/wp\/v2\/media?parent=1311"}],"curies":[{"name":"wp","href":"https:\/\/api.w.org\/{rel}","templated":true}]}}