{"id":156,"date":"2018-08-13T09:46:59","date_gmt":"2018-08-13T06:46:59","guid":{"rendered":"https:\/\/rotary.fi\/pori\/?page_id=156"},"modified":"2023-11-09T18:06:38","modified_gmt":"2023-11-09T16:06:38","slug":"projektit","status":"publish","type":"page","link":"https:\/\/rotary.fi\/pori\/mita-teemme\/projektit\/","title":{"rendered":"Projektit"},"content":{"rendered":"<p>[et_pb_section fb_built=&#8221;1&#8243; module_class=&#8221;jumbotron-page&#8221; _builder_version=&#8221;4.16&#8243; background_image=&#8221;https:\/\/rotary.fi\/pori\/wp-content\/uploads\/sites\/80\/2018\/08\/rotary_klubit_alasivu_paakuva_5.jpg&#8221; global_colors_info=&#8221;{}&#8221;][et_pb_row _builder_version=&#8221;4.16&#8243; background_size=&#8221;initial&#8221; background_position=&#8221;top_left&#8221; background_repeat=&#8221;repeat&#8221; global_colors_info=&#8221;{}&#8221;][et_pb_column type=&#8221;4_4&#8243; _builder_version=&#8221;4.16&#8243; custom_padding=&#8221;|||&#8221; global_colors_info=&#8221;{}&#8221; custom_padding__hover=&#8221;|||&#8221;][et_pb_text admin_label=&#8221;P\u00e4\u00e4otsikko&#8221; _builder_version=&#8221;4.16&#8243; text_orientation=&#8221;center&#8221; background_layout=&#8221;dark&#8221; global_colors_info=&#8221;{}&#8221;]<\/p>\n<h1>Projektit<\/h1>\n<p>[\/et_pb_text][\/et_pb_column][\/et_pb_row][\/et_pb_section][et_pb_section fb_built=&#8221;1&#8243; specialty=&#8221;on&#8221; module_class_2=&#8221;sivupalkki&#8221; _builder_version=&#8221;4.16&#8243; global_colors_info=&#8221;{}&#8221;][et_pb_column type=&#8221;2_3&#8243; specialty_columns=&#8221;2&#8243; _builder_version=&#8221;4.16&#8243; custom_padding=&#8221;|||&#8221; global_colors_info=&#8221;{}&#8221; custom_padding__hover=&#8221;|||&#8221;][et_pb_row_inner admin_label=&#8221;Rivi&#8221; _builder_version=&#8221;4.16&#8243; global_colors_info=&#8221;{}&#8221;][et_pb_column_inner saved_specialty_column_type=&#8221;2_3&#8243; _builder_version=&#8221;4.16&#8243; custom_padding=&#8221;|||&#8221; global_colors_info=&#8221;{}&#8221; custom_padding__hover=&#8221;|||&#8221;][et_pb_text admin_label=&#8221;Projektit &#8211; Otsikko&#8221; _builder_version=&#8221;4.16&#8243; text_orientation=&#8221;center&#8221; hover_enabled=&#8221;0&#8243; global_colors_info=&#8221;{}&#8221; sticky_enabled=&#8221;0&#8243;]<\/p>\n<h1>Projektit<\/h1>\n<p>[\/et_pb_text][et_pb_text _builder_version=&#8221;4.22.1&#8243; hover_enabled=&#8221;0&#8243; global_colors_info=&#8221;{}&#8221; sticky_enabled=&#8221;0&#8243;]<\/p>\n<p>Rotary on palveluj\u00e4rjest\u00f6. Toimimme tunnuslauseemme Palvelu itsekkyyden edelle (Service above self) mukaisesti paikallisesti ja maailmanlaajuisesti. Kansainv\u00e4linen humanit\u00e4\u00e4rinen palvelumme toteutuu Rotarys\u00e4\u00e4ti\u00f6mme koordinoimana ja hyv\u00e4ksyttyjen kumppaneiden kanssa. Seuraavassa esimerkkej\u00e4 projekteistamme:<\/p>\n<p>&nbsp;<\/p>\n<p><strong>Mets\u00e4retki\u00e4 j\u00e4rjestet\u00e4\u00e4n nuorille \u2013 tietoa ilmastonmuutoksen hillinn\u00e4st\u00e4<\/strong><\/p>\n<p>Ilmaston l\u00e4mpeneminen ja luontokato ovat globaaleja haasteita ja ne tulevat vaikuttamaan suuresti meid\u00e4n kaikkien el\u00e4m\u00e4\u00e4n. Erityisesti nuorisolle on t\u00e4rke\u00e4\u00e4 tuoda n\u00e4ihin ilmi\u00f6ihin liittyv\u00e4\u00e4 tietoa ja opastusta. Ilmastonmuutoksen ja luontokadon hillint\u00e4\u00e4n on keinoja ja niiden esittely tuo toivoa ja innostaa my\u00f6s omakohtaiseen toimintaan.<\/p>\n<p>Porin Rotaryklubi vie t\u00e4m\u00e4n vuoden palveluprojektissaan nuoria mets\u00e4retkille, joissa tutustutaan suomalaisen mets\u00e4n merkitykseen hiilen sidonnassa ja luonnon moniluotoisuuden yll\u00e4pit\u00e4misess\u00e4. Kohderyhm\u00e4n\u00e4 ovat Kaarisillan koulun oppilaat ja Musan Salaman juniorit. Tavoitteena on kolme linja-autolastillista nuoria. Ensimm\u00e4inen retki j\u00e4rjestettiin 20.9., jolloin Kaarisillan koulun valmistavan luokan oppilaat p\u00e4\u00e4siv\u00e4t tutustumaan syksyiseen mets\u00e4\u00e4n Noormarkussa. Valmistavan luokan oppilaat ovat maahanmuuttajaperheist\u00e4 ja monet olivat olleet vasta muutaman viikon Suomessa. Oppilaita oli mukana 26 kappaletta liki kymmenest\u00e4 eri maasta. Opettajia ja kouluavustajia oli mukana viisi kappaletta.<\/p>\n<p>Moni nuorista p\u00e4\u00e4si nyt ensimm\u00e4ist\u00e4 kertaa tutustumaan suomalaiseen mets\u00e4\u00e4n. Oli hienoa n\u00e4hd\u00e4<br \/>mets\u00e4ymp\u00e4rist\u00f6n aikaansaama riemu ja innostus nuorissa.<\/p>\n<p><strong>Vesirepulla tutkitaan Noormarkunjoen tilaa<\/strong><br \/>Suomen Rotary on kehitt\u00e4nyt yhteisty\u00f6ss\u00e4 SYKE:n kanssa kouluille sopivan vesianalyysiv\u00e4lineist\u00f6n. Laitteisto ja muut tarvikkeet on koottu vesirepuksi nimettyyn laukkuun. Tarkoituksena on, ett\u00e4 esimerkiksi koulun biologiantunneilla voitaisiin t\u00e4m\u00e4n vesirepun avulla tutustua ja seurata jonkin l\u00e4hivesist\u00f6n tilaa ja sen kehittymist\u00e4. Porin Rotaryklubi lahjoitti t\u00e4n\u00e4 syksyn\u00e4 vesirepun Noormarkun yhten\u00e4iskoululle. Siell\u00e4 repun v\u00e4lineist\u00f6 onkin ollut ahkerassa k\u00e4yt\u00f6ss\u00e4, kun oppilaat ovat selvitt\u00e4neet ja seuranneet Noormarkunjoen veden laatua.<\/p>\n<h6><strong>Koulujemme l\u00e4hivedet -projekti<\/strong><\/h6>\n<p>Parhaillaan k\u00e4ynniss\u00e4 olevassa Koulujemme l\u00e4hivedet -projektissa perusopetuksen eri luokka-asteilla on tarkoitus ottaa k\u00e4ytt\u00f6\u00f6n uutta opetussuunnitelmaa tukeva oppimisen konsepti avoimessa oppimisymp\u00e4rist\u00f6ss\u00e4 aktivoimalla oppilaita tutkimaan omaa l\u00e4hiymp\u00e4rist\u00f6\u00e4\u00e4n. Oppilaiden ymp\u00e4rist\u00f6havainnot liitet\u00e4\u00e4n valtakunnallisiin tietokantoihin.<\/p>\n<p>Projektin kokeilu- ja kehitt\u00e4mistoiminnan tuloksena syntyy malleja laaja-alaiseen ymp\u00e4rist\u00f6kasvatukseen perusopetuksen eri luokka-asteilla. Porin kaikki rotaryklubit osallistuvat projektin koordinointiin ja rahoitukseen.<\/p>\n<p>[\/et_pb_text][\/et_pb_column_inner][\/et_pb_row_inner][\/et_pb_column][et_pb_column type=&#8221;1_3&#8243; _builder_version=&#8221;4.16&#8243; custom_padding=&#8221;|||&#8221; global_colors_info=&#8221;{}&#8221; custom_padding__hover=&#8221;|||&#8221;][et_pb_sidebar area=&#8221;sidebar-1&#8243; module_class=&#8221;sivupalkki_sisalto&#8221; _builder_version=&#8221;4.16&#8243; locked=&#8221;on&#8221; global_colors_info=&#8221;{}&#8221;]<br \/>\n[\/et_pb_sidebar][\/et_pb_column][\/et_pb_section]<\/p>\n","protected":false},"excerpt":{"rendered":"<p>Projektit Projektit Rotary on palveluj\u00e4rjest\u00f6. Toimimme tunnuslauseemme Palvelu itsekkyyden edelle (Service above self) mukaisesti paikallisesti ja maailmanlaajuisesti. Kansainv\u00e4linen humanit\u00e4\u00e4rinen palvelumme toteutuu Rotarys\u00e4\u00e4ti\u00f6mme koordinoimana ja hyv\u00e4ksyttyjen kumppaneiden kanssa. Seuraavassa esimerkkej\u00e4 projekteistamme: &nbsp; Mets\u00e4retki\u00e4 j\u00e4rjestet\u00e4\u00e4n nuorille \u2013 tietoa ilmastonmuutoksen hillinn\u00e4st\u00e4 Ilmaston l\u00e4mpeneminen ja luontokato ovat globaaleja haasteita ja ne tulevat vaikuttamaan suuresti meid\u00e4n kaikkien el\u00e4m\u00e4\u00e4n. Erityisesti nuorisolle [&hellip;]<\/p>\n","protected":false},"author":1,"featured_media":0,"parent":77,"menu_order":0,"comment_status":"closed","ping_status":"closed","template":"","meta":{"_acf_changed":false,"_et_pb_use_builder":"on","_et_pb_old_content":"","_et_gb_content_width":"","footnotes":""},"class_list":["post-156","page","type-page","status-publish","hentry"],"acf":[],"yoast_head":"<!-- This site is optimized with the Yoast SEO plugin v27.0 - https:\/\/yoast.com\/product\/yoast-seo-wordpress\/ -->\n<title>Projektit - Porin Rotaryklubi<\/title>\n<meta name=\"robots\" content=\"index, follow, max-snippet:-1, max-image-preview:large, max-video-preview:-1\" \/>\n<link rel=\"canonical\" href=\"https:\/\/rotary.fi\/pori\/mita-teemme\/projektit\/\" \/>\n<meta property=\"og:locale\" content=\"fi_FI\" \/>\n<meta property=\"og:type\" content=\"article\" \/>\n<meta property=\"og:title\" content=\"Projektit - Porin Rotaryklubi\" \/>\n<meta property=\"og:description\" content=\"Projektit Projektit Rotary on palveluj\u00e4rjest\u00f6. Toimimme tunnuslauseemme Palvelu itsekkyyden edelle (Service above self) mukaisesti paikallisesti ja maailmanlaajuisesti. Kansainv\u00e4linen humanit\u00e4\u00e4rinen palvelumme toteutuu Rotarys\u00e4\u00e4ti\u00f6mme koordinoimana ja hyv\u00e4ksyttyjen kumppaneiden kanssa. Seuraavassa esimerkkej\u00e4 projekteistamme: &nbsp; Mets\u00e4retki\u00e4 j\u00e4rjestet\u00e4\u00e4n nuorille \u2013 tietoa ilmastonmuutoksen hillinn\u00e4st\u00e4 Ilmaston l\u00e4mpeneminen ja luontokato ovat globaaleja haasteita ja ne tulevat vaikuttamaan suuresti meid\u00e4n kaikkien el\u00e4m\u00e4\u00e4n. Erityisesti nuorisolle [&hellip;]\" \/>\n<meta property=\"og:url\" content=\"https:\/\/rotary.fi\/pori\/mita-teemme\/projektit\/\" \/>\n<meta property=\"og:site_name\" content=\"Porin Rotaryklubi\" \/>\n<meta property=\"article:modified_time\" content=\"2023-11-09T16:06:38+00:00\" \/>\n<meta name=\"twitter:card\" content=\"summary_large_image\" \/>\n<meta name=\"twitter:label1\" content=\"Arvioitu lukuaika\" \/>\n\t<meta name=\"twitter:data1\" content=\"3 minuuttia\" \/>\n<script type=\"application\/ld+json\" class=\"yoast-schema-graph\">{\"@context\":\"https:\/\/schema.org\",\"@graph\":[{\"@type\":\"WebPage\",\"@id\":\"https:\/\/rotary.fi\/pori\/mita-teemme\/projektit\/\",\"url\":\"https:\/\/rotary.fi\/pori\/mita-teemme\/projektit\/\",\"name\":\"Projektit - Porin Rotaryklubi\",\"isPartOf\":{\"@id\":\"https:\/\/rotary.fi\/pori\/#website\"},\"datePublished\":\"2018-08-13T06:46:59+00:00\",\"dateModified\":\"2023-11-09T16:06:38+00:00\",\"breadcrumb\":{\"@id\":\"https:\/\/rotary.fi\/pori\/mita-teemme\/projektit\/#breadcrumb\"},\"inLanguage\":\"fi\",\"potentialAction\":[{\"@type\":\"ReadAction\",\"target\":[\"https:\/\/rotary.fi\/pori\/mita-teemme\/projektit\/\"]}]},{\"@type\":\"BreadcrumbList\",\"@id\":\"https:\/\/rotary.fi\/pori\/mita-teemme\/projektit\/#breadcrumb\",\"itemListElement\":[{\"@type\":\"ListItem\",\"position\":1,\"name\":\"Home\",\"item\":\"https:\/\/rotary.fi\/pori\/\"},{\"@type\":\"ListItem\",\"position\":2,\"name\":\"Mit\u00e4 teemme\",\"item\":\"https:\/\/rotary.fi\/pori\/mita-teemme\/\"},{\"@type\":\"ListItem\",\"position\":3,\"name\":\"Projektit\"}]},{\"@type\":\"WebSite\",\"@id\":\"https:\/\/rotary.fi\/pori\/#website\",\"url\":\"https:\/\/rotary.fi\/pori\/\",\"name\":\"Porin Rotaryklubi\",\"description\":\"Uusi Rotary klubisivusto\",\"potentialAction\":[{\"@type\":\"SearchAction\",\"target\":{\"@type\":\"EntryPoint\",\"urlTemplate\":\"https:\/\/rotary.fi\/pori\/?s={search_term_string}\"},\"query-input\":{\"@type\":\"PropertyValueSpecification\",\"valueRequired\":true,\"valueName\":\"search_term_string\"}}],\"inLanguage\":\"fi\"}]}<\/script>\n<!-- \/ Yoast SEO plugin. -->","yoast_head_json":{"title":"Projektit - Porin Rotaryklubi","robots":{"index":"index","follow":"follow","max-snippet":"max-snippet:-1","max-image-preview":"max-image-preview:large","max-video-preview":"max-video-preview:-1"},"canonical":"https:\/\/rotary.fi\/pori\/mita-teemme\/projektit\/","og_locale":"fi_FI","og_type":"article","og_title":"Projektit - Porin Rotaryklubi","og_description":"Projektit Projektit Rotary on palveluj\u00e4rjest\u00f6. Toimimme tunnuslauseemme Palvelu itsekkyyden edelle (Service above self) mukaisesti paikallisesti ja maailmanlaajuisesti. Kansainv\u00e4linen humanit\u00e4\u00e4rinen palvelumme toteutuu Rotarys\u00e4\u00e4ti\u00f6mme koordinoimana ja hyv\u00e4ksyttyjen kumppaneiden kanssa. Seuraavassa esimerkkej\u00e4 projekteistamme: &nbsp; Mets\u00e4retki\u00e4 j\u00e4rjestet\u00e4\u00e4n nuorille \u2013 tietoa ilmastonmuutoksen hillinn\u00e4st\u00e4 Ilmaston l\u00e4mpeneminen ja luontokato ovat globaaleja haasteita ja ne tulevat vaikuttamaan suuresti meid\u00e4n kaikkien el\u00e4m\u00e4\u00e4n. Erityisesti nuorisolle [&hellip;]","og_url":"https:\/\/rotary.fi\/pori\/mita-teemme\/projektit\/","og_site_name":"Porin Rotaryklubi","article_modified_time":"2023-11-09T16:06:38+00:00","twitter_card":"summary_large_image","twitter_misc":{"Arvioitu lukuaika":"3 minuuttia"},"schema":{"@context":"https:\/\/schema.org","@graph":[{"@type":"WebPage","@id":"https:\/\/rotary.fi\/pori\/mita-teemme\/projektit\/","url":"https:\/\/rotary.fi\/pori\/mita-teemme\/projektit\/","name":"Projektit - Porin Rotaryklubi","isPartOf":{"@id":"https:\/\/rotary.fi\/pori\/#website"},"datePublished":"2018-08-13T06:46:59+00:00","dateModified":"2023-11-09T16:06:38+00:00","breadcrumb":{"@id":"https:\/\/rotary.fi\/pori\/mita-teemme\/projektit\/#breadcrumb"},"inLanguage":"fi","potentialAction":[{"@type":"ReadAction","target":["https:\/\/rotary.fi\/pori\/mita-teemme\/projektit\/"]}]},{"@type":"BreadcrumbList","@id":"https:\/\/rotary.fi\/pori\/mita-teemme\/projektit\/#breadcrumb","itemListElement":[{"@type":"ListItem","position":1,"name":"Home","item":"https:\/\/rotary.fi\/pori\/"},{"@type":"ListItem","position":2,"name":"Mit\u00e4 teemme","item":"https:\/\/rotary.fi\/pori\/mita-teemme\/"},{"@type":"ListItem","position":3,"name":"Projektit"}]},{"@type":"WebSite","@id":"https:\/\/rotary.fi\/pori\/#website","url":"https:\/\/rotary.fi\/pori\/","name":"Porin Rotaryklubi","description":"Uusi Rotary klubisivusto","potentialAction":[{"@type":"SearchAction","target":{"@type":"EntryPoint","urlTemplate":"https:\/\/rotary.fi\/pori\/?s={search_term_string}"},"query-input":{"@type":"PropertyValueSpecification","valueRequired":true,"valueName":"search_term_string"}}],"inLanguage":"fi"}]}},"lang":"fi","translations":{"fi":156},"pll_sync_post":[],"_links":{"self":[{"href":"https:\/\/rotary.fi\/pori\/wp-json\/wp\/v2\/pages\/156","targetHints":{"allow":["GET"]}}],"collection":[{"href":"https:\/\/rotary.fi\/pori\/wp-json\/wp\/v2\/pages"}],"about":[{"href":"https:\/\/rotary.fi\/pori\/wp-json\/wp\/v2\/types\/page"}],"author":[{"embeddable":true,"href":"https:\/\/rotary.fi\/pori\/wp-json\/wp\/v2\/users\/1"}],"replies":[{"embeddable":true,"href":"https:\/\/rotary.fi\/pori\/wp-json\/wp\/v2\/comments?post=156"}],"version-history":[{"count":6,"href":"https:\/\/rotary.fi\/pori\/wp-json\/wp\/v2\/pages\/156\/revisions"}],"predecessor-version":[{"id":2095,"href":"https:\/\/rotary.fi\/pori\/wp-json\/wp\/v2\/pages\/156\/revisions\/2095"}],"up":[{"embeddable":true,"href":"https:\/\/rotary.fi\/pori\/wp-json\/wp\/v2\/pages\/77"}],"wp:attachment":[{"href":"https:\/\/rotary.fi\/pori\/wp-json\/wp\/v2\/media?parent=156"}],"curies":[{"name":"wp","href":"https:\/\/api.w.org\/{rel}","templated":true}]}}