{"id":138,"date":"2018-08-10T14:01:44","date_gmt":"2018-08-10T11:01:44","guid":{"rendered":"https:\/\/rotary.fi\/klubi2\/?page_id=138"},"modified":"2024-08-12T08:50:06","modified_gmt":"2024-08-12T05:50:06","slug":"vuositeema","status":"publish","type":"page","link":"https:\/\/rotary.fi\/pori\/keita-olemme\/vuositeema\/","title":{"rendered":"Vuositeema"},"content":{"rendered":"<p>[et_pb_section fb_built=&#8221;1&#8243; module_class=&#8221;jumbotron-page&#8221; _builder_version=&#8221;4.16&#8243; background_image=&#8221;https:\/\/rotary.fi\/pori\/wp-content\/uploads\/sites\/80\/2018\/08\/rotary_klubit_alasivu_paakuva_7.jpg&#8221; global_colors_info=&#8221;{}&#8221;][et_pb_row _builder_version=&#8221;4.16&#8243; background_size=&#8221;initial&#8221; background_position=&#8221;top_left&#8221; background_repeat=&#8221;repeat&#8221; global_colors_info=&#8221;{}&#8221;][et_pb_column type=&#8221;4_4&#8243; _builder_version=&#8221;4.16&#8243; custom_padding=&#8221;|||&#8221; global_colors_info=&#8221;{}&#8221; custom_padding__hover=&#8221;|||&#8221;][et_pb_text admin_label=&#8221;P\u00e4\u00e4otsikko&#8221; _builder_version=&#8221;4.16&#8243; text_orientation=&#8221;center&#8221; background_layout=&#8221;dark&#8221; global_colors_info=&#8221;{}&#8221;]<\/p>\n<h1>Vuositeema<\/h1>\n<p>&nbsp;<\/p>\n<p>[\/et_pb_text][\/et_pb_column][\/et_pb_row][\/et_pb_section][et_pb_section fb_built=&#8221;1&#8243; specialty=&#8221;on&#8221; module_class_2=&#8221;sivupalkki&#8221; _builder_version=&#8221;4.16&#8243; global_colors_info=&#8221;{}&#8221;][et_pb_column type=&#8221;2_3&#8243; specialty_columns=&#8221;2&#8243; _builder_version=&#8221;4.16&#8243; custom_padding=&#8221;|||&#8221; global_colors_info=&#8221;{}&#8221; custom_padding__hover=&#8221;|||&#8221;][et_pb_row_inner column_structure=&#8221;1_4,1_4,1_4,1_4&#8243; admin_label=&#8221;Rivi&#8221; _builder_version=&#8221;4.16&#8243; global_colors_info=&#8221;{}&#8221;][et_pb_column_inner type=&#8221;1_4&#8243; saved_specialty_column_type=&#8221;2_3&#8243; _builder_version=&#8221;4.16&#8243; custom_padding=&#8221;|||&#8221; custom_css_main_element=&#8221;width:24%!important;&#8221; global_colors_info=&#8221;{}&#8221; custom_padding__hover=&#8221;|||&#8221;][et_pb_image align_tablet=&#8221;center&#8221; align_phone=&#8221;center&#8221; align_last_edited=&#8221;on|desktop&#8221; _builder_version=&#8221;4.22.1&#8243; global_colors_info=&#8221;{}&#8221;][\/et_pb_image][\/et_pb_column_inner][et_pb_column_inner type=&#8221;1_4&#8243; saved_specialty_column_type=&#8221;2_3&#8243; _builder_version=&#8221;4.16&#8243; custom_padding=&#8221;|||&#8221; custom_css_main_element=&#8221;width:24%!important;&#8221; global_colors_info=&#8221;{}&#8221; custom_padding__hover=&#8221;|||&#8221;][et_pb_image align_tablet=&#8221;center&#8221; align_phone=&#8221;center&#8221; align_last_edited=&#8221;on|desktop&#8221; _builder_version=&#8221;4.22.1&#8243; global_colors_info=&#8221;{}&#8221;][\/et_pb_image][\/et_pb_column_inner][et_pb_column_inner type=&#8221;1_4&#8243; saved_specialty_column_type=&#8221;2_3&#8243; _builder_version=&#8221;4.16&#8243; custom_padding=&#8221;|||&#8221; custom_css_main_element=&#8221;width:24%!important;&#8221; global_colors_info=&#8221;{}&#8221; custom_padding__hover=&#8221;|||&#8221;][et_pb_image align_tablet=&#8221;center&#8221; align_phone=&#8221;center&#8221; align_last_edited=&#8221;on|desktop&#8221; _builder_version=&#8221;4.22.1&#8243; global_colors_info=&#8221;{}&#8221;][\/et_pb_image][\/et_pb_column_inner][et_pb_column_inner type=&#8221;1_4&#8243; saved_specialty_column_type=&#8221;2_3&#8243; _builder_version=&#8221;4.16&#8243; custom_padding=&#8221;|||&#8221; custom_css_main_element=&#8221;display:none;||width:0%!important;&#8221; global_colors_info=&#8221;{}&#8221; custom_padding__hover=&#8221;|||&#8221;][\/et_pb_column_inner][\/et_pb_row_inner][et_pb_row_inner admin_label=&#8221;Rivi&#8221; _builder_version=&#8221;4.16&#8243; global_colors_info=&#8221;{}&#8221;][et_pb_column_inner saved_specialty_column_type=&#8221;2_3&#8243; _builder_version=&#8221;4.16&#8243; custom_padding=&#8221;|||&#8221; global_colors_info=&#8221;{}&#8221; custom_padding__hover=&#8221;|||&#8221;][et_pb_text admin_label=&#8221;Rotary Internationalin vuositeema &#8211; Otsikko&#8221; _builder_version=&#8221;4.16&#8243; text_orientation=&#8221;center&#8221; global_colors_info=&#8221;{}&#8221;]<\/p>\n<h1>Rotary Internationalin vuositeema<\/h1>\n<p>[\/et_pb_text][et_pb_text _builder_version=&#8221;4.25.2&#8243; global_colors_info=&#8221;{}&#8221;]<\/p>\n<p>Rotary Internationalin presidentti Stephanie A. Urchickin teema kuluvalle rotaryvuodelle on <b>\u201dThe Magic of Rotary\u201d<\/b><\/p>\n<p>&nbsp;<\/p>\n<p><img loading=\"lazy\" decoding=\"async\" class=\"wp-image-2255 alignnone size-large\" src=\"https:\/\/rotary.fi\/pori\/wp-content\/uploads\/sites\/80\/2024\/08\/t2425en-logo-rgb-1024x606.png\" alt=\"\" width=\"1024\" height=\"606\" srcset=\"https:\/\/rotary.fi\/pori\/wp-content\/uploads\/sites\/80\/2024\/08\/t2425en-logo-rgb-980x580.png 980w, https:\/\/rotary.fi\/pori\/wp-content\/uploads\/sites\/80\/2024\/08\/t2425en-logo-rgb-480x284.png 480w\" sizes=\"(min-width: 0px) and (max-width: 480px) 480px, (min-width: 481px) and (max-width: 980px) 980px, (min-width: 981px) 1024px, 100vw\" \/><\/p>\n<p style=\"font-weight: 400\">[\/et_pb_text][\/et_pb_column_inner][\/et_pb_row_inner][et_pb_row_inner admin_label=&#8221;Rivi&#8221; _builder_version=&#8221;4.16&#8243; global_colors_info=&#8221;{}&#8221;][et_pb_column_inner saved_specialty_column_type=&#8221;2_3&#8243; _builder_version=&#8221;4.16&#8243; custom_padding=&#8221;|||&#8221; global_colors_info=&#8221;{}&#8221; custom_padding__hover=&#8221;|||&#8221;][et_pb_text admin_label=&#8221;Klubin vuositeema &#8211; Otsikko&#8221; _builder_version=&#8221;4.16&#8243; text_orientation=&#8221;center&#8221; global_colors_info=&#8221;{}&#8221;]<\/p>\n<h4>Porin Rotaryklubin vuositeema<\/h4>\n<p>[\/et_pb_text][et_pb_text _builder_version=&#8221;4.25.2&#8243; hover_enabled=&#8221;0&#8243; global_colors_info=&#8221;{}&#8221; sticky_enabled=&#8221;0&#8243;]<\/p>\n<p style=\"font-weight: 400\">Porin Rotaryklubin vuositeema 2024-2025 on talouden ja riskien hallinta.<\/p>\n<p style=\"font-weight: 400\">Klubimme kauden kokousohjelma k\u00e4sittelee laajasti ja monipuolisesti taloudenpidon ja riskienhallinnan n\u00e4k\u00f6kulmia eri toimialoilla, teht\u00e4viss\u00e4 ja yhteiskunnan eri sektoreilla. Klubin palveluprojektit ovat pidemp\u00e4\u00e4n painottuneet lapsiin ja nuoriin. Palveluprojektimme suuntautuu lasten ja nuorten sek\u00e4 lapsiperheiden tukemiseen ja t\u00e4ht\u00e4\u00e4 hyvinvoinnin ja mielenterveyden digi- ja et\u00e4palvelujen saavutettavuuden parantamiseen.<\/p>\n<p>[\/et_pb_text][\/et_pb_column_inner][\/et_pb_row_inner][\/et_pb_column][et_pb_column type=&#8221;1_3&#8243; _builder_version=&#8221;4.16&#8243; custom_padding=&#8221;|||&#8221; global_colors_info=&#8221;{}&#8221; custom_padding__hover=&#8221;|||&#8221;][et_pb_sidebar area=&#8221;sidebar-1&#8243; module_class=&#8221;sivupalkki_sisalto&#8221; _builder_version=&#8221;4.16&#8243; locked=&#8221;on&#8221; global_colors_info=&#8221;{}&#8221;][\/et_pb_sidebar][\/et_pb_column][\/et_pb_section][et_pb_section fb_built=&#8221;1&#8243; _builder_version=&#8221;4.25.2&#8243; _module_preset=&#8221;default&#8221; global_colors_info=&#8221;{}&#8221;][et_pb_row _builder_version=&#8221;4.25.2&#8243; _module_preset=&#8221;default&#8221; global_colors_info=&#8221;{}&#8221;][et_pb_column type=&#8221;4_4&#8243; _builder_version=&#8221;4.25.2&#8243; _module_preset=&#8221;default&#8221; global_colors_info=&#8221;{}&#8221;][et_pb_image src=&#8221;https:\/\/rotary.fi\/pori\/wp-content\/uploads\/sites\/80\/2024\/08\/t2425en-logo-rgb.png&#8221; _builder_version=&#8221;4.25.2&#8243; _module_preset=&#8221;default&#8221; global_colors_info=&#8221;{}&#8221;][\/et_pb_image][\/et_pb_column][\/et_pb_row][\/et_pb_section]<\/p>\n","protected":false},"excerpt":{"rendered":"<p>Vuositeema &nbsp; Rotary Internationalin vuositeema Rotary Internationalin presidentti Stephanie A. Urchickin teema kuluvalle rotaryvuodelle on \u201dThe Magic of Rotary\u201d &nbsp; Porin Rotaryklubin vuositeema Porin Rotaryklubin vuositeema 2024-2025 on talouden ja riskien hallinta. Klubimme kauden kokousohjelma k\u00e4sittelee laajasti ja monipuolisesti taloudenpidon ja riskienhallinnan n\u00e4k\u00f6kulmia eri toimialoilla, teht\u00e4viss\u00e4 ja yhteiskunnan eri sektoreilla. Klubin palveluprojektit ovat pidemp\u00e4\u00e4n painottuneet [&hellip;]<\/p>\n","protected":false},"author":1,"featured_media":0,"parent":129,"menu_order":0,"comment_status":"closed","ping_status":"closed","template":"","meta":{"_acf_changed":false,"_et_pb_use_builder":"on","_et_pb_old_content":"","_et_gb_content_width":"","footnotes":""},"class_list":["post-138","page","type-page","status-publish","hentry"],"acf":[],"yoast_head":"<!-- This site is optimized with the Yoast SEO plugin v27.0 - https:\/\/yoast.com\/product\/yoast-seo-wordpress\/ -->\n<title>Vuositeema - Porin Rotaryklubi<\/title>\n<meta name=\"robots\" content=\"index, follow, max-snippet:-1, max-image-preview:large, max-video-preview:-1\" \/>\n<link rel=\"canonical\" href=\"https:\/\/rotary.fi\/pori\/keita-olemme\/vuositeema\/\" \/>\n<meta property=\"og:locale\" content=\"fi_FI\" \/>\n<meta property=\"og:type\" content=\"article\" \/>\n<meta property=\"og:title\" content=\"Vuositeema - Porin Rotaryklubi\" \/>\n<meta property=\"og:description\" content=\"Vuositeema &nbsp; Rotary Internationalin vuositeema Rotary Internationalin presidentti Stephanie A. Urchickin teema kuluvalle rotaryvuodelle on \u201dThe Magic of Rotary\u201d &nbsp; Porin Rotaryklubin vuositeema Porin Rotaryklubin vuositeema 2024-2025 on talouden ja riskien hallinta. Klubimme kauden kokousohjelma k\u00e4sittelee laajasti ja monipuolisesti taloudenpidon ja riskienhallinnan n\u00e4k\u00f6kulmia eri toimialoilla, teht\u00e4viss\u00e4 ja yhteiskunnan eri sektoreilla. Klubin palveluprojektit ovat pidemp\u00e4\u00e4n painottuneet [&hellip;]\" \/>\n<meta property=\"og:url\" content=\"https:\/\/rotary.fi\/pori\/keita-olemme\/vuositeema\/\" \/>\n<meta property=\"og:site_name\" content=\"Porin Rotaryklubi\" \/>\n<meta property=\"article:modified_time\" content=\"2024-08-12T05:50:06+00:00\" \/>\n<meta property=\"og:image\" content=\"https:\/\/rotary.fi\/pori\/wp-content\/uploads\/sites\/80\/2024\/08\/t2425en-logo-rgb-1024x606.png\" \/>\n<meta name=\"twitter:card\" content=\"summary_large_image\" \/>\n<meta name=\"twitter:label1\" content=\"Arvioitu lukuaika\" \/>\n\t<meta name=\"twitter:data1\" content=\"2 minuuttia\" \/>\n<script type=\"application\/ld+json\" class=\"yoast-schema-graph\">{\"@context\":\"https:\/\/schema.org\",\"@graph\":[{\"@type\":\"WebPage\",\"@id\":\"https:\/\/rotary.fi\/pori\/keita-olemme\/vuositeema\/\",\"url\":\"https:\/\/rotary.fi\/pori\/keita-olemme\/vuositeema\/\",\"name\":\"Vuositeema - Porin Rotaryklubi\",\"isPartOf\":{\"@id\":\"https:\/\/rotary.fi\/pori\/#website\"},\"primaryImageOfPage\":{\"@id\":\"https:\/\/rotary.fi\/pori\/keita-olemme\/vuositeema\/#primaryimage\"},\"image\":{\"@id\":\"https:\/\/rotary.fi\/pori\/keita-olemme\/vuositeema\/#primaryimage\"},\"thumbnailUrl\":\"https:\/\/rotary.fi\/pori\/wp-content\/uploads\/sites\/80\/2024\/08\/t2425en-logo-rgb-1024x606.png\",\"datePublished\":\"2018-08-10T11:01:44+00:00\",\"dateModified\":\"2024-08-12T05:50:06+00:00\",\"breadcrumb\":{\"@id\":\"https:\/\/rotary.fi\/pori\/keita-olemme\/vuositeema\/#breadcrumb\"},\"inLanguage\":\"fi\",\"potentialAction\":[{\"@type\":\"ReadAction\",\"target\":[\"https:\/\/rotary.fi\/pori\/keita-olemme\/vuositeema\/\"]}]},{\"@type\":\"ImageObject\",\"inLanguage\":\"fi\",\"@id\":\"https:\/\/rotary.fi\/pori\/keita-olemme\/vuositeema\/#primaryimage\",\"url\":\"https:\/\/rotary.fi\/pori\/wp-content\/uploads\/sites\/80\/2024\/08\/t2425en-logo-rgb.png\",\"contentUrl\":\"https:\/\/rotary.fi\/pori\/wp-content\/uploads\/sites\/80\/2024\/08\/t2425en-logo-rgb.png\",\"width\":2804,\"height\":1659},{\"@type\":\"BreadcrumbList\",\"@id\":\"https:\/\/rotary.fi\/pori\/keita-olemme\/vuositeema\/#breadcrumb\",\"itemListElement\":[{\"@type\":\"ListItem\",\"position\":1,\"name\":\"Home\",\"item\":\"https:\/\/rotary.fi\/pori\/\"},{\"@type\":\"ListItem\",\"position\":2,\"name\":\"Keit\u00e4 olemme\",\"item\":\"https:\/\/rotary.fi\/pori\/keita-olemme\/\"},{\"@type\":\"ListItem\",\"position\":3,\"name\":\"Vuositeema\"}]},{\"@type\":\"WebSite\",\"@id\":\"https:\/\/rotary.fi\/pori\/#website\",\"url\":\"https:\/\/rotary.fi\/pori\/\",\"name\":\"Porin Rotaryklubi\",\"description\":\"Uusi Rotary klubisivusto\",\"potentialAction\":[{\"@type\":\"SearchAction\",\"target\":{\"@type\":\"EntryPoint\",\"urlTemplate\":\"https:\/\/rotary.fi\/pori\/?s={search_term_string}\"},\"query-input\":{\"@type\":\"PropertyValueSpecification\",\"valueRequired\":true,\"valueName\":\"search_term_string\"}}],\"inLanguage\":\"fi\"}]}<\/script>\n<!-- \/ Yoast SEO plugin. -->","yoast_head_json":{"title":"Vuositeema - Porin Rotaryklubi","robots":{"index":"index","follow":"follow","max-snippet":"max-snippet:-1","max-image-preview":"max-image-preview:large","max-video-preview":"max-video-preview:-1"},"canonical":"https:\/\/rotary.fi\/pori\/keita-olemme\/vuositeema\/","og_locale":"fi_FI","og_type":"article","og_title":"Vuositeema - Porin Rotaryklubi","og_description":"Vuositeema &nbsp; Rotary Internationalin vuositeema Rotary Internationalin presidentti Stephanie A. Urchickin teema kuluvalle rotaryvuodelle on \u201dThe Magic of Rotary\u201d &nbsp; Porin Rotaryklubin vuositeema Porin Rotaryklubin vuositeema 2024-2025 on talouden ja riskien hallinta. Klubimme kauden kokousohjelma k\u00e4sittelee laajasti ja monipuolisesti taloudenpidon ja riskienhallinnan n\u00e4k\u00f6kulmia eri toimialoilla, teht\u00e4viss\u00e4 ja yhteiskunnan eri sektoreilla. Klubin palveluprojektit ovat pidemp\u00e4\u00e4n painottuneet [&hellip;]","og_url":"https:\/\/rotary.fi\/pori\/keita-olemme\/vuositeema\/","og_site_name":"Porin Rotaryklubi","article_modified_time":"2024-08-12T05:50:06+00:00","og_image":[{"url":"https:\/\/rotary.fi\/pori\/wp-content\/uploads\/sites\/80\/2024\/08\/t2425en-logo-rgb-1024x606.png","type":"","width":"","height":""}],"twitter_card":"summary_large_image","twitter_misc":{"Arvioitu lukuaika":"2 minuuttia"},"schema":{"@context":"https:\/\/schema.org","@graph":[{"@type":"WebPage","@id":"https:\/\/rotary.fi\/pori\/keita-olemme\/vuositeema\/","url":"https:\/\/rotary.fi\/pori\/keita-olemme\/vuositeema\/","name":"Vuositeema - Porin Rotaryklubi","isPartOf":{"@id":"https:\/\/rotary.fi\/pori\/#website"},"primaryImageOfPage":{"@id":"https:\/\/rotary.fi\/pori\/keita-olemme\/vuositeema\/#primaryimage"},"image":{"@id":"https:\/\/rotary.fi\/pori\/keita-olemme\/vuositeema\/#primaryimage"},"thumbnailUrl":"https:\/\/rotary.fi\/pori\/wp-content\/uploads\/sites\/80\/2024\/08\/t2425en-logo-rgb-1024x606.png","datePublished":"2018-08-10T11:01:44+00:00","dateModified":"2024-08-12T05:50:06+00:00","breadcrumb":{"@id":"https:\/\/rotary.fi\/pori\/keita-olemme\/vuositeema\/#breadcrumb"},"inLanguage":"fi","potentialAction":[{"@type":"ReadAction","target":["https:\/\/rotary.fi\/pori\/keita-olemme\/vuositeema\/"]}]},{"@type":"ImageObject","inLanguage":"fi","@id":"https:\/\/rotary.fi\/pori\/keita-olemme\/vuositeema\/#primaryimage","url":"https:\/\/rotary.fi\/pori\/wp-content\/uploads\/sites\/80\/2024\/08\/t2425en-logo-rgb.png","contentUrl":"https:\/\/rotary.fi\/pori\/wp-content\/uploads\/sites\/80\/2024\/08\/t2425en-logo-rgb.png","width":2804,"height":1659},{"@type":"BreadcrumbList","@id":"https:\/\/rotary.fi\/pori\/keita-olemme\/vuositeema\/#breadcrumb","itemListElement":[{"@type":"ListItem","position":1,"name":"Home","item":"https:\/\/rotary.fi\/pori\/"},{"@type":"ListItem","position":2,"name":"Keit\u00e4 olemme","item":"https:\/\/rotary.fi\/pori\/keita-olemme\/"},{"@type":"ListItem","position":3,"name":"Vuositeema"}]},{"@type":"WebSite","@id":"https:\/\/rotary.fi\/pori\/#website","url":"https:\/\/rotary.fi\/pori\/","name":"Porin Rotaryklubi","description":"Uusi Rotary klubisivusto","potentialAction":[{"@type":"SearchAction","target":{"@type":"EntryPoint","urlTemplate":"https:\/\/rotary.fi\/pori\/?s={search_term_string}"},"query-input":{"@type":"PropertyValueSpecification","valueRequired":true,"valueName":"search_term_string"}}],"inLanguage":"fi"}]}},"lang":"fi","translations":{"fi":138},"pll_sync_post":[],"_links":{"self":[{"href":"https:\/\/rotary.fi\/pori\/wp-json\/wp\/v2\/pages\/138","targetHints":{"allow":["GET"]}}],"collection":[{"href":"https:\/\/rotary.fi\/pori\/wp-json\/wp\/v2\/pages"}],"about":[{"href":"https:\/\/rotary.fi\/pori\/wp-json\/wp\/v2\/types\/page"}],"author":[{"embeddable":true,"href":"https:\/\/rotary.fi\/pori\/wp-json\/wp\/v2\/users\/1"}],"replies":[{"embeddable":true,"href":"https:\/\/rotary.fi\/pori\/wp-json\/wp\/v2\/comments?post=138"}],"version-history":[{"count":9,"href":"https:\/\/rotary.fi\/pori\/wp-json\/wp\/v2\/pages\/138\/revisions"}],"predecessor-version":[{"id":2258,"href":"https:\/\/rotary.fi\/pori\/wp-json\/wp\/v2\/pages\/138\/revisions\/2258"}],"up":[{"embeddable":true,"href":"https:\/\/rotary.fi\/pori\/wp-json\/wp\/v2\/pages\/129"}],"wp:attachment":[{"href":"https:\/\/rotary.fi\/pori\/wp-json\/wp\/v2\/media?parent=138"}],"curies":[{"name":"wp","href":"https:\/\/api.w.org\/{rel}","templated":true}]}}