{"id":98,"date":"2018-08-09T15:17:32","date_gmt":"2018-08-09T12:17:32","guid":{"rendered":"https:\/\/rotary.fi\/klubi2\/?page_id=98"},"modified":"2026-02-18T12:50:38","modified_gmt":"2026-02-18T10:50:38","slug":"yhteystiedot","status":"publish","type":"page","link":"https:\/\/rotary.fi\/piikkio\/yhteystiedot\/","title":{"rendered":"Yhteystiedot"},"content":{"rendered":"<p>[et_pb_section fb_built=&#8221;1&#8243; module_class=&#8221;jumbotron-page&#8221; _builder_version=&#8221;4.16&#8243; background_image=&#8221;https:\/\/rotary.fi\/piikkio\/wp-content\/uploads\/sites\/252\/2018\/10\/rotary_klubit_alasivu_paakuva_15.jpg&#8221; global_colors_info=&#8221;{}&#8221;][et_pb_row _builder_version=&#8221;4.16&#8243; background_size=&#8221;initial&#8221; background_position=&#8221;top_left&#8221; background_repeat=&#8221;repeat&#8221; global_colors_info=&#8221;{}&#8221;][et_pb_column type=&#8221;4_4&#8243; _builder_version=&#8221;4.16&#8243; custom_padding=&#8221;|||&#8221; global_colors_info=&#8221;{}&#8221; custom_padding__hover=&#8221;|||&#8221;][et_pb_text admin_label=&#8221;P\u00e4\u00e4otsikko&#8221; _builder_version=&#8221;4.16&#8243; text_orientation=&#8221;center&#8221; background_layout=&#8221;dark&#8221; global_colors_info=&#8221;{}&#8221;]<\/p>\n<h1>Yhteystiedot<\/h1>\n<p>[\/et_pb_text][\/et_pb_column][\/et_pb_row][\/et_pb_section][et_pb_section fb_built=&#8221;1&#8243; specialty=&#8221;on&#8221; module_class_2=&#8221;sivupalkki&#8221; _builder_version=&#8221;4.16&#8243; global_colors_info=&#8221;{}&#8221;][et_pb_column type=&#8221;2_3&#8243; specialty_columns=&#8221;2&#8243; _builder_version=&#8221;4.16&#8243; custom_padding=&#8221;|||&#8221; global_colors_info=&#8221;{}&#8221; custom_padding__hover=&#8221;|||&#8221;][et_pb_row_inner admin_label=&#8221;Rivi&#8221; _builder_version=&#8221;4.16&#8243; global_colors_info=&#8221;{}&#8221;][et_pb_column_inner saved_specialty_column_type=&#8221;2_3&#8243; _builder_version=&#8221;4.16&#8243; custom_padding=&#8221;|||&#8221; global_colors_info=&#8221;{}&#8221; custom_padding__hover=&#8221;|||&#8221;][et_pb_text admin_label=&#8221;Otsikko ennen teksti\u00e4 &#8211; Yhteystiedot&#8221; _builder_version=&#8221;4.16&#8243; text_orientation=&#8221;center&#8221; global_colors_info=&#8221;{}&#8221;]<\/p>\n<h1>Yhteystiedot<\/h1>\n<p>[\/et_pb_text][\/et_pb_column_inner][\/et_pb_row_inner][et_pb_row_inner column_structure=&#8221;1_2,1_2&#8243; admin_label=&#8221;Rivi&#8221; _builder_version=&#8221;4.16&#8243; custom_margin=&#8221;||20px|&#8221; custom_padding=&#8221;||20px|&#8221; border_width_bottom=&#8221;1px&#8221; border_color_bottom=&#8221;#d8d8d8&#8243; global_colors_info=&#8221;{}&#8221;][et_pb_column_inner type=&#8221;1_2&#8243; saved_specialty_column_type=&#8221;2_3&#8243; _builder_version=&#8221;4.16&#8243; custom_padding=&#8221;||20px|&#8221; global_colors_info=&#8221;{}&#8221; custom_padding__hover=&#8221;|||&#8221;][et_pb_text admin_label=&#8221;Kokoontumispaikka&#8221; _builder_version=&#8221;4.16&#8243; global_colors_info=&#8221;{}&#8221;]<\/p>\n<p><strong>Kokoontumispaikka:<\/strong><br \/>Tuorlan Majatalon kahvilassa,<br \/><span style=\"font-size: 16px\">osoiteessa:<br \/><\/span><span style=\"font-size: 16px\">Tuorlantie 1, Piikki\u00f6.<\/span><\/p>\n<p><strong>Kokoontumisaika:<\/strong><br \/>Torstaisin klo 17.30<br \/>Ohjelmasta l\u00f6yd\u00e4t poikkeavat kokouspaikat ja -ajat.<\/p>\n<p>[\/et_pb_text][\/et_pb_column_inner][et_pb_column_inner type=&#8221;1_2&#8243; saved_specialty_column_type=&#8221;2_3&#8243; _builder_version=&#8221;4.16&#8243; custom_padding=&#8221;||20px|&#8221; global_colors_info=&#8221;{}&#8221; custom_padding__hover=&#8221;|||&#8221;][et_pb_map address=&#8221;Tuorlantie 1, 21500 Piikki\u00f6&#8221; zoom_level=&#8221;16&#8243; address_lat=&#8221;62.7900055&#8243; address_lng=&#8221;22.84615370000006&#8243; admin_label=&#8221;Kokoontumispaikka &#8211; Kartta&#8221; _builder_version=&#8221;4.22.1&#8243; global_colors_info=&#8221;{}&#8221;][et_pb_map_pin title=&#8221;Tuorlan Majatalo&#8221; pin_address=&#8221;Tuorlantie 1, 21500 Piikki\u00f6&#8221; pin_address_lat=&#8221;62.7900055&#8243; pin_address_lng=&#8221;22.84615370000006&#8243; _builder_version=&#8221;4.22.1&#8243; global_colors_info=&#8221;{}&#8221;][\/et_pb_map_pin][\/et_pb_map][\/et_pb_column_inner][\/et_pb_row_inner][et_pb_row_inner column_structure=&#8221;1_2,1_2&#8243; admin_label=&#8221;Rivi&#8221; _builder_version=&#8221;4.16&#8243; custom_margin=&#8221;20px||7px|||&#8221; custom_padding=&#8221;20px||20px|&#8221; hover_enabled=&#8221;0&#8243; global_colors_info=&#8221;{}&#8221; sticky_enabled=&#8221;0&#8243;][et_pb_column_inner type=&#8221;1_2&#8243; saved_specialty_column_type=&#8221;2_3&#8243; _builder_version=&#8221;4.16&#8243; custom_padding=&#8221;||20px|&#8221; global_colors_info=&#8221;{}&#8221; custom_padding__hover=&#8221;|||&#8221;][et_pb_text admin_label=&#8221;Presidentti&#8221; _builder_version=&#8221;4.27.0&#8243; custom_padding=&#8221;||18px|||&#8221; global_colors_info=&#8221;{}&#8221;]<\/p>\n<h3>Presidentti<\/h3>\n<p>Jyrki Alonen<\/p>\n<p>alonenjyrki@gmail.com<\/p>\n<p>&nbsp;<\/p>\n<p>&nbsp;<\/p>\n<p>[\/et_pb_text][\/et_pb_column_inner][et_pb_column_inner type=&#8221;1_2&#8243; saved_specialty_column_type=&#8221;2_3&#8243; _builder_version=&#8221;4.16&#8243; custom_padding=&#8221;||20px|&#8221; global_colors_info=&#8221;{}&#8221; custom_padding__hover=&#8221;|||&#8221;][et_pb_text admin_label=&#8221;Sihteeri&#8221; _builder_version=&#8221;4.27.4&#8243; hover_enabled=&#8221;0&#8243; global_colors_info=&#8221;{}&#8221; sticky_enabled=&#8221;0&#8243;]<\/p>\n<h3>Sihteeri<\/h3>\n<p>Petri Lehtovaara<br \/>petri.lehtovaara@gmail.com<\/p>\n<p>[\/et_pb_text][\/et_pb_column_inner][\/et_pb_row_inner][et_pb_row_inner admin_label=&#8221;Rivi&#8221; _builder_version=&#8221;4.16&#8243; global_colors_info=&#8221;{}&#8221;][et_pb_column_inner saved_specialty_column_type=&#8221;2_3&#8243; _builder_version=&#8221;4.16&#8243; custom_padding=&#8221;|||&#8221; global_colors_info=&#8221;{}&#8221; custom_padding__hover=&#8221;|||&#8221;][et_pb_text admin_label=&#8221;Muut t\u00e4rke\u00e4t yhteyshenkil\u00f6t&#8221; _builder_version=&#8221;4.27.4&#8243; min_height=&#8221;34px&#8221; custom_margin=&#8221;20px|||&#8221; hover_enabled=&#8221;0&#8243; global_colors_info=&#8221;{}&#8221; text_line_height=&#8221;1.3em&#8221; sticky_enabled=&#8221;0&#8243;]<\/p>\n<h3 class=\"_aupe copyable-text x15bjb6t x1n2onr6\"><span class=\"_aupe copyable-text xkrh14z\"><strong>Laskutustiedot<\/strong>:<\/span><\/h3>\n<p class=\"_aupe copyable-text x15bjb6t x1n2onr6\"><span class=\"_aupe copyable-text xkrh14z\">Verkkolaskuosoite: 003709686328 <\/span><\/p>\n<p class=\"_aupe copyable-text x15bjb6t x1n2onr6\"><span class=\"_aupe copyable-text xkrh14z\">Operaattori: Apix Messaging Oy<\/span><\/p>\n<p class=\"_aupe copyable-text x15bjb6t x1n2onr6\"><span class=\"_aupe copyable-text xkrh14z\">Operaattoritunnus: 003723327487<\/span><\/p>\n<p class=\"_aupe copyable-text x15bjb6t x1n2onr6\"><span class=\"_aupe copyable-text xkrh14z\">Mik\u00e4li k\u00e4ytet\u00e4\u00e4n operaattorina Handelsbankenia tai Paikallisosuuspankkia verkkolaskun l\u00e4hett\u00e4miseen, tulee k\u00e4ytt\u00e4\u00e4 seuraavaa osoitetta:<\/span><\/p>\n<p class=\"_aupe copyable-text x15bjb6t x1n2onr6\"><span class=\"_aupe copyable-text xkrh14z\">Verkkolaskuosoite: 003723327487<\/span><\/p>\n<p class=\"_aupe copyable-text x15bjb6t x1n2onr6\"><span class=\"_aupe copyable-text xkrh14z\">Operaattoritunnus: DABAFIHH<\/span><\/p>\n<p class=\"_aupe copyable-text x15bjb6t x1n2onr6\"><span class=\"_aupe copyable-text xkrh14z\"><strong>Laskutuksen<\/strong> <strong>postiosoite<\/strong>:<\/span><\/p>\n<p class=\"_aupe copyable-text x15bjb6t x1n2onr6\"><span class=\"_aupe copyable-text xkrh14z\">C\/o Tili- ja is\u00e4nn\u00f6intitoimisto Haukij\u00e4rvi Oy<\/span><\/p>\n<p class=\"_aupe copyable-text x15bjb6t x1n2onr6\"><span class=\"_aupe copyable-text xkrh14z\">Torninkatu 1a, 20100 Turku.<\/span><\/p>\n<p><strong>Laskutuksen yhteyshenkil\u00f6:<\/strong><\/p>\n<p class=\"_aupe copyable-text x15bjb6t x1n2onr6\"><span class=\"_aupe copyable-text xkrh14z\">Timo Haukij\u00e4rvi, rahastonhoitaja<\/span><\/p>\n<p class=\"_aupe copyable-text x15bjb6t x1n2onr6\"><span class=\"_aupe copyable-text xkrh14z\">040 588 5456<\/span><\/p>\n<p class=\"_aupe copyable-text x15bjb6t x1n2onr6\"><span class=\"_aupe copyable-text xkrh14z\">timo@haukijarvi.fi<\/span><\/p>\n<p>[\/et_pb_text][\/et_pb_column_inner][\/et_pb_row_inner][\/et_pb_column][et_pb_column type=&#8221;1_3&#8243; _builder_version=&#8221;4.16&#8243; custom_padding=&#8221;|||&#8221; global_colors_info=&#8221;{}&#8221; custom_padding__hover=&#8221;|||&#8221;][et_pb_sidebar area=&#8221;sidebar-1&#8243; module_class=&#8221;sivupalkki_sisalto&#8221; _builder_version=&#8221;4.16&#8243; global_colors_info=&#8221;{}&#8221;]<\/p>\n<p>&nbsp;<\/p>\n<p>[\/et_pb_sidebar][\/et_pb_column][\/et_pb_section]<\/p>\n","protected":false},"excerpt":{"rendered":"<p>Yhteystiedot Yhteystiedot Kokoontumispaikka:Tuorlan Majatalon kahvilassa,osoiteessa:Tuorlantie 1, Piikki\u00f6. Kokoontumisaika:Torstaisin klo 17.30Ohjelmasta l\u00f6yd\u00e4t poikkeavat kokouspaikat ja -ajat.Presidentti Jyrki Alonen alonenjyrki@gmail.com &nbsp; &nbsp;Sihteeri Petri Lehtovaarapetri.lehtovaara@gmail.comLaskutustiedot: Verkkolaskuosoite: 003709686328 Operaattori: Apix Messaging Oy Operaattoritunnus: 003723327487 Mik\u00e4li k\u00e4ytet\u00e4\u00e4n operaattorina Handelsbankenia tai Paikallisosuuspankkia verkkolaskun l\u00e4hett\u00e4miseen, tulee k\u00e4ytt\u00e4\u00e4 seuraavaa osoitetta: Verkkolaskuosoite: 003723327487 Operaattoritunnus: DABAFIHH Laskutuksen postiosoite: C\/o Tili- ja is\u00e4nn\u00f6intitoimisto Haukij\u00e4rvi Oy Torninkatu [&hellip;]<\/p>\n","protected":false},"author":1,"featured_media":0,"parent":0,"menu_order":0,"comment_status":"closed","ping_status":"closed","template":"","meta":{"_acf_changed":false,"_et_pb_use_builder":"on","_et_pb_old_content":"","_et_gb_content_width":"","footnotes":""},"class_list":["post-98","page","type-page","status-publish","hentry"],"acf":[],"yoast_head":"<!-- This site is optimized with the Yoast SEO plugin v27.4 - https:\/\/yoast.com\/product\/yoast-seo-wordpress\/ -->\n<title>Yhteystiedot - Piikki\u00f6n Rotaryklubi<\/title>\n<meta name=\"robots\" content=\"index, follow, max-snippet:-1, max-image-preview:large, max-video-preview:-1\" \/>\n<link rel=\"canonical\" href=\"https:\/\/rotary.fi\/piikkio\/yhteystiedot\/\" \/>\n<meta property=\"og:locale\" content=\"fi_FI\" \/>\n<meta property=\"og:type\" content=\"article\" \/>\n<meta property=\"og:title\" content=\"Yhteystiedot - Piikki\u00f6n Rotaryklubi\" \/>\n<meta property=\"og:description\" content=\"Yhteystiedot Yhteystiedot Kokoontumispaikka:Tuorlan Majatalon kahvilassa,osoiteessa:Tuorlantie 1, Piikki\u00f6. Kokoontumisaika:Torstaisin klo 17.30Ohjelmasta l\u00f6yd\u00e4t poikkeavat kokouspaikat ja -ajat.Presidentti Jyrki Alonen alonenjyrki@gmail.com &nbsp; &nbsp;Sihteeri Petri Lehtovaarapetri.lehtovaara@gmail.comLaskutustiedot: Verkkolaskuosoite: 003709686328 Operaattori: Apix Messaging Oy Operaattoritunnus: 003723327487 Mik\u00e4li k\u00e4ytet\u00e4\u00e4n operaattorina Handelsbankenia tai Paikallisosuuspankkia verkkolaskun l\u00e4hett\u00e4miseen, tulee k\u00e4ytt\u00e4\u00e4 seuraavaa osoitetta: Verkkolaskuosoite: 003723327487 Operaattoritunnus: DABAFIHH Laskutuksen postiosoite: C\/o Tili- ja is\u00e4nn\u00f6intitoimisto Haukij\u00e4rvi Oy Torninkatu [&hellip;]\" \/>\n<meta property=\"og:url\" content=\"https:\/\/rotary.fi\/piikkio\/yhteystiedot\/\" \/>\n<meta property=\"og:site_name\" content=\"Piikki\u00f6n Rotaryklubi\" \/>\n<meta property=\"article:modified_time\" content=\"2026-02-18T10:50:38+00:00\" \/>\n<meta name=\"twitter:card\" content=\"summary_large_image\" \/>\n<meta name=\"twitter:label1\" content=\"Arvioitu lukuaika\" \/>\n\t<meta name=\"twitter:data1\" content=\"1 minuutti\" \/>\n<script type=\"application\/ld+json\" class=\"yoast-schema-graph\">{\"@context\":\"https:\\\/\\\/schema.org\",\"@graph\":[{\"@type\":\"WebPage\",\"@id\":\"https:\\\/\\\/rotary.fi\\\/piikkio\\\/yhteystiedot\\\/\",\"url\":\"https:\\\/\\\/rotary.fi\\\/piikkio\\\/yhteystiedot\\\/\",\"name\":\"Yhteystiedot - Piikki\u00f6n Rotaryklubi\",\"isPartOf\":{\"@id\":\"https:\\\/\\\/rotary.fi\\\/piikkio\\\/#website\"},\"datePublished\":\"2018-08-09T12:17:32+00:00\",\"dateModified\":\"2026-02-18T10:50:38+00:00\",\"breadcrumb\":{\"@id\":\"https:\\\/\\\/rotary.fi\\\/piikkio\\\/yhteystiedot\\\/#breadcrumb\"},\"inLanguage\":\"fi\",\"potentialAction\":[{\"@type\":\"ReadAction\",\"target\":[\"https:\\\/\\\/rotary.fi\\\/piikkio\\\/yhteystiedot\\\/\"]}]},{\"@type\":\"BreadcrumbList\",\"@id\":\"https:\\\/\\\/rotary.fi\\\/piikkio\\\/yhteystiedot\\\/#breadcrumb\",\"itemListElement\":[{\"@type\":\"ListItem\",\"position\":1,\"name\":\"Home\",\"item\":\"https:\\\/\\\/rotary.fi\\\/piikkio\\\/\"},{\"@type\":\"ListItem\",\"position\":2,\"name\":\"Yhteystiedot\"}]},{\"@type\":\"WebSite\",\"@id\":\"https:\\\/\\\/rotary.fi\\\/piikkio\\\/#website\",\"url\":\"https:\\\/\\\/rotary.fi\\\/piikkio\\\/\",\"name\":\"Piikki\u00f6n Rotaryklubi\",\"description\":\"Uusi Rotary klubisivusto\",\"publisher\":{\"@id\":\"https:\\\/\\\/rotary.fi\\\/piikkio\\\/#organization\"},\"potentialAction\":[{\"@type\":\"SearchAction\",\"target\":{\"@type\":\"EntryPoint\",\"urlTemplate\":\"https:\\\/\\\/rotary.fi\\\/piikkio\\\/?s={search_term_string}\"},\"query-input\":{\"@type\":\"PropertyValueSpecification\",\"valueRequired\":true,\"valueName\":\"search_term_string\"}}],\"inLanguage\":\"fi\"},{\"@type\":\"Organization\",\"@id\":\"https:\\\/\\\/rotary.fi\\\/piikkio\\\/#organization\",\"name\":\"Piikki\u00f6n Rotaryklubi\",\"url\":\"https:\\\/\\\/rotary.fi\\\/piikkio\\\/\",\"logo\":{\"@type\":\"ImageObject\",\"inLanguage\":\"fi\",\"@id\":\"https:\\\/\\\/rotary.fi\\\/piikkio\\\/#\\\/schema\\\/logo\\\/image\\\/\",\"url\":\"https:\\\/\\\/rotary.fi\\\/piikkio\\\/wp-content\\\/uploads\\\/sites\\\/252\\\/2018\\\/08\\\/rotary-logo-main-2.png\",\"contentUrl\":\"https:\\\/\\\/rotary.fi\\\/piikkio\\\/wp-content\\\/uploads\\\/sites\\\/252\\\/2018\\\/08\\\/rotary-logo-main-2.png\",\"width\":135,\"height\":52,\"caption\":\"Piikki\u00f6n Rotaryklubi\"},\"image\":{\"@id\":\"https:\\\/\\\/rotary.fi\\\/piikkio\\\/#\\\/schema\\\/logo\\\/image\\\/\"}}]}<\/script>\n<!-- \/ Yoast SEO plugin. -->","yoast_head_json":{"title":"Yhteystiedot - Piikki\u00f6n Rotaryklubi","robots":{"index":"index","follow":"follow","max-snippet":"max-snippet:-1","max-image-preview":"max-image-preview:large","max-video-preview":"max-video-preview:-1"},"canonical":"https:\/\/rotary.fi\/piikkio\/yhteystiedot\/","og_locale":"fi_FI","og_type":"article","og_title":"Yhteystiedot - Piikki\u00f6n Rotaryklubi","og_description":"Yhteystiedot Yhteystiedot Kokoontumispaikka:Tuorlan Majatalon kahvilassa,osoiteessa:Tuorlantie 1, Piikki\u00f6. Kokoontumisaika:Torstaisin klo 17.30Ohjelmasta l\u00f6yd\u00e4t poikkeavat kokouspaikat ja -ajat.Presidentti Jyrki Alonen alonenjyrki@gmail.com &nbsp; &nbsp;Sihteeri Petri Lehtovaarapetri.lehtovaara@gmail.comLaskutustiedot: Verkkolaskuosoite: 003709686328 Operaattori: Apix Messaging Oy Operaattoritunnus: 003723327487 Mik\u00e4li k\u00e4ytet\u00e4\u00e4n operaattorina Handelsbankenia tai Paikallisosuuspankkia verkkolaskun l\u00e4hett\u00e4miseen, tulee k\u00e4ytt\u00e4\u00e4 seuraavaa osoitetta: Verkkolaskuosoite: 003723327487 Operaattoritunnus: DABAFIHH Laskutuksen postiosoite: C\/o Tili- ja is\u00e4nn\u00f6intitoimisto Haukij\u00e4rvi Oy Torninkatu [&hellip;]","og_url":"https:\/\/rotary.fi\/piikkio\/yhteystiedot\/","og_site_name":"Piikki\u00f6n Rotaryklubi","article_modified_time":"2026-02-18T10:50:38+00:00","twitter_card":"summary_large_image","twitter_misc":{"Arvioitu lukuaika":"1 minuutti"},"schema":{"@context":"https:\/\/schema.org","@graph":[{"@type":"WebPage","@id":"https:\/\/rotary.fi\/piikkio\/yhteystiedot\/","url":"https:\/\/rotary.fi\/piikkio\/yhteystiedot\/","name":"Yhteystiedot - Piikki\u00f6n Rotaryklubi","isPartOf":{"@id":"https:\/\/rotary.fi\/piikkio\/#website"},"datePublished":"2018-08-09T12:17:32+00:00","dateModified":"2026-02-18T10:50:38+00:00","breadcrumb":{"@id":"https:\/\/rotary.fi\/piikkio\/yhteystiedot\/#breadcrumb"},"inLanguage":"fi","potentialAction":[{"@type":"ReadAction","target":["https:\/\/rotary.fi\/piikkio\/yhteystiedot\/"]}]},{"@type":"BreadcrumbList","@id":"https:\/\/rotary.fi\/piikkio\/yhteystiedot\/#breadcrumb","itemListElement":[{"@type":"ListItem","position":1,"name":"Home","item":"https:\/\/rotary.fi\/piikkio\/"},{"@type":"ListItem","position":2,"name":"Yhteystiedot"}]},{"@type":"WebSite","@id":"https:\/\/rotary.fi\/piikkio\/#website","url":"https:\/\/rotary.fi\/piikkio\/","name":"Piikki\u00f6n Rotaryklubi","description":"Uusi Rotary klubisivusto","publisher":{"@id":"https:\/\/rotary.fi\/piikkio\/#organization"},"potentialAction":[{"@type":"SearchAction","target":{"@type":"EntryPoint","urlTemplate":"https:\/\/rotary.fi\/piikkio\/?s={search_term_string}"},"query-input":{"@type":"PropertyValueSpecification","valueRequired":true,"valueName":"search_term_string"}}],"inLanguage":"fi"},{"@type":"Organization","@id":"https:\/\/rotary.fi\/piikkio\/#organization","name":"Piikki\u00f6n Rotaryklubi","url":"https:\/\/rotary.fi\/piikkio\/","logo":{"@type":"ImageObject","inLanguage":"fi","@id":"https:\/\/rotary.fi\/piikkio\/#\/schema\/logo\/image\/","url":"https:\/\/rotary.fi\/piikkio\/wp-content\/uploads\/sites\/252\/2018\/08\/rotary-logo-main-2.png","contentUrl":"https:\/\/rotary.fi\/piikkio\/wp-content\/uploads\/sites\/252\/2018\/08\/rotary-logo-main-2.png","width":135,"height":52,"caption":"Piikki\u00f6n Rotaryklubi"},"image":{"@id":"https:\/\/rotary.fi\/piikkio\/#\/schema\/logo\/image\/"}}]}},"lang":"fi","translations":{"fi":98},"pll_sync_post":[],"_links":{"self":[{"href":"https:\/\/rotary.fi\/piikkio\/wp-json\/wp\/v2\/pages\/98","targetHints":{"allow":["GET"]}}],"collection":[{"href":"https:\/\/rotary.fi\/piikkio\/wp-json\/wp\/v2\/pages"}],"about":[{"href":"https:\/\/rotary.fi\/piikkio\/wp-json\/wp\/v2\/types\/page"}],"author":[{"embeddable":true,"href":"https:\/\/rotary.fi\/piikkio\/wp-json\/wp\/v2\/users\/1"}],"replies":[{"embeddable":true,"href":"https:\/\/rotary.fi\/piikkio\/wp-json\/wp\/v2\/comments?post=98"}],"version-history":[{"count":9,"href":"https:\/\/rotary.fi\/piikkio\/wp-json\/wp\/v2\/pages\/98\/revisions"}],"predecessor-version":[{"id":2205,"href":"https:\/\/rotary.fi\/piikkio\/wp-json\/wp\/v2\/pages\/98\/revisions\/2205"}],"wp:attachment":[{"href":"https:\/\/rotary.fi\/piikkio\/wp-json\/wp\/v2\/media?parent=98"}],"curies":[{"name":"wp","href":"https:\/\/api.w.org\/{rel}","templated":true}]}}