{"id":77,"date":"2018-08-09T14:01:56","date_gmt":"2018-08-09T11:01:56","guid":{"rendered":"https:\/\/rotary.fi\/klubi2\/?page_id=77"},"modified":"2024-04-03T20:19:17","modified_gmt":"2024-04-03T17:19:17","slug":"mita-teemme","status":"publish","type":"page","link":"https:\/\/rotary.fi\/piikkio\/mita-teemme\/","title":{"rendered":"Mit\u00e4 teemme"},"content":{"rendered":"<p>[et_pb_section fb_built=&#8221;1&#8243; module_class=&#8221;jumbotron-page&#8221; _builder_version=&#8221;4.22.1&#8243; background_image=&#8221;https:\/\/rotary.fi\/piikkio\/wp-content\/uploads\/sites\/252\/2024\/04\/piikkiopaivillapiikkionrotaryklubi-1.jpg&#8221; hover_enabled=&#8221;0&#8243; global_colors_info=&#8221;{}&#8221; title_text=&#8221;PiikkioPaivillaPiikkionRotaryklubi&#8221; background_position=&#8221;center_right&#8221; background_horizontal_offset=&#8221;4%&#8221; sticky_enabled=&#8221;0&#8243;][et_pb_row _builder_version=&#8221;4.16&#8243; background_size=&#8221;initial&#8221; background_position=&#8221;top_left&#8221; background_repeat=&#8221;repeat&#8221; global_colors_info=&#8221;{}&#8221;][et_pb_column type=&#8221;4_4&#8243; _builder_version=&#8221;4.16&#8243; custom_padding=&#8221;|||&#8221; global_colors_info=&#8221;{}&#8221; custom_padding__hover=&#8221;|||&#8221;][et_pb_text admin_label=&#8221;P\u00e4\u00e4otsikko&#8221; _builder_version=&#8221;4.16&#8243; text_orientation=&#8221;center&#8221; background_layout=&#8221;dark&#8221; global_colors_info=&#8221;{}&#8221;]<\/p>\n<h1>Mit\u00e4 teemme<\/h1>\n<p>[\/et_pb_text][\/et_pb_column][\/et_pb_row][\/et_pb_section][et_pb_section fb_built=&#8221;1&#8243; specialty=&#8221;on&#8221; module_class_2=&#8221;sivupalkki&#8221; _builder_version=&#8221;4.16&#8243; global_colors_info=&#8221;{}&#8221;][et_pb_column type=&#8221;2_3&#8243; specialty_columns=&#8221;2&#8243; _builder_version=&#8221;4.16&#8243; custom_padding=&#8221;|||&#8221; global_colors_info=&#8221;{}&#8221; custom_padding__hover=&#8221;|||&#8221;][et_pb_row_inner admin_label=&#8221;Rivi&#8221; _builder_version=&#8221;4.16&#8243; global_colors_info=&#8221;{}&#8221;][et_pb_column_inner saved_specialty_column_type=&#8221;2_3&#8243; _builder_version=&#8221;4.16&#8243; custom_padding=&#8221;|||&#8221; global_colors_info=&#8221;{}&#8221; custom_padding__hover=&#8221;|||&#8221;][et_pb_text admin_label=&#8221;Otsikko&#8221; _builder_version=&#8221;4.16&#8243; text_orientation=&#8221;center&#8221; global_colors_info=&#8221;{}&#8221;]<\/p>\n<h1>Mit\u00e4 teemme<\/h1>\n<p>[\/et_pb_text][et_pb_text _builder_version=&#8221;4.16&#8243; global_colors_info=&#8221;{}&#8221;]<\/p>\n<p>Rotarien veljesaatetta pidet\u00e4\u00e4n yll\u00e4 esimerkiksi ulkomaanmatkoilla, joita klubi on tehnyt vuosittain vuodesta 2001 alkaen. Matkat ovat yleens\u00e4 suuntautuneet suurkaupunkeihin Euroopassa, joten linnoja on kierretty niin Ruotsissa kuin Virossakin. Kerran matka on suuntautunut jopa Floridaan saakka! Ulkomaanmatkoilla on tietenkin ollut puolisot eli \u201davecit\u201d mukana.<\/p>\n<p>Piikki\u00f6n Rotaryklubilla j\u00e4rjestet\u00e4\u00e4n vuosittain runsaasti Avec-tilaisuuksia esimerkiksi: vuosijuhla, yritysvierailuja ja teatterimatkoja. T\u00e4m\u00e4 antaa monelle veljelle mahdollisuuden osallistua klubin toimintaan \u2013 kotona tunnetaan, keiden kanssa vapaa-aikaa vietet\u00e4\u00e4n.<\/p>\n<p>Kesken\u00e4\u00e4n vietet\u00e4\u00e4n my\u00f6s veljesiltoja ja viiten\u00e4 vuotena veljet ovat k\u00e4yneet yhdess\u00e4 Lapissa hiiht\u00e4m\u00e4ss\u00e4 ensilumella.<\/p>\n<p>[\/et_pb_text][\/et_pb_column_inner][\/et_pb_row_inner][\/et_pb_column][et_pb_column type=&#8221;1_3&#8243; _builder_version=&#8221;4.16&#8243; custom_padding=&#8221;|||&#8221; global_colors_info=&#8221;{}&#8221; custom_padding__hover=&#8221;|||&#8221;][et_pb_sidebar area=&#8221;sidebar-1&#8243; module_class=&#8221;sivupalkki_sisalto&#8221; _builder_version=&#8221;4.16&#8243; locked=&#8221;on&#8221; global_colors_info=&#8221;{}&#8221;][\/et_pb_sidebar][\/et_pb_column][\/et_pb_section]<\/p>\n","protected":false},"excerpt":{"rendered":"<p>Mit\u00e4 teemme Mit\u00e4 teemme Rotarien veljesaatetta pidet\u00e4\u00e4n yll\u00e4 esimerkiksi ulkomaanmatkoilla, joita klubi on tehnyt vuosittain vuodesta 2001 alkaen. Matkat ovat yleens\u00e4 suuntautuneet suurkaupunkeihin Euroopassa, joten linnoja on kierretty niin Ruotsissa kuin Virossakin. Kerran matka on suuntautunut jopa Floridaan saakka! Ulkomaanmatkoilla on tietenkin ollut puolisot eli \u201davecit\u201d mukana. Piikki\u00f6n Rotaryklubilla j\u00e4rjestet\u00e4\u00e4n vuosittain runsaasti Avec-tilaisuuksia esimerkiksi: vuosijuhla, [&hellip;]<\/p>\n","protected":false},"author":1,"featured_media":0,"parent":0,"menu_order":0,"comment_status":"closed","ping_status":"closed","template":"","meta":{"_acf_changed":false,"_et_pb_use_builder":"on","_et_pb_old_content":"","_et_gb_content_width":"","footnotes":""},"class_list":["post-77","page","type-page","status-publish","hentry"],"acf":[],"yoast_head":"<!-- This site is optimized with the Yoast SEO plugin v27.4 - https:\/\/yoast.com\/product\/yoast-seo-wordpress\/ -->\n<title>Mit\u00e4 teemme - Piikki\u00f6n Rotaryklubi<\/title>\n<meta name=\"robots\" content=\"index, follow, max-snippet:-1, max-image-preview:large, max-video-preview:-1\" \/>\n<link rel=\"canonical\" href=\"https:\/\/rotary.fi\/piikkio\/mita-teemme\/\" \/>\n<meta property=\"og:locale\" content=\"fi_FI\" \/>\n<meta property=\"og:type\" content=\"article\" \/>\n<meta property=\"og:title\" content=\"Mit\u00e4 teemme - Piikki\u00f6n Rotaryklubi\" \/>\n<meta property=\"og:description\" content=\"Mit\u00e4 teemme Mit\u00e4 teemme Rotarien veljesaatetta pidet\u00e4\u00e4n yll\u00e4 esimerkiksi ulkomaanmatkoilla, joita klubi on tehnyt vuosittain vuodesta 2001 alkaen. Matkat ovat yleens\u00e4 suuntautuneet suurkaupunkeihin Euroopassa, joten linnoja on kierretty niin Ruotsissa kuin Virossakin. Kerran matka on suuntautunut jopa Floridaan saakka! Ulkomaanmatkoilla on tietenkin ollut puolisot eli \u201davecit\u201d mukana. Piikki\u00f6n Rotaryklubilla j\u00e4rjestet\u00e4\u00e4n vuosittain runsaasti Avec-tilaisuuksia esimerkiksi: vuosijuhla, [&hellip;]\" \/>\n<meta property=\"og:url\" content=\"https:\/\/rotary.fi\/piikkio\/mita-teemme\/\" \/>\n<meta property=\"og:site_name\" content=\"Piikki\u00f6n Rotaryklubi\" \/>\n<meta property=\"article:modified_time\" content=\"2024-04-03T17:19:17+00:00\" \/>\n<meta name=\"twitter:card\" content=\"summary_large_image\" \/>\n<meta name=\"twitter:label1\" content=\"Arvioitu lukuaika\" \/>\n\t<meta name=\"twitter:data1\" content=\"1 minuutti\" \/>\n<script type=\"application\/ld+json\" class=\"yoast-schema-graph\">{\"@context\":\"https:\\\/\\\/schema.org\",\"@graph\":[{\"@type\":\"WebPage\",\"@id\":\"https:\\\/\\\/rotary.fi\\\/piikkio\\\/mita-teemme\\\/\",\"url\":\"https:\\\/\\\/rotary.fi\\\/piikkio\\\/mita-teemme\\\/\",\"name\":\"Mit\u00e4 teemme - Piikki\u00f6n Rotaryklubi\",\"isPartOf\":{\"@id\":\"https:\\\/\\\/rotary.fi\\\/piikkio\\\/#website\"},\"datePublished\":\"2018-08-09T11:01:56+00:00\",\"dateModified\":\"2024-04-03T17:19:17+00:00\",\"breadcrumb\":{\"@id\":\"https:\\\/\\\/rotary.fi\\\/piikkio\\\/mita-teemme\\\/#breadcrumb\"},\"inLanguage\":\"fi\",\"potentialAction\":[{\"@type\":\"ReadAction\",\"target\":[\"https:\\\/\\\/rotary.fi\\\/piikkio\\\/mita-teemme\\\/\"]}]},{\"@type\":\"BreadcrumbList\",\"@id\":\"https:\\\/\\\/rotary.fi\\\/piikkio\\\/mita-teemme\\\/#breadcrumb\",\"itemListElement\":[{\"@type\":\"ListItem\",\"position\":1,\"name\":\"Home\",\"item\":\"https:\\\/\\\/rotary.fi\\\/piikkio\\\/\"},{\"@type\":\"ListItem\",\"position\":2,\"name\":\"Mit\u00e4 teemme\"}]},{\"@type\":\"WebSite\",\"@id\":\"https:\\\/\\\/rotary.fi\\\/piikkio\\\/#website\",\"url\":\"https:\\\/\\\/rotary.fi\\\/piikkio\\\/\",\"name\":\"Piikki\u00f6n Rotaryklubi\",\"description\":\"Uusi Rotary klubisivusto\",\"publisher\":{\"@id\":\"https:\\\/\\\/rotary.fi\\\/piikkio\\\/#organization\"},\"potentialAction\":[{\"@type\":\"SearchAction\",\"target\":{\"@type\":\"EntryPoint\",\"urlTemplate\":\"https:\\\/\\\/rotary.fi\\\/piikkio\\\/?s={search_term_string}\"},\"query-input\":{\"@type\":\"PropertyValueSpecification\",\"valueRequired\":true,\"valueName\":\"search_term_string\"}}],\"inLanguage\":\"fi\"},{\"@type\":\"Organization\",\"@id\":\"https:\\\/\\\/rotary.fi\\\/piikkio\\\/#organization\",\"name\":\"Piikki\u00f6n Rotaryklubi\",\"url\":\"https:\\\/\\\/rotary.fi\\\/piikkio\\\/\",\"logo\":{\"@type\":\"ImageObject\",\"inLanguage\":\"fi\",\"@id\":\"https:\\\/\\\/rotary.fi\\\/piikkio\\\/#\\\/schema\\\/logo\\\/image\\\/\",\"url\":\"https:\\\/\\\/rotary.fi\\\/piikkio\\\/wp-content\\\/uploads\\\/sites\\\/252\\\/2018\\\/08\\\/rotary-logo-main-2.png\",\"contentUrl\":\"https:\\\/\\\/rotary.fi\\\/piikkio\\\/wp-content\\\/uploads\\\/sites\\\/252\\\/2018\\\/08\\\/rotary-logo-main-2.png\",\"width\":135,\"height\":52,\"caption\":\"Piikki\u00f6n Rotaryklubi\"},\"image\":{\"@id\":\"https:\\\/\\\/rotary.fi\\\/piikkio\\\/#\\\/schema\\\/logo\\\/image\\\/\"}}]}<\/script>\n<!-- \/ Yoast SEO plugin. -->","yoast_head_json":{"title":"Mit\u00e4 teemme - Piikki\u00f6n Rotaryklubi","robots":{"index":"index","follow":"follow","max-snippet":"max-snippet:-1","max-image-preview":"max-image-preview:large","max-video-preview":"max-video-preview:-1"},"canonical":"https:\/\/rotary.fi\/piikkio\/mita-teemme\/","og_locale":"fi_FI","og_type":"article","og_title":"Mit\u00e4 teemme - Piikki\u00f6n Rotaryklubi","og_description":"Mit\u00e4 teemme Mit\u00e4 teemme Rotarien veljesaatetta pidet\u00e4\u00e4n yll\u00e4 esimerkiksi ulkomaanmatkoilla, joita klubi on tehnyt vuosittain vuodesta 2001 alkaen. Matkat ovat yleens\u00e4 suuntautuneet suurkaupunkeihin Euroopassa, joten linnoja on kierretty niin Ruotsissa kuin Virossakin. Kerran matka on suuntautunut jopa Floridaan saakka! Ulkomaanmatkoilla on tietenkin ollut puolisot eli \u201davecit\u201d mukana. Piikki\u00f6n Rotaryklubilla j\u00e4rjestet\u00e4\u00e4n vuosittain runsaasti Avec-tilaisuuksia esimerkiksi: vuosijuhla, [&hellip;]","og_url":"https:\/\/rotary.fi\/piikkio\/mita-teemme\/","og_site_name":"Piikki\u00f6n Rotaryklubi","article_modified_time":"2024-04-03T17:19:17+00:00","twitter_card":"summary_large_image","twitter_misc":{"Arvioitu lukuaika":"1 minuutti"},"schema":{"@context":"https:\/\/schema.org","@graph":[{"@type":"WebPage","@id":"https:\/\/rotary.fi\/piikkio\/mita-teemme\/","url":"https:\/\/rotary.fi\/piikkio\/mita-teemme\/","name":"Mit\u00e4 teemme - Piikki\u00f6n Rotaryklubi","isPartOf":{"@id":"https:\/\/rotary.fi\/piikkio\/#website"},"datePublished":"2018-08-09T11:01:56+00:00","dateModified":"2024-04-03T17:19:17+00:00","breadcrumb":{"@id":"https:\/\/rotary.fi\/piikkio\/mita-teemme\/#breadcrumb"},"inLanguage":"fi","potentialAction":[{"@type":"ReadAction","target":["https:\/\/rotary.fi\/piikkio\/mita-teemme\/"]}]},{"@type":"BreadcrumbList","@id":"https:\/\/rotary.fi\/piikkio\/mita-teemme\/#breadcrumb","itemListElement":[{"@type":"ListItem","position":1,"name":"Home","item":"https:\/\/rotary.fi\/piikkio\/"},{"@type":"ListItem","position":2,"name":"Mit\u00e4 teemme"}]},{"@type":"WebSite","@id":"https:\/\/rotary.fi\/piikkio\/#website","url":"https:\/\/rotary.fi\/piikkio\/","name":"Piikki\u00f6n Rotaryklubi","description":"Uusi Rotary klubisivusto","publisher":{"@id":"https:\/\/rotary.fi\/piikkio\/#organization"},"potentialAction":[{"@type":"SearchAction","target":{"@type":"EntryPoint","urlTemplate":"https:\/\/rotary.fi\/piikkio\/?s={search_term_string}"},"query-input":{"@type":"PropertyValueSpecification","valueRequired":true,"valueName":"search_term_string"}}],"inLanguage":"fi"},{"@type":"Organization","@id":"https:\/\/rotary.fi\/piikkio\/#organization","name":"Piikki\u00f6n Rotaryklubi","url":"https:\/\/rotary.fi\/piikkio\/","logo":{"@type":"ImageObject","inLanguage":"fi","@id":"https:\/\/rotary.fi\/piikkio\/#\/schema\/logo\/image\/","url":"https:\/\/rotary.fi\/piikkio\/wp-content\/uploads\/sites\/252\/2018\/08\/rotary-logo-main-2.png","contentUrl":"https:\/\/rotary.fi\/piikkio\/wp-content\/uploads\/sites\/252\/2018\/08\/rotary-logo-main-2.png","width":135,"height":52,"caption":"Piikki\u00f6n Rotaryklubi"},"image":{"@id":"https:\/\/rotary.fi\/piikkio\/#\/schema\/logo\/image\/"}}]}},"lang":"fi","translations":{"fi":77},"pll_sync_post":[],"_links":{"self":[{"href":"https:\/\/rotary.fi\/piikkio\/wp-json\/wp\/v2\/pages\/77","targetHints":{"allow":["GET"]}}],"collection":[{"href":"https:\/\/rotary.fi\/piikkio\/wp-json\/wp\/v2\/pages"}],"about":[{"href":"https:\/\/rotary.fi\/piikkio\/wp-json\/wp\/v2\/types\/page"}],"author":[{"embeddable":true,"href":"https:\/\/rotary.fi\/piikkio\/wp-json\/wp\/v2\/users\/1"}],"replies":[{"embeddable":true,"href":"https:\/\/rotary.fi\/piikkio\/wp-json\/wp\/v2\/comments?post=77"}],"version-history":[{"count":9,"href":"https:\/\/rotary.fi\/piikkio\/wp-json\/wp\/v2\/pages\/77\/revisions"}],"predecessor-version":[{"id":1701,"href":"https:\/\/rotary.fi\/piikkio\/wp-json\/wp\/v2\/pages\/77\/revisions\/1701"}],"wp:attachment":[{"href":"https:\/\/rotary.fi\/piikkio\/wp-json\/wp\/v2\/media?parent=77"}],"curies":[{"name":"wp","href":"https:\/\/api.w.org\/{rel}","templated":true}]}}