{"id":129,"date":"2018-08-10T13:41:39","date_gmt":"2018-08-10T10:41:39","guid":{"rendered":"https:\/\/rotary.fi\/klubi2\/?page_id=129"},"modified":"2024-09-18T14:55:10","modified_gmt":"2024-09-18T11:55:10","slug":"keita-olemme","status":"publish","type":"page","link":"https:\/\/rotary.fi\/piikkio\/keita-olemme\/","title":{"rendered":"Keit\u00e4 olemme"},"content":{"rendered":"<p>[et_pb_section fb_built=&#8221;1&#8243; module_class=&#8221;jumbotron-page&#8221; _builder_version=&#8221;4.16&#8243; background_image=&#8221;https:\/\/rotary.fi\/piikkio\/wp-content\/uploads\/sites\/252\/2018\/10\/rotary_klubit_alasivu_paakuva_12.jpg&#8221; global_colors_info=&#8221;{}&#8221;][et_pb_row _builder_version=&#8221;4.16&#8243; background_size=&#8221;initial&#8221; background_position=&#8221;top_left&#8221; background_repeat=&#8221;repeat&#8221; global_colors_info=&#8221;{}&#8221;][et_pb_column type=&#8221;4_4&#8243; _builder_version=&#8221;4.16&#8243; custom_padding=&#8221;|||&#8221; global_colors_info=&#8221;{}&#8221; custom_padding__hover=&#8221;|||&#8221;][et_pb_text admin_label=&#8221;P\u00e4\u00e4otsikko&#8221; _builder_version=&#8221;4.16&#8243; text_orientation=&#8221;center&#8221; background_layout=&#8221;dark&#8221; global_colors_info=&#8221;{}&#8221;]<\/p>\n<h1>Keit\u00e4 olemme<\/h1>\n<p>[\/et_pb_text][\/et_pb_column][\/et_pb_row][\/et_pb_section][et_pb_section fb_built=&#8221;1&#8243; specialty=&#8221;on&#8221; module_class_2=&#8221;sivupalkki&#8221; _builder_version=&#8221;4.16&#8243; global_colors_info=&#8221;{}&#8221;][et_pb_column type=&#8221;2_3&#8243; specialty_columns=&#8221;2&#8243; _builder_version=&#8221;4.16&#8243; custom_padding=&#8221;|||&#8221; global_colors_info=&#8221;{}&#8221; custom_padding__hover=&#8221;|||&#8221;][et_pb_row_inner admin_label=&#8221;Rivi&#8221; _builder_version=&#8221;4.16&#8243; global_colors_info=&#8221;{}&#8221;][et_pb_column_inner saved_specialty_column_type=&#8221;2_3&#8243; _builder_version=&#8221;4.16&#8243; custom_padding=&#8221;|||&#8221; global_colors_info=&#8221;{}&#8221; custom_padding__hover=&#8221;|||&#8221;][et_pb_text admin_label=&#8221;Otsikko&#8221; _builder_version=&#8221;4.16&#8243; text_orientation=&#8221;center&#8221; global_colors_info=&#8221;{}&#8221;]<\/p>\n<h1>Keit\u00e4 olemme<\/h1>\n<p>[\/et_pb_text][et_pb_text _builder_version=&#8221;4.22.1&#8243; global_colors_info=&#8221;{}&#8221;]<\/p>\n<p><strong><span style=\"color: #8300e9\"><\/span><\/strong><\/p>\n<p><span>Piikki\u00f6n Rotaryklubi perustettiin vuonna 1983. Perustaj\u00e4seni\u00e4 oli 20. Klubin j\u00e4senm\u00e4\u00e4r\u00e4 on kuluneiden vuosien aikana kasvanut kaksinkertaisesti.<\/span><\/p>\n<p><span>Rotaryklubin alkuvuosina veljet edustivat tarkemmin eri ammattiryhmi\u00e4 kuin nyky\u00e4\u00e4n. Jokaiselle ammatille oli tarkka luokite, jota valittiin edustamaan alan asiantuntija. Klubin j\u00e4senill\u00e4 oli velvoite l\u00e4sn\u00e4oloon ja poissaolo kokouksista paikattiin k\u00e4ym\u00e4ll\u00e4 naapuriklubeissa kyseisen viikon aikana. Aiemmin joutui jopa maksamaan poissaolomaksun.<\/span><\/p>\n<p><span>Ty\u00f6el\u00e4m\u00e4 on muuttunut ja kilpailu vapaa-ajasta on kiristynyt. Sosiaalisia suhteita luodaan ty\u00f6el\u00e4m\u00e4ss\u00e4 ja erilaisissa harrastuksissa. Verkostoitumesta on tullut suoranainen trendi. Rotariudelle ja aktiivisen ihmisen vapaa-ajalle on tullut vaihtoehtoja ja kilpailijoita, joten luonnollisesti rotarius on muuttunut ja kehittynyt ajan kuluessa. J\u00e4senet voivatkin nyky\u00e4\u00e4n joustavasti k\u00e4yd\u00e4 klubikokouksissa, kun se itselle sopii. Rotareilla on my\u00f6s oikeus k\u00e4yd\u00e4 maailmanlaajuisesti mink\u00e4 tahansa klubin kokouksessa, esimerkiksi ulkomaanmatkan yhteydess\u00e4.<\/span><\/p>\n<p><span>Nyky\u00e4\u00e4n Piikki\u00f6n Rotaryklubi on hyv\u00e4henkisten miesten hyv\u00e4ntekev\u00e4isyysj\u00e4rjest\u00f6, oppimisymp\u00e4rist\u00f6 ja veljeskaarti.<\/span><\/p>\n<p>&nbsp;<\/p>\n<h4>Hyv\u00e4ntekev\u00e4isyys<\/h4>\n<p>Piikki\u00f6 Rotaryklubien hyv\u00e4ntekev\u00e4isyydess\u00e4 suurin kansainv\u00e4linen avustuskohde on ollut PolioPlus-projekti. Maailmanlaajuisesti rotarit ovat ker\u00e4nneet yli miljardi dollaria poliorokotuksiin. Rokotusten avulla polio on l\u00e4hes saatu h\u00e4vitetty\u00e4 maailmasta. Ainoastaan kahdessa maassa maailmassa on poliota en\u00e4\u00e4 j\u00e4ljell\u00e4 ja n\u00e4iden maiden osalta ty\u00f6 jatkuu.<\/p>\n<p>Piikki\u00f6n Rotaryklubi on vuosien aikana lahjoittanut PolioPlus ty\u00f6h\u00f6n yli 10.000 euroa. Hyv\u00e4ntekev\u00e4isyystoimintaa on rahoitettu j\u00e4rjest\u00e4m\u00e4ll\u00e4 hyv\u00e4ntekev\u00e4isyyskonsertti Piikki\u00f6n kirkossa itsen\u00e4isyysp\u00e4iv\u00e4n\u00e4 jo useita kertoja. Klubi on my\u00f6s osallistunut Piikki\u00f6 P\u00e4iv\u00e4 j\u00e4rjestelyihin ja myynyt erilaisia tuotteita. Olemme esimerkiksi valmistaneet Piikki\u00f6n pisimm\u00e4n voileiv\u00e4n ja t\u00e4ytekakun.<\/p>\n<p>Merkitt\u00e4v\u00e4 osa hyv\u00e4ntekev\u00e4isyysvaroista on saatu myym\u00e4ll\u00e4 kunniaveli Kauko Vainikaisen kirjoittamia kirjoja: Monttalai lysti \u2013 Pi\u00e4nt hauska Piikki\u00f6st ja Pakinoi Piikki\u00f6st. Vainikainen on laatinut my\u00f6s Piikki\u00f6st\u00e4 aikoinaan myyntihitti lautapelin.<\/p>\n<p>&nbsp;<\/p>\n<h4>Paikallinen hyv\u00e4ntekev\u00e4isyys<\/h4>\n<p><span>Paikallisesti Piikki\u00f6ss\u00e4 hyv\u00e4ntekev\u00e4isyysty\u00f6n kohteena ovat olleet Piikki\u00f6n nuoret. Klubin alusta asti vaihto-oppilaita on l\u00e4hetetty maailmalle ja vastavuoroisesti otettu t\u00e4nne vieraiksi koteihin.<\/span><br \/><span>Alkuvuosina vuoteen 1999 asti vaihto-oppilaat olivat ns. vuosivaihtareita. Yksi piikki\u00f6l\u00e4inen nuori oli lukuvuoden ulkomailla, usein USA:ssa, ja toinen nuori oli vastaavasti Suomessa lukuvuoden. Kokonaisen lukuvuoden j\u00e4rjestelyt olivat raskaat ja vaihdoimme kes\u00e4vaihtoon.<\/span><\/p>\n<p><span>Vuosittain yksi tai kaksi nuorta on kuukauden kes\u00e4lomastaan\u00a0ulkomaisessa perheess\u00e4, jossa on saman ik\u00e4inen nuori. T\u00e4m\u00e4n perheen nuori tulee taas vastaavasti t\u00e4nne Piikki\u00f6\u00f6n kuukaudeksi. T\u00e4m\u00e4 malli antaa nuorelle kokemusten lis\u00e4ksi hyv\u00e4n uuden kaverin. Suurin ilo on n\u00e4hd\u00e4 n\u00e4iden nuorten innostus, kun he klubissa k\u00e4yv\u00e4t kertomassa kokemuksistaan niin ulkomailla ja vastaavasti me saamme kuulla ulkomaisen nuoren kokemuksia maastamme.<\/span><\/p>\n<p><span>Kohderyhm\u00e4n\u00e4 Piikki\u00f6ss\u00e4 ovat syrj\u00e4ytymisvaarassa olevat nuoret. Heit\u00e4 on tuettu ostamalla nuorisoty\u00f6h\u00f6n harrastusv\u00e4lineit\u00e4, isoimpana trialmoottoripy\u00f6r\u00e4 taitoharjoittelua varten.<\/span><br \/><span>Paikalliselta ratsastustallilta on ostettu ratsastustunteja niin tavalliseen ratsastukseen kuin terapiaratsastukseenkin. Nuoria varten on j\u00e4rjestetty seurakunnan kanssa yhdess\u00e4 musiikkipajoja, joihin p\u00e4\u00e4see varallisuudesta riippumatta. My\u00f6s yksitt\u00e4isi\u00e4 nuoria on tuettu, kun innostusta olisi harrastukseen mutta taloudellinen mahdollisuus puuttuu.<\/span><\/p>\n<p>&nbsp;<\/p>\n<h4>Vaikuttava kansainv\u00e4linen verkosto<\/h4>\n<p>Rotary on Chicagossa 23.2.1905 perustettu kansainv\u00e4linen palvelu- ja hyv\u00e4ntekev\u00e4isyysorganisaatio. Rotary Internationalin kotipaikka on Evanston, USA:n osavaltiossa Illinoisissa. Tunnuslauseemme on Palvelu itsekkyyden edelle (Service Above Self).<\/p>\n<p>Rotaryyn kuuluu 1,2 miljoona j\u00e4sent\u00e4 35 000 klubissa yli 200 maassa. Rotary on merkitt\u00e4v\u00e4 kansainv\u00e4linen palvelu- ja hyv\u00e4ntekev\u00e4isyysj\u00e4rjest\u00f6. Suomi on jaettu kuuteen rotarypiiriin, joista yhteen kuuluvat my\u00f6s Viron klubit. Suomessa ja Virossa on yhteens\u00e4 300 klubia, joissa runsaat 10\u00a0000 rotaria.<\/p>\n<p>[\/et_pb_text][\/et_pb_column_inner][\/et_pb_row_inner][\/et_pb_column][et_pb_column type=&#8221;1_3&#8243; _builder_version=&#8221;4.16&#8243; custom_padding=&#8221;|||&#8221; global_colors_info=&#8221;{}&#8221; custom_padding__hover=&#8221;|||&#8221;][et_pb_sidebar area=&#8221;sidebar-1&#8243; module_class=&#8221;sivupalkki_sisalto&#8221; _builder_version=&#8221;4.16&#8243; locked=&#8221;on&#8221; global_colors_info=&#8221;{}&#8221;]<\/p>\n<p>[\/et_pb_sidebar][\/et_pb_column][\/et_pb_section]<\/p>\n","protected":false},"excerpt":{"rendered":"<p>Keit\u00e4 olemme Keit\u00e4 olemme Piikki\u00f6n Rotaryklubi perustettiin vuonna 1983. Perustaj\u00e4seni\u00e4 oli 20. Klubin j\u00e4senm\u00e4\u00e4r\u00e4 on kuluneiden vuosien aikana kasvanut kaksinkertaisesti.Rotaryklubin alkuvuosina veljet edustivat tarkemmin eri ammattiryhmi\u00e4 kuin nyky\u00e4\u00e4n. Jokaiselle ammatille oli tarkka luokite, jota valittiin edustamaan alan asiantuntija. Klubin j\u00e4senill\u00e4 oli velvoite l\u00e4sn\u00e4oloon ja poissaolo kokouksista paikattiin k\u00e4ym\u00e4ll\u00e4 naapuriklubeissa kyseisen viikon aikana. Aiemmin joutui jopa [&hellip;]<\/p>\n","protected":false},"author":1,"featured_media":0,"parent":0,"menu_order":0,"comment_status":"closed","ping_status":"closed","template":"","meta":{"_acf_changed":false,"_et_pb_use_builder":"on","_et_pb_old_content":"","_et_gb_content_width":"","footnotes":""},"class_list":["post-129","page","type-page","status-publish","hentry"],"acf":[],"yoast_head":"<!-- This site is optimized with the Yoast SEO plugin v27.4 - https:\/\/yoast.com\/product\/yoast-seo-wordpress\/ -->\n<title>Keit\u00e4 olemme - Piikki\u00f6n Rotaryklubi<\/title>\n<meta name=\"robots\" content=\"index, follow, max-snippet:-1, max-image-preview:large, max-video-preview:-1\" \/>\n<link rel=\"canonical\" href=\"https:\/\/rotary.fi\/piikkio\/keita-olemme\/\" \/>\n<meta property=\"og:locale\" content=\"fi_FI\" \/>\n<meta property=\"og:type\" content=\"article\" \/>\n<meta property=\"og:title\" content=\"Keit\u00e4 olemme - Piikki\u00f6n Rotaryklubi\" \/>\n<meta property=\"og:description\" content=\"Keit\u00e4 olemme Keit\u00e4 olemme Piikki\u00f6n Rotaryklubi perustettiin vuonna 1983. Perustaj\u00e4seni\u00e4 oli 20. Klubin j\u00e4senm\u00e4\u00e4r\u00e4 on kuluneiden vuosien aikana kasvanut kaksinkertaisesti.Rotaryklubin alkuvuosina veljet edustivat tarkemmin eri ammattiryhmi\u00e4 kuin nyky\u00e4\u00e4n. Jokaiselle ammatille oli tarkka luokite, jota valittiin edustamaan alan asiantuntija. Klubin j\u00e4senill\u00e4 oli velvoite l\u00e4sn\u00e4oloon ja poissaolo kokouksista paikattiin k\u00e4ym\u00e4ll\u00e4 naapuriklubeissa kyseisen viikon aikana. Aiemmin joutui jopa [&hellip;]\" \/>\n<meta property=\"og:url\" content=\"https:\/\/rotary.fi\/piikkio\/keita-olemme\/\" \/>\n<meta property=\"og:site_name\" content=\"Piikki\u00f6n Rotaryklubi\" \/>\n<meta property=\"article:modified_time\" content=\"2024-09-18T11:55:10+00:00\" \/>\n<meta name=\"twitter:card\" content=\"summary_large_image\" \/>\n<script type=\"application\/ld+json\" class=\"yoast-schema-graph\">{\"@context\":\"https:\\\/\\\/schema.org\",\"@graph\":[{\"@type\":\"WebPage\",\"@id\":\"https:\\\/\\\/rotary.fi\\\/piikkio\\\/keita-olemme\\\/\",\"url\":\"https:\\\/\\\/rotary.fi\\\/piikkio\\\/keita-olemme\\\/\",\"name\":\"Keit\u00e4 olemme - Piikki\u00f6n Rotaryklubi\",\"isPartOf\":{\"@id\":\"https:\\\/\\\/rotary.fi\\\/piikkio\\\/#website\"},\"datePublished\":\"2018-08-10T10:41:39+00:00\",\"dateModified\":\"2024-09-18T11:55:10+00:00\",\"breadcrumb\":{\"@id\":\"https:\\\/\\\/rotary.fi\\\/piikkio\\\/keita-olemme\\\/#breadcrumb\"},\"inLanguage\":\"fi\",\"potentialAction\":[{\"@type\":\"ReadAction\",\"target\":[\"https:\\\/\\\/rotary.fi\\\/piikkio\\\/keita-olemme\\\/\"]}]},{\"@type\":\"BreadcrumbList\",\"@id\":\"https:\\\/\\\/rotary.fi\\\/piikkio\\\/keita-olemme\\\/#breadcrumb\",\"itemListElement\":[{\"@type\":\"ListItem\",\"position\":1,\"name\":\"Home\",\"item\":\"https:\\\/\\\/rotary.fi\\\/piikkio\\\/\"},{\"@type\":\"ListItem\",\"position\":2,\"name\":\"Keit\u00e4 olemme\"}]},{\"@type\":\"WebSite\",\"@id\":\"https:\\\/\\\/rotary.fi\\\/piikkio\\\/#website\",\"url\":\"https:\\\/\\\/rotary.fi\\\/piikkio\\\/\",\"name\":\"Piikki\u00f6n Rotaryklubi\",\"description\":\"Uusi Rotary klubisivusto\",\"publisher\":{\"@id\":\"https:\\\/\\\/rotary.fi\\\/piikkio\\\/#organization\"},\"potentialAction\":[{\"@type\":\"SearchAction\",\"target\":{\"@type\":\"EntryPoint\",\"urlTemplate\":\"https:\\\/\\\/rotary.fi\\\/piikkio\\\/?s={search_term_string}\"},\"query-input\":{\"@type\":\"PropertyValueSpecification\",\"valueRequired\":true,\"valueName\":\"search_term_string\"}}],\"inLanguage\":\"fi\"},{\"@type\":\"Organization\",\"@id\":\"https:\\\/\\\/rotary.fi\\\/piikkio\\\/#organization\",\"name\":\"Piikki\u00f6n Rotaryklubi\",\"url\":\"https:\\\/\\\/rotary.fi\\\/piikkio\\\/\",\"logo\":{\"@type\":\"ImageObject\",\"inLanguage\":\"fi\",\"@id\":\"https:\\\/\\\/rotary.fi\\\/piikkio\\\/#\\\/schema\\\/logo\\\/image\\\/\",\"url\":\"https:\\\/\\\/rotary.fi\\\/piikkio\\\/wp-content\\\/uploads\\\/sites\\\/252\\\/2018\\\/08\\\/rotary-logo-main-2.png\",\"contentUrl\":\"https:\\\/\\\/rotary.fi\\\/piikkio\\\/wp-content\\\/uploads\\\/sites\\\/252\\\/2018\\\/08\\\/rotary-logo-main-2.png\",\"width\":135,\"height\":52,\"caption\":\"Piikki\u00f6n Rotaryklubi\"},\"image\":{\"@id\":\"https:\\\/\\\/rotary.fi\\\/piikkio\\\/#\\\/schema\\\/logo\\\/image\\\/\"}}]}<\/script>\n<!-- \/ Yoast SEO plugin. -->","yoast_head_json":{"title":"Keit\u00e4 olemme - Piikki\u00f6n Rotaryklubi","robots":{"index":"index","follow":"follow","max-snippet":"max-snippet:-1","max-image-preview":"max-image-preview:large","max-video-preview":"max-video-preview:-1"},"canonical":"https:\/\/rotary.fi\/piikkio\/keita-olemme\/","og_locale":"fi_FI","og_type":"article","og_title":"Keit\u00e4 olemme - Piikki\u00f6n Rotaryklubi","og_description":"Keit\u00e4 olemme Keit\u00e4 olemme Piikki\u00f6n Rotaryklubi perustettiin vuonna 1983. Perustaj\u00e4seni\u00e4 oli 20. Klubin j\u00e4senm\u00e4\u00e4r\u00e4 on kuluneiden vuosien aikana kasvanut kaksinkertaisesti.Rotaryklubin alkuvuosina veljet edustivat tarkemmin eri ammattiryhmi\u00e4 kuin nyky\u00e4\u00e4n. Jokaiselle ammatille oli tarkka luokite, jota valittiin edustamaan alan asiantuntija. Klubin j\u00e4senill\u00e4 oli velvoite l\u00e4sn\u00e4oloon ja poissaolo kokouksista paikattiin k\u00e4ym\u00e4ll\u00e4 naapuriklubeissa kyseisen viikon aikana. Aiemmin joutui jopa [&hellip;]","og_url":"https:\/\/rotary.fi\/piikkio\/keita-olemme\/","og_site_name":"Piikki\u00f6n Rotaryklubi","article_modified_time":"2024-09-18T11:55:10+00:00","twitter_card":"summary_large_image","schema":{"@context":"https:\/\/schema.org","@graph":[{"@type":"WebPage","@id":"https:\/\/rotary.fi\/piikkio\/keita-olemme\/","url":"https:\/\/rotary.fi\/piikkio\/keita-olemme\/","name":"Keit\u00e4 olemme - Piikki\u00f6n Rotaryklubi","isPartOf":{"@id":"https:\/\/rotary.fi\/piikkio\/#website"},"datePublished":"2018-08-10T10:41:39+00:00","dateModified":"2024-09-18T11:55:10+00:00","breadcrumb":{"@id":"https:\/\/rotary.fi\/piikkio\/keita-olemme\/#breadcrumb"},"inLanguage":"fi","potentialAction":[{"@type":"ReadAction","target":["https:\/\/rotary.fi\/piikkio\/keita-olemme\/"]}]},{"@type":"BreadcrumbList","@id":"https:\/\/rotary.fi\/piikkio\/keita-olemme\/#breadcrumb","itemListElement":[{"@type":"ListItem","position":1,"name":"Home","item":"https:\/\/rotary.fi\/piikkio\/"},{"@type":"ListItem","position":2,"name":"Keit\u00e4 olemme"}]},{"@type":"WebSite","@id":"https:\/\/rotary.fi\/piikkio\/#website","url":"https:\/\/rotary.fi\/piikkio\/","name":"Piikki\u00f6n Rotaryklubi","description":"Uusi Rotary klubisivusto","publisher":{"@id":"https:\/\/rotary.fi\/piikkio\/#organization"},"potentialAction":[{"@type":"SearchAction","target":{"@type":"EntryPoint","urlTemplate":"https:\/\/rotary.fi\/piikkio\/?s={search_term_string}"},"query-input":{"@type":"PropertyValueSpecification","valueRequired":true,"valueName":"search_term_string"}}],"inLanguage":"fi"},{"@type":"Organization","@id":"https:\/\/rotary.fi\/piikkio\/#organization","name":"Piikki\u00f6n Rotaryklubi","url":"https:\/\/rotary.fi\/piikkio\/","logo":{"@type":"ImageObject","inLanguage":"fi","@id":"https:\/\/rotary.fi\/piikkio\/#\/schema\/logo\/image\/","url":"https:\/\/rotary.fi\/piikkio\/wp-content\/uploads\/sites\/252\/2018\/08\/rotary-logo-main-2.png","contentUrl":"https:\/\/rotary.fi\/piikkio\/wp-content\/uploads\/sites\/252\/2018\/08\/rotary-logo-main-2.png","width":135,"height":52,"caption":"Piikki\u00f6n Rotaryklubi"},"image":{"@id":"https:\/\/rotary.fi\/piikkio\/#\/schema\/logo\/image\/"}}]}},"lang":"fi","translations":{"fi":129},"pll_sync_post":[],"_links":{"self":[{"href":"https:\/\/rotary.fi\/piikkio\/wp-json\/wp\/v2\/pages\/129","targetHints":{"allow":["GET"]}}],"collection":[{"href":"https:\/\/rotary.fi\/piikkio\/wp-json\/wp\/v2\/pages"}],"about":[{"href":"https:\/\/rotary.fi\/piikkio\/wp-json\/wp\/v2\/types\/page"}],"author":[{"embeddable":true,"href":"https:\/\/rotary.fi\/piikkio\/wp-json\/wp\/v2\/users\/1"}],"replies":[{"embeddable":true,"href":"https:\/\/rotary.fi\/piikkio\/wp-json\/wp\/v2\/comments?post=129"}],"version-history":[{"count":9,"href":"https:\/\/rotary.fi\/piikkio\/wp-json\/wp\/v2\/pages\/129\/revisions"}],"predecessor-version":[{"id":1746,"href":"https:\/\/rotary.fi\/piikkio\/wp-json\/wp\/v2\/pages\/129\/revisions\/1746"}],"wp:attachment":[{"href":"https:\/\/rotary.fi\/piikkio\/wp-json\/wp\/v2\/media?parent=129"}],"curies":[{"name":"wp","href":"https:\/\/api.w.org\/{rel}","templated":true}]}}