{"id":295,"date":"2018-10-25T08:25:11","date_gmt":"2018-10-25T05:25:11","guid":{"rendered":"https:\/\/rotary.fi\/pihtipudas\/?page_id=295"},"modified":"2026-01-18T13:36:48","modified_gmt":"2026-01-18T11:36:48","slug":"laakaripankki","status":"publish","type":"page","link":"https:\/\/rotary.fi\/pihtipudas\/mita-teemme\/laakaripankki\/","title":{"rendered":"L\u00e4\u00e4k\u00e4ripankki"},"content":{"rendered":"<p>[et_pb_section fb_built=&#8221;1&#8243; specialty=&#8221;on&#8221; module_class_2=&#8221;sivupalkki&#8221; _builder_version=&#8221;4.16&#8243; global_colors_info=&#8221;{}&#8221;][et_pb_column type=&#8221;2_3&#8243; specialty_columns=&#8221;2&#8243; _builder_version=&#8221;4.16&#8243; custom_padding=&#8221;|||&#8221; global_colors_info=&#8221;{}&#8221; parallax__hover=&#8221;off&#8221; parallax_method__hover=&#8221;on&#8221; custom_padding__hover=&#8221;|||&#8221;][\/et_pb_column][et_pb_column type=&#8221;1_3&#8243; module_class=&#8221;sivupalkki&#8221; _builder_version=&#8221;4.16&#8243; custom_padding=&#8221;|||&#8221; global_colors_info=&#8221;{}&#8221; parallax__hover=&#8221;off&#8221; parallax_method__hover=&#8221;on&#8221; module_class__hover=&#8221;sivupalkki&#8221; custom_padding__hover=&#8221;|||&#8221;][et_pb_sidebar area=&#8221;sidebar-1&#8243; module_class=&#8221;sivupalkki_sisalto&#8221; _builder_version=&#8221;4.16&#8243; locked=&#8221;on&#8221; global_colors_info=&#8221;{}&#8221;][\/et_pb_sidebar][\/et_pb_column][\/et_pb_section]<\/p>\n","protected":false},"excerpt":{"rendered":"","protected":false},"author":1,"featured_media":0,"parent":77,"menu_order":0,"comment_status":"closed","ping_status":"closed","template":"","meta":{"_acf_changed":false,"_et_pb_use_builder":"on","_et_pb_old_content":"","_et_gb_content_width":"","footnotes":""},"class_list":["post-295","page","type-page","status-publish","hentry"],"acf":[],"yoast_head":"<!-- This site is optimized with the Yoast SEO plugin v27.4 - https:\/\/yoast.com\/product\/yoast-seo-wordpress\/ -->\n<title>L\u00e4\u00e4k\u00e4ripankki - Pihtiputaan Rotaryklubi<\/title>\n<meta name=\"robots\" content=\"index, follow, max-snippet:-1, max-image-preview:large, max-video-preview:-1\" \/>\n<link rel=\"canonical\" href=\"https:\/\/rotary.fi\/pihtipudas\/mita-teemme\/laakaripankki\/\" \/>\n<meta property=\"og:locale\" content=\"fi_FI\" \/>\n<meta property=\"og:type\" content=\"article\" \/>\n<meta property=\"og:title\" content=\"L\u00e4\u00e4k\u00e4ripankki - Pihtiputaan Rotaryklubi\" \/>\n<meta property=\"og:url\" content=\"https:\/\/rotary.fi\/pihtipudas\/mita-teemme\/laakaripankki\/\" \/>\n<meta property=\"og:site_name\" content=\"Pihtiputaan Rotaryklubi\" \/>\n<meta property=\"article:modified_time\" content=\"2026-01-18T11:36:48+00:00\" \/>\n<meta name=\"twitter:card\" content=\"summary_large_image\" \/>\n<script type=\"application\/ld+json\" class=\"yoast-schema-graph\">{\"@context\":\"https:\\\/\\\/schema.org\",\"@graph\":[{\"@type\":\"WebPage\",\"@id\":\"https:\\\/\\\/rotary.fi\\\/pihtipudas\\\/mita-teemme\\\/laakaripankki\\\/\",\"url\":\"https:\\\/\\\/rotary.fi\\\/pihtipudas\\\/mita-teemme\\\/laakaripankki\\\/\",\"name\":\"L\u00e4\u00e4k\u00e4ripankki - Pihtiputaan Rotaryklubi\",\"isPartOf\":{\"@id\":\"https:\\\/\\\/rotary.fi\\\/pihtipudas\\\/#website\"},\"datePublished\":\"2018-10-25T05:25:11+00:00\",\"dateModified\":\"2026-01-18T11:36:48+00:00\",\"breadcrumb\":{\"@id\":\"https:\\\/\\\/rotary.fi\\\/pihtipudas\\\/mita-teemme\\\/laakaripankki\\\/#breadcrumb\"},\"inLanguage\":\"fi\",\"potentialAction\":[{\"@type\":\"ReadAction\",\"target\":[\"https:\\\/\\\/rotary.fi\\\/pihtipudas\\\/mita-teemme\\\/laakaripankki\\\/\"]}]},{\"@type\":\"BreadcrumbList\",\"@id\":\"https:\\\/\\\/rotary.fi\\\/pihtipudas\\\/mita-teemme\\\/laakaripankki\\\/#breadcrumb\",\"itemListElement\":[{\"@type\":\"ListItem\",\"position\":1,\"name\":\"Home\",\"item\":\"https:\\\/\\\/rotary.fi\\\/pihtipudas\\\/\"},{\"@type\":\"ListItem\",\"position\":2,\"name\":\"Mit\u00e4 teemme\",\"item\":\"https:\\\/\\\/rotary.fi\\\/pihtipudas\\\/mita-teemme\\\/\"},{\"@type\":\"ListItem\",\"position\":3,\"name\":\"L\u00e4\u00e4k\u00e4ripankki\"}]},{\"@type\":\"WebSite\",\"@id\":\"https:\\\/\\\/rotary.fi\\\/pihtipudas\\\/#website\",\"url\":\"https:\\\/\\\/rotary.fi\\\/pihtipudas\\\/\",\"name\":\"Pihtiputaan Rotaryklubi\",\"description\":\"Uusi Rotary klubisivusto\",\"potentialAction\":[{\"@type\":\"SearchAction\",\"target\":{\"@type\":\"EntryPoint\",\"urlTemplate\":\"https:\\\/\\\/rotary.fi\\\/pihtipudas\\\/?s={search_term_string}\"},\"query-input\":{\"@type\":\"PropertyValueSpecification\",\"valueRequired\":true,\"valueName\":\"search_term_string\"}}],\"inLanguage\":\"fi\"}]}<\/script>\n<!-- \/ Yoast SEO plugin. -->","yoast_head_json":{"title":"L\u00e4\u00e4k\u00e4ripankki - Pihtiputaan Rotaryklubi","robots":{"index":"index","follow":"follow","max-snippet":"max-snippet:-1","max-image-preview":"max-image-preview:large","max-video-preview":"max-video-preview:-1"},"canonical":"https:\/\/rotary.fi\/pihtipudas\/mita-teemme\/laakaripankki\/","og_locale":"fi_FI","og_type":"article","og_title":"L\u00e4\u00e4k\u00e4ripankki - Pihtiputaan Rotaryklubi","og_url":"https:\/\/rotary.fi\/pihtipudas\/mita-teemme\/laakaripankki\/","og_site_name":"Pihtiputaan Rotaryklubi","article_modified_time":"2026-01-18T11:36:48+00:00","twitter_card":"summary_large_image","schema":{"@context":"https:\/\/schema.org","@graph":[{"@type":"WebPage","@id":"https:\/\/rotary.fi\/pihtipudas\/mita-teemme\/laakaripankki\/","url":"https:\/\/rotary.fi\/pihtipudas\/mita-teemme\/laakaripankki\/","name":"L\u00e4\u00e4k\u00e4ripankki - Pihtiputaan Rotaryklubi","isPartOf":{"@id":"https:\/\/rotary.fi\/pihtipudas\/#website"},"datePublished":"2018-10-25T05:25:11+00:00","dateModified":"2026-01-18T11:36:48+00:00","breadcrumb":{"@id":"https:\/\/rotary.fi\/pihtipudas\/mita-teemme\/laakaripankki\/#breadcrumb"},"inLanguage":"fi","potentialAction":[{"@type":"ReadAction","target":["https:\/\/rotary.fi\/pihtipudas\/mita-teemme\/laakaripankki\/"]}]},{"@type":"BreadcrumbList","@id":"https:\/\/rotary.fi\/pihtipudas\/mita-teemme\/laakaripankki\/#breadcrumb","itemListElement":[{"@type":"ListItem","position":1,"name":"Home","item":"https:\/\/rotary.fi\/pihtipudas\/"},{"@type":"ListItem","position":2,"name":"Mit\u00e4 teemme","item":"https:\/\/rotary.fi\/pihtipudas\/mita-teemme\/"},{"@type":"ListItem","position":3,"name":"L\u00e4\u00e4k\u00e4ripankki"}]},{"@type":"WebSite","@id":"https:\/\/rotary.fi\/pihtipudas\/#website","url":"https:\/\/rotary.fi\/pihtipudas\/","name":"Pihtiputaan Rotaryklubi","description":"Uusi Rotary klubisivusto","potentialAction":[{"@type":"SearchAction","target":{"@type":"EntryPoint","urlTemplate":"https:\/\/rotary.fi\/pihtipudas\/?s={search_term_string}"},"query-input":{"@type":"PropertyValueSpecification","valueRequired":true,"valueName":"search_term_string"}}],"inLanguage":"fi"}]}},"lang":"fi","translations":{"fi":295},"pll_sync_post":[],"_links":{"self":[{"href":"https:\/\/rotary.fi\/pihtipudas\/wp-json\/wp\/v2\/pages\/295","targetHints":{"allow":["GET"]}}],"collection":[{"href":"https:\/\/rotary.fi\/pihtipudas\/wp-json\/wp\/v2\/pages"}],"about":[{"href":"https:\/\/rotary.fi\/pihtipudas\/wp-json\/wp\/v2\/types\/page"}],"author":[{"embeddable":true,"href":"https:\/\/rotary.fi\/pihtipudas\/wp-json\/wp\/v2\/users\/1"}],"replies":[{"embeddable":true,"href":"https:\/\/rotary.fi\/pihtipudas\/wp-json\/wp\/v2\/comments?post=295"}],"version-history":[{"count":6,"href":"https:\/\/rotary.fi\/pihtipudas\/wp-json\/wp\/v2\/pages\/295\/revisions"}],"predecessor-version":[{"id":1699,"href":"https:\/\/rotary.fi\/pihtipudas\/wp-json\/wp\/v2\/pages\/295\/revisions\/1699"}],"up":[{"embeddable":true,"href":"https:\/\/rotary.fi\/pihtipudas\/wp-json\/wp\/v2\/pages\/77"}],"wp:attachment":[{"href":"https:\/\/rotary.fi\/pihtipudas\/wp-json\/wp\/v2\/media?parent=295"}],"curies":[{"name":"wp","href":"https:\/\/api.w.org\/{rel}","templated":true}]}}