{"id":156,"date":"2018-08-13T09:46:59","date_gmt":"2018-08-13T06:46:59","guid":{"rendered":"https:\/\/rotary.fi\/pihtipudas\/?page_id=156"},"modified":"2026-01-20T15:55:38","modified_gmt":"2026-01-20T13:55:38","slug":"projektit","status":"publish","type":"page","link":"https:\/\/rotary.fi\/pihtipudas\/mita-teemme\/projektit\/","title":{"rendered":"Projektit"},"content":{"rendered":"<p>[et_pb_section fb_built=&#8221;1&#8243; module_class=&#8221;jumbotron-page&#8221; _builder_version=&#8221;4.27.4&#8243; background_image=&#8221;https:\/\/rotary.fi\/pihtipudas\/wp-content\/uploads\/sites\/271\/2026\/01\/230329-13-talkoot-alkamassa-monta-miesta-kuva-ehka-pr.jpg&#8221; min_height=&#8221;547.5px&#8221; height=&#8221;457px&#8221; custom_margin=&#8221;||80px|||&#8221; custom_padding=&#8221;79px||0px|||&#8221; global_colors_info=&#8221;{}&#8221;][et_pb_row _builder_version=&#8221;4.16&#8243; background_size=&#8221;initial&#8221; background_position=&#8221;top_left&#8221; background_repeat=&#8221;repeat&#8221; custom_margin=&#8221;|auto|-38px|auto||&#8221; global_colors_info=&#8221;{}&#8221;][et_pb_column type=&#8221;4_4&#8243; _builder_version=&#8221;4.16&#8243; custom_padding=&#8221;|||&#8221; global_colors_info=&#8221;{}&#8221; custom_padding__hover=&#8221;|||&#8221;][et_pb_text admin_label=&#8221;P\u00e4\u00e4otsikko&#8221; _builder_version=&#8221;4.16&#8243; text_orientation=&#8221;center&#8221; background_layout=&#8221;dark&#8221; global_colors_info=&#8221;{}&#8221;]<\/p>\n<h1>Projektit<\/h1>\n<p>[\/et_pb_text][\/et_pb_column][\/et_pb_row][\/et_pb_section][et_pb_section fb_built=&#8221;1&#8243; specialty=&#8221;on&#8221; module_class_2=&#8221;sivupalkki&#8221; _builder_version=&#8221;4.16&#8243; global_colors_info=&#8221;{}&#8221;][et_pb_column type=&#8221;2_3&#8243; specialty_columns=&#8221;2&#8243; _builder_version=&#8221;4.16&#8243; custom_padding=&#8221;|||&#8221; global_colors_info=&#8221;{}&#8221; parallax__hover=&#8221;off&#8221; parallax_method__hover=&#8221;on&#8221; custom_padding__hover=&#8221;|||&#8221;][et_pb_row_inner admin_label=&#8221;Rivi&#8221; _builder_version=&#8221;4.16&#8243; custom_margin=&#8221;-64px|||||&#8221; global_colors_info=&#8221;{}&#8221;][et_pb_column_inner saved_specialty_column_type=&#8221;2_3&#8243; _builder_version=&#8221;4.16&#8243; custom_padding=&#8221;|||&#8221; global_colors_info=&#8221;{}&#8221; parallax__hover=&#8221;off&#8221; parallax_method__hover=&#8221;on&#8221; custom_padding__hover=&#8221;|||&#8221;][et_pb_text admin_label=&#8221;Projektit &#8211; Otsikko&#8221; _builder_version=&#8221;4.16&#8243; text_orientation=&#8221;center&#8221; global_colors_info=&#8221;{}&#8221;]<\/p>\n<h1>Projektit<\/h1>\n<p>[\/et_pb_text][et_pb_text _builder_version=&#8221;4.16&#8243; global_colors_info=&#8221;{}&#8221;]<\/p>\n<p>&nbsp;<\/p>\n<p><strong>Rotary on palveluj\u00e4rjest\u00f6. Toimimme tunnuslauseemme Palvelu itsekkyyden edelle<\/strong> (Service above self)<strong> mukaisesti paikallisesti ja maailmanlaajuisesti.<\/strong> Kansainv\u00e4linen humanit\u00e4\u00e4rinen palvelumme toteutuu Rotarys\u00e4\u00e4ti\u00f6mme koordinoimana ja hyv\u00e4ksyttyjen kumppaneiden kanssa.<\/p>\n<p><strong>Klubin 1. Projektin esittely.<\/strong><br \/><strong>Ykk\u00f6skohteena on ollut aivan kirkonkyl\u00e4n vieress\u00e4 olevan 1,5 km pitk\u00e4n Hein\u00e4joen Luontoreitin kunnostus, kunnossapito ja pidennys kahden sillan avulla.<\/strong><strong><\/strong><\/p>\n<p>Lis\u00e4ksi Rotarit rakensivat pienen katetun opastuskeskuksen p\u00f6ytineen, tulipaikat, laiturin ja kuivak\u00e4ym\u00e4l\u00e4n sek\u00e4 uusivat vuoden 2007 pitkokset. T\u00e4h\u00e4n on sijoitettu talkootunteja yli kaksi tuhatta ja EU:n projektirahaa yli 120 000 euron arvosta.<strong><\/strong><\/p>\n<p><strong>Klubin 2. Projektin esittely.<\/strong><br \/><strong>Toinen t\u00e4rke\u00e4 projekti on vuosittain Palvelukartan tekeminen kuntalaisille ja yrityksille.<\/strong><\/p>\n<p>Kartta on 35 sivuinen yritys- ja palveluopas kuntalaisille, jonka jakelu on joka talouteen ja on my\u00f6s jaettavana matkailijoille. Pihtiputaan palvelut 2026 sis\u00e4lt\u00e4\u00e4 mm. kartat, luontoreitit, ulkoliikuntakohteet, tapahtumat ja yllin kyllin yhteystietoja!<strong><\/strong><\/p>\n<p>Klubimemme projekteja ovat olleet muun muassa vahingollisen j\u00e4ttiputken juuriminen pitk\u00e4j\u00e4nteisell\u00e4 talkooty\u00f6ll\u00e4 sek\u00e4 &#8221;Siemenest\u00e4 leiv\u00e4ksi&#8221; -projekti. Perinteiset kes\u00e4markkinat ovat kuuluneet monina vuosina Klubin j\u00e4rjestelyihin. Rotaryklubi tekee yhteisty\u00f6t\u00e4 naapuriklubien kanssa mm. yhteisin yritysvierailuin, vuotuisin soutukilpailuin ja ulkomaanmatkoin, joiden osana on tutustuminen paikalliseen rotaryklubiin. <strong>Matkoja on<\/strong> <strong>kertynyt jo 14 eri maahan<\/strong>, t\u00e4m\u00e4 auttaa uusien ideoiden saamiseksi rotaryharrastukseen ja tutustuttaa uusiin kulttuureihin.<\/p>\n<p>&nbsp;<\/p>\n<p>[\/et_pb_text][\/et_pb_column_inner][\/et_pb_row_inner][\/et_pb_column][et_pb_column type=&#8221;1_3&#8243; module_class=&#8221;sivupalkki&#8221; _builder_version=&#8221;4.16&#8243; custom_padding=&#8221;|||&#8221; global_colors_info=&#8221;{}&#8221; parallax__hover=&#8221;off&#8221; parallax_method__hover=&#8221;on&#8221; module_class__hover=&#8221;sivupalkki&#8221; custom_padding__hover=&#8221;|||&#8221;][et_pb_sidebar area=&#8221;sidebar-1&#8243; module_class=&#8221;sivupalkki_sisalto&#8221; _builder_version=&#8221;4.16&#8243; locked=&#8221;on&#8221; global_colors_info=&#8221;{}&#8221;][\/et_pb_sidebar][\/et_pb_column][\/et_pb_section]<\/p>\n","protected":false},"excerpt":{"rendered":"<p>Projektit Projektit&nbsp; Rotary on palveluj\u00e4rjest\u00f6. Toimimme tunnuslauseemme Palvelu itsekkyyden edelle (Service above self) mukaisesti paikallisesti ja maailmanlaajuisesti. Kansainv\u00e4linen humanit\u00e4\u00e4rinen palvelumme toteutuu Rotarys\u00e4\u00e4ti\u00f6mme koordinoimana ja hyv\u00e4ksyttyjen kumppaneiden kanssa. Klubin 1. Projektin esittely.Ykk\u00f6skohteena on ollut aivan kirkonkyl\u00e4n vieress\u00e4 olevan 1,5 km pitk\u00e4n Hein\u00e4joen Luontoreitin kunnostus, kunnossapito ja pidennys kahden sillan avulla. Lis\u00e4ksi Rotarit rakensivat pienen katetun opastuskeskuksen [&hellip;]<\/p>\n","protected":false},"author":1,"featured_media":0,"parent":77,"menu_order":0,"comment_status":"closed","ping_status":"closed","template":"","meta":{"_acf_changed":false,"_et_pb_use_builder":"on","_et_pb_old_content":"","_et_gb_content_width":"","footnotes":""},"class_list":["post-156","page","type-page","status-publish","hentry"],"acf":[],"yoast_head":"<!-- This site is optimized with the Yoast SEO plugin v27.4 - https:\/\/yoast.com\/product\/yoast-seo-wordpress\/ -->\n<title>Projektit - Pihtiputaan Rotaryklubi<\/title>\n<meta name=\"robots\" content=\"index, follow, max-snippet:-1, max-image-preview:large, max-video-preview:-1\" \/>\n<link rel=\"canonical\" href=\"https:\/\/rotary.fi\/pihtipudas\/mita-teemme\/projektit\/\" \/>\n<meta property=\"og:locale\" content=\"fi_FI\" \/>\n<meta property=\"og:type\" content=\"article\" \/>\n<meta property=\"og:title\" content=\"Projektit - Pihtiputaan Rotaryklubi\" \/>\n<meta property=\"og:description\" content=\"Projektit Projektit&nbsp; Rotary on palveluj\u00e4rjest\u00f6. Toimimme tunnuslauseemme Palvelu itsekkyyden edelle (Service above self) mukaisesti paikallisesti ja maailmanlaajuisesti. Kansainv\u00e4linen humanit\u00e4\u00e4rinen palvelumme toteutuu Rotarys\u00e4\u00e4ti\u00f6mme koordinoimana ja hyv\u00e4ksyttyjen kumppaneiden kanssa. Klubin 1. Projektin esittely.Ykk\u00f6skohteena on ollut aivan kirkonkyl\u00e4n vieress\u00e4 olevan 1,5 km pitk\u00e4n Hein\u00e4joen Luontoreitin kunnostus, kunnossapito ja pidennys kahden sillan avulla. Lis\u00e4ksi Rotarit rakensivat pienen katetun opastuskeskuksen [&hellip;]\" \/>\n<meta property=\"og:url\" content=\"https:\/\/rotary.fi\/pihtipudas\/mita-teemme\/projektit\/\" \/>\n<meta property=\"og:site_name\" content=\"Pihtiputaan Rotaryklubi\" \/>\n<meta property=\"article:modified_time\" content=\"2026-01-20T13:55:38+00:00\" \/>\n<meta name=\"twitter:card\" content=\"summary_large_image\" \/>\n<meta name=\"twitter:label1\" content=\"Arvioitu lukuaika\" \/>\n\t<meta name=\"twitter:data1\" content=\"2 minuuttia\" \/>\n<script type=\"application\/ld+json\" class=\"yoast-schema-graph\">{\"@context\":\"https:\\\/\\\/schema.org\",\"@graph\":[{\"@type\":\"WebPage\",\"@id\":\"https:\\\/\\\/rotary.fi\\\/pihtipudas\\\/mita-teemme\\\/projektit\\\/\",\"url\":\"https:\\\/\\\/rotary.fi\\\/pihtipudas\\\/mita-teemme\\\/projektit\\\/\",\"name\":\"Projektit - Pihtiputaan Rotaryklubi\",\"isPartOf\":{\"@id\":\"https:\\\/\\\/rotary.fi\\\/pihtipudas\\\/#website\"},\"datePublished\":\"2018-08-13T06:46:59+00:00\",\"dateModified\":\"2026-01-20T13:55:38+00:00\",\"breadcrumb\":{\"@id\":\"https:\\\/\\\/rotary.fi\\\/pihtipudas\\\/mita-teemme\\\/projektit\\\/#breadcrumb\"},\"inLanguage\":\"fi\",\"potentialAction\":[{\"@type\":\"ReadAction\",\"target\":[\"https:\\\/\\\/rotary.fi\\\/pihtipudas\\\/mita-teemme\\\/projektit\\\/\"]}]},{\"@type\":\"BreadcrumbList\",\"@id\":\"https:\\\/\\\/rotary.fi\\\/pihtipudas\\\/mita-teemme\\\/projektit\\\/#breadcrumb\",\"itemListElement\":[{\"@type\":\"ListItem\",\"position\":1,\"name\":\"Home\",\"item\":\"https:\\\/\\\/rotary.fi\\\/pihtipudas\\\/\"},{\"@type\":\"ListItem\",\"position\":2,\"name\":\"Mit\u00e4 teemme\",\"item\":\"https:\\\/\\\/rotary.fi\\\/pihtipudas\\\/mita-teemme\\\/\"},{\"@type\":\"ListItem\",\"position\":3,\"name\":\"Projektit\"}]},{\"@type\":\"WebSite\",\"@id\":\"https:\\\/\\\/rotary.fi\\\/pihtipudas\\\/#website\",\"url\":\"https:\\\/\\\/rotary.fi\\\/pihtipudas\\\/\",\"name\":\"Pihtiputaan Rotaryklubi\",\"description\":\"Uusi Rotary klubisivusto\",\"potentialAction\":[{\"@type\":\"SearchAction\",\"target\":{\"@type\":\"EntryPoint\",\"urlTemplate\":\"https:\\\/\\\/rotary.fi\\\/pihtipudas\\\/?s={search_term_string}\"},\"query-input\":{\"@type\":\"PropertyValueSpecification\",\"valueRequired\":true,\"valueName\":\"search_term_string\"}}],\"inLanguage\":\"fi\"}]}<\/script>\n<!-- \/ Yoast SEO plugin. -->","yoast_head_json":{"title":"Projektit - Pihtiputaan Rotaryklubi","robots":{"index":"index","follow":"follow","max-snippet":"max-snippet:-1","max-image-preview":"max-image-preview:large","max-video-preview":"max-video-preview:-1"},"canonical":"https:\/\/rotary.fi\/pihtipudas\/mita-teemme\/projektit\/","og_locale":"fi_FI","og_type":"article","og_title":"Projektit - Pihtiputaan Rotaryklubi","og_description":"Projektit Projektit&nbsp; Rotary on palveluj\u00e4rjest\u00f6. Toimimme tunnuslauseemme Palvelu itsekkyyden edelle (Service above self) mukaisesti paikallisesti ja maailmanlaajuisesti. Kansainv\u00e4linen humanit\u00e4\u00e4rinen palvelumme toteutuu Rotarys\u00e4\u00e4ti\u00f6mme koordinoimana ja hyv\u00e4ksyttyjen kumppaneiden kanssa. Klubin 1. Projektin esittely.Ykk\u00f6skohteena on ollut aivan kirkonkyl\u00e4n vieress\u00e4 olevan 1,5 km pitk\u00e4n Hein\u00e4joen Luontoreitin kunnostus, kunnossapito ja pidennys kahden sillan avulla. Lis\u00e4ksi Rotarit rakensivat pienen katetun opastuskeskuksen [&hellip;]","og_url":"https:\/\/rotary.fi\/pihtipudas\/mita-teemme\/projektit\/","og_site_name":"Pihtiputaan Rotaryklubi","article_modified_time":"2026-01-20T13:55:38+00:00","twitter_card":"summary_large_image","twitter_misc":{"Arvioitu lukuaika":"2 minuuttia"},"schema":{"@context":"https:\/\/schema.org","@graph":[{"@type":"WebPage","@id":"https:\/\/rotary.fi\/pihtipudas\/mita-teemme\/projektit\/","url":"https:\/\/rotary.fi\/pihtipudas\/mita-teemme\/projektit\/","name":"Projektit - Pihtiputaan Rotaryklubi","isPartOf":{"@id":"https:\/\/rotary.fi\/pihtipudas\/#website"},"datePublished":"2018-08-13T06:46:59+00:00","dateModified":"2026-01-20T13:55:38+00:00","breadcrumb":{"@id":"https:\/\/rotary.fi\/pihtipudas\/mita-teemme\/projektit\/#breadcrumb"},"inLanguage":"fi","potentialAction":[{"@type":"ReadAction","target":["https:\/\/rotary.fi\/pihtipudas\/mita-teemme\/projektit\/"]}]},{"@type":"BreadcrumbList","@id":"https:\/\/rotary.fi\/pihtipudas\/mita-teemme\/projektit\/#breadcrumb","itemListElement":[{"@type":"ListItem","position":1,"name":"Home","item":"https:\/\/rotary.fi\/pihtipudas\/"},{"@type":"ListItem","position":2,"name":"Mit\u00e4 teemme","item":"https:\/\/rotary.fi\/pihtipudas\/mita-teemme\/"},{"@type":"ListItem","position":3,"name":"Projektit"}]},{"@type":"WebSite","@id":"https:\/\/rotary.fi\/pihtipudas\/#website","url":"https:\/\/rotary.fi\/pihtipudas\/","name":"Pihtiputaan Rotaryklubi","description":"Uusi Rotary klubisivusto","potentialAction":[{"@type":"SearchAction","target":{"@type":"EntryPoint","urlTemplate":"https:\/\/rotary.fi\/pihtipudas\/?s={search_term_string}"},"query-input":{"@type":"PropertyValueSpecification","valueRequired":true,"valueName":"search_term_string"}}],"inLanguage":"fi"}]}},"lang":"fi","translations":{"fi":156},"pll_sync_post":[],"_links":{"self":[{"href":"https:\/\/rotary.fi\/pihtipudas\/wp-json\/wp\/v2\/pages\/156","targetHints":{"allow":["GET"]}}],"collection":[{"href":"https:\/\/rotary.fi\/pihtipudas\/wp-json\/wp\/v2\/pages"}],"about":[{"href":"https:\/\/rotary.fi\/pihtipudas\/wp-json\/wp\/v2\/types\/page"}],"author":[{"embeddable":true,"href":"https:\/\/rotary.fi\/pihtipudas\/wp-json\/wp\/v2\/users\/1"}],"replies":[{"embeddable":true,"href":"https:\/\/rotary.fi\/pihtipudas\/wp-json\/wp\/v2\/comments?post=156"}],"version-history":[{"count":10,"href":"https:\/\/rotary.fi\/pihtipudas\/wp-json\/wp\/v2\/pages\/156\/revisions"}],"predecessor-version":[{"id":1752,"href":"https:\/\/rotary.fi\/pihtipudas\/wp-json\/wp\/v2\/pages\/156\/revisions\/1752"}],"up":[{"embeddable":true,"href":"https:\/\/rotary.fi\/pihtipudas\/wp-json\/wp\/v2\/pages\/77"}],"wp:attachment":[{"href":"https:\/\/rotary.fi\/pihtipudas\/wp-json\/wp\/v2\/media?parent=156"}],"curies":[{"name":"wp","href":"https:\/\/api.w.org\/{rel}","templated":true}]}}