{"id":142,"date":"2018-08-10T14:04:45","date_gmt":"2018-08-10T11:04:45","guid":{"rendered":"https:\/\/rotary.fi\/klubi2\/?page_id=142"},"modified":"2026-01-20T15:48:13","modified_gmt":"2026-01-20T13:48:13","slug":"ilo-esitella","status":"publish","type":"page","link":"https:\/\/rotary.fi\/pihtipudas\/keita-olemme\/ilo-esitella\/","title":{"rendered":"Ilo esitell\u00e4"},"content":{"rendered":"<p>[et_pb_section fb_built=&#8221;1&#8243; module_class=&#8221;jumbotron-page&#8221; _builder_version=&#8221;4.27.4&#8243; background_color=&#8221;#F8F9FA&#8221; background_image=&#8221;https:\/\/rotary.fi\/pihtipudas\/wp-content\/uploads\/sites\/271\/2018\/10\/rotary_klubit_alasivu_paakuva_14.jpg&#8221; min_height=&#8221;231px&#8221; height=&#8221;252px&#8221; max_height=&#8221;466px&#8221; global_colors_info=&#8221;{}&#8221;][\/et_pb_section][et_pb_section fb_built=&#8221;1&#8243; specialty=&#8221;on&#8221; module_class_2=&#8221;sivupalkki&#8221; _builder_version=&#8221;4.16&#8243; global_colors_info=&#8221;{}&#8221;][et_pb_column type=&#8221;2_3&#8243; specialty_columns=&#8221;2&#8243; _builder_version=&#8221;4.16&#8243; custom_padding=&#8221;|||&#8221; global_colors_info=&#8221;{}&#8221; parallax__hover=&#8221;off&#8221; parallax_method__hover=&#8221;on&#8221; custom_padding__hover=&#8221;|||&#8221;][et_pb_row_inner column_structure=&#8221;1_2,1_2&#8243; admin_label=&#8221;Rivi&#8221; _builder_version=&#8221;4.27.4&#8243; global_colors_info=&#8221;{}&#8221;][et_pb_column_inner type=&#8221;1_2&#8243; saved_specialty_column_type=&#8221;2_3&#8243; _builder_version=&#8221;4.16&#8243; custom_padding=&#8221;|||&#8221; global_colors_info=&#8221;{}&#8221; parallax__hover=&#8221;off&#8221; parallax_method__hover=&#8221;on&#8221; custom_padding__hover=&#8221;|||&#8221;][et_pb_text admin_label=&#8221;Ilo esitell\u00e4 &#8211; Otsikko&#8221; _builder_version=&#8221;4.16&#8243; text_orientation=&#8221;center&#8221; global_colors_info=&#8221;{}&#8221;]<\/p>\n<h1>Ilo esitell\u00e4<\/h1>\n<p>[\/et_pb_text][\/et_pb_column_inner][et_pb_column_inner type=&#8221;1_2&#8243; saved_specialty_column_type=&#8221;2_3&#8243; _builder_version=&#8221;4.27.4&#8243; _module_preset=&#8221;default&#8221; global_colors_info=&#8221;{}&#8221;][\/et_pb_column_inner][\/et_pb_row_inner][et_pb_row_inner _builder_version=&#8221;4.27.4&#8243; _module_preset=&#8221;default&#8221; global_colors_info=&#8221;{}&#8221;][et_pb_column_inner saved_specialty_column_type=&#8221;2_3&#8243; _builder_version=&#8221;4.27.4&#8243; _module_preset=&#8221;default&#8221; global_colors_info=&#8221;{}&#8221;][et_pb_text _builder_version=&#8221;4.27.4&#8243; _module_preset=&#8221;default&#8221; global_colors_info=&#8221;{}&#8221;]<\/p>\n<p><strong>Pihtiputaan Rotaryklubin ykk\u00f6shanke on ollut vuosien ajan Hein\u00e4joen luontoreitin kunnostaminen ja lis\u00e4rakentaminen.<\/strong><\/p>\n<p>Kuvassa idean is\u00e4 Martti Koljonen, h\u00e4n aloitti yksin\u00e4\u00e4n t\u00e4m\u00e4n hankkeen ja rotarit tulivat h\u00e4nen avukseen jatkamaan ja laajentamaan t\u00e4t\u00e4 reitti\u00e4. Lis\u00e4tietoa mm. ajankohtaista ja projekti sivuilla.<strong><\/strong><\/p>\n<p>[\/et_pb_text][\/et_pb_column_inner][\/et_pb_row_inner][et_pb_row_inner _builder_version=&#8221;4.27.4&#8243; _module_preset=&#8221;default&#8221; global_colors_info=&#8221;{}&#8221;][et_pb_column_inner saved_specialty_column_type=&#8221;2_3&#8243; _builder_version=&#8221;4.27.4&#8243; _module_preset=&#8221;default&#8221; global_colors_info=&#8221;{}&#8221;][et_pb_image src=&#8221;https:\/\/rotary.fi\/pihtipudas\/wp-content\/uploads\/sites\/271\/2026\/01\/210827-pic-3-martti-koljonen-ja-pentti-hytonen-2014-heinajoen-katos-kuva-juha-kivinen-kotsari-1.jpg&#8221; title_text=&#8221;210827 Pic 3, Martti Koljonen ja Pentti Hyt\u00f6nen, 2014, Heina\u0308joen katos, kuva Juha Kivinen, Kotsari&#8221; _builder_version=&#8221;4.27.4&#8243; _module_preset=&#8221;default&#8221; global_colors_info=&#8221;{}&#8221;][\/et_pb_image][\/et_pb_column_inner][\/et_pb_row_inner][\/et_pb_column][et_pb_column type=&#8221;1_3&#8243; module_class=&#8221;sivupalkki&#8221; _builder_version=&#8221;4.16&#8243; custom_padding=&#8221;|||&#8221; global_colors_info=&#8221;{}&#8221; parallax__hover=&#8221;off&#8221; parallax_method__hover=&#8221;on&#8221; module_class__hover=&#8221;sivupalkki&#8221; custom_padding__hover=&#8221;|||&#8221;][et_pb_sidebar area=&#8221;sidebar-1&#8243; module_class=&#8221;sivupalkki_sisalto&#8221; _builder_version=&#8221;4.16&#8243; locked=&#8221;on&#8221; global_colors_info=&#8221;{}&#8221;][\/et_pb_sidebar][\/et_pb_column][\/et_pb_section]<\/p>\n","protected":false},"excerpt":{"rendered":"<p>Ilo esitell\u00e4 Pihtiputaan Rotaryklubin ykk\u00f6shanke on ollut vuosien ajan Hein\u00e4joen luontoreitin kunnostaminen ja lis\u00e4rakentaminen. Kuvassa idean is\u00e4 Martti Koljonen, h\u00e4n aloitti yksin\u00e4\u00e4n t\u00e4m\u00e4n hankkeen ja rotarit tulivat h\u00e4nen avukseen jatkamaan ja laajentamaan t\u00e4t\u00e4 reitti\u00e4. Lis\u00e4tietoa mm. ajankohtaista ja projekti sivuilla.<\/p>\n","protected":false},"author":1,"featured_media":0,"parent":129,"menu_order":0,"comment_status":"closed","ping_status":"closed","template":"","meta":{"_acf_changed":false,"_et_pb_use_builder":"on","_et_pb_old_content":"","_et_gb_content_width":"","footnotes":""},"class_list":["post-142","page","type-page","status-publish","hentry"],"acf":[],"yoast_head":"<!-- This site is optimized with the Yoast SEO plugin v27.4 - https:\/\/yoast.com\/product\/yoast-seo-wordpress\/ -->\n<title>Ilo esitell\u00e4 - Pihtiputaan Rotaryklubi<\/title>\n<meta name=\"robots\" content=\"index, follow, max-snippet:-1, max-image-preview:large, max-video-preview:-1\" \/>\n<link rel=\"canonical\" href=\"https:\/\/rotary.fi\/pihtipudas\/keita-olemme\/ilo-esitella\/\" \/>\n<meta property=\"og:locale\" content=\"fi_FI\" \/>\n<meta property=\"og:type\" content=\"article\" \/>\n<meta property=\"og:title\" content=\"Ilo esitell\u00e4 - Pihtiputaan Rotaryklubi\" \/>\n<meta property=\"og:description\" content=\"Ilo esitell\u00e4 Pihtiputaan Rotaryklubin ykk\u00f6shanke on ollut vuosien ajan Hein\u00e4joen luontoreitin kunnostaminen ja lis\u00e4rakentaminen. Kuvassa idean is\u00e4 Martti Koljonen, h\u00e4n aloitti yksin\u00e4\u00e4n t\u00e4m\u00e4n hankkeen ja rotarit tulivat h\u00e4nen avukseen jatkamaan ja laajentamaan t\u00e4t\u00e4 reitti\u00e4. Lis\u00e4tietoa mm. ajankohtaista ja projekti sivuilla.\" \/>\n<meta property=\"og:url\" content=\"https:\/\/rotary.fi\/pihtipudas\/keita-olemme\/ilo-esitella\/\" \/>\n<meta property=\"og:site_name\" content=\"Pihtiputaan Rotaryklubi\" \/>\n<meta property=\"article:modified_time\" content=\"2026-01-20T13:48:13+00:00\" \/>\n<meta name=\"twitter:card\" content=\"summary_large_image\" \/>\n<meta name=\"twitter:label1\" content=\"Arvioitu lukuaika\" \/>\n\t<meta name=\"twitter:data1\" content=\"2 minuuttia\" \/>\n<script type=\"application\/ld+json\" class=\"yoast-schema-graph\">{\"@context\":\"https:\\\/\\\/schema.org\",\"@graph\":[{\"@type\":\"WebPage\",\"@id\":\"https:\\\/\\\/rotary.fi\\\/pihtipudas\\\/keita-olemme\\\/ilo-esitella\\\/\",\"url\":\"https:\\\/\\\/rotary.fi\\\/pihtipudas\\\/keita-olemme\\\/ilo-esitella\\\/\",\"name\":\"Ilo esitell\u00e4 - Pihtiputaan Rotaryklubi\",\"isPartOf\":{\"@id\":\"https:\\\/\\\/rotary.fi\\\/pihtipudas\\\/#website\"},\"datePublished\":\"2018-08-10T11:04:45+00:00\",\"dateModified\":\"2026-01-20T13:48:13+00:00\",\"breadcrumb\":{\"@id\":\"https:\\\/\\\/rotary.fi\\\/pihtipudas\\\/keita-olemme\\\/ilo-esitella\\\/#breadcrumb\"},\"inLanguage\":\"fi\",\"potentialAction\":[{\"@type\":\"ReadAction\",\"target\":[\"https:\\\/\\\/rotary.fi\\\/pihtipudas\\\/keita-olemme\\\/ilo-esitella\\\/\"]}]},{\"@type\":\"BreadcrumbList\",\"@id\":\"https:\\\/\\\/rotary.fi\\\/pihtipudas\\\/keita-olemme\\\/ilo-esitella\\\/#breadcrumb\",\"itemListElement\":[{\"@type\":\"ListItem\",\"position\":1,\"name\":\"Home\",\"item\":\"https:\\\/\\\/rotary.fi\\\/pihtipudas\\\/\"},{\"@type\":\"ListItem\",\"position\":2,\"name\":\"Keit\u00e4 olemme\",\"item\":\"https:\\\/\\\/rotary.fi\\\/pihtipudas\\\/keita-olemme\\\/\"},{\"@type\":\"ListItem\",\"position\":3,\"name\":\"Ilo esitell\u00e4\"}]},{\"@type\":\"WebSite\",\"@id\":\"https:\\\/\\\/rotary.fi\\\/pihtipudas\\\/#website\",\"url\":\"https:\\\/\\\/rotary.fi\\\/pihtipudas\\\/\",\"name\":\"Pihtiputaan Rotaryklubi\",\"description\":\"Uusi Rotary klubisivusto\",\"potentialAction\":[{\"@type\":\"SearchAction\",\"target\":{\"@type\":\"EntryPoint\",\"urlTemplate\":\"https:\\\/\\\/rotary.fi\\\/pihtipudas\\\/?s={search_term_string}\"},\"query-input\":{\"@type\":\"PropertyValueSpecification\",\"valueRequired\":true,\"valueName\":\"search_term_string\"}}],\"inLanguage\":\"fi\"}]}<\/script>\n<!-- \/ Yoast SEO plugin. -->","yoast_head_json":{"title":"Ilo esitell\u00e4 - Pihtiputaan Rotaryklubi","robots":{"index":"index","follow":"follow","max-snippet":"max-snippet:-1","max-image-preview":"max-image-preview:large","max-video-preview":"max-video-preview:-1"},"canonical":"https:\/\/rotary.fi\/pihtipudas\/keita-olemme\/ilo-esitella\/","og_locale":"fi_FI","og_type":"article","og_title":"Ilo esitell\u00e4 - Pihtiputaan Rotaryklubi","og_description":"Ilo esitell\u00e4 Pihtiputaan Rotaryklubin ykk\u00f6shanke on ollut vuosien ajan Hein\u00e4joen luontoreitin kunnostaminen ja lis\u00e4rakentaminen. Kuvassa idean is\u00e4 Martti Koljonen, h\u00e4n aloitti yksin\u00e4\u00e4n t\u00e4m\u00e4n hankkeen ja rotarit tulivat h\u00e4nen avukseen jatkamaan ja laajentamaan t\u00e4t\u00e4 reitti\u00e4. Lis\u00e4tietoa mm. ajankohtaista ja projekti sivuilla.","og_url":"https:\/\/rotary.fi\/pihtipudas\/keita-olemme\/ilo-esitella\/","og_site_name":"Pihtiputaan Rotaryklubi","article_modified_time":"2026-01-20T13:48:13+00:00","twitter_card":"summary_large_image","twitter_misc":{"Arvioitu lukuaika":"2 minuuttia"},"schema":{"@context":"https:\/\/schema.org","@graph":[{"@type":"WebPage","@id":"https:\/\/rotary.fi\/pihtipudas\/keita-olemme\/ilo-esitella\/","url":"https:\/\/rotary.fi\/pihtipudas\/keita-olemme\/ilo-esitella\/","name":"Ilo esitell\u00e4 - Pihtiputaan Rotaryklubi","isPartOf":{"@id":"https:\/\/rotary.fi\/pihtipudas\/#website"},"datePublished":"2018-08-10T11:04:45+00:00","dateModified":"2026-01-20T13:48:13+00:00","breadcrumb":{"@id":"https:\/\/rotary.fi\/pihtipudas\/keita-olemme\/ilo-esitella\/#breadcrumb"},"inLanguage":"fi","potentialAction":[{"@type":"ReadAction","target":["https:\/\/rotary.fi\/pihtipudas\/keita-olemme\/ilo-esitella\/"]}]},{"@type":"BreadcrumbList","@id":"https:\/\/rotary.fi\/pihtipudas\/keita-olemme\/ilo-esitella\/#breadcrumb","itemListElement":[{"@type":"ListItem","position":1,"name":"Home","item":"https:\/\/rotary.fi\/pihtipudas\/"},{"@type":"ListItem","position":2,"name":"Keit\u00e4 olemme","item":"https:\/\/rotary.fi\/pihtipudas\/keita-olemme\/"},{"@type":"ListItem","position":3,"name":"Ilo esitell\u00e4"}]},{"@type":"WebSite","@id":"https:\/\/rotary.fi\/pihtipudas\/#website","url":"https:\/\/rotary.fi\/pihtipudas\/","name":"Pihtiputaan Rotaryklubi","description":"Uusi Rotary klubisivusto","potentialAction":[{"@type":"SearchAction","target":{"@type":"EntryPoint","urlTemplate":"https:\/\/rotary.fi\/pihtipudas\/?s={search_term_string}"},"query-input":{"@type":"PropertyValueSpecification","valueRequired":true,"valueName":"search_term_string"}}],"inLanguage":"fi"}]}},"lang":"fi","translations":{"fi":142},"pll_sync_post":[],"_links":{"self":[{"href":"https:\/\/rotary.fi\/pihtipudas\/wp-json\/wp\/v2\/pages\/142","targetHints":{"allow":["GET"]}}],"collection":[{"href":"https:\/\/rotary.fi\/pihtipudas\/wp-json\/wp\/v2\/pages"}],"about":[{"href":"https:\/\/rotary.fi\/pihtipudas\/wp-json\/wp\/v2\/types\/page"}],"author":[{"embeddable":true,"href":"https:\/\/rotary.fi\/pihtipudas\/wp-json\/wp\/v2\/users\/1"}],"replies":[{"embeddable":true,"href":"https:\/\/rotary.fi\/pihtipudas\/wp-json\/wp\/v2\/comments?post=142"}],"version-history":[{"count":9,"href":"https:\/\/rotary.fi\/pihtipudas\/wp-json\/wp\/v2\/pages\/142\/revisions"}],"predecessor-version":[{"id":1748,"href":"https:\/\/rotary.fi\/pihtipudas\/wp-json\/wp\/v2\/pages\/142\/revisions\/1748"}],"up":[{"embeddable":true,"href":"https:\/\/rotary.fi\/pihtipudas\/wp-json\/wp\/v2\/pages\/129"}],"wp:attachment":[{"href":"https:\/\/rotary.fi\/pihtipudas\/wp-json\/wp\/v2\/media?parent=142"}],"curies":[{"name":"wp","href":"https:\/\/api.w.org\/{rel}","templated":true}]}}