{"id":138,"date":"2018-08-10T14:01:44","date_gmt":"2018-08-10T11:01:44","guid":{"rendered":"https:\/\/rotary.fi\/klubi2\/?page_id=138"},"modified":"2026-01-20T15:42:19","modified_gmt":"2026-01-20T13:42:19","slug":"vuositeema","status":"publish","type":"page","link":"https:\/\/rotary.fi\/pihtipudas\/keita-olemme\/vuositeema\/","title":{"rendered":"Vuositeema"},"content":{"rendered":"<p>[et_pb_section fb_built=&#8221;1&#8243; module_class=&#8221;jumbotron-page&#8221; _builder_version=&#8221;4.27.4&#8243; background_image=&#8221;https:\/\/rotary.fi\/pihtipudas\/wp-content\/uploads\/sites\/271\/2026\/01\/210117-rotarit-vuorijarven-kallioilla-ph.jpg&#8221; min_height=&#8221;662.2px&#8221; max_height=&#8221;547px&#8221; custom_margin=&#8221;||45px|||&#8221; custom_padding=&#8221;||61px|||&#8221; global_colors_info=&#8221;{}&#8221;][et_pb_row _builder_version=&#8221;4.27.4&#8243; background_size=&#8221;initial&#8221; background_position=&#8221;top_left&#8221; background_repeat=&#8221;repeat&#8221; max_width=&#8221;342px&#8221; min_height=&#8221;53px&#8221; height=&#8221;434px&#8221; max_height=&#8221;779px&#8221; custom_margin=&#8221;155px|auto||auto||&#8221; global_colors_info=&#8221;{}&#8221;][et_pb_column type=&#8221;4_4&#8243; _builder_version=&#8221;4.16&#8243; custom_padding=&#8221;|||&#8221; global_colors_info=&#8221;{}&#8221; custom_padding__hover=&#8221;|||&#8221;][et_pb_text admin_label=&#8221;P\u00e4\u00e4otsikko&#8221; _builder_version=&#8221;4.16&#8243; text_orientation=&#8221;center&#8221; background_layout=&#8221;dark&#8221; custom_margin=&#8221;101px|||||&#8221; global_colors_info=&#8221;{}&#8221;]<\/p>\n<h1><\/h1>\n<h1><\/h1>\n<h1><\/h1>\n<h1><\/h1>\n<h1><span style=\"font-size: 48px\">Vuositeema<\/span><\/h1>\n<p>&nbsp;<\/p>\n<p>[\/et_pb_text][\/et_pb_column][\/et_pb_row][\/et_pb_section][et_pb_section fb_built=&#8221;1&#8243; specialty=&#8221;on&#8221; module_class_2=&#8221;sivupalkki&#8221; _builder_version=&#8221;4.16&#8243; custom_margin=&#8221;112px|||||&#8221; global_colors_info=&#8221;{}&#8221;][et_pb_column type=&#8221;2_3&#8243; specialty_columns=&#8221;2&#8243; _builder_version=&#8221;4.16&#8243; custom_padding=&#8221;|||&#8221; global_colors_info=&#8221;{}&#8221; custom_padding__hover=&#8221;|||&#8221;][et_pb_row_inner column_structure=&#8221;1_4,1_4,1_4,1_4&#8243; admin_label=&#8221;Rivi&#8221; _builder_version=&#8221;4.16&#8243; global_colors_info=&#8221;{}&#8221;][et_pb_column_inner type=&#8221;1_4&#8243; saved_specialty_column_type=&#8221;2_3&#8243; _builder_version=&#8221;4.16&#8243; custom_padding=&#8221;|||&#8221; custom_css_main_element=&#8221;width:24%!important;&#8221; global_colors_info=&#8221;{}&#8221; custom_padding__hover=&#8221;|||&#8221;][et_pb_image src=&#8221;https:\/\/rotary.fi\/pihtipudas\/wp-content\/uploads\/sites\/271\/2018\/11\/t1819fin_pms-c-01-300&#215;300.jpg&#8221; align_tablet=&#8221;center&#8221; align_phone=&#8221;center&#8221; align_last_edited=&#8221;on|desktop&#8221; _builder_version=&#8221;4.16&#8243; global_colors_info=&#8221;{}&#8221;][\/et_pb_image][\/et_pb_column_inner][et_pb_column_inner type=&#8221;1_4&#8243; saved_specialty_column_type=&#8221;2_3&#8243; _builder_version=&#8221;4.16&#8243; custom_padding=&#8221;|||&#8221; custom_css_main_element=&#8221;width:24%!important;&#8221; global_colors_info=&#8221;{}&#8221; custom_padding__hover=&#8221;|||&#8221;][et_pb_image src=&#8221;https:\/\/rotary.fi\/pihtipudas\/wp-content\/uploads\/sites\/271\/2018\/11\/t1819sv_pms-c-01-300&#215;300.jpg&#8221; align_tablet=&#8221;center&#8221; align_phone=&#8221;center&#8221; align_last_edited=&#8221;on|desktop&#8221; _builder_version=&#8221;4.16&#8243; global_colors_info=&#8221;{}&#8221;][\/et_pb_image][\/et_pb_column_inner][et_pb_column_inner type=&#8221;1_4&#8243; saved_specialty_column_type=&#8221;2_3&#8243; _builder_version=&#8221;4.16&#8243; custom_padding=&#8221;|||&#8221; custom_css_main_element=&#8221;width:24%!important;&#8221; global_colors_info=&#8221;{}&#8221; custom_padding__hover=&#8221;|||&#8221;][et_pb_image src=&#8221;https:\/\/rotary.fi\/pihtipudas\/wp-content\/uploads\/sites\/271\/2018\/11\/t1819en_pms-c-01-300&#215;300.jpg&#8221; align_tablet=&#8221;center&#8221; align_phone=&#8221;center&#8221; align_last_edited=&#8221;on|desktop&#8221; _builder_version=&#8221;4.16&#8243; global_colors_info=&#8221;{}&#8221;][\/et_pb_image][\/et_pb_column_inner][et_pb_column_inner type=&#8221;1_4&#8243; saved_specialty_column_type=&#8221;2_3&#8243; _builder_version=&#8221;4.16&#8243; custom_padding=&#8221;|||&#8221; custom_css_main_element=&#8221;display:none;||width:0%!important;&#8221; global_colors_info=&#8221;{}&#8221; custom_padding__hover=&#8221;|||&#8221;][\/et_pb_column_inner][\/et_pb_row_inner][et_pb_row_inner admin_label=&#8221;Rivi&#8221; _builder_version=&#8221;4.16&#8243; global_colors_info=&#8221;{}&#8221;][et_pb_column_inner saved_specialty_column_type=&#8221;2_3&#8243; _builder_version=&#8221;4.16&#8243; custom_padding=&#8221;|||&#8221; global_colors_info=&#8221;{}&#8221; custom_padding__hover=&#8221;|||&#8221;][et_pb_text admin_label=&#8221;Rotary Internationalin vuositeema &#8211; Otsikko&#8221; _builder_version=&#8221;4.16&#8243; text_orientation=&#8221;center&#8221; global_colors_info=&#8221;{}&#8221;]<\/p>\n<h1>Rotary Internationalin vuositeema<\/h1>\n<p>[\/et_pb_text][et_pb_text _builder_version=&#8221;4.16&#8243; global_colors_info=&#8221;{}&#8221;]<\/p>\n<p>Rotary Internationalin presidentti Francesco Arezzo on nimennyt presidenttivuotensa 2025-2026 teemaksi Unite for Good-<strong> Yhdist\u00e4k\u00e4\u00e4 voimanne hyv\u00e4n puolesta.<\/strong><\/p>\n<p>\u00a0Teema korostaa toimintaa yhteis\u00f6jen hyv\u00e4ksi, ja siihen liittyen Rotary-klubit ymp\u00e4ri maailmaa toteuttavat projekteja, jotka tukevat paikallisia tarpeita nuorten auttamisesta, ymp\u00e4rist\u00f6nsuojeluun. Tarkoitus toimimaan yhdess\u00e4 ja tekem\u00e4\u00e4n merkityksellist\u00e4 muutosta parempaan.<\/p>\n<p>Presidentti Arezzo, Rotary Club of Ragusa, Italy. T\u00e4m\u00e4n vuoden teema kutsuu Rotaryn j\u00e4seni\u00e4 olemaan yhten\u00e4isyyden voima maailmassa, joka jakautuu yh\u00e4 enemm\u00e4n politiikan, maantieteen ja ideologian mukaan.<\/p>\n<p><strong>Palveluprojektien kautta Rotary tuo yhteen kaikenlaisia ihmisi\u00e4- rodusta, uskonnosta ja<\/strong> <strong>ammatista riippumatta-yhteisess\u00e4 teht\u00e4v\u00e4ss\u00e4 tehd\u00e4 hyv\u00e4\u00e4 yhteis\u00f6ss\u00e4\u00e4n.<\/strong><\/p>\n<p>&nbsp;<\/p>\n<p>[\/et_pb_text][\/et_pb_column_inner][\/et_pb_row_inner][et_pb_row_inner admin_label=&#8221;Rivi&#8221; _builder_version=&#8221;4.16&#8243; global_colors_info=&#8221;{}&#8221;][et_pb_column_inner saved_specialty_column_type=&#8221;2_3&#8243; _builder_version=&#8221;4.16&#8243; custom_padding=&#8221;|||&#8221; global_colors_info=&#8221;{}&#8221; custom_padding__hover=&#8221;|||&#8221;][et_pb_text admin_label=&#8221;Klubin vuositeema &#8211; Otsikko&#8221; _builder_version=&#8221;4.16&#8243; text_orientation=&#8221;center&#8221; global_colors_info=&#8221;{}&#8221;][\/et_pb_text][et_pb_text _builder_version=&#8221;4.16&#8243; global_colors_info=&#8221;{}&#8221;]<\/p>\n<p class=\"p1\"><span class=\"s1\">Oma klubimme keskittyy j\u00e4senten aktivoimiseen ja klubin julkisuuskuvan kehitt\u00e4miseen. Tahdomme tehd\u00e4 Rotaryn saavutukset n\u00e4kyv\u00e4mm\u00e4ksi. Aktivoidumme yh\u00e4 voimakkaammin nuorten ja heid\u00e4n perheidens\u00e4 suuntaan tukeaksemme heid\u00e4n kasvuaan kohti toimintakykyist\u00e4, hyvinvoivaa aikuisuutta.<\/span><\/p>\n<p>[\/et_pb_text][\/et_pb_column_inner][\/et_pb_row_inner][\/et_pb_column][et_pb_column type=&#8221;1_3&#8243; _builder_version=&#8221;4.16&#8243; custom_padding=&#8221;|||&#8221; global_colors_info=&#8221;{}&#8221; custom_padding__hover=&#8221;|||&#8221;][et_pb_sidebar area=&#8221;sidebar-1&#8243; module_class=&#8221;sivupalkki_sisalto&#8221; _builder_version=&#8221;4.16&#8243; locked=&#8221;on&#8221; global_colors_info=&#8221;{}&#8221;][\/et_pb_sidebar][\/et_pb_column][\/et_pb_section]<\/p>\n","protected":false},"excerpt":{"rendered":"<p>Vuositeema &nbsp;Rotary Internationalin vuositeema Rotary Internationalin presidentti Francesco Arezzo on nimennyt presidenttivuotensa 2025-2026 teemaksi Unite for Good- Yhdist\u00e4k\u00e4\u00e4 voimanne hyv\u00e4n puolesta. \u00a0Teema korostaa toimintaa yhteis\u00f6jen hyv\u00e4ksi, ja siihen liittyen Rotary-klubit ymp\u00e4ri maailmaa toteuttavat projekteja, jotka tukevat paikallisia tarpeita nuorten auttamisesta, ymp\u00e4rist\u00f6nsuojeluun. Tarkoitus toimimaan yhdess\u00e4 ja tekem\u00e4\u00e4n merkityksellist\u00e4 muutosta parempaan. Presidentti Arezzo, Rotary Club of Ragusa, [&hellip;]<\/p>\n","protected":false},"author":1,"featured_media":0,"parent":129,"menu_order":0,"comment_status":"closed","ping_status":"closed","template":"","meta":{"_acf_changed":false,"_et_pb_use_builder":"on","_et_pb_old_content":"","_et_gb_content_width":"","footnotes":""},"class_list":["post-138","page","type-page","status-publish","hentry"],"acf":[],"yoast_head":"<!-- This site is optimized with the Yoast SEO plugin v27.4 - https:\/\/yoast.com\/product\/yoast-seo-wordpress\/ -->\n<title>Vuositeema - Pihtiputaan Rotaryklubi<\/title>\n<meta name=\"robots\" content=\"index, follow, max-snippet:-1, max-image-preview:large, max-video-preview:-1\" \/>\n<link rel=\"canonical\" href=\"https:\/\/rotary.fi\/pihtipudas\/keita-olemme\/vuositeema\/\" \/>\n<meta property=\"og:locale\" content=\"fi_FI\" \/>\n<meta property=\"og:type\" content=\"article\" \/>\n<meta property=\"og:title\" content=\"Vuositeema - Pihtiputaan Rotaryklubi\" \/>\n<meta property=\"og:description\" content=\"Vuositeema &nbsp;Rotary Internationalin vuositeema Rotary Internationalin presidentti Francesco Arezzo on nimennyt presidenttivuotensa 2025-2026 teemaksi Unite for Good- Yhdist\u00e4k\u00e4\u00e4 voimanne hyv\u00e4n puolesta. \u00a0Teema korostaa toimintaa yhteis\u00f6jen hyv\u00e4ksi, ja siihen liittyen Rotary-klubit ymp\u00e4ri maailmaa toteuttavat projekteja, jotka tukevat paikallisia tarpeita nuorten auttamisesta, ymp\u00e4rist\u00f6nsuojeluun. Tarkoitus toimimaan yhdess\u00e4 ja tekem\u00e4\u00e4n merkityksellist\u00e4 muutosta parempaan. Presidentti Arezzo, Rotary Club of Ragusa, [&hellip;]\" \/>\n<meta property=\"og:url\" content=\"https:\/\/rotary.fi\/pihtipudas\/keita-olemme\/vuositeema\/\" \/>\n<meta property=\"og:site_name\" content=\"Pihtiputaan Rotaryklubi\" \/>\n<meta property=\"article:modified_time\" content=\"2026-01-20T13:42:19+00:00\" \/>\n<meta name=\"twitter:card\" content=\"summary_large_image\" \/>\n<meta name=\"twitter:label1\" content=\"Arvioitu lukuaika\" \/>\n\t<meta name=\"twitter:data1\" content=\"4 minuuttia\" \/>\n<script type=\"application\/ld+json\" class=\"yoast-schema-graph\">{\"@context\":\"https:\\\/\\\/schema.org\",\"@graph\":[{\"@type\":\"WebPage\",\"@id\":\"https:\\\/\\\/rotary.fi\\\/pihtipudas\\\/keita-olemme\\\/vuositeema\\\/\",\"url\":\"https:\\\/\\\/rotary.fi\\\/pihtipudas\\\/keita-olemme\\\/vuositeema\\\/\",\"name\":\"Vuositeema - Pihtiputaan Rotaryklubi\",\"isPartOf\":{\"@id\":\"https:\\\/\\\/rotary.fi\\\/pihtipudas\\\/#website\"},\"datePublished\":\"2018-08-10T11:01:44+00:00\",\"dateModified\":\"2026-01-20T13:42:19+00:00\",\"breadcrumb\":{\"@id\":\"https:\\\/\\\/rotary.fi\\\/pihtipudas\\\/keita-olemme\\\/vuositeema\\\/#breadcrumb\"},\"inLanguage\":\"fi\",\"potentialAction\":[{\"@type\":\"ReadAction\",\"target\":[\"https:\\\/\\\/rotary.fi\\\/pihtipudas\\\/keita-olemme\\\/vuositeema\\\/\"]}]},{\"@type\":\"BreadcrumbList\",\"@id\":\"https:\\\/\\\/rotary.fi\\\/pihtipudas\\\/keita-olemme\\\/vuositeema\\\/#breadcrumb\",\"itemListElement\":[{\"@type\":\"ListItem\",\"position\":1,\"name\":\"Home\",\"item\":\"https:\\\/\\\/rotary.fi\\\/pihtipudas\\\/\"},{\"@type\":\"ListItem\",\"position\":2,\"name\":\"Keit\u00e4 olemme\",\"item\":\"https:\\\/\\\/rotary.fi\\\/pihtipudas\\\/keita-olemme\\\/\"},{\"@type\":\"ListItem\",\"position\":3,\"name\":\"Vuositeema\"}]},{\"@type\":\"WebSite\",\"@id\":\"https:\\\/\\\/rotary.fi\\\/pihtipudas\\\/#website\",\"url\":\"https:\\\/\\\/rotary.fi\\\/pihtipudas\\\/\",\"name\":\"Pihtiputaan Rotaryklubi\",\"description\":\"Uusi Rotary klubisivusto\",\"potentialAction\":[{\"@type\":\"SearchAction\",\"target\":{\"@type\":\"EntryPoint\",\"urlTemplate\":\"https:\\\/\\\/rotary.fi\\\/pihtipudas\\\/?s={search_term_string}\"},\"query-input\":{\"@type\":\"PropertyValueSpecification\",\"valueRequired\":true,\"valueName\":\"search_term_string\"}}],\"inLanguage\":\"fi\"}]}<\/script>\n<!-- \/ Yoast SEO plugin. -->","yoast_head_json":{"title":"Vuositeema - Pihtiputaan Rotaryklubi","robots":{"index":"index","follow":"follow","max-snippet":"max-snippet:-1","max-image-preview":"max-image-preview:large","max-video-preview":"max-video-preview:-1"},"canonical":"https:\/\/rotary.fi\/pihtipudas\/keita-olemme\/vuositeema\/","og_locale":"fi_FI","og_type":"article","og_title":"Vuositeema - Pihtiputaan Rotaryklubi","og_description":"Vuositeema &nbsp;Rotary Internationalin vuositeema Rotary Internationalin presidentti Francesco Arezzo on nimennyt presidenttivuotensa 2025-2026 teemaksi Unite for Good- Yhdist\u00e4k\u00e4\u00e4 voimanne hyv\u00e4n puolesta. \u00a0Teema korostaa toimintaa yhteis\u00f6jen hyv\u00e4ksi, ja siihen liittyen Rotary-klubit ymp\u00e4ri maailmaa toteuttavat projekteja, jotka tukevat paikallisia tarpeita nuorten auttamisesta, ymp\u00e4rist\u00f6nsuojeluun. Tarkoitus toimimaan yhdess\u00e4 ja tekem\u00e4\u00e4n merkityksellist\u00e4 muutosta parempaan. Presidentti Arezzo, Rotary Club of Ragusa, [&hellip;]","og_url":"https:\/\/rotary.fi\/pihtipudas\/keita-olemme\/vuositeema\/","og_site_name":"Pihtiputaan Rotaryklubi","article_modified_time":"2026-01-20T13:42:19+00:00","twitter_card":"summary_large_image","twitter_misc":{"Arvioitu lukuaika":"4 minuuttia"},"schema":{"@context":"https:\/\/schema.org","@graph":[{"@type":"WebPage","@id":"https:\/\/rotary.fi\/pihtipudas\/keita-olemme\/vuositeema\/","url":"https:\/\/rotary.fi\/pihtipudas\/keita-olemme\/vuositeema\/","name":"Vuositeema - Pihtiputaan Rotaryklubi","isPartOf":{"@id":"https:\/\/rotary.fi\/pihtipudas\/#website"},"datePublished":"2018-08-10T11:01:44+00:00","dateModified":"2026-01-20T13:42:19+00:00","breadcrumb":{"@id":"https:\/\/rotary.fi\/pihtipudas\/keita-olemme\/vuositeema\/#breadcrumb"},"inLanguage":"fi","potentialAction":[{"@type":"ReadAction","target":["https:\/\/rotary.fi\/pihtipudas\/keita-olemme\/vuositeema\/"]}]},{"@type":"BreadcrumbList","@id":"https:\/\/rotary.fi\/pihtipudas\/keita-olemme\/vuositeema\/#breadcrumb","itemListElement":[{"@type":"ListItem","position":1,"name":"Home","item":"https:\/\/rotary.fi\/pihtipudas\/"},{"@type":"ListItem","position":2,"name":"Keit\u00e4 olemme","item":"https:\/\/rotary.fi\/pihtipudas\/keita-olemme\/"},{"@type":"ListItem","position":3,"name":"Vuositeema"}]},{"@type":"WebSite","@id":"https:\/\/rotary.fi\/pihtipudas\/#website","url":"https:\/\/rotary.fi\/pihtipudas\/","name":"Pihtiputaan Rotaryklubi","description":"Uusi Rotary klubisivusto","potentialAction":[{"@type":"SearchAction","target":{"@type":"EntryPoint","urlTemplate":"https:\/\/rotary.fi\/pihtipudas\/?s={search_term_string}"},"query-input":{"@type":"PropertyValueSpecification","valueRequired":true,"valueName":"search_term_string"}}],"inLanguage":"fi"}]}},"lang":"fi","translations":{"fi":138},"pll_sync_post":[],"_links":{"self":[{"href":"https:\/\/rotary.fi\/pihtipudas\/wp-json\/wp\/v2\/pages\/138","targetHints":{"allow":["GET"]}}],"collection":[{"href":"https:\/\/rotary.fi\/pihtipudas\/wp-json\/wp\/v2\/pages"}],"about":[{"href":"https:\/\/rotary.fi\/pihtipudas\/wp-json\/wp\/v2\/types\/page"}],"author":[{"embeddable":true,"href":"https:\/\/rotary.fi\/pihtipudas\/wp-json\/wp\/v2\/users\/1"}],"replies":[{"embeddable":true,"href":"https:\/\/rotary.fi\/pihtipudas\/wp-json\/wp\/v2\/comments?post=138"}],"version-history":[{"count":10,"href":"https:\/\/rotary.fi\/pihtipudas\/wp-json\/wp\/v2\/pages\/138\/revisions"}],"predecessor-version":[{"id":1743,"href":"https:\/\/rotary.fi\/pihtipudas\/wp-json\/wp\/v2\/pages\/138\/revisions\/1743"}],"up":[{"embeddable":true,"href":"https:\/\/rotary.fi\/pihtipudas\/wp-json\/wp\/v2\/pages\/129"}],"wp:attachment":[{"href":"https:\/\/rotary.fi\/pihtipudas\/wp-json\/wp\/v2\/media?parent=138"}],"curies":[{"name":"wp","href":"https:\/\/api.w.org\/{rel}","templated":true}]}}