{"id":98,"date":"2025-07-01T15:17:32","date_gmt":"2025-07-01T12:17:32","guid":{"rendered":"https:\/\/rotary.fi\/klubi2\/?page_id=98"},"modified":"2025-07-18T17:29:51","modified_gmt":"2025-07-18T14:29:51","slug":"yhteystiedot","status":"publish","type":"page","link":"https:\/\/rotary.fi\/pietarsaari\/yhteystiedot\/","title":{"rendered":"Yhteystiedot"},"content":{"rendered":"<p><strong>Presidentti Erkki Salmu<\/strong><\/p>\n<p><a href=\"mailto:erkki.salmu@gmail.com\">erkki.salmu@gmail.com<\/a><\/p>\n<p>+358\u00a0400\u00a0954\u00a0978<\/p>\n<p><strong>Past President H\u00e5kan Ekman<\/strong><\/p>\n<p><a href=\"mailto:hakan@levihuvilat.com\">hakan@levihuvilat.com<\/a><\/p>\n<p>+ 358 400 562995<\/p>\n<p>_____________________________<\/p>\n<p><strong>Kokouspaikka<\/strong><\/p>\n<p>Pietarsaaren Kaupunginhotelli<br \/>\n+358 6 788 8111<br \/>\n<a class=\"subfooter-link\" href=\"mailto:sales@stadshotellet.fi\">reception@stadshotellet.fi<\/a><\/p>\n<p><a href=\"https:\/\/www.stadshotellet.fi\/\">https:\/\/www.stadshotellet.fi\/\u00a0<\/a><\/p>\n<div class=\"section wf-section\">\n<div class=\"global-container\">\n<div class=\"tour-row-1 w-row\">\n<div class=\"tour-column-1 w-col w-col-6\">\n<p class=\"tour-heading\"><strong>Kuinka l\u00f6yd\u00e4n perille?<\/strong><\/p>\n<p><a class=\"restaurant-name stadshotellet w-button\" href=\"https:\/\/goo.gl\/maps\/CFk7MbpPH7Q2\" target=\"_blank\" rel=\"noopener\">KANAVAPUISTIKKO 13, PIETARSAARI<\/a><\/p>\n<p class=\"tour-words\">Olemme Pietarsaaren ydinkeskustassa \u2013 ei olettaisi olevan hankala l\u00f6yt\u00e4\u00e4. Mutta autoilevalle ensikertalaiselle navigaattorin avulla perille l\u00f6yt\u00e4minen voi olla haasteellista. Hotellimme sis\u00e4\u00e4nk\u00e4ynti sijaitsee osoitteessa Kanavapuistikko 13, joka on k\u00e4velykatu.<\/p>\n<p>Sen sijaan neuvomme suunnistamaan perille osoitteella\u00a0<strong>Runeberginkatu 11<\/strong>. T\u00e4m\u00e4 osoite tuo sinut hyvin l\u00e4helle sis\u00e4\u00e4nk\u00e4ynti\u00e4, k\u00e4velykadun viereen.<\/p>\n<div class=\"tour-button-wrapper\"><a class=\"button margin-bottom w-button\" href=\"https:\/\/goo.gl\/maps\/CFk7MbpPH7Q2\" target=\"_blank\" rel=\"noopener\">AVAA\u00a0GOOGLE MAPS<\/a><\/div>\n<\/div>\n<div class=\"tour-column-2 w-col w-col-6\">\n<div class=\"w-widget w-widget-map\" title=\"\" data-widget-latlng=\"63.6749188,22.7059468\" data-widget-tooltip=\"Stadshotellet\" data-widget-zoom=\"14\" data-enable-scroll=\"true\" data-enable-touch=\"true\" data-widget-style=\"roadmap\">\n<div>\n<div class=\"gm-style\">\n<div>\n<div>\n<div class=\"gm-style-cc\">\n<div><\/div>\n<\/div>\n<\/div>\n<\/div>\n<\/div>\n<\/div>\n<\/div>\n<\/div>\n<\/div>\n<\/div>\n<\/div>\n<div class=\"section wf-section\">\n<div class=\"global-container\">\n<div class=\"tour-row-2 w-row\">\n<div class=\"tour-column-1 w-col w-col-6\">\n<p class=\"tour-heading\"><strong>Mihin voin pys\u00e4k\u00f6id\u00e4?<\/strong><\/p>\n<p><a class=\"restaurant-name stadshotellet w-button\" href=\"https:\/\/goo.gl\/maps\/rC5gprrz8KJ2\" target=\"_blank\" rel=\"noopener\">KANAVAPUISTIKKO 9, PIETARSAARI<\/a><\/p>\n<p class=\"tour-words\">Saapuessasi hotellille, voit aluksi pys\u00e4k\u00f6id\u00e4 autosi v\u00e4liaikaisesti kadulle. Varsinainen vieraspys\u00e4nk\u00f6intialue sijaitsee 50m p\u00e4\u00e4ss\u00e4 sis\u00e4\u00e4nk\u00e4ynnist\u00e4, l\u00e4hell\u00e4 pient\u00e4 liikenneympyr\u00e4\u00e4 Energialaitoksen vieress\u00e4.<\/p>\n<p>Pys\u00e4k\u00f6inti\u00e4 varten tarvitset pys\u00e4k\u00f6intiluvan, jonka saat vastaanotosta ilmoittautumisen yhteydess\u00e4. Pys\u00e4k\u00f6intialueen osoite on\u00a0<strong>Kanavapuistikko 9<\/strong>.<\/p>\n<div class=\"tour-button-wrapper\"><a class=\"button margin-bottom w-button\" href=\"https:\/\/goo.gl\/maps\/cRHnkqkb2sz\" target=\"_blank\" rel=\"noopener\">AVAA\u00a0GOOGLE MAPS<\/a><\/div>\n<\/div>\n<\/div>\n<\/div>\n<\/div>\n","protected":false},"excerpt":{"rendered":"<p>Presidentti Erkki Salmu erkki.salmu@gmail.com +358\u00a0400\u00a0954\u00a0978 Past President H\u00e5kan Ekman hakan@levihuvilat.com + 358 400 562995 _____________________________ Kokouspaikka Pietarsaaren Kaupunginhotelli +358 6 788 8111 reception@stadshotellet.fi https:\/\/www.stadshotellet.fi\/\u00a0 Kuinka l\u00f6yd\u00e4n perille? KANAVAPUISTIKKO 13, PIETARSAARI Olemme Pietarsaaren ydinkeskustassa \u2013 ei olettaisi olevan hankala l\u00f6yt\u00e4\u00e4. Mutta autoilevalle ensikertalaiselle navigaattorin avulla perille l\u00f6yt\u00e4minen voi olla haasteellista. Hotellimme sis\u00e4\u00e4nk\u00e4ynti sijaitsee osoitteessa Kanavapuistikko 13, [&hellip;]<\/p>\n","protected":false},"author":1,"featured_media":0,"parent":0,"menu_order":6,"comment_status":"closed","ping_status":"closed","template":"","meta":{"_acf_changed":false,"_et_pb_use_builder":"off","_et_pb_old_content":"","_et_gb_content_width":"","footnotes":""},"class_list":["post-98","page","type-page","status-publish","hentry"],"acf":[],"yoast_head":"<!-- This site is optimized with the Yoast SEO plugin v27.4 - https:\/\/yoast.com\/product\/yoast-seo-wordpress\/ -->\n<title>Yhteystiedot - Rotaryklubi Pietarsaari-M\u00e4ssk\u00e4r<\/title>\n<meta name=\"robots\" content=\"index, follow, max-snippet:-1, max-image-preview:large, max-video-preview:-1\" \/>\n<link rel=\"canonical\" href=\"https:\/\/rotary.fi\/pietarsaari\/yhteystiedot\/\" \/>\n<meta property=\"og:locale\" content=\"fi_FI\" \/>\n<meta property=\"og:type\" content=\"article\" \/>\n<meta property=\"og:title\" content=\"Yhteystiedot - Rotaryklubi Pietarsaari-M\u00e4ssk\u00e4r\" \/>\n<meta property=\"og:description\" content=\"Presidentti Erkki Salmu erkki.salmu@gmail.com +358\u00a0400\u00a0954\u00a0978 Past President H\u00e5kan Ekman hakan@levihuvilat.com + 358 400 562995 _____________________________ Kokouspaikka Pietarsaaren Kaupunginhotelli +358 6 788 8111 reception@stadshotellet.fi https:\/\/www.stadshotellet.fi\/\u00a0 Kuinka l\u00f6yd\u00e4n perille? KANAVAPUISTIKKO 13, PIETARSAARI Olemme Pietarsaaren ydinkeskustassa \u2013 ei olettaisi olevan hankala l\u00f6yt\u00e4\u00e4. Mutta autoilevalle ensikertalaiselle navigaattorin avulla perille l\u00f6yt\u00e4minen voi olla haasteellista. Hotellimme sis\u00e4\u00e4nk\u00e4ynti sijaitsee osoitteessa Kanavapuistikko 13, [&hellip;]\" \/>\n<meta property=\"og:url\" content=\"https:\/\/rotary.fi\/pietarsaari\/yhteystiedot\/\" \/>\n<meta property=\"og:site_name\" content=\"Rotaryklubi Pietarsaari-M\u00e4ssk\u00e4r\" \/>\n<meta property=\"article:modified_time\" content=\"2025-07-18T14:29:51+00:00\" \/>\n<meta name=\"twitter:card\" content=\"summary_large_image\" \/>\n<meta name=\"twitter:label1\" content=\"Arvioitu lukuaika\" \/>\n\t<meta name=\"twitter:data1\" content=\"1 minuutti\" \/>\n<script type=\"application\/ld+json\" class=\"yoast-schema-graph\">{\"@context\":\"https:\\\/\\\/schema.org\",\"@graph\":[{\"@type\":\"WebPage\",\"@id\":\"https:\\\/\\\/rotary.fi\\\/pietarsaari\\\/yhteystiedot\\\/\",\"url\":\"https:\\\/\\\/rotary.fi\\\/pietarsaari\\\/yhteystiedot\\\/\",\"name\":\"Yhteystiedot - Rotaryklubi Pietarsaari-M\u00e4ssk\u00e4r\",\"isPartOf\":{\"@id\":\"https:\\\/\\\/rotary.fi\\\/pietarsaari\\\/#website\"},\"datePublished\":\"2025-07-01T12:17:32+00:00\",\"dateModified\":\"2025-07-18T14:29:51+00:00\",\"breadcrumb\":{\"@id\":\"https:\\\/\\\/rotary.fi\\\/pietarsaari\\\/yhteystiedot\\\/#breadcrumb\"},\"inLanguage\":\"fi\",\"potentialAction\":[{\"@type\":\"ReadAction\",\"target\":[\"https:\\\/\\\/rotary.fi\\\/pietarsaari\\\/yhteystiedot\\\/\"]}]},{\"@type\":\"BreadcrumbList\",\"@id\":\"https:\\\/\\\/rotary.fi\\\/pietarsaari\\\/yhteystiedot\\\/#breadcrumb\",\"itemListElement\":[{\"@type\":\"ListItem\",\"position\":1,\"name\":\"Home\",\"item\":\"https:\\\/\\\/rotary.fi\\\/pietarsaari\\\/\"},{\"@type\":\"ListItem\",\"position\":2,\"name\":\"Yhteystiedot\"}]},{\"@type\":\"WebSite\",\"@id\":\"https:\\\/\\\/rotary.fi\\\/pietarsaari\\\/#website\",\"url\":\"https:\\\/\\\/rotary.fi\\\/pietarsaari\\\/\",\"name\":\"Rotaryklubi Pietarsaari-M\u00e4ssk\u00e4r\",\"description\":\"Uusi Rotary klubisivusto\",\"potentialAction\":[{\"@type\":\"SearchAction\",\"target\":{\"@type\":\"EntryPoint\",\"urlTemplate\":\"https:\\\/\\\/rotary.fi\\\/pietarsaari\\\/?s={search_term_string}\"},\"query-input\":{\"@type\":\"PropertyValueSpecification\",\"valueRequired\":true,\"valueName\":\"search_term_string\"}}],\"inLanguage\":\"fi\"}]}<\/script>\n<!-- \/ Yoast SEO plugin. -->","yoast_head_json":{"title":"Yhteystiedot - Rotaryklubi Pietarsaari-M\u00e4ssk\u00e4r","robots":{"index":"index","follow":"follow","max-snippet":"max-snippet:-1","max-image-preview":"max-image-preview:large","max-video-preview":"max-video-preview:-1"},"canonical":"https:\/\/rotary.fi\/pietarsaari\/yhteystiedot\/","og_locale":"fi_FI","og_type":"article","og_title":"Yhteystiedot - Rotaryklubi Pietarsaari-M\u00e4ssk\u00e4r","og_description":"Presidentti Erkki Salmu erkki.salmu@gmail.com +358\u00a0400\u00a0954\u00a0978 Past President H\u00e5kan Ekman hakan@levihuvilat.com + 358 400 562995 _____________________________ Kokouspaikka Pietarsaaren Kaupunginhotelli +358 6 788 8111 reception@stadshotellet.fi https:\/\/www.stadshotellet.fi\/\u00a0 Kuinka l\u00f6yd\u00e4n perille? KANAVAPUISTIKKO 13, PIETARSAARI Olemme Pietarsaaren ydinkeskustassa \u2013 ei olettaisi olevan hankala l\u00f6yt\u00e4\u00e4. Mutta autoilevalle ensikertalaiselle navigaattorin avulla perille l\u00f6yt\u00e4minen voi olla haasteellista. Hotellimme sis\u00e4\u00e4nk\u00e4ynti sijaitsee osoitteessa Kanavapuistikko 13, [&hellip;]","og_url":"https:\/\/rotary.fi\/pietarsaari\/yhteystiedot\/","og_site_name":"Rotaryklubi Pietarsaari-M\u00e4ssk\u00e4r","article_modified_time":"2025-07-18T14:29:51+00:00","twitter_card":"summary_large_image","twitter_misc":{"Arvioitu lukuaika":"1 minuutti"},"schema":{"@context":"https:\/\/schema.org","@graph":[{"@type":"WebPage","@id":"https:\/\/rotary.fi\/pietarsaari\/yhteystiedot\/","url":"https:\/\/rotary.fi\/pietarsaari\/yhteystiedot\/","name":"Yhteystiedot - Rotaryklubi Pietarsaari-M\u00e4ssk\u00e4r","isPartOf":{"@id":"https:\/\/rotary.fi\/pietarsaari\/#website"},"datePublished":"2025-07-01T12:17:32+00:00","dateModified":"2025-07-18T14:29:51+00:00","breadcrumb":{"@id":"https:\/\/rotary.fi\/pietarsaari\/yhteystiedot\/#breadcrumb"},"inLanguage":"fi","potentialAction":[{"@type":"ReadAction","target":["https:\/\/rotary.fi\/pietarsaari\/yhteystiedot\/"]}]},{"@type":"BreadcrumbList","@id":"https:\/\/rotary.fi\/pietarsaari\/yhteystiedot\/#breadcrumb","itemListElement":[{"@type":"ListItem","position":1,"name":"Home","item":"https:\/\/rotary.fi\/pietarsaari\/"},{"@type":"ListItem","position":2,"name":"Yhteystiedot"}]},{"@type":"WebSite","@id":"https:\/\/rotary.fi\/pietarsaari\/#website","url":"https:\/\/rotary.fi\/pietarsaari\/","name":"Rotaryklubi Pietarsaari-M\u00e4ssk\u00e4r","description":"Uusi Rotary klubisivusto","potentialAction":[{"@type":"SearchAction","target":{"@type":"EntryPoint","urlTemplate":"https:\/\/rotary.fi\/pietarsaari\/?s={search_term_string}"},"query-input":{"@type":"PropertyValueSpecification","valueRequired":true,"valueName":"search_term_string"}}],"inLanguage":"fi"}]}},"lang":"fi","translations":{"fi":98},"pll_sync_post":[],"_links":{"self":[{"href":"https:\/\/rotary.fi\/pietarsaari\/wp-json\/wp\/v2\/pages\/98","targetHints":{"allow":["GET"]}}],"collection":[{"href":"https:\/\/rotary.fi\/pietarsaari\/wp-json\/wp\/v2\/pages"}],"about":[{"href":"https:\/\/rotary.fi\/pietarsaari\/wp-json\/wp\/v2\/types\/page"}],"author":[{"embeddable":true,"href":"https:\/\/rotary.fi\/pietarsaari\/wp-json\/wp\/v2\/users\/1"}],"replies":[{"embeddable":true,"href":"https:\/\/rotary.fi\/pietarsaari\/wp-json\/wp\/v2\/comments?post=98"}],"version-history":[{"count":10,"href":"https:\/\/rotary.fi\/pietarsaari\/wp-json\/wp\/v2\/pages\/98\/revisions"}],"predecessor-version":[{"id":2545,"href":"https:\/\/rotary.fi\/pietarsaari\/wp-json\/wp\/v2\/pages\/98\/revisions\/2545"}],"wp:attachment":[{"href":"https:\/\/rotary.fi\/pietarsaari\/wp-json\/wp\/v2\/media?parent=98"}],"curies":[{"name":"wp","href":"https:\/\/api.w.org\/{rel}","templated":true}]}}