{"id":295,"date":"2018-10-25T08:25:11","date_gmt":"2018-10-25T05:25:11","guid":{"rendered":"https:\/\/rotary.fi\/pietarsaari\/?page_id=295"},"modified":"2022-07-29T12:23:11","modified_gmt":"2022-07-29T09:23:11","slug":"laakaripankki","status":"publish","type":"page","link":"https:\/\/rotary.fi\/pietarsaari\/mita-teemme\/laakaripankki\/","title":{"rendered":"L\u00e4\u00e4k\u00e4ripankki"},"content":{"rendered":"<p><em>Suomen Rotarypalvelu ry:n L\u00e4\u00e4k\u00e4ripankkia (Rotary Doctor Bank of Finland) rahoittavat kaikki suomalaiset rotarit.<\/em><\/p>\n<p>L\u00e4\u00e4k\u00e4ripankki on toiminut Tansaniassa vuodesta 2002 Tansanian evankelisluterilaisen kirkon sairaaloissa. Tansaniaan on l\u00e4hetetty L\u00e4\u00e4k\u00e4ripankin kautta vapaaehtoisia l\u00e4\u00e4k\u00e4reit\u00e4 ja hammasl\u00e4\u00e4k\u00e4reit\u00e4 Suomen Rotarypalvelun ker\u00e4\u00e4m\u00e4n omarahoituksen ja ulkoministeri\u00f6n my\u00f6nt\u00e4m\u00e4n kehitysyhteisty\u00f6n hanketuen avulla.<\/p>\n<p>Vuosittain on Tansaniaan voitu l\u00e4hett\u00e4\u00e4 vapaaehtoisl\u00e4\u00e4k\u00e4reit\u00e4 kuuden tai useamman viikon ajaksi. Ty\u00f6 on palkatonta, mutta l\u00e4\u00e4k\u00e4rit saavat korvauksen matkoista, p\u00e4iv\u00e4rahan ja vakuutuksen. L\u00e4\u00e4k\u00e4rit osallistuvat sairaalan ty\u00f6h\u00f6n k\u00e4ytett\u00e4viss\u00e4 olevilla v\u00e4lineill\u00e4 ja tekev\u00e4t my\u00f6s opetusty\u00f6t\u00e4. Humanitaarisen ty\u00f6n antaman mielihyv\u00e4n lis\u00e4ksi osallistujat ovat kokeneet saaneensa kokemusta, jota ei Suomessa olisi mahdollista saada.<\/p>\n<p>Lue lis\u00e4\u00e4\u00a0<a href=\"https:\/\/rotary.fi\/mita-teemme\/laakaripankki\/\" target=\"_blank\" rel=\"noopener noreferrer\">Suomen Rotarypalvelu ry:n L\u00e4\u00e4k\u00e4ripankista.<\/a><\/p>\n","protected":false},"excerpt":{"rendered":"<p>Suomen Rotarypalvelu ry:n L\u00e4\u00e4k\u00e4ripankkia (Rotary Doctor Bank of Finland) rahoittavat kaikki suomalaiset rotarit. L\u00e4\u00e4k\u00e4ripankki on toiminut Tansaniassa vuodesta 2002 Tansanian evankelisluterilaisen kirkon sairaaloissa. Tansaniaan on l\u00e4hetetty L\u00e4\u00e4k\u00e4ripankin kautta vapaaehtoisia l\u00e4\u00e4k\u00e4reit\u00e4 ja hammasl\u00e4\u00e4k\u00e4reit\u00e4 Suomen Rotarypalvelun ker\u00e4\u00e4m\u00e4n omarahoituksen ja ulkoministeri\u00f6n my\u00f6nt\u00e4m\u00e4n kehitysyhteisty\u00f6n hanketuen avulla. Vuosittain on Tansaniaan voitu l\u00e4hett\u00e4\u00e4 vapaaehtoisl\u00e4\u00e4k\u00e4reit\u00e4 kuuden tai useamman viikon ajaksi. Ty\u00f6 on [&hellip;]<\/p>\n","protected":false},"author":1,"featured_media":0,"parent":77,"menu_order":6,"comment_status":"closed","ping_status":"closed","template":"","meta":{"_acf_changed":false,"_et_pb_use_builder":"off","_et_pb_old_content":"","_et_gb_content_width":"","footnotes":""},"class_list":["post-295","page","type-page","status-publish","hentry"],"acf":[],"yoast_head":"<!-- This site is optimized with the Yoast SEO plugin v27.4 - https:\/\/yoast.com\/product\/yoast-seo-wordpress\/ -->\n<title>L\u00e4\u00e4k\u00e4ripankki - Rotaryklubi Pietarsaari-M\u00e4ssk\u00e4r<\/title>\n<meta name=\"robots\" content=\"index, follow, max-snippet:-1, max-image-preview:large, max-video-preview:-1\" \/>\n<link rel=\"canonical\" href=\"https:\/\/rotary.fi\/pietarsaari\/mita-teemme\/laakaripankki\/\" \/>\n<meta property=\"og:locale\" content=\"fi_FI\" \/>\n<meta property=\"og:type\" content=\"article\" \/>\n<meta property=\"og:title\" content=\"L\u00e4\u00e4k\u00e4ripankki - Rotaryklubi Pietarsaari-M\u00e4ssk\u00e4r\" \/>\n<meta property=\"og:description\" content=\"Suomen Rotarypalvelu ry:n L\u00e4\u00e4k\u00e4ripankkia (Rotary Doctor Bank of Finland) rahoittavat kaikki suomalaiset rotarit. L\u00e4\u00e4k\u00e4ripankki on toiminut Tansaniassa vuodesta 2002 Tansanian evankelisluterilaisen kirkon sairaaloissa. Tansaniaan on l\u00e4hetetty L\u00e4\u00e4k\u00e4ripankin kautta vapaaehtoisia l\u00e4\u00e4k\u00e4reit\u00e4 ja hammasl\u00e4\u00e4k\u00e4reit\u00e4 Suomen Rotarypalvelun ker\u00e4\u00e4m\u00e4n omarahoituksen ja ulkoministeri\u00f6n my\u00f6nt\u00e4m\u00e4n kehitysyhteisty\u00f6n hanketuen avulla. Vuosittain on Tansaniaan voitu l\u00e4hett\u00e4\u00e4 vapaaehtoisl\u00e4\u00e4k\u00e4reit\u00e4 kuuden tai useamman viikon ajaksi. Ty\u00f6 on [&hellip;]\" \/>\n<meta property=\"og:url\" content=\"https:\/\/rotary.fi\/pietarsaari\/mita-teemme\/laakaripankki\/\" \/>\n<meta property=\"og:site_name\" content=\"Rotaryklubi Pietarsaari-M\u00e4ssk\u00e4r\" \/>\n<meta property=\"article:modified_time\" content=\"2022-07-29T09:23:11+00:00\" \/>\n<meta name=\"twitter:card\" content=\"summary_large_image\" \/>\n<meta name=\"twitter:label1\" content=\"Arvioitu lukuaika\" \/>\n\t<meta name=\"twitter:data1\" content=\"1 minuutti\" \/>\n<script type=\"application\/ld+json\" class=\"yoast-schema-graph\">{\"@context\":\"https:\\\/\\\/schema.org\",\"@graph\":[{\"@type\":\"WebPage\",\"@id\":\"https:\\\/\\\/rotary.fi\\\/pietarsaari\\\/mita-teemme\\\/laakaripankki\\\/\",\"url\":\"https:\\\/\\\/rotary.fi\\\/pietarsaari\\\/mita-teemme\\\/laakaripankki\\\/\",\"name\":\"L\u00e4\u00e4k\u00e4ripankki - Rotaryklubi Pietarsaari-M\u00e4ssk\u00e4r\",\"isPartOf\":{\"@id\":\"https:\\\/\\\/rotary.fi\\\/pietarsaari\\\/#website\"},\"datePublished\":\"2018-10-25T05:25:11+00:00\",\"dateModified\":\"2022-07-29T09:23:11+00:00\",\"breadcrumb\":{\"@id\":\"https:\\\/\\\/rotary.fi\\\/pietarsaari\\\/mita-teemme\\\/laakaripankki\\\/#breadcrumb\"},\"inLanguage\":\"fi\",\"potentialAction\":[{\"@type\":\"ReadAction\",\"target\":[\"https:\\\/\\\/rotary.fi\\\/pietarsaari\\\/mita-teemme\\\/laakaripankki\\\/\"]}]},{\"@type\":\"BreadcrumbList\",\"@id\":\"https:\\\/\\\/rotary.fi\\\/pietarsaari\\\/mita-teemme\\\/laakaripankki\\\/#breadcrumb\",\"itemListElement\":[{\"@type\":\"ListItem\",\"position\":1,\"name\":\"Home\",\"item\":\"https:\\\/\\\/rotary.fi\\\/pietarsaari\\\/\"},{\"@type\":\"ListItem\",\"position\":2,\"name\":\"Mit\u00e4 teemme\",\"item\":\"https:\\\/\\\/rotary.fi\\\/pietarsaari\\\/mita-teemme\\\/\"},{\"@type\":\"ListItem\",\"position\":3,\"name\":\"L\u00e4\u00e4k\u00e4ripankki\"}]},{\"@type\":\"WebSite\",\"@id\":\"https:\\\/\\\/rotary.fi\\\/pietarsaari\\\/#website\",\"url\":\"https:\\\/\\\/rotary.fi\\\/pietarsaari\\\/\",\"name\":\"Rotaryklubi Pietarsaari-M\u00e4ssk\u00e4r\",\"description\":\"Uusi Rotary klubisivusto\",\"potentialAction\":[{\"@type\":\"SearchAction\",\"target\":{\"@type\":\"EntryPoint\",\"urlTemplate\":\"https:\\\/\\\/rotary.fi\\\/pietarsaari\\\/?s={search_term_string}\"},\"query-input\":{\"@type\":\"PropertyValueSpecification\",\"valueRequired\":true,\"valueName\":\"search_term_string\"}}],\"inLanguage\":\"fi\"}]}<\/script>\n<!-- \/ Yoast SEO plugin. -->","yoast_head_json":{"title":"L\u00e4\u00e4k\u00e4ripankki - Rotaryklubi Pietarsaari-M\u00e4ssk\u00e4r","robots":{"index":"index","follow":"follow","max-snippet":"max-snippet:-1","max-image-preview":"max-image-preview:large","max-video-preview":"max-video-preview:-1"},"canonical":"https:\/\/rotary.fi\/pietarsaari\/mita-teemme\/laakaripankki\/","og_locale":"fi_FI","og_type":"article","og_title":"L\u00e4\u00e4k\u00e4ripankki - Rotaryklubi Pietarsaari-M\u00e4ssk\u00e4r","og_description":"Suomen Rotarypalvelu ry:n L\u00e4\u00e4k\u00e4ripankkia (Rotary Doctor Bank of Finland) rahoittavat kaikki suomalaiset rotarit. L\u00e4\u00e4k\u00e4ripankki on toiminut Tansaniassa vuodesta 2002 Tansanian evankelisluterilaisen kirkon sairaaloissa. Tansaniaan on l\u00e4hetetty L\u00e4\u00e4k\u00e4ripankin kautta vapaaehtoisia l\u00e4\u00e4k\u00e4reit\u00e4 ja hammasl\u00e4\u00e4k\u00e4reit\u00e4 Suomen Rotarypalvelun ker\u00e4\u00e4m\u00e4n omarahoituksen ja ulkoministeri\u00f6n my\u00f6nt\u00e4m\u00e4n kehitysyhteisty\u00f6n hanketuen avulla. Vuosittain on Tansaniaan voitu l\u00e4hett\u00e4\u00e4 vapaaehtoisl\u00e4\u00e4k\u00e4reit\u00e4 kuuden tai useamman viikon ajaksi. Ty\u00f6 on [&hellip;]","og_url":"https:\/\/rotary.fi\/pietarsaari\/mita-teemme\/laakaripankki\/","og_site_name":"Rotaryklubi Pietarsaari-M\u00e4ssk\u00e4r","article_modified_time":"2022-07-29T09:23:11+00:00","twitter_card":"summary_large_image","twitter_misc":{"Arvioitu lukuaika":"1 minuutti"},"schema":{"@context":"https:\/\/schema.org","@graph":[{"@type":"WebPage","@id":"https:\/\/rotary.fi\/pietarsaari\/mita-teemme\/laakaripankki\/","url":"https:\/\/rotary.fi\/pietarsaari\/mita-teemme\/laakaripankki\/","name":"L\u00e4\u00e4k\u00e4ripankki - Rotaryklubi Pietarsaari-M\u00e4ssk\u00e4r","isPartOf":{"@id":"https:\/\/rotary.fi\/pietarsaari\/#website"},"datePublished":"2018-10-25T05:25:11+00:00","dateModified":"2022-07-29T09:23:11+00:00","breadcrumb":{"@id":"https:\/\/rotary.fi\/pietarsaari\/mita-teemme\/laakaripankki\/#breadcrumb"},"inLanguage":"fi","potentialAction":[{"@type":"ReadAction","target":["https:\/\/rotary.fi\/pietarsaari\/mita-teemme\/laakaripankki\/"]}]},{"@type":"BreadcrumbList","@id":"https:\/\/rotary.fi\/pietarsaari\/mita-teemme\/laakaripankki\/#breadcrumb","itemListElement":[{"@type":"ListItem","position":1,"name":"Home","item":"https:\/\/rotary.fi\/pietarsaari\/"},{"@type":"ListItem","position":2,"name":"Mit\u00e4 teemme","item":"https:\/\/rotary.fi\/pietarsaari\/mita-teemme\/"},{"@type":"ListItem","position":3,"name":"L\u00e4\u00e4k\u00e4ripankki"}]},{"@type":"WebSite","@id":"https:\/\/rotary.fi\/pietarsaari\/#website","url":"https:\/\/rotary.fi\/pietarsaari\/","name":"Rotaryklubi Pietarsaari-M\u00e4ssk\u00e4r","description":"Uusi Rotary klubisivusto","potentialAction":[{"@type":"SearchAction","target":{"@type":"EntryPoint","urlTemplate":"https:\/\/rotary.fi\/pietarsaari\/?s={search_term_string}"},"query-input":{"@type":"PropertyValueSpecification","valueRequired":true,"valueName":"search_term_string"}}],"inLanguage":"fi"}]}},"lang":"fi","translations":{"fi":295},"pll_sync_post":[],"_links":{"self":[{"href":"https:\/\/rotary.fi\/pietarsaari\/wp-json\/wp\/v2\/pages\/295","targetHints":{"allow":["GET"]}}],"collection":[{"href":"https:\/\/rotary.fi\/pietarsaari\/wp-json\/wp\/v2\/pages"}],"about":[{"href":"https:\/\/rotary.fi\/pietarsaari\/wp-json\/wp\/v2\/types\/page"}],"author":[{"embeddable":true,"href":"https:\/\/rotary.fi\/pietarsaari\/wp-json\/wp\/v2\/users\/1"}],"replies":[{"embeddable":true,"href":"https:\/\/rotary.fi\/pietarsaari\/wp-json\/wp\/v2\/comments?post=295"}],"version-history":[{"count":9,"href":"https:\/\/rotary.fi\/pietarsaari\/wp-json\/wp\/v2\/pages\/295\/revisions"}],"predecessor-version":[{"id":2022,"href":"https:\/\/rotary.fi\/pietarsaari\/wp-json\/wp\/v2\/pages\/295\/revisions\/2022"}],"up":[{"embeddable":true,"href":"https:\/\/rotary.fi\/pietarsaari\/wp-json\/wp\/v2\/pages\/77"}],"wp:attachment":[{"href":"https:\/\/rotary.fi\/pietarsaari\/wp-json\/wp\/v2\/media?parent=295"}],"curies":[{"name":"wp","href":"https:\/\/api.w.org\/{rel}","templated":true}]}}