{"id":273,"date":"2018-10-24T11:32:22","date_gmt":"2018-10-24T08:32:22","guid":{"rendered":"https:\/\/rotary.fi\/pietarsaari\/?page_id=273"},"modified":"2022-07-19T19:01:21","modified_gmt":"2022-07-19T16:01:21","slug":"olemme-osa-piiria-1385","status":"publish","type":"page","link":"https:\/\/rotary.fi\/pietarsaari\/keita-olemme\/olemme-osa-piiria-1385\/","title":{"rendered":"Olemme osa piiri\u00e4 1385"},"content":{"rendered":"<div class=\"et_pb_column et_pb_column_3_5 et_pb_column_2 et_pb_css_mix_blend_mode_passthrough\">\n<div class=\"et_pb_module et_pb_text et_pb_text_1 et_pb_text_align_center et_pb_bg_layout_light\">\n<div class=\"et_pb_text_inner\">\n<h1><\/h1>\n<\/div>\n<\/div>\n<div class=\"et_pb_module et_pb_text et_pb_text_2 et_pb_text_align_left et_pb_bg_layout_light\">\n<div class=\"et_pb_text_inner\">\n<p>Rotarypiirimme 1385 on yksi viidest\u00e4 Suomessa toimivasta piirist\u00e4.<\/p>\n<h4><strong>Piirin johto<\/strong><\/h4>\n<p>Piiri\u00e4 johtaa kuvern\u00f6\u00f6ri (DG) yhdess\u00e4 piirineuvoston kanssa apunaan piirineuvosto,\u00a0 piirikomiteat ja eri alueiden apulaiskuvern\u00f6\u00f6rit\u00a0(AG:t).\u00a0Kuvern\u00f6\u00f6rin toimikausi on rotaryvuosi (01.07.-30.06), jonka aikana h\u00e4n vierailee kaikissa piirin klubeissa.<\/p>\n<p>Kuvern\u00f6\u00f6rin ja rotarypiirin teht\u00e4v\u00e4n\u00e4 on tukea ja koordinoida alueensa klubien toimintaa ja rotarytoiminnan kehitt\u00e4mist\u00e4 alueellaan.<\/p>\n<p>Tulevan rotaryvuoden kuvern\u00f6\u00f6rin valitsee nime\u00e4mistoimikunta\u00a0klubien esitt\u00e4mist\u00e4 ehdokkaista. Valinta vahvistetaan lopullisesti\u00a0 Rotary Internationalin vuosittain pidett\u00e4v\u00e4ss\u00e4 maailman konferenssissa. Kuvern\u00f6\u00f6ri toimii piiriss\u00e4\u00e4n RI:n edustajana.<\/p>\n<p>Piirin nime\u00e4miskomitea valitsee klubien asettamista ehdokkaista sopivimmaksi katsomansa kuvern\u00f6\u00f6rin. Tuleva kuvern\u00f6\u00f6ri nimitet\u00e4\u00e4n Rotary Internationalin maailmankonferenssissa.<\/p>\n<h4><strong>Tapahtumat<\/strong><\/h4>\n<p>Piiri j\u00e4rjest\u00e4\u00e4 klubeille vuosittain useita tapahtumia.\u00a0T\u00e4rkeimpi\u00e4 kaikille rotareille tarkoitettuja yhteisi\u00e4 tapahtumia ovat syyskauden Piirikokous ja kev\u00e4\u00e4ll\u00e4 pidett\u00e4v\u00e4 juhlava Piirikonferenssi.<\/p>\n<p>Piiri j\u00e4rjest\u00e4\u00e4 my\u00f6s erilaisia\u00a0<a href=\"https:\/\/sites.google.com\/rotaryfinland.org\/d1385-pets-2021\" target=\"_blank\" rel=\"noopener\">koulutustapahtumia<\/a>, joista t\u00e4rkein on alkuvuodesta pidett\u00e4v\u00e4 PETS-koulutus tulevan rotaryvuoden klubien presidenteille ja muille klubivirkailijoille.\u00a0 Lis\u00e4ksi tarjolla on mm. nuorisovaihdon ja rotarys\u00e4\u00e4ti\u00f6asioiden koulutusta sek\u00e4\u00a0<a href=\"https:\/\/rotary.fi\/d1385\/koulutus\/\" target=\"_blank\" rel=\"noopener\">RLI eli Rotary Leadership Institute -koulutus<\/a>.<\/p>\n<\/div>\n<\/div>\n<\/div>\n<div class=\"et_pb_column et_pb_column_2_5 et_pb_column_3 et_pb_css_mix_blend_mode_passthrough et-last-child\">\n<div class=\"et_pb_with_border et_pb_module et_pb_image et_pb_image_0\">\n<div class=\"box-shadow-overlay\"><\/div>\n<p><a href=\"https:\/\/www.google.com\/maps\/d\/edit?mid=1Cb7beb1d0uTL1yG5IfYw1NDELTD5v_We&amp;usp=sharing\" target=\"_blank\" rel=\"noopener\"><span class=\"et_pb_image_wrap has-box-shadow-overlay\"><img loading=\"lazy\" decoding=\"async\" class=\"wp-image-5208\" title=\"Suomen-Rotarypiirit-2020-va\u0308rein\" src=\"https:\/\/rotary.fi\/d1385\/wp-content\/uploads\/sites\/193\/2021\/06\/suomen-rotarypiirit-2020-varein.png\" alt=\"\" width=\"800\" height=\"1630\" \/><\/span><\/a><\/p>\n<\/div>\n<\/div>\n","protected":false},"excerpt":{"rendered":"<p>Rotarypiirimme 1385 on yksi viidest\u00e4 Suomessa toimivasta piirist\u00e4. Piirin johto Piiri\u00e4 johtaa kuvern\u00f6\u00f6ri (DG) yhdess\u00e4 piirineuvoston kanssa apunaan piirineuvosto,\u00a0 piirikomiteat ja eri alueiden apulaiskuvern\u00f6\u00f6rit\u00a0(AG:t).\u00a0Kuvern\u00f6\u00f6rin toimikausi on rotaryvuosi (01.07.-30.06), jonka aikana h\u00e4n vierailee kaikissa piirin klubeissa. Kuvern\u00f6\u00f6rin ja rotarypiirin teht\u00e4v\u00e4n\u00e4 on tukea ja koordinoida alueensa klubien toimintaa ja rotarytoiminnan kehitt\u00e4mist\u00e4 alueellaan. Tulevan rotaryvuoden kuvern\u00f6\u00f6rin valitsee nime\u00e4mistoimikunta\u00a0klubien [&hellip;]<\/p>\n","protected":false},"author":1,"featured_media":0,"parent":129,"menu_order":3,"comment_status":"closed","ping_status":"closed","template":"","meta":{"_acf_changed":false,"_et_pb_use_builder":"off","_et_pb_old_content":"","_et_gb_content_width":"","footnotes":""},"class_list":["post-273","page","type-page","status-publish","hentry"],"acf":[],"yoast_head":"<!-- This site is optimized with the Yoast SEO plugin v27.4 - https:\/\/yoast.com\/product\/yoast-seo-wordpress\/ -->\n<title>Olemme osa piiri\u00e4 1385 - Rotaryklubi Pietarsaari-M\u00e4ssk\u00e4r<\/title>\n<meta name=\"robots\" content=\"index, follow, max-snippet:-1, max-image-preview:large, max-video-preview:-1\" \/>\n<link rel=\"canonical\" href=\"https:\/\/rotary.fi\/pietarsaari\/keita-olemme\/olemme-osa-piiria-1385\/\" \/>\n<meta property=\"og:locale\" content=\"fi_FI\" \/>\n<meta property=\"og:type\" content=\"article\" \/>\n<meta property=\"og:title\" content=\"Olemme osa piiri\u00e4 1385 - Rotaryklubi Pietarsaari-M\u00e4ssk\u00e4r\" \/>\n<meta property=\"og:description\" content=\"Rotarypiirimme 1385 on yksi viidest\u00e4 Suomessa toimivasta piirist\u00e4. Piirin johto Piiri\u00e4 johtaa kuvern\u00f6\u00f6ri (DG) yhdess\u00e4 piirineuvoston kanssa apunaan piirineuvosto,\u00a0 piirikomiteat ja eri alueiden apulaiskuvern\u00f6\u00f6rit\u00a0(AG:t).\u00a0Kuvern\u00f6\u00f6rin toimikausi on rotaryvuosi (01.07.-30.06), jonka aikana h\u00e4n vierailee kaikissa piirin klubeissa. Kuvern\u00f6\u00f6rin ja rotarypiirin teht\u00e4v\u00e4n\u00e4 on tukea ja koordinoida alueensa klubien toimintaa ja rotarytoiminnan kehitt\u00e4mist\u00e4 alueellaan. Tulevan rotaryvuoden kuvern\u00f6\u00f6rin valitsee nime\u00e4mistoimikunta\u00a0klubien [&hellip;]\" \/>\n<meta property=\"og:url\" content=\"https:\/\/rotary.fi\/pietarsaari\/keita-olemme\/olemme-osa-piiria-1385\/\" \/>\n<meta property=\"og:site_name\" content=\"Rotaryklubi Pietarsaari-M\u00e4ssk\u00e4r\" \/>\n<meta property=\"article:modified_time\" content=\"2022-07-19T16:01:21+00:00\" \/>\n<meta property=\"og:image\" content=\"https:\/\/rotary.fi\/d1385\/wp-content\/uploads\/sites\/193\/2021\/06\/suomen-rotarypiirit-2020-varein.png\" \/>\n<meta name=\"twitter:card\" content=\"summary_large_image\" \/>\n<meta name=\"twitter:label1\" content=\"Arvioitu lukuaika\" \/>\n\t<meta name=\"twitter:data1\" content=\"2 minuuttia\" \/>\n<script type=\"application\/ld+json\" class=\"yoast-schema-graph\">{\"@context\":\"https:\\\/\\\/schema.org\",\"@graph\":[{\"@type\":\"WebPage\",\"@id\":\"https:\\\/\\\/rotary.fi\\\/pietarsaari\\\/keita-olemme\\\/olemme-osa-piiria-1385\\\/\",\"url\":\"https:\\\/\\\/rotary.fi\\\/pietarsaari\\\/keita-olemme\\\/olemme-osa-piiria-1385\\\/\",\"name\":\"Olemme osa piiri\u00e4 1385 - Rotaryklubi Pietarsaari-M\u00e4ssk\u00e4r\",\"isPartOf\":{\"@id\":\"https:\\\/\\\/rotary.fi\\\/pietarsaari\\\/#website\"},\"primaryImageOfPage\":{\"@id\":\"https:\\\/\\\/rotary.fi\\\/pietarsaari\\\/keita-olemme\\\/olemme-osa-piiria-1385\\\/#primaryimage\"},\"image\":{\"@id\":\"https:\\\/\\\/rotary.fi\\\/pietarsaari\\\/keita-olemme\\\/olemme-osa-piiria-1385\\\/#primaryimage\"},\"thumbnailUrl\":\"https:\\\/\\\/rotary.fi\\\/d1385\\\/wp-content\\\/uploads\\\/sites\\\/193\\\/2021\\\/06\\\/suomen-rotarypiirit-2020-varein.png\",\"datePublished\":\"2018-10-24T08:32:22+00:00\",\"dateModified\":\"2022-07-19T16:01:21+00:00\",\"breadcrumb\":{\"@id\":\"https:\\\/\\\/rotary.fi\\\/pietarsaari\\\/keita-olemme\\\/olemme-osa-piiria-1385\\\/#breadcrumb\"},\"inLanguage\":\"fi\",\"potentialAction\":[{\"@type\":\"ReadAction\",\"target\":[\"https:\\\/\\\/rotary.fi\\\/pietarsaari\\\/keita-olemme\\\/olemme-osa-piiria-1385\\\/\"]}]},{\"@type\":\"ImageObject\",\"inLanguage\":\"fi\",\"@id\":\"https:\\\/\\\/rotary.fi\\\/pietarsaari\\\/keita-olemme\\\/olemme-osa-piiria-1385\\\/#primaryimage\",\"url\":\"https:\\\/\\\/rotary.fi\\\/d1385\\\/wp-content\\\/uploads\\\/sites\\\/193\\\/2021\\\/06\\\/suomen-rotarypiirit-2020-varein.png\",\"contentUrl\":\"https:\\\/\\\/rotary.fi\\\/d1385\\\/wp-content\\\/uploads\\\/sites\\\/193\\\/2021\\\/06\\\/suomen-rotarypiirit-2020-varein.png\"},{\"@type\":\"BreadcrumbList\",\"@id\":\"https:\\\/\\\/rotary.fi\\\/pietarsaari\\\/keita-olemme\\\/olemme-osa-piiria-1385\\\/#breadcrumb\",\"itemListElement\":[{\"@type\":\"ListItem\",\"position\":1,\"name\":\"Home\",\"item\":\"https:\\\/\\\/rotary.fi\\\/pietarsaari\\\/\"},{\"@type\":\"ListItem\",\"position\":2,\"name\":\"Keit\u00e4 olemme\",\"item\":\"https:\\\/\\\/rotary.fi\\\/pietarsaari\\\/keita-olemme\\\/\"},{\"@type\":\"ListItem\",\"position\":3,\"name\":\"Olemme osa piiri\u00e4 1385\"}]},{\"@type\":\"WebSite\",\"@id\":\"https:\\\/\\\/rotary.fi\\\/pietarsaari\\\/#website\",\"url\":\"https:\\\/\\\/rotary.fi\\\/pietarsaari\\\/\",\"name\":\"Rotaryklubi Pietarsaari-M\u00e4ssk\u00e4r\",\"description\":\"Uusi Rotary klubisivusto\",\"potentialAction\":[{\"@type\":\"SearchAction\",\"target\":{\"@type\":\"EntryPoint\",\"urlTemplate\":\"https:\\\/\\\/rotary.fi\\\/pietarsaari\\\/?s={search_term_string}\"},\"query-input\":{\"@type\":\"PropertyValueSpecification\",\"valueRequired\":true,\"valueName\":\"search_term_string\"}}],\"inLanguage\":\"fi\"}]}<\/script>\n<!-- \/ Yoast SEO plugin. -->","yoast_head_json":{"title":"Olemme osa piiri\u00e4 1385 - Rotaryklubi Pietarsaari-M\u00e4ssk\u00e4r","robots":{"index":"index","follow":"follow","max-snippet":"max-snippet:-1","max-image-preview":"max-image-preview:large","max-video-preview":"max-video-preview:-1"},"canonical":"https:\/\/rotary.fi\/pietarsaari\/keita-olemme\/olemme-osa-piiria-1385\/","og_locale":"fi_FI","og_type":"article","og_title":"Olemme osa piiri\u00e4 1385 - Rotaryklubi Pietarsaari-M\u00e4ssk\u00e4r","og_description":"Rotarypiirimme 1385 on yksi viidest\u00e4 Suomessa toimivasta piirist\u00e4. Piirin johto Piiri\u00e4 johtaa kuvern\u00f6\u00f6ri (DG) yhdess\u00e4 piirineuvoston kanssa apunaan piirineuvosto,\u00a0 piirikomiteat ja eri alueiden apulaiskuvern\u00f6\u00f6rit\u00a0(AG:t).\u00a0Kuvern\u00f6\u00f6rin toimikausi on rotaryvuosi (01.07.-30.06), jonka aikana h\u00e4n vierailee kaikissa piirin klubeissa. Kuvern\u00f6\u00f6rin ja rotarypiirin teht\u00e4v\u00e4n\u00e4 on tukea ja koordinoida alueensa klubien toimintaa ja rotarytoiminnan kehitt\u00e4mist\u00e4 alueellaan. Tulevan rotaryvuoden kuvern\u00f6\u00f6rin valitsee nime\u00e4mistoimikunta\u00a0klubien [&hellip;]","og_url":"https:\/\/rotary.fi\/pietarsaari\/keita-olemme\/olemme-osa-piiria-1385\/","og_site_name":"Rotaryklubi Pietarsaari-M\u00e4ssk\u00e4r","article_modified_time":"2022-07-19T16:01:21+00:00","og_image":[{"url":"https:\/\/rotary.fi\/d1385\/wp-content\/uploads\/sites\/193\/2021\/06\/suomen-rotarypiirit-2020-varein.png","type":"","width":"","height":""}],"twitter_card":"summary_large_image","twitter_misc":{"Arvioitu lukuaika":"2 minuuttia"},"schema":{"@context":"https:\/\/schema.org","@graph":[{"@type":"WebPage","@id":"https:\/\/rotary.fi\/pietarsaari\/keita-olemme\/olemme-osa-piiria-1385\/","url":"https:\/\/rotary.fi\/pietarsaari\/keita-olemme\/olemme-osa-piiria-1385\/","name":"Olemme osa piiri\u00e4 1385 - Rotaryklubi Pietarsaari-M\u00e4ssk\u00e4r","isPartOf":{"@id":"https:\/\/rotary.fi\/pietarsaari\/#website"},"primaryImageOfPage":{"@id":"https:\/\/rotary.fi\/pietarsaari\/keita-olemme\/olemme-osa-piiria-1385\/#primaryimage"},"image":{"@id":"https:\/\/rotary.fi\/pietarsaari\/keita-olemme\/olemme-osa-piiria-1385\/#primaryimage"},"thumbnailUrl":"https:\/\/rotary.fi\/d1385\/wp-content\/uploads\/sites\/193\/2021\/06\/suomen-rotarypiirit-2020-varein.png","datePublished":"2018-10-24T08:32:22+00:00","dateModified":"2022-07-19T16:01:21+00:00","breadcrumb":{"@id":"https:\/\/rotary.fi\/pietarsaari\/keita-olemme\/olemme-osa-piiria-1385\/#breadcrumb"},"inLanguage":"fi","potentialAction":[{"@type":"ReadAction","target":["https:\/\/rotary.fi\/pietarsaari\/keita-olemme\/olemme-osa-piiria-1385\/"]}]},{"@type":"ImageObject","inLanguage":"fi","@id":"https:\/\/rotary.fi\/pietarsaari\/keita-olemme\/olemme-osa-piiria-1385\/#primaryimage","url":"https:\/\/rotary.fi\/d1385\/wp-content\/uploads\/sites\/193\/2021\/06\/suomen-rotarypiirit-2020-varein.png","contentUrl":"https:\/\/rotary.fi\/d1385\/wp-content\/uploads\/sites\/193\/2021\/06\/suomen-rotarypiirit-2020-varein.png"},{"@type":"BreadcrumbList","@id":"https:\/\/rotary.fi\/pietarsaari\/keita-olemme\/olemme-osa-piiria-1385\/#breadcrumb","itemListElement":[{"@type":"ListItem","position":1,"name":"Home","item":"https:\/\/rotary.fi\/pietarsaari\/"},{"@type":"ListItem","position":2,"name":"Keit\u00e4 olemme","item":"https:\/\/rotary.fi\/pietarsaari\/keita-olemme\/"},{"@type":"ListItem","position":3,"name":"Olemme osa piiri\u00e4 1385"}]},{"@type":"WebSite","@id":"https:\/\/rotary.fi\/pietarsaari\/#website","url":"https:\/\/rotary.fi\/pietarsaari\/","name":"Rotaryklubi Pietarsaari-M\u00e4ssk\u00e4r","description":"Uusi Rotary klubisivusto","potentialAction":[{"@type":"SearchAction","target":{"@type":"EntryPoint","urlTemplate":"https:\/\/rotary.fi\/pietarsaari\/?s={search_term_string}"},"query-input":{"@type":"PropertyValueSpecification","valueRequired":true,"valueName":"search_term_string"}}],"inLanguage":"fi"}]}},"lang":"fi","translations":{"fi":273},"pll_sync_post":[],"_links":{"self":[{"href":"https:\/\/rotary.fi\/pietarsaari\/wp-json\/wp\/v2\/pages\/273","targetHints":{"allow":["GET"]}}],"collection":[{"href":"https:\/\/rotary.fi\/pietarsaari\/wp-json\/wp\/v2\/pages"}],"about":[{"href":"https:\/\/rotary.fi\/pietarsaari\/wp-json\/wp\/v2\/types\/page"}],"author":[{"embeddable":true,"href":"https:\/\/rotary.fi\/pietarsaari\/wp-json\/wp\/v2\/users\/1"}],"replies":[{"embeddable":true,"href":"https:\/\/rotary.fi\/pietarsaari\/wp-json\/wp\/v2\/comments?post=273"}],"version-history":[{"count":10,"href":"https:\/\/rotary.fi\/pietarsaari\/wp-json\/wp\/v2\/pages\/273\/revisions"}],"predecessor-version":[{"id":2005,"href":"https:\/\/rotary.fi\/pietarsaari\/wp-json\/wp\/v2\/pages\/273\/revisions\/2005"}],"up":[{"embeddable":true,"href":"https:\/\/rotary.fi\/pietarsaari\/wp-json\/wp\/v2\/pages\/129"}],"wp:attachment":[{"href":"https:\/\/rotary.fi\/pietarsaari\/wp-json\/wp\/v2\/media?parent=273"}],"curies":[{"name":"wp","href":"https:\/\/api.w.org\/{rel}","templated":true}]}}