{"id":179,"date":"2018-08-13T10:43:11","date_gmt":"2018-08-13T07:43:11","guid":{"rendered":"https:\/\/rotary.fi\/pietarsaari\/?page_id=179"},"modified":"2022-07-29T12:30:17","modified_gmt":"2022-07-29T09:30:17","slug":"ryla-johtajuuskoulutus-nuorille","status":"publish","type":"page","link":"https:\/\/rotary.fi\/pietarsaari\/tule-mukaan\/ryla-johtajuuskoulutus-nuorille\/","title":{"rendered":"RYLA &#8211; Johtajuuskoulutus nuorille"},"content":{"rendered":"<p><strong>RYLA (Rotary Youth Leadership Awards)<\/strong><\/p>\n<p class=\"p1\"><span class=\"s1\">RYLA on Rotaryn nuorisotoimintamuoto, jolla koulutamme 14<\/span><span class=\"s2\">\u2500<\/span><span class=\"s1\">30-vuotiaita aloitekykyisi\u00e4 ja aktiivisia nuoria omatoimisuuteen ja johtajuuteen. T\u00e4m\u00e4 tapahtuu Rotaryn j\u00e4rjest\u00e4miss\u00e4 RYLA-seminaareissa, joissa kehitet\u00e4\u00e4n mm. nuorten harkintakyky\u00e4, p\u00e4\u00e4t\u00f6ksentekokyky\u00e4 sek\u00e4 esiintymistaitoa. Kouluttajina toimivat paikallisen rotaryklubin j\u00e4senet tai muut eri alojen asiantuntijat, jotka kertovat ammattiinsa ja johtajuuteen liittyvist\u00e4 omista kokemuksistaan.<\/span><\/p>\n","protected":false},"excerpt":{"rendered":"<p>RYLA (Rotary Youth Leadership Awards) RYLA on Rotaryn nuorisotoimintamuoto, jolla koulutamme 14\u250030-vuotiaita aloitekykyisi\u00e4 ja aktiivisia nuoria omatoimisuuteen ja johtajuuteen. T\u00e4m\u00e4 tapahtuu Rotaryn j\u00e4rjest\u00e4miss\u00e4 RYLA-seminaareissa, joissa kehitet\u00e4\u00e4n mm. nuorten harkintakyky\u00e4, p\u00e4\u00e4t\u00f6ksentekokyky\u00e4 sek\u00e4 esiintymistaitoa. Kouluttajina toimivat paikallisen rotaryklubin j\u00e4senet tai muut eri alojen asiantuntijat, jotka kertovat ammattiinsa ja johtajuuteen liittyvist\u00e4 omista kokemuksistaan.<\/p>\n","protected":false},"author":1,"featured_media":0,"parent":89,"menu_order":2,"comment_status":"closed","ping_status":"closed","template":"","meta":{"_acf_changed":false,"_et_pb_use_builder":"off","_et_pb_old_content":"","_et_gb_content_width":"","footnotes":""},"class_list":["post-179","page","type-page","status-publish","hentry"],"acf":[],"yoast_head":"<!-- This site is optimized with the Yoast SEO plugin v27.0 - https:\/\/yoast.com\/product\/yoast-seo-wordpress\/ -->\n<title>RYLA - Johtajuuskoulutus nuorille - Rotaryklubi Pietarsaari-M\u00e4ssk\u00e4r<\/title>\n<meta name=\"robots\" content=\"index, follow, max-snippet:-1, max-image-preview:large, max-video-preview:-1\" \/>\n<link rel=\"canonical\" href=\"https:\/\/rotary.fi\/pietarsaari\/tule-mukaan\/ryla-johtajuuskoulutus-nuorille\/\" \/>\n<meta property=\"og:locale\" content=\"fi_FI\" \/>\n<meta property=\"og:type\" content=\"article\" \/>\n<meta property=\"og:title\" content=\"RYLA - Johtajuuskoulutus nuorille - Rotaryklubi Pietarsaari-M\u00e4ssk\u00e4r\" \/>\n<meta property=\"og:description\" content=\"RYLA (Rotary Youth Leadership Awards) RYLA on Rotaryn nuorisotoimintamuoto, jolla koulutamme 14\u250030-vuotiaita aloitekykyisi\u00e4 ja aktiivisia nuoria omatoimisuuteen ja johtajuuteen. T\u00e4m\u00e4 tapahtuu Rotaryn j\u00e4rjest\u00e4miss\u00e4 RYLA-seminaareissa, joissa kehitet\u00e4\u00e4n mm. nuorten harkintakyky\u00e4, p\u00e4\u00e4t\u00f6ksentekokyky\u00e4 sek\u00e4 esiintymistaitoa. Kouluttajina toimivat paikallisen rotaryklubin j\u00e4senet tai muut eri alojen asiantuntijat, jotka kertovat ammattiinsa ja johtajuuteen liittyvist\u00e4 omista kokemuksistaan.\" \/>\n<meta property=\"og:url\" content=\"https:\/\/rotary.fi\/pietarsaari\/tule-mukaan\/ryla-johtajuuskoulutus-nuorille\/\" \/>\n<meta property=\"og:site_name\" content=\"Rotaryklubi Pietarsaari-M\u00e4ssk\u00e4r\" \/>\n<meta property=\"article:modified_time\" content=\"2022-07-29T09:30:17+00:00\" \/>\n<meta name=\"twitter:card\" content=\"summary_large_image\" \/>\n<meta name=\"twitter:label1\" content=\"Arvioitu lukuaika\" \/>\n\t<meta name=\"twitter:data1\" content=\"1 minuutti\" \/>\n<script type=\"application\/ld+json\" class=\"yoast-schema-graph\">{\"@context\":\"https:\/\/schema.org\",\"@graph\":[{\"@type\":\"WebPage\",\"@id\":\"https:\/\/rotary.fi\/pietarsaari\/tule-mukaan\/ryla-johtajuuskoulutus-nuorille\/\",\"url\":\"https:\/\/rotary.fi\/pietarsaari\/tule-mukaan\/ryla-johtajuuskoulutus-nuorille\/\",\"name\":\"RYLA - Johtajuuskoulutus nuorille - Rotaryklubi Pietarsaari-M\u00e4ssk\u00e4r\",\"isPartOf\":{\"@id\":\"https:\/\/rotary.fi\/pietarsaari\/#website\"},\"datePublished\":\"2018-08-13T07:43:11+00:00\",\"dateModified\":\"2022-07-29T09:30:17+00:00\",\"breadcrumb\":{\"@id\":\"https:\/\/rotary.fi\/pietarsaari\/tule-mukaan\/ryla-johtajuuskoulutus-nuorille\/#breadcrumb\"},\"inLanguage\":\"fi\",\"potentialAction\":[{\"@type\":\"ReadAction\",\"target\":[\"https:\/\/rotary.fi\/pietarsaari\/tule-mukaan\/ryla-johtajuuskoulutus-nuorille\/\"]}]},{\"@type\":\"BreadcrumbList\",\"@id\":\"https:\/\/rotary.fi\/pietarsaari\/tule-mukaan\/ryla-johtajuuskoulutus-nuorille\/#breadcrumb\",\"itemListElement\":[{\"@type\":\"ListItem\",\"position\":1,\"name\":\"Home\",\"item\":\"https:\/\/rotary.fi\/pietarsaari\/\"},{\"@type\":\"ListItem\",\"position\":2,\"name\":\"Tule mukaan\",\"item\":\"https:\/\/rotary.fi\/pietarsaari\/tule-mukaan\/\"},{\"@type\":\"ListItem\",\"position\":3,\"name\":\"RYLA &#8211; Johtajuuskoulutus nuorille\"}]},{\"@type\":\"WebSite\",\"@id\":\"https:\/\/rotary.fi\/pietarsaari\/#website\",\"url\":\"https:\/\/rotary.fi\/pietarsaari\/\",\"name\":\"Rotaryklubi Pietarsaari-M\u00e4ssk\u00e4r\",\"description\":\"Uusi Rotary klubisivusto\",\"potentialAction\":[{\"@type\":\"SearchAction\",\"target\":{\"@type\":\"EntryPoint\",\"urlTemplate\":\"https:\/\/rotary.fi\/pietarsaari\/?s={search_term_string}\"},\"query-input\":{\"@type\":\"PropertyValueSpecification\",\"valueRequired\":true,\"valueName\":\"search_term_string\"}}],\"inLanguage\":\"fi\"}]}<\/script>\n<!-- \/ Yoast SEO plugin. -->","yoast_head_json":{"title":"RYLA - Johtajuuskoulutus nuorille - Rotaryklubi Pietarsaari-M\u00e4ssk\u00e4r","robots":{"index":"index","follow":"follow","max-snippet":"max-snippet:-1","max-image-preview":"max-image-preview:large","max-video-preview":"max-video-preview:-1"},"canonical":"https:\/\/rotary.fi\/pietarsaari\/tule-mukaan\/ryla-johtajuuskoulutus-nuorille\/","og_locale":"fi_FI","og_type":"article","og_title":"RYLA - Johtajuuskoulutus nuorille - Rotaryklubi Pietarsaari-M\u00e4ssk\u00e4r","og_description":"RYLA (Rotary Youth Leadership Awards) RYLA on Rotaryn nuorisotoimintamuoto, jolla koulutamme 14\u250030-vuotiaita aloitekykyisi\u00e4 ja aktiivisia nuoria omatoimisuuteen ja johtajuuteen. T\u00e4m\u00e4 tapahtuu Rotaryn j\u00e4rjest\u00e4miss\u00e4 RYLA-seminaareissa, joissa kehitet\u00e4\u00e4n mm. nuorten harkintakyky\u00e4, p\u00e4\u00e4t\u00f6ksentekokyky\u00e4 sek\u00e4 esiintymistaitoa. Kouluttajina toimivat paikallisen rotaryklubin j\u00e4senet tai muut eri alojen asiantuntijat, jotka kertovat ammattiinsa ja johtajuuteen liittyvist\u00e4 omista kokemuksistaan.","og_url":"https:\/\/rotary.fi\/pietarsaari\/tule-mukaan\/ryla-johtajuuskoulutus-nuorille\/","og_site_name":"Rotaryklubi Pietarsaari-M\u00e4ssk\u00e4r","article_modified_time":"2022-07-29T09:30:17+00:00","twitter_card":"summary_large_image","twitter_misc":{"Arvioitu lukuaika":"1 minuutti"},"schema":{"@context":"https:\/\/schema.org","@graph":[{"@type":"WebPage","@id":"https:\/\/rotary.fi\/pietarsaari\/tule-mukaan\/ryla-johtajuuskoulutus-nuorille\/","url":"https:\/\/rotary.fi\/pietarsaari\/tule-mukaan\/ryla-johtajuuskoulutus-nuorille\/","name":"RYLA - Johtajuuskoulutus nuorille - Rotaryklubi Pietarsaari-M\u00e4ssk\u00e4r","isPartOf":{"@id":"https:\/\/rotary.fi\/pietarsaari\/#website"},"datePublished":"2018-08-13T07:43:11+00:00","dateModified":"2022-07-29T09:30:17+00:00","breadcrumb":{"@id":"https:\/\/rotary.fi\/pietarsaari\/tule-mukaan\/ryla-johtajuuskoulutus-nuorille\/#breadcrumb"},"inLanguage":"fi","potentialAction":[{"@type":"ReadAction","target":["https:\/\/rotary.fi\/pietarsaari\/tule-mukaan\/ryla-johtajuuskoulutus-nuorille\/"]}]},{"@type":"BreadcrumbList","@id":"https:\/\/rotary.fi\/pietarsaari\/tule-mukaan\/ryla-johtajuuskoulutus-nuorille\/#breadcrumb","itemListElement":[{"@type":"ListItem","position":1,"name":"Home","item":"https:\/\/rotary.fi\/pietarsaari\/"},{"@type":"ListItem","position":2,"name":"Tule mukaan","item":"https:\/\/rotary.fi\/pietarsaari\/tule-mukaan\/"},{"@type":"ListItem","position":3,"name":"RYLA &#8211; Johtajuuskoulutus nuorille"}]},{"@type":"WebSite","@id":"https:\/\/rotary.fi\/pietarsaari\/#website","url":"https:\/\/rotary.fi\/pietarsaari\/","name":"Rotaryklubi Pietarsaari-M\u00e4ssk\u00e4r","description":"Uusi Rotary klubisivusto","potentialAction":[{"@type":"SearchAction","target":{"@type":"EntryPoint","urlTemplate":"https:\/\/rotary.fi\/pietarsaari\/?s={search_term_string}"},"query-input":{"@type":"PropertyValueSpecification","valueRequired":true,"valueName":"search_term_string"}}],"inLanguage":"fi"}]}},"lang":"fi","translations":{"fi":179},"pll_sync_post":[],"_links":{"self":[{"href":"https:\/\/rotary.fi\/pietarsaari\/wp-json\/wp\/v2\/pages\/179","targetHints":{"allow":["GET"]}}],"collection":[{"href":"https:\/\/rotary.fi\/pietarsaari\/wp-json\/wp\/v2\/pages"}],"about":[{"href":"https:\/\/rotary.fi\/pietarsaari\/wp-json\/wp\/v2\/types\/page"}],"author":[{"embeddable":true,"href":"https:\/\/rotary.fi\/pietarsaari\/wp-json\/wp\/v2\/users\/1"}],"replies":[{"embeddable":true,"href":"https:\/\/rotary.fi\/pietarsaari\/wp-json\/wp\/v2\/comments?post=179"}],"version-history":[{"count":9,"href":"https:\/\/rotary.fi\/pietarsaari\/wp-json\/wp\/v2\/pages\/179\/revisions"}],"predecessor-version":[{"id":2030,"href":"https:\/\/rotary.fi\/pietarsaari\/wp-json\/wp\/v2\/pages\/179\/revisions\/2030"}],"up":[{"embeddable":true,"href":"https:\/\/rotary.fi\/pietarsaari\/wp-json\/wp\/v2\/pages\/89"}],"wp:attachment":[{"href":"https:\/\/rotary.fi\/pietarsaari\/wp-json\/wp\/v2\/media?parent=179"}],"curies":[{"name":"wp","href":"https:\/\/api.w.org\/{rel}","templated":true}]}}