{"id":156,"date":"2018-08-13T09:46:59","date_gmt":"2018-08-13T06:46:59","guid":{"rendered":"https:\/\/rotary.fi\/pietaribrahe\/?page_id=156"},"modified":"2021-12-17T13:34:21","modified_gmt":"2021-12-17T11:34:21","slug":"projektit","status":"publish","type":"page","link":"https:\/\/rotary.fi\/pietaribrahe\/mita-teemme\/projektit\/","title":{"rendered":"Projektit"},"content":{"rendered":"<p>[et_pb_section fb_built=&#8221;1&#8243; module_class=&#8221;jumbotron-page&#8221; _builder_version=&#8221;3.22&#8243; background_image=&#8221;https:\/\/rotary.fi\/pietaribrahe\/wp-content\/uploads\/sites\/199\/2018\/08\/rotary_klubit_alasivu_paakuva_5.jpg&#8221; global_colors_info=&#8221;{}&#8221;][et_pb_row _builder_version=&#8221;3.25&#8243; background_size=&#8221;initial&#8221; background_position=&#8221;top_left&#8221; background_repeat=&#8221;repeat&#8221; global_colors_info=&#8221;{}&#8221;][et_pb_column type=&#8221;4_4&#8243; _builder_version=&#8221;3.25&#8243; custom_padding=&#8221;|||&#8221; global_colors_info=&#8221;{}&#8221; custom_padding__hover=&#8221;|||&#8221;][et_pb_text admin_label=&#8221;P\u00e4\u00e4otsikko&#8221; _builder_version=&#8221;3.27.4&#8243; text_orientation=&#8221;center&#8221; background_layout=&#8221;dark&#8221; global_colors_info=&#8221;{}&#8221;]<\/p>\n<h1>Projektit<\/h1>\n<p>[\/et_pb_text][\/et_pb_column][\/et_pb_row][\/et_pb_section][et_pb_section fb_built=&#8221;1&#8243; specialty=&#8221;on&#8221; module_class_2=&#8221;sivupalkki&#8221; _builder_version=&#8221;3.22&#8243; global_colors_info=&#8221;{}&#8221;][et_pb_column type=&#8221;2_3&#8243; specialty_columns=&#8221;2&#8243; _builder_version=&#8221;3.25&#8243; custom_padding=&#8221;|||&#8221; global_colors_info=&#8221;{}&#8221; parallax__hover=&#8221;off&#8221; parallax_method__hover=&#8221;on&#8221; custom_padding__hover=&#8221;|||&#8221;][et_pb_row_inner admin_label=&#8221;Rivi&#8221; _builder_version=&#8221;3.25&#8243; global_colors_info=&#8221;{}&#8221;][et_pb_column_inner saved_specialty_column_type=&#8221;2_3&#8243; _builder_version=&#8221;3.25&#8243; custom_padding=&#8221;|||&#8221; global_colors_info=&#8221;{}&#8221; parallax__hover=&#8221;off&#8221; parallax_method__hover=&#8221;on&#8221; custom_padding__hover=&#8221;|||&#8221;][et_pb_text admin_label=&#8221;Projektit &#8211; Otsikko&#8221; _builder_version=&#8221;3.27.4&#8243; text_orientation=&#8221;center&#8221; global_colors_info=&#8221;{}&#8221;]<\/p>\n<h1>Projektit<\/h1>\n<p>[\/et_pb_text][et_pb_text _builder_version=&#8221;4.14.2&#8243; hover_enabled=&#8221;0&#8243; global_colors_info=&#8221;{}&#8221; sticky_enabled=&#8221;0&#8243;]<\/p>\n<p>Rotary on palveluj\u00e4rjest\u00f6. Tunnuslauseemme on &#8221;Palvelu itsekkyyden edelle&#8221; (&#8221;Service above self&#8221;). Pietari Brahen rotaryklubi toteuttaa tunnuslausetta sek\u00e4 paikallisesti Raahen ja Suomen alueella ett\u00e4 kansainv\u00e4lisesti osallistumalla Rotarys\u00e4\u00e4ti\u00f6n koordinoimiin palveluprojekteihin.<\/p>\n<p><strong>Esimerkkej\u00e4 viimeaikoina toteutetuista projekteista: <a href=\"https:\/\/rotary.fi\/pietaribrahe\/ajankohtaiset\/avustamme-koronarokotuksissa\/\">Rokotusapu<\/a>, <a href=\"https:\/\/rotary.fi\/pietaribrahe\/ajankohtaiset\/maan-paiva-22-4-2021\/\">Maan p\u00e4iv\u00e4<\/a>, <a href=\"https:\/\/rotary.fi\/pietaribrahe\/mita-teemme\/nuorisovaihto\/\">Nuorisovaihto<\/a>, <a href=\"https:\/\/rotary.fi\/pietaribrahe\/pikkulahden-liikennepuisto\/\">Lasten seikkailu ja liikennepuisto<\/a>, <a href=\"https:\/\/rotary.fi\/pietaribrahe\/ajankohtaiset\/tuemme-syopaan-sairastuneita-lapsia\/\">AAMU<\/a>, <a href=\"https:\/\/rotary.fi\/pietaribrahe\/ajankohtaiset\/palveluopas-2021-projekti\/\">Palveluopas<\/a>, <a href=\"https:\/\/rotary.fi\/pietaribrahe\/presidentin_uutiset\/riksapyora\/\">Riksapy\u00f6r\u00e4<\/a>, <a href=\"https:\/\/rotary.fi\/pietaribrahe\/presidentin_uutiset\/reput_2020\/\">Reput<\/a>.<\/strong><\/p>\n<p>[\/et_pb_text][\/et_pb_column_inner][\/et_pb_row_inner][\/et_pb_column][et_pb_column type=&#8221;1_3&#8243; module_class=&#8221;sivupalkki&#8221; _builder_version=&#8221;3.25&#8243; custom_padding=&#8221;|||&#8221; global_colors_info=&#8221;{}&#8221; parallax__hover=&#8221;off&#8221; parallax_method__hover=&#8221;on&#8221; module_class__hover=&#8221;sivupalkki&#8221; custom_padding__hover=&#8221;|||&#8221;][et_pb_sidebar area=&#8221;sidebar-1&#8243; module_class=&#8221;sivupalkki_sisalto&#8221; _builder_version=&#8221;3.4.1&#8243; locked=&#8221;on&#8221; global_colors_info=&#8221;{}&#8221;][\/et_pb_sidebar][\/et_pb_column][\/et_pb_section]<\/p>\n","protected":false},"excerpt":{"rendered":"<p>Projektit Projektit Rotary on palveluj\u00e4rjest\u00f6. Tunnuslauseemme on &#8221;Palvelu itsekkyyden edelle&#8221; (&#8221;Service above self&#8221;). Pietari Brahen rotaryklubi toteuttaa tunnuslausetta sek\u00e4 paikallisesti Raahen ja Suomen alueella ett\u00e4 kansainv\u00e4lisesti osallistumalla Rotarys\u00e4\u00e4ti\u00f6n koordinoimiin palveluprojekteihin. Esimerkkej\u00e4 viimeaikoina toteutetuista projekteista: Rokotusapu, Maan p\u00e4iv\u00e4, Nuorisovaihto, Lasten seikkailu ja liikennepuisto, AAMU, Palveluopas, Riksapy\u00f6r\u00e4, Reput.<\/p>\n","protected":false},"author":1,"featured_media":0,"parent":77,"menu_order":0,"comment_status":"closed","ping_status":"closed","template":"","meta":{"_acf_changed":false,"_et_pb_use_builder":"on","_et_pb_old_content":"","_et_gb_content_width":"","footnotes":""},"class_list":["post-156","page","type-page","status-publish","hentry"],"acf":[],"yoast_head":"<!-- This site is optimized with the Yoast SEO plugin v27.4 - https:\/\/yoast.com\/product\/yoast-seo-wordpress\/ -->\n<title>Projektit - Pietari Brahe<\/title>\n<meta name=\"robots\" content=\"index, follow, max-snippet:-1, max-image-preview:large, max-video-preview:-1\" \/>\n<link rel=\"canonical\" href=\"https:\/\/rotary.fi\/pietaribrahe\/mita-teemme\/projektit\/\" \/>\n<meta property=\"og:locale\" content=\"fi_FI\" \/>\n<meta property=\"og:type\" content=\"article\" \/>\n<meta property=\"og:title\" content=\"Projektit - Pietari Brahe\" \/>\n<meta property=\"og:description\" content=\"Projektit Projektit Rotary on palveluj\u00e4rjest\u00f6. Tunnuslauseemme on &quot;Palvelu itsekkyyden edelle&quot; (&quot;Service above self&quot;). Pietari Brahen rotaryklubi toteuttaa tunnuslausetta sek\u00e4 paikallisesti Raahen ja Suomen alueella ett\u00e4 kansainv\u00e4lisesti osallistumalla Rotarys\u00e4\u00e4ti\u00f6n koordinoimiin palveluprojekteihin. Esimerkkej\u00e4 viimeaikoina toteutetuista projekteista: Rokotusapu, Maan p\u00e4iv\u00e4, Nuorisovaihto, Lasten seikkailu ja liikennepuisto, AAMU, Palveluopas, Riksapy\u00f6r\u00e4, Reput.\" \/>\n<meta property=\"og:url\" content=\"https:\/\/rotary.fi\/pietaribrahe\/mita-teemme\/projektit\/\" \/>\n<meta property=\"og:site_name\" content=\"Pietari Brahe\" \/>\n<meta property=\"article:modified_time\" content=\"2021-12-17T11:34:21+00:00\" \/>\n<meta name=\"twitter:card\" content=\"summary_large_image\" \/>\n<meta name=\"twitter:label1\" content=\"Arvioitu lukuaika\" \/>\n\t<meta name=\"twitter:data1\" content=\"2 minuuttia\" \/>\n<script type=\"application\/ld+json\" class=\"yoast-schema-graph\">{\"@context\":\"https:\\\/\\\/schema.org\",\"@graph\":[{\"@type\":\"WebPage\",\"@id\":\"https:\\\/\\\/rotary.fi\\\/pietaribrahe\\\/mita-teemme\\\/projektit\\\/\",\"url\":\"https:\\\/\\\/rotary.fi\\\/pietaribrahe\\\/mita-teemme\\\/projektit\\\/\",\"name\":\"Projektit - Pietari Brahe\",\"isPartOf\":{\"@id\":\"https:\\\/\\\/rotary.fi\\\/pietaribrahe\\\/#website\"},\"datePublished\":\"2018-08-13T06:46:59+00:00\",\"dateModified\":\"2021-12-17T11:34:21+00:00\",\"breadcrumb\":{\"@id\":\"https:\\\/\\\/rotary.fi\\\/pietaribrahe\\\/mita-teemme\\\/projektit\\\/#breadcrumb\"},\"inLanguage\":\"fi\",\"potentialAction\":[{\"@type\":\"ReadAction\",\"target\":[\"https:\\\/\\\/rotary.fi\\\/pietaribrahe\\\/mita-teemme\\\/projektit\\\/\"]}]},{\"@type\":\"BreadcrumbList\",\"@id\":\"https:\\\/\\\/rotary.fi\\\/pietaribrahe\\\/mita-teemme\\\/projektit\\\/#breadcrumb\",\"itemListElement\":[{\"@type\":\"ListItem\",\"position\":1,\"name\":\"Home\",\"item\":\"https:\\\/\\\/rotary.fi\\\/pietaribrahe\\\/\"},{\"@type\":\"ListItem\",\"position\":2,\"name\":\"Mit\u00e4 teemme\",\"item\":\"https:\\\/\\\/rotary.fi\\\/pietaribrahe\\\/mita-teemme\\\/\"},{\"@type\":\"ListItem\",\"position\":3,\"name\":\"Projektit\"}]},{\"@type\":\"WebSite\",\"@id\":\"https:\\\/\\\/rotary.fi\\\/pietaribrahe\\\/#website\",\"url\":\"https:\\\/\\\/rotary.fi\\\/pietaribrahe\\\/\",\"name\":\"Pietari Brahe\",\"description\":\"Uusi Rotary klubisivusto\",\"potentialAction\":[{\"@type\":\"SearchAction\",\"target\":{\"@type\":\"EntryPoint\",\"urlTemplate\":\"https:\\\/\\\/rotary.fi\\\/pietaribrahe\\\/?s={search_term_string}\"},\"query-input\":{\"@type\":\"PropertyValueSpecification\",\"valueRequired\":true,\"valueName\":\"search_term_string\"}}],\"inLanguage\":\"fi\"}]}<\/script>\n<!-- \/ Yoast SEO plugin. -->","yoast_head_json":{"title":"Projektit - Pietari Brahe","robots":{"index":"index","follow":"follow","max-snippet":"max-snippet:-1","max-image-preview":"max-image-preview:large","max-video-preview":"max-video-preview:-1"},"canonical":"https:\/\/rotary.fi\/pietaribrahe\/mita-teemme\/projektit\/","og_locale":"fi_FI","og_type":"article","og_title":"Projektit - Pietari Brahe","og_description":"Projektit Projektit Rotary on palveluj\u00e4rjest\u00f6. Tunnuslauseemme on \"Palvelu itsekkyyden edelle\" (\"Service above self\"). Pietari Brahen rotaryklubi toteuttaa tunnuslausetta sek\u00e4 paikallisesti Raahen ja Suomen alueella ett\u00e4 kansainv\u00e4lisesti osallistumalla Rotarys\u00e4\u00e4ti\u00f6n koordinoimiin palveluprojekteihin. Esimerkkej\u00e4 viimeaikoina toteutetuista projekteista: Rokotusapu, Maan p\u00e4iv\u00e4, Nuorisovaihto, Lasten seikkailu ja liikennepuisto, AAMU, Palveluopas, Riksapy\u00f6r\u00e4, Reput.","og_url":"https:\/\/rotary.fi\/pietaribrahe\/mita-teemme\/projektit\/","og_site_name":"Pietari Brahe","article_modified_time":"2021-12-17T11:34:21+00:00","twitter_card":"summary_large_image","twitter_misc":{"Arvioitu lukuaika":"2 minuuttia"},"schema":{"@context":"https:\/\/schema.org","@graph":[{"@type":"WebPage","@id":"https:\/\/rotary.fi\/pietaribrahe\/mita-teemme\/projektit\/","url":"https:\/\/rotary.fi\/pietaribrahe\/mita-teemme\/projektit\/","name":"Projektit - Pietari Brahe","isPartOf":{"@id":"https:\/\/rotary.fi\/pietaribrahe\/#website"},"datePublished":"2018-08-13T06:46:59+00:00","dateModified":"2021-12-17T11:34:21+00:00","breadcrumb":{"@id":"https:\/\/rotary.fi\/pietaribrahe\/mita-teemme\/projektit\/#breadcrumb"},"inLanguage":"fi","potentialAction":[{"@type":"ReadAction","target":["https:\/\/rotary.fi\/pietaribrahe\/mita-teemme\/projektit\/"]}]},{"@type":"BreadcrumbList","@id":"https:\/\/rotary.fi\/pietaribrahe\/mita-teemme\/projektit\/#breadcrumb","itemListElement":[{"@type":"ListItem","position":1,"name":"Home","item":"https:\/\/rotary.fi\/pietaribrahe\/"},{"@type":"ListItem","position":2,"name":"Mit\u00e4 teemme","item":"https:\/\/rotary.fi\/pietaribrahe\/mita-teemme\/"},{"@type":"ListItem","position":3,"name":"Projektit"}]},{"@type":"WebSite","@id":"https:\/\/rotary.fi\/pietaribrahe\/#website","url":"https:\/\/rotary.fi\/pietaribrahe\/","name":"Pietari Brahe","description":"Uusi Rotary klubisivusto","potentialAction":[{"@type":"SearchAction","target":{"@type":"EntryPoint","urlTemplate":"https:\/\/rotary.fi\/pietaribrahe\/?s={search_term_string}"},"query-input":{"@type":"PropertyValueSpecification","valueRequired":true,"valueName":"search_term_string"}}],"inLanguage":"fi"}]}},"lang":"fi","translations":{"fi":156},"pll_sync_post":[],"_links":{"self":[{"href":"https:\/\/rotary.fi\/pietaribrahe\/wp-json\/wp\/v2\/pages\/156","targetHints":{"allow":["GET"]}}],"collection":[{"href":"https:\/\/rotary.fi\/pietaribrahe\/wp-json\/wp\/v2\/pages"}],"about":[{"href":"https:\/\/rotary.fi\/pietaribrahe\/wp-json\/wp\/v2\/types\/page"}],"author":[{"embeddable":true,"href":"https:\/\/rotary.fi\/pietaribrahe\/wp-json\/wp\/v2\/users\/1"}],"replies":[{"embeddable":true,"href":"https:\/\/rotary.fi\/pietaribrahe\/wp-json\/wp\/v2\/comments?post=156"}],"version-history":[{"count":9,"href":"https:\/\/rotary.fi\/pietaribrahe\/wp-json\/wp\/v2\/pages\/156\/revisions"}],"predecessor-version":[{"id":2215,"href":"https:\/\/rotary.fi\/pietaribrahe\/wp-json\/wp\/v2\/pages\/156\/revisions\/2215"}],"up":[{"embeddable":true,"href":"https:\/\/rotary.fi\/pietaribrahe\/wp-json\/wp\/v2\/pages\/77"}],"wp:attachment":[{"href":"https:\/\/rotary.fi\/pietaribrahe\/wp-json\/wp\/v2\/media?parent=156"}],"curies":[{"name":"wp","href":"https:\/\/api.w.org\/{rel}","templated":true}]}}