{"id":132,"date":"2018-08-10T13:59:56","date_gmt":"2018-08-10T10:59:56","guid":{"rendered":"https:\/\/rotary.fi\/klubi2\/?page_id=132"},"modified":"2024-09-18T07:53:23","modified_gmt":"2024-09-18T04:53:23","slug":"hallitus-ja-toimihenkilot","status":"publish","type":"page","link":"https:\/\/rotary.fi\/pietaribrahe\/keita-olemme\/hallitus-ja-toimihenkilot\/","title":{"rendered":"Hallitus ja toimihenkil\u00f6t 1.7.2024 &#8211; 30.6.2025"},"content":{"rendered":"<p>[et_pb_section fb_built=&#8221;1&#8243; _builder_version=&#8221;4.4.8&#8243;][et_pb_row _builder_version=&#8221;4.4.8&#8243; custom_padding=&#8221;|||22px||&#8221;][et_pb_column type=&#8221;4_4&#8243; _builder_version=&#8221;4.4.8&#8243;][et_pb_text _builder_version=&#8221;4.4.8&#8243; custom_padding=&#8221;||1px|||&#8221; inline_fonts=&#8221;Aleo&#8221;]<\/p>\n<h3>Hallitus<\/h3>\n<p>Presidentti: Sari Nurro<br \/>\nEdellinen presidentti ja varapresidentti: Tauno Sassali<br \/>\nSihteeri ja tuleva presidentti: Auli Kananen<br \/>\nRahastonhoitaja: Simo Joensuu<br \/>\nNuorisovaihtoasiamies: Minna Valkama<br \/>\nKlubimestari: Anneli Mustakallio<br \/>\nRotarys\u00e4\u00e4ti\u00f6asiamies: Tarmo Kokkola<br \/>\nVarainhankinta ja julkisuuskuva: Lassi Myllykoski<br \/>\nJ\u00e4sen: Pasi PItk\u00e4nen ja Pyry Suonsivu<\/p>\n<h3>Komiteoiden puheenjohtajat<\/h3>\n<p>Hallinto ja ohjelma: Sari Nurro<br \/>\nJ\u00e4senyys: Pasi PItk\u00e4nen<br \/>\nNuorisovaihto: Minna Valkama<br \/>\nRotarys\u00e4\u00e4ti\u00f6: Tarmo Kokkola<br \/>\nVarainhankinta ja palveluprojektit: Lassi Myllykoski<br \/>\nJulkisuuskuva: Lassi Myllykoski<br \/>\nSatelliittiklubi: Tarmo Kokkola<\/p>\n<p>[\/et_pb_text][\/et_pb_column][\/et_pb_row][\/et_pb_section]<\/p>\n","protected":false},"excerpt":{"rendered":"<p>[et_pb_section fb_built=&#8221;1&#8243; _builder_version=&#8221;4.4.8&#8243;][et_pb_row _builder_version=&#8221;4.4.8&#8243; custom_padding=&#8221;|||22px||&#8221;][et_pb_column type=&#8221;4_4&#8243; _builder_version=&#8221;4.4.8&#8243;][et_pb_text _builder_version=&#8221;4.4.8&#8243; custom_padding=&#8221;||1px|||&#8221; inline_fonts=&#8221;Aleo&#8221;] Hallitus Presidentti: Sari Nurro Edellinen presidentti ja varapresidentti: Tauno Sassali Sihteeri ja tuleva presidentti: Auli Kananen Rahastonhoitaja: Simo Joensuu Nuorisovaihtoasiamies: Minna Valkama Klubimestari: Anneli Mustakallio Rotarys\u00e4\u00e4ti\u00f6asiamies: Tarmo Kokkola Varainhankinta ja julkisuuskuva: Lassi Myllykoski J\u00e4sen: Pasi PItk\u00e4nen ja Pyry Suonsivu Komiteoiden puheenjohtajat Hallinto ja ohjelma: Sari [&hellip;]<\/p>\n","protected":false},"author":1,"featured_media":0,"parent":129,"menu_order":0,"comment_status":"closed","ping_status":"closed","template":"","meta":{"_acf_changed":false,"_et_pb_use_builder":"off","_et_pb_old_content":"","_et_gb_content_width":"","footnotes":""},"class_list":["post-132","page","type-page","status-publish","hentry"],"acf":[],"yoast_head":"<!-- This site is optimized with the Yoast SEO plugin v27.4 - https:\/\/yoast.com\/product\/yoast-seo-wordpress\/ -->\n<title>Hallitus ja toimihenkil\u00f6t 1.7.2024 - 30.6.2025 - Pietari Brahe<\/title>\n<meta name=\"robots\" content=\"index, follow, max-snippet:-1, max-image-preview:large, max-video-preview:-1\" \/>\n<link rel=\"canonical\" href=\"https:\/\/rotary.fi\/pietaribrahe\/keita-olemme\/hallitus-ja-toimihenkilot\/\" \/>\n<meta property=\"og:locale\" content=\"fi_FI\" \/>\n<meta property=\"og:type\" content=\"article\" \/>\n<meta property=\"og:title\" content=\"Hallitus ja toimihenkil\u00f6t 1.7.2024 - 30.6.2025 - Pietari Brahe\" \/>\n<meta property=\"og:description\" content=\"[et_pb_section fb_built=&#8221;1&#8243; _builder_version=&#8221;4.4.8&#8243;][et_pb_row _builder_version=&#8221;4.4.8&#8243; custom_padding=&#8221;|||22px||&#8221;][et_pb_column type=&#8221;4_4&#8243; _builder_version=&#8221;4.4.8&#8243;][et_pb_text _builder_version=&#8221;4.4.8&#8243; custom_padding=&#8221;||1px|||&#8221; inline_fonts=&#8221;Aleo&#8221;] Hallitus Presidentti: Sari Nurro Edellinen presidentti ja varapresidentti: Tauno Sassali Sihteeri ja tuleva presidentti: Auli Kananen Rahastonhoitaja: Simo Joensuu Nuorisovaihtoasiamies: Minna Valkama Klubimestari: Anneli Mustakallio Rotarys\u00e4\u00e4ti\u00f6asiamies: Tarmo Kokkola Varainhankinta ja julkisuuskuva: Lassi Myllykoski J\u00e4sen: Pasi PItk\u00e4nen ja Pyry Suonsivu Komiteoiden puheenjohtajat Hallinto ja ohjelma: Sari [&hellip;]\" \/>\n<meta property=\"og:url\" content=\"https:\/\/rotary.fi\/pietaribrahe\/keita-olemme\/hallitus-ja-toimihenkilot\/\" \/>\n<meta property=\"og:site_name\" content=\"Pietari Brahe\" \/>\n<meta property=\"article:modified_time\" content=\"2024-09-18T04:53:23+00:00\" \/>\n<meta name=\"twitter:card\" content=\"summary_large_image\" \/>\n<meta name=\"twitter:label1\" content=\"Arvioitu lukuaika\" \/>\n\t<meta name=\"twitter:data1\" content=\"1 minuutti\" \/>\n<script type=\"application\/ld+json\" class=\"yoast-schema-graph\">{\"@context\":\"https:\\\/\\\/schema.org\",\"@graph\":[{\"@type\":\"WebPage\",\"@id\":\"https:\\\/\\\/rotary.fi\\\/pietaribrahe\\\/keita-olemme\\\/hallitus-ja-toimihenkilot\\\/\",\"url\":\"https:\\\/\\\/rotary.fi\\\/pietaribrahe\\\/keita-olemme\\\/hallitus-ja-toimihenkilot\\\/\",\"name\":\"Hallitus ja toimihenkil\u00f6t 1.7.2024 - 30.6.2025 - Pietari Brahe\",\"isPartOf\":{\"@id\":\"https:\\\/\\\/rotary.fi\\\/pietaribrahe\\\/#website\"},\"datePublished\":\"2018-08-10T10:59:56+00:00\",\"dateModified\":\"2024-09-18T04:53:23+00:00\",\"breadcrumb\":{\"@id\":\"https:\\\/\\\/rotary.fi\\\/pietaribrahe\\\/keita-olemme\\\/hallitus-ja-toimihenkilot\\\/#breadcrumb\"},\"inLanguage\":\"fi\",\"potentialAction\":[{\"@type\":\"ReadAction\",\"target\":[\"https:\\\/\\\/rotary.fi\\\/pietaribrahe\\\/keita-olemme\\\/hallitus-ja-toimihenkilot\\\/\"]}]},{\"@type\":\"BreadcrumbList\",\"@id\":\"https:\\\/\\\/rotary.fi\\\/pietaribrahe\\\/keita-olemme\\\/hallitus-ja-toimihenkilot\\\/#breadcrumb\",\"itemListElement\":[{\"@type\":\"ListItem\",\"position\":1,\"name\":\"Home\",\"item\":\"https:\\\/\\\/rotary.fi\\\/pietaribrahe\\\/\"},{\"@type\":\"ListItem\",\"position\":2,\"name\":\"Keit\u00e4 olemme\",\"item\":\"https:\\\/\\\/rotary.fi\\\/pietaribrahe\\\/keita-olemme\\\/\"},{\"@type\":\"ListItem\",\"position\":3,\"name\":\"Hallitus ja toimihenkil\u00f6t 1.7.2024 &#8211; 30.6.2025\"}]},{\"@type\":\"WebSite\",\"@id\":\"https:\\\/\\\/rotary.fi\\\/pietaribrahe\\\/#website\",\"url\":\"https:\\\/\\\/rotary.fi\\\/pietaribrahe\\\/\",\"name\":\"Pietari Brahe\",\"description\":\"Uusi Rotary klubisivusto\",\"potentialAction\":[{\"@type\":\"SearchAction\",\"target\":{\"@type\":\"EntryPoint\",\"urlTemplate\":\"https:\\\/\\\/rotary.fi\\\/pietaribrahe\\\/?s={search_term_string}\"},\"query-input\":{\"@type\":\"PropertyValueSpecification\",\"valueRequired\":true,\"valueName\":\"search_term_string\"}}],\"inLanguage\":\"fi\"}]}<\/script>\n<!-- \/ Yoast SEO plugin. -->","yoast_head_json":{"title":"Hallitus ja toimihenkil\u00f6t 1.7.2024 - 30.6.2025 - Pietari Brahe","robots":{"index":"index","follow":"follow","max-snippet":"max-snippet:-1","max-image-preview":"max-image-preview:large","max-video-preview":"max-video-preview:-1"},"canonical":"https:\/\/rotary.fi\/pietaribrahe\/keita-olemme\/hallitus-ja-toimihenkilot\/","og_locale":"fi_FI","og_type":"article","og_title":"Hallitus ja toimihenkil\u00f6t 1.7.2024 - 30.6.2025 - Pietari Brahe","og_description":"[et_pb_section fb_built=&#8221;1&#8243; _builder_version=&#8221;4.4.8&#8243;][et_pb_row _builder_version=&#8221;4.4.8&#8243; custom_padding=&#8221;|||22px||&#8221;][et_pb_column type=&#8221;4_4&#8243; _builder_version=&#8221;4.4.8&#8243;][et_pb_text _builder_version=&#8221;4.4.8&#8243; custom_padding=&#8221;||1px|||&#8221; inline_fonts=&#8221;Aleo&#8221;] Hallitus Presidentti: Sari Nurro Edellinen presidentti ja varapresidentti: Tauno Sassali Sihteeri ja tuleva presidentti: Auli Kananen Rahastonhoitaja: Simo Joensuu Nuorisovaihtoasiamies: Minna Valkama Klubimestari: Anneli Mustakallio Rotarys\u00e4\u00e4ti\u00f6asiamies: Tarmo Kokkola Varainhankinta ja julkisuuskuva: Lassi Myllykoski J\u00e4sen: Pasi PItk\u00e4nen ja Pyry Suonsivu Komiteoiden puheenjohtajat Hallinto ja ohjelma: Sari [&hellip;]","og_url":"https:\/\/rotary.fi\/pietaribrahe\/keita-olemme\/hallitus-ja-toimihenkilot\/","og_site_name":"Pietari Brahe","article_modified_time":"2024-09-18T04:53:23+00:00","twitter_card":"summary_large_image","twitter_misc":{"Arvioitu lukuaika":"1 minuutti"},"schema":{"@context":"https:\/\/schema.org","@graph":[{"@type":"WebPage","@id":"https:\/\/rotary.fi\/pietaribrahe\/keita-olemme\/hallitus-ja-toimihenkilot\/","url":"https:\/\/rotary.fi\/pietaribrahe\/keita-olemme\/hallitus-ja-toimihenkilot\/","name":"Hallitus ja toimihenkil\u00f6t 1.7.2024 - 30.6.2025 - Pietari Brahe","isPartOf":{"@id":"https:\/\/rotary.fi\/pietaribrahe\/#website"},"datePublished":"2018-08-10T10:59:56+00:00","dateModified":"2024-09-18T04:53:23+00:00","breadcrumb":{"@id":"https:\/\/rotary.fi\/pietaribrahe\/keita-olemme\/hallitus-ja-toimihenkilot\/#breadcrumb"},"inLanguage":"fi","potentialAction":[{"@type":"ReadAction","target":["https:\/\/rotary.fi\/pietaribrahe\/keita-olemme\/hallitus-ja-toimihenkilot\/"]}]},{"@type":"BreadcrumbList","@id":"https:\/\/rotary.fi\/pietaribrahe\/keita-olemme\/hallitus-ja-toimihenkilot\/#breadcrumb","itemListElement":[{"@type":"ListItem","position":1,"name":"Home","item":"https:\/\/rotary.fi\/pietaribrahe\/"},{"@type":"ListItem","position":2,"name":"Keit\u00e4 olemme","item":"https:\/\/rotary.fi\/pietaribrahe\/keita-olemme\/"},{"@type":"ListItem","position":3,"name":"Hallitus ja toimihenkil\u00f6t 1.7.2024 &#8211; 30.6.2025"}]},{"@type":"WebSite","@id":"https:\/\/rotary.fi\/pietaribrahe\/#website","url":"https:\/\/rotary.fi\/pietaribrahe\/","name":"Pietari Brahe","description":"Uusi Rotary klubisivusto","potentialAction":[{"@type":"SearchAction","target":{"@type":"EntryPoint","urlTemplate":"https:\/\/rotary.fi\/pietaribrahe\/?s={search_term_string}"},"query-input":{"@type":"PropertyValueSpecification","valueRequired":true,"valueName":"search_term_string"}}],"inLanguage":"fi"}]}},"lang":"fi","translations":{"fi":132},"pll_sync_post":[],"_links":{"self":[{"href":"https:\/\/rotary.fi\/pietaribrahe\/wp-json\/wp\/v2\/pages\/132","targetHints":{"allow":["GET"]}}],"collection":[{"href":"https:\/\/rotary.fi\/pietaribrahe\/wp-json\/wp\/v2\/pages"}],"about":[{"href":"https:\/\/rotary.fi\/pietaribrahe\/wp-json\/wp\/v2\/types\/page"}],"author":[{"embeddable":true,"href":"https:\/\/rotary.fi\/pietaribrahe\/wp-json\/wp\/v2\/users\/1"}],"replies":[{"embeddable":true,"href":"https:\/\/rotary.fi\/pietaribrahe\/wp-json\/wp\/v2\/comments?post=132"}],"version-history":[{"count":11,"href":"https:\/\/rotary.fi\/pietaribrahe\/wp-json\/wp\/v2\/pages\/132\/revisions"}],"predecessor-version":[{"id":3048,"href":"https:\/\/rotary.fi\/pietaribrahe\/wp-json\/wp\/v2\/pages\/132\/revisions\/3048"}],"up":[{"embeddable":true,"href":"https:\/\/rotary.fi\/pietaribrahe\/wp-json\/wp\/v2\/pages\/129"}],"wp:attachment":[{"href":"https:\/\/rotary.fi\/pietaribrahe\/wp-json\/wp\/v2\/media?parent=132"}],"curies":[{"name":"wp","href":"https:\/\/api.w.org\/{rel}","templated":true}]}}