{"id":129,"date":"2018-08-10T13:41:39","date_gmt":"2018-08-10T10:41:39","guid":{"rendered":"https:\/\/rotary.fi\/klubi2\/?page_id=129"},"modified":"2022-11-28T11:43:30","modified_gmt":"2022-11-28T09:43:30","slug":"keita-olemme","status":"publish","type":"page","link":"https:\/\/rotary.fi\/pietaribrahe\/keita-olemme\/","title":{"rendered":"Keit\u00e4 olemme"},"content":{"rendered":"<p>[et_pb_section fb_built=&#8221;1&#8243; specialty=&#8221;on&#8221; module_class_2=&#8221;sivupalkki&#8221; _builder_version=&#8221;4.16&#8243; min_height=&#8221;1441.3px&#8221; custom_padding=&#8221;0px|||||&#8221; global_colors_info=&#8221;{}&#8221;][et_pb_column type=&#8221;2_3&#8243; specialty_columns=&#8221;2&#8243; _builder_version=&#8221;4.16&#8243; custom_padding=&#8221;|||&#8221; global_colors_info=&#8221;{}&#8221; custom_padding__hover=&#8221;|||&#8221;][et_pb_row_inner admin_label=&#8221;Rivi&#8221; _builder_version=&#8221;4.16&#8243; min_height=&#8221;1138px&#8221; global_colors_info=&#8221;{}&#8221;][et_pb_column_inner saved_specialty_column_type=&#8221;2_3&#8243; _builder_version=&#8221;3.25&#8243; custom_padding=&#8221;|||&#8221; global_colors_info=&#8221;{}&#8221; custom_padding__hover=&#8221;|||&#8221;][et_pb_text admin_label=&#8221;Otsikko&#8221; _builder_version=&#8221;4.16&#8243; text_orientation=&#8221;center&#8221; global_colors_info=&#8221;{}&#8221;]<\/p>\n<h1>Keit\u00e4 olemme<\/h1>\n<p>[\/et_pb_text][et_pb_image title_text=&#8221;Rotary&#8217;s core values&#8221; _builder_version=&#8221;4.19.0&#8243; _module_preset=&#8221;default&#8221; background_image=&#8221;https:\/\/rotary.fi\/pietaribrahe\/wp-content\/uploads\/sites\/199\/2022\/11\/rotarys-core-values.jpg&#8221; background_size=&#8221;contain&#8221; custom_margin=&#8221;|||2px||&#8221; custom_padding=&#8221;422px|201px||||&#8221; global_colors_info=&#8221;{}&#8221;][\/et_pb_image][et_pb_text _builder_version=&#8221;4.16&#8243; global_colors_info=&#8221;{}&#8221;]<\/p>\n<h4>Pavelu itsekkyyden edelle<\/h4>\n<p>Rotary on eettisell\u00e4 pohjalla toimiva kansainv\u00e4linen j\u00e4rjest\u00f6. Rotarytoiminnan perustana ovat arvomme: <strong>palvelu, toveruus, moninaisuus, riippumattomuus ja johtajuus<\/strong>. Me teemme yhteiskuntaa kehitt\u00e4vi\u00e4 ja rakentavia tekoja muun muassa erilaisten projektien muodossa ilman oman henkil\u00f6kohtaisen taloudellisen tai muun hy\u00f6dyn tavoittelua. Tunnuslauseemme on Palvelu itsekkyyden edelle (Service Above Self).<\/p>\n<p><span style=\"font-size: 16px\">Teemme ymp\u00e4rist\u00f6st\u00e4mme paremman paikan el\u00e4\u00e4 toteuttamalla vuosittain useita palveluprojekteja. Muutamia esimerkkej\u00e4: autamme apua tarvitsevia, edist\u00e4mme lapsiperheiden mahdollisuuksia l\u00f6yt\u00e4\u00e4 mielek\u00e4st\u00e4 tekemist\u00e4 lasten liikennepuistossa, jaamme stipendej\u00e4 opiskelijoille, hankimme ja istutamme puita Seminaarin arboretumiin ja olemme olleet apuna COVID-19 rokotuksissa. J\u00e4rjest\u00e4mme nuoria Rotaryn kansainv\u00e4lisiin vaihto-ohjelmiin tarjoten mahdollisuuksia tutustua el\u00e4m\u00e4\u00e4n muualla.<\/span><\/p>\n<p><span style=\"font-size: 16px\"> Tuemme my\u00f6s Rotarya kansallisesti ja kansainv\u00e4lisesti merkitt\u00e4vill\u00e4 rahalahjoituksilla sek\u00e4 osallistumalla aktiivisesti rotaryn toimintaan ja palveluprojektien suunnitteluun ja toteuttamiseen my\u00f6s kansainv\u00e4lisesti.<\/span><\/p>\n<p><span style=\"font-size: 16px\">Vastineeksi olemme saaneet paitsi mielek\u00e4st\u00e4 yhteist\u00e4 tekemist\u00e4 ja onnistumisen kokemuksia, my\u00f6s merkityksellisyytt\u00e4 aktiivisina yhteis\u00f6n j\u00e4senin\u00e4.<\/span><\/p>\n<p>Varat palveluty\u00f6h\u00f6n hankimme j\u00e4senmaksuilla, arpajaisilla ja ker\u00e4yksill\u00e4 (t\u00e4rkeimp\u00e4n\u00e4 maailman poliop\u00e4iv\u00e4n\u00e4 j\u00e4rjestett\u00e4v\u00e4 END POLIO NOW &#8211; lipasker\u00e4ys, jossa ker\u00e4tyt varat k\u00e4ytet\u00e4\u00e4n polion h\u00e4vitt\u00e4miseen maailmasta). Jo monena vuotena olemme tuottaneet Palveluopas &#8211; julkaisun. Palveluoppaassa esitell\u00e4\u00e4n yritysten ja yhteiskunnan toimijoiden palveluita.<span style=\"font-size: 16px\"><\/span><\/p>\n<p><span style=\"font-size: 16px\">Kokoonnumme s\u00e4\u00e4nn\u00f6llisesti keskustelemaan ajankohtaisista kuulumisista, kuulemaan rotarien ja kutsuttujen asiantuntijoiden pit\u00e4mi\u00e4 esitelmi\u00e4 mielenkiintoisista aiheista. K\u00e4ymme my\u00f6s vierailemassa erilaisissa kohteissa.<\/span>\u00a0<\/p>\n<h4>Vaikuttava kansainv\u00e4linen verkosto<\/h4>\n<p>Rotary-j\u00e4rjest\u00f6 perustettiin Chicagossa 23.2.1905. Siit\u00e4 on kehkeytynyt kansainv\u00e4linen palvelu- ja hyv\u00e4ntekev\u00e4isyysj\u00e4rjest\u00f6.<\/p>\n<p>Rotaryyn kuuluu 1,2 miljoona j\u00e4sent\u00e4 35 000 klubissa yli 200 maassa. Suomi on jaettu viiteen rotarypiiriin, joista yhteen kuuluvat my\u00f6s Viron klubit. Suomessa ja Virossa on yhteens\u00e4 300 klubia, joissa noin 10 000 j\u00e4sent\u00e4.<\/p>\n<p>Pietari Brahen rotaryklubi perustettiin 22.6.1975. Olemme osa piiri\u00e4 <a href=\"https:\/\/rotary.fi\/d1385\/rotarypiiri1385\/\">1385<\/a>. Vuonna 2022 perustimme satelliittiklubin Pietari Brahe Center. Yhteens\u00e4 n\u00e4iss\u00e4 klubeissa on noin 30 j\u00e4sent\u00e4. Kummiklubimme on Raahen Rotaryklubi.<\/p>\n<p>[\/et_pb_text][\/et_pb_column_inner][\/et_pb_row_inner][\/et_pb_column][et_pb_column type=&#8221;1_3&#8243; _builder_version=&#8221;4.16&#8243; custom_padding=&#8221;|||&#8221; global_colors_info=&#8221;{}&#8221; custom_padding__hover=&#8221;|||&#8221;][et_pb_sidebar area=&#8221;sidebar-1&#8243; module_class=&#8221;sivupalkki_sisalto&#8221; _builder_version=&#8221;4.16&#8243; locked=&#8221;on&#8221; global_colors_info=&#8221;{}&#8221;][\/et_pb_sidebar][\/et_pb_column][\/et_pb_section]<\/p>\n","protected":false},"excerpt":{"rendered":"<p>Keit\u00e4 olemme Pavelu itsekkyyden edelle Rotary on eettisell\u00e4 pohjalla toimiva kansainv\u00e4linen j\u00e4rjest\u00f6. Rotarytoiminnan perustana ovat arvomme: palvelu, toveruus, moninaisuus, riippumattomuus ja johtajuus. Me teemme yhteiskuntaa kehitt\u00e4vi\u00e4 ja rakentavia tekoja muun muassa erilaisten projektien muodossa ilman oman henkil\u00f6kohtaisen taloudellisen tai muun hy\u00f6dyn tavoittelua. Tunnuslauseemme on Palvelu itsekkyyden edelle (Service Above Self). Teemme ymp\u00e4rist\u00f6st\u00e4mme paremman paikan el\u00e4\u00e4 [&hellip;]<\/p>\n","protected":false},"author":1,"featured_media":0,"parent":0,"menu_order":0,"comment_status":"closed","ping_status":"closed","template":"","meta":{"_acf_changed":false,"_et_pb_use_builder":"on","_et_pb_old_content":"","_et_gb_content_width":"","footnotes":""},"class_list":["post-129","page","type-page","status-publish","hentry"],"acf":[],"yoast_head":"<!-- This site is optimized with the Yoast SEO plugin v27.4 - https:\/\/yoast.com\/product\/yoast-seo-wordpress\/ -->\n<title>Keit\u00e4 olemme - Pietari Brahe<\/title>\n<meta name=\"robots\" content=\"index, follow, max-snippet:-1, max-image-preview:large, max-video-preview:-1\" \/>\n<link rel=\"canonical\" href=\"https:\/\/rotary.fi\/pietaribrahe\/keita-olemme\/\" \/>\n<meta property=\"og:locale\" content=\"fi_FI\" \/>\n<meta property=\"og:type\" content=\"article\" \/>\n<meta property=\"og:title\" content=\"Keit\u00e4 olemme - Pietari Brahe\" \/>\n<meta property=\"og:description\" content=\"Keit\u00e4 olemme Pavelu itsekkyyden edelle Rotary on eettisell\u00e4 pohjalla toimiva kansainv\u00e4linen j\u00e4rjest\u00f6. Rotarytoiminnan perustana ovat arvomme: palvelu, toveruus, moninaisuus, riippumattomuus ja johtajuus. Me teemme yhteiskuntaa kehitt\u00e4vi\u00e4 ja rakentavia tekoja muun muassa erilaisten projektien muodossa ilman oman henkil\u00f6kohtaisen taloudellisen tai muun hy\u00f6dyn tavoittelua. Tunnuslauseemme on Palvelu itsekkyyden edelle (Service Above Self). Teemme ymp\u00e4rist\u00f6st\u00e4mme paremman paikan el\u00e4\u00e4 [&hellip;]\" \/>\n<meta property=\"og:url\" content=\"https:\/\/rotary.fi\/pietaribrahe\/keita-olemme\/\" \/>\n<meta property=\"og:site_name\" content=\"Pietari Brahe\" \/>\n<meta property=\"article:modified_time\" content=\"2022-11-28T09:43:30+00:00\" \/>\n<meta name=\"twitter:card\" content=\"summary_large_image\" \/>\n<meta name=\"twitter:label1\" content=\"Arvioitu lukuaika\" \/>\n\t<meta name=\"twitter:data1\" content=\"2 minuuttia\" \/>\n<script type=\"application\/ld+json\" class=\"yoast-schema-graph\">{\"@context\":\"https:\\\/\\\/schema.org\",\"@graph\":[{\"@type\":\"WebPage\",\"@id\":\"https:\\\/\\\/rotary.fi\\\/pietaribrahe\\\/keita-olemme\\\/\",\"url\":\"https:\\\/\\\/rotary.fi\\\/pietaribrahe\\\/keita-olemme\\\/\",\"name\":\"Keit\u00e4 olemme - Pietari Brahe\",\"isPartOf\":{\"@id\":\"https:\\\/\\\/rotary.fi\\\/pietaribrahe\\\/#website\"},\"datePublished\":\"2018-08-10T10:41:39+00:00\",\"dateModified\":\"2022-11-28T09:43:30+00:00\",\"breadcrumb\":{\"@id\":\"https:\\\/\\\/rotary.fi\\\/pietaribrahe\\\/keita-olemme\\\/#breadcrumb\"},\"inLanguage\":\"fi\",\"potentialAction\":[{\"@type\":\"ReadAction\",\"target\":[\"https:\\\/\\\/rotary.fi\\\/pietaribrahe\\\/keita-olemme\\\/\"]}]},{\"@type\":\"BreadcrumbList\",\"@id\":\"https:\\\/\\\/rotary.fi\\\/pietaribrahe\\\/keita-olemme\\\/#breadcrumb\",\"itemListElement\":[{\"@type\":\"ListItem\",\"position\":1,\"name\":\"Home\",\"item\":\"https:\\\/\\\/rotary.fi\\\/pietaribrahe\\\/\"},{\"@type\":\"ListItem\",\"position\":2,\"name\":\"Keit\u00e4 olemme\"}]},{\"@type\":\"WebSite\",\"@id\":\"https:\\\/\\\/rotary.fi\\\/pietaribrahe\\\/#website\",\"url\":\"https:\\\/\\\/rotary.fi\\\/pietaribrahe\\\/\",\"name\":\"Pietari Brahe\",\"description\":\"Uusi Rotary klubisivusto\",\"potentialAction\":[{\"@type\":\"SearchAction\",\"target\":{\"@type\":\"EntryPoint\",\"urlTemplate\":\"https:\\\/\\\/rotary.fi\\\/pietaribrahe\\\/?s={search_term_string}\"},\"query-input\":{\"@type\":\"PropertyValueSpecification\",\"valueRequired\":true,\"valueName\":\"search_term_string\"}}],\"inLanguage\":\"fi\"}]}<\/script>\n<!-- \/ Yoast SEO plugin. -->","yoast_head_json":{"title":"Keit\u00e4 olemme - Pietari Brahe","robots":{"index":"index","follow":"follow","max-snippet":"max-snippet:-1","max-image-preview":"max-image-preview:large","max-video-preview":"max-video-preview:-1"},"canonical":"https:\/\/rotary.fi\/pietaribrahe\/keita-olemme\/","og_locale":"fi_FI","og_type":"article","og_title":"Keit\u00e4 olemme - Pietari Brahe","og_description":"Keit\u00e4 olemme Pavelu itsekkyyden edelle Rotary on eettisell\u00e4 pohjalla toimiva kansainv\u00e4linen j\u00e4rjest\u00f6. Rotarytoiminnan perustana ovat arvomme: palvelu, toveruus, moninaisuus, riippumattomuus ja johtajuus. Me teemme yhteiskuntaa kehitt\u00e4vi\u00e4 ja rakentavia tekoja muun muassa erilaisten projektien muodossa ilman oman henkil\u00f6kohtaisen taloudellisen tai muun hy\u00f6dyn tavoittelua. Tunnuslauseemme on Palvelu itsekkyyden edelle (Service Above Self). Teemme ymp\u00e4rist\u00f6st\u00e4mme paremman paikan el\u00e4\u00e4 [&hellip;]","og_url":"https:\/\/rotary.fi\/pietaribrahe\/keita-olemme\/","og_site_name":"Pietari Brahe","article_modified_time":"2022-11-28T09:43:30+00:00","twitter_card":"summary_large_image","twitter_misc":{"Arvioitu lukuaika":"2 minuuttia"},"schema":{"@context":"https:\/\/schema.org","@graph":[{"@type":"WebPage","@id":"https:\/\/rotary.fi\/pietaribrahe\/keita-olemme\/","url":"https:\/\/rotary.fi\/pietaribrahe\/keita-olemme\/","name":"Keit\u00e4 olemme - Pietari Brahe","isPartOf":{"@id":"https:\/\/rotary.fi\/pietaribrahe\/#website"},"datePublished":"2018-08-10T10:41:39+00:00","dateModified":"2022-11-28T09:43:30+00:00","breadcrumb":{"@id":"https:\/\/rotary.fi\/pietaribrahe\/keita-olemme\/#breadcrumb"},"inLanguage":"fi","potentialAction":[{"@type":"ReadAction","target":["https:\/\/rotary.fi\/pietaribrahe\/keita-olemme\/"]}]},{"@type":"BreadcrumbList","@id":"https:\/\/rotary.fi\/pietaribrahe\/keita-olemme\/#breadcrumb","itemListElement":[{"@type":"ListItem","position":1,"name":"Home","item":"https:\/\/rotary.fi\/pietaribrahe\/"},{"@type":"ListItem","position":2,"name":"Keit\u00e4 olemme"}]},{"@type":"WebSite","@id":"https:\/\/rotary.fi\/pietaribrahe\/#website","url":"https:\/\/rotary.fi\/pietaribrahe\/","name":"Pietari Brahe","description":"Uusi Rotary klubisivusto","potentialAction":[{"@type":"SearchAction","target":{"@type":"EntryPoint","urlTemplate":"https:\/\/rotary.fi\/pietaribrahe\/?s={search_term_string}"},"query-input":{"@type":"PropertyValueSpecification","valueRequired":true,"valueName":"search_term_string"}}],"inLanguage":"fi"}]}},"lang":"fi","translations":{"fi":129},"pll_sync_post":[],"_links":{"self":[{"href":"https:\/\/rotary.fi\/pietaribrahe\/wp-json\/wp\/v2\/pages\/129","targetHints":{"allow":["GET"]}}],"collection":[{"href":"https:\/\/rotary.fi\/pietaribrahe\/wp-json\/wp\/v2\/pages"}],"about":[{"href":"https:\/\/rotary.fi\/pietaribrahe\/wp-json\/wp\/v2\/types\/page"}],"author":[{"embeddable":true,"href":"https:\/\/rotary.fi\/pietaribrahe\/wp-json\/wp\/v2\/users\/1"}],"replies":[{"embeddable":true,"href":"https:\/\/rotary.fi\/pietaribrahe\/wp-json\/wp\/v2\/comments?post=129"}],"version-history":[{"count":10,"href":"https:\/\/rotary.fi\/pietaribrahe\/wp-json\/wp\/v2\/pages\/129\/revisions"}],"predecessor-version":[{"id":2481,"href":"https:\/\/rotary.fi\/pietaribrahe\/wp-json\/wp\/v2\/pages\/129\/revisions\/2481"}],"wp:attachment":[{"href":"https:\/\/rotary.fi\/pietaribrahe\/wp-json\/wp\/v2\/media?parent=129"}],"curies":[{"name":"wp","href":"https:\/\/api.w.org\/{rel}","templated":true}]}}