{"id":1909,"date":"2022-08-16T17:13:11","date_gmt":"2022-08-16T14:13:11","guid":{"rendered":"https:\/\/rotary.fi\/petajavesi\/?page_id=1909"},"modified":"2023-02-11T18:20:42","modified_gmt":"2023-02-11T16:20:42","slug":"2021-2022","status":"publish","type":"page","link":"https:\/\/rotary.fi\/petajavesi\/klubi-mediassa\/2021-2022\/","title":{"rendered":"2021-2022"},"content":{"rendered":"<p>[et_pb_section fb_built=&#8221;1&#8243; module_class=&#8221;jumbotron-page&#8221; _builder_version=&#8221;4.16&#8243; background_image=&#8221;https:\/\/rotary.fi\/petajavesi\/wp-content\/uploads\/sites\/150\/2018\/10\/rotary_klubit_alasivu_paakuva_12.jpg&#8221; global_colors_info=&#8221;{}&#8221;][et_pb_row _builder_version=&#8221;4.16&#8243; background_size=&#8221;initial&#8221; background_position=&#8221;top_left&#8221; background_repeat=&#8221;repeat&#8221; global_colors_info=&#8221;{}&#8221;][et_pb_column type=&#8221;4_4&#8243; _builder_version=&#8221;4.16&#8243; custom_padding=&#8221;|||&#8221; global_colors_info=&#8221;{}&#8221; custom_padding__hover=&#8221;|||&#8221;][et_pb_text admin_label=&#8221;P\u00e4\u00e4otsikko&#8221; _builder_version=&#8221;4.16&#8243; text_orientation=&#8221;center&#8221; background_layout=&#8221;dark&#8221; z_index_tablet=&#8221;500&#8243; global_colors_info=&#8221;{}&#8221;]<\/p>\n<h1>Klubi mediassa<\/h1>\n<p>[\/et_pb_text][\/et_pb_column][\/et_pb_row][\/et_pb_section][et_pb_section fb_built=&#8221;1&#8243; specialty=&#8221;on&#8221; module_class_2=&#8221;sivupalkki&#8221; _builder_version=&#8221;4.16&#8243; inner_max_width=&#8221;none&#8221; global_colors_info=&#8221;{}&#8221;][et_pb_column type=&#8221;2_3&#8243; specialty_columns=&#8221;2&#8243; _builder_version=&#8221;4.16&#8243; custom_padding=&#8221;|||&#8221; global_colors_info=&#8221;{}&#8221; custom_padding__hover=&#8221;|||&#8221;][et_pb_row_inner admin_label=&#8221;Rivi&#8221; _builder_version=&#8221;4.16&#8243; global_colors_info=&#8221;{}&#8221;][et_pb_column_inner saved_specialty_column_type=&#8221;2_3&#8243; _builder_version=&#8221;4.16&#8243; custom_padding=&#8221;|||&#8221; global_colors_info=&#8221;{}&#8221; custom_padding__hover=&#8221;|||&#8221;][et_pb_text admin_label=&#8221;Otsikko&#8221; _builder_version=&#8221;4.17.4&#8243; text_orientation=&#8221;center&#8221; z_index_tablet=&#8221;500&#8243; global_colors_info=&#8221;{}&#8221;]<\/p>\n<h1>2021-2022<\/h1>\n<p>[\/et_pb_text][et_pb_text admin_label=&#8221;Teksti&#8221; _builder_version=&#8221;4.19.0&#8243; hover_enabled=&#8221;0&#8243; z_index_tablet=&#8221;500&#8243; global_colors_info=&#8221;{}&#8221; sticky_enabled=&#8221;0&#8243;]<\/p>\n<p>Pet\u00e4j\u00e4veden Joulu 2021: Erilaisuus antaa n\u00e4k\u00f6kulmaa oman el\u00e4m\u00e4n rakentamiseen<\/p>\n<p><a href=\"https:\/\/rotary.fi\/petajavesi\/wp-content\/uploads\/sites\/150\/2022\/08\/esa2021.jpg\"><img loading=\"lazy\" decoding=\"async\" class=\"aligncenter wp-image-1914 size-medium\" src=\"https:\/\/rotary.fi\/petajavesi\/wp-content\/uploads\/sites\/150\/2022\/08\/esa2021-300x152.jpg\" alt=\"\" width=\"300\" height=\"152\" \/><\/a><\/p>\n<p>Pet\u00e4j\u00e4veden Joulu 2021: Matkalla kohti unelmaa, Kerttu Savela l\u00e4hd\u00f6ss\u00e4 Saksaan vuosivaihtoon kes\u00e4ll\u00e4 2022<\/p>\n<p><a href=\"https:\/\/rotary.fi\/petajavesi\/wp-content\/uploads\/sites\/150\/2022\/08\/kerttu1.jpg\"><img loading=\"lazy\" decoding=\"async\" class=\"aligncenter wp-image-1915 size-medium\" src=\"https:\/\/rotary.fi\/petajavesi\/wp-content\/uploads\/sites\/150\/2022\/08\/kerttu1-212x300.jpg\" alt=\"\" width=\"212\" height=\"300\" \/><\/a><a href=\"https:\/\/rotary.fi\/petajavesi\/wp-content\/uploads\/sites\/150\/2022\/08\/kerttu2.jpg\"><img loading=\"lazy\" decoding=\"async\" class=\"aligncenter wp-image-1916 size-medium\" src=\"https:\/\/rotary.fi\/petajavesi\/wp-content\/uploads\/sites\/150\/2022\/08\/kerttu2-212x300.jpg\" alt=\"\" width=\"212\" height=\"300\" \/><\/a><\/p>\n<p>&nbsp;<\/p>\n<p>Pet\u00e4j\u00e4veden Joulu 2021: Amerikkalaisuus tarttui vaihtovuonna Eveen, klubin entinen vaihtari kertoo el\u00e4m\u00e4st\u00e4\u00e4n Yhdysvalloissa<\/p>\n<p><a href=\"https:\/\/rotary.fi\/petajavesi\/wp-content\/uploads\/sites\/150\/2022\/08\/eve1.jpg\"><img loading=\"lazy\" decoding=\"async\" class=\"aligncenter wp-image-1917 size-medium\" src=\"https:\/\/rotary.fi\/petajavesi\/wp-content\/uploads\/sites\/150\/2022\/08\/eve1-212x300.jpg\" alt=\"\" width=\"212\" height=\"300\" \/><\/a><\/p>\n<p><a href=\"https:\/\/rotary.fi\/petajavesi\/wp-content\/uploads\/sites\/150\/2022\/08\/eve2.jpg\"><img loading=\"lazy\" decoding=\"async\" class=\"aligncenter wp-image-1918 size-medium\" src=\"https:\/\/rotary.fi\/petajavesi\/wp-content\/uploads\/sites\/150\/2022\/08\/eve2-212x300.jpg\" alt=\"\" width=\"212\" height=\"300\" \/><\/a><\/p>\n<p><a href=\"https:\/\/rotary.fi\/petajavesi\/wp-content\/uploads\/sites\/150\/2022\/08\/eve3.jpg\"><img loading=\"lazy\" decoding=\"async\" class=\"aligncenter wp-image-1919 size-medium\" src=\"https:\/\/rotary.fi\/petajavesi\/wp-content\/uploads\/sites\/150\/2022\/08\/eve3-212x300.jpg\" alt=\"\" width=\"212\" height=\"300\" \/><\/a><\/p>\n<p><a href=\"https:\/\/rotary.fi\/petajavesi\/wp-content\/uploads\/sites\/150\/2022\/08\/eve4.jpg\"><img loading=\"lazy\" decoding=\"async\" class=\"aligncenter wp-image-1920 size-medium\" src=\"https:\/\/rotary.fi\/petajavesi\/wp-content\/uploads\/sites\/150\/2022\/08\/eve4-212x300.jpg\" alt=\"\" width=\"212\" height=\"300\" \/><\/a><\/p>\n<p>Pet\u00e4j\u00e4vesilehti 31.8.2022: Pet\u00e4j\u00e4vedelle vuosivaihtariksi tullut Ella viihtyy luonnossa<\/p>\n<p><a href=\"https:\/\/rotary.fi\/petajavesi\/wp-content\/uploads\/sites\/150\/2022\/10\/rotarivaihtari.jpg\"><img loading=\"lazy\" decoding=\"async\" class=\"aligncenter wp-image-1934 size-medium\" src=\"https:\/\/rotary.fi\/petajavesi\/wp-content\/uploads\/sites\/150\/2022\/10\/rotarivaihtari-210x300.jpg\" alt=\"\" width=\"210\" height=\"300\" \/><\/a><\/p>\n<p>Pet\u00e4j\u00e4veden Joulu 2022: Nuoret p\u00e4\u00e4sev\u00e4t j\u00e4lleen vaihtoon<\/p>\n<p><a href=\"https:\/\/rotary.fi\/petajavesi\/wp-content\/uploads\/sites\/150\/2023\/02\/23nuoretvaihtoon.jpg\"><img loading=\"lazy\" decoding=\"async\" class=\"aligncenter wp-image-1966 size-medium\" src=\"https:\/\/rotary.fi\/petajavesi\/wp-content\/uploads\/sites\/150\/2023\/02\/23nuoretvaihtoon-300x166.jpg\" alt=\"\" width=\"300\" height=\"166\" \/><\/a><\/p>\n<p>Pet\u00e4j\u00e4veden Joulu 2022: Savelat saivat vaihtariksi tulleesta Ellasta perheenj\u00e4senen<\/p>\n<p><a href=\"https:\/\/rotary.fi\/petajavesi\/wp-content\/uploads\/sites\/150\/2023\/02\/23ella.jpg\"><img loading=\"lazy\" decoding=\"async\" class=\"aligncenter wp-image-1968 size-medium\" src=\"https:\/\/rotary.fi\/petajavesi\/wp-content\/uploads\/sites\/150\/2023\/02\/23ella-300x144.jpg\" alt=\"\" width=\"300\" height=\"144\" \/><\/a><\/p>\n<p>Pet\u00e4j\u00e4veden Joulu 2022: Haaveissa vaihtovuosi Italiassa<\/p>\n<p><a href=\"https:\/\/rotary.fi\/petajavesi\/wp-content\/uploads\/sites\/150\/2023\/02\/23salli.jpg\"><img loading=\"lazy\" decoding=\"async\" class=\"aligncenter wp-image-1967 size-medium\" src=\"https:\/\/rotary.fi\/petajavesi\/wp-content\/uploads\/sites\/150\/2023\/02\/23salli-212x300.jpg\" alt=\"\" width=\"212\" height=\"300\" \/><\/a><\/p>\n<p>&nbsp;<\/p>\n<p>[\/et_pb_text][\/et_pb_column_inner][\/et_pb_row_inner][\/et_pb_column][et_pb_column type=&#8221;1_3&#8243; _builder_version=&#8221;4.16&#8243; custom_padding=&#8221;|||&#8221; global_colors_info=&#8221;{}&#8221; custom_padding__hover=&#8221;|||&#8221;][et_pb_sidebar area=&#8221;sidebar-1&#8243; module_class=&#8221;sivupalkki_sisalto&#8221; _builder_version=&#8221;4.16&#8243; locked=&#8221;on&#8221; global_colors_info=&#8221;{}&#8221;][\/et_pb_sidebar][\/et_pb_column][\/et_pb_section]<\/p>\n","protected":false},"excerpt":{"rendered":"<p>Klubi mediassa 2021-2022 Pet\u00e4j\u00e4veden Joulu 2021: Erilaisuus antaa n\u00e4k\u00f6kulmaa oman el\u00e4m\u00e4n rakentamiseen Pet\u00e4j\u00e4veden Joulu 2021: Matkalla kohti unelmaa, Kerttu Savela l\u00e4hd\u00f6ss\u00e4 Saksaan vuosivaihtoon kes\u00e4ll\u00e4 2022 &nbsp; Pet\u00e4j\u00e4veden Joulu 2021: Amerikkalaisuus tarttui vaihtovuonna Eveen, klubin entinen vaihtari kertoo el\u00e4m\u00e4st\u00e4\u00e4n Yhdysvalloissa Pet\u00e4j\u00e4vesilehti 31.8.2022: Pet\u00e4j\u00e4vedelle vuosivaihtariksi tullut Ella viihtyy luonnossa Pet\u00e4j\u00e4veden Joulu 2022: Nuoret p\u00e4\u00e4sev\u00e4t j\u00e4lleen vaihtoon Pet\u00e4j\u00e4veden [&hellip;]<\/p>\n","protected":false},"author":213,"featured_media":0,"parent":1580,"menu_order":0,"comment_status":"closed","ping_status":"closed","template":"","meta":{"_acf_changed":false,"_et_pb_use_builder":"on","_et_pb_old_content":"","_et_gb_content_width":"","footnotes":""},"class_list":["post-1909","page","type-page","status-publish","hentry"],"acf":[],"yoast_head":"<!-- This site is optimized with the Yoast SEO plugin v27.4 - https:\/\/yoast.com\/product\/yoast-seo-wordpress\/ -->\n<title>2021-2022 - Pet\u00e4j\u00e4veden Rotaryklubi Ry<\/title>\n<meta name=\"robots\" content=\"index, follow, max-snippet:-1, max-image-preview:large, max-video-preview:-1\" \/>\n<link rel=\"canonical\" href=\"https:\/\/rotary.fi\/petajavesi\/klubi-mediassa\/2021-2022\/\" \/>\n<meta property=\"og:locale\" content=\"fi_FI\" \/>\n<meta property=\"og:type\" content=\"article\" \/>\n<meta property=\"og:title\" content=\"2021-2022 - Pet\u00e4j\u00e4veden Rotaryklubi Ry\" \/>\n<meta property=\"og:description\" content=\"Klubi mediassa 2021-2022 Pet\u00e4j\u00e4veden Joulu 2021: Erilaisuus antaa n\u00e4k\u00f6kulmaa oman el\u00e4m\u00e4n rakentamiseen Pet\u00e4j\u00e4veden Joulu 2021: Matkalla kohti unelmaa, Kerttu Savela l\u00e4hd\u00f6ss\u00e4 Saksaan vuosivaihtoon kes\u00e4ll\u00e4 2022 &nbsp; Pet\u00e4j\u00e4veden Joulu 2021: Amerikkalaisuus tarttui vaihtovuonna Eveen, klubin entinen vaihtari kertoo el\u00e4m\u00e4st\u00e4\u00e4n Yhdysvalloissa Pet\u00e4j\u00e4vesilehti 31.8.2022: Pet\u00e4j\u00e4vedelle vuosivaihtariksi tullut Ella viihtyy luonnossa Pet\u00e4j\u00e4veden Joulu 2022: Nuoret p\u00e4\u00e4sev\u00e4t j\u00e4lleen vaihtoon Pet\u00e4j\u00e4veden [&hellip;]\" \/>\n<meta property=\"og:url\" content=\"https:\/\/rotary.fi\/petajavesi\/klubi-mediassa\/2021-2022\/\" \/>\n<meta property=\"og:site_name\" content=\"Pet\u00e4j\u00e4veden Rotaryklubi Ry\" \/>\n<meta property=\"article:modified_time\" content=\"2023-02-11T16:20:42+00:00\" \/>\n<meta property=\"og:image\" content=\"https:\/\/rotary.fi\/petajavesi\/wp-content\/uploads\/sites\/150\/2022\/08\/esa2021-300x152.jpg\" \/>\n<meta name=\"twitter:card\" content=\"summary_large_image\" \/>\n<meta name=\"twitter:label1\" content=\"Arvioitu lukuaika\" \/>\n\t<meta name=\"twitter:data1\" content=\"3 minuuttia\" \/>\n<script type=\"application\/ld+json\" class=\"yoast-schema-graph\">{\"@context\":\"https:\\\/\\\/schema.org\",\"@graph\":[{\"@type\":\"WebPage\",\"@id\":\"https:\\\/\\\/rotary.fi\\\/petajavesi\\\/klubi-mediassa\\\/2021-2022\\\/\",\"url\":\"https:\\\/\\\/rotary.fi\\\/petajavesi\\\/klubi-mediassa\\\/2021-2022\\\/\",\"name\":\"2021-2022 - Pet\u00e4j\u00e4veden Rotaryklubi Ry\",\"isPartOf\":{\"@id\":\"https:\\\/\\\/rotary.fi\\\/petajavesi\\\/#website\"},\"primaryImageOfPage\":{\"@id\":\"https:\\\/\\\/rotary.fi\\\/petajavesi\\\/klubi-mediassa\\\/2021-2022\\\/#primaryimage\"},\"image\":{\"@id\":\"https:\\\/\\\/rotary.fi\\\/petajavesi\\\/klubi-mediassa\\\/2021-2022\\\/#primaryimage\"},\"thumbnailUrl\":\"https:\\\/\\\/rotary.fi\\\/petajavesi\\\/wp-content\\\/uploads\\\/sites\\\/150\\\/2022\\\/08\\\/esa2021-300x152.jpg\",\"datePublished\":\"2022-08-16T14:13:11+00:00\",\"dateModified\":\"2023-02-11T16:20:42+00:00\",\"breadcrumb\":{\"@id\":\"https:\\\/\\\/rotary.fi\\\/petajavesi\\\/klubi-mediassa\\\/2021-2022\\\/#breadcrumb\"},\"inLanguage\":\"fi\",\"potentialAction\":[{\"@type\":\"ReadAction\",\"target\":[\"https:\\\/\\\/rotary.fi\\\/petajavesi\\\/klubi-mediassa\\\/2021-2022\\\/\"]}]},{\"@type\":\"ImageObject\",\"inLanguage\":\"fi\",\"@id\":\"https:\\\/\\\/rotary.fi\\\/petajavesi\\\/klubi-mediassa\\\/2021-2022\\\/#primaryimage\",\"url\":\"https:\\\/\\\/rotary.fi\\\/petajavesi\\\/wp-content\\\/uploads\\\/sites\\\/150\\\/2022\\\/08\\\/esa2021.jpg\",\"contentUrl\":\"https:\\\/\\\/rotary.fi\\\/petajavesi\\\/wp-content\\\/uploads\\\/sites\\\/150\\\/2022\\\/08\\\/esa2021.jpg\",\"width\":2050,\"height\":1039},{\"@type\":\"BreadcrumbList\",\"@id\":\"https:\\\/\\\/rotary.fi\\\/petajavesi\\\/klubi-mediassa\\\/2021-2022\\\/#breadcrumb\",\"itemListElement\":[{\"@type\":\"ListItem\",\"position\":1,\"name\":\"Home\",\"item\":\"https:\\\/\\\/rotary.fi\\\/petajavesi\\\/\"},{\"@type\":\"ListItem\",\"position\":2,\"name\":\"Klubi mediassa\",\"item\":\"https:\\\/\\\/rotary.fi\\\/petajavesi\\\/klubi-mediassa\\\/\"},{\"@type\":\"ListItem\",\"position\":3,\"name\":\"2021-2022\"}]},{\"@type\":\"WebSite\",\"@id\":\"https:\\\/\\\/rotary.fi\\\/petajavesi\\\/#website\",\"url\":\"https:\\\/\\\/rotary.fi\\\/petajavesi\\\/\",\"name\":\"Pet\u00e4j\u00e4veden Rotaryklubi Ry\",\"description\":\"Uusi Rotary klubisivusto\",\"potentialAction\":[{\"@type\":\"SearchAction\",\"target\":{\"@type\":\"EntryPoint\",\"urlTemplate\":\"https:\\\/\\\/rotary.fi\\\/petajavesi\\\/?s={search_term_string}\"},\"query-input\":{\"@type\":\"PropertyValueSpecification\",\"valueRequired\":true,\"valueName\":\"search_term_string\"}}],\"inLanguage\":\"fi\"}]}<\/script>\n<!-- \/ Yoast SEO plugin. -->","yoast_head_json":{"title":"2021-2022 - Pet\u00e4j\u00e4veden Rotaryklubi Ry","robots":{"index":"index","follow":"follow","max-snippet":"max-snippet:-1","max-image-preview":"max-image-preview:large","max-video-preview":"max-video-preview:-1"},"canonical":"https:\/\/rotary.fi\/petajavesi\/klubi-mediassa\/2021-2022\/","og_locale":"fi_FI","og_type":"article","og_title":"2021-2022 - Pet\u00e4j\u00e4veden Rotaryklubi Ry","og_description":"Klubi mediassa 2021-2022 Pet\u00e4j\u00e4veden Joulu 2021: Erilaisuus antaa n\u00e4k\u00f6kulmaa oman el\u00e4m\u00e4n rakentamiseen Pet\u00e4j\u00e4veden Joulu 2021: Matkalla kohti unelmaa, Kerttu Savela l\u00e4hd\u00f6ss\u00e4 Saksaan vuosivaihtoon kes\u00e4ll\u00e4 2022 &nbsp; Pet\u00e4j\u00e4veden Joulu 2021: Amerikkalaisuus tarttui vaihtovuonna Eveen, klubin entinen vaihtari kertoo el\u00e4m\u00e4st\u00e4\u00e4n Yhdysvalloissa Pet\u00e4j\u00e4vesilehti 31.8.2022: Pet\u00e4j\u00e4vedelle vuosivaihtariksi tullut Ella viihtyy luonnossa Pet\u00e4j\u00e4veden Joulu 2022: Nuoret p\u00e4\u00e4sev\u00e4t j\u00e4lleen vaihtoon Pet\u00e4j\u00e4veden [&hellip;]","og_url":"https:\/\/rotary.fi\/petajavesi\/klubi-mediassa\/2021-2022\/","og_site_name":"Pet\u00e4j\u00e4veden Rotaryklubi Ry","article_modified_time":"2023-02-11T16:20:42+00:00","og_image":[{"url":"https:\/\/rotary.fi\/petajavesi\/wp-content\/uploads\/sites\/150\/2022\/08\/esa2021-300x152.jpg","type":"","width":"","height":""}],"twitter_card":"summary_large_image","twitter_misc":{"Arvioitu lukuaika":"3 minuuttia"},"schema":{"@context":"https:\/\/schema.org","@graph":[{"@type":"WebPage","@id":"https:\/\/rotary.fi\/petajavesi\/klubi-mediassa\/2021-2022\/","url":"https:\/\/rotary.fi\/petajavesi\/klubi-mediassa\/2021-2022\/","name":"2021-2022 - Pet\u00e4j\u00e4veden Rotaryklubi Ry","isPartOf":{"@id":"https:\/\/rotary.fi\/petajavesi\/#website"},"primaryImageOfPage":{"@id":"https:\/\/rotary.fi\/petajavesi\/klubi-mediassa\/2021-2022\/#primaryimage"},"image":{"@id":"https:\/\/rotary.fi\/petajavesi\/klubi-mediassa\/2021-2022\/#primaryimage"},"thumbnailUrl":"https:\/\/rotary.fi\/petajavesi\/wp-content\/uploads\/sites\/150\/2022\/08\/esa2021-300x152.jpg","datePublished":"2022-08-16T14:13:11+00:00","dateModified":"2023-02-11T16:20:42+00:00","breadcrumb":{"@id":"https:\/\/rotary.fi\/petajavesi\/klubi-mediassa\/2021-2022\/#breadcrumb"},"inLanguage":"fi","potentialAction":[{"@type":"ReadAction","target":["https:\/\/rotary.fi\/petajavesi\/klubi-mediassa\/2021-2022\/"]}]},{"@type":"ImageObject","inLanguage":"fi","@id":"https:\/\/rotary.fi\/petajavesi\/klubi-mediassa\/2021-2022\/#primaryimage","url":"https:\/\/rotary.fi\/petajavesi\/wp-content\/uploads\/sites\/150\/2022\/08\/esa2021.jpg","contentUrl":"https:\/\/rotary.fi\/petajavesi\/wp-content\/uploads\/sites\/150\/2022\/08\/esa2021.jpg","width":2050,"height":1039},{"@type":"BreadcrumbList","@id":"https:\/\/rotary.fi\/petajavesi\/klubi-mediassa\/2021-2022\/#breadcrumb","itemListElement":[{"@type":"ListItem","position":1,"name":"Home","item":"https:\/\/rotary.fi\/petajavesi\/"},{"@type":"ListItem","position":2,"name":"Klubi mediassa","item":"https:\/\/rotary.fi\/petajavesi\/klubi-mediassa\/"},{"@type":"ListItem","position":3,"name":"2021-2022"}]},{"@type":"WebSite","@id":"https:\/\/rotary.fi\/petajavesi\/#website","url":"https:\/\/rotary.fi\/petajavesi\/","name":"Pet\u00e4j\u00e4veden Rotaryklubi Ry","description":"Uusi Rotary klubisivusto","potentialAction":[{"@type":"SearchAction","target":{"@type":"EntryPoint","urlTemplate":"https:\/\/rotary.fi\/petajavesi\/?s={search_term_string}"},"query-input":{"@type":"PropertyValueSpecification","valueRequired":true,"valueName":"search_term_string"}}],"inLanguage":"fi"}]}},"lang":"fi","translations":{"fi":1909},"pll_sync_post":[],"_links":{"self":[{"href":"https:\/\/rotary.fi\/petajavesi\/wp-json\/wp\/v2\/pages\/1909","targetHints":{"allow":["GET"]}}],"collection":[{"href":"https:\/\/rotary.fi\/petajavesi\/wp-json\/wp\/v2\/pages"}],"about":[{"href":"https:\/\/rotary.fi\/petajavesi\/wp-json\/wp\/v2\/types\/page"}],"author":[{"embeddable":true,"href":"https:\/\/rotary.fi\/petajavesi\/wp-json\/wp\/v2\/users\/213"}],"replies":[{"embeddable":true,"href":"https:\/\/rotary.fi\/petajavesi\/wp-json\/wp\/v2\/comments?post=1909"}],"version-history":[{"count":8,"href":"https:\/\/rotary.fi\/petajavesi\/wp-json\/wp\/v2\/pages\/1909\/revisions"}],"predecessor-version":[{"id":1969,"href":"https:\/\/rotary.fi\/petajavesi\/wp-json\/wp\/v2\/pages\/1909\/revisions\/1969"}],"up":[{"embeddable":true,"href":"https:\/\/rotary.fi\/petajavesi\/wp-json\/wp\/v2\/pages\/1580"}],"wp:attachment":[{"href":"https:\/\/rotary.fi\/petajavesi\/wp-json\/wp\/v2\/media?parent=1909"}],"curies":[{"name":"wp","href":"https:\/\/api.w.org\/{rel}","templated":true}]}}