{"id":1719,"date":"2019-06-24T10:41:05","date_gmt":"2019-06-24T07:41:05","guid":{"rendered":"https:\/\/rotary.fi\/petajavesi\/?page_id=1719"},"modified":"2024-07-28T15:56:58","modified_gmt":"2024-07-28T12:56:58","slug":"klubinnuorisovaihto","status":"publish","type":"page","link":"https:\/\/rotary.fi\/petajavesi\/mita-teemme\/nuorisovaihto\/klubinnuorisovaihto\/","title":{"rendered":"Klubin nuorisovaihto"},"content":{"rendered":"<p>[et_pb_section fb_built=&#8221;1&#8243; module_class=&#8221;jumbotron-page&#8221; _builder_version=&#8221;4.16&#8243; background_image=&#8221;https:\/\/rotary.fi\/petajavesi\/wp-content\/uploads\/sites\/150\/2018\/10\/rotary_klubit_alasivu_paakuva_9.jpg&#8221; global_colors_info=&#8221;{}&#8221;][et_pb_row _builder_version=&#8221;4.16&#8243; background_size=&#8221;initial&#8221; background_position=&#8221;top_left&#8221; background_repeat=&#8221;repeat&#8221; global_colors_info=&#8221;{}&#8221;][et_pb_column type=&#8221;4_4&#8243; _builder_version=&#8221;4.16&#8243; custom_padding=&#8221;|||&#8221; global_colors_info=&#8221;{}&#8221; custom_padding__hover=&#8221;|||&#8221;][et_pb_text admin_label=&#8221;P\u00e4\u00e4otsikko&#8221; _builder_version=&#8221;4.16&#8243; text_orientation=&#8221;center&#8221; background_layout=&#8221;dark&#8221; global_colors_info=&#8221;{}&#8221;]<\/p>\n<h1>Nuorisovaihto<\/h1>\n<p>[\/et_pb_text][\/et_pb_column][\/et_pb_row][\/et_pb_section][et_pb_section fb_built=&#8221;1&#8243; specialty=&#8221;on&#8221; module_class_2=&#8221;sivupalkki&#8221; _builder_version=&#8221;4.16&#8243; inner_max_width=&#8221;none&#8221; global_colors_info=&#8221;{}&#8221;][et_pb_column type=&#8221;2_3&#8243; specialty_columns=&#8221;2&#8243; _builder_version=&#8221;4.16&#8243; custom_padding=&#8221;|||&#8221; global_colors_info=&#8221;{}&#8221; custom_padding__hover=&#8221;|||&#8221;][et_pb_row_inner admin_label=&#8221;Rivi&#8221; _builder_version=&#8221;4.16&#8243; global_colors_info=&#8221;{}&#8221;][et_pb_column_inner saved_specialty_column_type=&#8221;2_3&#8243; _builder_version=&#8221;4.16&#8243; custom_padding=&#8221;|||&#8221; global_colors_info=&#8221;{}&#8221; custom_padding__hover=&#8221;|||&#8221;][et_pb_text admin_label=&#8221;Nuorisovaihto &#8211; Otsikko&#8221; _builder_version=&#8221;4.16&#8243; text_orientation=&#8221;center&#8221; z_index_tablet=&#8221;500&#8243; global_colors_info=&#8221;{}&#8221;][\/et_pb_text][et_pb_text _builder_version=&#8221;4.16&#8243; z_index_tablet=&#8221;500&#8243; box_shadow_horizontal_tablet=&#8221;0px&#8221; box_shadow_vertical_tablet=&#8221;0px&#8221; box_shadow_blur_tablet=&#8221;40px&#8221; box_shadow_spread_tablet=&#8221;0px&#8221; global_colors_info=&#8221;{}&#8221;]<\/p>\n<p>Klubimme vaihtarit kertovat Klubi mediassa-osiossa kokemuksiaan nuorisovaihdosta.\u00a0<\/p>\n<p>[\/et_pb_text][\/et_pb_column_inner][\/et_pb_row_inner][et_pb_row_inner admin_label=&#8221;Rivi&#8221; _builder_version=&#8221;4.16&#8243; global_colors_info=&#8221;{}&#8221;][et_pb_column_inner saved_specialty_column_type=&#8221;2_3&#8243; _builder_version=&#8221;4.16&#8243; custom_padding=&#8221;|||&#8221; global_colors_info=&#8221;{}&#8221; custom_padding__hover=&#8221;|||&#8221;][et_pb_text admin_label=&#8221;Kiinnostuitko nuorisovaihdosta? &#8211; Otsikko&#8221; _builder_version=&#8221;4.16&#8243; text_orientation=&#8221;center&#8221; z_index_tablet=&#8221;500&#8243; global_colors_info=&#8221;{}&#8221;]<\/p>\n<h4>Klubin nuorisovaihto<\/h4>\n<p>[\/et_pb_text][et_pb_text _builder_version=&#8221;4.25.2&#8243; hover_enabled=&#8221;0&#8243; z_index_tablet=&#8221;500&#8243; box_shadow_horizontal_tablet=&#8221;0px&#8221; box_shadow_vertical_tablet=&#8221;0px&#8221; box_shadow_blur_tablet=&#8221;40px&#8221; box_shadow_spread_tablet=&#8221;0px&#8221; global_colors_info=&#8221;{}&#8221; sticky_enabled=&#8221;0&#8243;]<\/p>\n<p>Pet\u00e4j\u00e4veden Rotaryklubi on ansiokkaasti panostanut kansainv\u00e4liseen nuorisovaihtoon, Rotaryvuonna 2008-09 saimme piirilt\u00e4 1390 kunniakirjan tunnustuksena tehdyst\u00e4 ty\u00f6st\u00e4.<\/p>\n<p><a href=\"https:\/\/rotary.fi\/petajavesi\/wp-content\/uploads\/sites\/150\/2019\/06\/plakaati.jpeg\"><img loading=\"lazy\" decoding=\"async\" class=\"aligncenter wp-image-1720 size-medium\" src=\"https:\/\/rotary.fi\/petajavesi\/wp-content\/uploads\/sites\/150\/2019\/06\/plakaati-300x201.jpeg\" alt=\"\" width=\"300\" height=\"201\" srcset=\"https:\/\/rotary.fi\/petajavesi\/wp-content\/uploads\/sites\/150\/2019\/06\/plakaati-300x201.jpeg 300w, https:\/\/rotary.fi\/petajavesi\/wp-content\/uploads\/sites\/150\/2019\/06\/plakaati-768x515.jpeg 768w, https:\/\/rotary.fi\/petajavesi\/wp-content\/uploads\/sites\/150\/2019\/06\/plakaati.jpeg 800w\" sizes=\"(max-width: 300px) 100vw, 300px\" \/><\/a><\/p>\n<p>Klubin ty\u00f6 nuorisovaihdossa alkaa jo alakoulusta, kun klubi tukee paikallisia nuoria lahjoittamalla joka kev\u00e4t Sisu-stipendit Pet\u00e4j\u00e4veden alakouluille sek\u00e4 kirkonkyl\u00e4n yl\u00e4koululle ja lukiolle.<\/p>\n<p>Kansainv\u00e4linen nuorisovaihto on Pet\u00e4j\u00e4veden Rotaryklubin n\u00e4kyvint\u00e4 toimintaa. Klubi on asettanut tavoitteekseen osallistua nuorisovaihtoon v\u00e4hint\u00e4\u00e4n joka toinen vuosi, jos vain mitat t\u00e4ytt\u00e4v\u00e4 nuori l\u00f6ytyy. N\u00e4in jokaisella pet\u00e4j\u00e4vetisell\u00e4 yl\u00e4koululaisella ja lukiolaisella on mahdollisuus tutustua ja toimia yhdess\u00e4 ulkomaisen vaihto-oppilaan kanssa..<\/p>\n<ul>\n<li>Vuosivaihto tarkoittaa l\u00e4hes vuoden mittaista oleskelua &#8211; yleens\u00e4 3-4 perheess\u00e4 &#8211; ja koulunk\u00e4ynti\u00e4 kohdemaassa. Vuoden aikana tutustutaan paikallisiin nuoriin ja toisiin vaihtareihin eri puolilta maailmaa, sek\u00e4 kohdemaan kieleen, el\u00e4m\u00e4ntyyliin ja kulttuuriin.<\/li>\n<li>Kes\u00e4vaihto tarkoitaa kuukauden mittaista oleskelua kes\u00e4ll\u00e4 kohdemaassa jossain perheess\u00e4 ja sen j\u00e4lkeen kyseisen perheen lapsen majoittumista omaan kotiin kuukaudeksi. Helppo ja turvallinen tapa k\u00e4yd\u00e4 vaikka useampanakin vuotena peruskoulun yhdeks\u00e4nnen luokan j\u00e4lkeen tutustumassa eri maihin. Toimii my\u00f6s kokeilevana ponnahduslautana vuosivaihtoon.<\/li>\n<li>Leirivaihto on osallistumista kohdemaassa kes\u00e4ll\u00e4 johonkin teemaleiriin, jossa tapaa samanhenkisi\u00e4 nuoria maailmalta. Leiri on yleens\u00e4 noin viikon- kahden mittainen, ja viikon &#8211; kahden asuminen jossain perheess\u00e4 kohdemaassa.<\/li>\n<\/ul>\n<p>Vuosivaihtoon l\u00e4hdet\u00e4\u00e4n yleensa lukion tai muun toisen asteen oppilaitoksen ensimm\u00e4isen lukuvuoden j\u00e4lkeen, joskin maakohtaiset ik\u00e4rajat suosivat joissain tapauksissa peruskoulun j\u00e4lkeen vaihtoon l\u00e4htij\u00f6it\u00e4. P\u00e4\u00e4s\u00e4\u00e4nt\u00f6isesti oppilaan tulisi l\u00e4ht\u00f6hetkell\u00e4 olla alle 17.5 vuotias. Kes\u00e4- ja leirivaihdon ik\u00e4rajat ovat joustavammat ja jopa vanhemmatkin oppilaat voivat hakea.<\/p>\n<p>Klubi valitsee kuhunkin vaihtomuotoon l\u00e4htij\u00e4n\/l\u00e4htij\u00e4t nuoren omien ansioiden perusteella.<\/p>\n<ul>\n<li>Vuosivaihtoon haetaan klubille osoitetulla vapaamuotoisella hakemuksella syyskuun loppuun menness\u00e4.<\/li>\n<li>Kes\u00e4vaihdon hakuaika on syyskuun loppuun, hakeminen tapahtuu niinik\u00e4\u00e4n vapaamuotoisella hakemuksella.<\/li>\n<li>Leirivaihtoon voi hakea vuoden vaihteeseen asti vapaamuotoisella hakemuksella.<\/li>\n<\/ul>\n<p>Tarkempia tietoja l\u00f6yd\u00e4t osoitteesta\u00a0<a href=\"http:\/\/www.rye.fi\/\" target=\"_blank\" rel=\"noopener noreferrer\">www.rye.fi<\/a><\/p>\n<p><b>Is\u00e4nt\u00e4perheet<\/b><\/p>\n<ul>\n<li>T\u00e4rke\u00e4n\u00e4 osana vaihtotoimintaa, joiden luona vaihto-oppilas asuu.<\/li>\n<li>Is\u00e4nt\u00e4perheen\u00e4 voi toimia normaali ja tasapainoinen perhe, jolla on edellytykset huolehtia vaihtarin perustarpeista.<\/li>\n<li>Mik\u00e4li olet kiinnostunut is\u00e4nt\u00e4perheen\u00e4 toimimisesta ota yhteytt\u00e4 nuorisovaihtotiimiimme.<\/li>\n<\/ul>\n<p>&nbsp;<\/p>\n<p>Lis\u00e4tietoja voi kysy\u00e4 klubin nuorisovaihtotiimilt\u00e4:<\/p>\n<p><b>Nuorisovaihtoasiamies: <\/b>Late Karvonen\u00a0 \u00a0 latekarvonen@gmail.com\u00a0 \u00a0 \u00a0 \u00a0 \u00a0 \u00a0 +358-400-342 950<\/p>\n<p><b>Kummi:\u00a0 \u00a0 \u00a0 \u00a0 \u00a0 \u00a0 \u00a0 \u00a0 \u00a0 \u00a0 \u00a0 \u00a0 \u00a0\u00a0 <\/b>Maija-Leena Luukko\u00a0 \u00a0 \u00a0\u00a0 maija-leena.luukko@thyssenkrupp-materials.com \u00a0 \u00a0 \u00a0 \u00a0 \u00a0 \u00a0 \u00a0\u00a0 +358-40-547 7025<\/p>\n<p><b>Turva-asiamies:\u00a0 \u00a0 \u00a0 \u00a0 \u00a0 \u00a0 \u00a0 \u00a0<\/b>Esa Salld\u00e9n\u00a0 \u00a0 \u00a0 \u00a0toimisto@radiomuseo.fi\u00a0 \u00a0 \u00a0 \u00a0 \u00a0+358-400-260 243<\/p>\n<p>[\/et_pb_text][\/et_pb_column_inner][\/et_pb_row_inner][\/et_pb_column][et_pb_column type=&#8221;1_3&#8243; _builder_version=&#8221;4.16&#8243; custom_padding=&#8221;|||&#8221; global_colors_info=&#8221;{}&#8221; custom_padding__hover=&#8221;|||&#8221;][et_pb_sidebar area=&#8221;sidebar-1&#8243; module_class=&#8221;sivupalkki_sisalto&#8221; _builder_version=&#8221;4.16&#8243; locked=&#8221;on&#8221; global_colors_info=&#8221;{}&#8221;]<br \/>\n[\/et_pb_sidebar][\/et_pb_column][\/et_pb_section]<\/p>\n","protected":false},"excerpt":{"rendered":"<p>Nuorisovaihto Klubimme vaihtarit kertovat Klubi mediassa-osiossa kokemuksiaan nuorisovaihdosta.\u00a0 Klubin nuorisovaihto Pet\u00e4j\u00e4veden Rotaryklubi on ansiokkaasti panostanut kansainv\u00e4liseen nuorisovaihtoon, Rotaryvuonna 2008-09 saimme piirilt\u00e4 1390 kunniakirjan tunnustuksena tehdyst\u00e4 ty\u00f6st\u00e4. Klubin ty\u00f6 nuorisovaihdossa alkaa jo alakoulusta, kun klubi tukee paikallisia nuoria lahjoittamalla joka kev\u00e4t Sisu-stipendit Pet\u00e4j\u00e4veden alakouluille sek\u00e4 kirkonkyl\u00e4n yl\u00e4koululle ja lukiolle. Kansainv\u00e4linen nuorisovaihto on Pet\u00e4j\u00e4veden Rotaryklubin n\u00e4kyvint\u00e4 toimintaa. [&hellip;]<\/p>\n","protected":false},"author":213,"featured_media":0,"parent":154,"menu_order":0,"comment_status":"closed","ping_status":"closed","template":"","meta":{"_acf_changed":false,"_et_pb_use_builder":"on","_et_pb_old_content":"","_et_gb_content_width":"","footnotes":""},"class_list":["post-1719","page","type-page","status-publish","hentry"],"acf":[],"yoast_head":"<!-- This site is optimized with the Yoast SEO plugin v27.0 - https:\/\/yoast.com\/product\/yoast-seo-wordpress\/ -->\n<title>Klubin nuorisovaihto - Pet\u00e4j\u00e4veden Rotaryklubi Ry<\/title>\n<meta name=\"robots\" content=\"index, follow, max-snippet:-1, max-image-preview:large, max-video-preview:-1\" \/>\n<link rel=\"canonical\" href=\"https:\/\/rotary.fi\/petajavesi\/mita-teemme\/nuorisovaihto\/klubinnuorisovaihto\/\" \/>\n<meta property=\"og:locale\" content=\"fi_FI\" \/>\n<meta property=\"og:type\" content=\"article\" \/>\n<meta property=\"og:title\" content=\"Klubin nuorisovaihto - Pet\u00e4j\u00e4veden Rotaryklubi Ry\" \/>\n<meta property=\"og:description\" content=\"Nuorisovaihto Klubimme vaihtarit kertovat Klubi mediassa-osiossa kokemuksiaan nuorisovaihdosta.\u00a0 Klubin nuorisovaihto Pet\u00e4j\u00e4veden Rotaryklubi on ansiokkaasti panostanut kansainv\u00e4liseen nuorisovaihtoon, Rotaryvuonna 2008-09 saimme piirilt\u00e4 1390 kunniakirjan tunnustuksena tehdyst\u00e4 ty\u00f6st\u00e4. Klubin ty\u00f6 nuorisovaihdossa alkaa jo alakoulusta, kun klubi tukee paikallisia nuoria lahjoittamalla joka kev\u00e4t Sisu-stipendit Pet\u00e4j\u00e4veden alakouluille sek\u00e4 kirkonkyl\u00e4n yl\u00e4koululle ja lukiolle. Kansainv\u00e4linen nuorisovaihto on Pet\u00e4j\u00e4veden Rotaryklubin n\u00e4kyvint\u00e4 toimintaa. [&hellip;]\" \/>\n<meta property=\"og:url\" content=\"https:\/\/rotary.fi\/petajavesi\/mita-teemme\/nuorisovaihto\/klubinnuorisovaihto\/\" \/>\n<meta property=\"og:site_name\" content=\"Pet\u00e4j\u00e4veden Rotaryklubi Ry\" \/>\n<meta property=\"article:modified_time\" content=\"2024-07-28T12:56:58+00:00\" \/>\n<meta property=\"og:image\" content=\"https:\/\/rotary.fi\/petajavesi\/wp-content\/uploads\/sites\/150\/2019\/06\/plakaati-300x201.jpeg\" \/>\n<meta name=\"twitter:card\" content=\"summary_large_image\" \/>\n<meta name=\"twitter:label1\" content=\"Arvioitu lukuaika\" \/>\n\t<meta name=\"twitter:data1\" content=\"3 minuuttia\" \/>\n<script type=\"application\/ld+json\" class=\"yoast-schema-graph\">{\"@context\":\"https:\/\/schema.org\",\"@graph\":[{\"@type\":\"WebPage\",\"@id\":\"https:\/\/rotary.fi\/petajavesi\/mita-teemme\/nuorisovaihto\/klubinnuorisovaihto\/\",\"url\":\"https:\/\/rotary.fi\/petajavesi\/mita-teemme\/nuorisovaihto\/klubinnuorisovaihto\/\",\"name\":\"Klubin nuorisovaihto - Pet\u00e4j\u00e4veden Rotaryklubi Ry\",\"isPartOf\":{\"@id\":\"https:\/\/rotary.fi\/petajavesi\/#website\"},\"primaryImageOfPage\":{\"@id\":\"https:\/\/rotary.fi\/petajavesi\/mita-teemme\/nuorisovaihto\/klubinnuorisovaihto\/#primaryimage\"},\"image\":{\"@id\":\"https:\/\/rotary.fi\/petajavesi\/mita-teemme\/nuorisovaihto\/klubinnuorisovaihto\/#primaryimage\"},\"thumbnailUrl\":\"https:\/\/rotary.fi\/petajavesi\/wp-content\/uploads\/sites\/150\/2019\/06\/plakaati-300x201.jpeg\",\"datePublished\":\"2019-06-24T07:41:05+00:00\",\"dateModified\":\"2024-07-28T12:56:58+00:00\",\"breadcrumb\":{\"@id\":\"https:\/\/rotary.fi\/petajavesi\/mita-teemme\/nuorisovaihto\/klubinnuorisovaihto\/#breadcrumb\"},\"inLanguage\":\"fi\",\"potentialAction\":[{\"@type\":\"ReadAction\",\"target\":[\"https:\/\/rotary.fi\/petajavesi\/mita-teemme\/nuorisovaihto\/klubinnuorisovaihto\/\"]}]},{\"@type\":\"ImageObject\",\"inLanguage\":\"fi\",\"@id\":\"https:\/\/rotary.fi\/petajavesi\/mita-teemme\/nuorisovaihto\/klubinnuorisovaihto\/#primaryimage\",\"url\":\"https:\/\/rotary.fi\/petajavesi\/wp-content\/uploads\/sites\/150\/2019\/06\/plakaati.jpeg\",\"contentUrl\":\"https:\/\/rotary.fi\/petajavesi\/wp-content\/uploads\/sites\/150\/2019\/06\/plakaati.jpeg\",\"width\":800,\"height\":536},{\"@type\":\"BreadcrumbList\",\"@id\":\"https:\/\/rotary.fi\/petajavesi\/mita-teemme\/nuorisovaihto\/klubinnuorisovaihto\/#breadcrumb\",\"itemListElement\":[{\"@type\":\"ListItem\",\"position\":1,\"name\":\"Home\",\"item\":\"https:\/\/rotary.fi\/petajavesi\/\"},{\"@type\":\"ListItem\",\"position\":2,\"name\":\"Mit\u00e4 teemme\",\"item\":\"https:\/\/rotary.fi\/petajavesi\/mita-teemme\/\"},{\"@type\":\"ListItem\",\"position\":3,\"name\":\"Nuorisovaihto\",\"item\":\"https:\/\/rotary.fi\/petajavesi\/mita-teemme\/nuorisovaihto\/\"},{\"@type\":\"ListItem\",\"position\":4,\"name\":\"Klubin nuorisovaihto\"}]},{\"@type\":\"WebSite\",\"@id\":\"https:\/\/rotary.fi\/petajavesi\/#website\",\"url\":\"https:\/\/rotary.fi\/petajavesi\/\",\"name\":\"Pet\u00e4j\u00e4veden Rotaryklubi Ry\",\"description\":\"Uusi Rotary klubisivusto\",\"potentialAction\":[{\"@type\":\"SearchAction\",\"target\":{\"@type\":\"EntryPoint\",\"urlTemplate\":\"https:\/\/rotary.fi\/petajavesi\/?s={search_term_string}\"},\"query-input\":{\"@type\":\"PropertyValueSpecification\",\"valueRequired\":true,\"valueName\":\"search_term_string\"}}],\"inLanguage\":\"fi\"}]}<\/script>\n<!-- \/ Yoast SEO plugin. -->","yoast_head_json":{"title":"Klubin nuorisovaihto - Pet\u00e4j\u00e4veden Rotaryklubi Ry","robots":{"index":"index","follow":"follow","max-snippet":"max-snippet:-1","max-image-preview":"max-image-preview:large","max-video-preview":"max-video-preview:-1"},"canonical":"https:\/\/rotary.fi\/petajavesi\/mita-teemme\/nuorisovaihto\/klubinnuorisovaihto\/","og_locale":"fi_FI","og_type":"article","og_title":"Klubin nuorisovaihto - Pet\u00e4j\u00e4veden Rotaryklubi Ry","og_description":"Nuorisovaihto Klubimme vaihtarit kertovat Klubi mediassa-osiossa kokemuksiaan nuorisovaihdosta.\u00a0 Klubin nuorisovaihto Pet\u00e4j\u00e4veden Rotaryklubi on ansiokkaasti panostanut kansainv\u00e4liseen nuorisovaihtoon, Rotaryvuonna 2008-09 saimme piirilt\u00e4 1390 kunniakirjan tunnustuksena tehdyst\u00e4 ty\u00f6st\u00e4. Klubin ty\u00f6 nuorisovaihdossa alkaa jo alakoulusta, kun klubi tukee paikallisia nuoria lahjoittamalla joka kev\u00e4t Sisu-stipendit Pet\u00e4j\u00e4veden alakouluille sek\u00e4 kirkonkyl\u00e4n yl\u00e4koululle ja lukiolle. Kansainv\u00e4linen nuorisovaihto on Pet\u00e4j\u00e4veden Rotaryklubin n\u00e4kyvint\u00e4 toimintaa. [&hellip;]","og_url":"https:\/\/rotary.fi\/petajavesi\/mita-teemme\/nuorisovaihto\/klubinnuorisovaihto\/","og_site_name":"Pet\u00e4j\u00e4veden Rotaryklubi Ry","article_modified_time":"2024-07-28T12:56:58+00:00","og_image":[{"url":"https:\/\/rotary.fi\/petajavesi\/wp-content\/uploads\/sites\/150\/2019\/06\/plakaati-300x201.jpeg","type":"","width":"","height":""}],"twitter_card":"summary_large_image","twitter_misc":{"Arvioitu lukuaika":"3 minuuttia"},"schema":{"@context":"https:\/\/schema.org","@graph":[{"@type":"WebPage","@id":"https:\/\/rotary.fi\/petajavesi\/mita-teemme\/nuorisovaihto\/klubinnuorisovaihto\/","url":"https:\/\/rotary.fi\/petajavesi\/mita-teemme\/nuorisovaihto\/klubinnuorisovaihto\/","name":"Klubin nuorisovaihto - Pet\u00e4j\u00e4veden Rotaryklubi Ry","isPartOf":{"@id":"https:\/\/rotary.fi\/petajavesi\/#website"},"primaryImageOfPage":{"@id":"https:\/\/rotary.fi\/petajavesi\/mita-teemme\/nuorisovaihto\/klubinnuorisovaihto\/#primaryimage"},"image":{"@id":"https:\/\/rotary.fi\/petajavesi\/mita-teemme\/nuorisovaihto\/klubinnuorisovaihto\/#primaryimage"},"thumbnailUrl":"https:\/\/rotary.fi\/petajavesi\/wp-content\/uploads\/sites\/150\/2019\/06\/plakaati-300x201.jpeg","datePublished":"2019-06-24T07:41:05+00:00","dateModified":"2024-07-28T12:56:58+00:00","breadcrumb":{"@id":"https:\/\/rotary.fi\/petajavesi\/mita-teemme\/nuorisovaihto\/klubinnuorisovaihto\/#breadcrumb"},"inLanguage":"fi","potentialAction":[{"@type":"ReadAction","target":["https:\/\/rotary.fi\/petajavesi\/mita-teemme\/nuorisovaihto\/klubinnuorisovaihto\/"]}]},{"@type":"ImageObject","inLanguage":"fi","@id":"https:\/\/rotary.fi\/petajavesi\/mita-teemme\/nuorisovaihto\/klubinnuorisovaihto\/#primaryimage","url":"https:\/\/rotary.fi\/petajavesi\/wp-content\/uploads\/sites\/150\/2019\/06\/plakaati.jpeg","contentUrl":"https:\/\/rotary.fi\/petajavesi\/wp-content\/uploads\/sites\/150\/2019\/06\/plakaati.jpeg","width":800,"height":536},{"@type":"BreadcrumbList","@id":"https:\/\/rotary.fi\/petajavesi\/mita-teemme\/nuorisovaihto\/klubinnuorisovaihto\/#breadcrumb","itemListElement":[{"@type":"ListItem","position":1,"name":"Home","item":"https:\/\/rotary.fi\/petajavesi\/"},{"@type":"ListItem","position":2,"name":"Mit\u00e4 teemme","item":"https:\/\/rotary.fi\/petajavesi\/mita-teemme\/"},{"@type":"ListItem","position":3,"name":"Nuorisovaihto","item":"https:\/\/rotary.fi\/petajavesi\/mita-teemme\/nuorisovaihto\/"},{"@type":"ListItem","position":4,"name":"Klubin nuorisovaihto"}]},{"@type":"WebSite","@id":"https:\/\/rotary.fi\/petajavesi\/#website","url":"https:\/\/rotary.fi\/petajavesi\/","name":"Pet\u00e4j\u00e4veden Rotaryklubi Ry","description":"Uusi Rotary klubisivusto","potentialAction":[{"@type":"SearchAction","target":{"@type":"EntryPoint","urlTemplate":"https:\/\/rotary.fi\/petajavesi\/?s={search_term_string}"},"query-input":{"@type":"PropertyValueSpecification","valueRequired":true,"valueName":"search_term_string"}}],"inLanguage":"fi"}]}},"lang":"fi","translations":{"fi":1719},"pll_sync_post":[],"_links":{"self":[{"href":"https:\/\/rotary.fi\/petajavesi\/wp-json\/wp\/v2\/pages\/1719","targetHints":{"allow":["GET"]}}],"collection":[{"href":"https:\/\/rotary.fi\/petajavesi\/wp-json\/wp\/v2\/pages"}],"about":[{"href":"https:\/\/rotary.fi\/petajavesi\/wp-json\/wp\/v2\/types\/page"}],"author":[{"embeddable":true,"href":"https:\/\/rotary.fi\/petajavesi\/wp-json\/wp\/v2\/users\/213"}],"replies":[{"embeddable":true,"href":"https:\/\/rotary.fi\/petajavesi\/wp-json\/wp\/v2\/comments?post=1719"}],"version-history":[{"count":9,"href":"https:\/\/rotary.fi\/petajavesi\/wp-json\/wp\/v2\/pages\/1719\/revisions"}],"predecessor-version":[{"id":2039,"href":"https:\/\/rotary.fi\/petajavesi\/wp-json\/wp\/v2\/pages\/1719\/revisions\/2039"}],"up":[{"embeddable":true,"href":"https:\/\/rotary.fi\/petajavesi\/wp-json\/wp\/v2\/pages\/154"}],"wp:attachment":[{"href":"https:\/\/rotary.fi\/petajavesi\/wp-json\/wp\/v2\/media?parent=1719"}],"curies":[{"name":"wp","href":"https:\/\/api.w.org\/{rel}","templated":true}]}}