{"id":1580,"date":"2019-06-23T16:53:38","date_gmt":"2019-06-23T13:53:38","guid":{"rendered":"https:\/\/rotary.fi\/petajavesi\/?page_id=1580"},"modified":"2022-08-16T20:15:04","modified_gmt":"2022-08-16T17:15:04","slug":"klubi-mediassa","status":"publish","type":"page","link":"https:\/\/rotary.fi\/petajavesi\/klubi-mediassa\/","title":{"rendered":"Klubi mediassa"},"content":{"rendered":"<p>[et_pb_section fb_built=&#8221;1&#8243; module_class=&#8221;jumbotron-page&#8221; _builder_version=&#8221;4.16&#8243; background_image=&#8221;https:\/\/rotary.fi\/petajavesi\/wp-content\/uploads\/sites\/150\/2018\/10\/rotary_klubit_alasivu_paakuva_12.jpg&#8221; hover_enabled=&#8221;0&#8243; global_colors_info=&#8221;{}&#8221; sticky_enabled=&#8221;0&#8243;][et_pb_row _builder_version=&#8221;4.16&#8243; background_size=&#8221;initial&#8221; background_position=&#8221;top_left&#8221; background_repeat=&#8221;repeat&#8221; hover_enabled=&#8221;0&#8243; global_colors_info=&#8221;{}&#8221; sticky_enabled=&#8221;0&#8243;][et_pb_column type=&#8221;4_4&#8243; _builder_version=&#8221;4.16&#8243; custom_padding=&#8221;|||&#8221; global_colors_info=&#8221;{}&#8221; custom_padding__hover=&#8221;|||&#8221;][et_pb_text admin_label=&#8221;P\u00e4\u00e4otsikko&#8221; _builder_version=&#8221;4.16&#8243; text_orientation=&#8221;center&#8221; background_layout=&#8221;dark&#8221; hover_enabled=&#8221;0&#8243; z_index_tablet=&#8221;500&#8243; global_colors_info=&#8221;{}&#8221; sticky_enabled=&#8221;0&#8243;]<\/p>\n<h1>Klubi mediassa<\/h1>\n<p>[\/et_pb_text][\/et_pb_column][\/et_pb_row][\/et_pb_section][et_pb_section fb_built=&#8221;1&#8243; specialty=&#8221;on&#8221; module_class_2=&#8221;sivupalkki&#8221; _builder_version=&#8221;4.16&#8243; inner_max_width=&#8221;none&#8221; hover_enabled=&#8221;0&#8243; global_colors_info=&#8221;{}&#8221; sticky_enabled=&#8221;0&#8243;][et_pb_column type=&#8221;2_3&#8243; specialty_columns=&#8221;2&#8243; _builder_version=&#8221;4.16&#8243; custom_padding=&#8221;|||&#8221; global_colors_info=&#8221;{}&#8221; custom_padding__hover=&#8221;|||&#8221;][et_pb_row_inner admin_label=&#8221;Rivi&#8221; _builder_version=&#8221;4.16&#8243; hover_enabled=&#8221;0&#8243; global_colors_info=&#8221;{}&#8221; sticky_enabled=&#8221;0&#8243;][et_pb_column_inner saved_specialty_column_type=&#8221;2_3&#8243; _builder_version=&#8221;4.16&#8243; custom_padding=&#8221;|||&#8221; global_colors_info=&#8221;{}&#8221; custom_padding__hover=&#8221;|||&#8221;][et_pb_text admin_label=&#8221;Otsikko&#8221; _builder_version=&#8221;4.16&#8243; text_orientation=&#8221;center&#8221; hover_enabled=&#8221;0&#8243; z_index_tablet=&#8221;500&#8243; global_colors_info=&#8221;{}&#8221; sticky_enabled=&#8221;0&#8243;]<\/p>\n<h1>Klubi mediassa<\/h1>\n<p>[\/et_pb_text][et_pb_text _builder_version=&#8221;4.16&#8243; hover_enabled=&#8221;0&#8243; z_index_tablet=&#8221;500&#8243; global_colors_info=&#8221;{}&#8221; sticky_enabled=&#8221;0&#8243;]<\/p>\n<p>T\u00e4st\u00e4 osiosta l\u00f6yd\u00e4t klubiimme ja toimintaamme liittyvi\u00e4 lehtijuttuja vuosien varrelta.<\/p>\n<p>[\/et_pb_text][\/et_pb_column_inner][\/et_pb_row_inner][\/et_pb_column][et_pb_column type=&#8221;1_3&#8243; _builder_version=&#8221;4.16&#8243; custom_padding=&#8221;|||&#8221; global_colors_info=&#8221;{}&#8221; custom_padding__hover=&#8221;|||&#8221;][et_pb_sidebar area=&#8221;sidebar-1&#8243; module_class=&#8221;sivupalkki_sisalto&#8221; _builder_version=&#8221;4.16&#8243; locked=&#8221;on&#8221; global_colors_info=&#8221;{}&#8221;]<br \/>\n[\/et_pb_sidebar][\/et_pb_column][\/et_pb_section]<\/p>\n","protected":false},"excerpt":{"rendered":"<p>Klubi mediassa Klubi mediassa T\u00e4st\u00e4 osiosta l\u00f6yd\u00e4t klubiimme ja toimintaamme liittyvi\u00e4 lehtijuttuja vuosien varrelta.<\/p>\n","protected":false},"author":213,"featured_media":0,"parent":0,"menu_order":0,"comment_status":"closed","ping_status":"closed","template":"","meta":{"_acf_changed":false,"_et_pb_use_builder":"on","_et_pb_old_content":"","_et_gb_content_width":"","footnotes":""},"class_list":["post-1580","page","type-page","status-publish","hentry"],"acf":[],"yoast_head":"<!-- This site is optimized with the Yoast SEO plugin v27.0 - https:\/\/yoast.com\/product\/yoast-seo-wordpress\/ -->\n<title>Klubi mediassa - Pet\u00e4j\u00e4veden Rotaryklubi Ry<\/title>\n<meta name=\"robots\" content=\"index, follow, max-snippet:-1, max-image-preview:large, max-video-preview:-1\" \/>\n<link rel=\"canonical\" href=\"https:\/\/rotary.fi\/petajavesi\/klubi-mediassa\/\" \/>\n<meta property=\"og:locale\" content=\"fi_FI\" \/>\n<meta property=\"og:type\" content=\"article\" \/>\n<meta property=\"og:title\" content=\"Klubi mediassa - Pet\u00e4j\u00e4veden Rotaryklubi Ry\" \/>\n<meta property=\"og:description\" content=\"Klubi mediassa Klubi mediassa T\u00e4st\u00e4 osiosta l\u00f6yd\u00e4t klubiimme ja toimintaamme liittyvi\u00e4 lehtijuttuja vuosien varrelta.\" \/>\n<meta property=\"og:url\" content=\"https:\/\/rotary.fi\/petajavesi\/klubi-mediassa\/\" \/>\n<meta property=\"og:site_name\" content=\"Pet\u00e4j\u00e4veden Rotaryklubi Ry\" \/>\n<meta property=\"article:modified_time\" content=\"2022-08-16T17:15:04+00:00\" \/>\n<meta name=\"twitter:card\" content=\"summary_large_image\" \/>\n<meta name=\"twitter:label1\" content=\"Arvioitu lukuaika\" \/>\n\t<meta name=\"twitter:data1\" content=\"1 minuutti\" \/>\n<script type=\"application\/ld+json\" class=\"yoast-schema-graph\">{\"@context\":\"https:\/\/schema.org\",\"@graph\":[{\"@type\":\"WebPage\",\"@id\":\"https:\/\/rotary.fi\/petajavesi\/klubi-mediassa\/\",\"url\":\"https:\/\/rotary.fi\/petajavesi\/klubi-mediassa\/\",\"name\":\"Klubi mediassa - Pet\u00e4j\u00e4veden Rotaryklubi Ry\",\"isPartOf\":{\"@id\":\"https:\/\/rotary.fi\/petajavesi\/#website\"},\"datePublished\":\"2019-06-23T13:53:38+00:00\",\"dateModified\":\"2022-08-16T17:15:04+00:00\",\"breadcrumb\":{\"@id\":\"https:\/\/rotary.fi\/petajavesi\/klubi-mediassa\/#breadcrumb\"},\"inLanguage\":\"fi\",\"potentialAction\":[{\"@type\":\"ReadAction\",\"target\":[\"https:\/\/rotary.fi\/petajavesi\/klubi-mediassa\/\"]}]},{\"@type\":\"BreadcrumbList\",\"@id\":\"https:\/\/rotary.fi\/petajavesi\/klubi-mediassa\/#breadcrumb\",\"itemListElement\":[{\"@type\":\"ListItem\",\"position\":1,\"name\":\"Home\",\"item\":\"https:\/\/rotary.fi\/petajavesi\/\"},{\"@type\":\"ListItem\",\"position\":2,\"name\":\"Klubi mediassa\"}]},{\"@type\":\"WebSite\",\"@id\":\"https:\/\/rotary.fi\/petajavesi\/#website\",\"url\":\"https:\/\/rotary.fi\/petajavesi\/\",\"name\":\"Pet\u00e4j\u00e4veden Rotaryklubi Ry\",\"description\":\"Uusi Rotary klubisivusto\",\"potentialAction\":[{\"@type\":\"SearchAction\",\"target\":{\"@type\":\"EntryPoint\",\"urlTemplate\":\"https:\/\/rotary.fi\/petajavesi\/?s={search_term_string}\"},\"query-input\":{\"@type\":\"PropertyValueSpecification\",\"valueRequired\":true,\"valueName\":\"search_term_string\"}}],\"inLanguage\":\"fi\"}]}<\/script>\n<!-- \/ Yoast SEO plugin. -->","yoast_head_json":{"title":"Klubi mediassa - Pet\u00e4j\u00e4veden Rotaryklubi Ry","robots":{"index":"index","follow":"follow","max-snippet":"max-snippet:-1","max-image-preview":"max-image-preview:large","max-video-preview":"max-video-preview:-1"},"canonical":"https:\/\/rotary.fi\/petajavesi\/klubi-mediassa\/","og_locale":"fi_FI","og_type":"article","og_title":"Klubi mediassa - Pet\u00e4j\u00e4veden Rotaryklubi Ry","og_description":"Klubi mediassa Klubi mediassa T\u00e4st\u00e4 osiosta l\u00f6yd\u00e4t klubiimme ja toimintaamme liittyvi\u00e4 lehtijuttuja vuosien varrelta.","og_url":"https:\/\/rotary.fi\/petajavesi\/klubi-mediassa\/","og_site_name":"Pet\u00e4j\u00e4veden Rotaryklubi Ry","article_modified_time":"2022-08-16T17:15:04+00:00","twitter_card":"summary_large_image","twitter_misc":{"Arvioitu lukuaika":"1 minuutti"},"schema":{"@context":"https:\/\/schema.org","@graph":[{"@type":"WebPage","@id":"https:\/\/rotary.fi\/petajavesi\/klubi-mediassa\/","url":"https:\/\/rotary.fi\/petajavesi\/klubi-mediassa\/","name":"Klubi mediassa - Pet\u00e4j\u00e4veden Rotaryklubi Ry","isPartOf":{"@id":"https:\/\/rotary.fi\/petajavesi\/#website"},"datePublished":"2019-06-23T13:53:38+00:00","dateModified":"2022-08-16T17:15:04+00:00","breadcrumb":{"@id":"https:\/\/rotary.fi\/petajavesi\/klubi-mediassa\/#breadcrumb"},"inLanguage":"fi","potentialAction":[{"@type":"ReadAction","target":["https:\/\/rotary.fi\/petajavesi\/klubi-mediassa\/"]}]},{"@type":"BreadcrumbList","@id":"https:\/\/rotary.fi\/petajavesi\/klubi-mediassa\/#breadcrumb","itemListElement":[{"@type":"ListItem","position":1,"name":"Home","item":"https:\/\/rotary.fi\/petajavesi\/"},{"@type":"ListItem","position":2,"name":"Klubi mediassa"}]},{"@type":"WebSite","@id":"https:\/\/rotary.fi\/petajavesi\/#website","url":"https:\/\/rotary.fi\/petajavesi\/","name":"Pet\u00e4j\u00e4veden Rotaryklubi Ry","description":"Uusi Rotary klubisivusto","potentialAction":[{"@type":"SearchAction","target":{"@type":"EntryPoint","urlTemplate":"https:\/\/rotary.fi\/petajavesi\/?s={search_term_string}"},"query-input":{"@type":"PropertyValueSpecification","valueRequired":true,"valueName":"search_term_string"}}],"inLanguage":"fi"}]}},"lang":"fi","translations":{"fi":1580},"pll_sync_post":[],"_links":{"self":[{"href":"https:\/\/rotary.fi\/petajavesi\/wp-json\/wp\/v2\/pages\/1580","targetHints":{"allow":["GET"]}}],"collection":[{"href":"https:\/\/rotary.fi\/petajavesi\/wp-json\/wp\/v2\/pages"}],"about":[{"href":"https:\/\/rotary.fi\/petajavesi\/wp-json\/wp\/v2\/types\/page"}],"author":[{"embeddable":true,"href":"https:\/\/rotary.fi\/petajavesi\/wp-json\/wp\/v2\/users\/213"}],"replies":[{"embeddable":true,"href":"https:\/\/rotary.fi\/petajavesi\/wp-json\/wp\/v2\/comments?post=1580"}],"version-history":[{"count":2,"href":"https:\/\/rotary.fi\/petajavesi\/wp-json\/wp\/v2\/pages\/1580\/revisions"}],"predecessor-version":[{"id":1927,"href":"https:\/\/rotary.fi\/petajavesi\/wp-json\/wp\/v2\/pages\/1580\/revisions\/1927"}],"wp:attachment":[{"href":"https:\/\/rotary.fi\/petajavesi\/wp-json\/wp\/v2\/media?parent=1580"}],"curies":[{"name":"wp","href":"https:\/\/api.w.org\/{rel}","templated":true}]}}