{"id":129,"date":"2018-08-10T13:41:39","date_gmt":"2018-08-10T10:41:39","guid":{"rendered":"https:\/\/rotary.fi\/klubi2\/?page_id=129"},"modified":"2019-12-31T10:24:12","modified_gmt":"2019-12-31T08:24:12","slug":"keita-olemme","status":"publish","type":"page","link":"https:\/\/rotary.fi\/petajavesi\/keita-olemme\/","title":{"rendered":"Keit\u00e4 olemme"},"content":{"rendered":"<p>[et_pb_section fb_built=&#8221;1&#8243; _builder_version=&#8221;4.0.8&#8243; background_image=&#8221;https:\/\/rotary.fi\/petajavesi\/wp-content\/uploads\/sites\/150\/2018\/10\/rotary_klubit_etusivu_paakuva_14.jpg&#8221; inner_width_tablet=&#8221;50px&#8221; inner_max_width_tablet=&#8221;50px&#8221; z_index_tablet=&#8221;500&#8243; hover_enabled=&#8221;0&#8243; box_shadow_horizontal_tablet=&#8221;0px&#8221; box_shadow_vertical_tablet=&#8221;0px&#8221; box_shadow_blur_tablet=&#8221;40px&#8221; box_shadow_spread_tablet=&#8221;0px&#8221;][et_pb_row _builder_version=&#8221;3.25.3&#8243; background_size=&#8221;initial&#8221; background_position=&#8221;top_left&#8221; background_repeat=&#8221;repeat&#8221; width_phone=&#8221;50px&#8221; max_width_phone=&#8221;1280px&#8221; z_index_tablet=&#8221;500&#8243; box_shadow_horizontal_tablet=&#8221;0px&#8221; box_shadow_vertical_tablet=&#8221;0px&#8221; box_shadow_blur_tablet=&#8221;40px&#8221; box_shadow_spread_tablet=&#8221;0px&#8221;][et_pb_column type=&#8221;4_4&#8243; _builder_version=&#8221;3.0.47&#8243; custom_padding=&#8221;|||&#8221; custom_padding_tablet=&#8221;|||&#8221; custom_padding_phone=&#8221;|||&#8221; z_index=&#8221;9&#8243; z_index_tablet=&#8221;9&#8243; z_index_phone=&#8221;9&#8243; background_color_gradient_direction_tablet=&#8221;180deg&#8221; background_color_gradient_direction_phone=&#8221;180deg&#8221; background_color_gradient_start_position_tablet=&#8221;0%&#8221; background_color_gradient_start_position_phone=&#8221;0%&#8221; background_color_gradient_end_position_tablet=&#8221;100%&#8221; background_color_gradient_end_position_phone=&#8221;100%&#8221; hover_transition_duration_tablet=&#8221;300ms&#8221; hover_transition_duration_phone=&#8221;300ms&#8221; hover_transition_delay_tablet=&#8221;0ms&#8221; hover_transition_delay_phone=&#8221;0ms&#8221; box_shadow_horizontal_tablet=&#8221;0px&#8221; box_shadow_horizontal_phone=&#8221;0px&#8221; box_shadow_vertical_tablet=&#8221;0px&#8221; box_shadow_vertical_phone=&#8221;0px&#8221; box_shadow_blur_tablet=&#8221;40px&#8221; box_shadow_blur_phone=&#8221;40px&#8221; box_shadow_spread_tablet=&#8221;0px&#8221; box_shadow_spread_phone=&#8221;0px&#8221; disabled=&#8221;%91object HTMLInputElement%93&#8243; custom_padding__hover=&#8221;|||&#8221;][et_pb_text admin_label=&#8221;P\u00e4\u00e4otsikko&#8221; _builder_version=&#8221;3.27.4&#8243; background_color=&#8221;rgba(48,48,48,0.29)&#8221; text_orientation=&#8221;center&#8221; background_layout=&#8221;dark&#8221; z_index_tablet=&#8221;500&#8243; box_shadow_horizontal_tablet=&#8221;0px&#8221; box_shadow_vertical_tablet=&#8221;0px&#8221; box_shadow_blur_tablet=&#8221;40px&#8221; box_shadow_spread_tablet=&#8221;0px&#8221;]<\/p>\n<h1>Keit\u00e4 olemme<\/h1>\n<p>[\/et_pb_text][\/et_pb_column][\/et_pb_row][\/et_pb_section][et_pb_section fb_built=&#8221;1&#8243; specialty=&#8221;on&#8221; module_class_2=&#8221;sivupalkki&#8221; _builder_version=&#8221;3.22&#8243; inner_max_width=&#8221;none&#8221;][et_pb_column type=&#8221;2_3&#8243; specialty_columns=&#8221;2&#8243; _builder_version=&#8221;3.25&#8243; custom_padding=&#8221;|||&#8221; custom_padding__hover=&#8221;|||&#8221;][et_pb_row_inner admin_label=&#8221;Rivi&#8221; _builder_version=&#8221;3.25&#8243;][et_pb_column_inner saved_specialty_column_type=&#8221;2_3&#8243; _builder_version=&#8221;3.0.47&#8243; custom_padding=&#8221;|||&#8221; custom_padding__hover=&#8221;|||&#8221;][et_pb_text admin_label=&#8221;Otsikko&#8221; _builder_version=&#8221;3.27.4&#8243; text_orientation=&#8221;center&#8221; z_index_tablet=&#8221;500&#8243;]<\/p>\n<h1>Keit\u00e4 olemme<\/h1>\n<p>[\/et_pb_text][et_pb_text _builder_version=&#8221;3.27.4&#8243; z_index_tablet=&#8221;500&#8243; box_shadow_horizontal_tablet=&#8221;0px&#8221; box_shadow_vertical_tablet=&#8221;0px&#8221; box_shadow_blur_tablet=&#8221;40px&#8221; box_shadow_spread_tablet=&#8221;0px&#8221;]<\/p>\n<p>Pet\u00e4<a href=\"https:\/\/rotary.fi\/petajavesi\/wp-content\/uploads\/sites\/150\/2019\/07\/viiri0.jpg\"><img loading=\"lazy\" decoding=\"async\" class=\"wp-image-1738 size-medium alignleft\" src=\"https:\/\/rotary.fi\/petajavesi\/wp-content\/uploads\/sites\/150\/2019\/07\/viiri0-228x300.jpg\" alt=\"\" width=\"228\" height=\"300\" srcset=\"https:\/\/rotary.fi\/petajavesi\/wp-content\/uploads\/sites\/150\/2019\/07\/viiri0-228x300.jpg 228w, https:\/\/rotary.fi\/petajavesi\/wp-content\/uploads\/sites\/150\/2019\/07\/viiri0-768x1009.jpg 768w, https:\/\/rotary.fi\/petajavesi\/wp-content\/uploads\/sites\/150\/2019\/07\/viiri0-780x1024.jpg 780w, https:\/\/rotary.fi\/petajavesi\/wp-content\/uploads\/sites\/150\/2019\/07\/viiri0-1080x1419.jpg 1080w, https:\/\/rotary.fi\/petajavesi\/wp-content\/uploads\/sites\/150\/2019\/07\/viiri0.jpg 1559w\" sizes=\"(max-width: 228px) 100vw, 228px\" \/><\/a>j\u00e4veden Rotaryklubi on perustettu 2.12.1987, kummiklubimme on Keuruun Rotaryklubi.<\/p>\n<p>Olemme pieni klubi Keski-Suomessa, joka on aktiivisesti mukana Nuorisovaihtotoiminnassa.<\/p>\n<h4>\u00a0<\/h4>\n<h4>Vaikuttava kansainv\u00e4linen verkosto<\/h4>\n<p>Rotary on Chicagossa 23.2.1905 perustettu kansainv\u00e4linen palvelu- ja hyv\u00e4ntekev\u00e4isyysorganisaatio. Rotary Internationalin kotipaikka on Evanston, USA:n osavaltiossa Illinoisissa. Tunnuslauseemme on Palvelu itsekkyyden edelle (Service Above Self).<\/p>\n<p>Rotaryyn kuuluu 1,2 miljoona j\u00e4sent\u00e4 35 000 klubissa yli 200 maassa. Rotary on merkitt\u00e4v\u00e4 kansainv\u00e4linen palvelu- ja hyv\u00e4ntekev\u00e4isyysj\u00e4rjest\u00f6. Suomi on jaettu kuuteen rotarypiiriin, joista yhteen kuuluvat my\u00f6s Viron klubit. Suomessa ja Virossa on yhteens\u00e4 300 klubia, joissa runsaat 10\u00a0000 rotaria.<\/p>\n<p>[\/et_pb_text][\/et_pb_column_inner][\/et_pb_row_inner][\/et_pb_column][et_pb_column type=&#8221;1_3&#8243; _builder_version=&#8221;3.25&#8243; custom_padding=&#8221;|||&#8221; custom_padding__hover=&#8221;|||&#8221;][et_pb_sidebar area=&#8221;sidebar-1&#8243; module_class=&#8221;sivupalkki_sisalto&#8221; _builder_version=&#8221;3.4.1&#8243; locked=&#8221;on&#8221;]<br \/>\n[\/et_pb_sidebar][\/et_pb_column][\/et_pb_section]<\/p>\n","protected":false},"excerpt":{"rendered":"<p>Keit\u00e4 olemme Keit\u00e4 olemme Pet\u00e4j\u00e4veden Rotaryklubi on perustettu 2.12.1987, kummiklubimme on Keuruun Rotaryklubi.Olemme pieni klubi Keski-Suomessa, joka on aktiivisesti mukana Nuorisovaihtotoiminnassa.\u00a0Vaikuttava kansainv\u00e4linen verkostoRotary on Chicagossa 23.2.1905 perustettu kansainv\u00e4linen palvelu- ja hyv\u00e4ntekev\u00e4isyysorganisaatio. Rotary Internationalin kotipaikka on Evanston, USA:n osavaltiossa Illinoisissa. Tunnuslauseemme on Palvelu itsekkyyden edelle (Service Above Self).Rotaryyn kuuluu 1,2 miljoona j\u00e4sent\u00e4 35 000 klubissa yli [&hellip;]<\/p>\n","protected":false},"author":1,"featured_media":0,"parent":0,"menu_order":0,"comment_status":"closed","ping_status":"closed","template":"","meta":{"_acf_changed":false,"_et_pb_use_builder":"on","_et_pb_old_content":"","_et_gb_content_width":"","footnotes":""},"class_list":["post-129","page","type-page","status-publish","hentry"],"acf":[],"yoast_head":"<!-- This site is optimized with the Yoast SEO plugin v27.4 - https:\/\/yoast.com\/product\/yoast-seo-wordpress\/ -->\n<title>Keit\u00e4 olemme - Pet\u00e4j\u00e4veden Rotaryklubi Ry<\/title>\n<meta name=\"robots\" content=\"index, follow, max-snippet:-1, max-image-preview:large, max-video-preview:-1\" \/>\n<link rel=\"canonical\" href=\"https:\/\/rotary.fi\/petajavesi\/keita-olemme\/\" \/>\n<meta property=\"og:locale\" content=\"fi_FI\" \/>\n<meta property=\"og:type\" content=\"article\" \/>\n<meta property=\"og:title\" content=\"Keit\u00e4 olemme - Pet\u00e4j\u00e4veden Rotaryklubi Ry\" \/>\n<meta property=\"og:description\" content=\"Keit\u00e4 olemme Keit\u00e4 olemme Pet\u00e4j\u00e4veden Rotaryklubi on perustettu 2.12.1987, kummiklubimme on Keuruun Rotaryklubi.Olemme pieni klubi Keski-Suomessa, joka on aktiivisesti mukana Nuorisovaihtotoiminnassa.\u00a0Vaikuttava kansainv\u00e4linen verkostoRotary on Chicagossa 23.2.1905 perustettu kansainv\u00e4linen palvelu- ja hyv\u00e4ntekev\u00e4isyysorganisaatio. Rotary Internationalin kotipaikka on Evanston, USA:n osavaltiossa Illinoisissa. Tunnuslauseemme on Palvelu itsekkyyden edelle (Service Above Self).Rotaryyn kuuluu 1,2 miljoona j\u00e4sent\u00e4 35 000 klubissa yli [&hellip;]\" \/>\n<meta property=\"og:url\" content=\"https:\/\/rotary.fi\/petajavesi\/keita-olemme\/\" \/>\n<meta property=\"og:site_name\" content=\"Pet\u00e4j\u00e4veden Rotaryklubi Ry\" \/>\n<meta property=\"article:modified_time\" content=\"2019-12-31T08:24:12+00:00\" \/>\n<meta property=\"og:image\" content=\"https:\/\/rotary.fi\/petajavesi\/wp-content\/uploads\/sites\/150\/2019\/07\/viiri0-228x300.jpg\" \/>\n<meta name=\"twitter:card\" content=\"summary_large_image\" \/>\n<meta name=\"twitter:label1\" content=\"Arvioitu lukuaika\" \/>\n\t<meta name=\"twitter:data1\" content=\"3 minuuttia\" \/>\n<script type=\"application\/ld+json\" class=\"yoast-schema-graph\">{\"@context\":\"https:\\\/\\\/schema.org\",\"@graph\":[{\"@type\":\"WebPage\",\"@id\":\"https:\\\/\\\/rotary.fi\\\/petajavesi\\\/keita-olemme\\\/\",\"url\":\"https:\\\/\\\/rotary.fi\\\/petajavesi\\\/keita-olemme\\\/\",\"name\":\"Keit\u00e4 olemme - Pet\u00e4j\u00e4veden Rotaryklubi Ry\",\"isPartOf\":{\"@id\":\"https:\\\/\\\/rotary.fi\\\/petajavesi\\\/#website\"},\"primaryImageOfPage\":{\"@id\":\"https:\\\/\\\/rotary.fi\\\/petajavesi\\\/keita-olemme\\\/#primaryimage\"},\"image\":{\"@id\":\"https:\\\/\\\/rotary.fi\\\/petajavesi\\\/keita-olemme\\\/#primaryimage\"},\"thumbnailUrl\":\"https:\\\/\\\/rotary.fi\\\/petajavesi\\\/wp-content\\\/uploads\\\/sites\\\/150\\\/2019\\\/07\\\/viiri0-228x300.jpg\",\"datePublished\":\"2018-08-10T10:41:39+00:00\",\"dateModified\":\"2019-12-31T08:24:12+00:00\",\"breadcrumb\":{\"@id\":\"https:\\\/\\\/rotary.fi\\\/petajavesi\\\/keita-olemme\\\/#breadcrumb\"},\"inLanguage\":\"fi\",\"potentialAction\":[{\"@type\":\"ReadAction\",\"target\":[\"https:\\\/\\\/rotary.fi\\\/petajavesi\\\/keita-olemme\\\/\"]}]},{\"@type\":\"ImageObject\",\"inLanguage\":\"fi\",\"@id\":\"https:\\\/\\\/rotary.fi\\\/petajavesi\\\/keita-olemme\\\/#primaryimage\",\"url\":\"https:\\\/\\\/rotary.fi\\\/petajavesi\\\/wp-content\\\/uploads\\\/sites\\\/150\\\/2019\\\/07\\\/viiri0.jpg\",\"contentUrl\":\"https:\\\/\\\/rotary.fi\\\/petajavesi\\\/wp-content\\\/uploads\\\/sites\\\/150\\\/2019\\\/07\\\/viiri0.jpg\",\"width\":1559,\"height\":2048},{\"@type\":\"BreadcrumbList\",\"@id\":\"https:\\\/\\\/rotary.fi\\\/petajavesi\\\/keita-olemme\\\/#breadcrumb\",\"itemListElement\":[{\"@type\":\"ListItem\",\"position\":1,\"name\":\"Home\",\"item\":\"https:\\\/\\\/rotary.fi\\\/petajavesi\\\/\"},{\"@type\":\"ListItem\",\"position\":2,\"name\":\"Keit\u00e4 olemme\"}]},{\"@type\":\"WebSite\",\"@id\":\"https:\\\/\\\/rotary.fi\\\/petajavesi\\\/#website\",\"url\":\"https:\\\/\\\/rotary.fi\\\/petajavesi\\\/\",\"name\":\"Pet\u00e4j\u00e4veden Rotaryklubi Ry\",\"description\":\"Uusi Rotary klubisivusto\",\"potentialAction\":[{\"@type\":\"SearchAction\",\"target\":{\"@type\":\"EntryPoint\",\"urlTemplate\":\"https:\\\/\\\/rotary.fi\\\/petajavesi\\\/?s={search_term_string}\"},\"query-input\":{\"@type\":\"PropertyValueSpecification\",\"valueRequired\":true,\"valueName\":\"search_term_string\"}}],\"inLanguage\":\"fi\"}]}<\/script>\n<!-- \/ Yoast SEO plugin. -->","yoast_head_json":{"title":"Keit\u00e4 olemme - Pet\u00e4j\u00e4veden Rotaryklubi Ry","robots":{"index":"index","follow":"follow","max-snippet":"max-snippet:-1","max-image-preview":"max-image-preview:large","max-video-preview":"max-video-preview:-1"},"canonical":"https:\/\/rotary.fi\/petajavesi\/keita-olemme\/","og_locale":"fi_FI","og_type":"article","og_title":"Keit\u00e4 olemme - Pet\u00e4j\u00e4veden Rotaryklubi Ry","og_description":"Keit\u00e4 olemme Keit\u00e4 olemme Pet\u00e4j\u00e4veden Rotaryklubi on perustettu 2.12.1987, kummiklubimme on Keuruun Rotaryklubi.Olemme pieni klubi Keski-Suomessa, joka on aktiivisesti mukana Nuorisovaihtotoiminnassa.\u00a0Vaikuttava kansainv\u00e4linen verkostoRotary on Chicagossa 23.2.1905 perustettu kansainv\u00e4linen palvelu- ja hyv\u00e4ntekev\u00e4isyysorganisaatio. Rotary Internationalin kotipaikka on Evanston, USA:n osavaltiossa Illinoisissa. Tunnuslauseemme on Palvelu itsekkyyden edelle (Service Above Self).Rotaryyn kuuluu 1,2 miljoona j\u00e4sent\u00e4 35 000 klubissa yli [&hellip;]","og_url":"https:\/\/rotary.fi\/petajavesi\/keita-olemme\/","og_site_name":"Pet\u00e4j\u00e4veden Rotaryklubi Ry","article_modified_time":"2019-12-31T08:24:12+00:00","og_image":[{"url":"https:\/\/rotary.fi\/petajavesi\/wp-content\/uploads\/sites\/150\/2019\/07\/viiri0-228x300.jpg","type":"","width":"","height":""}],"twitter_card":"summary_large_image","twitter_misc":{"Arvioitu lukuaika":"3 minuuttia"},"schema":{"@context":"https:\/\/schema.org","@graph":[{"@type":"WebPage","@id":"https:\/\/rotary.fi\/petajavesi\/keita-olemme\/","url":"https:\/\/rotary.fi\/petajavesi\/keita-olemme\/","name":"Keit\u00e4 olemme - Pet\u00e4j\u00e4veden Rotaryklubi Ry","isPartOf":{"@id":"https:\/\/rotary.fi\/petajavesi\/#website"},"primaryImageOfPage":{"@id":"https:\/\/rotary.fi\/petajavesi\/keita-olemme\/#primaryimage"},"image":{"@id":"https:\/\/rotary.fi\/petajavesi\/keita-olemme\/#primaryimage"},"thumbnailUrl":"https:\/\/rotary.fi\/petajavesi\/wp-content\/uploads\/sites\/150\/2019\/07\/viiri0-228x300.jpg","datePublished":"2018-08-10T10:41:39+00:00","dateModified":"2019-12-31T08:24:12+00:00","breadcrumb":{"@id":"https:\/\/rotary.fi\/petajavesi\/keita-olemme\/#breadcrumb"},"inLanguage":"fi","potentialAction":[{"@type":"ReadAction","target":["https:\/\/rotary.fi\/petajavesi\/keita-olemme\/"]}]},{"@type":"ImageObject","inLanguage":"fi","@id":"https:\/\/rotary.fi\/petajavesi\/keita-olemme\/#primaryimage","url":"https:\/\/rotary.fi\/petajavesi\/wp-content\/uploads\/sites\/150\/2019\/07\/viiri0.jpg","contentUrl":"https:\/\/rotary.fi\/petajavesi\/wp-content\/uploads\/sites\/150\/2019\/07\/viiri0.jpg","width":1559,"height":2048},{"@type":"BreadcrumbList","@id":"https:\/\/rotary.fi\/petajavesi\/keita-olemme\/#breadcrumb","itemListElement":[{"@type":"ListItem","position":1,"name":"Home","item":"https:\/\/rotary.fi\/petajavesi\/"},{"@type":"ListItem","position":2,"name":"Keit\u00e4 olemme"}]},{"@type":"WebSite","@id":"https:\/\/rotary.fi\/petajavesi\/#website","url":"https:\/\/rotary.fi\/petajavesi\/","name":"Pet\u00e4j\u00e4veden Rotaryklubi Ry","description":"Uusi Rotary klubisivusto","potentialAction":[{"@type":"SearchAction","target":{"@type":"EntryPoint","urlTemplate":"https:\/\/rotary.fi\/petajavesi\/?s={search_term_string}"},"query-input":{"@type":"PropertyValueSpecification","valueRequired":true,"valueName":"search_term_string"}}],"inLanguage":"fi"}]}},"lang":"fi","translations":{"fi":129},"pll_sync_post":[],"_links":{"self":[{"href":"https:\/\/rotary.fi\/petajavesi\/wp-json\/wp\/v2\/pages\/129","targetHints":{"allow":["GET"]}}],"collection":[{"href":"https:\/\/rotary.fi\/petajavesi\/wp-json\/wp\/v2\/pages"}],"about":[{"href":"https:\/\/rotary.fi\/petajavesi\/wp-json\/wp\/v2\/types\/page"}],"author":[{"embeddable":true,"href":"https:\/\/rotary.fi\/petajavesi\/wp-json\/wp\/v2\/users\/1"}],"replies":[{"embeddable":true,"href":"https:\/\/rotary.fi\/petajavesi\/wp-json\/wp\/v2\/comments?post=129"}],"version-history":[{"count":21,"href":"https:\/\/rotary.fi\/petajavesi\/wp-json\/wp\/v2\/pages\/129\/revisions"}],"predecessor-version":[{"id":1768,"href":"https:\/\/rotary.fi\/petajavesi\/wp-json\/wp\/v2\/pages\/129\/revisions\/1768"}],"wp:attachment":[{"href":"https:\/\/rotary.fi\/petajavesi\/wp-json\/wp\/v2\/media?parent=129"}],"curies":[{"name":"wp","href":"https:\/\/api.w.org\/{rel}","templated":true}]}}