{"id":160,"date":"2018-08-13T09:49:16","date_gmt":"2018-08-13T06:49:16","guid":{"rendered":"https:\/\/rotary.fi\/ouluntulli\/?page_id=160"},"modified":"2019-08-08T17:07:50","modified_gmt":"2019-08-08T14:07:50","slug":"yhteiset-projektit","status":"publish","type":"page","link":"https:\/\/rotary.fi\/ouluntulli\/mita-teemme\/yhteiset-projektit\/","title":{"rendered":"Yhteiset projektit"},"content":{"rendered":"<p>[et_pb_section bb_built=&#8221;1&#8243; module_class=&#8221;jumbotron-page&#8221; _builder_version=&#8221;3.17.2&#8243; background_image=&#8221;https:\/\/rotary.fi\/ouluntulli\/wp-content\/uploads\/sites\/101\/2018\/10\/rotary_klubit_alasivu_paakuva_15.jpg&#8221; next_background_color=&#8221;#ffffff&#8221; inner_width=&#8221;auto&#8221; inner_max_width=&#8221;1080px&#8221;][et_pb_row _builder_version=&#8221;3.0.48&#8243; background_size=&#8221;initial&#8221; background_position=&#8221;top_left&#8221; background_repeat=&#8221;repeat&#8221; width=&#8221;80%&#8221; max_width=&#8221;1080px&#8221;][et_pb_column type=&#8221;4_4&#8243; custom_padding__hover=&#8221;|||&#8221; custom_padding=&#8221;|||&#8221;][et_pb_text admin_label=&#8221;P\u00e4\u00e4otsikko&#8221; _builder_version=&#8221;3.17&#8243; text_orientation=&#8221;center&#8221; background_layout=&#8221;dark&#8221;]<\/p>\n<h1>Yhteiset projektit<\/h1>\n<p>[\/et_pb_text][\/et_pb_column][\/et_pb_row][\/et_pb_section][et_pb_section bb_built=&#8221;1&#8243; specialty=&#8221;on&#8221; module_class_2=&#8221;sivupalkki&#8221; _builder_version=&#8221;3.4.1&#8243; prev_background_color=&#8221;#000000&#8243; inner_width=&#8221;auto&#8221; inner_max_width=&#8221;1080px&#8221;][et_pb_column type=&#8221;2_3&#8243; specialty_columns=&#8221;2&#8243;][et_pb_row_inner admin_label=&#8221;Rivi&#8221; _builder_version=&#8221;3.0.47&#8243;][et_pb_column_inner type=&#8221;4_4&#8243; saved_specialty_column_type=&#8221;2_3&#8243; custom_padding__hover=&#8221;|||&#8221; custom_padding=&#8221;|||&#8221; saved_specialty_column_type=&#8221;2_3&#8243;][et_pb_text admin_label=&#8221;Otsikko&#8221; _builder_version=&#8221;3.17&#8243; text_orientation=&#8221;center&#8221;]<\/p>\n<h1>Yhteiset projektit<\/h1>\n<p>[\/et_pb_text][et_pb_text _builder_version=&#8221;3.25.3&#8243; text_text_shadow_horizontal_length=&#8221;text_text_shadow_style,%91object Object%93&#8243; text_text_shadow_horizontal_length_tablet=&#8221;0px&#8221; text_text_shadow_vertical_length=&#8221;text_text_shadow_style,%91object Object%93&#8243; text_text_shadow_vertical_length_tablet=&#8221;0px&#8221; text_text_shadow_blur_strength=&#8221;text_text_shadow_style,%91object Object%93&#8243; text_text_shadow_blur_strength_tablet=&#8221;1px&#8221; link_text_shadow_horizontal_length=&#8221;link_text_shadow_style,%91object Object%93&#8243; link_text_shadow_horizontal_length_tablet=&#8221;0px&#8221; link_text_shadow_vertical_length=&#8221;link_text_shadow_style,%91object Object%93&#8243; link_text_shadow_vertical_length_tablet=&#8221;0px&#8221; link_text_shadow_blur_strength=&#8221;link_text_shadow_style,%91object Object%93&#8243; link_text_shadow_blur_strength_tablet=&#8221;1px&#8221; ul_text_shadow_horizontal_length=&#8221;ul_text_shadow_style,%91object Object%93&#8243; ul_text_shadow_horizontal_length_tablet=&#8221;0px&#8221; ul_text_shadow_vertical_length=&#8221;ul_text_shadow_style,%91object Object%93&#8243; ul_text_shadow_vertical_length_tablet=&#8221;0px&#8221; ul_text_shadow_blur_strength=&#8221;ul_text_shadow_style,%91object Object%93&#8243; ul_text_shadow_blur_strength_tablet=&#8221;1px&#8221; ol_text_shadow_horizontal_length=&#8221;ol_text_shadow_style,%91object Object%93&#8243; ol_text_shadow_horizontal_length_tablet=&#8221;0px&#8221; ol_text_shadow_vertical_length=&#8221;ol_text_shadow_style,%91object Object%93&#8243; ol_text_shadow_vertical_length_tablet=&#8221;0px&#8221; ol_text_shadow_blur_strength=&#8221;ol_text_shadow_style,%91object Object%93&#8243; ol_text_shadow_blur_strength_tablet=&#8221;1px&#8221; quote_text_shadow_horizontal_length=&#8221;quote_text_shadow_style,%91object Object%93&#8243; quote_text_shadow_horizontal_length_tablet=&#8221;0px&#8221; quote_text_shadow_vertical_length=&#8221;quote_text_shadow_style,%91object Object%93&#8243; quote_text_shadow_vertical_length_tablet=&#8221;0px&#8221; quote_text_shadow_blur_strength=&#8221;quote_text_shadow_style,%91object Object%93&#8243; quote_text_shadow_blur_strength_tablet=&#8221;1px&#8221; header_text_shadow_horizontal_length=&#8221;header_text_shadow_style,%91object Object%93&#8243; header_text_shadow_horizontal_length_tablet=&#8221;0px&#8221; header_text_shadow_vertical_length=&#8221;header_text_shadow_style,%91object Object%93&#8243; header_text_shadow_vertical_length_tablet=&#8221;0px&#8221; header_text_shadow_blur_strength=&#8221;header_text_shadow_style,%91object Object%93&#8243; header_text_shadow_blur_strength_tablet=&#8221;1px&#8221; header_2_text_shadow_horizontal_length=&#8221;header_2_text_shadow_style,%91object Object%93&#8243; header_2_text_shadow_horizontal_length_tablet=&#8221;0px&#8221; header_2_text_shadow_vertical_length=&#8221;header_2_text_shadow_style,%91object Object%93&#8243; header_2_text_shadow_vertical_length_tablet=&#8221;0px&#8221; header_2_text_shadow_blur_strength=&#8221;header_2_text_shadow_style,%91object Object%93&#8243; header_2_text_shadow_blur_strength_tablet=&#8221;1px&#8221; header_3_text_shadow_horizontal_length=&#8221;header_3_text_shadow_style,%91object Object%93&#8243; header_3_text_shadow_horizontal_length_tablet=&#8221;0px&#8221; header_3_text_shadow_vertical_length=&#8221;header_3_text_shadow_style,%91object Object%93&#8243; header_3_text_shadow_vertical_length_tablet=&#8221;0px&#8221; header_3_text_shadow_blur_strength=&#8221;header_3_text_shadow_style,%91object Object%93&#8243; header_3_text_shadow_blur_strength_tablet=&#8221;1px&#8221; header_4_text_shadow_horizontal_length=&#8221;header_4_text_shadow_style,%91object Object%93&#8243; header_4_text_shadow_horizontal_length_tablet=&#8221;0px&#8221; header_4_text_shadow_vertical_length=&#8221;header_4_text_shadow_style,%91object Object%93&#8243; header_4_text_shadow_vertical_length_tablet=&#8221;0px&#8221; header_4_text_shadow_blur_strength=&#8221;header_4_text_shadow_style,%91object Object%93&#8243; header_4_text_shadow_blur_strength_tablet=&#8221;1px&#8221; header_5_text_shadow_horizontal_length=&#8221;header_5_text_shadow_style,%91object Object%93&#8243; header_5_text_shadow_horizontal_length_tablet=&#8221;0px&#8221; header_5_text_shadow_vertical_length=&#8221;header_5_text_shadow_style,%91object Object%93&#8243; header_5_text_shadow_vertical_length_tablet=&#8221;0px&#8221; header_5_text_shadow_blur_strength=&#8221;header_5_text_shadow_style,%91object Object%93&#8243; header_5_text_shadow_blur_strength_tablet=&#8221;1px&#8221; header_6_text_shadow_horizontal_length=&#8221;header_6_text_shadow_style,%91object Object%93&#8243; header_6_text_shadow_horizontal_length_tablet=&#8221;0px&#8221; header_6_text_shadow_vertical_length=&#8221;header_6_text_shadow_style,%91object Object%93&#8243; header_6_text_shadow_vertical_length_tablet=&#8221;0px&#8221; header_6_text_shadow_blur_strength=&#8221;header_6_text_shadow_style,%91object Object%93&#8243; header_6_text_shadow_blur_strength_tablet=&#8221;1px&#8221; box_shadow_horizontal_tablet=&#8221;0px&#8221; box_shadow_vertical_tablet=&#8221;0px&#8221; box_shadow_blur_tablet=&#8221;40px&#8221; box_shadow_spread_tablet=&#8221;0px&#8221; z_index_tablet=&#8221;500&#8243;]<\/p>\n<p>Osallistumme piirimme yhteiseen PolioPlus ker\u00e4ykseen. Ker\u00e4ys on tapahtuma, jossa kerromme Polion vastaisesta taistelusta sek\u00e4 Rotaryn ett\u00e4 klubimme toiminnasta ja ker\u00e4\u00e4mme lahjoituksia Polion vastaiseen taisteluun.<\/p>\n<p>\u00a0<\/p>\n<h5>Rotary ja polio<\/h5>\n<p>Rotaryj\u00e4rjest\u00f6 j\u00e4rjesti 75-juhlavuotensa<br \/>kynnyksell\u00e4 vuonna 1979 kuuden miljoonan lapsen<br \/>poliorokotuksen Filippiineill\u00e4. T\u00e4m\u00e4 ensimm\u00e4inen ns.<br \/>3H-projekti (Health, Hunger, Humanity) v\u00e4hensi maan<br \/>poliotapauksia dramaattisesti ja osoitti, ett\u00e4 polio on<br \/>h\u00e4vitett\u00e4viss\u00e4 my\u00f6s kehitysmaista.<\/p>\n<p>Rotary International etsi uutta projektia, jolla<br \/>voitaisiin juhlistaa liikkeen 100-vuotisjuhlaa vuonna<br \/>2005. Filippiinien kokemuksista rohkaistuneina<br \/>rotarit asettivat vuonna 1985 tavoitteekseen<br \/>maailman kaikkien lasten rokottamisen poliota<br \/>vastaan. Kampanjan nimeksi tuli PolioPlus. Rotarien<br \/>ty\u00f6panoksen lis\u00e4ksi arvioitiin tarvittavan rahaa 120<br \/>miljoonaa Yhdysvaltain dollaria; t\u00e4m\u00e4 ensimm\u00e4isen<br \/>ker\u00e4yksen tavoite ylittyi l\u00e4hes kaksinkertaisesti.<\/p>\n<p>Vaativaan teht\u00e4v\u00e4\u00e4n tarvittiin yhteisty\u00f6kumppaneita.<br \/>Vuonna 1988 perustettiin maailmanlaajuinen<br \/>polionh\u00e4vitt\u00e4misaloite (Global Polio Eradication<br \/>Initiative). Siin\u00e4 ovat mukana Maailman terveysj\u00e4rjest\u00f6<br \/>(WHO), Rotary International (RI), USA:n terveysviraston<br \/>osa (Center for Disease Control and Prevention =<br \/>CDC) ja YK:n lastenrahasto (UNICEF). Eri valtioiden<br \/>yhteinen maailman terveyskokous vahvisti tavoitteeksi<br \/>polion h\u00e4vitt\u00e4misen. My\u00f6hemmin t\u00e4rke\u00e4ksi<br \/>yhteisty\u00f6kumppaniksi on tullut my\u00f6s Bill ja Melinda<br \/>Gatesin s\u00e4\u00e4ti\u00f6.<\/p>\n<p>Amerikan manner pystyttiin julistamaan poliovapaaksi<br \/>vuonna 1994, l\u00e4ntinen Tyynenmeren alue vuonna 2000,<br \/>Eurooppa 2002 ja Kaakkois-Aasia 2013.<\/p>\n<p>\u00a0<\/p>\n<p>[\/et_pb_text][\/et_pb_column_inner][\/et_pb_row_inner][\/et_pb_column][et_pb_column type=&#8221;1_3&#8243;][et_pb_sidebar area=&#8221;sidebar-1&#8243; module_class=&#8221;sivupalkki_sisalto&#8221; _builder_version=&#8221;3.4.1&#8243; locked=&#8221;on&#8221;]<\/p>\n<p>[\/et_pb_sidebar][\/et_pb_column][\/et_pb_section]<\/p>\n","protected":false},"excerpt":{"rendered":"<p>Yhteiset projektit Yhteiset projektit Osallistumme piirimme yhteiseen PolioPlus ker\u00e4ykseen. Ker\u00e4ys on tapahtuma, jossa kerromme Polion vastaisesta taistelusta sek\u00e4 Rotaryn ett\u00e4 klubimme toiminnasta ja ker\u00e4\u00e4mme lahjoituksia Polion vastaiseen taisteluun.\u00a0Rotary ja polioRotaryj\u00e4rjest\u00f6 j\u00e4rjesti 75-juhlavuotensakynnyksell\u00e4 vuonna 1979 kuuden miljoonan lapsenpoliorokotuksen Filippiineill\u00e4. T\u00e4m\u00e4 ensimm\u00e4inen ns.3H-projekti (Health, Hunger, Humanity) v\u00e4hensi maanpoliotapauksia dramaattisesti ja osoitti, ett\u00e4 polio onh\u00e4vitett\u00e4viss\u00e4 my\u00f6s kehitysmaista.Rotary International [&hellip;]<\/p>\n","protected":false},"author":1,"featured_media":0,"parent":77,"menu_order":0,"comment_status":"closed","ping_status":"closed","template":"","meta":{"_acf_changed":false,"_et_pb_use_builder":"on","_et_pb_old_content":"","_et_gb_content_width":"","footnotes":""},"class_list":["post-160","page","type-page","status-publish","hentry"],"acf":[],"yoast_head":"<!-- This site is optimized with the Yoast SEO plugin v27.0 - https:\/\/yoast.com\/product\/yoast-seo-wordpress\/ -->\n<title>Yhteiset projektit - Oulun Tulli<\/title>\n<meta name=\"robots\" content=\"index, follow, max-snippet:-1, max-image-preview:large, max-video-preview:-1\" \/>\n<link rel=\"canonical\" href=\"https:\/\/rotary.fi\/ouluntulli\/mita-teemme\/yhteiset-projektit\/\" \/>\n<meta property=\"og:locale\" content=\"fi_FI\" \/>\n<meta property=\"og:type\" content=\"article\" \/>\n<meta property=\"og:title\" content=\"Yhteiset projektit - Oulun Tulli\" \/>\n<meta property=\"og:description\" content=\"Yhteiset projektit Yhteiset projektit Osallistumme piirimme yhteiseen PolioPlus ker\u00e4ykseen. Ker\u00e4ys on tapahtuma, jossa kerromme Polion vastaisesta taistelusta sek\u00e4 Rotaryn ett\u00e4 klubimme toiminnasta ja ker\u00e4\u00e4mme lahjoituksia Polion vastaiseen taisteluun.\u00a0Rotary ja polioRotaryj\u00e4rjest\u00f6 j\u00e4rjesti 75-juhlavuotensakynnyksell\u00e4 vuonna 1979 kuuden miljoonan lapsenpoliorokotuksen Filippiineill\u00e4. T\u00e4m\u00e4 ensimm\u00e4inen ns.3H-projekti (Health, Hunger, Humanity) v\u00e4hensi maanpoliotapauksia dramaattisesti ja osoitti, ett\u00e4 polio onh\u00e4vitett\u00e4viss\u00e4 my\u00f6s kehitysmaista.Rotary International [&hellip;]\" \/>\n<meta property=\"og:url\" content=\"https:\/\/rotary.fi\/ouluntulli\/mita-teemme\/yhteiset-projektit\/\" \/>\n<meta property=\"og:site_name\" content=\"Oulun Tulli\" \/>\n<meta property=\"article:modified_time\" content=\"2019-08-08T14:07:50+00:00\" \/>\n<meta name=\"twitter:card\" content=\"summary_large_image\" \/>\n<meta name=\"twitter:label1\" content=\"Arvioitu lukuaika\" \/>\n\t<meta name=\"twitter:data1\" content=\"5 minuuttia\" \/>\n<script type=\"application\/ld+json\" class=\"yoast-schema-graph\">{\"@context\":\"https:\/\/schema.org\",\"@graph\":[{\"@type\":\"WebPage\",\"@id\":\"https:\/\/rotary.fi\/ouluntulli\/mita-teemme\/yhteiset-projektit\/\",\"url\":\"https:\/\/rotary.fi\/ouluntulli\/mita-teemme\/yhteiset-projektit\/\",\"name\":\"Yhteiset projektit - Oulun Tulli\",\"isPartOf\":{\"@id\":\"https:\/\/rotary.fi\/ouluntulli\/#website\"},\"datePublished\":\"2018-08-13T06:49:16+00:00\",\"dateModified\":\"2019-08-08T14:07:50+00:00\",\"breadcrumb\":{\"@id\":\"https:\/\/rotary.fi\/ouluntulli\/mita-teemme\/yhteiset-projektit\/#breadcrumb\"},\"inLanguage\":\"fi\",\"potentialAction\":[{\"@type\":\"ReadAction\",\"target\":[\"https:\/\/rotary.fi\/ouluntulli\/mita-teemme\/yhteiset-projektit\/\"]}]},{\"@type\":\"BreadcrumbList\",\"@id\":\"https:\/\/rotary.fi\/ouluntulli\/mita-teemme\/yhteiset-projektit\/#breadcrumb\",\"itemListElement\":[{\"@type\":\"ListItem\",\"position\":1,\"name\":\"Home\",\"item\":\"https:\/\/rotary.fi\/ouluntulli\/\"},{\"@type\":\"ListItem\",\"position\":2,\"name\":\"Mit\u00e4 teemme\",\"item\":\"https:\/\/rotary.fi\/ouluntulli\/mita-teemme\/\"},{\"@type\":\"ListItem\",\"position\":3,\"name\":\"Yhteiset projektit\"}]},{\"@type\":\"WebSite\",\"@id\":\"https:\/\/rotary.fi\/ouluntulli\/#website\",\"url\":\"https:\/\/rotary.fi\/ouluntulli\/\",\"name\":\"Oulun Tulli\",\"description\":\"Uusi Rotary klubisivusto\",\"potentialAction\":[{\"@type\":\"SearchAction\",\"target\":{\"@type\":\"EntryPoint\",\"urlTemplate\":\"https:\/\/rotary.fi\/ouluntulli\/?s={search_term_string}\"},\"query-input\":{\"@type\":\"PropertyValueSpecification\",\"valueRequired\":true,\"valueName\":\"search_term_string\"}}],\"inLanguage\":\"fi\"}]}<\/script>\n<!-- \/ Yoast SEO plugin. -->","yoast_head_json":{"title":"Yhteiset projektit - Oulun Tulli","robots":{"index":"index","follow":"follow","max-snippet":"max-snippet:-1","max-image-preview":"max-image-preview:large","max-video-preview":"max-video-preview:-1"},"canonical":"https:\/\/rotary.fi\/ouluntulli\/mita-teemme\/yhteiset-projektit\/","og_locale":"fi_FI","og_type":"article","og_title":"Yhteiset projektit - Oulun Tulli","og_description":"Yhteiset projektit Yhteiset projektit Osallistumme piirimme yhteiseen PolioPlus ker\u00e4ykseen. Ker\u00e4ys on tapahtuma, jossa kerromme Polion vastaisesta taistelusta sek\u00e4 Rotaryn ett\u00e4 klubimme toiminnasta ja ker\u00e4\u00e4mme lahjoituksia Polion vastaiseen taisteluun.\u00a0Rotary ja polioRotaryj\u00e4rjest\u00f6 j\u00e4rjesti 75-juhlavuotensakynnyksell\u00e4 vuonna 1979 kuuden miljoonan lapsenpoliorokotuksen Filippiineill\u00e4. T\u00e4m\u00e4 ensimm\u00e4inen ns.3H-projekti (Health, Hunger, Humanity) v\u00e4hensi maanpoliotapauksia dramaattisesti ja osoitti, ett\u00e4 polio onh\u00e4vitett\u00e4viss\u00e4 my\u00f6s kehitysmaista.Rotary International [&hellip;]","og_url":"https:\/\/rotary.fi\/ouluntulli\/mita-teemme\/yhteiset-projektit\/","og_site_name":"Oulun Tulli","article_modified_time":"2019-08-08T14:07:50+00:00","twitter_card":"summary_large_image","twitter_misc":{"Arvioitu lukuaika":"5 minuuttia"},"schema":{"@context":"https:\/\/schema.org","@graph":[{"@type":"WebPage","@id":"https:\/\/rotary.fi\/ouluntulli\/mita-teemme\/yhteiset-projektit\/","url":"https:\/\/rotary.fi\/ouluntulli\/mita-teemme\/yhteiset-projektit\/","name":"Yhteiset projektit - Oulun Tulli","isPartOf":{"@id":"https:\/\/rotary.fi\/ouluntulli\/#website"},"datePublished":"2018-08-13T06:49:16+00:00","dateModified":"2019-08-08T14:07:50+00:00","breadcrumb":{"@id":"https:\/\/rotary.fi\/ouluntulli\/mita-teemme\/yhteiset-projektit\/#breadcrumb"},"inLanguage":"fi","potentialAction":[{"@type":"ReadAction","target":["https:\/\/rotary.fi\/ouluntulli\/mita-teemme\/yhteiset-projektit\/"]}]},{"@type":"BreadcrumbList","@id":"https:\/\/rotary.fi\/ouluntulli\/mita-teemme\/yhteiset-projektit\/#breadcrumb","itemListElement":[{"@type":"ListItem","position":1,"name":"Home","item":"https:\/\/rotary.fi\/ouluntulli\/"},{"@type":"ListItem","position":2,"name":"Mit\u00e4 teemme","item":"https:\/\/rotary.fi\/ouluntulli\/mita-teemme\/"},{"@type":"ListItem","position":3,"name":"Yhteiset projektit"}]},{"@type":"WebSite","@id":"https:\/\/rotary.fi\/ouluntulli\/#website","url":"https:\/\/rotary.fi\/ouluntulli\/","name":"Oulun Tulli","description":"Uusi Rotary klubisivusto","potentialAction":[{"@type":"SearchAction","target":{"@type":"EntryPoint","urlTemplate":"https:\/\/rotary.fi\/ouluntulli\/?s={search_term_string}"},"query-input":{"@type":"PropertyValueSpecification","valueRequired":true,"valueName":"search_term_string"}}],"inLanguage":"fi"}]}},"lang":"fi","translations":{"fi":160,"en":1455},"pll_sync_post":[],"_links":{"self":[{"href":"https:\/\/rotary.fi\/ouluntulli\/wp-json\/wp\/v2\/pages\/160","targetHints":{"allow":["GET"]}}],"collection":[{"href":"https:\/\/rotary.fi\/ouluntulli\/wp-json\/wp\/v2\/pages"}],"about":[{"href":"https:\/\/rotary.fi\/ouluntulli\/wp-json\/wp\/v2\/types\/page"}],"author":[{"embeddable":true,"href":"https:\/\/rotary.fi\/ouluntulli\/wp-json\/wp\/v2\/users\/1"}],"replies":[{"embeddable":true,"href":"https:\/\/rotary.fi\/ouluntulli\/wp-json\/wp\/v2\/comments?post=160"}],"version-history":[{"count":9,"href":"https:\/\/rotary.fi\/ouluntulli\/wp-json\/wp\/v2\/pages\/160\/revisions"}],"predecessor-version":[{"id":2041,"href":"https:\/\/rotary.fi\/ouluntulli\/wp-json\/wp\/v2\/pages\/160\/revisions\/2041"}],"up":[{"embeddable":true,"href":"https:\/\/rotary.fi\/ouluntulli\/wp-json\/wp\/v2\/pages\/77"}],"wp:attachment":[{"href":"https:\/\/rotary.fi\/ouluntulli\/wp-json\/wp\/v2\/media?parent=160"}],"curies":[{"name":"wp","href":"https:\/\/api.w.org\/{rel}","templated":true}]}}