{"id":156,"date":"2018-08-13T09:46:59","date_gmt":"2018-08-13T06:46:59","guid":{"rendered":"https:\/\/rotary.fi\/ouluntulli\/?page_id=156"},"modified":"2019-08-08T16:46:19","modified_gmt":"2019-08-08T13:46:19","slug":"projektit","status":"publish","type":"page","link":"https:\/\/rotary.fi\/ouluntulli\/mita-teemme\/projektit\/","title":{"rendered":"Projektit"},"content":{"rendered":"<p>[et_pb_section bb_built=&#8221;1&#8243; module_class=&#8221;jumbotron-page&#8221; _builder_version=&#8221;3.17.2&#8243; background_image=&#8221;https:\/\/rotary.fi\/ouluntulli\/wp-content\/uploads\/sites\/101\/2018\/08\/rotary_klubit_alasivu_paakuva_5.jpg&#8221; inner_width=&#8221;auto&#8221; inner_max_width=&#8221;none&#8221; next_background_color=&#8221;#ffffff&#8221;][et_pb_row _builder_version=&#8221;3.0.48&#8243; background_size=&#8221;initial&#8221; background_position=&#8221;top_left&#8221; background_repeat=&#8221;repeat&#8221; width=&#8221;80%&#8221; max_width=&#8221;1080px&#8221;][et_pb_column type=&#8221;4_4&#8243; custom_padding__hover=&#8221;|||&#8221; custom_padding=&#8221;|||&#8221;][et_pb_text admin_label=&#8221;P\u00e4\u00e4otsikko&#8221; _builder_version=&#8221;3.17&#8243; text_orientation=&#8221;center&#8221; background_layout=&#8221;dark&#8221;]<\/p>\n<h1>Projektit<\/h1>\n<p>[\/et_pb_text][\/et_pb_column][\/et_pb_row][\/et_pb_section][et_pb_section bb_built=&#8221;1&#8243; specialty=&#8221;on&#8221; module_class_2=&#8221;sivupalkki&#8221; _builder_version=&#8221;3.4.1&#8243; inner_width=&#8221;auto&#8221; inner_max_width=&#8221;none&#8221; prev_background_color=&#8221;#000000&#8243;][et_pb_column type=&#8221;2_3&#8243; specialty_columns=&#8221;2&#8243;][et_pb_row_inner admin_label=&#8221;Rivi&#8221; _builder_version=&#8221;3.0.47&#8243;][et_pb_column_inner type=&#8221;4_4&#8243; saved_specialty_column_type=&#8221;2_3&#8243; custom_padding__hover=&#8221;|||&#8221; custom_padding=&#8221;|||&#8221; saved_specialty_column_type=&#8221;2_3&#8243;][et_pb_text admin_label=&#8221;Projektit &#8211; Otsikko&#8221; _builder_version=&#8221;3.17&#8243; text_orientation=&#8221;center&#8221;]<\/p>\n<h1>Projektit<\/h1>\n<p>[\/et_pb_text][et_pb_text _builder_version=&#8221;3.22.3&#8243; text_text_shadow_horizontal_length=&#8221;text_text_shadow_style,%91object Object%93&#8243; text_text_shadow_vertical_length=&#8221;text_text_shadow_style,%91object Object%93&#8243; text_text_shadow_blur_strength=&#8221;text_text_shadow_style,%91object Object%93&#8243; link_text_shadow_horizontal_length=&#8221;link_text_shadow_style,%91object Object%93&#8243; link_text_shadow_vertical_length=&#8221;link_text_shadow_style,%91object Object%93&#8243; link_text_shadow_blur_strength=&#8221;link_text_shadow_style,%91object Object%93&#8243; ul_text_shadow_horizontal_length=&#8221;ul_text_shadow_style,%91object Object%93&#8243; ul_text_shadow_vertical_length=&#8221;ul_text_shadow_style,%91object Object%93&#8243; ul_text_shadow_blur_strength=&#8221;ul_text_shadow_style,%91object Object%93&#8243; ol_text_shadow_horizontal_length=&#8221;ol_text_shadow_style,%91object Object%93&#8243; ol_text_shadow_vertical_length=&#8221;ol_text_shadow_style,%91object Object%93&#8243; ol_text_shadow_blur_strength=&#8221;ol_text_shadow_style,%91object Object%93&#8243; quote_text_shadow_horizontal_length=&#8221;quote_text_shadow_style,%91object Object%93&#8243; quote_text_shadow_vertical_length=&#8221;quote_text_shadow_style,%91object Object%93&#8243; quote_text_shadow_blur_strength=&#8221;quote_text_shadow_style,%91object Object%93&#8243; header_text_shadow_horizontal_length=&#8221;header_text_shadow_style,%91object Object%93&#8243; header_text_shadow_vertical_length=&#8221;header_text_shadow_style,%91object Object%93&#8243; header_text_shadow_blur_strength=&#8221;header_text_shadow_style,%91object Object%93&#8243; header_2_text_shadow_horizontal_length=&#8221;header_2_text_shadow_style,%91object Object%93&#8243; header_2_text_shadow_vertical_length=&#8221;header_2_text_shadow_style,%91object Object%93&#8243; header_2_text_shadow_blur_strength=&#8221;header_2_text_shadow_style,%91object Object%93&#8243; header_3_text_shadow_horizontal_length=&#8221;header_3_text_shadow_style,%91object Object%93&#8243; header_3_text_shadow_vertical_length=&#8221;header_3_text_shadow_style,%91object Object%93&#8243; header_3_text_shadow_blur_strength=&#8221;header_3_text_shadow_style,%91object Object%93&#8243; header_4_text_shadow_horizontal_length=&#8221;header_4_text_shadow_style,%91object Object%93&#8243; header_4_text_shadow_vertical_length=&#8221;header_4_text_shadow_style,%91object Object%93&#8243; header_4_text_shadow_blur_strength=&#8221;header_4_text_shadow_style,%91object Object%93&#8243; header_5_text_shadow_horizontal_length=&#8221;header_5_text_shadow_style,%91object Object%93&#8243; header_5_text_shadow_vertical_length=&#8221;header_5_text_shadow_style,%91object Object%93&#8243; header_5_text_shadow_blur_strength=&#8221;header_5_text_shadow_style,%91object Object%93&#8243; header_6_text_shadow_horizontal_length=&#8221;header_6_text_shadow_style,%91object Object%93&#8243; header_6_text_shadow_vertical_length=&#8221;header_6_text_shadow_style,%91object Object%93&#8243; header_6_text_shadow_blur_strength=&#8221;header_6_text_shadow_style,%91object Object%93&#8243; z_index_tablet=&#8221;500&#8243;]<\/p>\n<p>Rotary on palveluj\u00e4rjest\u00f6. Toimimme tunnuslauseemme Palvelu itsekkyyden edelle (Service above self) mukaisesti paikallisesti ja maailmanlaajuisesti. Kansainv\u00e4linen humanit\u00e4\u00e4rinen palvelumme toteutuu Rotarys\u00e4\u00e4ti\u00f6mme koordinoimana ja hyv\u00e4ksyttyjen kumppaneiden kanssa.<\/p>\n<p><a href=\"https:\/\/rotary.fi\/ouluntulli\/keita-olemme\/ilo-esitella\/\"><strong>HandyCamp 2019<\/strong><\/a><br \/>Oulun Tullin Rotaryklubi (FIN) haluaa kehitt\u00e4\u00e4 ja monipuolistaa rotarytoimintaa t\u00e4ll\u00e4 uudella<br \/>humanit\u00e4\u00e4risell\u00e4 pilottihankkeella ja tarjoaa my\u00f6s kehitysvammaisille ihmisille mahdollisuuksia tutustua muiden maiden kulttuuriin ja solmia kansainv\u00e4lisi\u00e4 yst\u00e4vyyssuhteita.<\/p>\n<p>&nbsp;<\/p>\n<p>[\/et_pb_text][\/et_pb_column_inner][\/et_pb_row_inner][\/et_pb_column][et_pb_column type=&#8221;1_3&#8243;][et_pb_sidebar area=&#8221;sidebar-1&#8243; module_class=&#8221;sivupalkki_sisalto&#8221; _builder_version=&#8221;3.4.1&#8243; locked=&#8221;on&#8221;]<\/p>\n<p>[\/et_pb_sidebar][\/et_pb_column][\/et_pb_section]<\/p>\n","protected":false},"excerpt":{"rendered":"<p>Projektit Projektit Rotary on palveluj\u00e4rjest\u00f6. Toimimme tunnuslauseemme Palvelu itsekkyyden edelle (Service above self) mukaisesti paikallisesti ja maailmanlaajuisesti. Kansainv\u00e4linen humanit\u00e4\u00e4rinen palvelumme toteutuu Rotarys\u00e4\u00e4ti\u00f6mme koordinoimana ja hyv\u00e4ksyttyjen kumppaneiden kanssa. HandyCamp 2019Oulun Tullin Rotaryklubi (FIN) haluaa kehitt\u00e4\u00e4 ja monipuolistaa rotarytoimintaa t\u00e4ll\u00e4 uudellahumanit\u00e4\u00e4risell\u00e4 pilottihankkeella ja tarjoaa my\u00f6s kehitysvammaisille ihmisille mahdollisuuksia tutustua muiden maiden kulttuuriin ja solmia kansainv\u00e4lisi\u00e4 yst\u00e4vyyssuhteita. &nbsp;<\/p>\n","protected":false},"author":1,"featured_media":0,"parent":77,"menu_order":0,"comment_status":"closed","ping_status":"closed","template":"","meta":{"_acf_changed":false,"_et_pb_use_builder":"on","_et_pb_old_content":"","_et_gb_content_width":"","footnotes":""},"class_list":["post-156","page","type-page","status-publish","hentry"],"acf":[],"yoast_head":"<!-- This site is optimized with the Yoast SEO plugin v27.0 - https:\/\/yoast.com\/product\/yoast-seo-wordpress\/ -->\n<title>Projektit - Oulun Tulli<\/title>\n<meta name=\"robots\" content=\"index, follow, max-snippet:-1, max-image-preview:large, max-video-preview:-1\" \/>\n<link rel=\"canonical\" href=\"https:\/\/rotary.fi\/ouluntulli\/mita-teemme\/projektit\/\" \/>\n<meta property=\"og:locale\" content=\"fi_FI\" \/>\n<meta property=\"og:type\" content=\"article\" \/>\n<meta property=\"og:title\" content=\"Projektit - Oulun Tulli\" \/>\n<meta property=\"og:description\" content=\"Projektit Projektit Rotary on palveluj\u00e4rjest\u00f6. Toimimme tunnuslauseemme Palvelu itsekkyyden edelle (Service above self) mukaisesti paikallisesti ja maailmanlaajuisesti. Kansainv\u00e4linen humanit\u00e4\u00e4rinen palvelumme toteutuu Rotarys\u00e4\u00e4ti\u00f6mme koordinoimana ja hyv\u00e4ksyttyjen kumppaneiden kanssa. HandyCamp 2019Oulun Tullin Rotaryklubi (FIN) haluaa kehitt\u00e4\u00e4 ja monipuolistaa rotarytoimintaa t\u00e4ll\u00e4 uudellahumanit\u00e4\u00e4risell\u00e4 pilottihankkeella ja tarjoaa my\u00f6s kehitysvammaisille ihmisille mahdollisuuksia tutustua muiden maiden kulttuuriin ja solmia kansainv\u00e4lisi\u00e4 yst\u00e4vyyssuhteita. &nbsp;\" \/>\n<meta property=\"og:url\" content=\"https:\/\/rotary.fi\/ouluntulli\/mita-teemme\/projektit\/\" \/>\n<meta property=\"og:site_name\" content=\"Oulun Tulli\" \/>\n<meta property=\"article:modified_time\" content=\"2019-08-08T13:46:19+00:00\" \/>\n<meta name=\"twitter:card\" content=\"summary_large_image\" \/>\n<meta name=\"twitter:label1\" content=\"Arvioitu lukuaika\" \/>\n\t<meta name=\"twitter:data1\" content=\"3 minuuttia\" \/>\n<script type=\"application\/ld+json\" class=\"yoast-schema-graph\">{\"@context\":\"https:\/\/schema.org\",\"@graph\":[{\"@type\":\"WebPage\",\"@id\":\"https:\/\/rotary.fi\/ouluntulli\/mita-teemme\/projektit\/\",\"url\":\"https:\/\/rotary.fi\/ouluntulli\/mita-teemme\/projektit\/\",\"name\":\"Projektit - Oulun Tulli\",\"isPartOf\":{\"@id\":\"https:\/\/rotary.fi\/ouluntulli\/#website\"},\"datePublished\":\"2018-08-13T06:46:59+00:00\",\"dateModified\":\"2019-08-08T13:46:19+00:00\",\"breadcrumb\":{\"@id\":\"https:\/\/rotary.fi\/ouluntulli\/mita-teemme\/projektit\/#breadcrumb\"},\"inLanguage\":\"fi\",\"potentialAction\":[{\"@type\":\"ReadAction\",\"target\":[\"https:\/\/rotary.fi\/ouluntulli\/mita-teemme\/projektit\/\"]}]},{\"@type\":\"BreadcrumbList\",\"@id\":\"https:\/\/rotary.fi\/ouluntulli\/mita-teemme\/projektit\/#breadcrumb\",\"itemListElement\":[{\"@type\":\"ListItem\",\"position\":1,\"name\":\"Home\",\"item\":\"https:\/\/rotary.fi\/ouluntulli\/\"},{\"@type\":\"ListItem\",\"position\":2,\"name\":\"Mit\u00e4 teemme\",\"item\":\"https:\/\/rotary.fi\/ouluntulli\/mita-teemme\/\"},{\"@type\":\"ListItem\",\"position\":3,\"name\":\"Projektit\"}]},{\"@type\":\"WebSite\",\"@id\":\"https:\/\/rotary.fi\/ouluntulli\/#website\",\"url\":\"https:\/\/rotary.fi\/ouluntulli\/\",\"name\":\"Oulun Tulli\",\"description\":\"Uusi Rotary klubisivusto\",\"potentialAction\":[{\"@type\":\"SearchAction\",\"target\":{\"@type\":\"EntryPoint\",\"urlTemplate\":\"https:\/\/rotary.fi\/ouluntulli\/?s={search_term_string}\"},\"query-input\":{\"@type\":\"PropertyValueSpecification\",\"valueRequired\":true,\"valueName\":\"search_term_string\"}}],\"inLanguage\":\"fi\"}]}<\/script>\n<!-- \/ Yoast SEO plugin. -->","yoast_head_json":{"title":"Projektit - Oulun Tulli","robots":{"index":"index","follow":"follow","max-snippet":"max-snippet:-1","max-image-preview":"max-image-preview:large","max-video-preview":"max-video-preview:-1"},"canonical":"https:\/\/rotary.fi\/ouluntulli\/mita-teemme\/projektit\/","og_locale":"fi_FI","og_type":"article","og_title":"Projektit - Oulun Tulli","og_description":"Projektit Projektit Rotary on palveluj\u00e4rjest\u00f6. Toimimme tunnuslauseemme Palvelu itsekkyyden edelle (Service above self) mukaisesti paikallisesti ja maailmanlaajuisesti. Kansainv\u00e4linen humanit\u00e4\u00e4rinen palvelumme toteutuu Rotarys\u00e4\u00e4ti\u00f6mme koordinoimana ja hyv\u00e4ksyttyjen kumppaneiden kanssa. HandyCamp 2019Oulun Tullin Rotaryklubi (FIN) haluaa kehitt\u00e4\u00e4 ja monipuolistaa rotarytoimintaa t\u00e4ll\u00e4 uudellahumanit\u00e4\u00e4risell\u00e4 pilottihankkeella ja tarjoaa my\u00f6s kehitysvammaisille ihmisille mahdollisuuksia tutustua muiden maiden kulttuuriin ja solmia kansainv\u00e4lisi\u00e4 yst\u00e4vyyssuhteita. &nbsp;","og_url":"https:\/\/rotary.fi\/ouluntulli\/mita-teemme\/projektit\/","og_site_name":"Oulun Tulli","article_modified_time":"2019-08-08T13:46:19+00:00","twitter_card":"summary_large_image","twitter_misc":{"Arvioitu lukuaika":"3 minuuttia"},"schema":{"@context":"https:\/\/schema.org","@graph":[{"@type":"WebPage","@id":"https:\/\/rotary.fi\/ouluntulli\/mita-teemme\/projektit\/","url":"https:\/\/rotary.fi\/ouluntulli\/mita-teemme\/projektit\/","name":"Projektit - Oulun Tulli","isPartOf":{"@id":"https:\/\/rotary.fi\/ouluntulli\/#website"},"datePublished":"2018-08-13T06:46:59+00:00","dateModified":"2019-08-08T13:46:19+00:00","breadcrumb":{"@id":"https:\/\/rotary.fi\/ouluntulli\/mita-teemme\/projektit\/#breadcrumb"},"inLanguage":"fi","potentialAction":[{"@type":"ReadAction","target":["https:\/\/rotary.fi\/ouluntulli\/mita-teemme\/projektit\/"]}]},{"@type":"BreadcrumbList","@id":"https:\/\/rotary.fi\/ouluntulli\/mita-teemme\/projektit\/#breadcrumb","itemListElement":[{"@type":"ListItem","position":1,"name":"Home","item":"https:\/\/rotary.fi\/ouluntulli\/"},{"@type":"ListItem","position":2,"name":"Mit\u00e4 teemme","item":"https:\/\/rotary.fi\/ouluntulli\/mita-teemme\/"},{"@type":"ListItem","position":3,"name":"Projektit"}]},{"@type":"WebSite","@id":"https:\/\/rotary.fi\/ouluntulli\/#website","url":"https:\/\/rotary.fi\/ouluntulli\/","name":"Oulun Tulli","description":"Uusi Rotary klubisivusto","potentialAction":[{"@type":"SearchAction","target":{"@type":"EntryPoint","urlTemplate":"https:\/\/rotary.fi\/ouluntulli\/?s={search_term_string}"},"query-input":{"@type":"PropertyValueSpecification","valueRequired":true,"valueName":"search_term_string"}}],"inLanguage":"fi"}]}},"lang":"fi","translations":{"fi":156,"en":1451},"pll_sync_post":[],"_links":{"self":[{"href":"https:\/\/rotary.fi\/ouluntulli\/wp-json\/wp\/v2\/pages\/156","targetHints":{"allow":["GET"]}}],"collection":[{"href":"https:\/\/rotary.fi\/ouluntulli\/wp-json\/wp\/v2\/pages"}],"about":[{"href":"https:\/\/rotary.fi\/ouluntulli\/wp-json\/wp\/v2\/types\/page"}],"author":[{"embeddable":true,"href":"https:\/\/rotary.fi\/ouluntulli\/wp-json\/wp\/v2\/users\/1"}],"replies":[{"embeddable":true,"href":"https:\/\/rotary.fi\/ouluntulli\/wp-json\/wp\/v2\/comments?post=156"}],"version-history":[{"count":11,"href":"https:\/\/rotary.fi\/ouluntulli\/wp-json\/wp\/v2\/pages\/156\/revisions"}],"predecessor-version":[{"id":2036,"href":"https:\/\/rotary.fi\/ouluntulli\/wp-json\/wp\/v2\/pages\/156\/revisions\/2036"}],"up":[{"embeddable":true,"href":"https:\/\/rotary.fi\/ouluntulli\/wp-json\/wp\/v2\/pages\/77"}],"wp:attachment":[{"href":"https:\/\/rotary.fi\/ouluntulli\/wp-json\/wp\/v2\/media?parent=156"}],"curies":[{"name":"wp","href":"https:\/\/api.w.org\/{rel}","templated":true}]}}