{"id":142,"date":"2018-08-10T14:04:45","date_gmt":"2018-08-10T11:04:45","guid":{"rendered":"https:\/\/rotary.fi\/klubi2\/?page_id=142"},"modified":"2020-11-04T13:32:16","modified_gmt":"2020-11-04T11:32:16","slug":"ilo-esitella","status":"publish","type":"page","link":"https:\/\/rotary.fi\/ouluntulli\/keita-olemme\/ilo-esitella\/","title":{"rendered":"Ilo esitell\u00e4"},"content":{"rendered":"<p>[et_pb_section fb_built=&#8221;1&#8243; module_class=&#8221;jumbotron-page&#8221; _builder_version=&#8221;3.22&#8243; background_image=&#8221;https:\/\/rotary.fi\/ouluntulli\/wp-content\/uploads\/sites\/101\/2018\/10\/rotary_klubit_alasivu_paakuva_14.jpg&#8221;][et_pb_row _builder_version=&#8221;3.25&#8243; background_size=&#8221;initial&#8221; background_position=&#8221;top_left&#8221; background_repeat=&#8221;repeat&#8221;][et_pb_column type=&#8221;4_4&#8243; _builder_version=&#8221;3.25&#8243; custom_padding=&#8221;|||&#8221; custom_padding__hover=&#8221;|||&#8221;][et_pb_text admin_label=&#8221;P\u00e4\u00e4otsikko&#8221; _builder_version=&#8221;3.27.4&#8243; text_orientation=&#8221;center&#8221; background_layout=&#8221;dark&#8221;]<\/p>\n<h1>Ilo esitell\u00e4<\/h1>\n<p>[\/et_pb_text][\/et_pb_column][\/et_pb_row][\/et_pb_section][et_pb_section fb_built=&#8221;1&#8243; specialty=&#8221;on&#8221; module_class_2=&#8221;sivupalkki&#8221; _builder_version=&#8221;3.22&#8243;][et_pb_column type=&#8221;2_3&#8243; specialty_columns=&#8221;2&#8243; _builder_version=&#8221;3.25&#8243; custom_padding=&#8221;|||&#8221; custom_padding__hover=&#8221;|||&#8221;][et_pb_row_inner admin_label=&#8221;Rivi&#8221; _builder_version=&#8221;3.25&#8243;][et_pb_column_inner saved_specialty_column_type=&#8221;2_3&#8243; _builder_version=&#8221;3.25&#8243; custom_padding=&#8221;|||&#8221; custom_padding__hover=&#8221;|||&#8221;][et_pb_text admin_label=&#8221;Ilo esitell\u00e4 &#8211; Otsikko&#8221; _builder_version=&#8221;3.27.4&#8243; text_orientation=&#8221;center&#8221;]<\/p>\n<h1>Ilo esitell\u00e4<\/h1>\n<p>[\/et_pb_text][et_pb_text _builder_version=&#8221;4.4.8&#8243; hover_enabled=&#8221;0&#8243;]<\/p>\n<p><b>Klubimme k\u00e4rkihanke vuonna 2019 oli HandyCamp 2019.<\/b><\/p>\n<h2>HandyCamp \u00a02019<\/h2>\n<h2>Kansainv\u00e4linen kehitysvammaisten nuorten ja nuorten aikuisten leiri Oulussa<\/h2>\n<h2>11.6. \u2013 18.6.2019.<\/h2>\n<p>Oulun Tullin Rotaryklubi (FIN) haluaa kehitt\u00e4\u00e4 ja monipuolistaa rotarytoimintaa t\u00e4ll\u00e4 uudella<br \/>humanit\u00e4\u00e4risell\u00e4 pilottihankkeella ja tarjoaa my\u00f6s kehitysvammaisille ihmisille mahdollisuuksia tutustua muiden maiden kulttuuriin ja solmia kansainv\u00e4lisi\u00e4 yst\u00e4vyyssuhteita.<\/p>\n<p>Leiri on tarkoitettu oululaisille ja eri maista tuleville 16 \u2013 24-vuotiaille kohtalaisen itsen\u00e4isesti<br \/>selviytyville kehitysvammaisille sek\u00e4 heid\u00e4n avustajilleen.<\/p>\n<p>&nbsp;<\/p>\n<h2><strong><a href=\"https:\/\/rotary.fi\/ouluntulli\/wp-content\/uploads\/sites\/101\/2019\/03\/HandyCamp-leiritiedote-2018.pdf\">HandyCamp leiritiedote 2018<\/a><\/strong><\/h2>\n<p>[\/et_pb_text][\/et_pb_column_inner][\/et_pb_row_inner][\/et_pb_column][et_pb_column type=&#8221;1_3&#8243; _builder_version=&#8221;3.25&#8243; custom_padding=&#8221;|||&#8221; custom_padding__hover=&#8221;|||&#8221;][et_pb_sidebar area=&#8221;sidebar-1&#8243; module_class=&#8221;sivupalkki_sisalto&#8221; _builder_version=&#8221;3.4.1&#8243; locked=&#8221;on&#8221;]<br \/>\n[\/et_pb_sidebar][\/et_pb_column][\/et_pb_section]<\/p>\n","protected":false},"excerpt":{"rendered":"<p>Ilo esitell\u00e4 Ilo esitell\u00e4 Klubimme k\u00e4rkihanke vuonna 2019 oli HandyCamp 2019. HandyCamp \u00a02019 Kansainv\u00e4linen kehitysvammaisten nuorten ja nuorten aikuisten leiri Oulussa 11.6. \u2013 18.6.2019. Oulun Tullin Rotaryklubi (FIN) haluaa kehitt\u00e4\u00e4 ja monipuolistaa rotarytoimintaa t\u00e4ll\u00e4 uudellahumanit\u00e4\u00e4risell\u00e4 pilottihankkeella ja tarjoaa my\u00f6s kehitysvammaisille ihmisille mahdollisuuksia tutustua muiden maiden kulttuuriin ja solmia kansainv\u00e4lisi\u00e4 yst\u00e4vyyssuhteita. Leiri on tarkoitettu oululaisille ja [&hellip;]<\/p>\n","protected":false},"author":1,"featured_media":0,"parent":129,"menu_order":0,"comment_status":"closed","ping_status":"closed","template":"","meta":{"_acf_changed":false,"_et_pb_use_builder":"on","_et_pb_old_content":"","_et_gb_content_width":"","footnotes":""},"class_list":["post-142","page","type-page","status-publish","hentry"],"acf":[],"yoast_head":"<!-- This site is optimized with the Yoast SEO plugin v27.4 - https:\/\/yoast.com\/product\/yoast-seo-wordpress\/ -->\n<title>Ilo esitell\u00e4 - Oulun Tulli<\/title>\n<meta name=\"robots\" content=\"index, follow, max-snippet:-1, max-image-preview:large, max-video-preview:-1\" \/>\n<link rel=\"canonical\" href=\"https:\/\/rotary.fi\/ouluntulli\/keita-olemme\/ilo-esitella\/\" \/>\n<meta property=\"og:locale\" content=\"fi_FI\" \/>\n<meta property=\"og:type\" content=\"article\" \/>\n<meta property=\"og:title\" content=\"Ilo esitell\u00e4 - Oulun Tulli\" \/>\n<meta property=\"og:description\" content=\"Ilo esitell\u00e4 Ilo esitell\u00e4 Klubimme k\u00e4rkihanke vuonna 2019 oli HandyCamp 2019. HandyCamp \u00a02019 Kansainv\u00e4linen kehitysvammaisten nuorten ja nuorten aikuisten leiri Oulussa 11.6. \u2013 18.6.2019. Oulun Tullin Rotaryklubi (FIN) haluaa kehitt\u00e4\u00e4 ja monipuolistaa rotarytoimintaa t\u00e4ll\u00e4 uudellahumanit\u00e4\u00e4risell\u00e4 pilottihankkeella ja tarjoaa my\u00f6s kehitysvammaisille ihmisille mahdollisuuksia tutustua muiden maiden kulttuuriin ja solmia kansainv\u00e4lisi\u00e4 yst\u00e4vyyssuhteita. Leiri on tarkoitettu oululaisille ja [&hellip;]\" \/>\n<meta property=\"og:url\" content=\"https:\/\/rotary.fi\/ouluntulli\/keita-olemme\/ilo-esitella\/\" \/>\n<meta property=\"og:site_name\" content=\"Oulun Tulli\" \/>\n<meta property=\"article:modified_time\" content=\"2020-11-04T11:32:16+00:00\" \/>\n<meta name=\"twitter:card\" content=\"summary_large_image\" \/>\n<meta name=\"twitter:label1\" content=\"Arvioitu lukuaika\" \/>\n\t<meta name=\"twitter:data1\" content=\"1 minuutti\" \/>\n<script type=\"application\/ld+json\" class=\"yoast-schema-graph\">{\"@context\":\"https:\\\/\\\/schema.org\",\"@graph\":[{\"@type\":\"WebPage\",\"@id\":\"https:\\\/\\\/rotary.fi\\\/ouluntulli\\\/keita-olemme\\\/ilo-esitella\\\/\",\"url\":\"https:\\\/\\\/rotary.fi\\\/ouluntulli\\\/keita-olemme\\\/ilo-esitella\\\/\",\"name\":\"Ilo esitell\u00e4 - Oulun Tulli\",\"isPartOf\":{\"@id\":\"https:\\\/\\\/rotary.fi\\\/ouluntulli\\\/#website\"},\"datePublished\":\"2018-08-10T11:04:45+00:00\",\"dateModified\":\"2020-11-04T11:32:16+00:00\",\"breadcrumb\":{\"@id\":\"https:\\\/\\\/rotary.fi\\\/ouluntulli\\\/keita-olemme\\\/ilo-esitella\\\/#breadcrumb\"},\"inLanguage\":\"fi\",\"potentialAction\":[{\"@type\":\"ReadAction\",\"target\":[\"https:\\\/\\\/rotary.fi\\\/ouluntulli\\\/keita-olemme\\\/ilo-esitella\\\/\"]}]},{\"@type\":\"BreadcrumbList\",\"@id\":\"https:\\\/\\\/rotary.fi\\\/ouluntulli\\\/keita-olemme\\\/ilo-esitella\\\/#breadcrumb\",\"itemListElement\":[{\"@type\":\"ListItem\",\"position\":1,\"name\":\"Home\",\"item\":\"https:\\\/\\\/rotary.fi\\\/ouluntulli\\\/\"},{\"@type\":\"ListItem\",\"position\":2,\"name\":\"Keit\u00e4 olemme\",\"item\":\"https:\\\/\\\/rotary.fi\\\/ouluntulli\\\/keita-olemme\\\/\"},{\"@type\":\"ListItem\",\"position\":3,\"name\":\"Ilo esitell\u00e4\"}]},{\"@type\":\"WebSite\",\"@id\":\"https:\\\/\\\/rotary.fi\\\/ouluntulli\\\/#website\",\"url\":\"https:\\\/\\\/rotary.fi\\\/ouluntulli\\\/\",\"name\":\"Oulun Tulli\",\"description\":\"Uusi Rotary klubisivusto\",\"potentialAction\":[{\"@type\":\"SearchAction\",\"target\":{\"@type\":\"EntryPoint\",\"urlTemplate\":\"https:\\\/\\\/rotary.fi\\\/ouluntulli\\\/?s={search_term_string}\"},\"query-input\":{\"@type\":\"PropertyValueSpecification\",\"valueRequired\":true,\"valueName\":\"search_term_string\"}}],\"inLanguage\":\"fi\"}]}<\/script>\n<!-- \/ Yoast SEO plugin. -->","yoast_head_json":{"title":"Ilo esitell\u00e4 - Oulun Tulli","robots":{"index":"index","follow":"follow","max-snippet":"max-snippet:-1","max-image-preview":"max-image-preview:large","max-video-preview":"max-video-preview:-1"},"canonical":"https:\/\/rotary.fi\/ouluntulli\/keita-olemme\/ilo-esitella\/","og_locale":"fi_FI","og_type":"article","og_title":"Ilo esitell\u00e4 - Oulun Tulli","og_description":"Ilo esitell\u00e4 Ilo esitell\u00e4 Klubimme k\u00e4rkihanke vuonna 2019 oli HandyCamp 2019. HandyCamp \u00a02019 Kansainv\u00e4linen kehitysvammaisten nuorten ja nuorten aikuisten leiri Oulussa 11.6. \u2013 18.6.2019. Oulun Tullin Rotaryklubi (FIN) haluaa kehitt\u00e4\u00e4 ja monipuolistaa rotarytoimintaa t\u00e4ll\u00e4 uudellahumanit\u00e4\u00e4risell\u00e4 pilottihankkeella ja tarjoaa my\u00f6s kehitysvammaisille ihmisille mahdollisuuksia tutustua muiden maiden kulttuuriin ja solmia kansainv\u00e4lisi\u00e4 yst\u00e4vyyssuhteita. Leiri on tarkoitettu oululaisille ja [&hellip;]","og_url":"https:\/\/rotary.fi\/ouluntulli\/keita-olemme\/ilo-esitella\/","og_site_name":"Oulun Tulli","article_modified_time":"2020-11-04T11:32:16+00:00","twitter_card":"summary_large_image","twitter_misc":{"Arvioitu lukuaika":"1 minuutti"},"schema":{"@context":"https:\/\/schema.org","@graph":[{"@type":"WebPage","@id":"https:\/\/rotary.fi\/ouluntulli\/keita-olemme\/ilo-esitella\/","url":"https:\/\/rotary.fi\/ouluntulli\/keita-olemme\/ilo-esitella\/","name":"Ilo esitell\u00e4 - Oulun Tulli","isPartOf":{"@id":"https:\/\/rotary.fi\/ouluntulli\/#website"},"datePublished":"2018-08-10T11:04:45+00:00","dateModified":"2020-11-04T11:32:16+00:00","breadcrumb":{"@id":"https:\/\/rotary.fi\/ouluntulli\/keita-olemme\/ilo-esitella\/#breadcrumb"},"inLanguage":"fi","potentialAction":[{"@type":"ReadAction","target":["https:\/\/rotary.fi\/ouluntulli\/keita-olemme\/ilo-esitella\/"]}]},{"@type":"BreadcrumbList","@id":"https:\/\/rotary.fi\/ouluntulli\/keita-olemme\/ilo-esitella\/#breadcrumb","itemListElement":[{"@type":"ListItem","position":1,"name":"Home","item":"https:\/\/rotary.fi\/ouluntulli\/"},{"@type":"ListItem","position":2,"name":"Keit\u00e4 olemme","item":"https:\/\/rotary.fi\/ouluntulli\/keita-olemme\/"},{"@type":"ListItem","position":3,"name":"Ilo esitell\u00e4"}]},{"@type":"WebSite","@id":"https:\/\/rotary.fi\/ouluntulli\/#website","url":"https:\/\/rotary.fi\/ouluntulli\/","name":"Oulun Tulli","description":"Uusi Rotary klubisivusto","potentialAction":[{"@type":"SearchAction","target":{"@type":"EntryPoint","urlTemplate":"https:\/\/rotary.fi\/ouluntulli\/?s={search_term_string}"},"query-input":{"@type":"PropertyValueSpecification","valueRequired":true,"valueName":"search_term_string"}}],"inLanguage":"fi"}]}},"lang":"fi","translations":{"fi":142,"en":1438},"pll_sync_post":[],"_links":{"self":[{"href":"https:\/\/rotary.fi\/ouluntulli\/wp-json\/wp\/v2\/pages\/142","targetHints":{"allow":["GET"]}}],"collection":[{"href":"https:\/\/rotary.fi\/ouluntulli\/wp-json\/wp\/v2\/pages"}],"about":[{"href":"https:\/\/rotary.fi\/ouluntulli\/wp-json\/wp\/v2\/types\/page"}],"author":[{"embeddable":true,"href":"https:\/\/rotary.fi\/ouluntulli\/wp-json\/wp\/v2\/users\/1"}],"replies":[{"embeddable":true,"href":"https:\/\/rotary.fi\/ouluntulli\/wp-json\/wp\/v2\/comments?post=142"}],"version-history":[{"count":10,"href":"https:\/\/rotary.fi\/ouluntulli\/wp-json\/wp\/v2\/pages\/142\/revisions"}],"predecessor-version":[{"id":2577,"href":"https:\/\/rotary.fi\/ouluntulli\/wp-json\/wp\/v2\/pages\/142\/revisions\/2577"}],"up":[{"embeddable":true,"href":"https:\/\/rotary.fi\/ouluntulli\/wp-json\/wp\/v2\/pages\/129"}],"wp:attachment":[{"href":"https:\/\/rotary.fi\/ouluntulli\/wp-json\/wp\/v2\/media?parent=142"}],"curies":[{"name":"wp","href":"https:\/\/api.w.org\/{rel}","templated":true}]}}