{"id":138,"date":"2018-08-10T14:01:44","date_gmt":"2018-08-10T11:01:44","guid":{"rendered":"https:\/\/rotary.fi\/klubi2\/?page_id=138"},"modified":"2023-07-12T10:22:51","modified_gmt":"2023-07-12T07:22:51","slug":"vuositeema","status":"publish","type":"page","link":"https:\/\/rotary.fi\/ouluntulli\/keita-olemme\/vuositeema\/","title":{"rendered":"Vuositeema"},"content":{"rendered":"<p>[et_pb_section fb_built=&#8221;1&#8243; module_class=&#8221;jumbotron-page&#8221; _builder_version=&#8221;4.16&#8243; background_image=&#8221;https:\/\/rotary.fi\/ouluntulli\/wp-content\/uploads\/sites\/101\/2018\/08\/rotary_klubit_alasivu_paakuva_7.jpg&#8221; global_colors_info=&#8221;{}&#8221;][et_pb_row _builder_version=&#8221;4.16&#8243; background_size=&#8221;initial&#8221; background_position=&#8221;top_left&#8221; background_repeat=&#8221;repeat&#8221; global_colors_info=&#8221;{}&#8221;][et_pb_column type=&#8221;4_4&#8243; _builder_version=&#8221;4.16&#8243; custom_padding=&#8221;|||&#8221; global_colors_info=&#8221;{}&#8221; custom_padding__hover=&#8221;|||&#8221;][et_pb_text admin_label=&#8221;P\u00e4\u00e4otsikko&#8221; _builder_version=&#8221;4.16&#8243; text_orientation=&#8221;center&#8221; background_layout=&#8221;dark&#8221; global_colors_info=&#8221;{}&#8221;]<\/p>\n<h1>Vuositeema<\/h1>\n<p>&nbsp;<\/p>\n<p>[\/et_pb_text][\/et_pb_column][\/et_pb_row][\/et_pb_section][et_pb_section fb_built=&#8221;1&#8243; specialty=&#8221;on&#8221; module_class_2=&#8221;sivupalkki&#8221; _builder_version=&#8221;4.16&#8243; global_colors_info=&#8221;{}&#8221;][et_pb_column type=&#8221;2_3&#8243; specialty_columns=&#8221;2&#8243; _builder_version=&#8221;4.16&#8243; custom_padding=&#8221;|||&#8221; global_colors_info=&#8221;{}&#8221; custom_padding__hover=&#8221;|||&#8221;][et_pb_row_inner column_structure=&#8221;1_4,1_4,1_4,1_4&#8243; admin_label=&#8221;Rivi&#8221; _builder_version=&#8221;4.16&#8243; global_colors_info=&#8221;{}&#8221;][et_pb_column_inner type=&#8221;1_4&#8243; saved_specialty_column_type=&#8221;2_3&#8243; _builder_version=&#8221;4.16&#8243; custom_padding=&#8221;|||&#8221; custom_css_main_element=&#8221;width:24%!important;&#8221; global_colors_info=&#8221;{}&#8221; custom_padding__hover=&#8221;|||&#8221;][et_pb_image force_fullwidth=&#8221;on&#8221; align_tablet=&#8221;center&#8221; align_phone=&#8221;&#8221; align_last_edited=&#8221;on|desktop&#8221; _builder_version=&#8221;4.16&#8243; z_index_tablet=&#8221;500&#8243; box_shadow_horizontal_tablet=&#8221;0px&#8221; box_shadow_vertical_tablet=&#8221;0px&#8221; box_shadow_blur_tablet=&#8221;40px&#8221; box_shadow_spread_tablet=&#8221;0px&#8221; global_colors_info=&#8221;{}&#8221;][\/et_pb_image][\/et_pb_column_inner][et_pb_column_inner type=&#8221;1_4&#8243; saved_specialty_column_type=&#8221;2_3&#8243; _builder_version=&#8221;4.16&#8243; custom_padding=&#8221;|||&#8221; custom_css_main_element=&#8221;width:24%!important;&#8221; global_colors_info=&#8221;{}&#8221; custom_padding__hover=&#8221;|||&#8221;][\/et_pb_column_inner][et_pb_column_inner type=&#8221;1_4&#8243; saved_specialty_column_type=&#8221;2_3&#8243; _builder_version=&#8221;4.16&#8243; custom_padding=&#8221;|||&#8221; custom_css_main_element=&#8221;width:24%!important;&#8221; global_colors_info=&#8221;{}&#8221; custom_padding__hover=&#8221;|||&#8221;][\/et_pb_column_inner][et_pb_column_inner type=&#8221;1_4&#8243; saved_specialty_column_type=&#8221;2_3&#8243; _builder_version=&#8221;4.16&#8243; custom_padding=&#8221;|||&#8221; custom_css_main_element=&#8221;display:none;||width:0%!important;&#8221; global_colors_info=&#8221;{}&#8221; custom_padding__hover=&#8221;|||&#8221;][\/et_pb_column_inner][\/et_pb_row_inner][et_pb_row_inner admin_label=&#8221;Rivi&#8221; _builder_version=&#8221;4.16&#8243; global_colors_info=&#8221;{}&#8221;][et_pb_column_inner saved_specialty_column_type=&#8221;2_3&#8243; _builder_version=&#8221;4.16&#8243; custom_padding=&#8221;|||&#8221; global_colors_info=&#8221;{}&#8221; custom_padding__hover=&#8221;|||&#8221;][et_pb_text admin_label=&#8221;Rotary Internationalin vuositeema &#8211; Otsikko&#8221; _builder_version=&#8221;4.16&#8243; text_orientation=&#8221;center&#8221; global_colors_info=&#8221;{}&#8221;][\/et_pb_text][et_pb_text _builder_version=&#8221;4.21.0&#8243; link_option_url=&#8221;https:\/\/www.youtube.com\/watch?v=RbfnZdz0c9s&#8221; hover_enabled=&#8221;0&#8243; z_index_tablet=&#8221;500&#8243; text_text_shadow_horizontal_length_tablet=&#8221;0px&#8221; text_text_shadow_vertical_length_tablet=&#8221;0px&#8221; text_text_shadow_blur_strength_tablet=&#8221;1px&#8221; link_text_shadow_horizontal_length_tablet=&#8221;0px&#8221; link_text_shadow_vertical_length_tablet=&#8221;0px&#8221; link_text_shadow_blur_strength_tablet=&#8221;1px&#8221; ul_text_shadow_horizontal_length_tablet=&#8221;0px&#8221; ul_text_shadow_vertical_length_tablet=&#8221;0px&#8221; ul_text_shadow_blur_strength_tablet=&#8221;1px&#8221; ol_text_shadow_horizontal_length_tablet=&#8221;0px&#8221; ol_text_shadow_vertical_length_tablet=&#8221;0px&#8221; ol_text_shadow_blur_strength_tablet=&#8221;1px&#8221; quote_text_shadow_horizontal_length_tablet=&#8221;0px&#8221; quote_text_shadow_vertical_length_tablet=&#8221;0px&#8221; quote_text_shadow_blur_strength_tablet=&#8221;1px&#8221; header_text_shadow_horizontal_length_tablet=&#8221;0px&#8221; header_text_shadow_vertical_length_tablet=&#8221;0px&#8221; header_text_shadow_blur_strength_tablet=&#8221;1px&#8221; header_2_text_shadow_horizontal_length_tablet=&#8221;0px&#8221; header_2_text_shadow_vertical_length_tablet=&#8221;0px&#8221; header_2_text_shadow_blur_strength_tablet=&#8221;1px&#8221; header_3_text_shadow_horizontal_length_tablet=&#8221;0px&#8221; header_3_text_shadow_vertical_length_tablet=&#8221;0px&#8221; header_3_text_shadow_blur_strength_tablet=&#8221;1px&#8221; header_4_text_shadow_horizontal_length_tablet=&#8221;0px&#8221; header_4_text_shadow_vertical_length_tablet=&#8221;0px&#8221; header_4_text_shadow_blur_strength_tablet=&#8221;1px&#8221; header_5_text_shadow_horizontal_length_tablet=&#8221;0px&#8221; header_5_text_shadow_vertical_length_tablet=&#8221;0px&#8221; header_5_text_shadow_blur_strength_tablet=&#8221;1px&#8221; header_6_text_shadow_horizontal_length_tablet=&#8221;0px&#8221; header_6_text_shadow_vertical_length_tablet=&#8221;0px&#8221; header_6_text_shadow_blur_strength_tablet=&#8221;1px&#8221; box_shadow_horizontal_tablet=&#8221;0px&#8221; box_shadow_vertical_tablet=&#8221;0px&#8221; box_shadow_blur_tablet=&#8221;40px&#8221; box_shadow_spread_tablet=&#8221;0px&#8221; global_colors_info=&#8221;{}&#8221; sticky_enabled=&#8221;0&#8243;]<\/p>\n<p><a href=\"https:\/\/my.rotary.org\/en\/news-media\/office-president\/ri-president\" target=\"_blank\" rel=\"noopener noreferrer\">Rotary Internationalin presidentti<\/a><span data-tt=\"{}\">\u00a02023<\/span><span data-tt=\"{}\">\u2013<\/span><span data-tt=\"{}\">2024 <strong>Gordon R. McInally<\/strong> on valinnut presidenttikautensa teemaksi \u201dCreate Hope in the World\u201d\u00a0<em>(<\/em><\/span><em>\u201dLuo toivoa maailmaan\u201d<\/em><span data-tt=\"{}\"><em>)<\/em>. McInally kehottaakin rotareita palauttamaan toivon ja auttamaan maailmaa parantumaan tuhoisista konflikteista, sek\u00e4 auttamaan saavuttamaan kest\u00e4v\u00e4\u00e4 muutosta.<\/span><\/p>\n<p style=\"text-align: left\"><img loading=\"lazy\" decoding=\"async\" class=\"wp-image-3113 size-medium aligncenter\" src=\"https:\/\/rotary.fi\/ouluntulli\/wp-content\/uploads\/sites\/101\/2023\/07\/teema-23-24-t2324en-vertical-rgb-300x258.png\" alt=\"\" width=\"300\" height=\"258\" \/><\/p>\n<p>[\/et_pb_text][\/et_pb_column_inner][\/et_pb_row_inner][et_pb_row_inner admin_label=&#8221;Rivi&#8221; _builder_version=&#8221;4.16&#8243; global_colors_info=&#8221;{}&#8221;][et_pb_column_inner saved_specialty_column_type=&#8221;2_3&#8243; _builder_version=&#8221;4.16&#8243; custom_padding=&#8221;|||&#8221; global_colors_info=&#8221;{}&#8221; custom_padding__hover=&#8221;|||&#8221;][et_pb_text admin_label=&#8221;Klubin vuositeema &#8211; Otsikko&#8221; _builder_version=&#8221;4.16&#8243; text_orientation=&#8221;center&#8221; global_colors_info=&#8221;{}&#8221;][\/et_pb_text][et_pb_text _builder_version=&#8221;4.16&#8243; global_colors_info=&#8221;{}&#8221;][\/et_pb_text][\/et_pb_column_inner][\/et_pb_row_inner][\/et_pb_column][et_pb_column type=&#8221;1_3&#8243; _builder_version=&#8221;4.16&#8243; custom_padding=&#8221;|||&#8221; global_colors_info=&#8221;{}&#8221; custom_padding__hover=&#8221;|||&#8221;][et_pb_sidebar area=&#8221;sidebar-1&#8243; module_class=&#8221;sivupalkki_sisalto&#8221; _builder_version=&#8221;4.16&#8243; locked=&#8221;on&#8221; global_colors_info=&#8221;{}&#8221;][\/et_pb_sidebar][\/et_pb_column][\/et_pb_section]<\/p>\n","protected":false},"excerpt":{"rendered":"<p>Vuositeema &nbsp; Rotary Internationalin presidentti\u00a02023\u20132024 Gordon R. McInally on valinnut presidenttikautensa teemaksi \u201dCreate Hope in the World\u201d\u00a0(\u201dLuo toivoa maailmaan\u201d). McInally kehottaakin rotareita palauttamaan toivon ja auttamaan maailmaa parantumaan tuhoisista konflikteista, sek\u00e4 auttamaan saavuttamaan kest\u00e4v\u00e4\u00e4 muutosta.<\/p>\n","protected":false},"author":1,"featured_media":0,"parent":129,"menu_order":0,"comment_status":"closed","ping_status":"closed","template":"","meta":{"_acf_changed":false,"_et_pb_use_builder":"on","_et_pb_old_content":"","_et_gb_content_width":"","footnotes":""},"class_list":["post-138","page","type-page","status-publish","hentry"],"acf":[],"yoast_head":"<!-- This site is optimized with the Yoast SEO plugin v27.4 - https:\/\/yoast.com\/product\/yoast-seo-wordpress\/ -->\n<title>Vuositeema - Oulun Tulli<\/title>\n<meta name=\"robots\" content=\"index, follow, max-snippet:-1, max-image-preview:large, max-video-preview:-1\" \/>\n<link rel=\"canonical\" href=\"https:\/\/rotary.fi\/ouluntulli\/keita-olemme\/vuositeema\/\" \/>\n<meta property=\"og:locale\" content=\"fi_FI\" \/>\n<meta property=\"og:type\" content=\"article\" \/>\n<meta property=\"og:title\" content=\"Vuositeema - Oulun Tulli\" \/>\n<meta property=\"og:description\" content=\"Vuositeema &nbsp; Rotary Internationalin presidentti\u00a02023\u20132024 Gordon R. McInally on valinnut presidenttikautensa teemaksi \u201dCreate Hope in the World\u201d\u00a0(\u201dLuo toivoa maailmaan\u201d). McInally kehottaakin rotareita palauttamaan toivon ja auttamaan maailmaa parantumaan tuhoisista konflikteista, sek\u00e4 auttamaan saavuttamaan kest\u00e4v\u00e4\u00e4 muutosta.\" \/>\n<meta property=\"og:url\" content=\"https:\/\/rotary.fi\/ouluntulli\/keita-olemme\/vuositeema\/\" \/>\n<meta property=\"og:site_name\" content=\"Oulun Tulli\" \/>\n<meta property=\"article:modified_time\" content=\"2023-07-12T07:22:51+00:00\" \/>\n<meta property=\"og:image\" content=\"https:\/\/rotary.fi\/ouluntulli\/wp-content\/uploads\/sites\/101\/2023\/07\/teema-23-24-t2324en-vertical-rgb-300x258.png\" \/>\n<meta name=\"twitter:card\" content=\"summary_large_image\" \/>\n<meta name=\"twitter:label1\" content=\"Arvioitu lukuaika\" \/>\n\t<meta name=\"twitter:data1\" content=\"2 minuuttia\" \/>\n<script type=\"application\/ld+json\" class=\"yoast-schema-graph\">{\"@context\":\"https:\\\/\\\/schema.org\",\"@graph\":[{\"@type\":\"WebPage\",\"@id\":\"https:\\\/\\\/rotary.fi\\\/ouluntulli\\\/keita-olemme\\\/vuositeema\\\/\",\"url\":\"https:\\\/\\\/rotary.fi\\\/ouluntulli\\\/keita-olemme\\\/vuositeema\\\/\",\"name\":\"Vuositeema - Oulun Tulli\",\"isPartOf\":{\"@id\":\"https:\\\/\\\/rotary.fi\\\/ouluntulli\\\/#website\"},\"primaryImageOfPage\":{\"@id\":\"https:\\\/\\\/rotary.fi\\\/ouluntulli\\\/keita-olemme\\\/vuositeema\\\/#primaryimage\"},\"image\":{\"@id\":\"https:\\\/\\\/rotary.fi\\\/ouluntulli\\\/keita-olemme\\\/vuositeema\\\/#primaryimage\"},\"thumbnailUrl\":\"https:\\\/\\\/rotary.fi\\\/ouluntulli\\\/wp-content\\\/uploads\\\/sites\\\/101\\\/2023\\\/07\\\/teema-23-24-t2324en-vertical-rgb-300x258.png\",\"datePublished\":\"2018-08-10T11:01:44+00:00\",\"dateModified\":\"2023-07-12T07:22:51+00:00\",\"breadcrumb\":{\"@id\":\"https:\\\/\\\/rotary.fi\\\/ouluntulli\\\/keita-olemme\\\/vuositeema\\\/#breadcrumb\"},\"inLanguage\":\"fi\",\"potentialAction\":[{\"@type\":\"ReadAction\",\"target\":[\"https:\\\/\\\/rotary.fi\\\/ouluntulli\\\/keita-olemme\\\/vuositeema\\\/\"]}]},{\"@type\":\"ImageObject\",\"inLanguage\":\"fi\",\"@id\":\"https:\\\/\\\/rotary.fi\\\/ouluntulli\\\/keita-olemme\\\/vuositeema\\\/#primaryimage\",\"url\":\"https:\\\/\\\/rotary.fi\\\/ouluntulli\\\/wp-content\\\/uploads\\\/sites\\\/101\\\/2023\\\/07\\\/teema-23-24-t2324en-vertical-rgb.png\",\"contentUrl\":\"https:\\\/\\\/rotary.fi\\\/ouluntulli\\\/wp-content\\\/uploads\\\/sites\\\/101\\\/2023\\\/07\\\/teema-23-24-t2324en-vertical-rgb.png\",\"width\":1864,\"height\":1601},{\"@type\":\"BreadcrumbList\",\"@id\":\"https:\\\/\\\/rotary.fi\\\/ouluntulli\\\/keita-olemme\\\/vuositeema\\\/#breadcrumb\",\"itemListElement\":[{\"@type\":\"ListItem\",\"position\":1,\"name\":\"Home\",\"item\":\"https:\\\/\\\/rotary.fi\\\/ouluntulli\\\/\"},{\"@type\":\"ListItem\",\"position\":2,\"name\":\"Keit\u00e4 olemme\",\"item\":\"https:\\\/\\\/rotary.fi\\\/ouluntulli\\\/keita-olemme\\\/\"},{\"@type\":\"ListItem\",\"position\":3,\"name\":\"Vuositeema\"}]},{\"@type\":\"WebSite\",\"@id\":\"https:\\\/\\\/rotary.fi\\\/ouluntulli\\\/#website\",\"url\":\"https:\\\/\\\/rotary.fi\\\/ouluntulli\\\/\",\"name\":\"Oulun Tulli\",\"description\":\"Uusi Rotary klubisivusto\",\"potentialAction\":[{\"@type\":\"SearchAction\",\"target\":{\"@type\":\"EntryPoint\",\"urlTemplate\":\"https:\\\/\\\/rotary.fi\\\/ouluntulli\\\/?s={search_term_string}\"},\"query-input\":{\"@type\":\"PropertyValueSpecification\",\"valueRequired\":true,\"valueName\":\"search_term_string\"}}],\"inLanguage\":\"fi\"}]}<\/script>\n<!-- \/ Yoast SEO plugin. -->","yoast_head_json":{"title":"Vuositeema - Oulun Tulli","robots":{"index":"index","follow":"follow","max-snippet":"max-snippet:-1","max-image-preview":"max-image-preview:large","max-video-preview":"max-video-preview:-1"},"canonical":"https:\/\/rotary.fi\/ouluntulli\/keita-olemme\/vuositeema\/","og_locale":"fi_FI","og_type":"article","og_title":"Vuositeema - Oulun Tulli","og_description":"Vuositeema &nbsp; Rotary Internationalin presidentti\u00a02023\u20132024 Gordon R. McInally on valinnut presidenttikautensa teemaksi \u201dCreate Hope in the World\u201d\u00a0(\u201dLuo toivoa maailmaan\u201d). McInally kehottaakin rotareita palauttamaan toivon ja auttamaan maailmaa parantumaan tuhoisista konflikteista, sek\u00e4 auttamaan saavuttamaan kest\u00e4v\u00e4\u00e4 muutosta.","og_url":"https:\/\/rotary.fi\/ouluntulli\/keita-olemme\/vuositeema\/","og_site_name":"Oulun Tulli","article_modified_time":"2023-07-12T07:22:51+00:00","og_image":[{"url":"https:\/\/rotary.fi\/ouluntulli\/wp-content\/uploads\/sites\/101\/2023\/07\/teema-23-24-t2324en-vertical-rgb-300x258.png","type":"","width":"","height":""}],"twitter_card":"summary_large_image","twitter_misc":{"Arvioitu lukuaika":"2 minuuttia"},"schema":{"@context":"https:\/\/schema.org","@graph":[{"@type":"WebPage","@id":"https:\/\/rotary.fi\/ouluntulli\/keita-olemme\/vuositeema\/","url":"https:\/\/rotary.fi\/ouluntulli\/keita-olemme\/vuositeema\/","name":"Vuositeema - Oulun Tulli","isPartOf":{"@id":"https:\/\/rotary.fi\/ouluntulli\/#website"},"primaryImageOfPage":{"@id":"https:\/\/rotary.fi\/ouluntulli\/keita-olemme\/vuositeema\/#primaryimage"},"image":{"@id":"https:\/\/rotary.fi\/ouluntulli\/keita-olemme\/vuositeema\/#primaryimage"},"thumbnailUrl":"https:\/\/rotary.fi\/ouluntulli\/wp-content\/uploads\/sites\/101\/2023\/07\/teema-23-24-t2324en-vertical-rgb-300x258.png","datePublished":"2018-08-10T11:01:44+00:00","dateModified":"2023-07-12T07:22:51+00:00","breadcrumb":{"@id":"https:\/\/rotary.fi\/ouluntulli\/keita-olemme\/vuositeema\/#breadcrumb"},"inLanguage":"fi","potentialAction":[{"@type":"ReadAction","target":["https:\/\/rotary.fi\/ouluntulli\/keita-olemme\/vuositeema\/"]}]},{"@type":"ImageObject","inLanguage":"fi","@id":"https:\/\/rotary.fi\/ouluntulli\/keita-olemme\/vuositeema\/#primaryimage","url":"https:\/\/rotary.fi\/ouluntulli\/wp-content\/uploads\/sites\/101\/2023\/07\/teema-23-24-t2324en-vertical-rgb.png","contentUrl":"https:\/\/rotary.fi\/ouluntulli\/wp-content\/uploads\/sites\/101\/2023\/07\/teema-23-24-t2324en-vertical-rgb.png","width":1864,"height":1601},{"@type":"BreadcrumbList","@id":"https:\/\/rotary.fi\/ouluntulli\/keita-olemme\/vuositeema\/#breadcrumb","itemListElement":[{"@type":"ListItem","position":1,"name":"Home","item":"https:\/\/rotary.fi\/ouluntulli\/"},{"@type":"ListItem","position":2,"name":"Keit\u00e4 olemme","item":"https:\/\/rotary.fi\/ouluntulli\/keita-olemme\/"},{"@type":"ListItem","position":3,"name":"Vuositeema"}]},{"@type":"WebSite","@id":"https:\/\/rotary.fi\/ouluntulli\/#website","url":"https:\/\/rotary.fi\/ouluntulli\/","name":"Oulun Tulli","description":"Uusi Rotary klubisivusto","potentialAction":[{"@type":"SearchAction","target":{"@type":"EntryPoint","urlTemplate":"https:\/\/rotary.fi\/ouluntulli\/?s={search_term_string}"},"query-input":{"@type":"PropertyValueSpecification","valueRequired":true,"valueName":"search_term_string"}}],"inLanguage":"fi"}]}},"lang":"fi","translations":{"fi":138,"en":1430},"pll_sync_post":[],"_links":{"self":[{"href":"https:\/\/rotary.fi\/ouluntulli\/wp-json\/wp\/v2\/pages\/138","targetHints":{"allow":["GET"]}}],"collection":[{"href":"https:\/\/rotary.fi\/ouluntulli\/wp-json\/wp\/v2\/pages"}],"about":[{"href":"https:\/\/rotary.fi\/ouluntulli\/wp-json\/wp\/v2\/types\/page"}],"author":[{"embeddable":true,"href":"https:\/\/rotary.fi\/ouluntulli\/wp-json\/wp\/v2\/users\/1"}],"replies":[{"embeddable":true,"href":"https:\/\/rotary.fi\/ouluntulli\/wp-json\/wp\/v2\/comments?post=138"}],"version-history":[{"count":11,"href":"https:\/\/rotary.fi\/ouluntulli\/wp-json\/wp\/v2\/pages\/138\/revisions"}],"predecessor-version":[{"id":3118,"href":"https:\/\/rotary.fi\/ouluntulli\/wp-json\/wp\/v2\/pages\/138\/revisions\/3118"}],"up":[{"embeddable":true,"href":"https:\/\/rotary.fi\/ouluntulli\/wp-json\/wp\/v2\/pages\/129"}],"wp:attachment":[{"href":"https:\/\/rotary.fi\/ouluntulli\/wp-json\/wp\/v2\/media?parent=138"}],"curies":[{"name":"wp","href":"https:\/\/api.w.org\/{rel}","templated":true}]}}