{"id":129,"date":"2018-08-10T13:41:39","date_gmt":"2018-08-10T10:41:39","guid":{"rendered":"https:\/\/rotary.fi\/klubi2\/?page_id=129"},"modified":"2021-08-27T15:09:58","modified_gmt":"2021-08-27T12:09:58","slug":"keita-olemme","status":"publish","type":"page","link":"https:\/\/rotary.fi\/ouluntulli\/keita-olemme\/","title":{"rendered":"Keit\u00e4 olemme"},"content":{"rendered":"<p>[et_pb_section fb_built=&#8221;1&#8243; module_class=&#8221;jumbotron-page&#8221; _builder_version=&#8221;3.22&#8243; background_image=&#8221;https:\/\/rotary.fi\/ouluntulli\/wp-content\/uploads\/sites\/101\/2018\/10\/rotary_klubit_alasivu_paakuva_12.jpg&#8221;][et_pb_row _builder_version=&#8221;3.25&#8243; background_size=&#8221;initial&#8221; background_position=&#8221;top_left&#8221; background_repeat=&#8221;repeat&#8221;][et_pb_column type=&#8221;4_4&#8243; _builder_version=&#8221;3.0.47&#8243; custom_padding=&#8221;|||&#8221; custom_padding__hover=&#8221;|||&#8221;][et_pb_text admin_label=&#8221;P\u00e4\u00e4otsikko&#8221; _builder_version=&#8221;3.27.4&#8243; text_orientation=&#8221;center&#8221; background_layout=&#8221;dark&#8221;]<\/p>\n<h1>Keit\u00e4 olemme<\/h1>\n<p>[\/et_pb_text][\/et_pb_column][\/et_pb_row][\/et_pb_section][et_pb_section fb_built=&#8221;1&#8243; specialty=&#8221;on&#8221; module_class_2=&#8221;sivupalkki&#8221; _builder_version=&#8221;3.22&#8243;][et_pb_column type=&#8221;2_3&#8243; specialty_columns=&#8221;2&#8243; _builder_version=&#8221;3.25&#8243; custom_padding=&#8221;|||&#8221; custom_padding__hover=&#8221;|||&#8221;][et_pb_row_inner admin_label=&#8221;Rivi&#8221; _builder_version=&#8221;3.25&#8243;][et_pb_column_inner saved_specialty_column_type=&#8221;2_3&#8243; _builder_version=&#8221;3.0.47&#8243; custom_padding=&#8221;|||&#8221; custom_padding__hover=&#8221;|||&#8221;][et_pb_text admin_label=&#8221;Otsikko&#8221; _builder_version=&#8221;3.27.4&#8243; text_orientation=&#8221;center&#8221;]<\/p>\n<h1>Keit\u00e4 olemme<\/h1>\n<p>[\/et_pb_text][et_pb_text _builder_version=&#8221;4.4.8&#8243; z_index_tablet=&#8221;500&#8243; text_text_shadow_horizontal_length_tablet=&#8221;0px&#8221; text_text_shadow_vertical_length_tablet=&#8221;0px&#8221; text_text_shadow_blur_strength_tablet=&#8221;1px&#8221; link_text_shadow_horizontal_length_tablet=&#8221;0px&#8221; link_text_shadow_vertical_length_tablet=&#8221;0px&#8221; link_text_shadow_blur_strength_tablet=&#8221;1px&#8221; ul_text_shadow_horizontal_length_tablet=&#8221;0px&#8221; ul_text_shadow_vertical_length_tablet=&#8221;0px&#8221; ul_text_shadow_blur_strength_tablet=&#8221;1px&#8221; ol_text_shadow_horizontal_length_tablet=&#8221;0px&#8221; ol_text_shadow_vertical_length_tablet=&#8221;0px&#8221; ol_text_shadow_blur_strength_tablet=&#8221;1px&#8221; quote_text_shadow_horizontal_length_tablet=&#8221;0px&#8221; quote_text_shadow_vertical_length_tablet=&#8221;0px&#8221; quote_text_shadow_blur_strength_tablet=&#8221;1px&#8221; header_text_shadow_horizontal_length_tablet=&#8221;0px&#8221; header_text_shadow_vertical_length_tablet=&#8221;0px&#8221; header_text_shadow_blur_strength_tablet=&#8221;1px&#8221; header_2_text_shadow_horizontal_length_tablet=&#8221;0px&#8221; header_2_text_shadow_vertical_length_tablet=&#8221;0px&#8221; header_2_text_shadow_blur_strength_tablet=&#8221;1px&#8221; header_3_text_shadow_horizontal_length_tablet=&#8221;0px&#8221; header_3_text_shadow_vertical_length_tablet=&#8221;0px&#8221; header_3_text_shadow_blur_strength_tablet=&#8221;1px&#8221; header_4_text_shadow_horizontal_length_tablet=&#8221;0px&#8221; header_4_text_shadow_vertical_length_tablet=&#8221;0px&#8221; header_4_text_shadow_blur_strength_tablet=&#8221;1px&#8221; header_5_text_shadow_horizontal_length_tablet=&#8221;0px&#8221; header_5_text_shadow_vertical_length_tablet=&#8221;0px&#8221; header_5_text_shadow_blur_strength_tablet=&#8221;1px&#8221; header_6_text_shadow_horizontal_length_tablet=&#8221;0px&#8221; header_6_text_shadow_vertical_length_tablet=&#8221;0px&#8221; header_6_text_shadow_blur_strength_tablet=&#8221;1px&#8221; box_shadow_horizontal_tablet=&#8221;0px&#8221; box_shadow_vertical_tablet=&#8221;0px&#8221; box_shadow_blur_tablet=&#8221;40px&#8221; box_shadow_spread_tablet=&#8221;0px&#8221; saved_tabs=&#8221;all&#8221;]<\/p>\n<p>Oulun Tulli on aktiivinen oululainen rotaryklubi. Kokoonnumme joka torstai kokoukseen klo 16.30-18.00 Hotel Radisson Blu:hun tapaamaan toisiamme, kuulemaan kiinnostavia esitelmi\u00e4 ja edist\u00e4m\u00e4\u00e4n hyv\u00e4\u00e4 omalla paikkakunnallamme. K\u00e4ymme my\u00f6s vierailemassa erilaisissa kohteissa. Tuemme kansainv\u00e4lisen Rotaryn humanitaarisia projekteja, osallistumme nuorisovaihtoon ja edist\u00e4mme l\u00e4hiseudun hyvinvointia.<\/p>\n<p>Klubimme on perustettu 10.12.1997. Perustamistamme asti klubi on ollut avoin my\u00f6s naisj\u00e4senille ja tavoitteenamme on, ett\u00e4 puolet j\u00e4senist\u00e4mme on siskoja ja puolet velji\u00e4. T\u00e4ll\u00e4 hetkell\u00e4 klubissamme on 35 j\u00e4sent\u00e4. <a href=\"https:\/\/rotary.fi\/d1385\/rotarypiiri1385\/\">Olemme osa piiri\u00e4 1385<\/a>.<\/p>\n<p>&nbsp;<\/p>\n<h4>Harrastus, jolla on tarkoitus<\/h4>\n<p>Olemme tehneet jo vuosia yhteisty\u00f6t\u00e4 Oulun Koivula Oy:n kanssa. Oulun Koivula Oy on on yleishy\u00f6dyllinen osakeyhti\u00f6, joka tuottaa kehitysvammaisille asiakkailleen turvallisia ja laadukkaita asumis- ja p\u00e4iv\u00e4toimintapalveluja kodikkaassa ja viihtyis\u00e4ss\u00e4 ymp\u00e4rist\u00f6ss\u00e4 Oulun Hietasaaressa.<\/p>\n<div id=\"attachment_1562\" style=\"width: 310px\" class=\"wp-caption alignnone\"><img loading=\"lazy\" decoding=\"async\" aria-describedby=\"caption-attachment-1562\" class=\"size-medium wp-image-1562\" src=\"https:\/\/rotary.fi\/ouluntulli\/wp-content\/uploads\/sites\/101\/2019\/03\/grillikokous-koivulassa-03-09-2015-002-300x217.jpg\" alt=\"\" width=\"300\" height=\"217\" srcset=\"https:\/\/rotary.fi\/ouluntulli\/wp-content\/uploads\/sites\/101\/2019\/03\/grillikokous-koivulassa-03-09-2015-002-300x217.jpg 300w, https:\/\/rotary.fi\/ouluntulli\/wp-content\/uploads\/sites\/101\/2019\/03\/grillikokous-koivulassa-03-09-2015-002-768x556.jpg 768w, https:\/\/rotary.fi\/ouluntulli\/wp-content\/uploads\/sites\/101\/2019\/03\/grillikokous-koivulassa-03-09-2015-002-1024x741.jpg 1024w, https:\/\/rotary.fi\/ouluntulli\/wp-content\/uploads\/sites\/101\/2019\/03\/grillikokous-koivulassa-03-09-2015-002-1080x782.jpg 1080w\" sizes=\"(max-width: 300px) 100vw, 300px\" \/><p id=\"caption-attachment-1562\" class=\"wp-caption-text\">Koivulan grillitupa, jonka Oulun Tulli toteutti.<\/p><\/div>\n<p>&nbsp;<\/p>\n<p>Osallistumme my\u00f6s nuorisovaihdon tukemiseen. Meid\u00e4n mielest\u00e4mme nuorisovaihto on mit\u00e4 parhainta ruohonjuuritason kansainv\u00e4listymis- ja rauhankasvatusta.<\/p>\n<p>Pid\u00e4mme arvossa kansainv\u00e4lisen Rotary Internationalin ponnisteluja ja j\u00e4rjest\u00f6n arvokasta ty\u00f6t\u00e4 muun muassa polion h\u00e4vitt\u00e4miseksi maapallolta. Pelk\u00e4st\u00e4\u00e4n t\u00e4h\u00e4n ty\u00f6h\u00f6n Rotary on suunnannut runsaasti vapaaehtoisvoimaa sek\u00e4 yli 1,2 miljardia US-dollaria. Oulun Tullin j\u00e4senet osallistuvat aktiivisesti vuosittain j\u00e4rjestettt\u00e4viin PolioPlus rahanker\u00e4ystalkoisiin.<\/p>\n<p>&nbsp;<\/p>\n<h4>Vaikuttava kansainv\u00e4linen verkosto<\/h4>\n<p>Rotary on Chicagossa 23.2.1905 perustettu kansainv\u00e4linen palvelu- ja hyv\u00e4ntekev\u00e4isyysorganisaatio. Rotary Internationalin kotipaikka on Evanston, USA:n osavaltiossa Illinoisissa. Tunnuslauseemme on Palvelu itsekkyyden edelle (Service Above Self).<\/p>\n<p>Rotaryyn kuuluu 1,2 miljoona j\u00e4sent\u00e4 35 000 klubissa yli 200 maassa. Rotary on merkitt\u00e4v\u00e4 kansainv\u00e4linen palvelu- ja hyv\u00e4ntekev\u00e4isyysj\u00e4rjest\u00f6. Suomi on jaettu kuuteen rotarypiiriin, joista yhteen kuuluvat my\u00f6s Viron klubit. Suomessa ja Virossa on yhteens\u00e4 300 klubia, joissa runsaat 10\u00a0000 rotaria.<\/p>\n<p>[\/et_pb_text][\/et_pb_column_inner][\/et_pb_row_inner][\/et_pb_column][et_pb_column type=&#8221;1_3&#8243; _builder_version=&#8221;3.25&#8243; custom_padding=&#8221;|||&#8221; custom_padding__hover=&#8221;|||&#8221;][et_pb_sidebar area=&#8221;sidebar-1&#8243; module_class=&#8221;sivupalkki_sisalto&#8221; _builder_version=&#8221;3.4.1&#8243; locked=&#8221;on&#8221;]<br \/>\n[\/et_pb_sidebar][\/et_pb_column][\/et_pb_section]<\/p>\n","protected":false},"excerpt":{"rendered":"<p>Keit\u00e4 olemme Keit\u00e4 olemme Oulun Tulli on aktiivinen oululainen rotaryklubi. Kokoonnumme joka torstai kokoukseen klo 16.30-18.00 Hotel Radisson Blu:hun tapaamaan toisiamme, kuulemaan kiinnostavia esitelmi\u00e4 ja edist\u00e4m\u00e4\u00e4n hyv\u00e4\u00e4 omalla paikkakunnallamme. K\u00e4ymme my\u00f6s vierailemassa erilaisissa kohteissa. Tuemme kansainv\u00e4lisen Rotaryn humanitaarisia projekteja, osallistumme nuorisovaihtoon ja edist\u00e4mme l\u00e4hiseudun hyvinvointia. Klubimme on perustettu 10.12.1997. Perustamistamme asti klubi on ollut avoin [&hellip;]<\/p>\n","protected":false},"author":1,"featured_media":0,"parent":0,"menu_order":0,"comment_status":"closed","ping_status":"closed","template":"","meta":{"_acf_changed":false,"_et_pb_use_builder":"on","_et_pb_old_content":"","_et_gb_content_width":"","footnotes":""},"class_list":["post-129","page","type-page","status-publish","hentry"],"acf":[],"yoast_head":"<!-- This site is optimized with the Yoast SEO plugin v27.0 - https:\/\/yoast.com\/product\/yoast-seo-wordpress\/ -->\n<title>Keit\u00e4 olemme - Oulun Tulli<\/title>\n<meta name=\"robots\" content=\"index, follow, max-snippet:-1, max-image-preview:large, max-video-preview:-1\" \/>\n<link rel=\"canonical\" href=\"https:\/\/rotary.fi\/ouluntulli\/keita-olemme\/\" \/>\n<meta property=\"og:locale\" content=\"fi_FI\" \/>\n<meta property=\"og:type\" content=\"article\" \/>\n<meta property=\"og:title\" content=\"Keit\u00e4 olemme - Oulun Tulli\" \/>\n<meta property=\"og:description\" content=\"Keit\u00e4 olemme Keit\u00e4 olemme Oulun Tulli on aktiivinen oululainen rotaryklubi. Kokoonnumme joka torstai kokoukseen klo 16.30-18.00 Hotel Radisson Blu:hun tapaamaan toisiamme, kuulemaan kiinnostavia esitelmi\u00e4 ja edist\u00e4m\u00e4\u00e4n hyv\u00e4\u00e4 omalla paikkakunnallamme. K\u00e4ymme my\u00f6s vierailemassa erilaisissa kohteissa. Tuemme kansainv\u00e4lisen Rotaryn humanitaarisia projekteja, osallistumme nuorisovaihtoon ja edist\u00e4mme l\u00e4hiseudun hyvinvointia. Klubimme on perustettu 10.12.1997. Perustamistamme asti klubi on ollut avoin [&hellip;]\" \/>\n<meta property=\"og:url\" content=\"https:\/\/rotary.fi\/ouluntulli\/keita-olemme\/\" \/>\n<meta property=\"og:site_name\" content=\"Oulun Tulli\" \/>\n<meta property=\"article:modified_time\" content=\"2021-08-27T12:09:58+00:00\" \/>\n<meta property=\"og:image\" content=\"https:\/\/rotary.fi\/ouluntulli\/wp-content\/uploads\/sites\/101\/2021\/08\/20210826-181920-1.jpg\" \/>\n\t<meta property=\"og:image:width\" content=\"2048\" \/>\n\t<meta property=\"og:image:height\" content=\"1152\" \/>\n\t<meta property=\"og:image:type\" content=\"image\/jpeg\" \/>\n<meta name=\"twitter:card\" content=\"summary_large_image\" \/>\n<meta name=\"twitter:label1\" content=\"Arvioitu lukuaika\" \/>\n\t<meta name=\"twitter:data1\" content=\"4 minuuttia\" \/>\n<script type=\"application\/ld+json\" class=\"yoast-schema-graph\">{\"@context\":\"https:\/\/schema.org\",\"@graph\":[{\"@type\":\"WebPage\",\"@id\":\"https:\/\/rotary.fi\/ouluntulli\/keita-olemme\/\",\"url\":\"https:\/\/rotary.fi\/ouluntulli\/keita-olemme\/\",\"name\":\"Keit\u00e4 olemme - Oulun Tulli\",\"isPartOf\":{\"@id\":\"https:\/\/rotary.fi\/ouluntulli\/#website\"},\"primaryImageOfPage\":{\"@id\":\"https:\/\/rotary.fi\/ouluntulli\/keita-olemme\/#primaryimage\"},\"image\":{\"@id\":\"https:\/\/rotary.fi\/ouluntulli\/keita-olemme\/#primaryimage\"},\"thumbnailUrl\":\"https:\/\/rotary.fi\/ouluntulli\/wp-content\/uploads\/sites\/101\/2019\/03\/grillikokous-koivulassa-03-09-2015-002-300x217.jpg\",\"datePublished\":\"2018-08-10T10:41:39+00:00\",\"dateModified\":\"2021-08-27T12:09:58+00:00\",\"breadcrumb\":{\"@id\":\"https:\/\/rotary.fi\/ouluntulli\/keita-olemme\/#breadcrumb\"},\"inLanguage\":\"fi\",\"potentialAction\":[{\"@type\":\"ReadAction\",\"target\":[\"https:\/\/rotary.fi\/ouluntulli\/keita-olemme\/\"]}]},{\"@type\":\"ImageObject\",\"inLanguage\":\"fi\",\"@id\":\"https:\/\/rotary.fi\/ouluntulli\/keita-olemme\/#primaryimage\",\"url\":\"https:\/\/rotary.fi\/ouluntulli\/wp-content\/uploads\/sites\/101\/2019\/03\/grillikokous-koivulassa-03-09-2015-002.jpg\",\"contentUrl\":\"https:\/\/rotary.fi\/ouluntulli\/wp-content\/uploads\/sites\/101\/2019\/03\/grillikokous-koivulassa-03-09-2015-002.jpg\",\"width\":3629,\"height\":2626,\"caption\":\"Koivulan grillitupa, jonka Oulun Tulli toteutti.\"},{\"@type\":\"BreadcrumbList\",\"@id\":\"https:\/\/rotary.fi\/ouluntulli\/keita-olemme\/#breadcrumb\",\"itemListElement\":[{\"@type\":\"ListItem\",\"position\":1,\"name\":\"Home\",\"item\":\"https:\/\/rotary.fi\/ouluntulli\/\"},{\"@type\":\"ListItem\",\"position\":2,\"name\":\"Keit\u00e4 olemme\"}]},{\"@type\":\"WebSite\",\"@id\":\"https:\/\/rotary.fi\/ouluntulli\/#website\",\"url\":\"https:\/\/rotary.fi\/ouluntulli\/\",\"name\":\"Oulun Tulli\",\"description\":\"Uusi Rotary klubisivusto\",\"potentialAction\":[{\"@type\":\"SearchAction\",\"target\":{\"@type\":\"EntryPoint\",\"urlTemplate\":\"https:\/\/rotary.fi\/ouluntulli\/?s={search_term_string}\"},\"query-input\":{\"@type\":\"PropertyValueSpecification\",\"valueRequired\":true,\"valueName\":\"search_term_string\"}}],\"inLanguage\":\"fi\"}]}<\/script>\n<!-- \/ Yoast SEO plugin. -->","yoast_head_json":{"title":"Keit\u00e4 olemme - Oulun Tulli","robots":{"index":"index","follow":"follow","max-snippet":"max-snippet:-1","max-image-preview":"max-image-preview:large","max-video-preview":"max-video-preview:-1"},"canonical":"https:\/\/rotary.fi\/ouluntulli\/keita-olemme\/","og_locale":"fi_FI","og_type":"article","og_title":"Keit\u00e4 olemme - Oulun Tulli","og_description":"Keit\u00e4 olemme Keit\u00e4 olemme Oulun Tulli on aktiivinen oululainen rotaryklubi. Kokoonnumme joka torstai kokoukseen klo 16.30-18.00 Hotel Radisson Blu:hun tapaamaan toisiamme, kuulemaan kiinnostavia esitelmi\u00e4 ja edist\u00e4m\u00e4\u00e4n hyv\u00e4\u00e4 omalla paikkakunnallamme. K\u00e4ymme my\u00f6s vierailemassa erilaisissa kohteissa. Tuemme kansainv\u00e4lisen Rotaryn humanitaarisia projekteja, osallistumme nuorisovaihtoon ja edist\u00e4mme l\u00e4hiseudun hyvinvointia. Klubimme on perustettu 10.12.1997. Perustamistamme asti klubi on ollut avoin [&hellip;]","og_url":"https:\/\/rotary.fi\/ouluntulli\/keita-olemme\/","og_site_name":"Oulun Tulli","article_modified_time":"2021-08-27T12:09:58+00:00","og_image":[{"width":2048,"height":1152,"url":"https:\/\/rotary.fi\/ouluntulli\/wp-content\/uploads\/sites\/101\/2021\/08\/20210826-181920-1.jpg","type":"image\/jpeg"}],"twitter_card":"summary_large_image","twitter_misc":{"Arvioitu lukuaika":"4 minuuttia"},"schema":{"@context":"https:\/\/schema.org","@graph":[{"@type":"WebPage","@id":"https:\/\/rotary.fi\/ouluntulli\/keita-olemme\/","url":"https:\/\/rotary.fi\/ouluntulli\/keita-olemme\/","name":"Keit\u00e4 olemme - Oulun Tulli","isPartOf":{"@id":"https:\/\/rotary.fi\/ouluntulli\/#website"},"primaryImageOfPage":{"@id":"https:\/\/rotary.fi\/ouluntulli\/keita-olemme\/#primaryimage"},"image":{"@id":"https:\/\/rotary.fi\/ouluntulli\/keita-olemme\/#primaryimage"},"thumbnailUrl":"https:\/\/rotary.fi\/ouluntulli\/wp-content\/uploads\/sites\/101\/2019\/03\/grillikokous-koivulassa-03-09-2015-002-300x217.jpg","datePublished":"2018-08-10T10:41:39+00:00","dateModified":"2021-08-27T12:09:58+00:00","breadcrumb":{"@id":"https:\/\/rotary.fi\/ouluntulli\/keita-olemme\/#breadcrumb"},"inLanguage":"fi","potentialAction":[{"@type":"ReadAction","target":["https:\/\/rotary.fi\/ouluntulli\/keita-olemme\/"]}]},{"@type":"ImageObject","inLanguage":"fi","@id":"https:\/\/rotary.fi\/ouluntulli\/keita-olemme\/#primaryimage","url":"https:\/\/rotary.fi\/ouluntulli\/wp-content\/uploads\/sites\/101\/2019\/03\/grillikokous-koivulassa-03-09-2015-002.jpg","contentUrl":"https:\/\/rotary.fi\/ouluntulli\/wp-content\/uploads\/sites\/101\/2019\/03\/grillikokous-koivulassa-03-09-2015-002.jpg","width":3629,"height":2626,"caption":"Koivulan grillitupa, jonka Oulun Tulli toteutti."},{"@type":"BreadcrumbList","@id":"https:\/\/rotary.fi\/ouluntulli\/keita-olemme\/#breadcrumb","itemListElement":[{"@type":"ListItem","position":1,"name":"Home","item":"https:\/\/rotary.fi\/ouluntulli\/"},{"@type":"ListItem","position":2,"name":"Keit\u00e4 olemme"}]},{"@type":"WebSite","@id":"https:\/\/rotary.fi\/ouluntulli\/#website","url":"https:\/\/rotary.fi\/ouluntulli\/","name":"Oulun Tulli","description":"Uusi Rotary klubisivusto","potentialAction":[{"@type":"SearchAction","target":{"@type":"EntryPoint","urlTemplate":"https:\/\/rotary.fi\/ouluntulli\/?s={search_term_string}"},"query-input":{"@type":"PropertyValueSpecification","valueRequired":true,"valueName":"search_term_string"}}],"inLanguage":"fi"}]}},"lang":"fi","translations":{"fi":129,"en":1424},"pll_sync_post":[],"_links":{"self":[{"href":"https:\/\/rotary.fi\/ouluntulli\/wp-json\/wp\/v2\/pages\/129","targetHints":{"allow":["GET"]}}],"collection":[{"href":"https:\/\/rotary.fi\/ouluntulli\/wp-json\/wp\/v2\/pages"}],"about":[{"href":"https:\/\/rotary.fi\/ouluntulli\/wp-json\/wp\/v2\/types\/page"}],"author":[{"embeddable":true,"href":"https:\/\/rotary.fi\/ouluntulli\/wp-json\/wp\/v2\/users\/1"}],"replies":[{"embeddable":true,"href":"https:\/\/rotary.fi\/ouluntulli\/wp-json\/wp\/v2\/comments?post=129"}],"version-history":[{"count":16,"href":"https:\/\/rotary.fi\/ouluntulli\/wp-json\/wp\/v2\/pages\/129\/revisions"}],"predecessor-version":[{"id":2748,"href":"https:\/\/rotary.fi\/ouluntulli\/wp-json\/wp\/v2\/pages\/129\/revisions\/2748"}],"wp:attachment":[{"href":"https:\/\/rotary.fi\/ouluntulli\/wp-json\/wp\/v2\/media?parent=129"}],"curies":[{"name":"wp","href":"https:\/\/api.w.org\/{rel}","templated":true}]}}