{"id":77,"date":"2018-08-09T14:01:56","date_gmt":"2018-08-09T11:01:56","guid":{"rendered":"https:\/\/rotary.fi\/klubi2\/?page_id=77"},"modified":"2020-02-21T12:50:34","modified_gmt":"2020-02-21T10:50:34","slug":"mita-teemme","status":"publish","type":"page","link":"https:\/\/rotary.fi\/oulujokirotaryklubi\/mita-teemme\/","title":{"rendered":"Mit\u00e4 teemme"},"content":{"rendered":"<p>[et_pb_section fb_built=&#8221;1&#8243; admin_label=&#8221;section&#8221; _builder_version=&#8221;3.22&#8243;][et_pb_row admin_label=&#8221;row&#8221; _builder_version=&#8221;3.25&#8243; background_size=&#8221;initial&#8221; background_position=&#8221;top_left&#8221; background_repeat=&#8221;repeat&#8221;][et_pb_column type=&#8221;4_4&#8243; _builder_version=&#8221;3.25&#8243; custom_padding=&#8221;|||&#8221; custom_padding__hover=&#8221;|||&#8221;][et_pb_text admin_label=&#8221;Text&#8221; _builder_version=&#8221;3.27.4&#8243; background_size=&#8221;initial&#8221; background_position=&#8221;top_left&#8221; background_repeat=&#8221;repeat&#8221; custom_padding=&#8221;0px|||||&#8221;]<\/p>\n<h4><strong>Oulujoki Rotarien teht\u00e4v\u00e4n\u00e4 on jakaa Oulujoki tietoisuutta sek\u00e4<\/strong><\/h4>\n<h4><strong>her\u00e4tt\u00e4\u00e4 kiinnostusta Oulujokea ja sen ymp\u00e4rist\u00f6\u00e4 kohtaan.<\/strong><\/h4>\n<p>&nbsp;<\/p>\n<p>Tavoitteita:<\/p>\n<p>&#8211; vaalia uuden yritt\u00e4jyyteen nojautuvan n\u00e4k\u00f6kulman syntymist\u00e4,<br \/>joka pohjautuu Oulujoki alueen eri mahdollisuuksiin.<\/p>\n<p>&#8211; Oulujoen rotaryklubin tavoitteena on mm. edist\u00e4\u00e4 j\u00e4sentemme<br \/>tuttavuussuhteiden syntymist\u00e4 ja sit\u00e4 kautta edist\u00e4\u00e4 palvelua,<br \/>joka osaltaan tukeutuu &#8221;Oulujoki aatteeseen&#8221;<\/p>\n<p>&#8211; edist\u00e4\u00e4 hy\u00f6dyllisen yhteisty\u00f6n syntymist\u00e4 yhteiskunnallisten<br \/>tarpeiden tukemisessa<\/p>\n<p>&#8211; jaetaan ja jalostetaan resurssiemme puitteissa Oulujoki-tietoisuutta<br \/>historiasta, kulttuurista ja ymp\u00e4rist\u00f6st\u00e4<\/p>\n<p>&#8211; toteutetaan k\u00e4yt\u00e4nn\u00f6n tekoja em. tavoitteisiin liittyen<\/p>\n<p>Hyvi\u00e4 tekoja Rotari aatteen mukaan kaipaa my\u00f6s koko Oulujoen alue.<\/p>\n<p>TULE MUKAAN TIEDON VIRTAAN..<\/p>\n<p>[\/et_pb_text][\/et_pb_column][\/et_pb_row][\/et_pb_section]<\/p>\n","protected":false},"excerpt":{"rendered":"<p>Oulujoki Rotarien teht\u00e4v\u00e4n\u00e4 on jakaa Oulujoki tietoisuutta sek\u00e4<\/p>\n<p>her\u00e4tt\u00e4\u00e4 kiinnostusta Oulujokea ja sen ymp\u00e4rist\u00f6\u00e4 kohtaan.<\/p>\n<p>Tavoitteita:<\/p>\n<p>&#8211; vaalia uuden yritt\u00e4jyyteen nojautuvan n\u00e4k\u00f6kulman syntymist\u00e4,<br \/>\njoka pohjautuu Oulujoki alueen eri mahdollisuuksiin.<\/p>\n<p>&#8211; Oulujoen rotaryklubin tavoitteena on mm. edist\u00e4\u00e4 j\u00e4sentemme<br \/>\ntuttavuussuhteiden syntymist\u00e4 ja sit\u00e4 kautta edist\u00e4\u00e4 palvelua,<br \/>\njoka osaltaan tukeutuu &#8221;Oulujoki aatteeseen&#8221;<\/p>\n<p>&#8211; edist\u00e4\u00e4 hy\u00f6dyllisen yhteisty\u00f6n syntymist\u00e4 yhteiskunnallisten<br \/>\ntarpeiden tukemisessa<\/p>\n<p>&#8211; jaetaan ja jalostetaan resurssiemme puitteissa Oulujoki-tietoisuutta<br \/>\nhistoriasta, kulttuurista ja ymp\u00e4rist\u00f6st\u00e4<\/p>\n<p>&#8211; toteutetaan k\u00e4yt\u00e4nn\u00f6n tekoja em. tavoitteisiin liittyen<\/p>\n<p>Hyvi\u00e4 tekoja Rotari aatteen mukaan kaipaa my\u00f6s koko Oulujoen alue.<\/p>\n<p>TULE MUKAAN TIEDON VIRTAAN..<\/p>\n","protected":false},"author":1,"featured_media":0,"parent":0,"menu_order":0,"comment_status":"closed","ping_status":"closed","template":"","meta":{"_acf_changed":false,"_et_pb_use_builder":"on","_et_pb_old_content":"Oulujoki Rotarien teht\u00e4v\u00e4n\u00e4 on jakaa Oulujoki tietoisuutta sek\u00e4\r\n\r\nher\u00e4tt\u00e4\u00e4 kiinnostusta Oulujokea ja sen ymp\u00e4rist\u00f6\u00e4 kohtaan.\r\n\r\nTavoitteita:\r\n\r\n- vaalia uuden yritt\u00e4jyyteen nojautuvan n\u00e4k\u00f6kulman syntymist\u00e4,\r\njoka pohjautuu Oulujoki alueen eri mahdollisuuksiin.\r\n\r\n- Oulujoen rotaryklubin tavoitteena on mm. edist\u00e4\u00e4 j\u00e4sentemme\r\ntuttavuussuhteiden syntymist\u00e4 ja sit\u00e4 kautta edist\u00e4\u00e4 palvelua,\r\njoka osaltaan tukeutuu \"Oulujoki aatteeseen\"\r\n\r\n- edist\u00e4\u00e4 hy\u00f6dyllisen yhteisty\u00f6n syntymist\u00e4 yhteiskunnallisten\r\ntarpeiden tukemisessa\r\n\r\n- jaetaan ja jalostetaan resurssiemme puitteissa Oulujoki-tietoisuutta\r\nhistoriasta, kulttuurista ja ymp\u00e4rist\u00f6st\u00e4\r\n\r\n- toteutetaan k\u00e4yt\u00e4nn\u00f6n tekoja em. tavoitteisiin liittyen\r\n\r\nHyvi\u00e4 tekoja Rotari aatteen mukaan kaipaa my\u00f6s koko Oulujoen alue.\r\n\r\nTULE MUKAAN TIEDON VIRTAAN..","_et_gb_content_width":"","footnotes":""},"class_list":["post-77","page","type-page","status-publish","hentry"],"acf":[],"yoast_head":"<!-- This site is optimized with the Yoast SEO plugin v27.4 - https:\/\/yoast.com\/product\/yoast-seo-wordpress\/ -->\n<title>Mit\u00e4 teemme - Oulujoki Rotaryklubi ry<\/title>\n<meta name=\"robots\" content=\"index, follow, max-snippet:-1, max-image-preview:large, max-video-preview:-1\" \/>\n<link rel=\"canonical\" href=\"https:\/\/rotary.fi\/oulujokirotaryklubi\/mita-teemme\/\" \/>\n<meta property=\"og:locale\" content=\"fi_FI\" \/>\n<meta property=\"og:type\" content=\"article\" \/>\n<meta property=\"og:title\" content=\"Mit\u00e4 teemme - Oulujoki Rotaryklubi ry\" \/>\n<meta property=\"og:description\" content=\"Oulujoki Rotarien teht\u00e4v\u00e4n\u00e4 on jakaa Oulujoki tietoisuutta sek\u00e4  her\u00e4tt\u00e4\u00e4 kiinnostusta Oulujokea ja sen ymp\u00e4rist\u00f6\u00e4 kohtaan.  Tavoitteita:  - vaalia uuden yritt\u00e4jyyteen nojautuvan n\u00e4k\u00f6kulman syntymist\u00e4, joka pohjautuu Oulujoki alueen eri mahdollisuuksiin.  - Oulujoen rotaryklubin tavoitteena on mm. edist\u00e4\u00e4 j\u00e4sentemme tuttavuussuhteiden syntymist\u00e4 ja sit\u00e4 kautta edist\u00e4\u00e4 palvelua, joka osaltaan tukeutuu &quot;Oulujoki aatteeseen&quot;  - edist\u00e4\u00e4 hy\u00f6dyllisen yhteisty\u00f6n syntymist\u00e4 yhteiskunnallisten tarpeiden tukemisessa  - jaetaan ja jalostetaan resurssiemme puitteissa Oulujoki-tietoisuutta historiasta, kulttuurista ja ymp\u00e4rist\u00f6st\u00e4  - toteutetaan k\u00e4yt\u00e4nn\u00f6n tekoja em. tavoitteisiin liittyen  Hyvi\u00e4 tekoja Rotari aatteen mukaan kaipaa my\u00f6s koko Oulujoen alue.  TULE MUKAAN TIEDON VIRTAAN..\" \/>\n<meta property=\"og:url\" content=\"https:\/\/rotary.fi\/oulujokirotaryklubi\/mita-teemme\/\" \/>\n<meta property=\"og:site_name\" content=\"Oulujoki Rotaryklubi ry\" \/>\n<meta property=\"article:modified_time\" content=\"2020-02-21T10:50:34+00:00\" \/>\n<meta name=\"twitter:card\" content=\"summary_large_image\" \/>\n<meta name=\"twitter:label1\" content=\"Arvioitu lukuaika\" \/>\n\t<meta name=\"twitter:data1\" content=\"1 minuutti\" \/>\n<script type=\"application\/ld+json\" class=\"yoast-schema-graph\">{\"@context\":\"https:\\\/\\\/schema.org\",\"@graph\":[{\"@type\":\"WebPage\",\"@id\":\"https:\\\/\\\/rotary.fi\\\/oulujokirotaryklubi\\\/mita-teemme\\\/\",\"url\":\"https:\\\/\\\/rotary.fi\\\/oulujokirotaryklubi\\\/mita-teemme\\\/\",\"name\":\"Mit\u00e4 teemme - Oulujoki Rotaryklubi ry\",\"isPartOf\":{\"@id\":\"https:\\\/\\\/rotary.fi\\\/oulujokirotaryklubi\\\/#website\"},\"datePublished\":\"2018-08-09T11:01:56+00:00\",\"dateModified\":\"2020-02-21T10:50:34+00:00\",\"breadcrumb\":{\"@id\":\"https:\\\/\\\/rotary.fi\\\/oulujokirotaryklubi\\\/mita-teemme\\\/#breadcrumb\"},\"inLanguage\":\"fi\",\"potentialAction\":[{\"@type\":\"ReadAction\",\"target\":[\"https:\\\/\\\/rotary.fi\\\/oulujokirotaryklubi\\\/mita-teemme\\\/\"]}]},{\"@type\":\"BreadcrumbList\",\"@id\":\"https:\\\/\\\/rotary.fi\\\/oulujokirotaryklubi\\\/mita-teemme\\\/#breadcrumb\",\"itemListElement\":[{\"@type\":\"ListItem\",\"position\":1,\"name\":\"Home\",\"item\":\"https:\\\/\\\/rotary.fi\\\/oulujokirotaryklubi\\\/\"},{\"@type\":\"ListItem\",\"position\":2,\"name\":\"Mit\u00e4 teemme\"}]},{\"@type\":\"WebSite\",\"@id\":\"https:\\\/\\\/rotary.fi\\\/oulujokirotaryklubi\\\/#website\",\"url\":\"https:\\\/\\\/rotary.fi\\\/oulujokirotaryklubi\\\/\",\"name\":\"Oulujoki Rotaryklubi ry\",\"description\":\"Uusi Rotary klubisivusto\",\"potentialAction\":[{\"@type\":\"SearchAction\",\"target\":{\"@type\":\"EntryPoint\",\"urlTemplate\":\"https:\\\/\\\/rotary.fi\\\/oulujokirotaryklubi\\\/?s={search_term_string}\"},\"query-input\":{\"@type\":\"PropertyValueSpecification\",\"valueRequired\":true,\"valueName\":\"search_term_string\"}}],\"inLanguage\":\"fi\"}]}<\/script>\n<!-- \/ Yoast SEO plugin. -->","yoast_head_json":{"title":"Mit\u00e4 teemme - Oulujoki Rotaryklubi ry","robots":{"index":"index","follow":"follow","max-snippet":"max-snippet:-1","max-image-preview":"max-image-preview:large","max-video-preview":"max-video-preview:-1"},"canonical":"https:\/\/rotary.fi\/oulujokirotaryklubi\/mita-teemme\/","og_locale":"fi_FI","og_type":"article","og_title":"Mit\u00e4 teemme - Oulujoki Rotaryklubi ry","og_description":"Oulujoki Rotarien teht\u00e4v\u00e4n\u00e4 on jakaa Oulujoki tietoisuutta sek\u00e4  her\u00e4tt\u00e4\u00e4 kiinnostusta Oulujokea ja sen ymp\u00e4rist\u00f6\u00e4 kohtaan.  Tavoitteita:  - vaalia uuden yritt\u00e4jyyteen nojautuvan n\u00e4k\u00f6kulman syntymist\u00e4, joka pohjautuu Oulujoki alueen eri mahdollisuuksiin.  - Oulujoen rotaryklubin tavoitteena on mm. edist\u00e4\u00e4 j\u00e4sentemme tuttavuussuhteiden syntymist\u00e4 ja sit\u00e4 kautta edist\u00e4\u00e4 palvelua, joka osaltaan tukeutuu \"Oulujoki aatteeseen\"  - edist\u00e4\u00e4 hy\u00f6dyllisen yhteisty\u00f6n syntymist\u00e4 yhteiskunnallisten tarpeiden tukemisessa  - jaetaan ja jalostetaan resurssiemme puitteissa Oulujoki-tietoisuutta historiasta, kulttuurista ja ymp\u00e4rist\u00f6st\u00e4  - toteutetaan k\u00e4yt\u00e4nn\u00f6n tekoja em. tavoitteisiin liittyen  Hyvi\u00e4 tekoja Rotari aatteen mukaan kaipaa my\u00f6s koko Oulujoen alue.  TULE MUKAAN TIEDON VIRTAAN..","og_url":"https:\/\/rotary.fi\/oulujokirotaryklubi\/mita-teemme\/","og_site_name":"Oulujoki Rotaryklubi ry","article_modified_time":"2020-02-21T10:50:34+00:00","twitter_card":"summary_large_image","twitter_misc":{"Arvioitu lukuaika":"1 minuutti"},"schema":{"@context":"https:\/\/schema.org","@graph":[{"@type":"WebPage","@id":"https:\/\/rotary.fi\/oulujokirotaryklubi\/mita-teemme\/","url":"https:\/\/rotary.fi\/oulujokirotaryklubi\/mita-teemme\/","name":"Mit\u00e4 teemme - Oulujoki Rotaryklubi ry","isPartOf":{"@id":"https:\/\/rotary.fi\/oulujokirotaryklubi\/#website"},"datePublished":"2018-08-09T11:01:56+00:00","dateModified":"2020-02-21T10:50:34+00:00","breadcrumb":{"@id":"https:\/\/rotary.fi\/oulujokirotaryklubi\/mita-teemme\/#breadcrumb"},"inLanguage":"fi","potentialAction":[{"@type":"ReadAction","target":["https:\/\/rotary.fi\/oulujokirotaryklubi\/mita-teemme\/"]}]},{"@type":"BreadcrumbList","@id":"https:\/\/rotary.fi\/oulujokirotaryklubi\/mita-teemme\/#breadcrumb","itemListElement":[{"@type":"ListItem","position":1,"name":"Home","item":"https:\/\/rotary.fi\/oulujokirotaryklubi\/"},{"@type":"ListItem","position":2,"name":"Mit\u00e4 teemme"}]},{"@type":"WebSite","@id":"https:\/\/rotary.fi\/oulujokirotaryklubi\/#website","url":"https:\/\/rotary.fi\/oulujokirotaryklubi\/","name":"Oulujoki Rotaryklubi ry","description":"Uusi Rotary klubisivusto","potentialAction":[{"@type":"SearchAction","target":{"@type":"EntryPoint","urlTemplate":"https:\/\/rotary.fi\/oulujokirotaryklubi\/?s={search_term_string}"},"query-input":{"@type":"PropertyValueSpecification","valueRequired":true,"valueName":"search_term_string"}}],"inLanguage":"fi"}]}},"lang":"fi","translations":{"fi":77},"pll_sync_post":[],"_links":{"self":[{"href":"https:\/\/rotary.fi\/oulujokirotaryklubi\/wp-json\/wp\/v2\/pages\/77","targetHints":{"allow":["GET"]}}],"collection":[{"href":"https:\/\/rotary.fi\/oulujokirotaryklubi\/wp-json\/wp\/v2\/pages"}],"about":[{"href":"https:\/\/rotary.fi\/oulujokirotaryklubi\/wp-json\/wp\/v2\/types\/page"}],"author":[{"embeddable":true,"href":"https:\/\/rotary.fi\/oulujokirotaryklubi\/wp-json\/wp\/v2\/users\/1"}],"replies":[{"embeddable":true,"href":"https:\/\/rotary.fi\/oulujokirotaryklubi\/wp-json\/wp\/v2\/comments?post=77"}],"version-history":[{"count":13,"href":"https:\/\/rotary.fi\/oulujokirotaryklubi\/wp-json\/wp\/v2\/pages\/77\/revisions"}],"predecessor-version":[{"id":1645,"href":"https:\/\/rotary.fi\/oulujokirotaryklubi\/wp-json\/wp\/v2\/pages\/77\/revisions\/1645"}],"wp:attachment":[{"href":"https:\/\/rotary.fi\/oulujokirotaryklubi\/wp-json\/wp\/v2\/media?parent=77"}],"curies":[{"name":"wp","href":"https:\/\/api.w.org\/{rel}","templated":true}]}}