{"id":273,"date":"2018-10-24T11:32:22","date_gmt":"2018-10-24T08:32:22","guid":{"rendered":"https:\/\/rotary.fi\/oulujokirotaryklubi\/?page_id=273"},"modified":"2020-09-24T16:26:00","modified_gmt":"2020-09-24T13:26:00","slug":"olemme-osa-piiria-1400","status":"publish","type":"page","link":"https:\/\/rotary.fi\/oulujokirotaryklubi\/keita-olemme\/olemme-osa-piiria-1400\/","title":{"rendered":"Olemme osa piiri\u00e4 1385"},"content":{"rendered":"<p><a href=\"https:\/\/d1400.rotary.fi\/\">T\u00e4st\u00e4 linkki Piirin 1400 sivuille<\/a><\/p>\n","protected":false},"excerpt":{"rendered":"<p>T\u00e4st\u00e4 linkki Piirin 1400 sivuille<\/p>\n","protected":false},"author":1,"featured_media":0,"parent":129,"menu_order":0,"comment_status":"closed","ping_status":"closed","template":"","meta":{"_acf_changed":false,"_et_pb_use_builder":"off","_et_pb_old_content":"","_et_gb_content_width":"","footnotes":""},"class_list":["post-273","page","type-page","status-publish","hentry"],"acf":[],"yoast_head":"<!-- This site is optimized with the Yoast SEO plugin v27.0 - https:\/\/yoast.com\/product\/yoast-seo-wordpress\/ -->\n<title>Olemme osa piiri\u00e4 1385 - Oulujoki Rotaryklubi ry<\/title>\n<meta name=\"robots\" content=\"index, follow, max-snippet:-1, max-image-preview:large, max-video-preview:-1\" \/>\n<link rel=\"canonical\" href=\"https:\/\/rotary.fi\/oulujokirotaryklubi\/keita-olemme\/olemme-osa-piiria-1400\/\" \/>\n<meta property=\"og:locale\" content=\"fi_FI\" \/>\n<meta property=\"og:type\" content=\"article\" \/>\n<meta property=\"og:title\" content=\"Olemme osa piiri\u00e4 1385 - Oulujoki Rotaryklubi ry\" \/>\n<meta property=\"og:description\" content=\"T\u00e4st\u00e4 linkki Piirin 1400 sivuille\" \/>\n<meta property=\"og:url\" content=\"https:\/\/rotary.fi\/oulujokirotaryklubi\/keita-olemme\/olemme-osa-piiria-1400\/\" \/>\n<meta property=\"og:site_name\" content=\"Oulujoki Rotaryklubi ry\" \/>\n<meta property=\"article:modified_time\" content=\"2020-09-24T13:26:00+00:00\" \/>\n<meta name=\"twitter:card\" content=\"summary_large_image\" \/>\n<script type=\"application\/ld+json\" class=\"yoast-schema-graph\">{\"@context\":\"https:\/\/schema.org\",\"@graph\":[{\"@type\":\"WebPage\",\"@id\":\"https:\/\/rotary.fi\/oulujokirotaryklubi\/keita-olemme\/olemme-osa-piiria-1400\/\",\"url\":\"https:\/\/rotary.fi\/oulujokirotaryklubi\/keita-olemme\/olemme-osa-piiria-1400\/\",\"name\":\"Olemme osa piiri\u00e4 1385 - Oulujoki Rotaryklubi ry\",\"isPartOf\":{\"@id\":\"https:\/\/rotary.fi\/oulujokirotaryklubi\/#website\"},\"datePublished\":\"2018-10-24T08:32:22+00:00\",\"dateModified\":\"2020-09-24T13:26:00+00:00\",\"breadcrumb\":{\"@id\":\"https:\/\/rotary.fi\/oulujokirotaryklubi\/keita-olemme\/olemme-osa-piiria-1400\/#breadcrumb\"},\"inLanguage\":\"fi\",\"potentialAction\":[{\"@type\":\"ReadAction\",\"target\":[\"https:\/\/rotary.fi\/oulujokirotaryklubi\/keita-olemme\/olemme-osa-piiria-1400\/\"]}]},{\"@type\":\"BreadcrumbList\",\"@id\":\"https:\/\/rotary.fi\/oulujokirotaryklubi\/keita-olemme\/olemme-osa-piiria-1400\/#breadcrumb\",\"itemListElement\":[{\"@type\":\"ListItem\",\"position\":1,\"name\":\"Home\",\"item\":\"https:\/\/rotary.fi\/oulujokirotaryklubi\/\"},{\"@type\":\"ListItem\",\"position\":2,\"name\":\"Keit\u00e4 olemme\",\"item\":\"https:\/\/rotary.fi\/oulujokirotaryklubi\/keita-olemme\/\"},{\"@type\":\"ListItem\",\"position\":3,\"name\":\"Olemme osa piiri\u00e4 1385\"}]},{\"@type\":\"WebSite\",\"@id\":\"https:\/\/rotary.fi\/oulujokirotaryklubi\/#website\",\"url\":\"https:\/\/rotary.fi\/oulujokirotaryklubi\/\",\"name\":\"Oulujoki Rotaryklubi ry\",\"description\":\"Uusi Rotary klubisivusto\",\"potentialAction\":[{\"@type\":\"SearchAction\",\"target\":{\"@type\":\"EntryPoint\",\"urlTemplate\":\"https:\/\/rotary.fi\/oulujokirotaryklubi\/?s={search_term_string}\"},\"query-input\":{\"@type\":\"PropertyValueSpecification\",\"valueRequired\":true,\"valueName\":\"search_term_string\"}}],\"inLanguage\":\"fi\"}]}<\/script>\n<!-- \/ Yoast SEO plugin. -->","yoast_head_json":{"title":"Olemme osa piiri\u00e4 1385 - Oulujoki Rotaryklubi ry","robots":{"index":"index","follow":"follow","max-snippet":"max-snippet:-1","max-image-preview":"max-image-preview:large","max-video-preview":"max-video-preview:-1"},"canonical":"https:\/\/rotary.fi\/oulujokirotaryklubi\/keita-olemme\/olemme-osa-piiria-1400\/","og_locale":"fi_FI","og_type":"article","og_title":"Olemme osa piiri\u00e4 1385 - Oulujoki Rotaryklubi ry","og_description":"T\u00e4st\u00e4 linkki Piirin 1400 sivuille","og_url":"https:\/\/rotary.fi\/oulujokirotaryklubi\/keita-olemme\/olemme-osa-piiria-1400\/","og_site_name":"Oulujoki Rotaryklubi ry","article_modified_time":"2020-09-24T13:26:00+00:00","twitter_card":"summary_large_image","schema":{"@context":"https:\/\/schema.org","@graph":[{"@type":"WebPage","@id":"https:\/\/rotary.fi\/oulujokirotaryklubi\/keita-olemme\/olemme-osa-piiria-1400\/","url":"https:\/\/rotary.fi\/oulujokirotaryklubi\/keita-olemme\/olemme-osa-piiria-1400\/","name":"Olemme osa piiri\u00e4 1385 - Oulujoki Rotaryklubi ry","isPartOf":{"@id":"https:\/\/rotary.fi\/oulujokirotaryklubi\/#website"},"datePublished":"2018-10-24T08:32:22+00:00","dateModified":"2020-09-24T13:26:00+00:00","breadcrumb":{"@id":"https:\/\/rotary.fi\/oulujokirotaryklubi\/keita-olemme\/olemme-osa-piiria-1400\/#breadcrumb"},"inLanguage":"fi","potentialAction":[{"@type":"ReadAction","target":["https:\/\/rotary.fi\/oulujokirotaryklubi\/keita-olemme\/olemme-osa-piiria-1400\/"]}]},{"@type":"BreadcrumbList","@id":"https:\/\/rotary.fi\/oulujokirotaryklubi\/keita-olemme\/olemme-osa-piiria-1400\/#breadcrumb","itemListElement":[{"@type":"ListItem","position":1,"name":"Home","item":"https:\/\/rotary.fi\/oulujokirotaryklubi\/"},{"@type":"ListItem","position":2,"name":"Keit\u00e4 olemme","item":"https:\/\/rotary.fi\/oulujokirotaryklubi\/keita-olemme\/"},{"@type":"ListItem","position":3,"name":"Olemme osa piiri\u00e4 1385"}]},{"@type":"WebSite","@id":"https:\/\/rotary.fi\/oulujokirotaryklubi\/#website","url":"https:\/\/rotary.fi\/oulujokirotaryklubi\/","name":"Oulujoki Rotaryklubi ry","description":"Uusi Rotary klubisivusto","potentialAction":[{"@type":"SearchAction","target":{"@type":"EntryPoint","urlTemplate":"https:\/\/rotary.fi\/oulujokirotaryklubi\/?s={search_term_string}"},"query-input":{"@type":"PropertyValueSpecification","valueRequired":true,"valueName":"search_term_string"}}],"inLanguage":"fi"}]}},"lang":"fi","translations":{"fi":273},"pll_sync_post":[],"_links":{"self":[{"href":"https:\/\/rotary.fi\/oulujokirotaryklubi\/wp-json\/wp\/v2\/pages\/273","targetHints":{"allow":["GET"]}}],"collection":[{"href":"https:\/\/rotary.fi\/oulujokirotaryklubi\/wp-json\/wp\/v2\/pages"}],"about":[{"href":"https:\/\/rotary.fi\/oulujokirotaryklubi\/wp-json\/wp\/v2\/types\/page"}],"author":[{"embeddable":true,"href":"https:\/\/rotary.fi\/oulujokirotaryklubi\/wp-json\/wp\/v2\/users\/1"}],"replies":[{"embeddable":true,"href":"https:\/\/rotary.fi\/oulujokirotaryklubi\/wp-json\/wp\/v2\/comments?post=273"}],"version-history":[{"count":10,"href":"https:\/\/rotary.fi\/oulujokirotaryklubi\/wp-json\/wp\/v2\/pages\/273\/revisions"}],"predecessor-version":[{"id":1721,"href":"https:\/\/rotary.fi\/oulujokirotaryklubi\/wp-json\/wp\/v2\/pages\/273\/revisions\/1721"}],"up":[{"embeddable":true,"href":"https:\/\/rotary.fi\/oulujokirotaryklubi\/wp-json\/wp\/v2\/pages\/129"}],"wp:attachment":[{"href":"https:\/\/rotary.fi\/oulujokirotaryklubi\/wp-json\/wp\/v2\/media?parent=273"}],"curies":[{"name":"wp","href":"https:\/\/api.w.org\/{rel}","templated":true}]}}