{"id":89,"date":"2018-08-09T15:10:00","date_gmt":"2018-08-09T12:10:00","guid":{"rendered":"https:\/\/rotary.fi\/klubi2\/?page_id=89"},"modified":"2019-11-19T12:43:18","modified_gmt":"2019-11-19T10:43:18","slug":"tule-mukaan","status":"publish","type":"page","link":"https:\/\/rotary.fi\/oulucity\/tule-mukaan\/","title":{"rendered":"Tule mukaan"},"content":{"rendered":"<p>[et_pb_section fb_built=&#8221;1&#8243; module_class=&#8221;jumbotron-page&#8221; _builder_version=&#8221;3.22&#8243; background_image=&#8221;https:\/\/rotary.fi\/wp-content\/uploads\/2018\/04\/paakuva_liity_mukaan.jpg&#8221;][et_pb_row _builder_version=&#8221;3.25&#8243; background_size=&#8221;initial&#8221; background_position=&#8221;top_left&#8221; background_repeat=&#8221;repeat&#8221;][et_pb_column type=&#8221;4_4&#8243; _builder_version=&#8221;3.25&#8243; custom_padding=&#8221;|||&#8221; custom_padding__hover=&#8221;|||&#8221;][et_pb_text admin_label=&#8221;P\u00e4\u00e4otsikko&#8221; _builder_version=&#8221;3.27.4&#8243; text_orientation=&#8221;center&#8221; background_layout=&#8221;dark&#8221;]<\/p>\n<h1>Tule mukaan<\/h1>\n<p>[\/et_pb_text][\/et_pb_column][\/et_pb_row][\/et_pb_section][et_pb_section fb_built=&#8221;1&#8243; specialty=&#8221;on&#8221; module_class_2=&#8221;sivupalkki&#8221; _builder_version=&#8221;3.22&#8243;][et_pb_column type=&#8221;2_3&#8243; specialty_columns=&#8221;2&#8243; _builder_version=&#8221;3.25&#8243; custom_padding=&#8221;|||&#8221; custom_padding__hover=&#8221;|||&#8221;][et_pb_row_inner admin_label=&#8221;Rivi&#8221; _builder_version=&#8221;3.25&#8243;][et_pb_column_inner saved_specialty_column_type=&#8221;2_3&#8243; _builder_version=&#8221;3.25&#8243; custom_padding=&#8221;|||&#8221; custom_padding__hover=&#8221;|||&#8221;][et_pb_text admin_label=&#8221;Otsikko ennen teksti\u00e4 &#8211; Tule mukaan&#8221; _builder_version=&#8221;3.27.4&#8243; text_orientation=&#8221;center&#8221;]<\/p>\n<h1>Tule mukaan, vaikuttavaan kansainv\u00e4liseen verkostoon.\u00a0<\/h1>\n<p>[\/et_pb_text][et_pb_text _builder_version=&#8221;3.27.4&#8243;]<\/p>\n<p style=\"margin-bottom: 0cm;line-height: 100%\"><span style=\"color: #1c1c1c\">Rotaryorganisaatio perustettiin Yhdysvalloissa 1905 kansainv\u00e4liseksi palvelu- <br \/>ja hyv\u00e4ntekev\u00e4isyysorganisaatioksi.<\/span> <span style=\"color: #1c1c1c\">Rotareihin kuuluu 1,2 miljoonaa j\u00e4sent\u00e4 <br \/>yli 200:ssa maassa. <\/span><\/p>\n<p style=\"margin-bottom: 0cm;line-height: 100%\"><span style=\"color: #1c1c1c\">Klubeja Suomessa ja Virossa on kolmisensataa. <br \/>Klubit on organisoitu Suomessa kuuteen (v:sta 2020 viiteen) piiriin, <br \/>joista yhdess\u00e4 on mukana Viro.<\/span><\/p>\n<p style=\"margin-bottom: 0cm;line-height: 100%\">Rotarit eiv\u00e4t edusta mit\u00e4\u00e4n poliittista tai uskonnollista suuntausta.<\/p>\n<p>Tutustu my\u00f6s nuorille suunnattuun toimintaan, <a href=\"\/mita-teemme\/nuorisopalvelut\/interact\/\" target=\"_blank\" rel=\"noopener noreferrer\">Interactiin<\/a> ja <a href=\"\/mita-teemme\/nuorisopalvelut\/rotaract\/\" target=\"_blank\" rel=\"noopener noreferrer\">Rotaractiin<\/a>.<\/p>\n<p>[\/et_pb_text][\/et_pb_column_inner][\/et_pb_row_inner][et_pb_row_inner admin_label=&#8221;Rivi&#8221; _builder_version=&#8221;3.25&#8243;][et_pb_column_inner saved_specialty_column_type=&#8221;2_3&#8243; _builder_version=&#8221;3.25&#8243; custom_padding=&#8221;|||&#8221; custom_padding__hover=&#8221;|||&#8221;][et_pb_text admin_label=&#8221;Otsikko ennen teksti\u00e4 &#8211; Ota yhteytt\u00e4&#8221; _builder_version=&#8221;3.27.4&#8243; text_orientation=&#8221;center&#8221;]<\/p>\n<h1>Ota yhteytt\u00e4<\/h1>\n<p>[\/et_pb_text][et_pb_text _builder_version=&#8221;3.27.4&#8243;]<\/p>\n<p>\nHaluatko mukaan rotarytoimintaan? Yhteydenottolomakkeella voit olla suoraan yhteydess\u00e4 klubiin.<\/p>\n<p>[\/et_pb_text][et_pb_contact_form email=&#8221;webmaster@oulucityrotary.com&#8221; custom_message=&#8221;Viesti:||et_pb_line_break_holder||%%message%%||et_pb_line_break_holder||||et_pb_line_break_holder||Kenelt\u00e4:||et_pb_line_break_holder||%%name%%||et_pb_line_break_holder||%%email%%&#8221; success_message=&#8221;Viestisi on l\u00e4hetetty. Kiitos yhteydenotostasi!&#8221; _builder_version=&#8221;3.19.5&#8243; locked=&#8221;on&#8221;][et_pb_contact_field field_id=&#8221;Name&#8221; field_title=&#8221;Nimi&#8221; _builder_version=&#8221;3.16&#8243; button_text_size__hover_enabled=&#8221;off&#8221; button_one_text_size__hover_enabled=&#8221;off&#8221; button_two_text_size__hover_enabled=&#8221;off&#8221; button_text_color__hover_enabled=&#8221;off&#8221; button_one_text_color__hover_enabled=&#8221;off&#8221; button_two_text_color__hover_enabled=&#8221;off&#8221; button_border_width__hover_enabled=&#8221;off&#8221; button_one_border_width__hover_enabled=&#8221;off&#8221; button_two_border_width__hover_enabled=&#8221;off&#8221; button_border_color__hover_enabled=&#8221;off&#8221; button_one_border_color__hover_enabled=&#8221;off&#8221; button_two_border_color__hover_enabled=&#8221;off&#8221; button_border_radius__hover_enabled=&#8221;off&#8221; button_one_border_radius__hover_enabled=&#8221;off&#8221; button_two_border_radius__hover_enabled=&#8221;off&#8221; button_letter_spacing__hover_enabled=&#8221;off&#8221; button_one_letter_spacing__hover_enabled=&#8221;off&#8221; button_two_letter_spacing__hover_enabled=&#8221;off&#8221; button_bg_color__hover_enabled=&#8221;off&#8221; button_one_bg_color__hover_enabled=&#8221;off&#8221; button_two_bg_color__hover_enabled=&#8221;off&#8221;][\/et_pb_contact_field][et_pb_contact_field field_id=&#8221;Email&#8221; field_title=&#8221;S\u00e4hk\u00f6postiosoite&#8221; field_type=&#8221;email&#8221; _builder_version=&#8221;3.16&#8243; button_text_size__hover_enabled=&#8221;off&#8221; button_one_text_size__hover_enabled=&#8221;off&#8221; button_two_text_size__hover_enabled=&#8221;off&#8221; button_text_color__hover_enabled=&#8221;off&#8221; button_one_text_color__hover_enabled=&#8221;off&#8221; button_two_text_color__hover_enabled=&#8221;off&#8221; button_border_width__hover_enabled=&#8221;off&#8221; button_one_border_width__hover_enabled=&#8221;off&#8221; button_two_border_width__hover_enabled=&#8221;off&#8221; button_border_color__hover_enabled=&#8221;off&#8221; button_one_border_color__hover_enabled=&#8221;off&#8221; button_two_border_color__hover_enabled=&#8221;off&#8221; button_border_radius__hover_enabled=&#8221;off&#8221; button_one_border_radius__hover_enabled=&#8221;off&#8221; button_two_border_radius__hover_enabled=&#8221;off&#8221; button_letter_spacing__hover_enabled=&#8221;off&#8221; button_one_letter_spacing__hover_enabled=&#8221;off&#8221; button_two_letter_spacing__hover_enabled=&#8221;off&#8221; button_bg_color__hover_enabled=&#8221;off&#8221; button_one_bg_color__hover_enabled=&#8221;off&#8221; button_two_bg_color__hover_enabled=&#8221;off&#8221;][\/et_pb_contact_field][et_pb_contact_field field_id=&#8221;Message&#8221; field_title=&#8221;S\u00e4hk\u00f6postiviesti&#8221; field_type=&#8221;text&#8221; fullwidth_field=&#8221;on&#8221; _builder_version=&#8221;3.16&#8243; button_text_size__hover_enabled=&#8221;off&#8221; button_one_text_size__hover_enabled=&#8221;off&#8221; button_two_text_size__hover_enabled=&#8221;off&#8221; button_text_color__hover_enabled=&#8221;off&#8221; button_one_text_color__hover_enabled=&#8221;off&#8221; button_two_text_color__hover_enabled=&#8221;off&#8221; button_border_width__hover_enabled=&#8221;off&#8221; button_one_border_width__hover_enabled=&#8221;off&#8221; button_two_border_width__hover_enabled=&#8221;off&#8221; button_border_color__hover_enabled=&#8221;off&#8221; button_one_border_color__hover_enabled=&#8221;off&#8221; button_two_border_color__hover_enabled=&#8221;off&#8221; button_border_radius__hover_enabled=&#8221;off&#8221; button_one_border_radius__hover_enabled=&#8221;off&#8221; button_two_border_radius__hover_enabled=&#8221;off&#8221; button_letter_spacing__hover_enabled=&#8221;off&#8221; button_one_letter_spacing__hover_enabled=&#8221;off&#8221; button_two_letter_spacing__hover_enabled=&#8221;off&#8221; button_bg_color__hover_enabled=&#8221;off&#8221; button_one_bg_color__hover_enabled=&#8221;off&#8221; button_two_bg_color__hover_enabled=&#8221;off&#8221;][\/et_pb_contact_field][\/et_pb_contact_form][\/et_pb_column_inner][\/et_pb_row_inner][\/et_pb_column][et_pb_column type=&#8221;1_3&#8243; _builder_version=&#8221;3.25&#8243; custom_padding=&#8221;|||&#8221; custom_padding__hover=&#8221;|||&#8221;][et_pb_sidebar area=&#8221;sidebar-1&#8243; module_class=&#8221;sivupalkki_sisalto&#8221; _builder_version=&#8221;3.4.1&#8243; locked=&#8221;on&#8221;][\/et_pb_sidebar][\/et_pb_column][\/et_pb_section]<\/p>\n","protected":false},"excerpt":{"rendered":"<p>Tule mukaan Tule mukaan, vaikuttavaan kansainv\u00e4liseen verkostoon.\u00a0Rotaryorganisaatio perustettiin Yhdysvalloissa 1905 kansainv\u00e4liseksi palvelu- ja hyv\u00e4ntekev\u00e4isyysorganisaatioksi. Rotareihin kuuluu 1,2 miljoonaa j\u00e4sent\u00e4 yli 200:ssa maassa. Klubeja Suomessa ja Virossa on kolmisensataa. Klubit on organisoitu Suomessa kuuteen (v:sta 2020 viiteen) piiriin, joista yhdess\u00e4 on mukana Viro. Rotarit eiv\u00e4t edusta mit\u00e4\u00e4n poliittista tai uskonnollista suuntausta. Tutustu my\u00f6s nuorille suunnattuun toimintaan, [&hellip;]<\/p>\n","protected":false},"author":1,"featured_media":0,"parent":0,"menu_order":0,"comment_status":"closed","ping_status":"closed","template":"","meta":{"_acf_changed":false,"_et_pb_use_builder":"on","_et_pb_old_content":"","_et_gb_content_width":"","footnotes":""},"class_list":["post-89","page","type-page","status-publish","hentry"],"acf":[],"yoast_head":"<!-- This site is optimized with the Yoast SEO plugin v27.0 - https:\/\/yoast.com\/product\/yoast-seo-wordpress\/ -->\n<title>Tule mukaan - Oulu City Rotaryklubi<\/title>\n<meta name=\"robots\" content=\"index, follow, max-snippet:-1, max-image-preview:large, max-video-preview:-1\" \/>\n<link rel=\"canonical\" href=\"https:\/\/rotary.fi\/oulucity\/tule-mukaan\/\" \/>\n<meta property=\"og:locale\" content=\"fi_FI\" \/>\n<meta property=\"og:type\" content=\"article\" \/>\n<meta property=\"og:title\" content=\"Tule mukaan - Oulu City Rotaryklubi\" \/>\n<meta property=\"og:description\" content=\"Tule mukaan Tule mukaan, vaikuttavaan kansainv\u00e4liseen verkostoon.\u00a0Rotaryorganisaatio perustettiin Yhdysvalloissa 1905 kansainv\u00e4liseksi palvelu- ja hyv\u00e4ntekev\u00e4isyysorganisaatioksi. Rotareihin kuuluu 1,2 miljoonaa j\u00e4sent\u00e4 yli 200:ssa maassa. Klubeja Suomessa ja Virossa on kolmisensataa. Klubit on organisoitu Suomessa kuuteen (v:sta 2020 viiteen) piiriin, joista yhdess\u00e4 on mukana Viro. Rotarit eiv\u00e4t edusta mit\u00e4\u00e4n poliittista tai uskonnollista suuntausta. Tutustu my\u00f6s nuorille suunnattuun toimintaan, [&hellip;]\" \/>\n<meta property=\"og:url\" content=\"https:\/\/rotary.fi\/oulucity\/tule-mukaan\/\" \/>\n<meta property=\"og:site_name\" content=\"Oulu City Rotaryklubi\" \/>\n<meta property=\"article:modified_time\" content=\"2019-11-19T10:43:18+00:00\" \/>\n<meta name=\"twitter:card\" content=\"summary_large_image\" \/>\n<meta name=\"twitter:label1\" content=\"Arvioitu lukuaika\" \/>\n\t<meta name=\"twitter:data1\" content=\"4 minuuttia\" \/>\n<script type=\"application\/ld+json\" class=\"yoast-schema-graph\">{\"@context\":\"https:\/\/schema.org\",\"@graph\":[{\"@type\":\"WebPage\",\"@id\":\"https:\/\/rotary.fi\/oulucity\/tule-mukaan\/\",\"url\":\"https:\/\/rotary.fi\/oulucity\/tule-mukaan\/\",\"name\":\"Tule mukaan - Oulu City Rotaryklubi\",\"isPartOf\":{\"@id\":\"https:\/\/rotary.fi\/oulucity\/#website\"},\"datePublished\":\"2018-08-09T12:10:00+00:00\",\"dateModified\":\"2019-11-19T10:43:18+00:00\",\"breadcrumb\":{\"@id\":\"https:\/\/rotary.fi\/oulucity\/tule-mukaan\/#breadcrumb\"},\"inLanguage\":\"fi\",\"potentialAction\":[{\"@type\":\"ReadAction\",\"target\":[\"https:\/\/rotary.fi\/oulucity\/tule-mukaan\/\"]}]},{\"@type\":\"BreadcrumbList\",\"@id\":\"https:\/\/rotary.fi\/oulucity\/tule-mukaan\/#breadcrumb\",\"itemListElement\":[{\"@type\":\"ListItem\",\"position\":1,\"name\":\"Home\",\"item\":\"https:\/\/rotary.fi\/oulucity\/\"},{\"@type\":\"ListItem\",\"position\":2,\"name\":\"Tule mukaan\"}]},{\"@type\":\"WebSite\",\"@id\":\"https:\/\/rotary.fi\/oulucity\/#website\",\"url\":\"https:\/\/rotary.fi\/oulucity\/\",\"name\":\"Oulu City Rotaryklubi\",\"description\":\"Uusi Rotary klubisivusto\",\"potentialAction\":[{\"@type\":\"SearchAction\",\"target\":{\"@type\":\"EntryPoint\",\"urlTemplate\":\"https:\/\/rotary.fi\/oulucity\/?s={search_term_string}\"},\"query-input\":{\"@type\":\"PropertyValueSpecification\",\"valueRequired\":true,\"valueName\":\"search_term_string\"}}],\"inLanguage\":\"fi\"}]}<\/script>\n<!-- \/ Yoast SEO plugin. -->","yoast_head_json":{"title":"Tule mukaan - Oulu City Rotaryklubi","robots":{"index":"index","follow":"follow","max-snippet":"max-snippet:-1","max-image-preview":"max-image-preview:large","max-video-preview":"max-video-preview:-1"},"canonical":"https:\/\/rotary.fi\/oulucity\/tule-mukaan\/","og_locale":"fi_FI","og_type":"article","og_title":"Tule mukaan - Oulu City Rotaryklubi","og_description":"Tule mukaan Tule mukaan, vaikuttavaan kansainv\u00e4liseen verkostoon.\u00a0Rotaryorganisaatio perustettiin Yhdysvalloissa 1905 kansainv\u00e4liseksi palvelu- ja hyv\u00e4ntekev\u00e4isyysorganisaatioksi. Rotareihin kuuluu 1,2 miljoonaa j\u00e4sent\u00e4 yli 200:ssa maassa. Klubeja Suomessa ja Virossa on kolmisensataa. Klubit on organisoitu Suomessa kuuteen (v:sta 2020 viiteen) piiriin, joista yhdess\u00e4 on mukana Viro. Rotarit eiv\u00e4t edusta mit\u00e4\u00e4n poliittista tai uskonnollista suuntausta. Tutustu my\u00f6s nuorille suunnattuun toimintaan, [&hellip;]","og_url":"https:\/\/rotary.fi\/oulucity\/tule-mukaan\/","og_site_name":"Oulu City Rotaryklubi","article_modified_time":"2019-11-19T10:43:18+00:00","twitter_card":"summary_large_image","twitter_misc":{"Arvioitu lukuaika":"4 minuuttia"},"schema":{"@context":"https:\/\/schema.org","@graph":[{"@type":"WebPage","@id":"https:\/\/rotary.fi\/oulucity\/tule-mukaan\/","url":"https:\/\/rotary.fi\/oulucity\/tule-mukaan\/","name":"Tule mukaan - Oulu City Rotaryklubi","isPartOf":{"@id":"https:\/\/rotary.fi\/oulucity\/#website"},"datePublished":"2018-08-09T12:10:00+00:00","dateModified":"2019-11-19T10:43:18+00:00","breadcrumb":{"@id":"https:\/\/rotary.fi\/oulucity\/tule-mukaan\/#breadcrumb"},"inLanguage":"fi","potentialAction":[{"@type":"ReadAction","target":["https:\/\/rotary.fi\/oulucity\/tule-mukaan\/"]}]},{"@type":"BreadcrumbList","@id":"https:\/\/rotary.fi\/oulucity\/tule-mukaan\/#breadcrumb","itemListElement":[{"@type":"ListItem","position":1,"name":"Home","item":"https:\/\/rotary.fi\/oulucity\/"},{"@type":"ListItem","position":2,"name":"Tule mukaan"}]},{"@type":"WebSite","@id":"https:\/\/rotary.fi\/oulucity\/#website","url":"https:\/\/rotary.fi\/oulucity\/","name":"Oulu City Rotaryklubi","description":"Uusi Rotary klubisivusto","potentialAction":[{"@type":"SearchAction","target":{"@type":"EntryPoint","urlTemplate":"https:\/\/rotary.fi\/oulucity\/?s={search_term_string}"},"query-input":{"@type":"PropertyValueSpecification","valueRequired":true,"valueName":"search_term_string"}}],"inLanguage":"fi"}]}},"lang":"fi","translations":{"fi":89},"pll_sync_post":[],"_links":{"self":[{"href":"https:\/\/rotary.fi\/oulucity\/wp-json\/wp\/v2\/pages\/89","targetHints":{"allow":["GET"]}}],"collection":[{"href":"https:\/\/rotary.fi\/oulucity\/wp-json\/wp\/v2\/pages"}],"about":[{"href":"https:\/\/rotary.fi\/oulucity\/wp-json\/wp\/v2\/types\/page"}],"author":[{"embeddable":true,"href":"https:\/\/rotary.fi\/oulucity\/wp-json\/wp\/v2\/users\/1"}],"replies":[{"embeddable":true,"href":"https:\/\/rotary.fi\/oulucity\/wp-json\/wp\/v2\/comments?post=89"}],"version-history":[{"count":12,"href":"https:\/\/rotary.fi\/oulucity\/wp-json\/wp\/v2\/pages\/89\/revisions"}],"predecessor-version":[{"id":1655,"href":"https:\/\/rotary.fi\/oulucity\/wp-json\/wp\/v2\/pages\/89\/revisions\/1655"}],"wp:attachment":[{"href":"https:\/\/rotary.fi\/oulucity\/wp-json\/wp\/v2\/media?parent=89"}],"curies":[{"name":"wp","href":"https:\/\/api.w.org\/{rel}","templated":true}]}}