{"id":188,"date":"2018-08-13T13:26:12","date_gmt":"2018-08-13T10:26:12","guid":{"rendered":"https:\/\/rotary.fi\/oulucity\/?page_id=188"},"modified":"2026-01-06T16:55:36","modified_gmt":"2026-01-06T14:55:36","slug":"presidentin-uutiset","status":"publish","type":"page","link":"https:\/\/rotary.fi\/oulucity\/ajankohtaista\/presidentin-uutiset\/","title":{"rendered":"Presidentin tervehdys"},"content":{"rendered":"<h2 data-start=\"418\" data-end=\"469\">Yhdess\u00e4 hyv\u00e4n puolesta<\/h2>\n<p data-start=\"513\" data-end=\"908\">Presidenttikautenani 2025\u20132026 Oulu City Rotaryklubin toiminnan ytimess\u00e4 on ajatus <strong data-start=\"596\" data-end=\"631\">Unite for Good &#8211; yhdistyt\u00e4\u00e4n edist\u00e4m\u00e4\u00e4n hyv\u00e4\u00e4<\/strong>. Maailmassa, jossa vastakkainasettelut lis\u00e4\u00e4ntyv\u00e4t, Rotary tarjoaa konkreettisen v\u00e4yl\u00e4n v\u00e4yl\u00e4n ihmisten, ammattien ja sukupolvien yhdist\u00e4miseen yhteisen hyv\u00e4n puolesta. Meille Oulu City Rotaryklubissa t\u00e4m\u00e4 tarkoittaa aktiivista tekemist\u00e4, rohkeaa kokeilemista ja avointa yhteisty\u00f6t\u00e4.<\/p>\n<p><img loading=\"lazy\" decoding=\"async\" class=\"wp-image-2404 size-medium alignright\" src=\"https:\/\/rotary.fi\/oulucity\/wp-content\/uploads\/sites\/73\/2026\/01\/katja-sydan-240x300.jpg\" alt=\"\" width=\"240\" height=\"300\" \/>Klubimme tunnetaan aktiivisista ja sitoutuneista j\u00e4senist\u00e4. Yhdess\u00e4 tekeminen on suurin vahvuutemme ja samalla t\u00e4rkein motivaation l\u00e4hde. Kaudella 2025\u20132026 vaalimme t\u00e4t\u00e4 kulttuuria ja kehit\u00e4mme toimintaamme edelleen niin, ett\u00e4 jokaisella j\u00e4senell\u00e4 on mahdollisuus osallistua ja vaikuttaa omalla tavallaan.<\/p>\n<p data-start=\"1248\" data-end=\"1568\">Toimintaamme ohjaavat nelj\u00e4 keskeist\u00e4 kokonaisuutta: <strong data-start=\"1301\" data-end=\"1352\">palvelu, yhteis\u00f6llisyys, verkottuminen ja kasvu<\/strong>. Haluamme vahvistaa j\u00e4senpohjaamme, lis\u00e4t\u00e4 j\u00e4senten sitoutumista ja varmistaa, ett\u00e4 klubimme on moninainen, avoin ja vastaanottava. Uusien j\u00e4senten tunnistaminen ja mukaan kutsuminen on koko klubin yhteinen teht\u00e4v\u00e4. Toivotammekin l\u00e4mpim\u00e4sti tervetulleiksi toiminnastamme kiinnostuvat tutustumaan toimintaamme.<\/p>\n<h3 data-start=\"1884\" data-end=\"1910\">Yhteisty\u00f6 ja verkostot<\/h3>\n<p data-start=\"1912\" data-end=\"2229\">Yhdess\u00e4 verkostomme kanssa saamme aikaan enemm\u00e4n. Uskomme siihen, ett\u00e4 kaikkea ei tarvitse, eik\u00e4 kannata, tehd\u00e4 yksin. Laajennamme vaikuttavuuttamme tekem\u00e4ll\u00e4 yhteisty\u00f6t\u00e4 muiden rotaryklubien, j\u00e4rjest\u00f6jen, julkisen sektorin ja yritysten kanssa. Intercity-kokoukset, yhteiset tapahtumat ja kumppanuudet lis\u00e4\u00e4v\u00e4t n\u00e4kyvyytt\u00e4 ja tuovat uusia n\u00e4k\u00f6kulmia klubitoimintaan. Palveluprojekteissa keskitymme vaikuttavuuteen. Toteutamme sek\u00e4 paikallisia ett\u00e4 kansainv\u00e4lisi\u00e4 hankkeita, jotka parantavat el\u00e4m\u00e4nlaatua ja tukevat kest\u00e4v\u00e4\u00e4 kehityst\u00e4.<\/p>\n<h3 data-start=\"2231\" data-end=\"2251\">Toiminta arjessa<\/h3>\n<p data-start=\"2253\" data-end=\"2623\">Klubikokouksemme j\u00e4rjest\u00e4mme Pokkisella joka toinen perjantaiaamu klo 7.30 &#8211; 8.30. Aamukokousten lis\u00e4ksi ohjelmaan kuuluu yritysvierailuja, kulttuuritapahtumia, seminaareja ja yhteisi\u00e4 retki\u00e4. Varainhankinta on olennainen osa toimintaamme, ja perinteisten tapahtumien rinnalla kehit\u00e4mme uusia tapoja ker\u00e4t\u00e4 palveluprojekteihin varoja. Yhten\u00e4 merkitt\u00e4v\u00e4n\u00e4 uutena tekona t\u00e4ll\u00e4 kaudella j\u00e4rjest\u00e4mme Menestyksen Taika -gaalan1.1.2025, jolla ker\u00e4\u00e4mme varoja nuorten tulevaisuususkoa vahvistavaan tapahtumaan. Tuotto k\u00e4ytet\u00e4\u00e4n nuorille maksuton tapahtuman j\u00e4rjestemiseen 3.2.2026 Valon p\u00e4iv\u00e4n\u00e4 Tullisalissa. Nuorten Menestyksen Taika -tapahtuma on osa Oulu2026 kulttuurip\u00e4\u00e4kaupunki tarjontaa.<\/p>\n<h3 data-start=\"3061\" data-end=\"3079\">Katse tulevaan<\/h3>\n<p data-start=\"3081\" data-end=\"3274\">Presidenttin\u00e4 haluan kannustaa rohkeuteen, avoimuuteen ja kokeilukulttuuriin. Oulu City Rotaryklubi rakentaa tulevaisuutta yhdess\u00e4 palvellen, verkostoituen ja kasvaen. Olemme <strong data-start=\"2870\" data-end=\"2890\">People of Action<\/strong> &#8211; hyv\u00e4n puolesta.<\/p>\n<p data-start=\"3276\" data-end=\"3344\"><em data-start=\"3276\" data-end=\"3293\">Katja Koskimies<\/em><br data-start=\"3293\" data-end=\"3296\" \/>Presidentti 2025\u20132026<br data-start=\"3317\" data-end=\"3320\" \/>Oulu City Rotaryklubi ry<\/p>\n","protected":false},"excerpt":{"rendered":"<p>Yhdess\u00e4 hyv\u00e4n puolesta Presidenttikautenani 2025\u20132026 Oulu City Rotaryklubin toiminnan ytimess\u00e4 on ajatus Unite for Good &#8211; yhdistyt\u00e4\u00e4n edist\u00e4m\u00e4\u00e4n hyv\u00e4\u00e4. Maailmassa, jossa vastakkainasettelut lis\u00e4\u00e4ntyv\u00e4t, Rotary tarjoaa konkreettisen v\u00e4yl\u00e4n v\u00e4yl\u00e4n ihmisten, ammattien ja sukupolvien yhdist\u00e4miseen yhteisen hyv\u00e4n puolesta. Meille Oulu City Rotaryklubissa t\u00e4m\u00e4 tarkoittaa aktiivista tekemist\u00e4, rohkeaa kokeilemista ja avointa yhteisty\u00f6t\u00e4. Klubimme tunnetaan aktiivisista ja sitoutuneista j\u00e4senist\u00e4. [&hellip;]<\/p>\n","protected":false},"author":1,"featured_media":2404,"parent":94,"menu_order":0,"comment_status":"closed","ping_status":"closed","template":"","meta":{"_acf_changed":false,"_et_pb_use_builder":"off","_et_pb_old_content":"","_et_gb_content_width":"","footnotes":""},"class_list":["post-188","page","type-page","status-publish","has-post-thumbnail","hentry"],"acf":[],"yoast_head":"<!-- This site is optimized with the Yoast SEO plugin v27.0 - https:\/\/yoast.com\/product\/yoast-seo-wordpress\/ -->\n<title>Presidentin tervehdys - Oulu City Rotaryklubi<\/title>\n<meta name=\"description\" content=\"Presidenttikautenani 2025\u20132026 Oulu City Rotaryklubin toiminnan ytimess\u00e4 on ajatus yhdistymisest\u00e4 \u2013 Unite for Good. Maailmassa, jossa vastakkainasettelut lis\u00e4\u00e4ntyv\u00e4t, Rotary tarjoaa konkreettisen v\u00e4yl\u00e4n ihmisten, ammattien ja sukupolvien yhdist\u00e4miseen yhteisen hyv\u00e4n puolesta. Meille Oulu City Rotaryklubissa t\u00e4m\u00e4 tarkoittaa aktiivista tekemist\u00e4, rohkeaa kokeilemista ja avointa yhteisty\u00f6t\u00e4.Klubimme tunnetaan aktiivisista ja sitoutuneista j\u00e4senist\u00e4. Yhdess\u00e4 tekeminen on suurin vahvuutemme ja samalla t\u00e4rkein motivaation l\u00e4hde. Kaudella 2025\u20132026 vaalimme t\u00e4t\u00e4 kulttuuria ja kehit\u00e4mme toimintaamme edelleen niin, ett\u00e4 jokaisella j\u00e4senell\u00e4 on mahdollisuus osallistua ja vaikuttaa omalla tavallaan.\" \/>\n<meta name=\"robots\" content=\"index, follow, max-snippet:-1, max-image-preview:large, max-video-preview:-1\" \/>\n<link rel=\"canonical\" href=\"https:\/\/rotary.fi\/oulucity\/ajankohtaista\/presidentin-uutiset\/\" \/>\n<meta property=\"og:locale\" content=\"fi_FI\" \/>\n<meta property=\"og:type\" content=\"article\" \/>\n<meta property=\"og:title\" content=\"Presidentin tervehdys - Oulu City Rotaryklubi\" \/>\n<meta property=\"og:description\" content=\"Presidenttikautenani 2025\u20132026 Oulu City Rotaryklubin toiminnan ytimess\u00e4 on ajatus yhdistymisest\u00e4 \u2013 Unite for Good. Maailmassa, jossa vastakkainasettelut lis\u00e4\u00e4ntyv\u00e4t, Rotary tarjoaa konkreettisen v\u00e4yl\u00e4n ihmisten, ammattien ja sukupolvien yhdist\u00e4miseen yhteisen hyv\u00e4n puolesta. Meille Oulu City Rotaryklubissa t\u00e4m\u00e4 tarkoittaa aktiivista tekemist\u00e4, rohkeaa kokeilemista ja avointa yhteisty\u00f6t\u00e4.Klubimme tunnetaan aktiivisista ja sitoutuneista j\u00e4senist\u00e4. Yhdess\u00e4 tekeminen on suurin vahvuutemme ja samalla t\u00e4rkein motivaation l\u00e4hde. Kaudella 2025\u20132026 vaalimme t\u00e4t\u00e4 kulttuuria ja kehit\u00e4mme toimintaamme edelleen niin, ett\u00e4 jokaisella j\u00e4senell\u00e4 on mahdollisuus osallistua ja vaikuttaa omalla tavallaan.\" \/>\n<meta property=\"og:url\" content=\"https:\/\/rotary.fi\/oulucity\/ajankohtaista\/presidentin-uutiset\/\" \/>\n<meta property=\"og:site_name\" content=\"Oulu City Rotaryklubi\" \/>\n<meta property=\"article:modified_time\" content=\"2026-01-06T14:55:36+00:00\" \/>\n<meta property=\"og:image\" content=\"https:\/\/rotary.fi\/oulucity\/wp-content\/uploads\/sites\/73\/2026\/01\/katja-sydan.jpg\" \/>\n\t<meta property=\"og:image:width\" content=\"1277\" \/>\n\t<meta property=\"og:image:height\" content=\"1596\" \/>\n\t<meta property=\"og:image:type\" content=\"image\/jpeg\" \/>\n<meta name=\"twitter:card\" content=\"summary_large_image\" \/>\n<meta name=\"twitter:label1\" content=\"Arvioitu lukuaika\" \/>\n\t<meta name=\"twitter:data1\" content=\"3 minuuttia\" \/>\n<script type=\"application\/ld+json\" class=\"yoast-schema-graph\">{\"@context\":\"https:\/\/schema.org\",\"@graph\":[{\"@type\":\"WebPage\",\"@id\":\"https:\/\/rotary.fi\/oulucity\/ajankohtaista\/presidentin-uutiset\/\",\"url\":\"https:\/\/rotary.fi\/oulucity\/ajankohtaista\/presidentin-uutiset\/\",\"name\":\"Presidentin tervehdys - Oulu City Rotaryklubi\",\"isPartOf\":{\"@id\":\"https:\/\/rotary.fi\/oulucity\/#website\"},\"primaryImageOfPage\":{\"@id\":\"https:\/\/rotary.fi\/oulucity\/ajankohtaista\/presidentin-uutiset\/#primaryimage\"},\"image\":{\"@id\":\"https:\/\/rotary.fi\/oulucity\/ajankohtaista\/presidentin-uutiset\/#primaryimage\"},\"thumbnailUrl\":\"https:\/\/rotary.fi\/oulucity\/wp-content\/uploads\/sites\/73\/2026\/01\/katja-sydan.jpg\",\"datePublished\":\"2018-08-13T10:26:12+00:00\",\"dateModified\":\"2026-01-06T14:55:36+00:00\",\"description\":\"Presidenttikautenani 2025\u20132026 Oulu City Rotaryklubin toiminnan ytimess\u00e4 on ajatus yhdistymisest\u00e4 \u2013 Unite for Good. Maailmassa, jossa vastakkainasettelut lis\u00e4\u00e4ntyv\u00e4t, Rotary tarjoaa konkreettisen v\u00e4yl\u00e4n ihmisten, ammattien ja sukupolvien yhdist\u00e4miseen yhteisen hyv\u00e4n puolesta. Meille Oulu City Rotaryklubissa t\u00e4m\u00e4 tarkoittaa aktiivista tekemist\u00e4, rohkeaa kokeilemista ja avointa yhteisty\u00f6t\u00e4.Klubimme tunnetaan aktiivisista ja sitoutuneista j\u00e4senist\u00e4. Yhdess\u00e4 tekeminen on suurin vahvuutemme ja samalla t\u00e4rkein motivaation l\u00e4hde. Kaudella 2025\u20132026 vaalimme t\u00e4t\u00e4 kulttuuria ja kehit\u00e4mme toimintaamme edelleen niin, ett\u00e4 jokaisella j\u00e4senell\u00e4 on mahdollisuus osallistua ja vaikuttaa omalla tavallaan.\",\"breadcrumb\":{\"@id\":\"https:\/\/rotary.fi\/oulucity\/ajankohtaista\/presidentin-uutiset\/#breadcrumb\"},\"inLanguage\":\"fi\",\"potentialAction\":[{\"@type\":\"ReadAction\",\"target\":[\"https:\/\/rotary.fi\/oulucity\/ajankohtaista\/presidentin-uutiset\/\"]}]},{\"@type\":\"ImageObject\",\"inLanguage\":\"fi\",\"@id\":\"https:\/\/rotary.fi\/oulucity\/ajankohtaista\/presidentin-uutiset\/#primaryimage\",\"url\":\"https:\/\/rotary.fi\/oulucity\/wp-content\/uploads\/sites\/73\/2026\/01\/katja-sydan.jpg\",\"contentUrl\":\"https:\/\/rotary.fi\/oulucity\/wp-content\/uploads\/sites\/73\/2026\/01\/katja-sydan.jpg\",\"width\":1277,\"height\":1596},{\"@type\":\"BreadcrumbList\",\"@id\":\"https:\/\/rotary.fi\/oulucity\/ajankohtaista\/presidentin-uutiset\/#breadcrumb\",\"itemListElement\":[{\"@type\":\"ListItem\",\"position\":1,\"name\":\"Home\",\"item\":\"https:\/\/rotary.fi\/oulucity\/\"},{\"@type\":\"ListItem\",\"position\":2,\"name\":\"Ajankohtaista\",\"item\":\"https:\/\/rotary.fi\/oulucity\/ajankohtaista\/\"},{\"@type\":\"ListItem\",\"position\":3,\"name\":\"Presidentin tervehdys\"}]},{\"@type\":\"WebSite\",\"@id\":\"https:\/\/rotary.fi\/oulucity\/#website\",\"url\":\"https:\/\/rotary.fi\/oulucity\/\",\"name\":\"Oulu City Rotaryklubi\",\"description\":\"Uusi Rotary klubisivusto\",\"potentialAction\":[{\"@type\":\"SearchAction\",\"target\":{\"@type\":\"EntryPoint\",\"urlTemplate\":\"https:\/\/rotary.fi\/oulucity\/?s={search_term_string}\"},\"query-input\":{\"@type\":\"PropertyValueSpecification\",\"valueRequired\":true,\"valueName\":\"search_term_string\"}}],\"inLanguage\":\"fi\"}]}<\/script>\n<!-- \/ Yoast SEO plugin. -->","yoast_head_json":{"title":"Presidentin tervehdys - Oulu City Rotaryklubi","description":"Presidenttikautenani 2025\u20132026 Oulu City Rotaryklubin toiminnan ytimess\u00e4 on ajatus yhdistymisest\u00e4 \u2013 Unite for Good. Maailmassa, jossa vastakkainasettelut lis\u00e4\u00e4ntyv\u00e4t, Rotary tarjoaa konkreettisen v\u00e4yl\u00e4n ihmisten, ammattien ja sukupolvien yhdist\u00e4miseen yhteisen hyv\u00e4n puolesta. Meille Oulu City Rotaryklubissa t\u00e4m\u00e4 tarkoittaa aktiivista tekemist\u00e4, rohkeaa kokeilemista ja avointa yhteisty\u00f6t\u00e4.Klubimme tunnetaan aktiivisista ja sitoutuneista j\u00e4senist\u00e4. Yhdess\u00e4 tekeminen on suurin vahvuutemme ja samalla t\u00e4rkein motivaation l\u00e4hde. Kaudella 2025\u20132026 vaalimme t\u00e4t\u00e4 kulttuuria ja kehit\u00e4mme toimintaamme edelleen niin, ett\u00e4 jokaisella j\u00e4senell\u00e4 on mahdollisuus osallistua ja vaikuttaa omalla tavallaan.","robots":{"index":"index","follow":"follow","max-snippet":"max-snippet:-1","max-image-preview":"max-image-preview:large","max-video-preview":"max-video-preview:-1"},"canonical":"https:\/\/rotary.fi\/oulucity\/ajankohtaista\/presidentin-uutiset\/","og_locale":"fi_FI","og_type":"article","og_title":"Presidentin tervehdys - Oulu City Rotaryklubi","og_description":"Presidenttikautenani 2025\u20132026 Oulu City Rotaryklubin toiminnan ytimess\u00e4 on ajatus yhdistymisest\u00e4 \u2013 Unite for Good. Maailmassa, jossa vastakkainasettelut lis\u00e4\u00e4ntyv\u00e4t, Rotary tarjoaa konkreettisen v\u00e4yl\u00e4n ihmisten, ammattien ja sukupolvien yhdist\u00e4miseen yhteisen hyv\u00e4n puolesta. Meille Oulu City Rotaryklubissa t\u00e4m\u00e4 tarkoittaa aktiivista tekemist\u00e4, rohkeaa kokeilemista ja avointa yhteisty\u00f6t\u00e4.Klubimme tunnetaan aktiivisista ja sitoutuneista j\u00e4senist\u00e4. Yhdess\u00e4 tekeminen on suurin vahvuutemme ja samalla t\u00e4rkein motivaation l\u00e4hde. Kaudella 2025\u20132026 vaalimme t\u00e4t\u00e4 kulttuuria ja kehit\u00e4mme toimintaamme edelleen niin, ett\u00e4 jokaisella j\u00e4senell\u00e4 on mahdollisuus osallistua ja vaikuttaa omalla tavallaan.","og_url":"https:\/\/rotary.fi\/oulucity\/ajankohtaista\/presidentin-uutiset\/","og_site_name":"Oulu City Rotaryklubi","article_modified_time":"2026-01-06T14:55:36+00:00","og_image":[{"width":1277,"height":1596,"url":"https:\/\/rotary.fi\/oulucity\/wp-content\/uploads\/sites\/73\/2026\/01\/katja-sydan.jpg","type":"image\/jpeg"}],"twitter_card":"summary_large_image","twitter_misc":{"Arvioitu lukuaika":"3 minuuttia"},"schema":{"@context":"https:\/\/schema.org","@graph":[{"@type":"WebPage","@id":"https:\/\/rotary.fi\/oulucity\/ajankohtaista\/presidentin-uutiset\/","url":"https:\/\/rotary.fi\/oulucity\/ajankohtaista\/presidentin-uutiset\/","name":"Presidentin tervehdys - Oulu City Rotaryklubi","isPartOf":{"@id":"https:\/\/rotary.fi\/oulucity\/#website"},"primaryImageOfPage":{"@id":"https:\/\/rotary.fi\/oulucity\/ajankohtaista\/presidentin-uutiset\/#primaryimage"},"image":{"@id":"https:\/\/rotary.fi\/oulucity\/ajankohtaista\/presidentin-uutiset\/#primaryimage"},"thumbnailUrl":"https:\/\/rotary.fi\/oulucity\/wp-content\/uploads\/sites\/73\/2026\/01\/katja-sydan.jpg","datePublished":"2018-08-13T10:26:12+00:00","dateModified":"2026-01-06T14:55:36+00:00","description":"Presidenttikautenani 2025\u20132026 Oulu City Rotaryklubin toiminnan ytimess\u00e4 on ajatus yhdistymisest\u00e4 \u2013 Unite for Good. Maailmassa, jossa vastakkainasettelut lis\u00e4\u00e4ntyv\u00e4t, Rotary tarjoaa konkreettisen v\u00e4yl\u00e4n ihmisten, ammattien ja sukupolvien yhdist\u00e4miseen yhteisen hyv\u00e4n puolesta. Meille Oulu City Rotaryklubissa t\u00e4m\u00e4 tarkoittaa aktiivista tekemist\u00e4, rohkeaa kokeilemista ja avointa yhteisty\u00f6t\u00e4.Klubimme tunnetaan aktiivisista ja sitoutuneista j\u00e4senist\u00e4. Yhdess\u00e4 tekeminen on suurin vahvuutemme ja samalla t\u00e4rkein motivaation l\u00e4hde. Kaudella 2025\u20132026 vaalimme t\u00e4t\u00e4 kulttuuria ja kehit\u00e4mme toimintaamme edelleen niin, ett\u00e4 jokaisella j\u00e4senell\u00e4 on mahdollisuus osallistua ja vaikuttaa omalla tavallaan.","breadcrumb":{"@id":"https:\/\/rotary.fi\/oulucity\/ajankohtaista\/presidentin-uutiset\/#breadcrumb"},"inLanguage":"fi","potentialAction":[{"@type":"ReadAction","target":["https:\/\/rotary.fi\/oulucity\/ajankohtaista\/presidentin-uutiset\/"]}]},{"@type":"ImageObject","inLanguage":"fi","@id":"https:\/\/rotary.fi\/oulucity\/ajankohtaista\/presidentin-uutiset\/#primaryimage","url":"https:\/\/rotary.fi\/oulucity\/wp-content\/uploads\/sites\/73\/2026\/01\/katja-sydan.jpg","contentUrl":"https:\/\/rotary.fi\/oulucity\/wp-content\/uploads\/sites\/73\/2026\/01\/katja-sydan.jpg","width":1277,"height":1596},{"@type":"BreadcrumbList","@id":"https:\/\/rotary.fi\/oulucity\/ajankohtaista\/presidentin-uutiset\/#breadcrumb","itemListElement":[{"@type":"ListItem","position":1,"name":"Home","item":"https:\/\/rotary.fi\/oulucity\/"},{"@type":"ListItem","position":2,"name":"Ajankohtaista","item":"https:\/\/rotary.fi\/oulucity\/ajankohtaista\/"},{"@type":"ListItem","position":3,"name":"Presidentin tervehdys"}]},{"@type":"WebSite","@id":"https:\/\/rotary.fi\/oulucity\/#website","url":"https:\/\/rotary.fi\/oulucity\/","name":"Oulu City Rotaryklubi","description":"Uusi Rotary klubisivusto","potentialAction":[{"@type":"SearchAction","target":{"@type":"EntryPoint","urlTemplate":"https:\/\/rotary.fi\/oulucity\/?s={search_term_string}"},"query-input":{"@type":"PropertyValueSpecification","valueRequired":true,"valueName":"search_term_string"}}],"inLanguage":"fi"}]}},"lang":"fi","translations":{"fi":188},"pll_sync_post":[],"_links":{"self":[{"href":"https:\/\/rotary.fi\/oulucity\/wp-json\/wp\/v2\/pages\/188","targetHints":{"allow":["GET"]}}],"collection":[{"href":"https:\/\/rotary.fi\/oulucity\/wp-json\/wp\/v2\/pages"}],"about":[{"href":"https:\/\/rotary.fi\/oulucity\/wp-json\/wp\/v2\/types\/page"}],"author":[{"embeddable":true,"href":"https:\/\/rotary.fi\/oulucity\/wp-json\/wp\/v2\/users\/1"}],"replies":[{"embeddable":true,"href":"https:\/\/rotary.fi\/oulucity\/wp-json\/wp\/v2\/comments?post=188"}],"version-history":[{"count":10,"href":"https:\/\/rotary.fi\/oulucity\/wp-json\/wp\/v2\/pages\/188\/revisions"}],"predecessor-version":[{"id":2406,"href":"https:\/\/rotary.fi\/oulucity\/wp-json\/wp\/v2\/pages\/188\/revisions\/2406"}],"up":[{"embeddable":true,"href":"https:\/\/rotary.fi\/oulucity\/wp-json\/wp\/v2\/pages\/94"}],"wp:featuredmedia":[{"embeddable":true,"href":"https:\/\/rotary.fi\/oulucity\/wp-json\/wp\/v2\/media\/2404"}],"wp:attachment":[{"href":"https:\/\/rotary.fi\/oulucity\/wp-json\/wp\/v2\/media?parent=188"}],"curies":[{"name":"wp","href":"https:\/\/api.w.org\/{rel}","templated":true}]}}