{"id":163,"date":"2018-08-13T09:51:14","date_gmt":"2018-08-13T06:51:14","guid":{"rendered":"https:\/\/rotary.fi\/oulucity\/?page_id=163"},"modified":"2019-10-29T17:03:32","modified_gmt":"2019-10-29T15:03:32","slug":"rotaract-ja-interact","status":"publish","type":"page","link":"https:\/\/rotary.fi\/oulucity\/mita-teemme\/rotaract-ja-interact\/","title":{"rendered":"Rotaract ja Interact"},"content":{"rendered":"<p>[et_pb_section fb_built=&#8221;1&#8243; module_class=&#8221;jumbotron-page&#8221; _builder_version=&#8221;3.22&#8243; background_image=&#8221;https:\/\/rotary.fi\/oulucity\/wp-content\/uploads\/sites\/73\/2018\/10\/rotary_klubit_alasivu_paakuva_10.jpg&#8221; fb_built=&#8221;1&#8243; _i=&#8221;0&#8243; _address=&#8221;0&#8243;][et_pb_row _builder_version=&#8221;3.25&#8243; background_size=&#8221;initial&#8221; background_position=&#8221;top_left&#8221; background_repeat=&#8221;repeat&#8221; _i=&#8221;0&#8243; _address=&#8221;0.0&#8243;][et_pb_column type=&#8221;4_4&#8243; _builder_version=&#8221;3.25&#8243; custom_padding=&#8221;|||&#8221; _i=&#8221;0&#8243; _address=&#8221;0.0.0&#8243; custom_padding__hover=&#8221;|||&#8221;][et_pb_text admin_label=&#8221;P\u00e4\u00e4otsikko&#8221; _builder_version=&#8221;3.27.4&#8243; text_orientation=&#8221;center&#8221; background_layout=&#8221;dark&#8221; _i=&#8221;0&#8243; _address=&#8221;0.0.0.0&#8243;]<\/p>\n<h1>Rotaract ja Interact<\/h1>\n<p>[\/et_pb_text][\/et_pb_column][\/et_pb_row][\/et_pb_section][et_pb_section fb_built=&#8221;1&#8243; specialty=&#8221;on&#8221; module_class_2=&#8221;sivupalkki&#8221; _builder_version=&#8221;3.22&#8243; fb_built=&#8221;1&#8243; _i=&#8221;1&#8243; _address=&#8221;1&#8243;][et_pb_column type=&#8221;2_3&#8243; specialty_columns=&#8221;2&#8243; _builder_version=&#8221;3.25&#8243; custom_padding=&#8221;|||&#8221; parallax__hover=&#8221;off&#8221; parallax_method__hover=&#8221;on&#8221; _i=&#8221;0&#8243; _address=&#8221;1.0&#8243; custom_padding__hover=&#8221;|||&#8221;][et_pb_row_inner admin_label=&#8221;Rivi&#8221; _builder_version=&#8221;3.25&#8243; _i=&#8221;0&#8243; _address=&#8221;1.0.0&#8243;][et_pb_column_inner saved_specialty_column_type=&#8221;2_3&#8243; _builder_version=&#8221;3.25&#8243; custom_padding=&#8221;|||&#8221; parallax__hover=&#8221;off&#8221; parallax_method__hover=&#8221;on&#8221; _i=&#8221;0&#8243; _address=&#8221;1.0.0.0&#8243; custom_padding__hover=&#8221;|||&#8221;][et_pb_text admin_label=&#8221;Rotaract ja Interact &#8211; Otsikko&#8221; _builder_version=&#8221;3.27.4&#8243; text_orientation=&#8221;center&#8221; _i=&#8221;0&#8243; _address=&#8221;1.0.0.0.0&#8243;]<\/p>\n<h1>Rotaract ja Interact<\/h1>\n<p>[\/et_pb_text][et_pb_text _builder_version=&#8221;3.27.4&#8243; _i=&#8221;1&#8243; _address=&#8221;1.0.0.0.1&#8243; custom_padding=&#8221;8px|||||&#8221;]<\/p>\n<p>Rotaract-klubien toiminta on suunnattu 18\u250030-vuotiaille nuorille ja <br \/>Interact-toiminta 12\u250018-vuotiaille nuorille.<\/p>\n<p>Toiminnan tarkoituksena on kehitt\u00e4\u00e4 nuorten kasvua vastuuntuntoisiksi aikuisiksi ja johtajiksi. Klubien j\u00e4senet p\u00e4\u00e4tt\u00e4v\u00e4t itse projekteistaan ja toiminnastaan. Nuorten klubeja sponsoroi ja heid\u00e4n toimintaansa tukee aina rotaryklubi.<\/p>\n<p>Toiminnassa nuoret p\u00e4\u00e4sev\u00e4t vaikuttamaan heille t\u00e4rkeisiin asioihin vuosittain suunniteltujen ja toteutettavien projektien avulla. Nuorilla on mahdollisuus verkottua paitsi paikallisesti, my\u00f6s kansallisesti ja kansainv\u00e4lisesti.<\/p>\n<p><strong>Olemme Interact Oulu klubin kummiklubi<\/strong><\/p>\n<p>[\/et_pb_text][\/et_pb_column_inner][\/et_pb_row_inner][\/et_pb_column][et_pb_column type=&#8221;1_3&#8243; module_class=&#8221;sivupalkki&#8221; _builder_version=&#8221;3.25&#8243; custom_padding=&#8221;|||&#8221; parallax__hover=&#8221;off&#8221; parallax_method__hover=&#8221;on&#8221; module_class__hover=&#8221;sivupalkki&#8221; _i=&#8221;1&#8243; _address=&#8221;1.1&#8243; custom_padding__hover=&#8221;|||&#8221;][et_pb_sidebar area=&#8221;sidebar-1&#8243; module_class=&#8221;sivupalkki_sisalto&#8221; _builder_version=&#8221;3.4.1&#8243; locked=&#8221;on&#8221; _i=&#8221;0&#8243; _address=&#8221;1.1.0&#8243;][\/et_pb_sidebar][\/et_pb_column][\/et_pb_section]<\/p>\n","protected":false},"excerpt":{"rendered":"<p>Rotaract ja Interact Rotaract ja Interact Rotaract-klubien toiminta on suunnattu 18\u250030-vuotiaille nuorille ja Interact-toiminta 12\u250018-vuotiaille nuorille. Toiminnan tarkoituksena on kehitt\u00e4\u00e4 nuorten kasvua vastuuntuntoisiksi aikuisiksi ja johtajiksi. Klubien j\u00e4senet p\u00e4\u00e4tt\u00e4v\u00e4t itse projekteistaan ja toiminnastaan. Nuorten klubeja sponsoroi ja heid\u00e4n toimintaansa tukee aina rotaryklubi. Toiminnassa nuoret p\u00e4\u00e4sev\u00e4t vaikuttamaan heille t\u00e4rkeisiin asioihin vuosittain suunniteltujen ja toteutettavien projektien avulla. [&hellip;]<\/p>\n","protected":false},"author":1,"featured_media":0,"parent":77,"menu_order":0,"comment_status":"closed","ping_status":"closed","template":"","meta":{"_acf_changed":false,"_et_pb_use_builder":"on","_et_pb_old_content":"","_et_gb_content_width":"","footnotes":""},"class_list":["post-163","page","type-page","status-publish","hentry"],"acf":[],"yoast_head":"<!-- This site is optimized with the Yoast SEO plugin v27.0 - https:\/\/yoast.com\/product\/yoast-seo-wordpress\/ -->\n<title>Rotaract ja Interact - Oulu City Rotaryklubi<\/title>\n<meta name=\"robots\" content=\"index, follow, max-snippet:-1, max-image-preview:large, max-video-preview:-1\" \/>\n<link rel=\"canonical\" href=\"https:\/\/rotary.fi\/oulucity\/mita-teemme\/rotaract-ja-interact\/\" \/>\n<meta property=\"og:locale\" content=\"fi_FI\" \/>\n<meta property=\"og:type\" content=\"article\" \/>\n<meta property=\"og:title\" content=\"Rotaract ja Interact - Oulu City Rotaryklubi\" \/>\n<meta property=\"og:description\" content=\"Rotaract ja Interact Rotaract ja Interact Rotaract-klubien toiminta on suunnattu 18\u250030-vuotiaille nuorille ja Interact-toiminta 12\u250018-vuotiaille nuorille. Toiminnan tarkoituksena on kehitt\u00e4\u00e4 nuorten kasvua vastuuntuntoisiksi aikuisiksi ja johtajiksi. Klubien j\u00e4senet p\u00e4\u00e4tt\u00e4v\u00e4t itse projekteistaan ja toiminnastaan. Nuorten klubeja sponsoroi ja heid\u00e4n toimintaansa tukee aina rotaryklubi. Toiminnassa nuoret p\u00e4\u00e4sev\u00e4t vaikuttamaan heille t\u00e4rkeisiin asioihin vuosittain suunniteltujen ja toteutettavien projektien avulla. [&hellip;]\" \/>\n<meta property=\"og:url\" content=\"https:\/\/rotary.fi\/oulucity\/mita-teemme\/rotaract-ja-interact\/\" \/>\n<meta property=\"og:site_name\" content=\"Oulu City Rotaryklubi\" \/>\n<meta property=\"article:modified_time\" content=\"2019-10-29T15:03:32+00:00\" \/>\n<meta name=\"twitter:card\" content=\"summary_large_image\" \/>\n<meta name=\"twitter:label1\" content=\"Arvioitu lukuaika\" \/>\n\t<meta name=\"twitter:data1\" content=\"2 minuuttia\" \/>\n<script type=\"application\/ld+json\" class=\"yoast-schema-graph\">{\"@context\":\"https:\/\/schema.org\",\"@graph\":[{\"@type\":\"WebPage\",\"@id\":\"https:\/\/rotary.fi\/oulucity\/mita-teemme\/rotaract-ja-interact\/\",\"url\":\"https:\/\/rotary.fi\/oulucity\/mita-teemme\/rotaract-ja-interact\/\",\"name\":\"Rotaract ja Interact - Oulu City Rotaryklubi\",\"isPartOf\":{\"@id\":\"https:\/\/rotary.fi\/oulucity\/#website\"},\"datePublished\":\"2018-08-13T06:51:14+00:00\",\"dateModified\":\"2019-10-29T15:03:32+00:00\",\"breadcrumb\":{\"@id\":\"https:\/\/rotary.fi\/oulucity\/mita-teemme\/rotaract-ja-interact\/#breadcrumb\"},\"inLanguage\":\"fi\",\"potentialAction\":[{\"@type\":\"ReadAction\",\"target\":[\"https:\/\/rotary.fi\/oulucity\/mita-teemme\/rotaract-ja-interact\/\"]}]},{\"@type\":\"BreadcrumbList\",\"@id\":\"https:\/\/rotary.fi\/oulucity\/mita-teemme\/rotaract-ja-interact\/#breadcrumb\",\"itemListElement\":[{\"@type\":\"ListItem\",\"position\":1,\"name\":\"Home\",\"item\":\"https:\/\/rotary.fi\/oulucity\/\"},{\"@type\":\"ListItem\",\"position\":2,\"name\":\"Mit\u00e4 teemme\",\"item\":\"https:\/\/rotary.fi\/oulucity\/mita-teemme\/\"},{\"@type\":\"ListItem\",\"position\":3,\"name\":\"Rotaract ja Interact\"}]},{\"@type\":\"WebSite\",\"@id\":\"https:\/\/rotary.fi\/oulucity\/#website\",\"url\":\"https:\/\/rotary.fi\/oulucity\/\",\"name\":\"Oulu City Rotaryklubi\",\"description\":\"Uusi Rotary klubisivusto\",\"potentialAction\":[{\"@type\":\"SearchAction\",\"target\":{\"@type\":\"EntryPoint\",\"urlTemplate\":\"https:\/\/rotary.fi\/oulucity\/?s={search_term_string}\"},\"query-input\":{\"@type\":\"PropertyValueSpecification\",\"valueRequired\":true,\"valueName\":\"search_term_string\"}}],\"inLanguage\":\"fi\"}]}<\/script>\n<!-- \/ Yoast SEO plugin. -->","yoast_head_json":{"title":"Rotaract ja Interact - Oulu City Rotaryklubi","robots":{"index":"index","follow":"follow","max-snippet":"max-snippet:-1","max-image-preview":"max-image-preview:large","max-video-preview":"max-video-preview:-1"},"canonical":"https:\/\/rotary.fi\/oulucity\/mita-teemme\/rotaract-ja-interact\/","og_locale":"fi_FI","og_type":"article","og_title":"Rotaract ja Interact - Oulu City Rotaryklubi","og_description":"Rotaract ja Interact Rotaract ja Interact Rotaract-klubien toiminta on suunnattu 18\u250030-vuotiaille nuorille ja Interact-toiminta 12\u250018-vuotiaille nuorille. Toiminnan tarkoituksena on kehitt\u00e4\u00e4 nuorten kasvua vastuuntuntoisiksi aikuisiksi ja johtajiksi. Klubien j\u00e4senet p\u00e4\u00e4tt\u00e4v\u00e4t itse projekteistaan ja toiminnastaan. Nuorten klubeja sponsoroi ja heid\u00e4n toimintaansa tukee aina rotaryklubi. Toiminnassa nuoret p\u00e4\u00e4sev\u00e4t vaikuttamaan heille t\u00e4rkeisiin asioihin vuosittain suunniteltujen ja toteutettavien projektien avulla. [&hellip;]","og_url":"https:\/\/rotary.fi\/oulucity\/mita-teemme\/rotaract-ja-interact\/","og_site_name":"Oulu City Rotaryklubi","article_modified_time":"2019-10-29T15:03:32+00:00","twitter_card":"summary_large_image","twitter_misc":{"Arvioitu lukuaika":"2 minuuttia"},"schema":{"@context":"https:\/\/schema.org","@graph":[{"@type":"WebPage","@id":"https:\/\/rotary.fi\/oulucity\/mita-teemme\/rotaract-ja-interact\/","url":"https:\/\/rotary.fi\/oulucity\/mita-teemme\/rotaract-ja-interact\/","name":"Rotaract ja Interact - Oulu City Rotaryklubi","isPartOf":{"@id":"https:\/\/rotary.fi\/oulucity\/#website"},"datePublished":"2018-08-13T06:51:14+00:00","dateModified":"2019-10-29T15:03:32+00:00","breadcrumb":{"@id":"https:\/\/rotary.fi\/oulucity\/mita-teemme\/rotaract-ja-interact\/#breadcrumb"},"inLanguage":"fi","potentialAction":[{"@type":"ReadAction","target":["https:\/\/rotary.fi\/oulucity\/mita-teemme\/rotaract-ja-interact\/"]}]},{"@type":"BreadcrumbList","@id":"https:\/\/rotary.fi\/oulucity\/mita-teemme\/rotaract-ja-interact\/#breadcrumb","itemListElement":[{"@type":"ListItem","position":1,"name":"Home","item":"https:\/\/rotary.fi\/oulucity\/"},{"@type":"ListItem","position":2,"name":"Mit\u00e4 teemme","item":"https:\/\/rotary.fi\/oulucity\/mita-teemme\/"},{"@type":"ListItem","position":3,"name":"Rotaract ja Interact"}]},{"@type":"WebSite","@id":"https:\/\/rotary.fi\/oulucity\/#website","url":"https:\/\/rotary.fi\/oulucity\/","name":"Oulu City Rotaryklubi","description":"Uusi Rotary klubisivusto","potentialAction":[{"@type":"SearchAction","target":{"@type":"EntryPoint","urlTemplate":"https:\/\/rotary.fi\/oulucity\/?s={search_term_string}"},"query-input":{"@type":"PropertyValueSpecification","valueRequired":true,"valueName":"search_term_string"}}],"inLanguage":"fi"}]}},"lang":"fi","translations":{"fi":163},"pll_sync_post":[],"_links":{"self":[{"href":"https:\/\/rotary.fi\/oulucity\/wp-json\/wp\/v2\/pages\/163","targetHints":{"allow":["GET"]}}],"collection":[{"href":"https:\/\/rotary.fi\/oulucity\/wp-json\/wp\/v2\/pages"}],"about":[{"href":"https:\/\/rotary.fi\/oulucity\/wp-json\/wp\/v2\/types\/page"}],"author":[{"embeddable":true,"href":"https:\/\/rotary.fi\/oulucity\/wp-json\/wp\/v2\/users\/1"}],"replies":[{"embeddable":true,"href":"https:\/\/rotary.fi\/oulucity\/wp-json\/wp\/v2\/comments?post=163"}],"version-history":[{"count":5,"href":"https:\/\/rotary.fi\/oulucity\/wp-json\/wp\/v2\/pages\/163\/revisions"}],"predecessor-version":[{"id":1579,"href":"https:\/\/rotary.fi\/oulucity\/wp-json\/wp\/v2\/pages\/163\/revisions\/1579"}],"up":[{"embeddable":true,"href":"https:\/\/rotary.fi\/oulucity\/wp-json\/wp\/v2\/pages\/77"}],"wp:attachment":[{"href":"https:\/\/rotary.fi\/oulucity\/wp-json\/wp\/v2\/media?parent=163"}],"curies":[{"name":"wp","href":"https:\/\/api.w.org\/{rel}","templated":true}]}}