{"id":156,"date":"2018-08-13T09:46:59","date_gmt":"2018-08-13T06:46:59","guid":{"rendered":"https:\/\/rotary.fi\/oulucity\/?page_id=156"},"modified":"2024-12-10T23:58:52","modified_gmt":"2024-12-10T21:58:52","slug":"projektit","status":"publish","type":"page","link":"https:\/\/rotary.fi\/oulucity\/mita-teemme\/projektit\/","title":{"rendered":"Projektit"},"content":{"rendered":"<p>[et_pb_section fb_built=&#8221;1&#8243; module_class=&#8221;jumbotron-page&#8221; _builder_version=&#8221;4.16&#8243; background_image=&#8221;https:\/\/rotary.fi\/oulucity\/wp-content\/uploads\/sites\/73\/2019\/10\/tuiranselkaa-3-1.jpg&#8221; global_colors_info=&#8221;{}&#8221;][et_pb_row _builder_version=&#8221;4.16&#8243; background_size=&#8221;initial&#8221; background_position=&#8221;top_left&#8221; background_repeat=&#8221;repeat&#8221; global_colors_info=&#8221;{}&#8221;][et_pb_column type=&#8221;4_4&#8243; _builder_version=&#8221;4.16&#8243; custom_padding=&#8221;|||&#8221; global_colors_info=&#8221;{}&#8221; custom_padding__hover=&#8221;|||&#8221;][et_pb_text admin_label=&#8221;P\u00e4\u00e4otsikko&#8221; _builder_version=&#8221;4.16&#8243; text_orientation=&#8221;center&#8221; background_layout=&#8221;dark&#8221; global_colors_info=&#8221;{}&#8221;]<\/p>\n<h1>Projektit<\/h1>\n<p>[\/et_pb_text][\/et_pb_column][\/et_pb_row][\/et_pb_section][et_pb_section fb_built=&#8221;1&#8243; specialty=&#8221;on&#8221; module_class_2=&#8221;sivupalkki&#8221; _builder_version=&#8221;4.16&#8243; global_colors_info=&#8221;{}&#8221;][et_pb_column type=&#8221;2_3&#8243; specialty_columns=&#8221;2&#8243; _builder_version=&#8221;4.16&#8243; custom_padding=&#8221;|||&#8221; global_colors_info=&#8221;{}&#8221; parallax__hover=&#8221;off&#8221; parallax_method__hover=&#8221;on&#8221; custom_padding__hover=&#8221;|||&#8221;][et_pb_row_inner admin_label=&#8221;Rivi&#8221; _builder_version=&#8221;4.16&#8243; global_colors_info=&#8221;{}&#8221;][et_pb_column_inner saved_specialty_column_type=&#8221;2_3&#8243; _builder_version=&#8221;4.16&#8243; custom_padding=&#8221;|||&#8221; global_colors_info=&#8221;{}&#8221; parallax__hover=&#8221;off&#8221; parallax_method__hover=&#8221;on&#8221; custom_padding__hover=&#8221;|||&#8221;][et_pb_text admin_label=&#8221;Projektit &#8211; Otsikko&#8221; _builder_version=&#8221;4.16&#8243; text_orientation=&#8221;center&#8221; global_colors_info=&#8221;{}&#8221;]<\/p>\n<h1>Projektit<\/h1>\n<p>[\/et_pb_text][et_pb_text _builder_version=&#8221;4.16&#8243; global_colors_info=&#8221;{}&#8221;]<\/p>\n<p><span style=\"font-size: 16px\">Rotary on palveluj\u00e4rjest\u00f6. Toimimme tunnuslauseemme Palvelu itsekkyyden edelle (Service above self) mukaisesti paikallisesti ja maailmanlaajuisesti. Kansainv\u00e4linen humanit\u00e4\u00e4rinen palvelumme toteutuu Rotarys\u00e4\u00e4ti\u00f6mme koordinoimana ja hyv\u00e4ksyttyjen kumppaneiden kanssa.<\/span><\/p>\n<p>[\/et_pb_text][et_pb_text _builder_version=&#8221;4.27.0&#8243; _module_preset=&#8221;default&#8221; global_colors_info=&#8221;{}&#8221;]<\/p>\n<h3>Taloudella turvaa tulevaisuuteen<\/h3>\n<p>[\/et_pb_text][et_pb_text _builder_version=&#8221;4.27.0&#8243; _module_preset=&#8221;default&#8221; global_colors_info=&#8221;{}&#8221;]<\/p>\n<p>Taloudella turvaa tulevaisuuteen-webinaarisarjan avulla tarjoamme tietoa henkil\u00f6kohtaisen talouden hallinnasta oululaisille toisen asteen oppilaitosten opiskelijoille. Syksyll\u00e4 2024 klubimme toteutti webinaarisarjan jo viidennen kerran, kohteena OSAO:n ja Oulun Suomalaisen yhteiskoulun lukion opiskelijat. Webinaarisarja toteutettiin PodCast-tyyppisen\u00e4 keskusteluna. Webinaarisarja sis\u00e4lt\u00e4\u00e4 my\u00f6s ongelmanratkaisutyyppisen teht\u00e4v\u00e4n opiskelijoille.<\/p>\n<p>Taloudella turvaa tulevaisuuteen -projekti kautta jo noin 1000 opiskelijaa on saanut tietoa talouden hallinnasta. Webinaarisarja toteutetaan yhteisty\u00f6ss\u00e4 OP Pohjolan ja Oikeusaputoimiston kanssa. Klubimme omat juridiikan, talouden ja yritystoiminnan ammattilaiset antavat projektiin omaa asiantuntemustaan.\u00a0<\/p>\n<p>[\/et_pb_text][et_pb_text _builder_version=&#8221;4.27.0&#8243; _module_preset=&#8221;default&#8221; global_colors_info=&#8221;{}&#8221;]<\/p>\n<h3>Kev\u00e4\u00e4n taikaa &#8211; The Spring Magic of Rotary (kev\u00e4t 2024)<\/h3>\n<p>[\/et_pb_text][et_pb_text _builder_version=&#8221;4.27.0&#8243; _module_preset=&#8221;default&#8221; global_colors_info=&#8221;{}&#8221;]<\/p>\n<p>J\u00e4rjestimme kes\u00e4lomaretken maahanmuuttajalapsille ja heid\u00e4n huoltajilleen Kalajoen Jukuparkiin, yhteisty\u00f6ss\u00e4 Oulun vastaanottokeskuksen tukiyhdistyksen sek\u00e4 Limingan kunnan nuorisopalveluiden kanssa.<\/p>\n<p>[\/et_pb_text][et_pb_text _builder_version=&#8221;4.27.0&#8243; global_colors_info=&#8221;{}&#8221;]<\/p>\n<h3>Kes\u00e4n taikaa &#8211; The Summer Magic of Rotary (kes\u00e4 2024)<\/h3>\n<p>[\/et_pb_text][et_pb_text _builder_version=&#8221;4.27.0&#8243; global_colors_info=&#8221;{}&#8221;]<\/p>\n<p>Tuimme v\u00e4h\u00e4varaisten nuorten urheiluharrastuksia tukemalla heit\u00e4 oululaisten jalkapalloseurojen Herculesin ja Oulu Nice Soccerin kautta. Tavoitteena on lasten ja nuoren el\u00e4m\u00e4nhallinnan ja yst\u00e4vyyssyhteiden tukeminen joukkuelajien kautta.\u00a0 <\/p>\n<p>[\/et_pb_text][et_pb_text _builder_version=&#8221;4.27.0&#8243; hover_enabled=&#8221;0&#8243; global_colors_info=&#8221;{}&#8221; sticky_enabled=&#8221;0&#8243;]<\/p>\n<h3>Talven taikaa &#8211; The Winter Magic of Rotary (talvi 2025)<\/h3>\n<h3>\u00a0<\/h3>\n<p>[\/et_pb_text][et_pb_text _builder_version=&#8221;4.27.0&#8243; hover_enabled=&#8221;0&#8243; global_colors_info=&#8221;{}&#8221; sticky_enabled=&#8221;0&#8243;]<\/p>\n<p>J\u00e4rjest\u00e4mme cheerleading -kerhon yhteisty\u00f6ss\u00e4 Paulaharjun koulun kanssa, kohderyhm\u00e4n\u00e4 eri kieli- ja kulttuuriryhmist\u00e4 tulevat lapset, esimerkiksi valmistavan opetuksen lapset. Tavoitteena on saada ukrainalaisia lapsia mukaan toimintaan ja tukea heit\u00e4 Oulussa.<\/p>\n<p>Helmikuussa 2025 j\u00e4rjest\u00e4mme rusettiluistelutapahtuman ja luisteluopetusta sek\u00e4 lahjoitamme kohderyhm\u00e4n k\u00e4ytt\u00f6\u00f6n urheiluv\u00e4lineit\u00e4.<\/p>\n<p>[\/et_pb_text][et_pb_text _builder_version=&#8221;4.27.0&#8243; global_colors_info=&#8221;{}&#8221;]<\/p>\n<h3>Palvelukodin hy\u00f6tykasviprojekti<\/h3>\n<p>[\/et_pb_text][et_pb_text _builder_version=&#8221;4.27.0&#8243; global_colors_info=&#8221;{}&#8221;]<\/p>\n<p style=\"background-color: transparent;background-image: none;color: #263b4c;cursor: text;quot;quot;,helvetica,arial,lucida,sans-serif;font-size: 100%;font-style: normal;font-variant: normal;font-weight: 500;letter-spacing: normal;text-align: left;text-decoration: none;text-indent: 0px;text-transform: none;vertical-align: baseline;padding: 0px 0px 1em 0px;margin: 0px;border: 0px none currentColor\">Meill\u00e4 on alkukes\u00e4n yhteinen hy\u00f6tykasviprojekti Rajakyl\u00e4n hoivan ja hy\u00f6tykasviyhdistyksen kanssa. Valmistelemme ja istutamme palvelukodin pihalle kasvilaatikoihin hy\u00f6tykasveja ja kes\u00e4kukkia palvelukodin k\u00e4ytt\u00e4jille virikkeeksi ja iloksi.<\/p>\n<p style=\"background-color: transparent;background-image: none;color: #263b4c;cursor: text;quot;quot;,helvetica,arial,lucida,sans-serif;font-size: 100%;font-style: normal;font-variant: normal;font-weight: 500;letter-spacing: normal;text-align: left;text-decoration: none;text-indent: 0px;text-transform: none;vertical-align: baseline;padding: 0px 0px 1em 0px;margin: 0px;border: 0px none currentColor\">Projekti toteutetaan kes\u00e4kuun alussa talkoona, jolloin kasvilaatikot valmistellaan ja kasvit istutetaan palvelukodin henkil\u00f6st\u00f6n ja asukkaiden avulla kasvukauteen. Palvelukodin k\u00e4ytt\u00e4j\u00e4t tarkkailevat, huolehtivat ja nauttivat kasvukauden aikana hy\u00f6tykasveista. Palvelukodin henkil\u00f6st\u00f6 huolehtii syksyll\u00e4 sadonkorjuun ja kasvilaatikoiden huollon.<\/p>\n<p style=\"background-color: transparent;background-image: none;color: #263b4c;cursor: text;quot;quot;,helvetica,arial,lucida,sans-serif;font-size: 100%;font-style: normal;font-variant: normal;font-weight: 500;letter-spacing: normal;text-align: left;text-decoration: none;text-indent: 0px;text-transform: none;vertical-align: baseline;padding: 0px;margin: 0px;border: 0px none currentColor\">Projektissa toteutuu mukava yhdess\u00e4 tekeminen ja pienell\u00e4 vaivalla toteutuva kes\u00e4nmittainen ilo ja hy\u00f6ty kaikille palvelukodin k\u00e4ytt\u00e4jille.<\/p>\n<p>[\/et_pb_text][et_pb_gallery gallery_ids=&#8221;1630,1629,1628,1627&#8243; _builder_version=&#8221;4.16&#8243; global_colors_info=&#8221;{}&#8221;][\/et_pb_gallery][et_pb_text _builder_version=&#8221;4.16&#8243; global_colors_info=&#8221;{}&#8221;]<\/p>\n<h3>Pelastakaa Lapset ry:n tukihenkil\u00f6- ja tukiperheprojekti<\/h3>\n<p>[\/et_pb_text][et_pb_text _builder_version=&#8221;4.27.0&#8243; global_colors_info=&#8221;{}&#8221;]<\/p>\n<p><span style=\"font-family: 'Open Sans',Helvetica,Arial,Lucida,sans-serif\"><span style=\"background-color: #ffffff\">Olemme tehneet yhteisty\u00f6t\u00e4 Pelastakaa Lapset ry:n<span style=\"float: none;background-color: #ffffff;color: #263b4c;cursor: text;font-family: 'Open Sans',Helvetica,Arial,Lucida,sans-serif;font-size: 100%;font-style: normal;font-variant: normal;font-weight: 500;letter-spacing: normal;text-align: left;text-decoration: none;text-indent: 0px;text-transform: none\"> kanssa j\u00e4rjest\u00e4m\u00e4ll tukiperheille ja tukihenkil\u00f6ille virkistysp\u00e4ivi\u00e4.<br \/><\/span><\/span><\/span><\/p>\n<p>[\/et_pb_text][et_pb_gallery gallery_ids=&#8221;1505,1506&#8243; _builder_version=&#8221;4.16&#8243; global_colors_info=&#8221;{}&#8221;][\/et_pb_gallery][\/et_pb_column_inner][\/et_pb_row_inner][\/et_pb_column][et_pb_column type=&#8221;1_3&#8243; module_class=&#8221;sivupalkki&#8221; _builder_version=&#8221;4.16&#8243; custom_padding=&#8221;|||&#8221; global_colors_info=&#8221;{}&#8221; parallax__hover=&#8221;off&#8221; parallax_method__hover=&#8221;on&#8221; module_class__hover=&#8221;sivupalkki&#8221; custom_padding__hover=&#8221;|||&#8221;][et_pb_sidebar area=&#8221;sidebar-1&#8243; module_class=&#8221;sivupalkki_sisalto&#8221; _builder_version=&#8221;4.16&#8243; locked=&#8221;on&#8221; global_colors_info=&#8221;{}&#8221;][\/et_pb_sidebar][\/et_pb_column][\/et_pb_section]<\/p>\n","protected":false},"excerpt":{"rendered":"<p>Projektit Projektit Rotary on palveluj\u00e4rjest\u00f6. Toimimme tunnuslauseemme Palvelu itsekkyyden edelle (Service above self) mukaisesti paikallisesti ja maailmanlaajuisesti. Kansainv\u00e4linen humanit\u00e4\u00e4rinen palvelumme toteutuu Rotarys\u00e4\u00e4ti\u00f6mme koordinoimana ja hyv\u00e4ksyttyjen kumppaneiden kanssa.Taloudella turvaa tulevaisuuteenTaloudella turvaa tulevaisuuteen-webinaarisarjan avulla tarjoamme tietoa henkil\u00f6kohtaisen talouden hallinnasta oululaisille toisen asteen oppilaitosten opiskelijoille. Syksyll\u00e4 2024 klubimme toteutti webinaarisarjan jo viidennen kerran, kohteena OSAO:n ja Oulun Suomalaisen [&hellip;]<\/p>\n","protected":false},"author":1,"featured_media":0,"parent":77,"menu_order":0,"comment_status":"closed","ping_status":"closed","template":"","meta":{"_acf_changed":false,"_et_pb_use_builder":"on","_et_pb_old_content":"","_et_gb_content_width":"","footnotes":""},"class_list":["post-156","page","type-page","status-publish","hentry"],"acf":[],"yoast_head":"<!-- This site is optimized with the Yoast SEO plugin v27.4 - https:\/\/yoast.com\/product\/yoast-seo-wordpress\/ -->\n<title>Projektit - Oulu City Rotaryklubi<\/title>\n<meta name=\"robots\" content=\"index, follow, max-snippet:-1, max-image-preview:large, max-video-preview:-1\" \/>\n<link rel=\"canonical\" href=\"https:\/\/rotary.fi\/oulucity\/mita-teemme\/projektit\/\" \/>\n<meta property=\"og:locale\" content=\"fi_FI\" \/>\n<meta property=\"og:type\" content=\"article\" \/>\n<meta property=\"og:title\" content=\"Projektit - Oulu City Rotaryklubi\" \/>\n<meta property=\"og:description\" content=\"Projektit Projektit Rotary on palveluj\u00e4rjest\u00f6. Toimimme tunnuslauseemme Palvelu itsekkyyden edelle (Service above self) mukaisesti paikallisesti ja maailmanlaajuisesti. Kansainv\u00e4linen humanit\u00e4\u00e4rinen palvelumme toteutuu Rotarys\u00e4\u00e4ti\u00f6mme koordinoimana ja hyv\u00e4ksyttyjen kumppaneiden kanssa.Taloudella turvaa tulevaisuuteenTaloudella turvaa tulevaisuuteen-webinaarisarjan avulla tarjoamme tietoa henkil\u00f6kohtaisen talouden hallinnasta oululaisille toisen asteen oppilaitosten opiskelijoille. Syksyll\u00e4 2024 klubimme toteutti webinaarisarjan jo viidennen kerran, kohteena OSAO:n ja Oulun Suomalaisen [&hellip;]\" \/>\n<meta property=\"og:url\" content=\"https:\/\/rotary.fi\/oulucity\/mita-teemme\/projektit\/\" \/>\n<meta property=\"og:site_name\" content=\"Oulu City Rotaryklubi\" \/>\n<meta property=\"article:modified_time\" content=\"2024-12-10T21:58:52+00:00\" \/>\n<meta name=\"twitter:card\" content=\"summary_large_image\" \/>\n<meta name=\"twitter:label1\" content=\"Arvioitu lukuaika\" \/>\n\t<meta name=\"twitter:data1\" content=\"4 minuuttia\" \/>\n<script type=\"application\/ld+json\" class=\"yoast-schema-graph\">{\"@context\":\"https:\\\/\\\/schema.org\",\"@graph\":[{\"@type\":\"WebPage\",\"@id\":\"https:\\\/\\\/rotary.fi\\\/oulucity\\\/mita-teemme\\\/projektit\\\/\",\"url\":\"https:\\\/\\\/rotary.fi\\\/oulucity\\\/mita-teemme\\\/projektit\\\/\",\"name\":\"Projektit - Oulu City Rotaryklubi\",\"isPartOf\":{\"@id\":\"https:\\\/\\\/rotary.fi\\\/oulucity\\\/#website\"},\"datePublished\":\"2018-08-13T06:46:59+00:00\",\"dateModified\":\"2024-12-10T21:58:52+00:00\",\"breadcrumb\":{\"@id\":\"https:\\\/\\\/rotary.fi\\\/oulucity\\\/mita-teemme\\\/projektit\\\/#breadcrumb\"},\"inLanguage\":\"fi\",\"potentialAction\":[{\"@type\":\"ReadAction\",\"target\":[\"https:\\\/\\\/rotary.fi\\\/oulucity\\\/mita-teemme\\\/projektit\\\/\"]}]},{\"@type\":\"BreadcrumbList\",\"@id\":\"https:\\\/\\\/rotary.fi\\\/oulucity\\\/mita-teemme\\\/projektit\\\/#breadcrumb\",\"itemListElement\":[{\"@type\":\"ListItem\",\"position\":1,\"name\":\"Home\",\"item\":\"https:\\\/\\\/rotary.fi\\\/oulucity\\\/\"},{\"@type\":\"ListItem\",\"position\":2,\"name\":\"Mit\u00e4 teemme\",\"item\":\"https:\\\/\\\/rotary.fi\\\/oulucity\\\/mita-teemme\\\/\"},{\"@type\":\"ListItem\",\"position\":3,\"name\":\"Projektit\"}]},{\"@type\":\"WebSite\",\"@id\":\"https:\\\/\\\/rotary.fi\\\/oulucity\\\/#website\",\"url\":\"https:\\\/\\\/rotary.fi\\\/oulucity\\\/\",\"name\":\"Oulu City Rotaryklubi\",\"description\":\"Uusi Rotary klubisivusto\",\"potentialAction\":[{\"@type\":\"SearchAction\",\"target\":{\"@type\":\"EntryPoint\",\"urlTemplate\":\"https:\\\/\\\/rotary.fi\\\/oulucity\\\/?s={search_term_string}\"},\"query-input\":{\"@type\":\"PropertyValueSpecification\",\"valueRequired\":true,\"valueName\":\"search_term_string\"}}],\"inLanguage\":\"fi\"}]}<\/script>\n<!-- \/ Yoast SEO plugin. -->","yoast_head_json":{"title":"Projektit - Oulu City Rotaryklubi","robots":{"index":"index","follow":"follow","max-snippet":"max-snippet:-1","max-image-preview":"max-image-preview:large","max-video-preview":"max-video-preview:-1"},"canonical":"https:\/\/rotary.fi\/oulucity\/mita-teemme\/projektit\/","og_locale":"fi_FI","og_type":"article","og_title":"Projektit - Oulu City Rotaryklubi","og_description":"Projektit Projektit Rotary on palveluj\u00e4rjest\u00f6. Toimimme tunnuslauseemme Palvelu itsekkyyden edelle (Service above self) mukaisesti paikallisesti ja maailmanlaajuisesti. Kansainv\u00e4linen humanit\u00e4\u00e4rinen palvelumme toteutuu Rotarys\u00e4\u00e4ti\u00f6mme koordinoimana ja hyv\u00e4ksyttyjen kumppaneiden kanssa.Taloudella turvaa tulevaisuuteenTaloudella turvaa tulevaisuuteen-webinaarisarjan avulla tarjoamme tietoa henkil\u00f6kohtaisen talouden hallinnasta oululaisille toisen asteen oppilaitosten opiskelijoille. Syksyll\u00e4 2024 klubimme toteutti webinaarisarjan jo viidennen kerran, kohteena OSAO:n ja Oulun Suomalaisen [&hellip;]","og_url":"https:\/\/rotary.fi\/oulucity\/mita-teemme\/projektit\/","og_site_name":"Oulu City Rotaryklubi","article_modified_time":"2024-12-10T21:58:52+00:00","twitter_card":"summary_large_image","twitter_misc":{"Arvioitu lukuaika":"4 minuuttia"},"schema":{"@context":"https:\/\/schema.org","@graph":[{"@type":"WebPage","@id":"https:\/\/rotary.fi\/oulucity\/mita-teemme\/projektit\/","url":"https:\/\/rotary.fi\/oulucity\/mita-teemme\/projektit\/","name":"Projektit - Oulu City Rotaryklubi","isPartOf":{"@id":"https:\/\/rotary.fi\/oulucity\/#website"},"datePublished":"2018-08-13T06:46:59+00:00","dateModified":"2024-12-10T21:58:52+00:00","breadcrumb":{"@id":"https:\/\/rotary.fi\/oulucity\/mita-teemme\/projektit\/#breadcrumb"},"inLanguage":"fi","potentialAction":[{"@type":"ReadAction","target":["https:\/\/rotary.fi\/oulucity\/mita-teemme\/projektit\/"]}]},{"@type":"BreadcrumbList","@id":"https:\/\/rotary.fi\/oulucity\/mita-teemme\/projektit\/#breadcrumb","itemListElement":[{"@type":"ListItem","position":1,"name":"Home","item":"https:\/\/rotary.fi\/oulucity\/"},{"@type":"ListItem","position":2,"name":"Mit\u00e4 teemme","item":"https:\/\/rotary.fi\/oulucity\/mita-teemme\/"},{"@type":"ListItem","position":3,"name":"Projektit"}]},{"@type":"WebSite","@id":"https:\/\/rotary.fi\/oulucity\/#website","url":"https:\/\/rotary.fi\/oulucity\/","name":"Oulu City Rotaryklubi","description":"Uusi Rotary klubisivusto","potentialAction":[{"@type":"SearchAction","target":{"@type":"EntryPoint","urlTemplate":"https:\/\/rotary.fi\/oulucity\/?s={search_term_string}"},"query-input":{"@type":"PropertyValueSpecification","valueRequired":true,"valueName":"search_term_string"}}],"inLanguage":"fi"}]}},"lang":"fi","translations":{"fi":156},"pll_sync_post":[],"_links":{"self":[{"href":"https:\/\/rotary.fi\/oulucity\/wp-json\/wp\/v2\/pages\/156","targetHints":{"allow":["GET"]}}],"collection":[{"href":"https:\/\/rotary.fi\/oulucity\/wp-json\/wp\/v2\/pages"}],"about":[{"href":"https:\/\/rotary.fi\/oulucity\/wp-json\/wp\/v2\/types\/page"}],"author":[{"embeddable":true,"href":"https:\/\/rotary.fi\/oulucity\/wp-json\/wp\/v2\/users\/1"}],"replies":[{"embeddable":true,"href":"https:\/\/rotary.fi\/oulucity\/wp-json\/wp\/v2\/comments?post=156"}],"version-history":[{"count":10,"href":"https:\/\/rotary.fi\/oulucity\/wp-json\/wp\/v2\/pages\/156\/revisions"}],"predecessor-version":[{"id":2354,"href":"https:\/\/rotary.fi\/oulucity\/wp-json\/wp\/v2\/pages\/156\/revisions\/2354"}],"up":[{"embeddable":true,"href":"https:\/\/rotary.fi\/oulucity\/wp-json\/wp\/v2\/pages\/77"}],"wp:attachment":[{"href":"https:\/\/rotary.fi\/oulucity\/wp-json\/wp\/v2\/media?parent=156"}],"curies":[{"name":"wp","href":"https:\/\/api.w.org\/{rel}","templated":true}]}}