{"id":129,"date":"2018-08-10T13:41:39","date_gmt":"2018-08-10T10:41:39","guid":{"rendered":"https:\/\/rotary.fi\/klubi2\/?page_id=129"},"modified":"2024-12-10T22:16:56","modified_gmt":"2024-12-10T20:16:56","slug":"keita-olemme","status":"publish","type":"page","link":"https:\/\/rotary.fi\/oulucity\/keita-olemme\/","title":{"rendered":"Keit\u00e4 olemme"},"content":{"rendered":"<p>[et_pb_section fb_built=&#8221;1&#8243; module_class=&#8221;jumbotron-page&#8221; _builder_version=&#8221;4.27.0&#8243; background_image=&#8221;https:\/\/rotary.fi\/oulucity\/wp-content\/uploads\/sites\/73\/2024\/12\/img-20211030-wa0038.jpg&#8221; background_size=&#8221;contain&#8221; global_colors_info=&#8221;{}&#8221;][et_pb_row _builder_version=&#8221;4.16&#8243; background_size=&#8221;initial&#8221; background_position=&#8221;top_left&#8221; background_repeat=&#8221;repeat&#8221; global_colors_info=&#8221;{}&#8221;][et_pb_column type=&#8221;4_4&#8243; _builder_version=&#8221;4.16&#8243; custom_padding=&#8221;|||&#8221; global_colors_info=&#8221;{}&#8221; custom_padding__hover=&#8221;|||&#8221;][et_pb_text admin_label=&#8221;P\u00e4\u00e4otsikko&#8221; _builder_version=&#8221;4.16&#8243; text_orientation=&#8221;center&#8221; background_layout=&#8221;dark&#8221; hover_enabled=&#8221;0&#8243; global_colors_info=&#8221;{}&#8221; sticky_enabled=&#8221;0&#8243;][\/et_pb_text][\/et_pb_column][\/et_pb_row][et_pb_row _builder_version=&#8221;4.16&#8243; background_size=&#8221;initial&#8221; background_position=&#8221;top_left&#8221; background_repeat=&#8221;repeat&#8221; global_colors_info=&#8221;{}&#8221;][et_pb_column type=&#8221;4_4&#8243; _builder_version=&#8221;4.16&#8243; custom_padding=&#8221;|||&#8221; global_colors_info=&#8221;{}&#8221; custom_padding__hover=&#8221;|||&#8221;][et_pb_text admin_label=&#8221;P\u00e4\u00e4otsikko&#8221; _builder_version=&#8221;4.16&#8243; text_orientation=&#8221;center&#8221; background_layout=&#8221;dark&#8221; global_colors_info=&#8221;{}&#8221;]<\/p>\n<h1>Keit\u00e4 olemme<\/h1>\n<p>[\/et_pb_text][\/et_pb_column][\/et_pb_row][\/et_pb_section][et_pb_section fb_built=&#8221;1&#8243; specialty=&#8221;on&#8221; module_class_2=&#8221;sivupalkki&#8221; _builder_version=&#8221;4.16&#8243; global_colors_info=&#8221;{}&#8221;][et_pb_column type=&#8221;2_3&#8243; specialty_columns=&#8221;2&#8243; _builder_version=&#8221;4.16&#8243; custom_padding=&#8221;|||&#8221; global_colors_info=&#8221;{}&#8221; custom_padding__hover=&#8221;|||&#8221;][et_pb_row_inner admin_label=&#8221;Rivi&#8221; _builder_version=&#8221;4.16&#8243; global_colors_info=&#8221;{}&#8221;][et_pb_column_inner saved_specialty_column_type=&#8221;2_3&#8243; _builder_version=&#8221;4.16&#8243; custom_padding=&#8221;|||&#8221; global_colors_info=&#8221;{}&#8221; custom_padding__hover=&#8221;|||&#8221;][et_pb_text admin_label=&#8221;Otsikko&#8221; _builder_version=&#8221;4.16&#8243; text_orientation=&#8221;center&#8221; hover_enabled=&#8221;0&#8243; global_colors_info=&#8221;{}&#8221; sticky_enabled=&#8221;0&#8243;][\/et_pb_text][\/et_pb_column_inner][\/et_pb_row_inner][et_pb_row_inner _builder_version=&#8221;4.16&#8243; global_colors_info=&#8221;{}&#8221;][et_pb_column_inner saved_specialty_column_type=&#8221;2_3&#8243; _builder_version=&#8221;4.16&#8243; global_colors_info=&#8221;{}&#8221;][et_pb_text _builder_version=&#8221;4.27.0&#8243; hover_enabled=&#8221;0&#8243; global_colors_info=&#8221;{}&#8221; sticky_enabled=&#8221;0&#8243;]<\/p>\n<p style=\"margin-bottom: 0cm;line-height: 100%\"><span style=\"color: #1c1c1c\"><span style=\"font-size: large\"><b>Tule mukaan rotareihin, vaikuttavaan kansainv\u00e4liseen verkostoon<\/b><\/span><\/span><\/p>\n<p style=\"margin-bottom: 0cm;line-height: 100%\"><span style=\"color: #1c1c1c\">Rotaryorganisaatio perustettiin Yhdysvalloissa 1905 kansainv\u00e4liseksi palvelu- ja hyv\u00e4ntekev\u00e4isyysorganisaatioksi.<\/span> <span style=\"color: #1c1c1c\">Rotareihin kuuluu 1,2 miljoonaa j\u00e4sent\u00e4 yli 200:ssa maassa. <\/span><\/p>\n<p style=\"margin-bottom: 0cm;line-height: 100%\"><span style=\"color: #1c1c1c\">Klubeja Suomessa ja Virossa on kolmisensataa. Klubit on organisoitu Suomessa viiteen piiriin, joista yhdess\u00e4 on mukana Viro.<\/span><\/p>\n<p style=\"margin-bottom: 0cm;line-height: 100%\">Rotarit eiv\u00e4t edusta mit\u00e4\u00e4n poliittista tai uskonnollista suuntausta.<\/p>\n<p style=\"margin-bottom: 0cm;line-height: 100%\">Tutustu my\u00f6s Suomen Rotaryjen sivuille <span style=\"color: #0563c1\"><u><a href=\"https:\/\/rotary.fi\/\">https:\/\/rotary.fi\/<\/a><\/u><\/span><\/p>\n<p style=\"margin-bottom: 0cm;line-height: 100%\"><span style=\"font-size: large\"><b>Keit\u00e4 olemme<\/b><\/span><\/p>\n<p style=\"margin-bottom: 0cm;line-height: 100%\">Oulu City Rotaryklubi on Oulun nuorin ja nuorekkain klubi. Klubimme on perustettu 2006, j\u00e4seni\u00e4 on noin 40. Oulun City Rotaryklubin j\u00e4senet edustavat laajalti eri ammattiryhmi\u00e4.<\/p>\n<p style=\"margin-bottom: 0cm;line-height: 100%\">Rotareina olemme osa kansainv\u00e4list\u00e4 j\u00e4rjest\u00f6\u00e4, johon kuuluvia yhdist\u00e4\u00e4 halu tehd\u00e4 hyv\u00e4\u00e4 ja palvella yhteis\u00f6\u00e4mme. <\/p>\n<p style=\"margin-bottom: 0cm;line-height: 100%\"><span style=\"color: #1c1c1c\"><span style=\"font-size: large\"><b>Mit\u00e4 teemme?<\/b><\/span><\/span><\/p>\n<p style=\"margin-bottom: 0cm;line-height: 100%\"><span style=\"color: #000000\">Oulu City Rotaryklubi <\/span><span style=\"color: #1c1c1c\">kokoontuu klubikokoukseen<\/span> s\u00e4\u00e4nn\u00f6llisesti joka toinen perjantai Ravintola Pokkisessa kello 7.30-8.30. Kokouksissamme kuulemme aamupalan lomassa mielenkiintoisia esitelmi\u00e4 ja ajankohtaisia asioita, sek\u00e4 viihdymme yhdess\u00e4.<\/p>\n<p style=\"margin-bottom: 0cm;line-height: 100%\">Klubikokousten lis\u00e4ksi vierailemme mielenkiintoisissa kohteissa. Rotaryvuoden aikana klubillamme on useita vapaa-ajan tapahtumia, joissa meill\u00e4 on mahdollisuus nauttia yhdess\u00e4olosta, tutustua toisiimme paremmin ja suunnitella toimintaamme. <\/p>\n<p style=\"margin-bottom: 0cm;line-height: 100%\">Nuorisovaihto on t\u00e4rkeimpi\u00e4 toistuvia projektejamme. Sen lis\u00e4ksi toteutamme palveluprojekteina yhdess\u00e4 suunnittelemiamme tapahtumia oululaisten iloksi ja virkistykseksi, my\u00f6s osana varainkeruutamme. Tuemme my\u00f6s humanit\u00e4\u00e4risi\u00e4 projekteja koordinoivaa Rotarys\u00e4\u00e4ti\u00f6t\u00e4.<\/p>\n<p style=\"margin-bottom: 0cm;line-height: 100%\"><span style=\"color: #1c1c1c\">Varainhankintaprojekteista ker\u00e4\u00e4m\u00e4mme varat k\u00e4yt\u00e4mme nuorisovaihtoon ja palveluprojekteihin.<\/span><\/p>\n<p style=\"margin-bottom: 0cm;line-height: 100%\"><span style=\"color: #1c1c1c\">Rotary- ja klubitoimintaa rahoitamme klubilaisten j\u00e4senmaksuilla. Vapaa-ajan toimintamme rahoitamme omakustanteisesti.<\/span><\/p>\n<p style=\"margin-bottom: 0cm;line-height: 100%\"><a name=\"_GoBack\"><\/a> <span style=\"color: #1c1c1c\"><span style=\"font-size: large\"><b>Kiinnostaako j\u00e4senyys?<\/b><\/span><\/span><\/p>\n<p style=\"margin-bottom: 0cm;line-height: 100%\"><span style=\"color: #1c1c1c\">Rotarina sinulla on mahdollisuus toimia ja vaikuttaa my\u00f6nteisten asioiden edist\u00e4miseksi. Lis\u00e4ksi saat sosiaalisen verkoston ja elinik\u00e4isi\u00e4 yst\u00e4vi\u00e4 kotipaikkakunnaltasi, jopa maailmanlaajuisesti. Sinulla on my\u00f6s mahdollisuus verkottua harrastuksesi jakavien muiden rotarien kanssa rotareiden moninaisissa kansainv\u00e4lisiss\u00e4 harrasteryhmiss\u00e4.<\/span><\/p>\n<p style=\"margin-bottom: 0cm;line-height: 100%\"><span style=\"color: #1c1c1c\">Tartu tilaisuuteen vaikuttaa asioihin yhdess\u00e4 samanhenkisten ihmisten kanssa. Voit tehd\u00e4 paljon oman yhteis\u00f6si j\u00e4senen\u00e4, ammattisi edustajana, osaajana ja vaikuttajana.<\/span><\/p>\n<p style=\"margin-bottom: 0cm;line-height: 100%\"><span style=\"color: #1c1c1c\">Saat erinomaisen mahdollisuuden verkostoitumiseen niin paikallisesti, valtakunnallisesti kuin laajemminkin. Rotary on kansainv\u00e4linen toimija, jonka kautta avautuu mahdollisuuksia ja n\u00e4k\u00f6aloja halutessasi my\u00f6s maailmanlaajuiseen toimintaan<\/span><\/p>\n<p style=\"margin-bottom: 0cm;line-height: 100%\"><span style=\"color: #1c1c1c\">Tule rohkeasti vierailemaan klubikokouksessamme ja tutustumaan meihin sek\u00e4 toimintaamme!<br \/><\/span><\/p>\n<p style=\"margin-bottom: 0cm;line-height: 100%\"><span style=\"font-variant: normal\"><span style=\"color: #1c1c1c\"><span style=\"font-family: Times New Roman,serif\"><span style=\"letter-spacing: normal\"><span style=\"font-style: normal\"><span style=\"font-weight: normal\">Tutustu my\u00f6s nuorille suunnattuun toimintaan, <\/span><\/span><\/span><\/span><\/span><\/span><span style=\"color: #0563c1\"><u><a href=\"https:\/\/rotary.fi\/mita-teemme\/nuorisopalvelut\/interact\/\" target=\"_blank\" rel=\"noopener noreferrer\"><span style=\"font-weight: normal\">Interactiin<\/span><\/a><\/u><\/span> <span style=\"font-variant: normal\"><span style=\"color: #1c1c1c\"><span style=\"font-family: Times New Roman,serif\"><span style=\"letter-spacing: normal\"><span style=\"font-style: normal\"><span style=\"font-weight: normal\">ja <\/span><\/span><\/span><\/span><\/span><\/span><span style=\"color: #0563c1\"><u><a href=\"https:\/\/rotary.fi\/mita-teemme\/nuorisopalvelut\/rotaract\/\" target=\"_blank\" rel=\"noopener noreferrer\"><span style=\"font-weight: normal\">Rotaractiin<\/span><\/a><\/u><\/span><span style=\"font-variant: normal\"><span style=\"color: #1c1c1c\"><span style=\"font-family: Times New Roman,serif\"><span style=\"letter-spacing: normal\"><span style=\"font-style: normal\"><span style=\"font-weight: normal\">.<\/span><\/span><\/span><\/span><\/span><\/span><\/p>\n<p>[\/et_pb_text][\/et_pb_column_inner][\/et_pb_row_inner][\/et_pb_column][et_pb_column type=&#8221;1_3&#8243; _builder_version=&#8221;4.16&#8243; custom_padding=&#8221;|||&#8221; global_colors_info=&#8221;{}&#8221; custom_padding__hover=&#8221;|||&#8221;][et_pb_sidebar area=&#8221;sidebar-1&#8243; module_class=&#8221;sivupalkki_sisalto&#8221; _builder_version=&#8221;4.16&#8243; locked=&#8221;on&#8221; global_colors_info=&#8221;{}&#8221;]<br \/>\n[\/et_pb_sidebar][\/et_pb_column][\/et_pb_section]<\/p>\n","protected":false},"excerpt":{"rendered":"<p>Keit\u00e4 olemme Tule mukaan rotareihin, vaikuttavaan kansainv\u00e4liseen verkostoon Rotaryorganisaatio perustettiin Yhdysvalloissa 1905 kansainv\u00e4liseksi palvelu- ja hyv\u00e4ntekev\u00e4isyysorganisaatioksi. Rotareihin kuuluu 1,2 miljoonaa j\u00e4sent\u00e4 yli 200:ssa maassa. Klubeja Suomessa ja Virossa on kolmisensataa. Klubit on organisoitu Suomessa viiteen piiriin, joista yhdess\u00e4 on mukana Viro. Rotarit eiv\u00e4t edusta mit\u00e4\u00e4n poliittista tai uskonnollista suuntausta. Tutustu my\u00f6s Suomen Rotaryjen sivuille https:\/\/rotary.fi\/ [&hellip;]<\/p>\n","protected":false},"author":1,"featured_media":0,"parent":0,"menu_order":0,"comment_status":"closed","ping_status":"closed","template":"","meta":{"_acf_changed":false,"_et_pb_use_builder":"on","_et_pb_old_content":"","_et_gb_content_width":"","footnotes":""},"class_list":["post-129","page","type-page","status-publish","hentry"],"acf":[],"yoast_head":"<!-- This site is optimized with the Yoast SEO plugin v27.0 - https:\/\/yoast.com\/product\/yoast-seo-wordpress\/ -->\n<title>Keit\u00e4 olemme - Oulu City Rotaryklubi<\/title>\n<meta name=\"robots\" content=\"index, follow, max-snippet:-1, max-image-preview:large, max-video-preview:-1\" \/>\n<link rel=\"canonical\" href=\"https:\/\/rotary.fi\/oulucity\/keita-olemme\/\" \/>\n<meta property=\"og:locale\" content=\"fi_FI\" \/>\n<meta property=\"og:type\" content=\"article\" \/>\n<meta property=\"og:title\" content=\"Keit\u00e4 olemme - Oulu City Rotaryklubi\" \/>\n<meta property=\"og:description\" content=\"Keit\u00e4 olemme Tule mukaan rotareihin, vaikuttavaan kansainv\u00e4liseen verkostoon Rotaryorganisaatio perustettiin Yhdysvalloissa 1905 kansainv\u00e4liseksi palvelu- ja hyv\u00e4ntekev\u00e4isyysorganisaatioksi. Rotareihin kuuluu 1,2 miljoonaa j\u00e4sent\u00e4 yli 200:ssa maassa. Klubeja Suomessa ja Virossa on kolmisensataa. Klubit on organisoitu Suomessa viiteen piiriin, joista yhdess\u00e4 on mukana Viro. Rotarit eiv\u00e4t edusta mit\u00e4\u00e4n poliittista tai uskonnollista suuntausta. Tutustu my\u00f6s Suomen Rotaryjen sivuille https:\/\/rotary.fi\/ [&hellip;]\" \/>\n<meta property=\"og:url\" content=\"https:\/\/rotary.fi\/oulucity\/keita-olemme\/\" \/>\n<meta property=\"og:site_name\" content=\"Oulu City Rotaryklubi\" \/>\n<meta property=\"article:modified_time\" content=\"2024-12-10T20:16:56+00:00\" \/>\n<meta name=\"twitter:card\" content=\"summary_large_image\" \/>\n<meta name=\"twitter:label1\" content=\"Arvioitu lukuaika\" \/>\n\t<meta name=\"twitter:data1\" content=\"3 minuuttia\" \/>\n<script type=\"application\/ld+json\" class=\"yoast-schema-graph\">{\"@context\":\"https:\/\/schema.org\",\"@graph\":[{\"@type\":\"WebPage\",\"@id\":\"https:\/\/rotary.fi\/oulucity\/keita-olemme\/\",\"url\":\"https:\/\/rotary.fi\/oulucity\/keita-olemme\/\",\"name\":\"Keit\u00e4 olemme - Oulu City Rotaryklubi\",\"isPartOf\":{\"@id\":\"https:\/\/rotary.fi\/oulucity\/#website\"},\"datePublished\":\"2018-08-10T10:41:39+00:00\",\"dateModified\":\"2024-12-10T20:16:56+00:00\",\"breadcrumb\":{\"@id\":\"https:\/\/rotary.fi\/oulucity\/keita-olemme\/#breadcrumb\"},\"inLanguage\":\"fi\",\"potentialAction\":[{\"@type\":\"ReadAction\",\"target\":[\"https:\/\/rotary.fi\/oulucity\/keita-olemme\/\"]}]},{\"@type\":\"BreadcrumbList\",\"@id\":\"https:\/\/rotary.fi\/oulucity\/keita-olemme\/#breadcrumb\",\"itemListElement\":[{\"@type\":\"ListItem\",\"position\":1,\"name\":\"Home\",\"item\":\"https:\/\/rotary.fi\/oulucity\/\"},{\"@type\":\"ListItem\",\"position\":2,\"name\":\"Keit\u00e4 olemme\"}]},{\"@type\":\"WebSite\",\"@id\":\"https:\/\/rotary.fi\/oulucity\/#website\",\"url\":\"https:\/\/rotary.fi\/oulucity\/\",\"name\":\"Oulu City Rotaryklubi\",\"description\":\"Uusi Rotary klubisivusto\",\"potentialAction\":[{\"@type\":\"SearchAction\",\"target\":{\"@type\":\"EntryPoint\",\"urlTemplate\":\"https:\/\/rotary.fi\/oulucity\/?s={search_term_string}\"},\"query-input\":{\"@type\":\"PropertyValueSpecification\",\"valueRequired\":true,\"valueName\":\"search_term_string\"}}],\"inLanguage\":\"fi\"}]}<\/script>\n<!-- \/ Yoast SEO plugin. -->","yoast_head_json":{"title":"Keit\u00e4 olemme - Oulu City Rotaryklubi","robots":{"index":"index","follow":"follow","max-snippet":"max-snippet:-1","max-image-preview":"max-image-preview:large","max-video-preview":"max-video-preview:-1"},"canonical":"https:\/\/rotary.fi\/oulucity\/keita-olemme\/","og_locale":"fi_FI","og_type":"article","og_title":"Keit\u00e4 olemme - Oulu City Rotaryklubi","og_description":"Keit\u00e4 olemme Tule mukaan rotareihin, vaikuttavaan kansainv\u00e4liseen verkostoon Rotaryorganisaatio perustettiin Yhdysvalloissa 1905 kansainv\u00e4liseksi palvelu- ja hyv\u00e4ntekev\u00e4isyysorganisaatioksi. Rotareihin kuuluu 1,2 miljoonaa j\u00e4sent\u00e4 yli 200:ssa maassa. Klubeja Suomessa ja Virossa on kolmisensataa. Klubit on organisoitu Suomessa viiteen piiriin, joista yhdess\u00e4 on mukana Viro. Rotarit eiv\u00e4t edusta mit\u00e4\u00e4n poliittista tai uskonnollista suuntausta. Tutustu my\u00f6s Suomen Rotaryjen sivuille https:\/\/rotary.fi\/ [&hellip;]","og_url":"https:\/\/rotary.fi\/oulucity\/keita-olemme\/","og_site_name":"Oulu City Rotaryklubi","article_modified_time":"2024-12-10T20:16:56+00:00","twitter_card":"summary_large_image","twitter_misc":{"Arvioitu lukuaika":"3 minuuttia"},"schema":{"@context":"https:\/\/schema.org","@graph":[{"@type":"WebPage","@id":"https:\/\/rotary.fi\/oulucity\/keita-olemme\/","url":"https:\/\/rotary.fi\/oulucity\/keita-olemme\/","name":"Keit\u00e4 olemme - Oulu City Rotaryklubi","isPartOf":{"@id":"https:\/\/rotary.fi\/oulucity\/#website"},"datePublished":"2018-08-10T10:41:39+00:00","dateModified":"2024-12-10T20:16:56+00:00","breadcrumb":{"@id":"https:\/\/rotary.fi\/oulucity\/keita-olemme\/#breadcrumb"},"inLanguage":"fi","potentialAction":[{"@type":"ReadAction","target":["https:\/\/rotary.fi\/oulucity\/keita-olemme\/"]}]},{"@type":"BreadcrumbList","@id":"https:\/\/rotary.fi\/oulucity\/keita-olemme\/#breadcrumb","itemListElement":[{"@type":"ListItem","position":1,"name":"Home","item":"https:\/\/rotary.fi\/oulucity\/"},{"@type":"ListItem","position":2,"name":"Keit\u00e4 olemme"}]},{"@type":"WebSite","@id":"https:\/\/rotary.fi\/oulucity\/#website","url":"https:\/\/rotary.fi\/oulucity\/","name":"Oulu City Rotaryklubi","description":"Uusi Rotary klubisivusto","potentialAction":[{"@type":"SearchAction","target":{"@type":"EntryPoint","urlTemplate":"https:\/\/rotary.fi\/oulucity\/?s={search_term_string}"},"query-input":{"@type":"PropertyValueSpecification","valueRequired":true,"valueName":"search_term_string"}}],"inLanguage":"fi"}]}},"lang":"fi","translations":{"fi":129},"pll_sync_post":[],"_links":{"self":[{"href":"https:\/\/rotary.fi\/oulucity\/wp-json\/wp\/v2\/pages\/129","targetHints":{"allow":["GET"]}}],"collection":[{"href":"https:\/\/rotary.fi\/oulucity\/wp-json\/wp\/v2\/pages"}],"about":[{"href":"https:\/\/rotary.fi\/oulucity\/wp-json\/wp\/v2\/types\/page"}],"author":[{"embeddable":true,"href":"https:\/\/rotary.fi\/oulucity\/wp-json\/wp\/v2\/users\/1"}],"replies":[{"embeddable":true,"href":"https:\/\/rotary.fi\/oulucity\/wp-json\/wp\/v2\/comments?post=129"}],"version-history":[{"count":10,"href":"https:\/\/rotary.fi\/oulucity\/wp-json\/wp\/v2\/pages\/129\/revisions"}],"predecessor-version":[{"id":2333,"href":"https:\/\/rotary.fi\/oulucity\/wp-json\/wp\/v2\/pages\/129\/revisions\/2333"}],"wp:attachment":[{"href":"https:\/\/rotary.fi\/oulucity\/wp-json\/wp\/v2\/media?parent=129"}],"curies":[{"name":"wp","href":"https:\/\/api.w.org\/{rel}","templated":true}]}}