{"id":1718,"date":"2022-01-01T20:13:25","date_gmt":"2022-01-01T18:13:25","guid":{"rendered":"https:\/\/rotary.fi\/oulu\/?page_id=1718"},"modified":"2022-01-31T17:19:27","modified_gmt":"2022-01-31T15:19:27","slug":"ohjelma-2020-2021","status":"publish","type":"page","link":"https:\/\/rotary.fi\/oulu\/mita-teemme\/ohjelma-2020-2021\/","title":{"rendered":"Ohjelma 2020-2021"},"content":{"rendered":"<p>[et_pb_section fb_built=&#8221;1&#8243; module_class=&#8221;jumbotron-page&#8221; _builder_version=&#8221;4.14.2&#8243; background_color=&#8221;#0C71C3&#8243; background_enable_image=&#8221;off&#8221; global_colors_info=&#8221;{}&#8221;][et_pb_row _builder_version=&#8221;3.25&#8243; background_size=&#8221;initial&#8221; background_position=&#8221;top_left&#8221; background_repeat=&#8221;repeat&#8221; global_colors_info=&#8221;{}&#8221;][et_pb_column type=&#8221;4_4&#8243; _builder_version=&#8221;3.25&#8243; custom_padding=&#8221;|||&#8221; global_colors_info=&#8221;{}&#8221; custom_padding__hover=&#8221;|||&#8221;][et_pb_text admin_label=&#8221;P\u00e4\u00e4otsikko&#8221; _builder_version=&#8221;4.14.2&#8243; text_orientation=&#8221;center&#8221; background_layout=&#8221;dark&#8221; global_colors_info=&#8221;{}&#8221;]<\/p>\n<h1>Ohjelma 2020-2021<\/h1>\n<p>[\/et_pb_text][\/et_pb_column][\/et_pb_row][\/et_pb_section][et_pb_section fb_built=&#8221;1&#8243; specialty=&#8221;on&#8221; module_class_2=&#8221;sivupalkki&#8221; _builder_version=&#8221;3.22&#8243; global_colors_info=&#8221;{}&#8221;][et_pb_column type=&#8221;2_3&#8243; specialty_columns=&#8221;2&#8243; _builder_version=&#8221;3.25&#8243; custom_padding=&#8221;|||&#8221; global_colors_info=&#8221;{}&#8221; parallax__hover=&#8221;off&#8221; parallax_method__hover=&#8221;on&#8221; custom_padding__hover=&#8221;|||&#8221;][et_pb_row_inner admin_label=&#8221;Rivi&#8221; _builder_version=&#8221;3.25&#8243; global_colors_info=&#8221;{}&#8221;][et_pb_column_inner saved_specialty_column_type=&#8221;2_3&#8243; _builder_version=&#8221;3.25&#8243; custom_padding=&#8221;|||&#8221; global_colors_info=&#8221;{}&#8221; parallax__hover=&#8221;off&#8221; parallax_method__hover=&#8221;on&#8221; custom_padding__hover=&#8221;|||&#8221;][et_pb_text _builder_version=&#8221;3.27.4&#8243; global_colors_info=&#8221;{}&#8221;]<\/p>\n<div id=\"content-middle\">\n<div class=\"zone zone-_main-stuff\" id=\"zone-_main\">\n<div class=\"token token-Content\" id=\"token-7473490\">\n<div class=\"content-container\" id=\"content-container-7473516\">\n<div id=\"content-text-7473516\">\n<div id=\"content-middle\">\n<div class=\"zone zone-_main-stuff\" id=\"zone-_main\">\n<div class=\"token token-Content\" id=\"token-11607438\">\n<div class=\"content-container\" id=\"content-container-11607472\">\n<div id=\"content-text-11607472\">\n<div id=\"content-middle\">\n<div class=\"zone zone-_main-stuff\" id=\"zone-_main\">\n<div class=\"token token-Content\" id=\"token-16910363\">\n<div class=\"content-container\" id=\"content-container-16910399\">\n<div id=\"content-text-16910399\">\n<h1 class=\"pageTitle\">Ohjelma 2020-2021<\/h1>\n<div class=\"zone\" id=\"zone-top\"><\/div>\n<div id=\"content-middle\">\n<div class=\"zone zone-_main-stuff\" id=\"zone-_main\">\n<div class=\"token token-Content\" id=\"token-17793721\">\n<p><a class=\"anchor\" name=\"anchor-17793721\"><\/a><\/p>\n<div class=\"content-container\" id=\"content-container-17793757\">\n<div id=\"content-text-17793757\">\n<p class=\"as_huomiolaatikko\">1.6.2021 Kaj Sartorisio<\/p>\n<p class=\"as_huomiolaatikko\">MPC: Monthly Program Chair, kuukauden ohjelmavastuuhenkil\u00f6<\/p>\n<p class=\"as_huomiolaatikko\">\n<\/div>\n<\/div>\n<\/div>\n<div class=\"token token-Content\" id=\"token-17793723\">\n<p><a class=\"anchor\" name=\"anchor-17793723\"><\/a><\/p>\n<div class=\"content-container\" id=\"content-container-17793759\">\n<div id=\"content-text-17793759\">\n<p class=\"as_huomiolaatikko\"><b>HEIN\u00c4KUU<span>\u00a0<\/span><\/b><b>2020 &#8211; Teema: Kes\u00e4meininki\u00e4 \/<span>\u00a0<\/span><\/b>MPC:\u00a0<\/p>\n<ul>\n<li><strong>2.7.\u00a0 Ei viikkokokousta<\/strong><\/li>\n<li><strong>9.7.\u00a0 Torikokous, Pannukakkutalo klo 12<\/strong><\/li>\n<li><strong>16.7. Ei viikkokokousta<\/strong><\/li>\n<li><strong>23.7. Kes\u00e4kahvit &#8211; Kahvila Makasiini klo 12, torin ranta<\/strong><\/li>\n<li><strong>30.7. Ei viikkokokousta<\/strong><\/li>\n<\/ul>\n<\/div>\n<\/div>\n<\/div>\n<div class=\"token token-Content\" id=\"token-17793725\">\n<p><a class=\"anchor\" name=\"anchor-17793725\"><\/a><\/p>\n<div class=\"content-container\" id=\"content-container-17793761\">\n<div id=\"content-text-17793761\">\n<p class=\"as_huomiolaatikko\"><b>ELOKUU 2020 &#8211; Teema: J\u00e4senist\u00f6 ja laajennusty\u00f6 <span>\u00a0<\/span><\/b>\/ MPC:\u00a0<\/p>\n<ul>\n<li><strong>6.8.\u00a0 Yritysesittely Eezy VMP Oy, Riikka Luoma-aho ja Harri Hautam\u00e4ki<\/strong><\/li>\n<li><strong>13.8. Oulu Rotaryklubi, tulevaisuuden suuntaviivat, Presidentti Mikko Nissinen<\/strong><\/li>\n<li><strong>20.8. V\u00e4h\u00e4l\u00e4 Yhti\u00f6t, TJ Ville V\u00e4h\u00e4l\u00e4<\/strong><\/li>\n<li><em>27.8. Hallituksen kokous 10:45<\/em><\/li>\n<li><strong>27.8. Oulu kaupungin turvallisuus, Turvallisuusjohtaja Kari Brostr\u00f6m<\/strong><\/li>\n<\/ul>\n<\/div>\n<\/div>\n<\/div>\n<div class=\"token token-Content\" id=\"token-17793727\">\n<p><strong><a class=\"anchor\" name=\"anchor-17793727\"><\/a><\/strong><\/p>\n<div class=\"content-container\" id=\"content-container-17793763\">\n<div id=\"content-text-17793763\">\n<p class=\"as_huomiolaatikko\"><strong>SYYSKUU 2020 &#8211; Teema: Peruskoulutus sek\u00e4 luku- ja kirjoitustaito\u00a0 \/\u00a0 MPC:\u00a0<\/strong><\/p>\n<ul>\n<li><strong>3.9.\u00a0 Oulun K\u00e4rp\u00e4t, liiketoimintaa ja j\u00e4\u00e4kiekkoa, TJ Tommi Virkkunen<\/strong><\/li>\n<li><strong>10.9. Oulun Zone, Ratamestari Jarmo Pekkala<\/strong><\/li>\n<li><strong>17.9. Poikien talo &#8211; Hanke, Johtaja Jussi Markus Poikien talo \/ Setlementti Ry<\/strong><\/li>\n<li><em>24.9. Hallituksen kokous 10:45<\/em><\/li>\n<li><strong>24.9. Piirin DG:n vierailu , DG Venanzia Rizzi<\/strong><\/li>\n<\/ul>\n<\/div>\n<\/div>\n<\/div>\n<div class=\"token token-Content\" id=\"token-17793729\">\n<p><strong><a class=\"anchor\" name=\"anchor-17793729\"><\/a><\/strong><\/p>\n<div class=\"content-container\" id=\"content-container-17793765\">\n<div id=\"content-text-17793765\">\n<p class=\"as_huomiolaatikko\"><b>\u200bLOKAKUU 2020 &#8211; Teema: Talouskehitys ja yhteiskunnallinen kehitt\u00e4minen <span>\u00a0<\/span><\/b>\/ MPC:\u00a0<\/p>\n<ul>\n<li><strong>1.10. Yritysesittely, Aureolis Oy, Petteri Paananen<\/strong><\/li>\n<li><strong>8.10. Luokitusesitelm\u00e4, SUPO 70 vuotta, Kari Junkkala<\/strong><\/li>\n<li><strong>15.10. Hiihto pohjoisnavalle, Matti Tervaskanto<\/strong><\/li>\n<li><strong>22.10. Ruutikangas Oy, TJ Timo Haataja<\/strong><\/li>\n<li><em>29.10.\u00a0 Hallituksen kokous: 10:45<\/em><\/li>\n<li><strong>29.10. Syyskokous<\/strong><\/li>\n<\/ul>\n<\/div>\n<\/div>\n<\/div>\n<div class=\"token token-Content\" id=\"token-17793731\">\n<p><a class=\"anchor\" name=\"anchor-17793731\"><\/a><\/p>\n<div class=\"content-container\" id=\"content-container-17793767\">\n<div id=\"content-text-17793767\">\n<p class=\"as_huomiolaatikko\"><b>MARRASKUU 2020 &#8211; Teema: Rotarys\u00e4\u00e4ti\u00f6<span>\u00a0<\/span><\/b>\/ MPC:\u00a0<\/p>\n<ul>\n<li><strong>5.11. Kiinteist\u00f6markkinat, Realia Management Oy, Vanhempi asiantuntija Jukka Uusitalo<\/strong><\/li>\n<li><strong>12.11. Kirkkomusiikkia kaikelle kansalle, Kanttori Emilia Soranta<\/strong><\/li>\n<li><strong>19.11. Hotelli Radisson Blu muutokset, Hotellijohtaja Tarja Karvola<\/strong><\/li>\n<li><em>26.11. Hallituksen kokous: 10:45<\/em><\/li>\n<li><strong>26.11. Saaga Travel ja linja-autoliikenteen haasteet, Liiketoimintajohtaja Kimmo Kokkonen Saaga Travel Oy<\/strong><\/li>\n<\/ul>\n<\/div>\n<\/div>\n<\/div>\n<div class=\"token token-Content\" id=\"token-17793733\">\n<p><a class=\"anchor\" name=\"anchor-17793733\"><\/a><\/p>\n<div class=\"content-container\" id=\"content-container-17793769\">\n<div id=\"content-text-17793769\">\n<p class=\"as_huomiolaatikko\"><b>\u200bJOULUKUU 2020 &#8211; Teema: Sairauksien ehk\u00e4isy ja hoito<span>\u00a0<\/span><\/b>\/ MPC:\u00a0<\/p>\n<ul>\n<li><strong>3.12. Rosatom ja hanhikivi projekti, PR Manager Outi Pelkonen<\/strong><\/li>\n<li><strong>10.12. SSAB ja hiilidioksiditon ter\u00e4s, ymp\u00e4rist\u00f6- ja turvallisuusjohtaja Harri Lepp\u00e4nen<\/strong><\/li>\n<li><strong>17.12.\u00a0 Syyskokouksen jatkokokous<\/strong><\/li>\n<li><strong>24.12. JOULUAATTO &#8211; Ei viikkokokousta<\/strong><\/li>\n<li><strong>31.12. UUDEN VUODEN AATTO &#8211; Ei viikkokokousta<\/strong><\/li>\n<\/ul>\n<\/div>\n<\/div>\n<\/div>\n<div class=\"token token-Content\" id=\"token-17793735\">\n<p><a class=\"anchor\" name=\"anchor-17793735\"><\/a><\/p>\n<div class=\"content-container\" id=\"content-container-17793771\">\n<div id=\"content-text-17793771\">\n<p class=\"as_huomiolaatikko\"><b>\u200bTAMMIKUU 2021 &#8211; Teema: Ammattipalvelu <span>\u00a0<\/span><\/b>\/ MPC:<\/p>\n<ul>\n<li><b style=\"font-size: 16px\"><span>7.1.\u00a0 Ei viikkokokousta<\/span><\/b><\/li>\n<li><b style=\"font-size: 16px\"><span>14.1. Yritysrahoitus ja elinkeinoel\u00e4m\u00e4,\u00a0 Johtaja Petri Ker\u00e4nen, Ely-Keskus<\/span><\/b><\/li>\n<li><b style=\"font-size: 16px\"><span>21.1. Rikkomattoman materiaalin testaus menetelm\u00e4t, Timo Ronkainen<\/span><\/b><\/li>\n<li><em>28.1. Hallituksen kokous 10:45<\/em><\/li>\n<li><b style=\"font-size: 16px\"><span>28.1.\u00a0 Uusyrityspalvelut Limingassa, Kajtsu Sartorisio<\/span><\/b><\/li>\n<\/ul>\n<\/div>\n<\/div>\n<\/div>\n<div class=\"token token-Content\" id=\"token-17793737\">\n<p><a class=\"anchor\" name=\"anchor-17793737\"><\/a><\/p>\n<div class=\"content-container\" id=\"content-container-17793773\">\n<div id=\"content-text-17793773\">\n<p class=\"as_huomiolaatikko\"><b>HELMIKUU 2021 &#8211; Teema: Rauhantutkimus ja konfliktien ehk\u00e4isy\/sovittelu<span>\u00a0<\/span><\/b>\/ MPC:\u00a0<\/p>\n<ul>\n<li><b>\u200b<span>4.2. Yritysten omistajavaihdokset ja arvonm\u00e4\u00e4ritykset, Toimitusjohtaja Aki Keisu Pohjoisen Yrityskaupat Oy<\/span><\/b><\/li>\n<li><b><span>11.2. Metalliromun ker\u00e4ys, Toimitusjohtaja Jyrki Mutanen, Romuta Oy<\/span><\/b><\/li>\n<li><b><span>18.2. Kuvakirja ja historiikki, Tj Ilpo Okkonen, Studio Ilpo Okkonen Oy<\/span><\/b><\/li>\n<li><em>25.2. Hallituksen kokous 10:45<\/em><\/li>\n<li><b><span>25.2. Finnvera, aluejohtaja Pasi Vartianen<\/span><\/b><\/li>\n<\/ul>\n<\/div>\n<\/div>\n<\/div>\n<div class=\"token token-Content\" id=\"token-17793739\">\n<p><a class=\"anchor\" name=\"anchor-17793739\"><\/a><\/p>\n<div class=\"content-container\" id=\"content-container-17793775\">\n<div id=\"content-text-17793775\">\n<p class=\"as_huomiolaatikko\"><b>\u200bMAALISKUU 2021 &#8211; Teema: Vesi- ja saniteettihuolto <span>\u00a0<\/span><\/b>\/ MPC:\u00a0<\/p>\n<ul>\n<li><b style=\"font-size: 16px\"><span>4.3. Pohjois-pohjanmaan yritt\u00e4j\u00e4t Ry, Kehitysp\u00e4\u00e4llikk\u00f6 Paula Pihlajamaa<\/span><\/b><\/li>\n<li><b style=\"font-size: 16px\"><span>11.3. Vuosi Pandemiaa,\u00a0 Mikko Nissinen<\/span><\/b><\/li>\n<li><b style=\"font-size: 16px\"><span>18.3. Luokitusesitelm\u00e4 Matti Tervaskanto<\/span><\/b><\/li>\n<li><em>25.3. Hallituksen kokous 10:45<\/em><\/li>\n<li><b style=\"font-size: 16px\"><span>25.3. Yrityskummi toiminta, Risto Luttinen\u00a0 Suomen yrityskummit<\/span><\/b><\/li>\n<\/ul>\n<\/div>\n<\/div>\n<\/div>\n<div class=\"token token-Content\" id=\"token-17793741\">\n<p><a class=\"anchor\" name=\"anchor-17793741\"><\/a><\/p>\n<div class=\"content-container\" id=\"content-container-17793777\">\n<div id=\"content-text-17793777\">\n<p class=\"as_huomiolaatikko\"><b>HUHTIKUU 2021 &#8211; Teema: \u00c4idin ja lapsen terveys<span>\u00a0<\/span><\/b>\/ MPC:<\/p>\n<ul>\n<li><strong>1.4. Rotarys\u00e4\u00e4ti\u00f6 katsaus, Teemu Haapala<\/strong><\/li>\n<li><strong>8.4. Kaleva ja tulevaisuuden media, Vastaava p\u00e4\u00e4toimittaja Sanna Keskinen<\/strong><\/li>\n<li><strong>15.4. L\u00e4\u00e4ketieteen etiikkaa rotareille, Jyrki M\u00e4kel\u00e4<\/strong><\/li>\n<li><strong>22.4. Sebitti Oy, Asiakkuusp\u00e4\u00e4llikk\u00f6 Ari Pyyk\u00f6l\u00e4<\/strong><\/li>\n<li><em>29.4. Hallituksen kokous 10:45<\/em><\/li>\n<li><strong>29.4. Pohjanmaan taksi oy esittely, Toimitusjohtaja Markku Ylikulju<\/strong><\/li>\n<\/ul>\n<\/div>\n<\/div>\n<\/div>\n<div class=\"token token-Content\" id=\"token-17793743\">\n<p><a class=\"anchor\" name=\"anchor-17793743\"><\/a><\/p>\n<div class=\"content-container\" id=\"content-container-17793779\">\n<div id=\"content-text-17793779\">\n<p class=\"as_huomiolaatikko\"><b>TOUKOKUU 2021 &#8211; Nuorisopalvelu<\/b><span>\u00a0<\/span>\/ MPC:<\/p>\n<ul>\n<li><b style=\"font-size: 16px\"><span>5.5. Oulun Rotaryklubi 87 vuotta<\/span><\/b><\/li>\n<li><b style=\"font-size: 16px\"><span>6.5. Vuosikokous<\/span><\/b><\/li>\n<li><b style=\"font-size: 16px\"><span>13.5. HELATORSTAI &#8211; Ei viikkokokousta<\/span><\/b><\/li>\n<li><b style=\"font-size: 16px\"><span>20.5. Oulu entrepreneur society, Anna Heumann-Kaya<\/span><\/b><\/li>\n<li><em>27.5. Hallituksen kokous 10:45<\/em><\/li>\n<li><b style=\"font-size: 16px\"><span>27.5. Oulun seurakuntien historia, Emeritusprofessori Hannu Mustakallio<\/span><\/b><\/li>\n<\/ul>\n<\/div>\n<\/div>\n<\/div>\n<div class=\"token token-Content\" id=\"token-17793745\">\n<p><a class=\"anchor\" name=\"anchor-17793745\"><\/a><\/p>\n<div class=\"content-container\" id=\"content-container-17793781\">\n<div id=\"content-text-17793781\">\n<p class=\"as_huomiolaatikko\"><b>\u200bKES\u00c4KUU 2021 &#8211; Teema: Rotaryn toveruusryhm\u00e4t <\/b><span>\u00a0<\/span>\/ MPC:<\/p>\n<ul>\n<li><strong>3.6. BusinessAsema Oulu, Yhteysp\u00e4\u00e4llikk\u00f6 Sari Kauppila BusinessOulu<\/strong><\/li>\n<li><strong>10.6. Yritys esittely R-Taso Oy, Asiakkuusp\u00e4\u00e4likk\u00f6 Outi T\u00f6rm\u00e4nen<\/strong><\/li>\n<li><strong>17.6. Vapaaehtoinen palokuntatoiminta, Oulun VPK Palop\u00e4\u00e4llikk\u00f6 Patrik Willberg<\/strong><\/li>\n<li><em>24.6. Hallituksen kokous 10:45<\/em><\/li>\n<li><strong>24.6. K\u00e4\u00e4tyjen vaihto, P, PE<\/strong><\/li>\n<\/ul>\n<\/div>\n<\/div>\n<\/div>\n<\/div>\n<\/div>\n<\/div>\n<\/div>\n<\/div>\n<\/div>\n<\/div>\n<\/div>\n<\/div>\n<\/div>\n<\/div>\n<\/div>\n<\/div>\n<\/div>\n<\/div>\n<\/div>\n<\/div>\n<p>[\/et_pb_text][\/et_pb_column_inner][\/et_pb_row_inner][\/et_pb_column][et_pb_column type=&#8221;1_3&#8243; module_class=&#8221;sivupalkki&#8221; _builder_version=&#8221;3.25&#8243; custom_padding=&#8221;|||&#8221; global_colors_info=&#8221;{}&#8221; parallax__hover=&#8221;off&#8221; parallax_method__hover=&#8221;on&#8221; module_class__hover=&#8221;sivupalkki&#8221; custom_padding__hover=&#8221;|||&#8221;][et_pb_sidebar area=&#8221;sidebar-1&#8243; module_class=&#8221;sivupalkki_sisalto&#8221; _builder_version=&#8221;3.4.1&#8243; locked=&#8221;on&#8221; global_colors_info=&#8221;{}&#8221;][\/et_pb_sidebar][\/et_pb_column][\/et_pb_section]<\/p>\n","protected":false},"excerpt":{"rendered":"<p>Ohjelma 2020-2021 Ohjelma 2020-2021 1.6.2021 Kaj Sartorisio MPC: Monthly Program Chair, kuukauden ohjelmavastuuhenkil\u00f6 HEIN\u00c4KUU\u00a02020 &#8211; Teema: Kes\u00e4meininki\u00e4 \/\u00a0MPC:\u00a0 2.7.\u00a0 Ei viikkokokousta 9.7.\u00a0 Torikokous, Pannukakkutalo klo 12 16.7. Ei viikkokokousta 23.7. Kes\u00e4kahvit &#8211; Kahvila Makasiini klo 12, torin ranta 30.7. Ei viikkokokousta ELOKUU 2020 &#8211; Teema: J\u00e4senist\u00f6 ja laajennusty\u00f6 \u00a0\/ MPC:\u00a0 6.8.\u00a0 Yritysesittely Eezy VMP Oy, [&hellip;]<\/p>\n","protected":false},"author":543,"featured_media":0,"parent":77,"menu_order":0,"comment_status":"closed","ping_status":"closed","template":"","meta":{"_acf_changed":false,"_et_pb_use_builder":"on","_et_pb_old_content":"","_et_gb_content_width":"","footnotes":""},"class_list":["post-1718","page","type-page","status-publish","hentry"],"acf":[],"yoast_head":"<!-- This site is optimized with the Yoast SEO plugin v27.0 - https:\/\/yoast.com\/product\/yoast-seo-wordpress\/ -->\n<title>Ohjelma 2020-2021 - Oulun Rotaryklubi<\/title>\n<meta name=\"robots\" content=\"index, follow, max-snippet:-1, max-image-preview:large, max-video-preview:-1\" \/>\n<link rel=\"canonical\" href=\"https:\/\/rotary.fi\/oulu\/mita-teemme\/ohjelma-2020-2021\/\" \/>\n<meta property=\"og:locale\" content=\"fi_FI\" \/>\n<meta property=\"og:type\" content=\"article\" \/>\n<meta property=\"og:title\" content=\"Ohjelma 2020-2021 - Oulun Rotaryklubi\" \/>\n<meta property=\"og:description\" content=\"Ohjelma 2020-2021 Ohjelma 2020-2021 1.6.2021 Kaj Sartorisio MPC: Monthly Program Chair, kuukauden ohjelmavastuuhenkil\u00f6 HEIN\u00c4KUU\u00a02020 - Teema: Kes\u00e4meininki\u00e4 \/\u00a0MPC:\u00a0 2.7.\u00a0 Ei viikkokokousta 9.7.\u00a0 Torikokous, Pannukakkutalo klo 12 16.7. Ei viikkokokousta 23.7. Kes\u00e4kahvit - Kahvila Makasiini klo 12, torin ranta 30.7. Ei viikkokokousta ELOKUU 2020 - Teema: J\u00e4senist\u00f6 ja laajennusty\u00f6 \u00a0\/ MPC:\u00a0 6.8.\u00a0 Yritysesittely Eezy VMP Oy, [&hellip;]\" \/>\n<meta property=\"og:url\" content=\"https:\/\/rotary.fi\/oulu\/mita-teemme\/ohjelma-2020-2021\/\" \/>\n<meta property=\"og:site_name\" content=\"Oulun Rotaryklubi\" \/>\n<meta property=\"article:modified_time\" content=\"2022-01-31T15:19:27+00:00\" \/>\n<meta name=\"twitter:card\" content=\"summary_large_image\" \/>\n<meta name=\"twitter:label1\" content=\"Arvioitu lukuaika\" \/>\n\t<meta name=\"twitter:data1\" content=\"3 minuuttia\" \/>\n<script type=\"application\/ld+json\" class=\"yoast-schema-graph\">{\"@context\":\"https:\/\/schema.org\",\"@graph\":[{\"@type\":\"WebPage\",\"@id\":\"https:\/\/rotary.fi\/oulu\/mita-teemme\/ohjelma-2020-2021\/\",\"url\":\"https:\/\/rotary.fi\/oulu\/mita-teemme\/ohjelma-2020-2021\/\",\"name\":\"Ohjelma 2020-2021 - Oulun Rotaryklubi\",\"isPartOf\":{\"@id\":\"https:\/\/rotary.fi\/oulu\/#website\"},\"datePublished\":\"2022-01-01T18:13:25+00:00\",\"dateModified\":\"2022-01-31T15:19:27+00:00\",\"breadcrumb\":{\"@id\":\"https:\/\/rotary.fi\/oulu\/mita-teemme\/ohjelma-2020-2021\/#breadcrumb\"},\"inLanguage\":\"fi\",\"potentialAction\":[{\"@type\":\"ReadAction\",\"target\":[\"https:\/\/rotary.fi\/oulu\/mita-teemme\/ohjelma-2020-2021\/\"]}]},{\"@type\":\"BreadcrumbList\",\"@id\":\"https:\/\/rotary.fi\/oulu\/mita-teemme\/ohjelma-2020-2021\/#breadcrumb\",\"itemListElement\":[{\"@type\":\"ListItem\",\"position\":1,\"name\":\"Home\",\"item\":\"https:\/\/rotary.fi\/oulu\/\"},{\"@type\":\"ListItem\",\"position\":2,\"name\":\"Mit\u00e4 me teemme\",\"item\":\"https:\/\/rotary.fi\/oulu\/mita-teemme\/\"},{\"@type\":\"ListItem\",\"position\":3,\"name\":\"Ohjelma 2020-2021\"}]},{\"@type\":\"WebSite\",\"@id\":\"https:\/\/rotary.fi\/oulu\/#website\",\"url\":\"https:\/\/rotary.fi\/oulu\/\",\"name\":\"Oulun Rotaryklubi\",\"description\":\"Uusi Rotary klubisivusto\",\"potentialAction\":[{\"@type\":\"SearchAction\",\"target\":{\"@type\":\"EntryPoint\",\"urlTemplate\":\"https:\/\/rotary.fi\/oulu\/?s={search_term_string}\"},\"query-input\":{\"@type\":\"PropertyValueSpecification\",\"valueRequired\":true,\"valueName\":\"search_term_string\"}}],\"inLanguage\":\"fi\"}]}<\/script>\n<!-- \/ Yoast SEO plugin. -->","yoast_head_json":{"title":"Ohjelma 2020-2021 - Oulun Rotaryklubi","robots":{"index":"index","follow":"follow","max-snippet":"max-snippet:-1","max-image-preview":"max-image-preview:large","max-video-preview":"max-video-preview:-1"},"canonical":"https:\/\/rotary.fi\/oulu\/mita-teemme\/ohjelma-2020-2021\/","og_locale":"fi_FI","og_type":"article","og_title":"Ohjelma 2020-2021 - Oulun Rotaryklubi","og_description":"Ohjelma 2020-2021 Ohjelma 2020-2021 1.6.2021 Kaj Sartorisio MPC: Monthly Program Chair, kuukauden ohjelmavastuuhenkil\u00f6 HEIN\u00c4KUU\u00a02020 - Teema: Kes\u00e4meininki\u00e4 \/\u00a0MPC:\u00a0 2.7.\u00a0 Ei viikkokokousta 9.7.\u00a0 Torikokous, Pannukakkutalo klo 12 16.7. Ei viikkokokousta 23.7. Kes\u00e4kahvit - Kahvila Makasiini klo 12, torin ranta 30.7. Ei viikkokokousta ELOKUU 2020 - Teema: J\u00e4senist\u00f6 ja laajennusty\u00f6 \u00a0\/ MPC:\u00a0 6.8.\u00a0 Yritysesittely Eezy VMP Oy, [&hellip;]","og_url":"https:\/\/rotary.fi\/oulu\/mita-teemme\/ohjelma-2020-2021\/","og_site_name":"Oulun Rotaryklubi","article_modified_time":"2022-01-31T15:19:27+00:00","twitter_card":"summary_large_image","twitter_misc":{"Arvioitu lukuaika":"3 minuuttia"},"schema":{"@context":"https:\/\/schema.org","@graph":[{"@type":"WebPage","@id":"https:\/\/rotary.fi\/oulu\/mita-teemme\/ohjelma-2020-2021\/","url":"https:\/\/rotary.fi\/oulu\/mita-teemme\/ohjelma-2020-2021\/","name":"Ohjelma 2020-2021 - Oulun Rotaryklubi","isPartOf":{"@id":"https:\/\/rotary.fi\/oulu\/#website"},"datePublished":"2022-01-01T18:13:25+00:00","dateModified":"2022-01-31T15:19:27+00:00","breadcrumb":{"@id":"https:\/\/rotary.fi\/oulu\/mita-teemme\/ohjelma-2020-2021\/#breadcrumb"},"inLanguage":"fi","potentialAction":[{"@type":"ReadAction","target":["https:\/\/rotary.fi\/oulu\/mita-teemme\/ohjelma-2020-2021\/"]}]},{"@type":"BreadcrumbList","@id":"https:\/\/rotary.fi\/oulu\/mita-teemme\/ohjelma-2020-2021\/#breadcrumb","itemListElement":[{"@type":"ListItem","position":1,"name":"Home","item":"https:\/\/rotary.fi\/oulu\/"},{"@type":"ListItem","position":2,"name":"Mit\u00e4 me teemme","item":"https:\/\/rotary.fi\/oulu\/mita-teemme\/"},{"@type":"ListItem","position":3,"name":"Ohjelma 2020-2021"}]},{"@type":"WebSite","@id":"https:\/\/rotary.fi\/oulu\/#website","url":"https:\/\/rotary.fi\/oulu\/","name":"Oulun Rotaryklubi","description":"Uusi Rotary klubisivusto","potentialAction":[{"@type":"SearchAction","target":{"@type":"EntryPoint","urlTemplate":"https:\/\/rotary.fi\/oulu\/?s={search_term_string}"},"query-input":{"@type":"PropertyValueSpecification","valueRequired":true,"valueName":"search_term_string"}}],"inLanguage":"fi"}]}},"lang":"fi","translations":{"fi":1718},"pll_sync_post":[],"_links":{"self":[{"href":"https:\/\/rotary.fi\/oulu\/wp-json\/wp\/v2\/pages\/1718","targetHints":{"allow":["GET"]}}],"collection":[{"href":"https:\/\/rotary.fi\/oulu\/wp-json\/wp\/v2\/pages"}],"about":[{"href":"https:\/\/rotary.fi\/oulu\/wp-json\/wp\/v2\/types\/page"}],"author":[{"embeddable":true,"href":"https:\/\/rotary.fi\/oulu\/wp-json\/wp\/v2\/users\/543"}],"replies":[{"embeddable":true,"href":"https:\/\/rotary.fi\/oulu\/wp-json\/wp\/v2\/comments?post=1718"}],"version-history":[{"count":10,"href":"https:\/\/rotary.fi\/oulu\/wp-json\/wp\/v2\/pages\/1718\/revisions"}],"predecessor-version":[{"id":1811,"href":"https:\/\/rotary.fi\/oulu\/wp-json\/wp\/v2\/pages\/1718\/revisions\/1811"}],"up":[{"embeddable":true,"href":"https:\/\/rotary.fi\/oulu\/wp-json\/wp\/v2\/pages\/77"}],"wp:attachment":[{"href":"https:\/\/rotary.fi\/oulu\/wp-json\/wp\/v2\/media?parent=1718"}],"curies":[{"name":"wp","href":"https:\/\/api.w.org\/{rel}","templated":true}]}}