{"id":1713,"date":"2022-01-01T20:09:00","date_gmt":"2022-01-01T18:09:00","guid":{"rendered":"https:\/\/rotary.fi\/oulu\/?page_id=1713"},"modified":"2022-01-01T20:10:47","modified_gmt":"2022-01-01T18:10:47","slug":"ohjelma-2019-2020","status":"publish","type":"page","link":"https:\/\/rotary.fi\/oulu\/mita-teemme\/ohjelma-2019-2020\/","title":{"rendered":"Ohjelma 2019-2020"},"content":{"rendered":"<p>[et_pb_section fb_built=&#8221;1&#8243; module_class=&#8221;jumbotron-page&#8221; _builder_version=&#8221;4.14.2&#8243; background_color=&#8221;#0C71C3&#8243; background_enable_image=&#8221;off&#8221; global_colors_info=&#8221;{}&#8221;][et_pb_row _builder_version=&#8221;3.25&#8243; background_size=&#8221;initial&#8221; background_position=&#8221;top_left&#8221; background_repeat=&#8221;repeat&#8221; global_colors_info=&#8221;{}&#8221;][et_pb_column type=&#8221;4_4&#8243; _builder_version=&#8221;3.25&#8243; custom_padding=&#8221;|||&#8221; global_colors_info=&#8221;{}&#8221; custom_padding__hover=&#8221;|||&#8221;][et_pb_text admin_label=&#8221;P\u00e4\u00e4otsikko&#8221; _builder_version=&#8221;4.14.2&#8243; text_orientation=&#8221;center&#8221; background_layout=&#8221;dark&#8221; global_colors_info=&#8221;{}&#8221;]<\/p>\n<h1>Ohjelma 2019-2020<\/h1>\n<p>[\/et_pb_text][\/et_pb_column][\/et_pb_row][\/et_pb_section][et_pb_section fb_built=&#8221;1&#8243; specialty=&#8221;on&#8221; module_class_2=&#8221;sivupalkki&#8221; _builder_version=&#8221;3.22&#8243; global_colors_info=&#8221;{}&#8221;][et_pb_column type=&#8221;2_3&#8243; specialty_columns=&#8221;2&#8243; _builder_version=&#8221;3.25&#8243; custom_padding=&#8221;|||&#8221; global_colors_info=&#8221;{}&#8221; parallax__hover=&#8221;off&#8221; parallax_method__hover=&#8221;on&#8221; custom_padding__hover=&#8221;|||&#8221;][et_pb_row_inner admin_label=&#8221;Rivi&#8221; _builder_version=&#8221;3.25&#8243; global_colors_info=&#8221;{}&#8221;][et_pb_column_inner saved_specialty_column_type=&#8221;2_3&#8243; _builder_version=&#8221;3.25&#8243; custom_padding=&#8221;|||&#8221; global_colors_info=&#8221;{}&#8221; parallax__hover=&#8221;off&#8221; parallax_method__hover=&#8221;on&#8221; custom_padding__hover=&#8221;|||&#8221;][et_pb_text _builder_version=&#8221;3.27.4&#8243; global_colors_info=&#8221;{}&#8221;]<\/p>\n<div id=\"content-middle\">\n<div class=\"zone zone-_main-stuff\" id=\"zone-_main\">\n<div class=\"token token-Content\" id=\"token-7473490\">\n<div class=\"content-container\" id=\"content-container-7473516\">\n<div id=\"content-text-7473516\">\n<div id=\"content-middle\">\n<div class=\"zone zone-_main-stuff\" id=\"zone-_main\">\n<div class=\"token token-Content\" id=\"token-11607438\">\n<div class=\"content-container\" id=\"content-container-11607472\">\n<div id=\"content-text-11607472\">\n<div id=\"content-middle\">\n<div class=\"zone zone-_main-stuff\" id=\"zone-_main\">\n<div class=\"token token-Content\" id=\"token-16910363\">\n<div class=\"content-container\" id=\"content-container-16910399\">\n<div id=\"content-text-16910399\">\n<h1 class=\"pageTitle\">Ohjelma 2019-2020<\/h1>\n<div class=\"zone\" id=\"zone-top\"><\/div>\n<div id=\"content-middle\">\n<div class=\"zone zone-_main-stuff\" id=\"zone-_main\">\n<div class=\"token token-Content\" id=\"token-17793721\"><a class=\"anchor\" name=\"anchor-17793721\"><\/a><\/p>\n<div class=\"content-container\" id=\"content-container-17793757\">\n<div id=\"content-text-17793757\">\n<p class=\"as_huomiolaatikko\">11.6.2020 Hannu H\u00e4yrynen<\/p>\n<p class=\"as_huomiolaatikko\">MPC: Monthly Program Chair, kuukauden ohjelmavastuuhenkil\u00f6<\/p>\n<\/div>\n<\/div>\n<\/div>\n<div class=\"token token-Content\" id=\"token-17793723\"><a class=\"anchor\" name=\"anchor-17793723\"><\/a><\/p>\n<div class=\"content-container\" id=\"content-container-17793759\">\n<div id=\"content-text-17793759\">\n<p class=\"as_huomiolaatikko\"><b>HEIN\u00c4KUU<span>\u00a0<\/span><\/b><b>2019\u00a0&#8211; Teema: Kes\u00e4meininki\u00e4 \/<span>\u00a0<\/span><\/b>MPC: Timo Suonper\u00e4<\/p>\n<ul>\n<li><b>4.7. \u00a0 Torikokous 1, Kauppatorin Kahvila-Makasiini Oulu<\/b><\/li>\n<li><b>11.7. Ei viikkokokousta<\/b><\/li>\n<li><b>18.7. Ei vikkokokousta<\/b><\/li>\n<li><b>25.7.\u00a0Torikokous 2, Kauppatorin Kahvila-Makasiini Oulu<\/b><\/li>\n<\/ul>\n<\/div>\n<\/div>\n<\/div>\n<div class=\"token token-Content\" id=\"token-17793725\"><a class=\"anchor\" name=\"anchor-17793725\"><\/a><\/p>\n<div class=\"content-container\" id=\"content-container-17793761\">\n<div id=\"content-text-17793761\">\n<p class=\"as_huomiolaatikko\"><b>ELOKUU 2019\u00a0&#8211; Teema: J\u00e4senist\u00f6 ja laajennusty\u00f6\u00a0<span>\u00a0<\/span><\/b>\/ MPC: Hannu H\u00e4yrynen<\/p>\n<ul>\n<li><b>1.8.\u00a0 \u00a0 Rotaryvuoden avaus, P Markku Hentil\u00e4<\/b><\/li>\n<li><b>8.8.\u00a0 \u00a0 Maailmanymp\u00e4ri &#8211; erilaisia reissukokemuksia, Jouko Pelkonen<\/b><\/li>\n<li><b>15.8. \u00a0Reservil\u00e4isten kansainv\u00e4liset koulutusmahdollisuudet,\u00a0P Markku Hentil\u00e4<\/b><\/li>\n<li><b>22.8.\u00a0\u00a0Per\u00e4merenkaaren yhteisty\u00f6 ja sen tuomat mahdollisuudet, Heikki Aalto Oulun kaupunki\u00a0 \u00a0 \u00a0(Hannu H\u00e4yrynen)<\/b><\/li>\n<li><i>29.8.\u00a0<\/i><i>Hallituksen kokous 10:45<\/i><\/li>\n<li><b>29.8.\u00a0 Hampurin konferenssin kuulumiset, Jorma Kinnunen ja Juhani Hannila<\/b><\/li>\n<\/ul>\n<\/div>\n<\/div>\n<\/div>\n<div class=\"token token-Content\" id=\"token-17793727\"><a class=\"anchor\" name=\"anchor-17793727\"><\/a><\/p>\n<div class=\"content-container\" id=\"content-container-17793763\">\n<div id=\"content-text-17793763\">\n<p class=\"as_huomiolaatikko\">SYYSKUU 2019\u00a0&#8211; Teema: Peruskoulutus sek\u00e4 luku- ja kirjoitustaito\u00a0 \/\u00a0 MPC: Sulo Lahdelma<\/p>\n<ul>\n<li><b>5.9. \u00a0 Oulun uusi oikeustalo,\u00a0Reijo Junkkari<\/b><\/li>\n<li><b>12.9. Kuvern\u00f6\u00f6rin klubivierailu, DG Jorma Winter<\/b><\/li>\n<li><b>19.9. Yritysvierailu:\u00a0<\/b><b>OSAO Kotkantie 2 A Oulu. Kokoontuminen em. osoitteessa klo 11.30. Is\u00e4nt\u00e4n\u00e4 Vesa Piril\u00e4 (Sulo Lahdelma)<\/b><\/li>\n<li><i>26.9. Hallituksen kokous 10:45<\/i><\/li>\n<li><b>26.9. Ajankohtaista Pohjois-Suomen elinkeinoel\u00e4m\u00e4st\u00e4, varatoimitusjohtaja Esa Pellikainen, Oulun kauppakamari (Sulo Lahdelma) HUOM:\u00a0POIKKEAVA KOKOUSPAIKKA: RAVINTOLA\u00a0OSKARIN KELLARI ISOMPI KABINETTI, UUSIKATU 26, 2. KERROS<\/b><\/li>\n<\/ul>\n<\/div>\n<\/div>\n<\/div>\n<div class=\"token token-Content\" id=\"token-17793729\"><a class=\"anchor\" name=\"anchor-17793729\"><\/a><\/p>\n<div class=\"content-container\" id=\"content-container-17793765\">\n<div id=\"content-text-17793765\">\n<p class=\"as_huomiolaatikko\"><b>\u200bLOKAKUU 2019\u00a0&#8211; Teema: Talouskehitys ja yhteiskunnallinen kehitt\u00e4minen\u00a0<span>\u00a0<\/span><\/b>\/ MPC: Timo Suonper\u00e4<\/p>\n<ul>\n<li><b>3.10.\u00a0 \u00a0Hyv\u00e4ntekev\u00e4isyytt\u00e4 ja py\u00f6r\u00e4ily\u00e4, Leena V\u00e4\u00e4n\u00e4nen<\/b><\/li>\n<li><b>10.10. Klubimme toimintaa kuvin 85 vuotta, Juhani Hannila<\/b><\/li>\n<li><b>17.10. Hallinnollinen tietoturva, Miikka Saukko, KPMG (Markku K. Hentil\u00e4)\u00a0<\/b><\/li>\n<li><i>24.10. \u00a0Hallituksen kokous: 10:45<\/i><\/li>\n<li><b>24.10.\u00a0 Ajankohtaiset asiat taloudessa, Jarmo Rankinen<\/b><\/li>\n<li><b>31.10.\u00a0 Lakeuden Ekon j\u00e4tesotkun todelliset kasvot, Teemu Haapala<\/b><\/li>\n<\/ul>\n<\/div>\n<\/div>\n<\/div>\n<div class=\"token token-Content\" id=\"token-17793731\"><a class=\"anchor\" name=\"anchor-17793731\"><\/a><\/p>\n<div class=\"content-container\" id=\"content-container-17793767\">\n<div id=\"content-text-17793767\">\n<p class=\"as_huomiolaatikko\"><b>MARRASKUU 2019\u00a0&#8211; Teema: Rotarys\u00e4\u00e4ti\u00f6<span>\u00a0<\/span><\/b>\/ MPC: Hannu H\u00e4yrynen<\/p>\n<ul>\n<li><b>7.11.\u00a0 \u00a0<span>\u00a0<\/span><\/b><b>Suomen jatkosodan v\u00e4lirauhan vaihe 1944, Matti Rossi (Hannu H\u00e4yrynen)<\/b><\/li>\n<li><b>14.11.\u00a0 Kaksip\u00e4isen kotkan varjossa, Heikki Hiltula (Hannu H\u00e4yrynen)<\/b><\/li>\n<li><b>21.11.\u00a0 Ajoneuvotekniikan tutkimus Oulun yliopistossa, professori Mauri Haataja (Sulo Lahdelma)<\/b><\/li>\n<li><i>28.11.\u00a0 Hallituksen kokous: 10:45<\/i><\/li>\n<li><b>28.11.\u00a0 Syyskokous, P Markku K. Hentil\u00e4<\/b><\/li>\n<\/ul>\n<\/div>\n<\/div>\n<\/div>\n<div class=\"token token-Content\" id=\"token-17793733\"><a class=\"anchor\" name=\"anchor-17793733\"><\/a><\/p>\n<div class=\"content-container\" id=\"content-container-17793769\">\n<div id=\"content-text-17793769\">\n<p class=\"as_huomiolaatikko\"><b>\u200bJOULUKUU 2019\u00a0&#8211; Teema: Sairauksien ehk\u00e4isy ja hoito<span>\u00a0<\/span><\/b>\/ MPC: Sulo Lahdelma<\/p>\n<ul>\n<li><b>5.12.\u00a0 \u00a0Vaihto-opiskelija Queena Lee (Seppo Vainio)<\/b><\/li>\n<li><b>12.12.\u00a0 Salakuljetus ja joppaus Tornionjokilaaksossa sotien j\u00e4lkeen Paavo P\u00f6ykk\u00f6<\/b><\/li>\n<li><b>19.12.\u00a0\u00a0Jouluhartaus ja joululounas, Pyh\u00e4n Andreaan kirkko, osoite Sulkakuja 8 Kaakkuri\u00a0klo 11.30-13.00 (Juhani Lavanko)<\/b><\/li>\n<li><b>26.12. \u00a0Ei viikkokokousta<\/b><\/li>\n<\/ul>\n<\/div>\n<\/div>\n<\/div>\n<div class=\"token token-Content\" id=\"token-17793735\"><a class=\"anchor\" name=\"anchor-17793735\"><\/a><\/p>\n<div class=\"content-container\" id=\"content-container-17793771\">\n<div id=\"content-text-17793771\">\n<p class=\"as_huomiolaatikko\"><b>\u200bTAMMIKUU 2020\u00a0&#8211; Teema: Ammattipalvelu\u00a0<span>\u00a0<\/span><\/b>\/ MPC: Timo Suonper\u00e4<\/p>\n<ul>\n<li><b>2.1.\u00a0 \u00a0Ei viikkokokousta\u00a0<\/b><\/li>\n<li><b>9.1.\u00a0 \u00a0<\/b><b>Oulun kaupunginkirjaston suunta 2026\u200b,\u00a0<\/b><b>Jouni P\u00e4\u00e4kk\u00f6l\u00e4 (Vuokko Joki)<\/b><\/li>\n<li><b>16.1.\u00a0Asuntomessut Oulussa 2025 Ritva Kuusisto, Oulun kaupunki (Timo Suonper\u00e4)<\/b><\/li>\n<li><b>23.1.\u00a0Fidelio-ooppera, ensi-ilta 17.1.2020 Oulun teatteri, Tuomo Rounioja (Markku K. Hentil\u00e4)<\/b><\/li>\n<li><i>30.1.<\/i>\u00a0<i>Hallituksen kokous\u00a010:45<\/i><\/li>\n<li><b>30.1.\u00a0<\/b><b>Rahtilaivojen luotsaus Per\u00e4meren satamiin, Ilkka Sipil\u00e4 Finnpilot Oy (Hannu H\u00e4yrynen)<\/b><\/li>\n<\/ul>\n<\/div>\n<\/div>\n<\/div>\n<div class=\"token token-Content\" id=\"token-17793737\"><a class=\"anchor\" name=\"anchor-17793737\"><\/a><\/p>\n<div class=\"content-container\" id=\"content-container-17793773\">\n<div id=\"content-text-17793773\">\n<p class=\"as_huomiolaatikko\"><b>HELMIKUU 2020\u00a0&#8211; Teema: Rauhantutkimus ja konfliktien ehk\u00e4isy\/sovittelu<span>\u00a0<\/span><\/b>\/ MPC: Hannu H\u00e4yrynen<\/p>\n<ul>\n<li><b>\u200b6.2.\u00a0 \u00a0\u00a0Kansainv\u00e4lisen suuryrityksen vastuullisuus, P\u00e4ivi Kahelin (Timo Ronkainen)<\/b><\/li>\n<li><b>13.2.\u00a0<span>\u00a0<\/span><\/b><b>Italian kunniavarakonsuli Ulla Harvala (Petteri Paananen)<\/b><\/li>\n<li><b>20.2.\u00a0 Rotaryvisa, Juhani Hannila\u00a0<\/b><\/li>\n<li><i>27.2.<\/i>\u00a0\u00a0<i>Hallituksen kokous\u00a010:45<\/i><\/li>\n<li><b>27.2.\u00a0\u00a0<\/b><b>Pohjois-Pohjanmaan infrastruktuurin kehitysn\u00e4kymi\u00e4,\u00a0Olli Kiviniemi (Markku K. Hentil\u00e4)<\/b><\/li>\n<\/ul>\n<\/div>\n<\/div>\n<\/div>\n<div class=\"token token-Content\" id=\"token-17793739\"><a class=\"anchor\" name=\"anchor-17793739\"><\/a><\/p>\n<div class=\"content-container\" id=\"content-container-17793775\">\n<div id=\"content-text-17793775\">\n<p class=\"as_huomiolaatikko\"><b>\u200bMAALISKUU 2020\u00a0&#8211; Teema: Vesi- ja saniteettihuolto\u00a0<span>\u00a0<\/span><\/b>\/ MPC: Sulo Lahdelma<\/p>\n<ul>\n<li><b>5.3.\u00a0 \u00a0Ty\u00f6turvallisuus rakennusalalla, Sakari J\u00e4ms\u00e4, Skanska Talonrakennus Oy (Timo Suonper\u00e4)<\/b><\/li>\n<li><b>12.3. Sillat, Esko J\u00e4rvenp\u00e4\u00e4\u00a0(Matti Heikkinen)<\/b><\/li>\n<li><b>19.3. Yhdistyksen ylim\u00e4\u00e4r\u00e4inen kokous (pidet\u00e4\u00e4n et\u00e4n\u00e4), P Markku Hentil\u00e4<\/b><\/li>\n<li><b>26.3.\u00a0<\/b><b>S\u00e4hk\u00f6nmyyntiin uusi yhti\u00f6,<\/b><b>\u00a0Risto Kantola Oulun Seudun S\u00e4hk\u00f6 Oy (Hannu H\u00e4yrynen)<\/b><\/li>\n<\/ul>\n<\/div>\n<\/div>\n<\/div>\n<div class=\"token token-Content\" id=\"token-17793741\"><a class=\"anchor\" name=\"anchor-17793741\"><\/a><\/p>\n<div class=\"content-container\" id=\"content-container-17793777\">\n<div id=\"content-text-17793777\">\n<p class=\"as_huomiolaatikko\"><b>HUHTIKUU 2020\u00a0&#8211; Teema: \u00c4idin ja lapsen terveys<span>\u00a0<\/span><\/b>\/ MPC: Reijo Junkkari<\/p>\n<ul>\n<li><i>2.4. Hallituksen kokous: 10:45<\/i><\/li>\n<li><b>2.4.\u00a0 \u00a0 Leonardo da Vinci: Viimeinen ehtoollinen, katsaus teoksen taustoihin, Timo Saarela<\/b><\/li>\n<li><b>9.4.\u00a0 \u00a0\u00a0Leonardo da Vinci: Viimeinen ehtoollinen, havaintoja itse teoksesta, Timo Saarela<\/b><\/li>\n<li><b>16.4.\u00a0<span>\u00a0<\/span><\/b><b>Miksi julkiset ohjelmistohankinnat menev\u00e4t pieleen,\u00a0Jaakko Sakaranaho Prove Expertise Oy\u200b (Markku K. Hentil\u00e4)<\/b><\/li>\n<li><b>23.4.\u00a0\u00a0<\/b><b>Teekkaritorvet 50v., Juha Huttula ja Aleksi Postila (Petteri Paananen). Videokokous ja -esitelm\u00e4<\/b><\/li>\n<li><i>30.4.<\/i>\u00a0\u00a0<i>Hallituksen kokous\u00a010:45<\/i><\/li>\n<li><b>30.4.\u00a0\u00a0El\u00e4k\u00f6itymisen taito ja taide, Matti Isohanni<\/b><\/li>\n<\/ul>\n<\/div>\n<\/div>\n<\/div>\n<div class=\"token token-Content\" id=\"token-17793743\"><a class=\"anchor\" name=\"anchor-17793743\"><\/a><\/p>\n<div class=\"content-container\" id=\"content-container-17793779\">\n<div id=\"content-text-17793779\">\n<p class=\"as_huomiolaatikko\"><b>TOUKOKUU 2020\u00a0&#8211; Nuorisopalvelu<\/b><span>\u00a0<\/span>\/ MPC: Petteri Paananen<\/p>\n<ul>\n<li><i>5.5. \u00a0Oulun Rotaryklubi 86 vuotta<\/i><\/li>\n<li><b>7.5.\u00a0 \u00a0Rotary Northern Lights Institute -tapahtuman esittely, Leila Risteli Meri-Oulun Rotaryklubi. Videokokous<\/b><\/li>\n<li><b>14.5. Luokitusesitelm\u00e4: Heino Holappa, Ajankohtaista Suomen koululaitoksesta. Videokokous<\/b><\/li>\n<li><b>21.5. HELATORSTAI<\/b><\/li>\n<li><i>28.5. Hallituksen kokous 10:45<\/i><\/li>\n<li><b>28.5.\u00a0<\/b><b>Ajankohtaista RI:st\u00e4 ja Rotarys\u00e4\u00e4ti\u00f6st\u00e4\u200b, Virpi Honkala (Leo Ilkko). Videokokous ja -esitelm\u00e4.<\/b><\/li>\n<\/ul>\n<\/div>\n<\/div>\n<\/div>\n<div class=\"token token-Content\" id=\"token-17793745\"><a class=\"anchor\" name=\"anchor-17793745\"><\/a><\/p>\n<div class=\"content-container\" id=\"content-container-17793781\">\n<div id=\"content-text-17793781\">\n<p class=\"as_huomiolaatikko\"><b>\u200bKES\u00c4KUU 2020\u00a0&#8211; Teema: Rotaryn toveruusryhm\u00e4t\u00a0<\/b><span>\u00a0<\/span>\/ MPC: Timo Suonper\u00e4<\/p>\n<ul>\n<li><b>4.6.\u00a0 \u00a0 Kev\u00e4tkokous P Markku K. Hentil\u00e4<\/b><\/li>\n<li><b>11.6.\u00a0<\/b><b>\u00a0Ufotapauksia osa 2, Sampo Puoskari<\/b><\/li>\n<li><b>18.6.\u00a0 Oulun Rotaryklubin toiminnan kehitt\u00e4minen, ideoita klubilaisilta, P Markku K. Hentil\u00e4<\/b><\/li>\n<li><b>25.6.\u00a0 K\u00e4\u00e4tyjen vaihto, P, PE<\/b><\/li>\n<\/ul>\n<\/div>\n<\/div>\n<\/div>\n<\/div>\n<\/div>\n<\/div>\n<\/div>\n<\/div>\n<\/div>\n<\/div>\n<\/div>\n<\/div>\n<\/div>\n<\/div>\n<\/div>\n<\/div>\n<\/div>\n<\/div>\n<\/div>\n<\/div>\n<p>[\/et_pb_text][\/et_pb_column_inner][\/et_pb_row_inner][\/et_pb_column][et_pb_column type=&#8221;1_3&#8243; module_class=&#8221;sivupalkki&#8221; _builder_version=&#8221;3.25&#8243; custom_padding=&#8221;|||&#8221; global_colors_info=&#8221;{}&#8221; parallax__hover=&#8221;off&#8221; parallax_method__hover=&#8221;on&#8221; module_class__hover=&#8221;sivupalkki&#8221; custom_padding__hover=&#8221;|||&#8221;][et_pb_sidebar area=&#8221;sidebar-1&#8243; module_class=&#8221;sivupalkki_sisalto&#8221; _builder_version=&#8221;3.4.1&#8243; locked=&#8221;on&#8221; global_colors_info=&#8221;{}&#8221;][\/et_pb_sidebar][\/et_pb_column][\/et_pb_section]<\/p>\n","protected":false},"excerpt":{"rendered":"<p>Ohjelma 2019-2020 Ohjelma 2019-2020 11.6.2020 Hannu H\u00e4yrynen MPC: Monthly Program Chair, kuukauden ohjelmavastuuhenkil\u00f6 HEIN\u00c4KUU\u00a02019\u00a0&#8211; Teema: Kes\u00e4meininki\u00e4 \/\u00a0MPC: Timo Suonper\u00e4 4.7. \u00a0 Torikokous 1, Kauppatorin Kahvila-Makasiini Oulu 11.7. Ei viikkokokousta 18.7. Ei vikkokokousta 25.7.\u00a0Torikokous 2, Kauppatorin Kahvila-Makasiini Oulu ELOKUU 2019\u00a0&#8211; Teema: J\u00e4senist\u00f6 ja laajennusty\u00f6\u00a0\u00a0\/ MPC: Hannu H\u00e4yrynen 1.8.\u00a0 \u00a0 Rotaryvuoden avaus, P Markku Hentil\u00e4 8.8.\u00a0 \u00a0 [&hellip;]<\/p>\n","protected":false},"author":543,"featured_media":0,"parent":77,"menu_order":0,"comment_status":"closed","ping_status":"closed","template":"","meta":{"_acf_changed":false,"_et_pb_use_builder":"on","_et_pb_old_content":"","_et_gb_content_width":"","footnotes":""},"class_list":["post-1713","page","type-page","status-publish","hentry"],"acf":[],"yoast_head":"<!-- This site is optimized with the Yoast SEO plugin v27.0 - https:\/\/yoast.com\/product\/yoast-seo-wordpress\/ -->\n<title>Ohjelma 2019-2020 - Oulun Rotaryklubi<\/title>\n<meta name=\"robots\" content=\"index, follow, max-snippet:-1, max-image-preview:large, max-video-preview:-1\" \/>\n<link rel=\"canonical\" href=\"https:\/\/rotary.fi\/oulu\/mita-teemme\/ohjelma-2019-2020\/\" \/>\n<meta property=\"og:locale\" content=\"fi_FI\" \/>\n<meta property=\"og:type\" content=\"article\" \/>\n<meta property=\"og:title\" content=\"Ohjelma 2019-2020 - Oulun Rotaryklubi\" \/>\n<meta property=\"og:description\" content=\"Ohjelma 2019-2020 Ohjelma 2019-2020 11.6.2020 Hannu H\u00e4yrynen MPC: Monthly Program Chair, kuukauden ohjelmavastuuhenkil\u00f6 HEIN\u00c4KUU\u00a02019\u00a0- Teema: Kes\u00e4meininki\u00e4 \/\u00a0MPC: Timo Suonper\u00e4 4.7. \u00a0 Torikokous 1, Kauppatorin Kahvila-Makasiini Oulu 11.7. Ei viikkokokousta 18.7. Ei vikkokokousta 25.7.\u00a0Torikokous 2, Kauppatorin Kahvila-Makasiini Oulu ELOKUU 2019\u00a0- Teema: J\u00e4senist\u00f6 ja laajennusty\u00f6\u00a0\u00a0\/ MPC: Hannu H\u00e4yrynen 1.8.\u00a0 \u00a0 Rotaryvuoden avaus, P Markku Hentil\u00e4 8.8.\u00a0 \u00a0 [&hellip;]\" \/>\n<meta property=\"og:url\" content=\"https:\/\/rotary.fi\/oulu\/mita-teemme\/ohjelma-2019-2020\/\" \/>\n<meta property=\"og:site_name\" content=\"Oulun Rotaryklubi\" \/>\n<meta property=\"article:modified_time\" content=\"2022-01-01T18:10:47+00:00\" \/>\n<meta name=\"twitter:card\" content=\"summary_large_image\" \/>\n<meta name=\"twitter:label1\" content=\"Arvioitu lukuaika\" \/>\n\t<meta name=\"twitter:data1\" content=\"4 minuuttia\" \/>\n<script type=\"application\/ld+json\" class=\"yoast-schema-graph\">{\"@context\":\"https:\/\/schema.org\",\"@graph\":[{\"@type\":\"WebPage\",\"@id\":\"https:\/\/rotary.fi\/oulu\/mita-teemme\/ohjelma-2019-2020\/\",\"url\":\"https:\/\/rotary.fi\/oulu\/mita-teemme\/ohjelma-2019-2020\/\",\"name\":\"Ohjelma 2019-2020 - Oulun Rotaryklubi\",\"isPartOf\":{\"@id\":\"https:\/\/rotary.fi\/oulu\/#website\"},\"datePublished\":\"2022-01-01T18:09:00+00:00\",\"dateModified\":\"2022-01-01T18:10:47+00:00\",\"breadcrumb\":{\"@id\":\"https:\/\/rotary.fi\/oulu\/mita-teemme\/ohjelma-2019-2020\/#breadcrumb\"},\"inLanguage\":\"fi\",\"potentialAction\":[{\"@type\":\"ReadAction\",\"target\":[\"https:\/\/rotary.fi\/oulu\/mita-teemme\/ohjelma-2019-2020\/\"]}]},{\"@type\":\"BreadcrumbList\",\"@id\":\"https:\/\/rotary.fi\/oulu\/mita-teemme\/ohjelma-2019-2020\/#breadcrumb\",\"itemListElement\":[{\"@type\":\"ListItem\",\"position\":1,\"name\":\"Home\",\"item\":\"https:\/\/rotary.fi\/oulu\/\"},{\"@type\":\"ListItem\",\"position\":2,\"name\":\"Mit\u00e4 me teemme\",\"item\":\"https:\/\/rotary.fi\/oulu\/mita-teemme\/\"},{\"@type\":\"ListItem\",\"position\":3,\"name\":\"Ohjelma 2019-2020\"}]},{\"@type\":\"WebSite\",\"@id\":\"https:\/\/rotary.fi\/oulu\/#website\",\"url\":\"https:\/\/rotary.fi\/oulu\/\",\"name\":\"Oulun Rotaryklubi\",\"description\":\"Uusi Rotary klubisivusto\",\"potentialAction\":[{\"@type\":\"SearchAction\",\"target\":{\"@type\":\"EntryPoint\",\"urlTemplate\":\"https:\/\/rotary.fi\/oulu\/?s={search_term_string}\"},\"query-input\":{\"@type\":\"PropertyValueSpecification\",\"valueRequired\":true,\"valueName\":\"search_term_string\"}}],\"inLanguage\":\"fi\"}]}<\/script>\n<!-- \/ Yoast SEO plugin. -->","yoast_head_json":{"title":"Ohjelma 2019-2020 - Oulun Rotaryklubi","robots":{"index":"index","follow":"follow","max-snippet":"max-snippet:-1","max-image-preview":"max-image-preview:large","max-video-preview":"max-video-preview:-1"},"canonical":"https:\/\/rotary.fi\/oulu\/mita-teemme\/ohjelma-2019-2020\/","og_locale":"fi_FI","og_type":"article","og_title":"Ohjelma 2019-2020 - Oulun Rotaryklubi","og_description":"Ohjelma 2019-2020 Ohjelma 2019-2020 11.6.2020 Hannu H\u00e4yrynen MPC: Monthly Program Chair, kuukauden ohjelmavastuuhenkil\u00f6 HEIN\u00c4KUU\u00a02019\u00a0- Teema: Kes\u00e4meininki\u00e4 \/\u00a0MPC: Timo Suonper\u00e4 4.7. \u00a0 Torikokous 1, Kauppatorin Kahvila-Makasiini Oulu 11.7. Ei viikkokokousta 18.7. Ei vikkokokousta 25.7.\u00a0Torikokous 2, Kauppatorin Kahvila-Makasiini Oulu ELOKUU 2019\u00a0- Teema: J\u00e4senist\u00f6 ja laajennusty\u00f6\u00a0\u00a0\/ MPC: Hannu H\u00e4yrynen 1.8.\u00a0 \u00a0 Rotaryvuoden avaus, P Markku Hentil\u00e4 8.8.\u00a0 \u00a0 [&hellip;]","og_url":"https:\/\/rotary.fi\/oulu\/mita-teemme\/ohjelma-2019-2020\/","og_site_name":"Oulun Rotaryklubi","article_modified_time":"2022-01-01T18:10:47+00:00","twitter_card":"summary_large_image","twitter_misc":{"Arvioitu lukuaika":"4 minuuttia"},"schema":{"@context":"https:\/\/schema.org","@graph":[{"@type":"WebPage","@id":"https:\/\/rotary.fi\/oulu\/mita-teemme\/ohjelma-2019-2020\/","url":"https:\/\/rotary.fi\/oulu\/mita-teemme\/ohjelma-2019-2020\/","name":"Ohjelma 2019-2020 - Oulun Rotaryklubi","isPartOf":{"@id":"https:\/\/rotary.fi\/oulu\/#website"},"datePublished":"2022-01-01T18:09:00+00:00","dateModified":"2022-01-01T18:10:47+00:00","breadcrumb":{"@id":"https:\/\/rotary.fi\/oulu\/mita-teemme\/ohjelma-2019-2020\/#breadcrumb"},"inLanguage":"fi","potentialAction":[{"@type":"ReadAction","target":["https:\/\/rotary.fi\/oulu\/mita-teemme\/ohjelma-2019-2020\/"]}]},{"@type":"BreadcrumbList","@id":"https:\/\/rotary.fi\/oulu\/mita-teemme\/ohjelma-2019-2020\/#breadcrumb","itemListElement":[{"@type":"ListItem","position":1,"name":"Home","item":"https:\/\/rotary.fi\/oulu\/"},{"@type":"ListItem","position":2,"name":"Mit\u00e4 me teemme","item":"https:\/\/rotary.fi\/oulu\/mita-teemme\/"},{"@type":"ListItem","position":3,"name":"Ohjelma 2019-2020"}]},{"@type":"WebSite","@id":"https:\/\/rotary.fi\/oulu\/#website","url":"https:\/\/rotary.fi\/oulu\/","name":"Oulun Rotaryklubi","description":"Uusi Rotary klubisivusto","potentialAction":[{"@type":"SearchAction","target":{"@type":"EntryPoint","urlTemplate":"https:\/\/rotary.fi\/oulu\/?s={search_term_string}"},"query-input":{"@type":"PropertyValueSpecification","valueRequired":true,"valueName":"search_term_string"}}],"inLanguage":"fi"}]}},"lang":"fi","translations":{"fi":1713},"pll_sync_post":[],"_links":{"self":[{"href":"https:\/\/rotary.fi\/oulu\/wp-json\/wp\/v2\/pages\/1713","targetHints":{"allow":["GET"]}}],"collection":[{"href":"https:\/\/rotary.fi\/oulu\/wp-json\/wp\/v2\/pages"}],"about":[{"href":"https:\/\/rotary.fi\/oulu\/wp-json\/wp\/v2\/types\/page"}],"author":[{"embeddable":true,"href":"https:\/\/rotary.fi\/oulu\/wp-json\/wp\/v2\/users\/543"}],"replies":[{"embeddable":true,"href":"https:\/\/rotary.fi\/oulu\/wp-json\/wp\/v2\/comments?post=1713"}],"version-history":[{"count":3,"href":"https:\/\/rotary.fi\/oulu\/wp-json\/wp\/v2\/pages\/1713\/revisions"}],"predecessor-version":[{"id":1716,"href":"https:\/\/rotary.fi\/oulu\/wp-json\/wp\/v2\/pages\/1713\/revisions\/1716"}],"up":[{"embeddable":true,"href":"https:\/\/rotary.fi\/oulu\/wp-json\/wp\/v2\/pages\/77"}],"wp:attachment":[{"href":"https:\/\/rotary.fi\/oulu\/wp-json\/wp\/v2\/media?parent=1713"}],"curies":[{"name":"wp","href":"https:\/\/api.w.org\/{rel}","templated":true}]}}