{"id":1708,"date":"2022-01-01T19:44:23","date_gmt":"2022-01-01T17:44:23","guid":{"rendered":"https:\/\/rotary.fi\/oulu\/?page_id=1708"},"modified":"2022-01-01T20:02:57","modified_gmt":"2022-01-01T18:02:57","slug":"ohjelma-2018-2019","status":"publish","type":"page","link":"https:\/\/rotary.fi\/oulu\/mita-teemme\/ohjelma-2018-2019\/","title":{"rendered":"Ohjelma 2018-2019"},"content":{"rendered":"<p>[et_pb_section fb_built=&#8221;1&#8243; module_class=&#8221;jumbotron-page&#8221; _builder_version=&#8221;4.14.2&#8243; background_color=&#8221;#0C71C3&#8243; background_enable_image=&#8221;off&#8221; global_colors_info=&#8221;{}&#8221;][et_pb_row _builder_version=&#8221;3.25&#8243; background_size=&#8221;initial&#8221; background_position=&#8221;top_left&#8221; background_repeat=&#8221;repeat&#8221; global_colors_info=&#8221;{}&#8221;][et_pb_column type=&#8221;4_4&#8243; _builder_version=&#8221;3.25&#8243; custom_padding=&#8221;|||&#8221; global_colors_info=&#8221;{}&#8221; custom_padding__hover=&#8221;|||&#8221;][et_pb_text admin_label=&#8221;P\u00e4\u00e4otsikko&#8221; _builder_version=&#8221;4.14.2&#8243; text_orientation=&#8221;center&#8221; background_layout=&#8221;dark&#8221; hover_enabled=&#8221;0&#8243; global_colors_info=&#8221;{}&#8221; sticky_enabled=&#8221;0&#8243;]<\/p>\n<h1>Ohjelma 2018-2019<\/h1>\n<p>[\/et_pb_text][\/et_pb_column][\/et_pb_row][\/et_pb_section][et_pb_section fb_built=&#8221;1&#8243; specialty=&#8221;on&#8221; module_class_2=&#8221;sivupalkki&#8221; _builder_version=&#8221;3.22&#8243; global_colors_info=&#8221;{}&#8221;][et_pb_column type=&#8221;2_3&#8243; specialty_columns=&#8221;2&#8243; _builder_version=&#8221;3.25&#8243; custom_padding=&#8221;|||&#8221; global_colors_info=&#8221;{}&#8221; parallax__hover=&#8221;off&#8221; parallax_method__hover=&#8221;on&#8221; custom_padding__hover=&#8221;|||&#8221;][et_pb_row_inner admin_label=&#8221;Rivi&#8221; _builder_version=&#8221;3.25&#8243; global_colors_info=&#8221;{}&#8221;][et_pb_column_inner saved_specialty_column_type=&#8221;2_3&#8243; _builder_version=&#8221;3.25&#8243; custom_padding=&#8221;|||&#8221; global_colors_info=&#8221;{}&#8221; parallax__hover=&#8221;off&#8221; parallax_method__hover=&#8221;on&#8221; custom_padding__hover=&#8221;|||&#8221;][et_pb_text _builder_version=&#8221;3.27.4&#8243; global_colors_info=&#8221;{}&#8221;]<\/p>\n<div id=\"content-middle\">\n<div class=\"zone zone-_main-stuff\" id=\"zone-_main\">\n<div class=\"token token-Content\" id=\"token-7473490\">\n<div class=\"content-container\" id=\"content-container-7473516\">\n<div id=\"content-text-7473516\">\n<div id=\"content-middle\">\n<div class=\"zone zone-_main-stuff\" id=\"zone-_main\">\n<div class=\"token token-Content\" id=\"token-11607438\">\n<div class=\"content-container\" id=\"content-container-11607472\">\n<div id=\"content-text-11607472\">\n<h1 class=\"pageTitle\">Ohjelma 2018-2019<\/h1>\n<div class=\"zone\" id=\"zone-top\"><\/div>\n<div id=\"content-middle\">\n<div class=\"zone zone-_main-stuff\" id=\"zone-_main\">\n<div class=\"token token-Content\" id=\"token-17593264\"><a class=\"anchor\" name=\"anchor-17593264\"><\/a><\/p>\n<div class=\"content-container\" id=\"content-container-17593300\">\n<div id=\"content-text-17593300\">\n<p class=\"as_huomiolaatikko\">13.6..2019 Hannu H\u00e4yrynen<\/p>\n<\/div>\n<\/div>\n<\/div>\n<div class=\"token token-Content\" id=\"token-17593266\"><a class=\"anchor\" name=\"anchor-17593266\"><\/a><\/p>\n<div class=\"content-container\" id=\"content-container-17593302\">\n<div id=\"content-text-17593302\">\n<p class=\"as_huomiolaatikko\"><b>HEIN\u00c4KUU<span>\u00a0<\/span><\/b><b>2018\u00a0&#8211; Teema: Kes\u00e4meininki\u00e4 \/<span>\u00a0<\/span><\/b>MPC: Hannu H\u00e4yrynen<\/p>\n<ul>\n<li><b>5.7. \u00a0 Ei viikkokokousta<\/b><\/li>\n<li><b>12.7. Ei viikkokokousta<\/b><\/li>\n<li><b>19.7. Ei vikkokokousta<\/b><\/li>\n<li><b>26.7.\u00a0Torikokous:\u00a012:30,\u00a0Kauppatorin Kahvilamakasiini Oulu<\/b><\/li>\n<\/ul>\n<\/div>\n<\/div>\n<\/div>\n<div class=\"token token-Content\" id=\"token-17593268\"><a class=\"anchor\" name=\"anchor-17593268\"><\/a><\/p>\n<div class=\"content-container\" id=\"content-container-17593304\">\n<div id=\"content-text-17593304\">\n<p class=\"as_huomiolaatikko\"><b>ELOKUU 2018\u00a0&#8211; Teema: J\u00e4senist\u00f6 ja laajennusty\u00f6\u00a0<span>\u00a0<\/span><\/b>\/ MPC: Hannu H\u00e4yrynen<\/p>\n<ul>\n<li><i>2.8.\u00a0 \u00a0 Hallituksen kokoontuminen &#8211; Radissonin terassi\/loossi (jos keli antaa my\u00f6den) 10:45<\/i><\/li>\n<li><b>2.8.\u00a0 \u00a0 Rotarykauden avaus &#8211; P Teemu Haapala<\/b><\/li>\n<li><b>9.8. \u00a0 \u00a0<\/b><b>H\u00e4t\u00e4l\u00e4 Oy, 80 vuotta perheyritt\u00e4jyytt\u00e4, toimitusjohtaja Riku Isoh\u00e4t\u00e4l\u00e4 (Hannu H\u00e4yrynen)<\/b><\/li>\n<li><b>16.8. \u00a0<\/b><b>Yritysesittely: Synthomer Finland Oy, toimitusjohtaja Antero Kurikka (Timo Suonper\u00e4). Huom. paikka on Radisson Blu kokoustila<\/b><\/li>\n<li><b>23.8. \u00a0 Tuulivoima, Veli-Pekka Alkula<\/b><\/li>\n<li><b>30.8.\u00a0 \u00a0<\/b><b>Oulun Energian biovoimalaitosinvestointi, iso askel kierto-ja biotalouden kampuksen toteutumiselle Ouluun,\u00a0<\/b><b>Oulun Energia tj. Juhani J\u00e4rvel\u00e4 (Hannu H\u00e4yrynen)<\/b><\/li>\n<\/ul>\n<\/div>\n<\/div>\n<\/div>\n<div class=\"token token-Content\" id=\"token-17593270\"><a class=\"anchor\" name=\"anchor-17593270\"><\/a><\/p>\n<div class=\"content-container\" id=\"content-container-17593306\">\n<div id=\"content-text-17593306\">\n<p class=\"as_huomiolaatikko\"><b>SYYSKUU 2018\u00a0&#8211; Teema: Peruskoulutus sek\u00e4 luku- ja kirjoitustaito\u00a0<\/b><b><span>\u00a0<\/span>\/<\/b>\u00a0 MPC: Sulo Lahdelma<\/p>\n<ul>\n<li><i>6.9.\u00a0 \u00a0Hallituksen kokous 10:45 (PE Markku Hentil\u00e4)<\/i><\/li>\n<li><b>6.9.\u00a0 \u00a0<\/b><b>Duunista totta- my\u00f6s vammaisille,\u00a0<\/b><b>Caritas-S\u00e4\u00e4ti\u00f6 projektip\u00e4\u00e4llikk\u00f6 Jani Ronkainen (Marja-Leena Tahkola)<\/b><\/li>\n<li><b>13.9.\u00a0<\/b><b>Oulun Sataman kehitys ja tulevaisuuden suunnitelmat, tj. Marko Mykk\u00e4nen Oulun Satama Oy (Hannu H\u00e4yrynen)\u200b\u200b<\/b><\/li>\n<li><b>20.9.\u00a0 Yritysvierailu: Osuuskauppa Arina, tj. Veli-Matti Puutio, Ravintola Rosso\u00a0<\/b><b>Kauppakeskus Valkea 3.krs\u00a0Isokatu 24\u00a0Oulu<\/b><b><span>\u00a0<\/span>(Pirjo Weisell)<\/b><\/li>\n<li><b>27.9. Syyskokous (vuosikokous), P Teemu Haapala, PP Sampo Puoskari, PE Markku Hentil\u00e4<\/b><\/li>\n<\/ul>\n<\/div>\n<\/div>\n<\/div>\n<div class=\"token token-Content\" id=\"token-17593272\"><a class=\"anchor\" name=\"anchor-17593272\"><\/a><\/p>\n<div class=\"content-container\" id=\"content-container-17593308\">\n<div id=\"content-text-17593308\">\n<p class=\"as_huomiolaatikko\"><b>\u200bLOKAKUU 2018\u00a0&#8211; Teema: Talouskehitys ja yhteiskunnallinen kehitt\u00e4minen\u00a0<span>\u00a0<\/span><\/b>\/ MPC:Timo Suonper\u00e4<\/p>\n<ul>\n<li><b>4.10.\u00a0 \u00a0 KGB-museo Tallinnassa\u200b, Kari Junkkala<\/b><\/li>\n<li><b>11.10. \u00a0Luokitusesitelm\u00e4: \u201dLiiketoiminta-analytiikka ja tiedolla johtaminen\u201d,\u00a0Petteri Paananen<\/b><\/li>\n<li><b>18.10. \u00a0Piirikuvern\u00f6\u00f6rin vierailu, DG Heikki Salum\u00e4ki Rotarypiiri 1400<\/b><\/li>\n<li><i>25.10. \u00a0Hallituksen kokous: 10:45<\/i><\/li>\n<li><b>25.10. \u00a0Kaksi UFO -tapausta, Sampo Puoskari<\/b><\/li>\n<\/ul>\n<\/div>\n<\/div>\n<\/div>\n<div class=\"token token-Content\" id=\"token-17593274\"><a class=\"anchor\" name=\"anchor-17593274\"><\/a><\/p>\n<div class=\"content-container\" id=\"content-container-17593310\">\n<div id=\"content-text-17593310\">\n<p class=\"as_huomiolaatikko\"><b>MARRASKUU 2018\u00a0&#8211; Teema: Rotarys\u00e4\u00e4ti\u00f6<span>\u00a0<\/span><\/b>\/ MPC: Hannu H\u00e4yrynen<\/p>\n<ul>\n<li><b>1.11. \u00a0 Lapin matkailu, Ahti Ahonen<\/b><\/li>\n<li><b>8.11. \u00a0\u00a0Surusta toivoon, Hannu Rahikainen\u00a0<\/b><\/li>\n<li><b>15.11. Oulun kaupunginjohtaja P\u00e4ivi Laajalan vierailu (Teemu Haapala)<\/b><\/li>\n<li><b>22.11. S\u00e4\u00e4ti\u00f6asiat, piirin 1400 s\u00e4\u00e4ti\u00f6asiamies DRFCC Martti Lepoj\u00e4rvi (Leo Ilkko)<\/b><\/li>\n<li><i>29.11.\u00a0 Hallituksen kokous: 10:45<\/i><\/li>\n<li><b>29.11. \u00a0Luokitusesitelm\u00e4: Ty\u00f6turvallisuuden kehitys sellu &#8211; ja paperiteollisuudessa 1957-2010 perustuen omiin havaintoihin, Paavo P\u00f6ykk\u00f6<\/b><\/li>\n<\/ul>\n<\/div>\n<\/div>\n<\/div>\n<div class=\"token token-Content\" id=\"token-17593276\"><a class=\"anchor\" name=\"anchor-17593276\"><\/a><\/p>\n<div class=\"content-container\" id=\"content-container-17593312\">\n<div id=\"content-text-17593312\">\n<p class=\"as_huomiolaatikko\"><b>\u200bJOULUKUU 2018\u00a0&#8211; Teema: Sairauksien ehk\u00e4isy ja hoito<span>\u00a0<\/span><\/b>\/ MPC: Sulo Lahdelma<\/p>\n<ul>\n<li><b>6.12. \u00a0\u00a0 ITSEN\u00c4ISYYSP\u00c4IV\u00c4 &#8211; Ei viikkokokousta<\/b><\/li>\n<li><b>13.12. \u00a0Jouluhartaus ja joululounas, ODL\u00a0Fazer Amica -ravintola,\u00a0<\/b><b>osoite: Albertinkatu 16, sis\u00e4\u00e4nk\u00e4ynti ODL Hyvinvointikeskuksen sis\u00e4pihan kautta,<\/b>\u00a0<b>Pekka Asikainen ODL<\/b><\/li>\n<li><b>20.12. \u00a0Ei viikkokokousta<\/b><\/li>\n<li><b>27.12. \u00a0Ei viikkokokousta<\/b><\/li>\n<\/ul>\n<\/div>\n<\/div>\n<\/div>\n<div class=\"token token-Content\" id=\"token-17593278\"><a class=\"anchor\" name=\"anchor-17593278\"><\/a><\/p>\n<div class=\"content-container\" id=\"content-container-17593314\">\n<div id=\"content-text-17593314\">\n<p class=\"as_huomiolaatikko\"><b>\u200bTAMMIKUU 2019\u00a0&#8211; Teema: Ammattipalvelu\u00a0<span>\u00a0<\/span><\/b>\/ MPC: Timo Suonper\u00e4<\/p>\n<ul>\n<li><b>3.1. \u00a0 Ei viikkokokousta\u00a0<\/b><\/li>\n<li><b>10.1.\u00a0<\/b><b>Operatiivinen suunnittelu pohjois-Suomessa, evl evp Kimmo Rajala (Markku K. Hentil\u00e4)\u200b<\/b><\/li>\n<li><b>17.1. Ylim\u00e4\u00e4r\u00e4inen yhdistyksen kokous, P Teemu Haapala<\/b><\/li>\n<li><i>24.1.<\/i><span>\u00a0<\/span><i>Hallituksen kokous:\u00a010:45<\/i><\/li>\n<li><b>24.1.\u00a0Hans Rosling: Faktojen maailma, Timo Suonper\u00e4<\/b><\/li>\n<li><b>31.1.<span>\u00a0<\/span><\/b><b>Teot puhuvat, johtaja Jouni Hemberg Kirkon ulkomaanapu KUA (Juhani Lavanko)<\/b><\/li>\n<\/ul>\n<\/div>\n<\/div>\n<\/div>\n<div class=\"token token-Content\" id=\"token-17593280\"><a class=\"anchor\" name=\"anchor-17593280\"><\/a><\/p>\n<div class=\"content-container\" id=\"content-container-17593316\">\n<div id=\"content-text-17593316\">\n<p class=\"as_huomiolaatikko\"><b>HELMIKUU 2019 &#8211; Teema: Rauhantutkimus ja konfliktien ehk\u00e4isy\/sovittelu<span>\u00a0<\/span><\/b>\/ MPC: Hannu H\u00e4yrynen<\/p>\n<ul>\n<li>\n<p class=\"as_huomiolaatikko as_halylaatikko\"><b>7.2.\u00a0 klo 11.30 Suomen biopankkij\u00e4rjestelm\u00e4, Seppo Vainio.<span>\u00a0<\/span><u>Huom.: Kokouspaikkana on\u00a0kauppakeskus Valkea ravintola Rosso 3.kerros, k\u00e4yntiosoite Isokatu 25.<\/u><\/b><\/p>\n<\/li>\n<li><b>14.2.\u00a0 Ei viikkokokousta p\u00e4iv\u00e4ll\u00e4 Radisson Blussa. Klo 19.00 Hyv\u00e4 Munkki -konsertti Karjasillan kirkossa, osoite Nokelantie 39. Klo 18.00 alkaen on tarjolla Oulun Sotilaskotyhdistyksen munkkikahvit pikkurhalla omakustanteisesti.<\/b><\/li>\n<li><b>21.2. \u00a0<\/b><b>Rotaryvisa, Juhani Hannila\u200b<\/b><\/li>\n<li><i>28.2. \u00a0Hallituksen kokous: 10:45<\/i><\/li>\n<li><b>28.2.<\/b><b><span>\u00a0<\/span>\u00a0Tenori Enrico Caruson el\u00e4m\u00e4st\u00e4 sanoin, kuvin ja musiikkin\u00e4yttein, Markus H. Korhonen<\/b><\/li>\n<\/ul>\n<\/div>\n<\/div>\n<\/div>\n<div class=\"token token-Content\" id=\"token-17593282\"><a class=\"anchor\" name=\"anchor-17593282\"><\/a><\/p>\n<div class=\"content-container\" id=\"content-container-17593318\">\n<div id=\"content-text-17593318\">\n<p class=\"as_huomiolaatikko\"><b>\u200bMAALISKUU 2019\u00a0&#8211; Teema: Vesi- ja saniteettihuolto\u00a0<span>\u00a0<\/span><\/b>\/ MPC: Sulo Lahdelma<\/p>\n<ul>\n<li><b>7.3. \u00a0 Paperitehtaat Ven\u00e4j\u00e4ll\u00e4 1990-2000, Paavo P\u00f6ykk\u00f6 \u00a0<\/b><\/li>\n<li><b>14.3. Luokitusesitelm\u00e4:\u00a0<\/b><b>Mets\u00e4- ja biotalouden kuulumiset &#8211; uusia tuotteita,\u200b Jukka Kantola<\/b><\/li>\n<li><b>21.3. Luokitusesitelm\u00e4: Limingan kunnan yritys- ja sijoittumispalvelut, Kaj Sartorisio<\/b><\/li>\n<li><i>28.3. Hallituksen kokous: 10:45<\/i><\/li>\n<li><b>28.3.\u00a0Hannes Leinonen (1916-1986): patriootti, pappi ja piispa, Keijo Nissil\u00e4<\/b><\/li>\n<\/ul>\n<\/div>\n<\/div>\n<\/div>\n<div class=\"token token-Content\" id=\"token-17593284\"><a class=\"anchor\" name=\"anchor-17593284\"><\/a><\/p>\n<div class=\"content-container\" id=\"content-container-17593320\">\n<div id=\"content-text-17593320\">\n<p class=\"as_huomiolaatikko\"><b>HUHTIKUU 2019\u00a0&#8211; Teema: \u00c4idin ja lapsen terveys<span>\u00a0<\/span><\/b>\/ MPC: Timo Suonper\u00e4<\/p>\n<ul>\n<li><b>4.4.\u00a0 \u00a0 Oulun piispa Jukka Keskitalon vierailu (Juhani Lavanko)<\/b><\/li>\n<li><b>11.4.\u00a0 Sijoittaminen ja megatrendit, Mauri Koivunen<\/b><\/li>\n<li><b>18.4.\u00a0 Suomen sotilaspoliittinen tilanne ja\u00a0ajankohtaista Puolustusvoimista,\u00a0Prikaatikenraali Tuomo Repo\u00a0(Jouko Simonen\u200b)\u00a0<\/b><\/li>\n<li><i>25.4.<\/i>\u00a0\u00a0<i>Hallituksen kokous: 10:45<\/i><\/li>\n<li><b>25.4.\u00a0 Onko vanhassa vara parempi &#8211; osattiin silloin, Kari Himanen (Ane Anger)<\/b><\/li>\n<\/ul>\n<\/div>\n<\/div>\n<\/div>\n<div class=\"token token-Content\" id=\"token-17593286\"><a class=\"anchor\" name=\"anchor-17593286\"><\/a><\/p>\n<div class=\"content-container\" id=\"content-container-17593322\">\n<div id=\"content-text-17593322\">\n<p class=\"as_huomiolaatikko\"><b>TOUKOKUU 2019 &#8211; Nuorisopalvelu<\/b><span>\u00a0<\/span>\/ MPC: Hannu H\u00e4yrynen<\/p>\n<ul>\n<li><b>2.5.\u00a0 Ei viikkokokousta<\/b><\/li>\n<li><b><i>LA 4.5. OULUN ROTARYKLUBIN 85-VUOTISJUHLAT<\/i><\/b><\/li>\n<li><i>5.5. \u00a0Oulun Rotaryklubi 85 vuotta<\/i><\/li>\n<li><b>9.5.\u00a0 Hallituksen kokous: 10:45<\/b><\/li>\n<li><b>9.5.\u00a0 Kev\u00e4tkokous, P Teemu Haapala, PE Markku Hentil\u00e4<\/b><\/li>\n<li><b>16.5. Hitsausohjeiden hyv\u00e4ksynt\u00e4 ja hitsaajien p\u00e4tev\u00f6inti, Timo Ronkainen Oulun yliopisto (Sulo Lahdelma)<\/b><\/li>\n<li><b>23.5.\u00a0Oopperaesitelm\u00e4, Tuomo Rounioja (Teemu Haapala)<\/b><\/li>\n<li><b>30.5. HELATORSTAI &#8211; Ei viikkokokousta<\/b><\/li>\n<\/ul>\n<\/div>\n<\/div>\n<\/div>\n<div class=\"token token-Content\" id=\"token-17593288\"><a class=\"anchor\" name=\"anchor-17593288\"><\/a><\/p>\n<div class=\"content-container\" id=\"content-container-17593324\">\n<div id=\"content-text-17593324\">\n<p class=\"as_huomiolaatikko\"><b>\u200bKES\u00c4KUU 2019\u00a0&#8211; Teema: Rotaryn toveruusryhm\u00e4t\u00a0<\/b><span>\u00a0<\/span>\/ MPC: Sulo Lahdelma<\/p>\n<ul>\n<li><b>6.6.\u00a0 \u00a0<\/b><b>Klubivierailu maaiman onnellisimman maan onnellisimpaan kuntaan Liminkaan, P Teemu Haapala<\/b><\/li>\n<li><b>13.6. Tietokilpailut Eero Ylitalo (Vuokko Joki)<\/b><\/li>\n<li><b>20.6.<\/b><b>\u00a0Martti Ahtisaari Instituutti, dosentti Petri Ahokangas, (Rotarys\u00e4\u00e4ti\u00f6komitea, Leo Ilkko)<\/b><\/li>\n<li>\n<table>\n<tbody>\n<tr>\n<td width=\"1032\"><b>27.6. K\u00e4\u00e4tyjen vaihto, P Teemu Haapala, PE Markku Hentil\u00e4<\/b><\/td>\n<\/tr>\n<\/tbody>\n<\/table>\n<\/li>\n<\/ul>\n<\/div>\n<\/div>\n<\/div>\n<\/div>\n<\/div>\n<div id=\"content-middle\">\n<div class=\"zone zone-_main-stuff\" id=\"zone-_main\">\n<div class=\"token token-Content\" id=\"token-16910363\">\n<div class=\"content-container\" id=\"content-container-16910399\">\n<div id=\"content-text-16910399\">\n<ul><\/ul>\n<\/div>\n<\/div>\n<\/div>\n<\/div>\n<\/div>\n<\/div>\n<\/div>\n<\/div>\n<\/div>\n<\/div>\n<\/div>\n<\/div>\n<\/div>\n<\/div>\n<\/div>\n<p>[\/et_pb_text][\/et_pb_column_inner][\/et_pb_row_inner][\/et_pb_column][et_pb_column type=&#8221;1_3&#8243; module_class=&#8221;sivupalkki&#8221; _builder_version=&#8221;3.25&#8243; custom_padding=&#8221;|||&#8221; global_colors_info=&#8221;{}&#8221; parallax__hover=&#8221;off&#8221; parallax_method__hover=&#8221;on&#8221; module_class__hover=&#8221;sivupalkki&#8221; custom_padding__hover=&#8221;|||&#8221;][et_pb_sidebar area=&#8221;sidebar-1&#8243; module_class=&#8221;sivupalkki_sisalto&#8221; _builder_version=&#8221;3.4.1&#8243; locked=&#8221;on&#8221; global_colors_info=&#8221;{}&#8221;][\/et_pb_sidebar][\/et_pb_column][\/et_pb_section]<\/p>\n","protected":false},"excerpt":{"rendered":"<p>Ohjelma 2018-2019 Ohjelma 2018-2019 13.6..2019 Hannu H\u00e4yrynen HEIN\u00c4KUU\u00a02018\u00a0&#8211; Teema: Kes\u00e4meininki\u00e4 \/\u00a0MPC: Hannu H\u00e4yrynen 5.7. \u00a0 Ei viikkokokousta 12.7. Ei viikkokokousta 19.7. Ei vikkokokousta 26.7.\u00a0Torikokous:\u00a012:30,\u00a0Kauppatorin Kahvilamakasiini Oulu ELOKUU 2018\u00a0&#8211; Teema: J\u00e4senist\u00f6 ja laajennusty\u00f6\u00a0\u00a0\/ MPC: Hannu H\u00e4yrynen 2.8.\u00a0 \u00a0 Hallituksen kokoontuminen &#8211; Radissonin terassi\/loossi (jos keli antaa my\u00f6den) 10:45 2.8.\u00a0 \u00a0 Rotarykauden avaus &#8211; P Teemu Haapala [&hellip;]<\/p>\n","protected":false},"author":543,"featured_media":0,"parent":77,"menu_order":0,"comment_status":"closed","ping_status":"closed","template":"","meta":{"_acf_changed":false,"_et_pb_use_builder":"on","_et_pb_old_content":"","_et_gb_content_width":"","footnotes":""},"class_list":["post-1708","page","type-page","status-publish","hentry"],"acf":[],"yoast_head":"<!-- This site is optimized with the Yoast SEO plugin v27.0 - https:\/\/yoast.com\/product\/yoast-seo-wordpress\/ -->\n<title>Ohjelma 2018-2019 - Oulun Rotaryklubi<\/title>\n<meta name=\"robots\" content=\"index, follow, max-snippet:-1, max-image-preview:large, max-video-preview:-1\" \/>\n<link rel=\"canonical\" href=\"https:\/\/rotary.fi\/oulu\/mita-teemme\/ohjelma-2018-2019\/\" \/>\n<meta property=\"og:locale\" content=\"fi_FI\" \/>\n<meta property=\"og:type\" content=\"article\" \/>\n<meta property=\"og:title\" content=\"Ohjelma 2018-2019 - Oulun Rotaryklubi\" \/>\n<meta property=\"og:description\" content=\"Ohjelma 2018-2019 Ohjelma 2018-2019 13.6..2019 Hannu H\u00e4yrynen HEIN\u00c4KUU\u00a02018\u00a0- Teema: Kes\u00e4meininki\u00e4 \/\u00a0MPC: Hannu H\u00e4yrynen 5.7. \u00a0 Ei viikkokokousta 12.7. Ei viikkokokousta 19.7. Ei vikkokokousta 26.7.\u00a0Torikokous:\u00a012:30,\u00a0Kauppatorin Kahvilamakasiini Oulu ELOKUU 2018\u00a0- Teema: J\u00e4senist\u00f6 ja laajennusty\u00f6\u00a0\u00a0\/ MPC: Hannu H\u00e4yrynen 2.8.\u00a0 \u00a0 Hallituksen kokoontuminen - Radissonin terassi\/loossi (jos keli antaa my\u00f6den) 10:45 2.8.\u00a0 \u00a0 Rotarykauden avaus - P Teemu Haapala [&hellip;]\" \/>\n<meta property=\"og:url\" content=\"https:\/\/rotary.fi\/oulu\/mita-teemme\/ohjelma-2018-2019\/\" \/>\n<meta property=\"og:site_name\" content=\"Oulun Rotaryklubi\" \/>\n<meta property=\"article:modified_time\" content=\"2022-01-01T18:02:57+00:00\" \/>\n<meta name=\"twitter:card\" content=\"summary_large_image\" \/>\n<meta name=\"twitter:label1\" content=\"Arvioitu lukuaika\" \/>\n\t<meta name=\"twitter:data1\" content=\"4 minuuttia\" \/>\n<script type=\"application\/ld+json\" class=\"yoast-schema-graph\">{\"@context\":\"https:\/\/schema.org\",\"@graph\":[{\"@type\":\"WebPage\",\"@id\":\"https:\/\/rotary.fi\/oulu\/mita-teemme\/ohjelma-2018-2019\/\",\"url\":\"https:\/\/rotary.fi\/oulu\/mita-teemme\/ohjelma-2018-2019\/\",\"name\":\"Ohjelma 2018-2019 - Oulun Rotaryklubi\",\"isPartOf\":{\"@id\":\"https:\/\/rotary.fi\/oulu\/#website\"},\"datePublished\":\"2022-01-01T17:44:23+00:00\",\"dateModified\":\"2022-01-01T18:02:57+00:00\",\"breadcrumb\":{\"@id\":\"https:\/\/rotary.fi\/oulu\/mita-teemme\/ohjelma-2018-2019\/#breadcrumb\"},\"inLanguage\":\"fi\",\"potentialAction\":[{\"@type\":\"ReadAction\",\"target\":[\"https:\/\/rotary.fi\/oulu\/mita-teemme\/ohjelma-2018-2019\/\"]}]},{\"@type\":\"BreadcrumbList\",\"@id\":\"https:\/\/rotary.fi\/oulu\/mita-teemme\/ohjelma-2018-2019\/#breadcrumb\",\"itemListElement\":[{\"@type\":\"ListItem\",\"position\":1,\"name\":\"Home\",\"item\":\"https:\/\/rotary.fi\/oulu\/\"},{\"@type\":\"ListItem\",\"position\":2,\"name\":\"Mit\u00e4 me teemme\",\"item\":\"https:\/\/rotary.fi\/oulu\/mita-teemme\/\"},{\"@type\":\"ListItem\",\"position\":3,\"name\":\"Ohjelma 2018-2019\"}]},{\"@type\":\"WebSite\",\"@id\":\"https:\/\/rotary.fi\/oulu\/#website\",\"url\":\"https:\/\/rotary.fi\/oulu\/\",\"name\":\"Oulun Rotaryklubi\",\"description\":\"Uusi Rotary klubisivusto\",\"potentialAction\":[{\"@type\":\"SearchAction\",\"target\":{\"@type\":\"EntryPoint\",\"urlTemplate\":\"https:\/\/rotary.fi\/oulu\/?s={search_term_string}\"},\"query-input\":{\"@type\":\"PropertyValueSpecification\",\"valueRequired\":true,\"valueName\":\"search_term_string\"}}],\"inLanguage\":\"fi\"}]}<\/script>\n<!-- \/ Yoast SEO plugin. -->","yoast_head_json":{"title":"Ohjelma 2018-2019 - Oulun Rotaryklubi","robots":{"index":"index","follow":"follow","max-snippet":"max-snippet:-1","max-image-preview":"max-image-preview:large","max-video-preview":"max-video-preview:-1"},"canonical":"https:\/\/rotary.fi\/oulu\/mita-teemme\/ohjelma-2018-2019\/","og_locale":"fi_FI","og_type":"article","og_title":"Ohjelma 2018-2019 - Oulun Rotaryklubi","og_description":"Ohjelma 2018-2019 Ohjelma 2018-2019 13.6..2019 Hannu H\u00e4yrynen HEIN\u00c4KUU\u00a02018\u00a0- Teema: Kes\u00e4meininki\u00e4 \/\u00a0MPC: Hannu H\u00e4yrynen 5.7. \u00a0 Ei viikkokokousta 12.7. Ei viikkokokousta 19.7. Ei vikkokokousta 26.7.\u00a0Torikokous:\u00a012:30,\u00a0Kauppatorin Kahvilamakasiini Oulu ELOKUU 2018\u00a0- Teema: J\u00e4senist\u00f6 ja laajennusty\u00f6\u00a0\u00a0\/ MPC: Hannu H\u00e4yrynen 2.8.\u00a0 \u00a0 Hallituksen kokoontuminen - Radissonin terassi\/loossi (jos keli antaa my\u00f6den) 10:45 2.8.\u00a0 \u00a0 Rotarykauden avaus - P Teemu Haapala [&hellip;]","og_url":"https:\/\/rotary.fi\/oulu\/mita-teemme\/ohjelma-2018-2019\/","og_site_name":"Oulun Rotaryklubi","article_modified_time":"2022-01-01T18:02:57+00:00","twitter_card":"summary_large_image","twitter_misc":{"Arvioitu lukuaika":"4 minuuttia"},"schema":{"@context":"https:\/\/schema.org","@graph":[{"@type":"WebPage","@id":"https:\/\/rotary.fi\/oulu\/mita-teemme\/ohjelma-2018-2019\/","url":"https:\/\/rotary.fi\/oulu\/mita-teemme\/ohjelma-2018-2019\/","name":"Ohjelma 2018-2019 - Oulun Rotaryklubi","isPartOf":{"@id":"https:\/\/rotary.fi\/oulu\/#website"},"datePublished":"2022-01-01T17:44:23+00:00","dateModified":"2022-01-01T18:02:57+00:00","breadcrumb":{"@id":"https:\/\/rotary.fi\/oulu\/mita-teemme\/ohjelma-2018-2019\/#breadcrumb"},"inLanguage":"fi","potentialAction":[{"@type":"ReadAction","target":["https:\/\/rotary.fi\/oulu\/mita-teemme\/ohjelma-2018-2019\/"]}]},{"@type":"BreadcrumbList","@id":"https:\/\/rotary.fi\/oulu\/mita-teemme\/ohjelma-2018-2019\/#breadcrumb","itemListElement":[{"@type":"ListItem","position":1,"name":"Home","item":"https:\/\/rotary.fi\/oulu\/"},{"@type":"ListItem","position":2,"name":"Mit\u00e4 me teemme","item":"https:\/\/rotary.fi\/oulu\/mita-teemme\/"},{"@type":"ListItem","position":3,"name":"Ohjelma 2018-2019"}]},{"@type":"WebSite","@id":"https:\/\/rotary.fi\/oulu\/#website","url":"https:\/\/rotary.fi\/oulu\/","name":"Oulun Rotaryklubi","description":"Uusi Rotary klubisivusto","potentialAction":[{"@type":"SearchAction","target":{"@type":"EntryPoint","urlTemplate":"https:\/\/rotary.fi\/oulu\/?s={search_term_string}"},"query-input":{"@type":"PropertyValueSpecification","valueRequired":true,"valueName":"search_term_string"}}],"inLanguage":"fi"}]}},"lang":"fi","translations":{"fi":1708},"pll_sync_post":[],"_links":{"self":[{"href":"https:\/\/rotary.fi\/oulu\/wp-json\/wp\/v2\/pages\/1708","targetHints":{"allow":["GET"]}}],"collection":[{"href":"https:\/\/rotary.fi\/oulu\/wp-json\/wp\/v2\/pages"}],"about":[{"href":"https:\/\/rotary.fi\/oulu\/wp-json\/wp\/v2\/types\/page"}],"author":[{"embeddable":true,"href":"https:\/\/rotary.fi\/oulu\/wp-json\/wp\/v2\/users\/543"}],"replies":[{"embeddable":true,"href":"https:\/\/rotary.fi\/oulu\/wp-json\/wp\/v2\/comments?post=1708"}],"version-history":[{"count":3,"href":"https:\/\/rotary.fi\/oulu\/wp-json\/wp\/v2\/pages\/1708\/revisions"}],"predecessor-version":[{"id":1711,"href":"https:\/\/rotary.fi\/oulu\/wp-json\/wp\/v2\/pages\/1708\/revisions\/1711"}],"up":[{"embeddable":true,"href":"https:\/\/rotary.fi\/oulu\/wp-json\/wp\/v2\/pages\/77"}],"wp:attachment":[{"href":"https:\/\/rotary.fi\/oulu\/wp-json\/wp\/v2\/media?parent=1708"}],"curies":[{"name":"wp","href":"https:\/\/api.w.org\/{rel}","templated":true}]}}