{"id":1702,"date":"2022-01-01T19:36:39","date_gmt":"2022-01-01T17:36:39","guid":{"rendered":"https:\/\/rotary.fi\/oulu\/?page_id=1702"},"modified":"2022-01-01T19:39:01","modified_gmt":"2022-01-01T17:39:01","slug":"ohjelma-2017-2018","status":"publish","type":"page","link":"https:\/\/rotary.fi\/oulu\/mita-teemme\/ohjelma-2017-2018\/","title":{"rendered":"Ohjelma 2017-2018"},"content":{"rendered":"<p>[et_pb_section fb_built=&#8221;1&#8243; module_class=&#8221;jumbotron-page&#8221; _builder_version=&#8221;4.14.2&#8243; background_color=&#8221;#0C71C3&#8243; background_enable_image=&#8221;off&#8221; global_colors_info=&#8221;{}&#8221;][et_pb_row _builder_version=&#8221;3.25&#8243; background_size=&#8221;initial&#8221; background_position=&#8221;top_left&#8221; background_repeat=&#8221;repeat&#8221; global_colors_info=&#8221;{}&#8221;][et_pb_column type=&#8221;4_4&#8243; _builder_version=&#8221;3.25&#8243; custom_padding=&#8221;|||&#8221; global_colors_info=&#8221;{}&#8221; custom_padding__hover=&#8221;|||&#8221;][et_pb_text admin_label=&#8221;P\u00e4\u00e4otsikko&#8221; _builder_version=&#8221;4.14.2&#8243; text_orientation=&#8221;center&#8221; background_layout=&#8221;dark&#8221; hover_enabled=&#8221;0&#8243; global_colors_info=&#8221;{}&#8221; sticky_enabled=&#8221;0&#8243;]<\/p>\n<h1>Ohjelma 2017-2018<\/h1>\n<p>[\/et_pb_text][\/et_pb_column][\/et_pb_row][\/et_pb_section][et_pb_section fb_built=&#8221;1&#8243; specialty=&#8221;on&#8221; module_class_2=&#8221;sivupalkki&#8221; _builder_version=&#8221;3.22&#8243; global_colors_info=&#8221;{}&#8221;][et_pb_column type=&#8221;2_3&#8243; specialty_columns=&#8221;2&#8243; _builder_version=&#8221;3.25&#8243; custom_padding=&#8221;|||&#8221; global_colors_info=&#8221;{}&#8221; parallax__hover=&#8221;off&#8221; parallax_method__hover=&#8221;on&#8221; custom_padding__hover=&#8221;|||&#8221;][et_pb_row_inner admin_label=&#8221;Rivi&#8221; _builder_version=&#8221;3.25&#8243; global_colors_info=&#8221;{}&#8221;][et_pb_column_inner saved_specialty_column_type=&#8221;2_3&#8243; _builder_version=&#8221;3.25&#8243; custom_padding=&#8221;|||&#8221; global_colors_info=&#8221;{}&#8221; parallax__hover=&#8221;off&#8221; parallax_method__hover=&#8221;on&#8221; custom_padding__hover=&#8221;|||&#8221;][et_pb_text _builder_version=&#8221;3.27.4&#8243; global_colors_info=&#8221;{}&#8221;]<\/p>\n<div id=\"content-middle\">\n<div class=\"zone zone-_main-stuff\" id=\"zone-_main\">\n<div class=\"token token-Content\" id=\"token-7473490\">\n<div class=\"content-container\" id=\"content-container-7473516\">\n<div id=\"content-text-7473516\">\n<div id=\"content-middle\">\n<div class=\"zone zone-_main-stuff\" id=\"zone-_main\">\n<div class=\"token token-Content\" id=\"token-11607438\">\n<div class=\"content-container\" id=\"content-container-11607472\">\n<div id=\"content-text-11607472\">\n<h1 class=\"pageTitle\">Ohjelma 2017-2018<\/h1>\n<div class=\"zone\" id=\"zone-top\"><\/div>\n<div id=\"content-middle\">\n<div class=\"zone zone-_main-stuff\" id=\"zone-_main\">\n<div class=\"token token-Content\" id=\"token-16910339\"><a class=\"anchor\" name=\"anchor-16910339\"><\/a><\/p>\n<div class=\"content-container\" id=\"content-container-16910375\">\n<div id=\"content-text-16910375\">\n<p class=\"as_huomiolaatikko\">P\u00e4ivitetty 21.6.2017, Hannu H\u00e4yrynen<\/p>\n<\/div>\n<\/div>\n<\/div>\n<div class=\"token token-Content\" id=\"token-16910341\"><a class=\"anchor\" name=\"anchor-16910341\"><\/a><\/p>\n<div class=\"content-container\" id=\"content-container-16910377\">\n<div id=\"content-text-16910377\">\n<p class=\"as_huomiolaatikko\"><b>HEIN\u00c4KUU<span>\u00a0<\/span><\/b><b>2017 &#8211; Teema: Rotaryvuoden avaus \/<span>\u00a0<\/span><\/b>MPC: Sulo Lahdelma<\/p>\n<ul>\n<li><b>6.7. \u00a0 Ei viikkokokousta<\/b><\/li>\n<li><b>13.7. Torikokous:\u00a012:30,\u00a0Kauppatorin Kahvilamakasiini Oulu<\/b><\/li>\n<li><b>20.7. Ei vikkokokousta<\/b><\/li>\n<li><i>27.7. Hallituksen kokous:10:45<\/i><\/li>\n<li><b>27.7.<\/b>\u00a0<b>Rotaryvuoden 2017-18 avaus, P\u00a0Sampo Puoskari<\/b><\/li>\n<\/ul>\n<\/div>\n<\/div>\n<\/div>\n<div class=\"token token-Content\" id=\"token-16910343\"><a class=\"anchor\" name=\"anchor-16910343\"><\/a><\/p>\n<div class=\"content-container\" id=\"content-container-16910379\">\n<div id=\"content-text-16910379\">\n<p class=\"as_huomiolaatikko\"><b>ELOKUU 2017 &#8211; Teema: J\u00e4senist\u00f6 ja laajennusty\u00f6\u00a0<span>\u00a0<\/span><\/b>\/ MPC: Hannu H\u00e4yrynen<\/p>\n<ul>\n<li><b>3.8. \u00a0 \u00a0Ihmisen liikkeest\u00e4 s\u00e4hk\u00f6energiaa, dosentti\u00a0<\/b><b>Jari Juuti Oulun yliopisto (Sulo Lahdelma)<\/b><\/li>\n<li><b>10.8. \u00a0Torppareita ja yritt\u00e4ji\u00e4, Ane Ahnger<\/b><\/li>\n<li><b>17.8. \u00a0Energiatehokas pientalo, tekn.tri Mika Ruusunen Oulun yliopisto (Sulo Lahdelma)<\/b><i>\u00a0<\/i><\/li>\n<li><b>24.8. \u00a0Hanhikivi 1-hanke, ydintekniikka-asiantuntija Minttu Hietam\u00e4ki Fennovoima Oy (Kari Palokangas)<\/b><\/li>\n<li><i>31.8. Hallituksen kokous:\u00a010.45<\/i><\/li>\n<li><b>31.8. \u00a0Suomi 100: Alvar Aallon tuotanto p\u00e4\u00e4piirteitt\u00e4in, Kari Junkkala<\/b><\/li>\n<\/ul>\n<\/div>\n<\/div>\n<\/div>\n<div class=\"token token-Content\" id=\"token-16910345\"><a class=\"anchor\" name=\"anchor-16910345\"><\/a><\/p>\n<div class=\"content-container\" id=\"content-container-16910381\">\n<div id=\"content-text-16910381\">\n<p class=\"as_huomiolaatikko\"><b>SYYSKUU 2017\u00a0&#8211; Teema: Peruskoulutus sek\u00e4 luku- ja kirjoitustaito\u00a0<\/b><b><span>\u00a0<\/span>\/<\/b>\u00a0 MPC: Timo Suonper\u00e4<\/p>\n<ul>\n<li><b>7.9. \u00a0Yritysvierailu klo 11:30:\u00a0Oy\u00a0SKF Ab Oulu, k\u00e4yntiosoite Sep\u00e4nkatu 20 Oulu, Jorma Laine (Sulo Lahdelma)<\/b><\/li>\n<li><b>14.9. Luokitusesitelm\u00e4: Diakonia, Pekka Asikainen<\/b><\/li>\n<li><b>21.9. Oulun ammattikorkeakoulu muutoksessa, rehtori Jouko Paaso (Timo Suonper\u00e4)<\/b><\/li>\n<li><i>28.9.\u00a0Hallituksen kokous: 10:45<\/i><\/li>\n<li><b>28.9. Syyskokous (vuosikokous), P Sampo Puoskari, PP Hannu Rahikainen<\/b><\/li>\n<\/ul>\n<\/div>\n<\/div>\n<\/div>\n<div class=\"token token-Content\" id=\"token-16910347\"><a class=\"anchor\" name=\"anchor-16910347\"><\/a><\/p>\n<div class=\"content-container\" id=\"content-container-16910383\">\n<div id=\"content-text-16910383\">\n<p class=\"as_huomiolaatikko\"><b>\u200bLOKAKUU 2017\u00a0&#8211; Teema: Talouskehitys ja yhteiskunnallinen kehitt\u00e4minen\u00a0<span>\u00a0<\/span><\/b>\/ MPC: Sulo Lahdelma<\/p>\n<ul>\n<li><b>5.10. \u00a0Yritysvierailu\u00a0klo 11:30: VTT Oulu, k\u00e4yntiosoite Kaitov\u00e4yl\u00e4 1, Risto Hyypi\u00f6 (Sulo Lahdelma)<\/b><\/li>\n<li><b>12.10. H\u00e4pe\u00e4 ja syyllisyys, Hannu Rahikainen<\/b><\/li>\n<li><b>19.10. Puhutteko SOMEA? markkinoinnin suunnnittelija Mari Kellokumpu\u00a0markkinointiviestint\u00e4toimisto Kuulu Oy (Ane Ahnger)<\/b><\/li>\n<li><i>26.10. Hallituksen kokous: 10:45<\/i><\/li>\n<li><b>26.10.\u00a0Atlanta 2017, IPDG Jorma Kinnunen<\/b><\/li>\n<\/ul>\n<\/div>\n<\/div>\n<\/div>\n<div class=\"token token-Content\" id=\"token-16910349\"><a class=\"anchor\" name=\"anchor-16910349\"><\/a><\/p>\n<div class=\"content-container\" id=\"content-container-16910385\">\n<div id=\"content-text-16910385\">\n<p class=\"as_huomiolaatikko\"><b>MARRASKUU 2017\u00a0&#8211; Teema: Rotarys\u00e4\u00e4ti\u00f6<span>\u00a0<\/span><\/b>\/ MPC: Marja-Liisa Kauhanen<\/p>\n<ul>\n<li><b>2.11. \u00a0 \u00a0Reformaatio,\u00a0armoa,\u00a0Juhani Lavanko<\/b><\/li>\n<li><b>9.11. \u00a0 \u00a0Ilmastonmuutoksen lyhyt historia, Timo Suonper\u00e4<\/b><\/li>\n<li><b>16.11. \u00a0Ajankohtaista Rotarys\u00e4\u00e4ti\u00f6st\u00e4,\u00a0Leo Ilkko<\/b><\/li>\n<li><i>23.11.\u00a0 Hallituksen kokous: 10:45<\/i><\/li>\n<li><b>23.11. \u00a0Piirikuvern\u00f6\u00f6rin virallinen vierailu, DG Martti Matikainen<\/b><\/li>\n<li><b>30.11. \u00a0Ajankohtaista vapaaehtoisesta meripelastuksesta,\u00a0Markku Hentil\u00e4<\/b><\/li>\n<\/ul>\n<\/div>\n<\/div>\n<\/div>\n<div class=\"token token-Content\" id=\"token-16910351\"><a class=\"anchor\" name=\"anchor-16910351\"><\/a><\/p>\n<div class=\"content-container\" id=\"content-container-16910387\">\n<div id=\"content-text-16910387\">\n<p class=\"as_huomiolaatikko\"><b>\u200bJOULUKUU 2017 &#8211; Teema: Sairauksien ehk\u00e4isy ja hoito<span>\u00a0<\/span><\/b>\/ MPC: Sulo Lahdelma<\/p>\n<ul>\n<li><b>7.12. \u00a0\u00a0 Pit\u00e4isik\u00f6 oppivelvollisuutta pident\u00e4\u00e4? Timo Kettunen<\/b><\/li>\n<li><b>14.12. Jouluhartaus ja -lounas,\u00a0Karjasillan kirkko, aloitamme klo 11:30 kirkkosalissa,\u00a0Juhani Lavanko<\/b><\/li>\n<li><b>21.12. Ei viikkokokousta<\/b><\/li>\n<li><b>28.12. Ei viikkokokousta<\/b><\/li>\n<\/ul>\n<\/div>\n<\/div>\n<\/div>\n<div class=\"token token-Content\" id=\"token-16910353\"><a class=\"anchor\" name=\"anchor-16910353\"><\/a><\/p>\n<div class=\"content-container\" id=\"content-container-16910389\">\n<div id=\"content-text-16910389\">\n<p class=\"as_huomiolaatikko\"><b>\u200bTAMMIKUU 2018\u00a0&#8211; Teema: Ammattipalvelu\u00a0<span>\u00a0<\/span><\/b>\/ MPC: Hannu H\u00e4yrynen<\/p>\n<ul>\n<li><b>4.1. \u00a0 Ei viikkokokousta\u00a0<\/b><\/li>\n<li><b>11.1. My life before Finland, vaihto-oppilas Nate Munn (Seppo Vainio)<\/b><\/li>\n<li><b>18.1. Varusmiesten valmiusyksikk\u00f6koulutus, evl Mika Sepp\u00e4 (Sampo Puoskari)<\/b><\/li>\n<li>25.1.<span>\u00a0<\/span><i>Hallituksen kokous:\u00a010:45<\/i><\/li>\n<li><b>25.1. Puolivuotiskatsaus,\u00a0P Sampo Puoskari ja komiteat<\/b><\/li>\n<\/ul>\n<\/div>\n<\/div>\n<\/div>\n<div class=\"token token-Content\" id=\"token-16910355\"><a class=\"anchor\" name=\"anchor-16910355\"><\/a><\/p>\n<div class=\"content-container\" id=\"content-container-16910391\">\n<div id=\"content-text-16910391\">\n<p class=\"as_huomiolaatikko\"><b>HELMIKUU 2018 &#8211; Teema: Rauhantutkimus ja konfliktien ehk\u00e4isy\/sovittelu<span>\u00a0<\/span><\/b>\/ MPC: Marja-Liisa Kauhanen<\/p>\n<ul>\n<li><b>1.2. \u00a0 Valtioneuvoston linna ja sen historia, Kari Junkkala<\/b><\/li>\n<li><b>8.2. \u00a0 Harrastuksesta tuli el\u00e4m\u00e4nty\u00f6 &#8211; matka triathlonistiksi ja terveelliseen el\u00e4m\u00e4\u00e4n, Jussi Lotvonen (Ane Ahnger)<\/b><\/li>\n<li><b>15.2. Katolisten ja luterilaisten suhteet reformaatiosta t\u00e4h\u00e4n p\u00e4iv\u00e4\u00e4n, emerituspiispa Eero Huovinen (Keijo Nissil\u00e4)<\/b><\/li>\n<li><i>22.2. Hallituksen kokous: 10:45<\/i><\/li>\n<li><b>22.2. Voimmeko vaikuttaa ihon ik\u00e4\u00e4ntymiseen?, professori Aarne Oikarinen (Sulo Lahdelma)<\/b><\/li>\n<\/ul>\n<\/div>\n<\/div>\n<\/div>\n<div class=\"token token-Content\" id=\"token-16910357\"><a class=\"anchor\" name=\"anchor-16910357\"><\/a><\/p>\n<div class=\"content-container\" id=\"content-container-16910393\">\n<div id=\"content-text-16910393\">\n<p class=\"as_huomiolaatikko\"><b>\u200bMAALISKUU 2018 &#8211; Teema: Vesi- ja saniteettihuolto\u00a0<span>\u00a0<\/span><\/b>\/ MPC: Timo Suonper\u00e4<\/p>\n<ul>\n<li><b>1.3. \u00a0 Autojen voimanl\u00e4hteet tulevaisuudessa, professori Mauri Haataja Oulun yliopisto (Sulo Lahdelma)<\/b><\/li>\n<li><b>8.3. \u00a0 Rotaryvisa,\u00a0Juhani Hannila<\/b><\/li>\n<li><b>15<\/b><b>.3. Partio &#8211;\u00a0maailman suurin nuorisoliike, piirijohtaja Saija Kivel\u00e4 Pohjanmaan Partiolaiset ry (Marja-Liisa Kauhanen)<\/b><\/li>\n<li><b>22.3. Media murroksessa, Sauli Huikuri<\/b><\/li>\n<li><i>29.3. Hallituksen kokous: 10:45<\/i><\/li>\n<li><b>29.3. \u00a0Valtakunnallisesti merkitt\u00e4v\u00e4 rakennettu ymp\u00e4rist\u00f6 Oulussa, Matti Heikkinen (Sulo Lahdelma)<\/b><\/li>\n<\/ul>\n<\/div>\n<\/div>\n<\/div>\n<div class=\"token token-Content\" id=\"token-16910359\"><a class=\"anchor\" name=\"anchor-16910359\"><\/a><\/p>\n<div class=\"content-container\" id=\"content-container-16910395\">\n<div id=\"content-text-16910395\">\n<p class=\"as_huomiolaatikko\"><b>HUHTIKUU 2018 &#8211; Teema: \u00c4idin ja lapsen terveys<span>\u00a0<\/span><\/b>\/ MPC: Sulo Lahdelma<\/p>\n<ul>\n<li><b>5.4. \u00a0 Yritysvierailu klo 11.30: Kansallisarkisto Oulu, k\u00e4yntiosoite Arkistokatu 6,\u00a0Vuokko Joki (Sulo Lahdelma)<\/b><\/li>\n<li><b>12.4. Klubikyselyn tulokset, Jari Simonen<\/b><\/li>\n<li><b>19.4. Konediagnostiikka, Sulo Lahdelma. Seppo Vainion esitelm\u00e4 nanoteknologiasta siirtyy my\u00f6hemm\u00e4ksi<\/b><\/li>\n<li><i>26.4.<\/i>\u00a0<i>Hallituksen kokous: 10:45<\/i><\/li>\n<li><b>26.4.\u00a0<\/b><b>Suomen ilmavoimien lentokoneet toisessa maailmansodassa. Sampo Puoskari<\/b><\/li>\n<\/ul>\n<\/div>\n<\/div>\n<\/div>\n<div class=\"token token-Content\" id=\"token-16910361\"><a class=\"anchor\" name=\"anchor-16910361\"><\/a><\/p>\n<div class=\"content-container\" id=\"content-container-16910397\">\n<div id=\"content-text-16910397\">\n<p class=\"as_huomiolaatikko\"><b>TOUKOKUU 2018 &#8211; Nuorisopalvelu<\/b><span>\u00a0<\/span>\/ MPC: Hannu H\u00e4yrynen<\/p>\n<ul>\n<li><b>3.5. \u00a0Kev\u00e4tkokous, TS 2018-19<\/b><\/li>\n<li><i>5.5. \u00a0Oulun Rotaryklubi 84 vuotta<\/i><\/li>\n<li><b>10.5. Helatorstai, ei viikkokokousta<\/b><\/li>\n<li><b>17.5. &#8221;Hyv\u00e4 munkki&#8221;-hyv\u00e4ntekev\u00e4isyyskonsertti Karjasillan kirkossa klo 18.00, Juhani Lavanko<\/b><\/li>\n<li><b>24.5. Str\u00f6ms\u00f6, Kari Junkkala<\/b><\/li>\n<li><i>31.5. Hallituksen kokous: 10:45<\/i><\/li>\n<li><b>31.5. Kokemuksia erikoisista matkakohteista, Leena V\u00e4\u00e4n\u00e4nen<\/b><\/li>\n<\/ul>\n<\/div>\n<\/div>\n<\/div>\n<div class=\"token token-Content\" id=\"token-16910363\"><a class=\"anchor\" name=\"anchor-16910363\"><\/a><\/p>\n<div class=\"content-container\" id=\"content-container-16910399\">\n<div id=\"content-text-16910399\">\n<p class=\"as_huomiolaatikko\"><b>\u200bKES\u00c4KUU 2018\u00a0&#8211; Teema: Rotaryn toveruusryhm\u00e4t\u00a0<\/b><span>\u00a0<\/span>\/ MPC: Sulo Lahdelma<\/p>\n<ul>\n<li><b>7.6. \u00a0 Miehen paikka, Hannu Rahikainen<\/b><\/li>\n<li><b>14.6.\u00a0Luokitusesitelm\u00e4: Riskisijoittaja, ahne vai ei?\u00a0Jouko Pelkonen<\/b><\/li>\n<li><b>21.6.\u00a0K\u00e4\u00e4tyjen ja teht\u00e4vien vaihto sek\u00e4\u00a0ryhm\u00e4kuva,\u00a0P, PE<\/b><\/li>\n<li><i>28.6. Hallituksen kokous:10:45<\/i><\/li>\n<li><b>28.6. Rotaryvuoden 2016-17 tilinp\u00e4\u00e4t\u00f6s, Hannu Rahikainen<\/b><\/li>\n<\/ul>\n<\/div>\n<\/div>\n<\/div>\n<\/div>\n<\/div>\n<\/div>\n<\/div>\n<\/div>\n<\/div>\n<\/div>\n<\/div>\n<\/div>\n<\/div>\n<\/div>\n<\/div>\n<p>[\/et_pb_text][\/et_pb_column_inner][\/et_pb_row_inner][\/et_pb_column][et_pb_column type=&#8221;1_3&#8243; module_class=&#8221;sivupalkki&#8221; _builder_version=&#8221;3.25&#8243; custom_padding=&#8221;|||&#8221; global_colors_info=&#8221;{}&#8221; parallax__hover=&#8221;off&#8221; parallax_method__hover=&#8221;on&#8221; module_class__hover=&#8221;sivupalkki&#8221; custom_padding__hover=&#8221;|||&#8221;][et_pb_sidebar area=&#8221;sidebar-1&#8243; module_class=&#8221;sivupalkki_sisalto&#8221; _builder_version=&#8221;3.4.1&#8243; locked=&#8221;on&#8221; global_colors_info=&#8221;{}&#8221;][\/et_pb_sidebar][\/et_pb_column][\/et_pb_section]<\/p>\n","protected":false},"excerpt":{"rendered":"<p>Ohjelma 2017-2018 Ohjelma 2017-2018 P\u00e4ivitetty 21.6.2017, Hannu H\u00e4yrynen HEIN\u00c4KUU\u00a02017 &#8211; Teema: Rotaryvuoden avaus \/\u00a0MPC: Sulo Lahdelma 6.7. \u00a0 Ei viikkokokousta 13.7. Torikokous:\u00a012:30,\u00a0Kauppatorin Kahvilamakasiini Oulu 20.7. Ei vikkokokousta 27.7. Hallituksen kokous:10:45 27.7.\u00a0Rotaryvuoden 2017-18 avaus, P\u00a0Sampo Puoskari ELOKUU 2017 &#8211; Teema: J\u00e4senist\u00f6 ja laajennusty\u00f6\u00a0\u00a0\/ MPC: Hannu H\u00e4yrynen 3.8. \u00a0 \u00a0Ihmisen liikkeest\u00e4 s\u00e4hk\u00f6energiaa, dosentti\u00a0Jari Juuti Oulun yliopisto (Sulo [&hellip;]<\/p>\n","protected":false},"author":543,"featured_media":0,"parent":77,"menu_order":0,"comment_status":"closed","ping_status":"closed","template":"","meta":{"_acf_changed":false,"_et_pb_use_builder":"on","_et_pb_old_content":"","_et_gb_content_width":"","footnotes":""},"class_list":["post-1702","page","type-page","status-publish","hentry"],"acf":[],"yoast_head":"<!-- This site is optimized with the Yoast SEO plugin v27.4 - https:\/\/yoast.com\/product\/yoast-seo-wordpress\/ -->\n<title>Ohjelma 2017-2018 - Oulun Rotaryklubi<\/title>\n<meta name=\"robots\" content=\"index, follow, max-snippet:-1, max-image-preview:large, max-video-preview:-1\" \/>\n<link rel=\"canonical\" href=\"https:\/\/rotary.fi\/oulu\/mita-teemme\/ohjelma-2017-2018\/\" \/>\n<meta property=\"og:locale\" content=\"fi_FI\" \/>\n<meta property=\"og:type\" content=\"article\" \/>\n<meta property=\"og:title\" content=\"Ohjelma 2017-2018 - Oulun Rotaryklubi\" \/>\n<meta property=\"og:description\" content=\"Ohjelma 2017-2018 Ohjelma 2017-2018 P\u00e4ivitetty 21.6.2017, Hannu H\u00e4yrynen HEIN\u00c4KUU\u00a02017 - Teema: Rotaryvuoden avaus \/\u00a0MPC: Sulo Lahdelma 6.7. \u00a0 Ei viikkokokousta 13.7. Torikokous:\u00a012:30,\u00a0Kauppatorin Kahvilamakasiini Oulu 20.7. Ei vikkokokousta 27.7. Hallituksen kokous:10:45 27.7.\u00a0Rotaryvuoden 2017-18 avaus, P\u00a0Sampo Puoskari ELOKUU 2017 - Teema: J\u00e4senist\u00f6 ja laajennusty\u00f6\u00a0\u00a0\/ MPC: Hannu H\u00e4yrynen 3.8. \u00a0 \u00a0Ihmisen liikkeest\u00e4 s\u00e4hk\u00f6energiaa, dosentti\u00a0Jari Juuti Oulun yliopisto (Sulo [&hellip;]\" \/>\n<meta property=\"og:url\" content=\"https:\/\/rotary.fi\/oulu\/mita-teemme\/ohjelma-2017-2018\/\" \/>\n<meta property=\"og:site_name\" content=\"Oulun Rotaryklubi\" \/>\n<meta property=\"article:modified_time\" content=\"2022-01-01T17:39:01+00:00\" \/>\n<meta name=\"twitter:card\" content=\"summary_large_image\" \/>\n<meta name=\"twitter:label1\" content=\"Arvioitu lukuaika\" \/>\n\t<meta name=\"twitter:data1\" content=\"4 minuuttia\" \/>\n<script type=\"application\/ld+json\" class=\"yoast-schema-graph\">{\"@context\":\"https:\\\/\\\/schema.org\",\"@graph\":[{\"@type\":\"WebPage\",\"@id\":\"https:\\\/\\\/rotary.fi\\\/oulu\\\/mita-teemme\\\/ohjelma-2017-2018\\\/\",\"url\":\"https:\\\/\\\/rotary.fi\\\/oulu\\\/mita-teemme\\\/ohjelma-2017-2018\\\/\",\"name\":\"Ohjelma 2017-2018 - Oulun Rotaryklubi\",\"isPartOf\":{\"@id\":\"https:\\\/\\\/rotary.fi\\\/oulu\\\/#website\"},\"datePublished\":\"2022-01-01T17:36:39+00:00\",\"dateModified\":\"2022-01-01T17:39:01+00:00\",\"breadcrumb\":{\"@id\":\"https:\\\/\\\/rotary.fi\\\/oulu\\\/mita-teemme\\\/ohjelma-2017-2018\\\/#breadcrumb\"},\"inLanguage\":\"fi\",\"potentialAction\":[{\"@type\":\"ReadAction\",\"target\":[\"https:\\\/\\\/rotary.fi\\\/oulu\\\/mita-teemme\\\/ohjelma-2017-2018\\\/\"]}]},{\"@type\":\"BreadcrumbList\",\"@id\":\"https:\\\/\\\/rotary.fi\\\/oulu\\\/mita-teemme\\\/ohjelma-2017-2018\\\/#breadcrumb\",\"itemListElement\":[{\"@type\":\"ListItem\",\"position\":1,\"name\":\"Home\",\"item\":\"https:\\\/\\\/rotary.fi\\\/oulu\\\/\"},{\"@type\":\"ListItem\",\"position\":2,\"name\":\"Mit\u00e4 me teemme\",\"item\":\"https:\\\/\\\/rotary.fi\\\/oulu\\\/mita-teemme\\\/\"},{\"@type\":\"ListItem\",\"position\":3,\"name\":\"Ohjelma 2017-2018\"}]},{\"@type\":\"WebSite\",\"@id\":\"https:\\\/\\\/rotary.fi\\\/oulu\\\/#website\",\"url\":\"https:\\\/\\\/rotary.fi\\\/oulu\\\/\",\"name\":\"Oulun Rotaryklubi\",\"description\":\"Uusi Rotary klubisivusto\",\"potentialAction\":[{\"@type\":\"SearchAction\",\"target\":{\"@type\":\"EntryPoint\",\"urlTemplate\":\"https:\\\/\\\/rotary.fi\\\/oulu\\\/?s={search_term_string}\"},\"query-input\":{\"@type\":\"PropertyValueSpecification\",\"valueRequired\":true,\"valueName\":\"search_term_string\"}}],\"inLanguage\":\"fi\"}]}<\/script>\n<!-- \/ Yoast SEO plugin. -->","yoast_head_json":{"title":"Ohjelma 2017-2018 - Oulun Rotaryklubi","robots":{"index":"index","follow":"follow","max-snippet":"max-snippet:-1","max-image-preview":"max-image-preview:large","max-video-preview":"max-video-preview:-1"},"canonical":"https:\/\/rotary.fi\/oulu\/mita-teemme\/ohjelma-2017-2018\/","og_locale":"fi_FI","og_type":"article","og_title":"Ohjelma 2017-2018 - Oulun Rotaryklubi","og_description":"Ohjelma 2017-2018 Ohjelma 2017-2018 P\u00e4ivitetty 21.6.2017, Hannu H\u00e4yrynen HEIN\u00c4KUU\u00a02017 - Teema: Rotaryvuoden avaus \/\u00a0MPC: Sulo Lahdelma 6.7. \u00a0 Ei viikkokokousta 13.7. Torikokous:\u00a012:30,\u00a0Kauppatorin Kahvilamakasiini Oulu 20.7. Ei vikkokokousta 27.7. Hallituksen kokous:10:45 27.7.\u00a0Rotaryvuoden 2017-18 avaus, P\u00a0Sampo Puoskari ELOKUU 2017 - Teema: J\u00e4senist\u00f6 ja laajennusty\u00f6\u00a0\u00a0\/ MPC: Hannu H\u00e4yrynen 3.8. \u00a0 \u00a0Ihmisen liikkeest\u00e4 s\u00e4hk\u00f6energiaa, dosentti\u00a0Jari Juuti Oulun yliopisto (Sulo [&hellip;]","og_url":"https:\/\/rotary.fi\/oulu\/mita-teemme\/ohjelma-2017-2018\/","og_site_name":"Oulun Rotaryklubi","article_modified_time":"2022-01-01T17:39:01+00:00","twitter_card":"summary_large_image","twitter_misc":{"Arvioitu lukuaika":"4 minuuttia"},"schema":{"@context":"https:\/\/schema.org","@graph":[{"@type":"WebPage","@id":"https:\/\/rotary.fi\/oulu\/mita-teemme\/ohjelma-2017-2018\/","url":"https:\/\/rotary.fi\/oulu\/mita-teemme\/ohjelma-2017-2018\/","name":"Ohjelma 2017-2018 - Oulun Rotaryklubi","isPartOf":{"@id":"https:\/\/rotary.fi\/oulu\/#website"},"datePublished":"2022-01-01T17:36:39+00:00","dateModified":"2022-01-01T17:39:01+00:00","breadcrumb":{"@id":"https:\/\/rotary.fi\/oulu\/mita-teemme\/ohjelma-2017-2018\/#breadcrumb"},"inLanguage":"fi","potentialAction":[{"@type":"ReadAction","target":["https:\/\/rotary.fi\/oulu\/mita-teemme\/ohjelma-2017-2018\/"]}]},{"@type":"BreadcrumbList","@id":"https:\/\/rotary.fi\/oulu\/mita-teemme\/ohjelma-2017-2018\/#breadcrumb","itemListElement":[{"@type":"ListItem","position":1,"name":"Home","item":"https:\/\/rotary.fi\/oulu\/"},{"@type":"ListItem","position":2,"name":"Mit\u00e4 me teemme","item":"https:\/\/rotary.fi\/oulu\/mita-teemme\/"},{"@type":"ListItem","position":3,"name":"Ohjelma 2017-2018"}]},{"@type":"WebSite","@id":"https:\/\/rotary.fi\/oulu\/#website","url":"https:\/\/rotary.fi\/oulu\/","name":"Oulun Rotaryklubi","description":"Uusi Rotary klubisivusto","potentialAction":[{"@type":"SearchAction","target":{"@type":"EntryPoint","urlTemplate":"https:\/\/rotary.fi\/oulu\/?s={search_term_string}"},"query-input":{"@type":"PropertyValueSpecification","valueRequired":true,"valueName":"search_term_string"}}],"inLanguage":"fi"}]}},"lang":"fi","translations":{"fi":1702},"pll_sync_post":[],"_links":{"self":[{"href":"https:\/\/rotary.fi\/oulu\/wp-json\/wp\/v2\/pages\/1702","targetHints":{"allow":["GET"]}}],"collection":[{"href":"https:\/\/rotary.fi\/oulu\/wp-json\/wp\/v2\/pages"}],"about":[{"href":"https:\/\/rotary.fi\/oulu\/wp-json\/wp\/v2\/types\/page"}],"author":[{"embeddable":true,"href":"https:\/\/rotary.fi\/oulu\/wp-json\/wp\/v2\/users\/543"}],"replies":[{"embeddable":true,"href":"https:\/\/rotary.fi\/oulu\/wp-json\/wp\/v2\/comments?post=1702"}],"version-history":[{"count":3,"href":"https:\/\/rotary.fi\/oulu\/wp-json\/wp\/v2\/pages\/1702\/revisions"}],"predecessor-version":[{"id":1706,"href":"https:\/\/rotary.fi\/oulu\/wp-json\/wp\/v2\/pages\/1702\/revisions\/1706"}],"up":[{"embeddable":true,"href":"https:\/\/rotary.fi\/oulu\/wp-json\/wp\/v2\/pages\/77"}],"wp:attachment":[{"href":"https:\/\/rotary.fi\/oulu\/wp-json\/wp\/v2\/media?parent=1702"}],"curies":[{"name":"wp","href":"https:\/\/api.w.org\/{rel}","templated":true}]}}