{"id":1697,"date":"2022-01-01T19:31:34","date_gmt":"2022-01-01T17:31:34","guid":{"rendered":"https:\/\/rotary.fi\/oulu\/?page_id=1697"},"modified":"2022-01-01T19:32:52","modified_gmt":"2022-01-01T17:32:52","slug":"ohjelma-2016-2017","status":"publish","type":"page","link":"https:\/\/rotary.fi\/oulu\/mita-teemme\/ohjelma-2016-2017\/","title":{"rendered":"Ohjelma 2016-2017"},"content":{"rendered":"<p>[et_pb_section fb_built=&#8221;1&#8243; module_class=&#8221;jumbotron-page&#8221; _builder_version=&#8221;4.14.2&#8243; background_color=&#8221;#0C71C3&#8243; background_enable_image=&#8221;off&#8221; global_colors_info=&#8221;{}&#8221;][et_pb_row _builder_version=&#8221;3.25&#8243; background_size=&#8221;initial&#8221; background_position=&#8221;top_left&#8221; background_repeat=&#8221;repeat&#8221; global_colors_info=&#8221;{}&#8221;][et_pb_column type=&#8221;4_4&#8243; _builder_version=&#8221;3.25&#8243; custom_padding=&#8221;|||&#8221; global_colors_info=&#8221;{}&#8221; custom_padding__hover=&#8221;|||&#8221;][et_pb_text admin_label=&#8221;P\u00e4\u00e4otsikko&#8221; _builder_version=&#8221;3.27.4&#8243; text_orientation=&#8221;center&#8221; background_layout=&#8221;dark&#8221; global_colors_info=&#8221;{}&#8221;]<\/p>\n<h1>Ohjelma 2016-2017<\/h1>\n<p>[\/et_pb_text][\/et_pb_column][\/et_pb_row][\/et_pb_section][et_pb_section fb_built=&#8221;1&#8243; specialty=&#8221;on&#8221; module_class_2=&#8221;sivupalkki&#8221; _builder_version=&#8221;3.22&#8243; global_colors_info=&#8221;{}&#8221;][et_pb_column type=&#8221;2_3&#8243; specialty_columns=&#8221;2&#8243; _builder_version=&#8221;3.25&#8243; custom_padding=&#8221;|||&#8221; global_colors_info=&#8221;{}&#8221; parallax__hover=&#8221;off&#8221; parallax_method__hover=&#8221;on&#8221; custom_padding__hover=&#8221;|||&#8221;][et_pb_row_inner admin_label=&#8221;Rivi&#8221; _builder_version=&#8221;3.25&#8243; global_colors_info=&#8221;{}&#8221;][et_pb_column_inner saved_specialty_column_type=&#8221;2_3&#8243; _builder_version=&#8221;3.25&#8243; custom_padding=&#8221;|||&#8221; global_colors_info=&#8221;{}&#8221; parallax__hover=&#8221;off&#8221; parallax_method__hover=&#8221;on&#8221; custom_padding__hover=&#8221;|||&#8221;][et_pb_text _builder_version=&#8221;3.27.4&#8243; global_colors_info=&#8221;{}&#8221;]<\/p>\n<div id=\"content-middle\">\n<div class=\"zone zone-_main-stuff\" id=\"zone-_main\">\n<div class=\"token token-Content\" id=\"token-7473490\">\n<div class=\"content-container\" id=\"content-container-7473516\">\n<div id=\"content-text-7473516\">\n<h1 class=\"pageTitle\">Ohjelma 2016-2017<\/h1>\n<div class=\"zone\" id=\"zone-top\"><\/div>\n<div id=\"content-middle\">\n<div class=\"zone zone-_main-stuff\" id=\"zone-_main\">\n<div class=\"token token-Content\" id=\"token-13640809\"><a class=\"anchor\" name=\"anchor-13640809\"><\/a><\/p>\n<div class=\"content-container\" id=\"content-container-13640843\">\n<div id=\"content-text-13640843\">\n<p class=\"as_huomiolaatikko\">P\u00e4ivitetty viimeksi 26.5. 2017 \/ Juhani Hannila \/ Ohjelmakomitea<\/p>\n<\/div>\n<\/div>\n<\/div>\n<div class=\"token token-Content\" id=\"token-13640811\"><a class=\"anchor\" name=\"anchor-13640811\"><\/a><\/p>\n<div class=\"content-container\" id=\"content-container-13640845\">\n<div id=\"content-text-13640845\">\n<p class=\"as_huomiolaatikko\"><b>HEIN\u00c4KUU<span>\u00a0<\/span><\/b><b>2016 &#8211; Teema: Rotaryvuoden avaus \/<span>\u00a0<\/span><\/b>MPC: Juhani Hannila<\/p>\n<ul>\n<li><b>7.7.\u00a0\u00a0 Ei viikkokokousta<\/b><\/li>\n<li><b>14.7. Torikokous kahvila Makasiinilla klo 12.30, ajankohtaista Rotarysta \/ Juhani Hannila\u00a0<\/b><\/li>\n<li><b>21.7. Ei viikkokokousta<\/b><\/li>\n<li><i>28.7. Hallituksen kokous 10.45<\/i><\/li>\n<li><b>28.7.<\/b><span>\u00a0<\/span><b>Rotaryvuoden avaus \/ P Hannu Rahikainen<\/b><\/li>\n<\/ul>\n<\/div>\n<\/div>\n<\/div>\n<div class=\"token token-Content\" id=\"token-13640813\"><a class=\"anchor\" name=\"anchor-13640813\"><\/a><\/p>\n<div class=\"content-container\" id=\"content-container-13640847\">\n<div id=\"content-text-13640847\">\n<p class=\"as_huomiolaatikko\"><b>ELOKUU 2016 &#8211; Teema: J\u00e4senist\u00f6 ja laajennusty\u00f6\u00a0<span>\u00a0<\/span><\/b>\/ MPC: Juhani Hannila<\/p>\n<ul>\n<li><b>4.8.\u00a0\u00a0\u00a0 &#8221;J\u00e4senlis\u00e4yksen ja j\u00e4senist\u00f6n pit\u00e4misen uudet ideat klubissamme&#8221; \/ J\u00e4senyyskomitean pj Timo Saarela<\/b><\/li>\n<li><i>9.8.\u00a0\u00a0\u00a0 &#8221;Rotary loves Museum&#8221;, avec, Taidemuseo klo 17-19, vapaa p\u00e4\u00e4sy<\/i><\/li>\n<li><b>11.8.\u00a0<span>\u00a0<\/span><\/b><b>Yritysvierailu Kauppakeskus Valkeaan, kokoontuminen Ravintola Rossossa klo 11.20 \/ Veli-Matti Puutio<span>\u00a0<\/span><\/b>(Pirjo Weisell)<\/li>\n<li><b>18.8.\u00a0 Luokitusesitelm\u00e4 &#8221;Ohjelmistosuunnittelutoimiston sekaty\u00f6nainen&#8221; \/ Leena V\u00e4\u00e4n\u00e4nen<\/b><\/li>\n<li><i>25.8.\u00a0 Hallituksen kokous 10.45<\/i><\/li>\n<li><b>25.8.\u00a0 &#8221;Kideradio&#8221; \/ Sulo Lahdelma<\/b><\/li>\n<\/ul>\n<\/div>\n<\/div>\n<\/div>\n<div class=\"token token-Content\" id=\"token-13640815\"><a class=\"anchor\" name=\"anchor-13640815\"><\/a><\/p>\n<div class=\"content-container\" id=\"content-container-13640849\">\n<div id=\"content-text-13640849\">\n<p class=\"as_huomiolaatikko\"><b>SYYSKUU 2016\u00a0&#8211; Teema: Peruskoulutus sek\u00e4 luku- ja kirjoitustaito\u00a0<\/b><b><span>\u00a0<\/span>\/<\/b>\u00a0 MPC: Juhani Hannila<\/p>\n<ul>\n<li><b>1.9.\u00a0\u00a0\u00a0 Luokitusesitelm\u00e4 &#8221;Ni Hao, Kansainv\u00e4linen markkinointi -parhaat n\u00e4yttelij\u00e4t palkitaan&#8221; \/ Jukka Laitinen<\/b><\/li>\n<li><b>8.9.\u00a0\u00a0\u00a0 &#8221;Terrorismi&#8221; \/ professori Jouni Suistola<span>\u00a0<\/span><\/b>(Juhani Hannila)<\/li>\n<li><b>15.9.\u00a0 Luokitusesitelm\u00e4 &#8221;Nestem\u00e4isten kemikaalien maantiekuljetuksista&#8221; \/ Hannu H\u00e4yrynen<\/b><\/li>\n<li><b>22.9.\u00a0 &#8221;Robotiikan p\u00e4\u00e4tavoitteet: Massaty\u00f6tt\u00f6myys ja ihmiskunnan tuhoaminen?&#8221; \/ Matti Tikanm\u00e4ki<span>\u00a0<\/span><\/b>(Juhani Hannila)<\/li>\n<li><i>24.9.\u00a0 &#8221;Sininen ja valkoinen&#8221; &#8211; viihdekonsertti Jukka\u00a0 Kuoppam\u00e4ki ym. Madetojan sali klo 18<\/i><\/li>\n<li><i>27.9.\u00a0 ODL:n veljeskodin asukkaiden ulkoiluttaminen klo 13 \/ Erkki Koskela<\/i><\/li>\n<li><i>29.9.\u00a0 Hallituksen kokous 10:45<\/i><\/li>\n<li><b>29.9.\u00a0 Syyskokous (vuosikokous) \/ P Hannu Rahikainen, PP Hannu Timonen-Nissi<\/b><\/li>\n<\/ul>\n<\/div>\n<\/div>\n<\/div>\n<div class=\"token token-Content\" id=\"token-13640817\"><a class=\"anchor\" name=\"anchor-13640817\"><\/a><\/p>\n<div class=\"content-container\" id=\"content-container-13640851\">\n<div id=\"content-text-13640851\">\n<p class=\"as_huomiolaatikko\"><b>\u200bLOKAKUU 2016\u00a0&#8211; Teema: Talouskehitys ja yhteiskunnallinen kehitt\u00e4minen\u00a0<span>\u00a0<\/span><\/b>\/ MPC: Marja-Liisa Kauhanen<\/p>\n<ul>\n<li><b>6.10.\u00a0\u00a0\u00a0 &#8221;Israel ennen ja nyt -matkavaikutelmia&#8221; \/ Keijo Nissil\u00e4<\/b><\/li>\n<li><b>13.10.\u00a0 &#8221;Talvisota pilapiirroksissa&#8221; \/ professori Kari Alenius<span>\u00a0<\/span><\/b>(Sampo Puoskari)<\/li>\n<li><i>15.10.\u00a0 D 1400:n piirikokous, Oulu<\/i><\/li>\n<li><i>18.10.\u00a0 &#8221;Rotary loves Museum&#8221;, avec, Pohjois-Pohjanmaan museo klo 17-19 , vapaa p\u00e4\u00e4sy<\/i><\/li>\n<li><b>20.10.\u00a0 &#8221;Rotary Leadership Institute (RLI), ohjelma ja osallistuminen&#8221; \/ Juhani Hannila<\/b><\/li>\n<li><i>22.10.\u00a0 End Polio Now -lipasker\u00e4ys Rotuaarilla klo 10-14 \/ TRFkomitean pj Leo Ilkko<\/i><\/li>\n<li><i>24.10.\u00a0 Maailman poliop\u00e4iv\u00e4. End Polio Now -lipasker\u00e4ys Rotuaarilla klo 10-14 \/ TRFkomitean pj Leo Ilkko<\/i><\/li>\n<li><i>25.10.\u00a0 ODL:n veljeskodin asukkaiden ulkoiluttaminem klo 13 \/ Erkki Koskela<\/i><\/li>\n<li><b>27.10.\u00a0 Luokitusesitelm\u00e4 &#8221;Onko sielunhoito liian keskiluokkaista?&#8221; \/ Marja-Leena Tahkola<\/b><\/li>\n<\/ul>\n<\/div>\n<\/div>\n<\/div>\n<div class=\"token token-Content\" id=\"token-13640819\"><a class=\"anchor\" name=\"anchor-13640819\"><\/a><\/p>\n<div class=\"content-container\" id=\"content-container-13640853\">\n<div id=\"content-text-13640853\">\n<p class=\"as_huomiolaatikko\"><b>MARRASKUU 2016\u00a0&#8211; Teema: Rotarys\u00e4\u00e4ti\u00f6<span>\u00a0<\/span><\/b>\/ MPC: Mika Aalto<\/p>\n<ul>\n<li><i>3.11.\u00a0\u00a0 Hallituksen kokous 10.45<\/i><\/li>\n<li><b>3.11.\u00a0\u00a0 &#8221;Ajankohtaista Rotarys\u00e4\u00e4ti\u00f6st\u00e4&#8221; \/ Rotarys\u00e4\u00e4ti\u00f6komitean pj Leo Ilkko<\/b><\/li>\n<li><i>6.11.\u00a0\u00a0 Mozartin Requiem, Oulun tuomiokirkko klo 19<\/i><\/li>\n<li><b>10.11.<\/b><span>\u00a0<\/span><b>Luokitusesitelm\u00e4 &#8221;Ter\u00e4stutkimus Oulun yliopistolla&#8221; \/ Seppo J\u00e4rvenp\u00e4\u00e4<\/b><\/li>\n<li><i>12.11. RLI 1\/3, Oulu, Rauhala klo 09<\/i><\/li>\n<li><i>15.11. &#8221;Rotary loves Museum&#8221;, avec, Tiedekeskus Tietomaa klo 17-19, vapaa p\u00e4\u00e4sy<\/i><\/li>\n<li><b>17.11.\u00a0 Yritysvierailu Caritakseen klo 11.30. K\u00e4yntiosoite Kapellimestarinkatu 2 \/ Marja-Leena Tahkola<span>\u00a0<\/span><\/b><i>(Marja-Liisa Kauhanen)<\/i><\/li>\n<li><i>22.11.\u00a0 ODL:n veljeskodin asukkaiden ulkoiluttaminen klo 13 \/ Erkki Koskela<\/i><\/li>\n<li><i>24.11.\u00a0 Hallituksen kokous 10.45<\/i><\/li>\n<li><b>24.11.\u00a0<span>\u00a0<\/span><\/b><b>Piirikuvern\u00f6\u00f6rin virallinen vierailu \/ DG Jorma Kinnunen<\/b><\/li>\n<\/ul>\n<\/div>\n<\/div>\n<\/div>\n<div class=\"token token-Content\" id=\"token-13640821\"><a class=\"anchor\" name=\"anchor-13640821\"><\/a><\/p>\n<div class=\"content-container\" id=\"content-container-13640855\">\n<div id=\"content-text-13640855\">\n<p class=\"as_huomiolaatikko\"><b>\u200bJOULUKUU 2016\u00a0&#8211; Teema: Sairauksien ehk\u00e4isy ja hoito<span>\u00a0<\/span><\/b>\/ MPC: Jari Simonen<\/p>\n<ul>\n<li><b>1.12.\u00a0\u00a0\u00a0 &#8221;Yle Oulu ja alueellinen uutis- ja ajankohtaistoiminta&#8221; \/ sis\u00e4lt\u00f6vastaava Tuomas Hirvonen, Yle Oulu\u00a0<\/b><span>\u00a0<\/span>(Juhani Hannila, Visa Bj\u00f6rn)<\/li>\n<li><b>8.12.\u00a0\u00a0\u00a0 Luokitusesitelm\u00e4 &#8221;Erityisyyden moninaisuus&#8221; \/ Mikko Nissinen<\/b><\/li>\n<li><b>15.12. Jouluhartaus ja -lounas, Karjasillan kirkko, aloitamme klo 11.30 kirkkosalissa \/ Juhani Lavanko<\/b><\/li>\n<li><b>22.12.\u00a0 Ei viikkokokousta<\/b><\/li>\n<li><b>29.12.\u00a0 Ei viikkokokousta<\/b><\/li>\n<\/ul>\n<\/div>\n<\/div>\n<\/div>\n<div class=\"token token-Content\" id=\"token-13640823\"><a class=\"anchor\" name=\"anchor-13640823\"><\/a><\/p>\n<div class=\"content-container\" id=\"content-container-13640857\">\n<div id=\"content-text-13640857\">\n<p class=\"as_huomiolaatikko\"><b>\u200bTAMMIKUU 2017\u00a0&#8211; Teema: Ammattipalvelu\u00a0<span>\u00a0<\/span><\/b>\/ MPC: Juhani Hannila<\/p>\n<ul>\n<li><b>5.1.\u00a0\u00a0 Ei viikkokokousta<\/b><\/li>\n<li><b>12.1.<\/b><b><span>\u00a0<\/span>&#8221;Miten k\u00e4y poika poloisten suomalaisessa koulumaailmassa?&#8221; \/ Mika Aalto<\/b><\/li>\n<li><i>17.1. ODL:n veljeskodin asukkaiden ulkoiluttaminan klo 13 \/ Erkki Koskela<\/i><\/li>\n<li><b>19.1. &#8221;Nanobiologia ja sen tarjoamat avaukset l\u00e4\u00e4ketieteelle&#8221; \/ Seppo Vainio<\/b><\/li>\n<li><i>21.1. RLI 2\/3, Oulu, Rauhala klo 09<\/i><\/li>\n<li>26.1. Hallituksen kokous 10.45<\/li>\n<li><b>26.1. Puolivuotiskatsaus \/ P Hannu Rahikainen ja komiteat<\/b><\/li>\n<\/ul>\n<\/div>\n<\/div>\n<\/div>\n<div class=\"token token-Content\" id=\"token-13640825\"><a class=\"anchor\" name=\"anchor-13640825\"><\/a><\/p>\n<div class=\"content-container\" id=\"content-container-13640859\">\n<div id=\"content-text-13640859\">\n<p class=\"as_huomiolaatikko\"><b>HELMIKUU 2017 &#8211; Teema: Rauhantutkimus ja konfliktien ehk\u00e4isy\/sovittelu<span>\u00a0<\/span><\/b>\/ MPC: Juhani Hannila<\/p>\n<ul>\n<li><b>2.2.\u00a0\u00a0\u00a0\u00a0 &#8221;Walkers-toiminta&#8221; \/ Perttu Kemppainen<\/b><span>\u00a0<\/span>(Marja-Liisa Kauhanen)<b><\/b><\/li>\n<li><b>9.2.\u00a0\u00a0\u00a0\u00a0 &#8221;Salaisten agenttien kellot -Watches in Movies&#8221;\u00a0 \/ Jari Levi\u00e4kangas<span>\u00a0<\/span><\/b>(Teemu Haapala)<\/li>\n<li><i>14.2.\u00a0\u00a0 ODL:n asukkaiden ulkoiluttaminen klo 13 \/ Erkki Koskela<\/i><\/li>\n<li><b>16.2.\u00a0\u00a0 Luokitusesitelm\u00e4 &#8221;Ajatuksia ja kokemuksia psykoterapiasta&#8221; \/ Immo Oksanen<\/b><b><\/b><\/li>\n<li><i>18.2.\u00a0\u00a0 RLI 3\/3, Oulu , Rauhala klo 09<\/i><\/li>\n<li><i>21.2.\u00a0\u00a0 &#8221;Rotary loves Museum&#8221;, Galleria Harmaja, Pikisaarentie 17, klo 17-19<\/i><\/li>\n<li><i>23.2.\u00a0\u00a0 Hallituksen kokous 10:45<\/i><\/li>\n<li><b>23.2.\u00a0\u00a0 &#8221;Vaihto-oppilasvuoteni USA:ssa&#8221; \/ Ella Uusitalo<span>\u00a0<\/span><\/b>(Seppo Vainio)<\/li>\n<li><i>25.2.\u00a0\u00a0 Rotarys\u00e4\u00e4ti\u00f6n 100-vuotisgaala, Radisson Blu Oulu, p\u00e4\u00e4sylipullinen, klo 19-24<\/i><\/li>\n<\/ul>\n<\/div>\n<\/div>\n<\/div>\n<div class=\"token token-Content\" id=\"token-13640827\"><a class=\"anchor\" name=\"anchor-13640827\"><\/a><\/p>\n<div class=\"content-container\" id=\"content-container-13640861\">\n<div id=\"content-text-13640861\">\n<p class=\"as_huomiolaatikko\"><b>\u200bMAALISKUU 2017 &#8211; Teema: Vesi- ja saniteettihuolto\u00a0<span>\u00a0<\/span><\/b>\/ MPC: Jari Simonen<\/p>\n<ul>\n<li><b>2.3.\u00a0\u00a0\u00a0<\/b><b>Rotaryvisa \/ Juhani Hannila<\/b><\/li>\n<li><i>6. &#8211; 12.3.\u00a0 Rotaractviikko \u00a0<\/i><\/li>\n<li><b>9.3<\/b>.\u00a0\u00a0\u00a0<span>\u00a0<\/span><b>&#8221;Uutta Rotarys\u00e4\u00e4ti\u00f6st\u00e4 ja poliop\u00e4ivitys&#8221; \/ Virpi ja Matti Honkala<span>\u00a0<\/span><\/b>(Leo Ilkko)\u00a0 \u00a0<\/li>\n<li><i>14.3.\u00a0 ODL:n asukkaiden ulkoiluttaminen klo13 \/ Erkki Koskela \u00a0\u00a0<\/i>\u00a0\u00a0\u00a0\u00a0\u00a0\u00a0\u00a0\u00a0\u00a0\u00a0\u00a0\u00a0\u00a0\u00a0\u00a0\u00a0\u00a0\u00a0\u00a0\u00a0\u00a0\u00a0\u00a0\u00a0\u00a0\u00a0\u00a0\u00a0\u00a0\u00a0\u00a0\u00a0\u00a0\u00a0<\/li>\n<li><b>16<\/b><b>.3.\u00a0<span>\u00a0<\/span><\/b><b>&#8221;Kirurgina Nepalissa&#8221; \/ LT., kirurgian ja ortopedian erikoisl\u00e4\u00e4k\u00e4ri Maarit Valkealahti<span>\u00a0<\/span><\/b>(Leo Ilkko)\u00a0<b><\/b><\/li>\n<li><i>18.3.\u00a0 D 1400:n PETS ja piirineuvottelu, Oulu<\/i><\/li>\n<li><b>23.3.\u00a0 PETS-terveiset \/ PE Sampo Puoskari, SE Petri Kokko ja Oulun Rotaractklubin esitys \/ P Mika Mylly<\/b><\/li>\n<li><i>30.3.\u00a0 Hallituksen kokous 10.45<\/i><\/li>\n<li><b>30.3.\u00a0<\/b><span>\u00a0<\/span><b>Luokitusesitelm\u00e4 &#8221;Hotellinjohtajan rooli t\u00e4m\u00e4n p\u00e4iv\u00e4n hotellibisneksess\u00e4&#8221; \/ Tarja Karvola<\/b><\/li>\n<\/ul>\n<\/div>\n<\/div>\n<\/div>\n<div class=\"token token-Content\" id=\"token-13640829\"><a class=\"anchor\" name=\"anchor-13640829\"><\/a><\/p>\n<div class=\"content-container\" id=\"content-container-13640863\">\n<div id=\"content-text-13640863\">\n<p class=\"as_huomiolaatikko\"><b>HUHTIKUU 2017 &#8211; Teema: \u00c4idin ja lapsen terveys<span>\u00a0<\/span><\/b>\/ MPC: Marja-Liisa Kauhanen<\/p>\n<ul>\n<li><b>6.4. \u00a0\u00a0 &#8221;Abraham Ojanper\u00e4n el\u00e4m\u00e4 &#8211; Olen laulaja, laulaja vain (Suomi 100) \/ Mikko Ihalainen<span>\u00a0<\/span><\/b>(Teemu Haapala)<\/li>\n<li><i>11.4.\u00a0 ODL:n veljeskodin asukkaiden ulkoiluttaminen klo 13 \/ Erkki Koskela<\/i><\/li>\n<li><b>13.4.\u00a0<\/b><span>\u00a0<\/span><b>Kiirastorstai, ei viikkokokousta<\/b><\/li>\n<li><b>20.4.\u00a0 Yritysvierailu Coronaria Hoivaan ja luokitusesitelm\u00e4 \/ Arto Lamberg.<span>\u00a0<\/span><i>HUOM<\/i>: aika klo 18.00 ja paikka &#8221;Sammakkotalo&#8221;, Saaristonkatu 22, 3. krs<span>\u00a0<\/span><\/b>(korvaa normaalin viikkokokouksen)<\/li>\n<li><i>21.-23.4.\u00a0 D 1400:n piirikonferenssi, Rovaniemi<\/i><\/li>\n<li><i>27.4.\u00a0<\/i><span>\u00a0<\/span><i>Hallituksen kokous 10.45<\/i><\/li>\n<li><b>27.4.\u00a0<span>\u00a0<\/span><\/b><b>Osallistuminen avec Oulun Suomi 100 -juhlavuoden tilaisuuteen: Kansallinen veteraanip\u00e4iv\u00e4njuhla klo 13-15 (juhlaohjelma ja kahvitilaisuus, tumma puku ja kunniamerkit), Kastellin monitoimitalo, Sairaalanrinne 5 \/ Oulun kaupunki<\/b><span>\u00a0<\/span>(Juhani Hannila)\u00a0\u00a0 KORVAA viikkokokouksen.<\/li>\n<\/ul>\n<\/div>\n<\/div>\n<\/div>\n<div class=\"token token-Content\" id=\"token-13640831\"><a class=\"anchor\" name=\"anchor-13640831\"><\/a><\/p>\n<div class=\"content-container\" id=\"content-container-13640865\">\n<div id=\"content-text-13640865\">\n<p class=\"as_huomiolaatikko\"><b>TOUKOKUU 2017 &#8211; Nuorisopalvelu<\/b><span>\u00a0<\/span>\/ MPC: Mika Aalto<\/p>\n<ul>\n<li><b>4.5.\u00a0\u00a0 &#8221;Media-ala muutoksessa, miten alueellinen media p\u00e4rj\u00e4\u00e4 kansainv\u00e4lisi\u00e4 j\u00e4ttej\u00e4 vastaan?&#8221; \/ Sauli Huikuri<\/b><\/li>\n<li><i>5.5.\u00a0\u00a0 Oulun Rotaryklubi 83 vuotta<\/i><\/li>\n<li><i>9.5.\u00a0\u00a0 ODL:n veljeskodin asukkaiden ulkoiluttaminen klo 13 \/ Erkki Koskela<\/i><\/li>\n<li><b>11.5.\u00a0 Luokitusesitelm\u00e4 &#8221;El\u00e4m\u00e4si parhaat ty\u00f6p\u00e4iv\u00e4t&#8221; \/ Hannu Harmainen<\/b><\/li>\n<li><i>18.5.\u00a0 Hallituksen k klo 10.45<\/i><\/li>\n<li><b>18.5.\u00a0 Kev\u00e4tkokous, TS 2017-2018 \/ P Hannu Rahikainen, PE Sampo Puoskari<i><\/i><\/b><\/li>\n<li><b>25.5.\u00a0 Helatorstai, ei viikkokokousta<\/b><\/li>\n<\/ul>\n<\/div>\n<\/div>\n<\/div>\n<div class=\"token token-Content\" id=\"token-13640833\"><a class=\"anchor\" name=\"anchor-13640833\"><\/a><\/p>\n<div class=\"content-container\" id=\"content-container-13640867\">\n<div id=\"content-text-13640867\">\n<p class=\"as_huomiolaatikko\"><b>\u200bKES\u00c4KUU 2017 &#8211; Teema: Rotaryn toveruusryhm\u00e4t\u00a0<\/b><span>\u00a0<\/span>\/ MPC: Jari Simonen<\/p>\n<ul>\n<li><b>1.6.\u00a0 &#8221;Oulun k\u00e4r\u00e4j\u00e4oikeus t\u00e4n\u00e4\u00e4n ja huomenna&#8221; \/ laamanni Antti Savela<span>\u00a0<\/span><\/b>(Jari Lehtel\u00e4)<b><\/b><\/li>\n<li><i>5.6.\u00a0 &#8221;Rotary loves Museum&#8221;, Turkansaari klo 17 klubeille tulleen kutsun ja ohjelman mukaisesti<\/i><\/li>\n<li><i>6.6.\u00a0 ODL:n veljeskodin asukkaiden ulkoiluttaminen klo 13 \/ Erkki Koskela<\/i><\/li>\n<li><b>8.6.\u00a0<\/b><b><span>\u00a0<\/span>&#8221;L\u00e4\u00e4ketieteellisen tutkimuksen eettinen arviointi&#8221; \/ Jyrki M\u00e4kel\u00e4<\/b><\/li>\n<li><i>10.-14.6. FRE: RI:n kongressi ja TRF:n 100-vuotistapahtuma Atlantassa, USA<\/i><\/li>\n<li><b>15.6.\u00a0 &#8221;Hiukkavaaran vartija&#8221; \/ Sampo Puoskari<\/b><b><\/b><\/li>\n<li><b>22.6.\u00a0 Luokitusesitelm\u00e4 &#8221;Huonekalukauppa&#8221; \/ Petri Juntunen<\/b><\/li>\n<li><i>29.6. Hallituksen kokous 10.45<\/i><\/li>\n<li><b>29.6. K\u00e4\u00e4tyjen ja teht\u00e4vien vaihto, ryhm\u00e4kuva<\/b><span>\u00a0<\/span><b>\/ P Hannu Rahikainen, PE Sampo Puoskari\u00a0<\/b><\/li>\n<\/ul>\n<\/div>\n<\/div>\n<\/div>\n<\/div>\n<\/div>\n<div id=\"content-middle\">\n<div class=\"zone zone-_main-stuff\" id=\"zone-_main\">\n<div class=\"token token-Content\" id=\"token-11607438\">\n<div class=\"content-container\" id=\"content-container-11607472\">\n<div id=\"content-text-11607472\">\n<ul><\/ul>\n<\/div>\n<\/div>\n<\/div>\n<\/div>\n<\/div>\n<\/div>\n<\/div>\n<\/div>\n<\/div>\n<\/div>\n<p>[\/et_pb_text][\/et_pb_column_inner][\/et_pb_row_inner][\/et_pb_column][et_pb_column type=&#8221;1_3&#8243; module_class=&#8221;sivupalkki&#8221; _builder_version=&#8221;3.25&#8243; custom_padding=&#8221;|||&#8221; global_colors_info=&#8221;{}&#8221; parallax__hover=&#8221;off&#8221; parallax_method__hover=&#8221;on&#8221; module_class__hover=&#8221;sivupalkki&#8221; custom_padding__hover=&#8221;|||&#8221;][et_pb_sidebar area=&#8221;sidebar-1&#8243; module_class=&#8221;sivupalkki_sisalto&#8221; _builder_version=&#8221;3.4.1&#8243; locked=&#8221;on&#8221; global_colors_info=&#8221;{}&#8221;][\/et_pb_sidebar][\/et_pb_column][\/et_pb_section]<\/p>\n","protected":false},"excerpt":{"rendered":"<p>Ohjelma 2016-2017 Ohjelma 2016-2017 P\u00e4ivitetty viimeksi 26.5. 2017 \/ Juhani Hannila \/ Ohjelmakomitea HEIN\u00c4KUU\u00a02016 &#8211; Teema: Rotaryvuoden avaus \/\u00a0MPC: Juhani Hannila 7.7.\u00a0\u00a0 Ei viikkokokousta 14.7. Torikokous kahvila Makasiinilla klo 12.30, ajankohtaista Rotarysta \/ Juhani Hannila\u00a0 21.7. Ei viikkokokousta 28.7. Hallituksen kokous 10.45 28.7.\u00a0Rotaryvuoden avaus \/ P Hannu Rahikainen ELOKUU 2016 &#8211; Teema: J\u00e4senist\u00f6 ja laajennusty\u00f6\u00a0\u00a0\/ [&hellip;]<\/p>\n","protected":false},"author":543,"featured_media":0,"parent":77,"menu_order":0,"comment_status":"closed","ping_status":"closed","template":"","meta":{"_acf_changed":false,"_et_pb_use_builder":"on","_et_pb_old_content":"","_et_gb_content_width":"","footnotes":""},"class_list":["post-1697","page","type-page","status-publish","hentry"],"acf":[],"yoast_head":"<!-- This site is optimized with the Yoast SEO plugin v27.0 - https:\/\/yoast.com\/product\/yoast-seo-wordpress\/ -->\n<title>Ohjelma 2016-2017 - Oulun Rotaryklubi<\/title>\n<meta name=\"robots\" content=\"index, follow, max-snippet:-1, max-image-preview:large, max-video-preview:-1\" \/>\n<link rel=\"canonical\" href=\"https:\/\/rotary.fi\/oulu\/mita-teemme\/ohjelma-2016-2017\/\" \/>\n<meta property=\"og:locale\" content=\"fi_FI\" \/>\n<meta property=\"og:type\" content=\"article\" \/>\n<meta property=\"og:title\" content=\"Ohjelma 2016-2017 - Oulun Rotaryklubi\" \/>\n<meta property=\"og:description\" content=\"Ohjelma 2016-2017 Ohjelma 2016-2017 P\u00e4ivitetty viimeksi 26.5. 2017 \/ Juhani Hannila \/ Ohjelmakomitea HEIN\u00c4KUU\u00a02016 - Teema: Rotaryvuoden avaus \/\u00a0MPC: Juhani Hannila 7.7.\u00a0\u00a0 Ei viikkokokousta 14.7. Torikokous kahvila Makasiinilla klo 12.30, ajankohtaista Rotarysta \/ Juhani Hannila\u00a0 21.7. Ei viikkokokousta 28.7. Hallituksen kokous 10.45 28.7.\u00a0Rotaryvuoden avaus \/ P Hannu Rahikainen ELOKUU 2016 - Teema: J\u00e4senist\u00f6 ja laajennusty\u00f6\u00a0\u00a0\/ [&hellip;]\" \/>\n<meta property=\"og:url\" content=\"https:\/\/rotary.fi\/oulu\/mita-teemme\/ohjelma-2016-2017\/\" \/>\n<meta property=\"og:site_name\" content=\"Oulun Rotaryklubi\" \/>\n<meta property=\"article:modified_time\" content=\"2022-01-01T17:32:52+00:00\" \/>\n<meta name=\"twitter:card\" content=\"summary_large_image\" \/>\n<meta name=\"twitter:label1\" content=\"Arvioitu lukuaika\" \/>\n\t<meta name=\"twitter:data1\" content=\"5 minuuttia\" \/>\n<script type=\"application\/ld+json\" class=\"yoast-schema-graph\">{\"@context\":\"https:\/\/schema.org\",\"@graph\":[{\"@type\":\"WebPage\",\"@id\":\"https:\/\/rotary.fi\/oulu\/mita-teemme\/ohjelma-2016-2017\/\",\"url\":\"https:\/\/rotary.fi\/oulu\/mita-teemme\/ohjelma-2016-2017\/\",\"name\":\"Ohjelma 2016-2017 - Oulun Rotaryklubi\",\"isPartOf\":{\"@id\":\"https:\/\/rotary.fi\/oulu\/#website\"},\"datePublished\":\"2022-01-01T17:31:34+00:00\",\"dateModified\":\"2022-01-01T17:32:52+00:00\",\"breadcrumb\":{\"@id\":\"https:\/\/rotary.fi\/oulu\/mita-teemme\/ohjelma-2016-2017\/#breadcrumb\"},\"inLanguage\":\"fi\",\"potentialAction\":[{\"@type\":\"ReadAction\",\"target\":[\"https:\/\/rotary.fi\/oulu\/mita-teemme\/ohjelma-2016-2017\/\"]}]},{\"@type\":\"BreadcrumbList\",\"@id\":\"https:\/\/rotary.fi\/oulu\/mita-teemme\/ohjelma-2016-2017\/#breadcrumb\",\"itemListElement\":[{\"@type\":\"ListItem\",\"position\":1,\"name\":\"Home\",\"item\":\"https:\/\/rotary.fi\/oulu\/\"},{\"@type\":\"ListItem\",\"position\":2,\"name\":\"Mit\u00e4 me teemme\",\"item\":\"https:\/\/rotary.fi\/oulu\/mita-teemme\/\"},{\"@type\":\"ListItem\",\"position\":3,\"name\":\"Ohjelma 2016-2017\"}]},{\"@type\":\"WebSite\",\"@id\":\"https:\/\/rotary.fi\/oulu\/#website\",\"url\":\"https:\/\/rotary.fi\/oulu\/\",\"name\":\"Oulun Rotaryklubi\",\"description\":\"Uusi Rotary klubisivusto\",\"potentialAction\":[{\"@type\":\"SearchAction\",\"target\":{\"@type\":\"EntryPoint\",\"urlTemplate\":\"https:\/\/rotary.fi\/oulu\/?s={search_term_string}\"},\"query-input\":{\"@type\":\"PropertyValueSpecification\",\"valueRequired\":true,\"valueName\":\"search_term_string\"}}],\"inLanguage\":\"fi\"}]}<\/script>\n<!-- \/ Yoast SEO plugin. -->","yoast_head_json":{"title":"Ohjelma 2016-2017 - Oulun Rotaryklubi","robots":{"index":"index","follow":"follow","max-snippet":"max-snippet:-1","max-image-preview":"max-image-preview:large","max-video-preview":"max-video-preview:-1"},"canonical":"https:\/\/rotary.fi\/oulu\/mita-teemme\/ohjelma-2016-2017\/","og_locale":"fi_FI","og_type":"article","og_title":"Ohjelma 2016-2017 - Oulun Rotaryklubi","og_description":"Ohjelma 2016-2017 Ohjelma 2016-2017 P\u00e4ivitetty viimeksi 26.5. 2017 \/ Juhani Hannila \/ Ohjelmakomitea HEIN\u00c4KUU\u00a02016 - Teema: Rotaryvuoden avaus \/\u00a0MPC: Juhani Hannila 7.7.\u00a0\u00a0 Ei viikkokokousta 14.7. Torikokous kahvila Makasiinilla klo 12.30, ajankohtaista Rotarysta \/ Juhani Hannila\u00a0 21.7. Ei viikkokokousta 28.7. Hallituksen kokous 10.45 28.7.\u00a0Rotaryvuoden avaus \/ P Hannu Rahikainen ELOKUU 2016 - Teema: J\u00e4senist\u00f6 ja laajennusty\u00f6\u00a0\u00a0\/ [&hellip;]","og_url":"https:\/\/rotary.fi\/oulu\/mita-teemme\/ohjelma-2016-2017\/","og_site_name":"Oulun Rotaryklubi","article_modified_time":"2022-01-01T17:32:52+00:00","twitter_card":"summary_large_image","twitter_misc":{"Arvioitu lukuaika":"5 minuuttia"},"schema":{"@context":"https:\/\/schema.org","@graph":[{"@type":"WebPage","@id":"https:\/\/rotary.fi\/oulu\/mita-teemme\/ohjelma-2016-2017\/","url":"https:\/\/rotary.fi\/oulu\/mita-teemme\/ohjelma-2016-2017\/","name":"Ohjelma 2016-2017 - Oulun Rotaryklubi","isPartOf":{"@id":"https:\/\/rotary.fi\/oulu\/#website"},"datePublished":"2022-01-01T17:31:34+00:00","dateModified":"2022-01-01T17:32:52+00:00","breadcrumb":{"@id":"https:\/\/rotary.fi\/oulu\/mita-teemme\/ohjelma-2016-2017\/#breadcrumb"},"inLanguage":"fi","potentialAction":[{"@type":"ReadAction","target":["https:\/\/rotary.fi\/oulu\/mita-teemme\/ohjelma-2016-2017\/"]}]},{"@type":"BreadcrumbList","@id":"https:\/\/rotary.fi\/oulu\/mita-teemme\/ohjelma-2016-2017\/#breadcrumb","itemListElement":[{"@type":"ListItem","position":1,"name":"Home","item":"https:\/\/rotary.fi\/oulu\/"},{"@type":"ListItem","position":2,"name":"Mit\u00e4 me teemme","item":"https:\/\/rotary.fi\/oulu\/mita-teemme\/"},{"@type":"ListItem","position":3,"name":"Ohjelma 2016-2017"}]},{"@type":"WebSite","@id":"https:\/\/rotary.fi\/oulu\/#website","url":"https:\/\/rotary.fi\/oulu\/","name":"Oulun Rotaryklubi","description":"Uusi Rotary klubisivusto","potentialAction":[{"@type":"SearchAction","target":{"@type":"EntryPoint","urlTemplate":"https:\/\/rotary.fi\/oulu\/?s={search_term_string}"},"query-input":{"@type":"PropertyValueSpecification","valueRequired":true,"valueName":"search_term_string"}}],"inLanguage":"fi"}]}},"lang":"fi","translations":{"fi":1697},"pll_sync_post":[],"_links":{"self":[{"href":"https:\/\/rotary.fi\/oulu\/wp-json\/wp\/v2\/pages\/1697","targetHints":{"allow":["GET"]}}],"collection":[{"href":"https:\/\/rotary.fi\/oulu\/wp-json\/wp\/v2\/pages"}],"about":[{"href":"https:\/\/rotary.fi\/oulu\/wp-json\/wp\/v2\/types\/page"}],"author":[{"embeddable":true,"href":"https:\/\/rotary.fi\/oulu\/wp-json\/wp\/v2\/users\/543"}],"replies":[{"embeddable":true,"href":"https:\/\/rotary.fi\/oulu\/wp-json\/wp\/v2\/comments?post=1697"}],"version-history":[{"count":3,"href":"https:\/\/rotary.fi\/oulu\/wp-json\/wp\/v2\/pages\/1697\/revisions"}],"predecessor-version":[{"id":1700,"href":"https:\/\/rotary.fi\/oulu\/wp-json\/wp\/v2\/pages\/1697\/revisions\/1700"}],"up":[{"embeddable":true,"href":"https:\/\/rotary.fi\/oulu\/wp-json\/wp\/v2\/pages\/77"}],"wp:attachment":[{"href":"https:\/\/rotary.fi\/oulu\/wp-json\/wp\/v2\/media?parent=1697"}],"curies":[{"name":"wp","href":"https:\/\/api.w.org\/{rel}","templated":true}]}}