{"id":1691,"date":"2022-01-01T19:26:58","date_gmt":"2022-01-01T17:26:58","guid":{"rendered":"https:\/\/rotary.fi\/oulu\/?page_id=1691"},"modified":"2022-01-01T19:29:36","modified_gmt":"2022-01-01T17:29:36","slug":"ohjelma-2015-2016","status":"publish","type":"page","link":"https:\/\/rotary.fi\/oulu\/mita-teemme\/ohjelma-2015-2016\/","title":{"rendered":"Ohjelma 2015-2016"},"content":{"rendered":"<p>[et_pb_section fb_built=&#8221;1&#8243; module_class=&#8221;jumbotron-page&#8221; _builder_version=&#8221;4.14.2&#8243; background_color=&#8221;#0C71C3&#8243; background_enable_image=&#8221;off&#8221; global_colors_info=&#8221;{}&#8221;][et_pb_row _builder_version=&#8221;3.25&#8243; background_size=&#8221;initial&#8221; background_position=&#8221;top_left&#8221; background_repeat=&#8221;repeat&#8221; global_colors_info=&#8221;{}&#8221;][et_pb_column type=&#8221;4_4&#8243; _builder_version=&#8221;3.25&#8243; custom_padding=&#8221;|||&#8221; global_colors_info=&#8221;{}&#8221; custom_padding__hover=&#8221;|||&#8221;][et_pb_text admin_label=&#8221;P\u00e4\u00e4otsikko&#8221; _builder_version=&#8221;3.27.4&#8243; text_orientation=&#8221;center&#8221; background_layout=&#8221;dark&#8221; global_colors_info=&#8221;{}&#8221;]<\/p>\n<h1>Ohjelma 2015-2016<\/h1>\n<p>[\/et_pb_text][\/et_pb_column][\/et_pb_row][\/et_pb_section][et_pb_section fb_built=&#8221;1&#8243; specialty=&#8221;on&#8221; module_class_2=&#8221;sivupalkki&#8221; _builder_version=&#8221;3.22&#8243; global_colors_info=&#8221;{}&#8221;][et_pb_column type=&#8221;2_3&#8243; specialty_columns=&#8221;2&#8243; _builder_version=&#8221;3.25&#8243; custom_padding=&#8221;|||&#8221; global_colors_info=&#8221;{}&#8221; parallax__hover=&#8221;off&#8221; parallax_method__hover=&#8221;on&#8221; custom_padding__hover=&#8221;|||&#8221;][et_pb_row_inner admin_label=&#8221;Rivi&#8221; _builder_version=&#8221;3.25&#8243; global_colors_info=&#8221;{}&#8221;][et_pb_column_inner saved_specialty_column_type=&#8221;2_3&#8243; _builder_version=&#8221;3.25&#8243; custom_padding=&#8221;|||&#8221; global_colors_info=&#8221;{}&#8221; parallax__hover=&#8221;off&#8221; parallax_method__hover=&#8221;on&#8221; custom_padding__hover=&#8221;|||&#8221;][et_pb_text _builder_version=&#8221;3.27.4&#8243; global_colors_info=&#8221;{}&#8221;]<\/p>\n<div id=\"content-middle\">\n<div class=\"zone zone-_main-stuff\" id=\"zone-_main\">\n<div class=\"token token-Content\" id=\"token-7473490\">\n<div class=\"content-container\" id=\"content-container-7473516\">\n<div id=\"content-text-7473516\">\n<h1 class=\"pageTitle\">Ohjelma 2015-2016<\/h1>\n<div class=\"zone\" id=\"zone-top\"><\/div>\n<div id=\"content-middle\">\n<div class=\"zone zone-_main-stuff\" id=\"zone-_main\">\n<div class=\"token token-Content\" id=\"token-11607414\"><a class=\"anchor\" name=\"anchor-11607414\"><\/a><\/p>\n<div class=\"content-container\" id=\"content-container-11607448\">\n<div id=\"content-text-11607448\">\n<p class=\"as_huomiolaatikko\">P\u00e4ivitetty viimeksi 6.6.2016 \/ ohjelman yll\u00e4pit\u00e4j\u00e4 Juhani Hannila \/ Ohjelmakomitea.<\/p>\n<\/div>\n<\/div>\n<\/div>\n<div class=\"token token-Content\" id=\"token-11607416\"><a class=\"anchor\" name=\"anchor-11607416\"><\/a><\/p>\n<div class=\"content-container\" id=\"content-container-11607450\">\n<div id=\"content-text-11607450\">\n<p class=\"as_huomiolaatikko\"><b>HEIN\u00c4KUU<span>\u00a0<\/span><\/b><b>2015 &#8211; Teema: Rotaryvuoden avaus \/<span>\u00a0<\/span><\/b>MPC: Juhani Hannila<\/p>\n<ul>\n<li><i>2.7.\u00a0\u00a0 ei viikkokokousta<\/i><\/li>\n<li><i>9.7.\u00a0\u00a0 ei viikkokokousta\u00a0\u00a0<\/i><\/li>\n<li><i>16.7.\u00a0<\/i><i>ei viikkokokousta<\/i><\/li>\n<li><b>23.7. Rotaryvuoden 1. viikkokokous: &#8221;Varuskuntakaupunki Oulu&#8221; \/ Sampo Puoskari, Juhani Hannila<span>\u00a0<\/span><\/b>(Kokoontuminen klo 11.30 Pohjois-Pohjanmaan museon edess\u00e4, pienoisn\u00e4yttelyyn tutustumisen j\u00e4lkeen siirtyminen Rauhalan patiolle, jossa syvent\u00e4v\u00e4 keskustelu.)<\/li>\n<li><i>30.7. Hallituksen kokous 10.45<\/i><\/li>\n<li><b>30.7. Rotaryvuoden 2015-2016 toimintasuunnitelma \/ P Hannu Timonen-Nissi ja komiteat<\/b><\/li>\n<\/ul>\n<\/div>\n<\/div>\n<\/div>\n<div class=\"token token-Content\" id=\"token-11607418\"><a class=\"anchor\" name=\"anchor-11607418\"><\/a><\/p>\n<div class=\"content-container\" id=\"content-container-11607452\">\n<div id=\"content-text-11607452\">\n<p class=\"as_huomiolaatikko\"><b>ELOKUU 2015 &#8211; Teema: J\u00e4senist\u00f6 ja laajennusty\u00f6\u00a0<span>\u00a0<\/span><\/b>\/ MPC: Juhani Hannila<\/p>\n<ul>\n<li><b>6.8.<\/b>\u00a0\u00a0<span>\u00a0<\/span><b>&#8221;Maahanmuuttajien koulutuksesta&#8221; \/ Iida Kauhanen (<\/b>Marja-Liisa Kauhanen)<\/li>\n<li><b>13.8. &#8221;RI:n Sao Paulon kongressi&#8221;, obrigado, faz favor! \/ Juhani Hannila, Jorma Kinn<\/b><b>unen<\/b><\/li>\n<li><b>20.8. &#8221;J\u00e4senist\u00f6n lis\u00e4\u00e4minen ja pit\u00e4minen&#8221;\u00a0 \/ J\u00e4senyyskomitea, pj Timo Saarela<\/b><\/li>\n<li><i>27.8. Hallituksen kokous 10:45<\/i><\/li>\n<li><b>27.8. &#8221;Bioekonomia&#8221; \/ Seppo Vainio<\/b><\/li>\n<\/ul>\n<\/div>\n<\/div>\n<\/div>\n<div class=\"token token-Content\" id=\"token-11607420\"><a class=\"anchor\" name=\"anchor-11607420\"><\/a><\/p>\n<div class=\"content-container\" id=\"content-container-11607454\">\n<div id=\"content-text-11607454\">\n<p class=\"as_huomiolaatikko\"><b>SYYSKUU 2015 &#8211; Teema: Peruskoulutus sek\u00e4 luku- ja kirjoitustaito\u00a0<\/b><b><span>\u00a0<\/span>\/<\/b>\u00a0 MPC: Marja-Liisa Kauhanen<\/p>\n<ul>\n<li><b>3.9.\u00a0\u00a0 &#8221;Uudet sukupolvet \/ Nuorisopalvelu&#8221; \/ Nuorisoty\u00f6komitean pj Seppo Vainio<\/b><\/li>\n<li><b>10.9. Luokitusesitelm\u00e4 insin\u00f6\u00f6rien koulutuksesta Suomessa \/ Leo Ilkko<\/b><\/li>\n<li><i>16.9.<u><span>\u00a0<\/span><b>Klubineuvottelu presidentin kes\u00e4keitti\u00f6ll\u00e4 klo 18- \/ Hannu Timonen-Nissi<\/b><\/u><b><span>\u00a0<\/span>(kutsun mukaisesti)<\/b><\/i><\/li>\n<li><b>17.9.\u00a0 &#8221;Pakolaistilanteen haasteet ja ratkaisut Oulun seudulla&#8221; \/ Pasi Laukka<\/b><\/li>\n<li><i>23.9. Veljeskotiryhm\u00e4 ODL:ssa klo 13-<\/i><\/li>\n<li><i>24.9. Hallituksen kokous 10:45<\/i><\/li>\n<li><b>24.9. Syyskokous (vuosikokous) \/ P Hannu Timonen-Nissi ja PP Pirjo Weisell<\/b><\/li>\n<\/ul>\n<\/div>\n<\/div>\n<\/div>\n<div class=\"token token-Content\" id=\"token-11607422\"><a class=\"anchor\" name=\"anchor-11607422\"><\/a><\/p>\n<div class=\"content-container\" id=\"content-container-11607456\">\n<div id=\"content-text-11607456\">\n<p class=\"as_huomiolaatikko\"><b>\u200bLOKAKUU 2015 &#8211; Teema: Talouskehitys ja yhteiskunnallinen kehitt\u00e4minen\u00a0<span>\u00a0<\/span><\/b>\/ MPC: Hannu Ruokolainen<\/p>\n<ul>\n<li><b>1.10.<\/b>\u00a0\u00a0<b><span>\u00a0<\/span>Piirikuvern\u00f6\u00f6rin virallinen vierailu<\/b><b><span>\u00a0<\/span>\/ DG Juha Risteli<\/b><\/li>\n<li><b>8.10.<\/b>\u00a0\u00a0<b><span>\u00a0<\/span>&#8221;Ammattipalvelu&#8221;\u00a0 \/ Palveluprojektit-komitea, pj Hannu Rahikainen<\/b><\/li>\n<li><i>14.10\u00a0 Veljeskotiryhm\u00e4 ODL:ssa klo 13-<\/i><\/li>\n<li><b>15.10. &#8221;Asuntomarkkinat&#8221; \/ Eija Tyyb\u00e4kinoja, Huoneistokeskus<span>\u00a0<\/span><\/b>(Jorma Kinnunen)<\/li>\n<li><b>22.10. &#8221;J\u00e4senen\u00e4 el\u00e4keyhti\u00f6n neuvottelukunnassa&#8221; \/ Risto Siivola<\/b><\/li>\n<li><i>24.10. Piirikokous ja hankekoulutus, Oulu<\/i><\/li>\n<li><i>29.10. Hallituksen kokous 10:45<\/i><\/li>\n<li><b>29.10. Varattu hallituksen ja j\u00e4senten ajankohtaisille asioille \/ Hallintokomitea<\/b><\/li>\n<\/ul>\n<\/div>\n<\/div>\n<\/div>\n<div class=\"token token-Content\" id=\"token-11607424\"><a class=\"anchor\" name=\"anchor-11607424\"><\/a><\/p>\n<div class=\"content-container\" id=\"content-container-11607458\">\n<div id=\"content-text-11607458\">\n<p class=\"as_huomiolaatikko\"><b>MARRASKUU 2015 &#8211; Teema: Rotarys\u00e4\u00e4ti\u00f6<span>\u00a0<\/span><\/b>\/ MPC: Mika Aalto<\/p>\n<ul>\n<li><b>5.11.<\/b>\u00a0\u00a0<span>\u00a0<\/span><b>&#8221;<\/b><b>S\u00e4\u00e4ti\u00f6katsaus &#8211; lupa tehd\u00e4 hyv\u00e4\u00e4<\/b><b>&#8221; \/ Teemu Haapala, pj Rotarys\u00e4\u00e4ti\u00f6komitea<\/b><\/li>\n<li><b>12.11. &#8221;Opiskelusta kansainv\u00e4lisess\u00e4 IB-lukiossa ja mihin se valmistaa. Mit\u00e4 is\u00e4 ajattelee.&#8221; \/ Venla ja Jari Karppinen<\/b><\/li>\n<li><i>14.11.\u00a0 RLI:n jakso 1\/3 Torniossa<\/i><\/li>\n<li><i>18.11. Veljeskotiryhm\u00e4 ODL:ssa klo 13-<\/i><\/li>\n<li><b>19.11. &#8221;L\u00e4\u00e4k\u00e4rikoulutuksen ongelmista Pohjois-Suomessa&#8221; \/ Jyrki M\u00e4kel\u00e4<\/b><\/li>\n<li><b>26.11. Yritysvierailu Rudus Oy:\u00f6\u00f6n, Soram\u00e4entie 31, Oulu. Kokoontuminen konttorin edess\u00e4 klo 11.30 \/ P Hannu Timonen-Nissi<\/b><\/li>\n<\/ul>\n<\/div>\n<\/div>\n<\/div>\n<div class=\"token token-Content\" id=\"token-11607426\"><a class=\"anchor\" name=\"anchor-11607426\"><\/a><\/p>\n<div class=\"content-container\" id=\"content-container-11607460\">\n<div id=\"content-text-11607460\">\n<p class=\"as_huomiolaatikko\"><b>\u200bJOULUKUU 2015 &#8211; Teema: Sairauksien ehk\u00e4isy ja hoito<span>\u00a0<\/span><\/b>\/ MPC: Juhani Hannila<\/p>\n<ul>\n<li><b>3.12.\u00a0\u00a0 &#8221;Rotaryperhe&#8221;\u00a0 \/ Hallintokomitean pj Jari Simonen<\/b><\/li>\n<li><i>10.12. Hallituksen kokous klo 10.45<\/i><\/li>\n<li><b>10.12.<\/b><b><span>\u00a0<\/span>Luokitusesitelm\u00e4 &#8221;Kauppakamari &#8211; yhdess\u00e4 yritysten puolesta&#8221; \/ Riitta Schroderus<\/b><\/li>\n<li><i>12.12. Klubin polioker\u00e4ystapahtuma \/ Rotarys\u00e4\u00e4ti\u00f6komitean pj Teemu Haapala<\/i><\/li>\n<li><i>15.12. Veljeskotiryhm\u00e4 ODL:ssa klo 13- \/ Erkki Koskela<\/i><\/li>\n<li><b>17.12. FRE: Jouluhartaus ja -lounas Karjasillan kirkossa avec. Aloitetaan klo 11.30. \/ Hannu Rahikainen ja Juhani Lavanko\u00a0<\/b><\/li>\n<li><i>24.12. Jouluaatto , ei viikkokokousta<\/i><\/li>\n<li><i>31.12\u00a0 Uudenvuoden aatto, ei viikkokokousta<\/i><\/li>\n<\/ul>\n<\/div>\n<\/div>\n<\/div>\n<div class=\"token token-Content\" id=\"token-11607428\"><a class=\"anchor\" name=\"anchor-11607428\"><\/a><\/p>\n<div class=\"content-container\" id=\"content-container-11607462\">\n<div id=\"content-text-11607462\">\n<p class=\"as_huomiolaatikko\"><b>\u200bTAMMIKUU 2016 &#8211; Teema: Ammattipalvelu\u00a0<span>\u00a0<\/span><\/b>\/ MPC: Marja-Liisa Kauhanen<\/p>\n<ul>\n<li><b>7.1<\/b>.\u00a0\u00a0<span>\u00a0<\/span><b>&#8221;Miten lis\u00e4\u00e4mme rotarytietoutta&#8221; \/ Julkisuuskuvakomitean pj Sampo Puoskari<\/b><\/li>\n<li><b>14.1. &#8221;Oulunseudun mobilistit &#8211; oululaista autohistoriaa ja -museotoimintaa&#8221; \/ Erkki Knuutila<\/b><span>\u00a0<\/span>(Tapani Yliniemi)<b><\/b><\/li>\n<li>19.1.<span>\u00a0<\/span><i>Veljeskotiryhm\u00e4 ODL:ssa klo 13- \/ Erkki Koskela<\/i><\/li>\n<li><i>21.1. Hallituksen kokous 10:45<\/i><\/li>\n<li><b>21.1. Klubin j\u00e4senien, komiteoiden ja hallituksen asioita \/ Hallintokomitean pj Jari Simonen<\/b><\/li>\n<li><b>28.1.<\/b><span>\u00a0<\/span><b>Rotaryvisa \/ Juhani Hannila<\/b><\/li>\n<li><i>30.1. RLI:n jakso 2\/3 Torniossa<\/i><\/li>\n<\/ul>\n<\/div>\n<\/div>\n<\/div>\n<div class=\"token token-Content\" id=\"token-11607430\"><a class=\"anchor\" name=\"anchor-11607430\"><\/a><\/p>\n<div class=\"content-container\" id=\"content-container-11607464\">\n<div id=\"content-text-11607464\">\n<p class=\"as_huomiolaatikko\"><b>HELMIKUU 2016 &#8211; Teema: Rauhantutkimus ja konfliktien ehk\u00e4isy\/sovittelu<span>\u00a0<\/span><\/b>\/ MPC: Hannu Ruokolainen<\/p>\n<ul>\n<li><b>4.2.<\/b>\u00a0\u00a0\u00a0\u00a0<span>\u00a0<\/span><b>&#8221;<\/b><b>The Value of Freedom and Democracy for Peace\u200b<\/b><b>&#8221;\u00a0 \/<span>\u00a0<\/span><\/b><b>Julio Sorj\u00fas\u200b, Trustee of Rotary Foundation &#8211; Rotarys\u00e4\u00e4ti\u00f6n hallituksen j\u00e4sen\u00a0<\/b>(Teemu Haapala)<\/li>\n<li><i>6.-7.2.<\/i><i>Valtakunnallinen rotarys\u00e4\u00e4ti\u00f6seminaari, Tahko,\u00a0 Kuopio<\/i><\/li>\n<li><b>11.2.\u00a0\u00a0 &#8221;Talouden suhdannekatsaus&#8221; \/ Kari O. Salmela, Danske Bank<\/b><span>\u00a0<\/span>(Harri M\u00e4kinen)<\/li>\n<li><i>14.2.\u00a0\u00a0 &#8221;Hyv\u00e4 munkki&#8221; -hyv\u00e4ntekev\u00e4isyyskonsertti Karjasillan kirkossa klo 16 \/ Hannu Rahikainen<\/i><\/li>\n<li><i>16.2.\u00a0\u00a0 Veljeskotiryhm\u00e4 ODL:ssa klo 13 \/ Erkki Koskela<\/i><\/li>\n<li><b>18.2.\u00a0\u00a0 Yritysvierailu Uki Arkkitehdit Oy:\u00f6\u00f6n \/ Matti Heikkinen, Kimmo Mansisto<\/b><\/li>\n<li><i>25.2.\u00a0\u00a0 Hallituksen kokous 10:45<\/i><\/li>\n<li><b>25.2.\u00a0\u00a0 &#8221;Tiedolla johtaminen infrahankkeissa&#8221; &#8211;<span>\u00a0<\/span><i>Digiloikalla bigdatan kimppuun, tieto haltuun ja hy\u00f6dyksi<\/i><span>\u00a0<\/span>\/ Kari Kuvaja\u00a0<\/b><\/li>\n<li><i>27.2.\u00a0\u00a0\u00a0 RLI:n jakso 3\/3 Torniossa<\/i><\/li>\n<\/ul>\n<\/div>\n<\/div>\n<\/div>\n<div class=\"token token-Content\" id=\"token-11607432\"><a class=\"anchor\" name=\"anchor-11607432\"><\/a><\/p>\n<div class=\"content-container\" id=\"content-container-11607466\">\n<div id=\"content-text-11607466\">\n<p class=\"as_huomiolaatikko\"><b>\u200bMAALISKUU 2016 &#8211; Teema: Vesi- ja saniteettihuolto\u00a0<span>\u00a0<\/span><\/b>\/ MPC: Mika Aalto<\/p>\n<ul>\n<li><b>3.3.\u00a0 &#8221;Klubimme palveluprojektit&#8221;\u00a0 \/ Palveluprojektit-komitean pj Hannu Rahikainen<span>\u00a0<\/span><\/b>\u00a0<b><\/b><\/li>\n<li><i>7. &#8211; 13.3.\u00a0 Rotaryn rotaract-viikko \u00a0<\/i><\/li>\n<li><b>10.3.\u00a0 &#8221;Talouden suhdannekatsaus &#8211; osa II&#8221; \/ Jarmo Rankinen<i><span>\u00a0<\/span>\u00a0 \u00a0<\/i><\/b><\/li>\n<li><i>15.3.\u00a0 Veljeskotiryhm\u00e4 ODL:ssa klo 13 \/ Erkki Koskela<\/i><b><i>\u00a0 \u00a0 \u00a0 \u00a0 \u00a0 \u00a0 \u00a0 \u00a0 \u00a0\u00a0<\/i><\/b><b><i>\u00a0\u00a0\u00a0\u00a0\u00a0\u00a0\u00a0\u00a0\u00a0\u00a0\u00a0\u00a0\u00a0\u00a0\u00a0\u00a0\u00a0\u00a0\u00a0\u00a0\u00a0\u00a0\u00a0\u00a0\u00a0\u00a0\u00a0\u00a0\u00a0\u00a0\u00a0\u00a0\u00a0\u00a0<\/i><\/b><\/li>\n<li>1<b>7.3.\u00a0 &#8221;Suomen itsen\u00e4isyyskehitys ja kansainv\u00e4linen politiikka 1917-1920 \/ P\u00e4\u00e4johtaja Jussi Nuorteva, Arkistolaitos<\/b><span>\u00a0<\/span>(Vuokko Joki)\u00a0<b><\/b><\/li>\n<li><i>19.3.\u00a0 PETS ja piirineuvottelu, Eden, Oulu<\/i><\/li>\n<li><b>24.3.\u00a0 Luokitusesitelm\u00e4 &#8221;Seurakuntien johtamisen uudet haasteet&#8221; \/ Kari Ruotsalainen\u00a0<\/b><\/li>\n<li><i>31.3.\u00a0 Hallituksen kokous 10.45<\/i><\/li>\n<li><b>31.3.\u00a0 &#8221;Terveiset PETS:sta ja alustavia ajatuksia rotaryvuodelle 2016-2017&#8221; \/ PE Hannu Rahikainen<\/b><\/li>\n<\/ul>\n<\/div>\n<\/div>\n<\/div>\n<div class=\"token token-Content\" id=\"token-11607434\"><a class=\"anchor\" name=\"anchor-11607434\"><\/a><\/p>\n<div class=\"content-container\" id=\"content-container-11607468\">\n<div id=\"content-text-11607468\">\n<p class=\"as_huomiolaatikko\"><b>HUHTIKUU 2016 &#8211; Teema: \u00c4idin ja lapsen terveys<span>\u00a0<\/span><\/b>\/ MPC: Juhani Hannila<\/p>\n<ul>\n<li><b>7.4. \u00a0\u00a0 &#8221;Osakesijoittamisen autuus ja tuska&#8221; \/ Mauri Koivunen<\/b><\/li>\n<li><i>12.4.\u00a0 Veljeskotiryhm\u00e4 ODL:ssa klo 13 \/ Erkki Koskela<\/i><\/li>\n<li><b>14.4. &#8221;Paremmat kellot&#8221; \/ Jari Levi\u00e4kangas<span>\u00a0<\/span><\/b>(Teemu Haapala)\u00a0<b><i><\/i><\/b><\/li>\n<li><b>21<\/b><b>.4.\u00a0 Klubikyselyn tulokset, j\u00e4senien, komiteoiden ja hallituksen asioita \/ Jari Simonen, Hallintokomitean pj<\/b><\/li>\n<li>28.4.\u00a0<span>\u00a0<\/span><i>Hallituksen kokous 10.45<\/i><\/li>\n<li><b>28.4.\u00a0 &#8221;Vaihto-oppilasvuoteni Suomessa&#8221; \/ Mari Sato<span>\u00a0<\/span><\/b>(Seppo Vainio)<\/li>\n<\/ul>\n<\/div>\n<\/div>\n<\/div>\n<div class=\"token token-Content\" id=\"token-11607436\"><a class=\"anchor\" name=\"anchor-11607436\"><\/a><\/p>\n<div class=\"content-container\" id=\"content-container-11607470\">\n<div id=\"content-text-11607470\">\n<p class=\"as_huomiolaatikko\"><b>TOUKOKUU 2016 &#8211; Nuorisopalvelu<\/b><span>\u00a0<\/span>\/ MPC: Marja-Liisa Kauhanen<\/p>\n<ul>\n<li><i>5.5.\u00a0\u00a0 Oulun Rotaryklubi 82 vuotta<\/i><\/li>\n<li><i>5.5.\u00a0\u00a0 Helatorstai, ei viikkokokousta<\/i><\/li>\n<li><i>7.5.\u00a0\u00a0 Pirjon 3. Roskaryhm\u00e4 Muhoksella 9-15<\/i><\/li>\n<li><i>10.5. Veljeskotiryhm\u00e4 ODL:ssa klo 13 \/ Erkki Koskela<\/i><\/li>\n<li><b>12.5. &#8221;Parta-, peruukki- ja p\u00f6nkk\u00e4hameverosta nykyp\u00e4iv\u00e4\u00e4n&#8221; \/ verolakimies Petteri Ruotoistenm\u00e4ki<span>\u00a0<\/span><\/b>(Ane Ahnger)<\/li>\n<li><i>14.-15.5.\u00a0 FRE: Piirikonferenssi, Radisson Blu,\u00a0 Oulu<\/i><\/li>\n<li><b>19.5. &#8221;Osallistumisaktiivisuus ja mahdollisuudet sen parantamiseen&#8221; \/ L\u00e4sn\u00e4olokomitean pj Veli-Pekka Alkula<\/b><\/li>\n<li><i>26.5.\u00a0 Hallituksen kokous 10.45<\/i><\/li>\n<li><b>26.5.<\/b>\u00a0<span>\u00a0<\/span><b>Kev\u00e4tkokous, mm TS 2016-2017 \/ P Hannu Timonen-Nissi, PE Hannu Rahikainen ja komiteat<\/b><\/li>\n<li><i>28.5.-1.6. FRE: RI:n kongressi, Soul, Korea<\/i><\/li>\n<\/ul>\n<\/div>\n<\/div>\n<\/div>\n<div class=\"token token-Content\" id=\"token-11607438\"><a class=\"anchor\" name=\"anchor-11607438\"><\/a><\/p>\n<div class=\"content-container\" id=\"content-container-11607472\">\n<div id=\"content-text-11607472\">\n<p class=\"as_huomiolaatikko\"><b>\u200bKES\u00c4KUU 2016 &#8211; Teema: Rotaryn toveruusryhm\u00e4t\u00a0<\/b><span>\u00a0<\/span>\/ MPC: Hannu Ruokolainen<\/p>\n<ul>\n<li><b>2.6.\u00a0\u00a0 &#8221;Rotaryn toveruusryhm\u00e4t&#8221;\u00a0 \/ Hallintokomitean pj Jari Simonen<\/b><\/li>\n<li><b>9.6.\u00a0<\/b><b>\u00a0 &#8221;Hyvinvointipalvelut&#8221; \/ Pirjo Sirvi\u00f6<span>\u00a0<\/span><\/b>(Seppo Laitinen)<\/li>\n<li><b>16.6.\u00a0<span>\u00a0<\/span><\/b><b>Yritysvierailu klo 11.30: Museo- ja Tiedekeskus Luuppi\/Tietomaa \/ Sampo Puoskari<\/b><\/li>\n<li><i><b>20.6.\u00a0 PRESIDENTIN ILTA, Jarrutie 10 klo 18.00 \/ P Hannu Timonen-Nissi<\/b><\/i><\/li>\n<li><b>23.6.\u00a0 Luokitusesitelm\u00e4 &#8221;Asianajaja, vain pakkasellako k\u00e4det omissa taskuissa&#8221; \/ Petri Kokko\u00a0\u00a0<\/b><\/li>\n<li><b>30.6.\u00a0 Siirretty viikkokokous avec klo 18.30 Radisson Blu: K\u00e4\u00e4tyjen ja teht\u00e4vien vaihto:\u00a0 P Hannu Timonen- Nissi \/ PE Hannu Rahikainen ja DG Juha Risteli \/ DGE Jorma Kinnunen \u00a0 \u00a0 \u00a0 Ryhm\u00e4kuvat<\/b><span>\u00a0<\/span>\u00a0\u00a0\u00a0<\/li>\n<\/ul>\n<\/div>\n<\/div>\n<\/div>\n<\/div>\n<\/div>\n<\/div>\n<\/div>\n<\/div>\n<\/div>\n<\/div>\n<p>[\/et_pb_text][\/et_pb_column_inner][\/et_pb_row_inner][\/et_pb_column][et_pb_column type=&#8221;1_3&#8243; module_class=&#8221;sivupalkki&#8221; _builder_version=&#8221;3.25&#8243; custom_padding=&#8221;|||&#8221; global_colors_info=&#8221;{}&#8221; parallax__hover=&#8221;off&#8221; parallax_method__hover=&#8221;on&#8221; module_class__hover=&#8221;sivupalkki&#8221; custom_padding__hover=&#8221;|||&#8221;][et_pb_sidebar area=&#8221;sidebar-1&#8243; module_class=&#8221;sivupalkki_sisalto&#8221; _builder_version=&#8221;3.4.1&#8243; locked=&#8221;on&#8221; global_colors_info=&#8221;{}&#8221;][\/et_pb_sidebar][\/et_pb_column][\/et_pb_section]<\/p>\n","protected":false},"excerpt":{"rendered":"<p>Ohjelma 2015-2016 Ohjelma 2015-2016 P\u00e4ivitetty viimeksi 6.6.2016 \/ ohjelman yll\u00e4pit\u00e4j\u00e4 Juhani Hannila \/ Ohjelmakomitea. HEIN\u00c4KUU\u00a02015 &#8211; Teema: Rotaryvuoden avaus \/\u00a0MPC: Juhani Hannila 2.7.\u00a0\u00a0 ei viikkokokousta 9.7.\u00a0\u00a0 ei viikkokokousta\u00a0\u00a0 16.7.\u00a0ei viikkokokousta 23.7. Rotaryvuoden 1. viikkokokous: &#8221;Varuskuntakaupunki Oulu&#8221; \/ Sampo Puoskari, Juhani Hannila\u00a0(Kokoontuminen klo 11.30 Pohjois-Pohjanmaan museon edess\u00e4, pienoisn\u00e4yttelyyn tutustumisen j\u00e4lkeen siirtyminen Rauhalan patiolle, jossa syvent\u00e4v\u00e4 keskustelu.) [&hellip;]<\/p>\n","protected":false},"author":543,"featured_media":0,"parent":77,"menu_order":0,"comment_status":"closed","ping_status":"closed","template":"","meta":{"_acf_changed":false,"_et_pb_use_builder":"on","_et_pb_old_content":"","_et_gb_content_width":"","footnotes":""},"class_list":["post-1691","page","type-page","status-publish","hentry"],"acf":[],"yoast_head":"<!-- This site is optimized with the Yoast SEO plugin v27.0 - https:\/\/yoast.com\/product\/yoast-seo-wordpress\/ -->\n<title>Ohjelma 2015-2016 - Oulun Rotaryklubi<\/title>\n<meta name=\"robots\" content=\"index, follow, max-snippet:-1, max-image-preview:large, max-video-preview:-1\" \/>\n<link rel=\"canonical\" href=\"https:\/\/rotary.fi\/oulu\/mita-teemme\/ohjelma-2015-2016\/\" \/>\n<meta property=\"og:locale\" content=\"fi_FI\" \/>\n<meta property=\"og:type\" content=\"article\" \/>\n<meta property=\"og:title\" content=\"Ohjelma 2015-2016 - Oulun Rotaryklubi\" \/>\n<meta property=\"og:description\" content=\"Ohjelma 2015-2016 Ohjelma 2015-2016 P\u00e4ivitetty viimeksi 6.6.2016 \/ ohjelman yll\u00e4pit\u00e4j\u00e4 Juhani Hannila \/ Ohjelmakomitea. HEIN\u00c4KUU\u00a02015 - Teema: Rotaryvuoden avaus \/\u00a0MPC: Juhani Hannila 2.7.\u00a0\u00a0 ei viikkokokousta 9.7.\u00a0\u00a0 ei viikkokokousta\u00a0\u00a0 16.7.\u00a0ei viikkokokousta 23.7. Rotaryvuoden 1. viikkokokous: &quot;Varuskuntakaupunki Oulu&quot; \/ Sampo Puoskari, Juhani Hannila\u00a0(Kokoontuminen klo 11.30 Pohjois-Pohjanmaan museon edess\u00e4, pienoisn\u00e4yttelyyn tutustumisen j\u00e4lkeen siirtyminen Rauhalan patiolle, jossa syvent\u00e4v\u00e4 keskustelu.) [&hellip;]\" \/>\n<meta property=\"og:url\" content=\"https:\/\/rotary.fi\/oulu\/mita-teemme\/ohjelma-2015-2016\/\" \/>\n<meta property=\"og:site_name\" content=\"Oulun Rotaryklubi\" \/>\n<meta property=\"article:modified_time\" content=\"2022-01-01T17:29:36+00:00\" \/>\n<meta name=\"twitter:card\" content=\"summary_large_image\" \/>\n<meta name=\"twitter:label1\" content=\"Arvioitu lukuaika\" \/>\n\t<meta name=\"twitter:data1\" content=\"5 minuuttia\" \/>\n<script type=\"application\/ld+json\" class=\"yoast-schema-graph\">{\"@context\":\"https:\/\/schema.org\",\"@graph\":[{\"@type\":\"WebPage\",\"@id\":\"https:\/\/rotary.fi\/oulu\/mita-teemme\/ohjelma-2015-2016\/\",\"url\":\"https:\/\/rotary.fi\/oulu\/mita-teemme\/ohjelma-2015-2016\/\",\"name\":\"Ohjelma 2015-2016 - Oulun Rotaryklubi\",\"isPartOf\":{\"@id\":\"https:\/\/rotary.fi\/oulu\/#website\"},\"datePublished\":\"2022-01-01T17:26:58+00:00\",\"dateModified\":\"2022-01-01T17:29:36+00:00\",\"breadcrumb\":{\"@id\":\"https:\/\/rotary.fi\/oulu\/mita-teemme\/ohjelma-2015-2016\/#breadcrumb\"},\"inLanguage\":\"fi\",\"potentialAction\":[{\"@type\":\"ReadAction\",\"target\":[\"https:\/\/rotary.fi\/oulu\/mita-teemme\/ohjelma-2015-2016\/\"]}]},{\"@type\":\"BreadcrumbList\",\"@id\":\"https:\/\/rotary.fi\/oulu\/mita-teemme\/ohjelma-2015-2016\/#breadcrumb\",\"itemListElement\":[{\"@type\":\"ListItem\",\"position\":1,\"name\":\"Home\",\"item\":\"https:\/\/rotary.fi\/oulu\/\"},{\"@type\":\"ListItem\",\"position\":2,\"name\":\"Mit\u00e4 me teemme\",\"item\":\"https:\/\/rotary.fi\/oulu\/mita-teemme\/\"},{\"@type\":\"ListItem\",\"position\":3,\"name\":\"Ohjelma 2015-2016\"}]},{\"@type\":\"WebSite\",\"@id\":\"https:\/\/rotary.fi\/oulu\/#website\",\"url\":\"https:\/\/rotary.fi\/oulu\/\",\"name\":\"Oulun Rotaryklubi\",\"description\":\"Uusi Rotary klubisivusto\",\"potentialAction\":[{\"@type\":\"SearchAction\",\"target\":{\"@type\":\"EntryPoint\",\"urlTemplate\":\"https:\/\/rotary.fi\/oulu\/?s={search_term_string}\"},\"query-input\":{\"@type\":\"PropertyValueSpecification\",\"valueRequired\":true,\"valueName\":\"search_term_string\"}}],\"inLanguage\":\"fi\"}]}<\/script>\n<!-- \/ Yoast SEO plugin. -->","yoast_head_json":{"title":"Ohjelma 2015-2016 - Oulun Rotaryklubi","robots":{"index":"index","follow":"follow","max-snippet":"max-snippet:-1","max-image-preview":"max-image-preview:large","max-video-preview":"max-video-preview:-1"},"canonical":"https:\/\/rotary.fi\/oulu\/mita-teemme\/ohjelma-2015-2016\/","og_locale":"fi_FI","og_type":"article","og_title":"Ohjelma 2015-2016 - Oulun Rotaryklubi","og_description":"Ohjelma 2015-2016 Ohjelma 2015-2016 P\u00e4ivitetty viimeksi 6.6.2016 \/ ohjelman yll\u00e4pit\u00e4j\u00e4 Juhani Hannila \/ Ohjelmakomitea. HEIN\u00c4KUU\u00a02015 - Teema: Rotaryvuoden avaus \/\u00a0MPC: Juhani Hannila 2.7.\u00a0\u00a0 ei viikkokokousta 9.7.\u00a0\u00a0 ei viikkokokousta\u00a0\u00a0 16.7.\u00a0ei viikkokokousta 23.7. Rotaryvuoden 1. viikkokokous: \"Varuskuntakaupunki Oulu\" \/ Sampo Puoskari, Juhani Hannila\u00a0(Kokoontuminen klo 11.30 Pohjois-Pohjanmaan museon edess\u00e4, pienoisn\u00e4yttelyyn tutustumisen j\u00e4lkeen siirtyminen Rauhalan patiolle, jossa syvent\u00e4v\u00e4 keskustelu.) [&hellip;]","og_url":"https:\/\/rotary.fi\/oulu\/mita-teemme\/ohjelma-2015-2016\/","og_site_name":"Oulun Rotaryklubi","article_modified_time":"2022-01-01T17:29:36+00:00","twitter_card":"summary_large_image","twitter_misc":{"Arvioitu lukuaika":"5 minuuttia"},"schema":{"@context":"https:\/\/schema.org","@graph":[{"@type":"WebPage","@id":"https:\/\/rotary.fi\/oulu\/mita-teemme\/ohjelma-2015-2016\/","url":"https:\/\/rotary.fi\/oulu\/mita-teemme\/ohjelma-2015-2016\/","name":"Ohjelma 2015-2016 - Oulun Rotaryklubi","isPartOf":{"@id":"https:\/\/rotary.fi\/oulu\/#website"},"datePublished":"2022-01-01T17:26:58+00:00","dateModified":"2022-01-01T17:29:36+00:00","breadcrumb":{"@id":"https:\/\/rotary.fi\/oulu\/mita-teemme\/ohjelma-2015-2016\/#breadcrumb"},"inLanguage":"fi","potentialAction":[{"@type":"ReadAction","target":["https:\/\/rotary.fi\/oulu\/mita-teemme\/ohjelma-2015-2016\/"]}]},{"@type":"BreadcrumbList","@id":"https:\/\/rotary.fi\/oulu\/mita-teemme\/ohjelma-2015-2016\/#breadcrumb","itemListElement":[{"@type":"ListItem","position":1,"name":"Home","item":"https:\/\/rotary.fi\/oulu\/"},{"@type":"ListItem","position":2,"name":"Mit\u00e4 me teemme","item":"https:\/\/rotary.fi\/oulu\/mita-teemme\/"},{"@type":"ListItem","position":3,"name":"Ohjelma 2015-2016"}]},{"@type":"WebSite","@id":"https:\/\/rotary.fi\/oulu\/#website","url":"https:\/\/rotary.fi\/oulu\/","name":"Oulun Rotaryklubi","description":"Uusi Rotary klubisivusto","potentialAction":[{"@type":"SearchAction","target":{"@type":"EntryPoint","urlTemplate":"https:\/\/rotary.fi\/oulu\/?s={search_term_string}"},"query-input":{"@type":"PropertyValueSpecification","valueRequired":true,"valueName":"search_term_string"}}],"inLanguage":"fi"}]}},"lang":"fi","translations":{"fi":1691},"pll_sync_post":[],"_links":{"self":[{"href":"https:\/\/rotary.fi\/oulu\/wp-json\/wp\/v2\/pages\/1691","targetHints":{"allow":["GET"]}}],"collection":[{"href":"https:\/\/rotary.fi\/oulu\/wp-json\/wp\/v2\/pages"}],"about":[{"href":"https:\/\/rotary.fi\/oulu\/wp-json\/wp\/v2\/types\/page"}],"author":[{"embeddable":true,"href":"https:\/\/rotary.fi\/oulu\/wp-json\/wp\/v2\/users\/543"}],"replies":[{"embeddable":true,"href":"https:\/\/rotary.fi\/oulu\/wp-json\/wp\/v2\/comments?post=1691"}],"version-history":[{"count":3,"href":"https:\/\/rotary.fi\/oulu\/wp-json\/wp\/v2\/pages\/1691\/revisions"}],"predecessor-version":[{"id":1695,"href":"https:\/\/rotary.fi\/oulu\/wp-json\/wp\/v2\/pages\/1691\/revisions\/1695"}],"up":[{"embeddable":true,"href":"https:\/\/rotary.fi\/oulu\/wp-json\/wp\/v2\/pages\/77"}],"wp:attachment":[{"href":"https:\/\/rotary.fi\/oulu\/wp-json\/wp\/v2\/media?parent=1691"}],"curies":[{"name":"wp","href":"https:\/\/api.w.org\/{rel}","templated":true}]}}