{"id":1685,"date":"2022-01-01T18:54:36","date_gmt":"2022-01-01T16:54:36","guid":{"rendered":"https:\/\/rotary.fi\/oulu\/?page_id=1685"},"modified":"2022-01-01T18:55:55","modified_gmt":"2022-01-01T16:55:55","slug":"ohjelma-2014-2015","status":"publish","type":"page","link":"https:\/\/rotary.fi\/oulu\/mita-teemme\/ohjelma-2014-2015\/","title":{"rendered":"Ohjelma 2014-2015"},"content":{"rendered":"<p>[et_pb_section fb_built=&#8221;1&#8243; module_class=&#8221;jumbotron-page&#8221; _builder_version=&#8221;4.14.2&#8243; background_color=&#8221;#0C71C3&#8243; background_enable_image=&#8221;off&#8221; global_colors_info=&#8221;{}&#8221;][et_pb_row _builder_version=&#8221;3.25&#8243; background_size=&#8221;initial&#8221; background_position=&#8221;top_left&#8221; background_repeat=&#8221;repeat&#8221; global_colors_info=&#8221;{}&#8221;][et_pb_column type=&#8221;4_4&#8243; _builder_version=&#8221;3.25&#8243; custom_padding=&#8221;|||&#8221; global_colors_info=&#8221;{}&#8221; custom_padding__hover=&#8221;|||&#8221;][et_pb_text admin_label=&#8221;P\u00e4\u00e4otsikko&#8221; _builder_version=&#8221;3.27.4&#8243; text_orientation=&#8221;center&#8221; background_layout=&#8221;dark&#8221; global_colors_info=&#8221;{}&#8221;]<\/p>\n<h1>Ohjelma 2014-2015<\/h1>\n<p>[\/et_pb_text][\/et_pb_column][\/et_pb_row][\/et_pb_section][et_pb_section fb_built=&#8221;1&#8243; specialty=&#8221;on&#8221; module_class_2=&#8221;sivupalkki&#8221; _builder_version=&#8221;3.22&#8243; global_colors_info=&#8221;{}&#8221;][et_pb_column type=&#8221;2_3&#8243; specialty_columns=&#8221;2&#8243; _builder_version=&#8221;3.25&#8243; custom_padding=&#8221;|||&#8221; global_colors_info=&#8221;{}&#8221; parallax__hover=&#8221;off&#8221; parallax_method__hover=&#8221;on&#8221; custom_padding__hover=&#8221;|||&#8221;][et_pb_row_inner admin_label=&#8221;Rivi&#8221; _builder_version=&#8221;3.25&#8243; global_colors_info=&#8221;{}&#8221;][et_pb_column_inner saved_specialty_column_type=&#8221;2_3&#8243; _builder_version=&#8221;3.25&#8243; custom_padding=&#8221;|||&#8221; global_colors_info=&#8221;{}&#8221; parallax__hover=&#8221;off&#8221; parallax_method__hover=&#8221;on&#8221; custom_padding__hover=&#8221;|||&#8221;][et_pb_text _builder_version=&#8221;3.27.4&#8243; global_colors_info=&#8221;{}&#8221;]<\/p>\n<h1 class=\"pageTitle\">Ohjelma 2014-2015<\/h1>\n<div class=\"zone\" id=\"zone-top\"><\/div>\n<div id=\"content-middle\">\n<div class=\"zone zone-_main-stuff\" id=\"zone-_main\">\n<div class=\"token token-Content\" id=\"token-10565095\"><a class=\"anchor\" name=\"anchor-10565095\"><\/a><\/p>\n<div class=\"content-container\" id=\"content-container-10565098\">\n<div id=\"content-text-10565098\">\n<p class=\"as_huomiolaatikko\">Viimeksi p\u00e4ivitetty\u00a0 22.5.2015 (alkuper\u00e4inen 4.5.2014) \/ ohjelman yll\u00e4pit\u00e4j\u00e4 Juhani Hannila \/ Ohjelmakomitea<\/p>\n<\/div>\n<\/div>\n<\/div>\n<div class=\"token token-Content\" id=\"token-10444422\"><a class=\"anchor\" name=\"anchor-10444422\"><\/a><\/p>\n<div class=\"content-container\" id=\"content-container-10444448\">\n<div id=\"content-text-10444448\">\n<p class=\"as_huomiolaatikko\"><b>HEIN\u00c4KUU 201<\/b><b>4<\/b><span>\u00a0<\/span>\/ MPC: Juhani Hannila\u00a0<\/p>\n<ul>\n<li><i>3.7. \u00a0\u00a0 ei viikkokokousta<\/i><\/li>\n<li><i>10.7.\u00a0 ei viikkokokousta<\/i><\/li>\n<li><i>17.7.\u00a0<span>\u00a0<\/span><\/i><i>ei viikkokokousta<\/i><\/li>\n<li><i>24.7.\u00a0 Hallituksen kokous 10.45<\/i><\/li>\n<li><b>24.7.<i>\u00a0<span>\u00a0<\/span><\/i><\/b><b>Rotaryvuoden avaus ja TS 2014-2015 \/ P Pirjo Weisell ja komiteat<\/b><\/li>\n<li><b>31.7.\u00a0 Toripolliisi ja kahavit \/ Markus H. Korhonen \/ torikokous \/ Ohjelmakomitea<\/b>,<b><span>\u00a0<\/span>j\u00e4sen Juhani Hannila\u00a0 \u00a0\u00a0\u00a0\u00a0\u00a0\u00a0\u00a0\u00a0\u00a0\u00a0\u00a0\u00a0\u00a0<\/b><\/li>\n<\/ul>\n<\/div>\n<\/div>\n<\/div>\n<div class=\"token token-Content\" id=\"token-10444424\"><a class=\"anchor\" name=\"anchor-10444424\"><\/a><\/p>\n<div class=\"content-container\" id=\"content-container-10444450\">\n<div id=\"content-text-10444450\">\n<p class=\"as_huomiolaatikko\"><b>ELOKUU 2014 &#8211; Teema: J\u00e4senist\u00f6 ja laajennusty\u00f6\u00a0<span>\u00a0<\/span><\/b>\/ MPC:<b><span>\u00a0<\/span><\/b>Mika Aalto<b>\u00a0<\/b><\/p>\n<ul>\n<li><b>7.8. \u00a0\u00a0 &#8221;J\u00e4senyyskomiteasta ja j\u00e4senist\u00f6st\u00e4&#8221; \/ J\u00e4senyyskomitea, pj Jari Lehtel\u00e4\u00a0<\/b><\/li>\n<li><b>14.8.\u00a0 Luokitusesitelm\u00e4 &#8221;Valon spektri ja LED-valaistus&#8221; \/ Risto Hyypi\u00f6<\/b><\/li>\n<li><b>21.8.\u00a0 Luokitusesitelm\u00e4 &#8221;Ajankohtaista vuokra-asumisesta Oulussa&#8221; \/ Raimo H\u00e4t\u00e4l\u00e4<\/b><\/li>\n<li><i>28.8.\u00a0 Hallituksen kokous 10.45<\/i><\/li>\n<li><b>28.8.\u00a0 &#8221;Hyv\u00e4 ja ongelmallinen ik\u00e4\u00e4ntyminen&#8221; \/ Matti Isohanni<\/b><\/li>\n<\/ul>\n<\/div>\n<\/div>\n<\/div>\n<div class=\"token token-Content\" id=\"token-10444426\"><a class=\"anchor\" name=\"anchor-10444426\"><\/a><\/p>\n<div class=\"content-container\" id=\"content-container-10444452\">\n<div id=\"content-text-10444452\">\n<p class=\"as_huomiolaatikko\"><b>SYYSKUU 2014 &#8211; Teema: Uudet sukupolvet\u00a0<\/b><b><span>\u00a0<\/span>\/<\/b><span>\u00a0<\/span>MPC: Saija Niemel\u00e4-Pentti<\/p>\n<ul>\n<li><b>4.9.<\/b><b>\u00a0\u00a0<\/b>\u00a0<span>\u00a0<\/span><b>&#8221;Katsaus nuorisovaihtoon&#8221; \/ Nuorisoty\u00f6komitea, Ane Ahnger \u00a0<\/b><\/li>\n<li><b>11.9.\u00a0 Vuosikokous \/ P Pirjo Weisell ja PP Sulo Lahdelma<\/b><\/li>\n<li><i>18.9.\u00a0 Hallituksen kokous 10.45<\/i><\/li>\n<li><b>18.9.\u00a0 &#8221;Kunniakonsulitoiminta Oulussa&#8221; \/ Jyrki Ristiluoma<\/b><\/li>\n<li><i>24.9.\u00a0 Veljeskotiryhm\u00e4 ODL:ssa klo 13-15<\/i><\/li>\n<li><b>25.9.\u00a0 Yritysvierailu: Oulun seudun ammattiopiston Myllytullin yksikk\u00f6 \/ Saija Niemel\u00e4-Pentti<\/b><\/li>\n<\/ul>\n<\/div>\n<\/div>\n<\/div>\n<div class=\"token token-Content\" id=\"token-10444428\"><a class=\"anchor\" name=\"anchor-10444428\"><\/a><\/p>\n<div class=\"content-container\" id=\"content-container-10444454\">\n<div id=\"content-text-10444454\">\n<p class=\"as_huomiolaatikko\"><b>\u200bLOKAKUU 2014 &#8211; Teema: Ammattipalvelu\u00a0<span>\u00a0<\/span><\/b>\/ MPC: Marja-Liisa Kauhanen<\/p>\n<ul>\n<li><b>2.10. \u00a0 &#8221;Terveiset Etel\u00e4-Afrikan lastenkyl\u00e4projektista&#8221; \/ kirkkoherra Satu Saarinen\u00a0<\/b>(Juhani Lavanko)<\/li>\n<li><b>9.10.\u00a0\u00a0\u00a0 &#8221;Mik\u00e4 on avioliitto?&#8221; \/ Keijo Nissil\u00e4<\/b><\/li>\n<li><i>11.10.\u00a0\u00a0 FRE:\u00a0 Rotaryp\u00e4iv\u00e4n tapahtuma \/ Suunnitteluryhm\u00e4 Sampo Puoskari, Teemu Haapala, Jari Lehtel\u00e4, Jari Simonen.<\/i><\/li>\n<li><b>16.10.\u00a0 &#8221;Myllytulli maailmankartalle&#8221;<\/b><b><span>\u00a0<\/span>\/ Niina Jortikka<span>\u00a0<\/span><\/b>(Anne Mikkola<b>)<\/b><\/li>\n<li><i>22.10.\u00a0<\/i><i><span>\u00a0<\/span>Veljeskotiryhm\u00e4 ODL:ssa klo 13-15<\/i><\/li>\n<li><b>23.10.\u00a0 &#8221;MILLENIUM-palkintoja 10 vuotta&#8221; \/ Vilho Lantto<\/b><\/li>\n<li><i>24.10.\u00a0 Polioker\u00e4ys Rotuaarilla \/ Rotarys\u00e4\u00e4ti\u00f6komitea junailee<\/i><\/li>\n<li><i>30.10.\u00a0 Hallituksen ja DG:n kokous klo 10.15 (huom! aika)<\/i><\/li>\n<li><b>30.10.\u00a0 DG Tarja Revon virallinen vierailu \/ P Pirjo Weisell<\/b><\/li>\n<\/ul>\n<\/div>\n<\/div>\n<\/div>\n<div class=\"token token-Content\" id=\"token-10444430\"><a class=\"anchor\" name=\"anchor-10444430\"><\/a><\/p>\n<div class=\"content-container\" id=\"content-container-10444456\">\n<div id=\"content-text-10444456\">\n<p class=\"as_huomiolaatikko\"><b>MARRASKUU 2014 &#8211; Teema: Rotarys\u00e4\u00e4ti\u00f6<span>\u00a0<\/span><\/b>\/ MPC: Hannu Ruokolainen<\/p>\n<ul>\n<li><i>3.- 9.11. Rotaryn interact-viikko<\/i><\/li>\n<li><b>6.11. \u00a0\u00a0\u00a0\u00a0 &#8221;Katsaus s\u00e4\u00e4ti\u00f6asioihin ja Oulun Rotaryklubin lahjoitustilanteeseen&#8221; \/ Rotarys\u00e4\u00e4ti\u00f6komitea, pj Teemu Haapala<\/b><\/li>\n<li><b>13.11.\u00a0<\/b><b>\u00a0 &#8221;Oulun koulujen j\u00e4\u00e4k\u00e4rit&#8221; \/ Pertti Puonti<span>\u00a0<\/span><\/b>(Juhani Hannila)<\/li>\n<li><i>19.11.\u00a0 Veljeskotiryhm\u00e4 ODL:ssa klo 13-15<\/i><\/li>\n<li><b>20.11.\u00a0\u00a0 &#8221;RI:n ja TRF:n hallitus, valinta ja p\u00e4\u00e4t\u00f6ksenteko&#8221; \/ Matti Honkala<span>\u00a0<\/span><\/b>(Teemu Haapala)<\/li>\n<li><i>27.11.\u00a0\u00a0 Hallituksen kokous 10.45<\/i><\/li>\n<li><b>27.11.\u00a0\u00a0 Vaalikokous ja s\u00e4\u00e4nt\u00f6muutosehdotus \/ P Pirjo Weisell ja PE Vilho\u00a0 Myllyl\u00e4<\/b><\/li>\n<\/ul>\n<\/div>\n<\/div>\n<\/div>\n<div class=\"token token-Content\" id=\"token-10444432\"><a class=\"anchor\" name=\"anchor-10444432\"><\/a><\/p>\n<div class=\"content-container\" id=\"content-container-10444458\">\n<div id=\"content-text-10444458\">\n<p class=\"as_huomiolaatikko\"><b>\u200bJOULUKUU 2014 &#8211; Teema: Perheet\u00a0<\/b>\/ MPC: Hannu Koivula<\/p>\n<ul>\n<li><b>4.12. \u00a0\u00a0<span>\u00a0<\/span><\/b><b>&#8221;Rotaryperhe&#8221; \/ Hallintokomitea, pj Sampo Puoskari<\/b><\/li>\n<li><b>11.12.\u00a0 &#8221;Sanoma- ja paikallislehtien kustantaminen Pohjois-Suomessa&#8221; \/ Sauli Huikuri<\/b><\/li>\n<li><i>18.12.\u00a0 PERUTTU: Hallituksen kokous 10.45<\/i><\/li>\n<li><b>18.12.\u00a0 FRE: Jouluhartaus ja -lounas<\/b><b><span>\u00a0<\/span>Karjasillan kirkossa\u00a0 \/ Juhani Lavanko<\/b><span>\u00a0<\/span>(aloitamme klo 11.30)<\/li>\n<li><i>25.12.<\/i>\u00a0<span>\u00a0<\/span><i>Joulup\u00e4iv\u00e4, ei viikkokokousta<\/i><\/li>\n<\/ul>\n<\/div>\n<\/div>\n<\/div>\n<div class=\"token token-Content\" id=\"token-10444434\"><a class=\"anchor\" name=\"anchor-10444434\"><\/a><\/p>\n<div class=\"content-container\" id=\"content-container-10444460\">\n<div id=\"content-text-10444460\">\n<p class=\"as_huomiolaatikko\"><b>\u200bTAMMIKUU 2015 &#8211; Teema: Rotarytietous\u00a0<span>\u00a0<\/span><\/b>\/ MPC: Juhani Hannila<\/p>\n<ul>\n<li><i>1.1. \u00a0\u00a0 Uudenvuodenp\u00e4iv\u00e4, ei viikkokokousta<\/i><\/li>\n<li><b>8.1. \u00a0\u00a0 &#8221;Kuntatalouden haasteet ja sote-uudistus&#8221; \/ talousjohtaja Jukka Weisell,<\/b><b><span>\u00a0<\/span>Oulun kaupunki<span>\u00a0<\/span><\/b>(Pirjo<b><span>\u00a0<\/span><\/b>Weisell<b>)<\/b><\/li>\n<li><b>15.1.\u00a0 Rotaryvisa \/ Juhani Hannila<\/b><\/li>\n<li><i>21.1.\u00a0 Veljeskotiryhm\u00e4 ODL:ssa klo 13-15<\/i><\/li>\n<li><b>22.1.\u00a0 &#8221;EY:n Entrepreneur of the Year -kilpailu ja 2014 Family Business -sarjan voittaja H\u00e4t\u00e4l\u00e4 Oy \/ Kaija Pulkkinen ja Riku Isoh\u00e4t\u00e4l\u00e4<\/b><span>\u00a0<\/span>(Kaija Pulkkinen)\u00a0<\/li>\n<li><i>29.1.\u00a0 Hallituksen kokous 10.45<\/i><\/li>\n<li><b>29.1.\u00a0 &#8221;Puolivuotiskatsaus&#8221; \/ P Pirjo Weisell ja komiteat<\/b><\/li>\n<li><i>31.1.\u00a0 RLI-koulutusta Haapavedell\u00e4<\/i><\/li>\n<\/ul>\n<\/div>\n<\/div>\n<\/div>\n<div class=\"token token-Content\" id=\"token-10444436\"><a class=\"anchor\" name=\"anchor-10444436\"><\/a><\/p>\n<div class=\"content-container\" id=\"content-container-10444462\">\n<div id=\"content-text-10444462\">\n<p class=\"as_huomiolaatikko\"><b>HELMIKUU 2015 &#8211; Teema: Maailman yhteisymm\u00e4rrys<span>\u00a0<\/span><\/b>\/ MPC: Marja- Liisa Kauhanen<\/p>\n<ul>\n<li><b>5.2. \u00a0\u00a0 &#8221;Rotary ja maailmanrauha&#8221; \/ Leila Risteli\u00a0<\/b>(Teemu Haapala)<\/li>\n<li><b>12.2.\u00a0 &#8221;Kulttuurissa liikkuu vai liikkuuko? N\u00e4k\u00f6kulmia valtion kulttuurihallintoon&#8221; \/ Ahti Ahonen<\/b><\/li>\n<li><i>14.2.\u00a0 FRE: Oulun kaupunginteatteri: &#8221;The Addams Family&#8221; -musikaali klo 13- \/ Teemu Haapala (lippujen varaus)\u00a0<\/i><\/li>\n<li><i>18.2.\u00a0 Veljeskotityhm\u00e4 ODL:ssa klo 13-15<\/i><\/li>\n<li><b>19.2.\u00a0<span>\u00a0<\/span><\/b><b>&#8221;Oululainen naiskohtalo 1800-luvun alussa&#8221;\u00a0 \/ Vuokko Joki<\/b><\/li>\n<li><i>23.2.\u00a0 Rotary 110 vuotta<\/i><\/li>\n<li><i>26.2.\u00a0 Hallituksen kokous 10.45<\/i><\/li>\n<li><b>26.2.\u00a0 &#8221;Koulutus el\u00e4m\u00e4\u00e4n&#8221; \/ toiminnanjohtaja Sami Teikko<\/b><span>\u00a0<\/span>(Marja-Liisa Kauhanen)<\/li>\n<\/ul>\n<\/div>\n<\/div>\n<\/div>\n<div class=\"token token-Content\" id=\"token-10444438\"><a class=\"anchor\" name=\"anchor-10444438\"><\/a><\/p>\n<div class=\"content-container\" id=\"content-container-10444464\">\n<div id=\"content-text-10444464\">\n<p class=\"as_huomiolaatikko\"><b>\u200bMAALISKUU 2015 &#8211; Teema: Luku- ja kirjoitustaito<span>\u00a0<\/span><\/b>\/ MPC: Mika Aalto<\/p>\n<ul>\n<li><b>5.3. \u00a0<\/b>\u00a0<b><span>\u00a0<\/span>Luokitusesitelm\u00e4 &#8221;Oulun kaupungin yhteis\u00f6toiminta&#8221; \/ Pasi Laukka<\/b><\/li>\n<li><i>9. &#8211; 15.3.\u00a0 Rotaryn rotaract-viikko \u00a0<\/i><\/li>\n<li><b>12.3.\u00a0 &#8221;Kirkon l\u00e4hetysty\u00f6 lukutaidon edist\u00e4j\u00e4n\u00e4 t\u00e4n\u00e4\u00e4n&#8221; \/ l\u00e4hetysty\u00f6n koordinaattori Ulla M\u00e4kinen<span>\u00a0<\/span><\/b>(Juhani Lavanko)<\/li>\n<li><i>18.3.\u00a0 Veljeskotiryhm\u00e4 ODL:ssa klo 13-15<\/i><\/li>\n<li><b>19.3.\u00a0<\/b><b><span>\u00a0<\/span>Luokitusesitelm\u00e4 &#8221;Aikuiskouluttautumisen mahdollisuuksia&#8221; \/ Kari Palokangas<\/b><\/li>\n<li><i>21.3.\u00a0 PETS Oulun Edeniss\u00e4<\/i><\/li>\n<li><i>24.3.\u00a0 Klubineuvottelu Lasaretissa klo 18 \/ Sampo Puoskari junailee.<b><span>\u00a0<\/span>PERUTTU<\/b><span>\u00a0<\/span>heikon osallistumishalukkuuden vuoksi!<\/i><\/li>\n<li><i>26.3.\u00a0 Hallituksen kokous 10.45<\/i><\/li>\n<li><b>26.3.<\/b>\u00a0<b><span>\u00a0<\/span>&#8221;Kuitubetonit&#8221; \/ Hannu Timonen-Nissi<\/b><\/li>\n<\/ul>\n<\/div>\n<\/div>\n<\/div>\n<div class=\"token token-Content\" id=\"token-10444440\"><a class=\"anchor\" name=\"anchor-10444440\"><\/a><\/p>\n<div class=\"content-container\" id=\"content-container-10444466\">\n<div id=\"content-text-10444466\">\n<p class=\"as_huomiolaatikko\"><b>HUHTIKUU 2015 &#8211; Teema: Rotarylehdet\u00a0<span>\u00a0<\/span><\/b>\/ MPC: Hannu Koivula<\/p>\n<ul>\n<li><b>2.4. \u00a0 &#8221;Rotarylehdet&#8221; \/ Julkisuuskuvakomitea, pj Markku Hentil\u00e4<\/b><\/li>\n<li><b>9.4. \u00a0 &#8221;Klubikyselyn tulokset&#8221; \/ hallintokomitean pj, Sampo Puoskari &amp; &#8221;PETS-terveiset&#8221; \/ P AGE Pirjo Weisell, PE Vilho Myllyl\u00e4 ja SE Anne Mikkola\u00a0<i><\/i><\/b><\/li>\n<li><i>15.4.\u00a0 Veljeskotiryhm\u00e4 ODL:ssa klo 13-15<\/i><\/li>\n<li><b>16.4.\u00a0<\/b><span>\u00a0<\/span><b>&#8221;Kasvuyritt\u00e4jyyden edellytyksist\u00e4 ja mahdollisuuksista Oulunseudulla &#8211; esimerkkin\u00e4 iLOQ&#8221; \/ Mika Pukari<\/b><span>\u00a0<\/span>(Erkki Koskela)<\/li>\n<li><b>23.4.\u00a0 Yritysvierailu Arinaan, Ravintola Vanha Paloasema Kauppurienkatu 24 A \/ Veli-Matti Puutio<\/b><span>\u00a0<\/span>(Pirjo Weisell)<\/li>\n<li><i>25.-26.4. FRE: Piirikonferenssi D 1400 Oulussa<\/i><\/li>\n<li><b>30.4.\u00a0<\/b><span>\u00a0<\/span><b>Yritysvierailu Skanskaan, Ravintola Perla Ly\u00f6tynkatu 7 \/ Sakari J\u00e4ms\u00e4<span>\u00a0<\/span><\/b>(Pirjo Weisell)<\/li>\n<li><i>30.4.\u00a0\u00a0 Hallituksen kokous Skanskan tiloissa Skanskan puheenvuoron j\u00e4lkeen<\/i><\/li>\n<\/ul>\n<\/div>\n<\/div>\n<\/div>\n<div class=\"token token-Content\" id=\"token-10444442\"><a class=\"anchor\" name=\"anchor-10444442\"><\/a><\/p>\n<div class=\"content-container\" id=\"content-container-10444468\">\n<div id=\"content-text-10444468\">\n<p class=\"as_huomiolaatikko\"><b>TOUKOKUU 2015<\/b><span>\u00a0<\/span>\/ MPC: Saija Niemel\u00e4-Pentti<\/p>\n<ul>\n<li><i>5.5.\u00a0\u00a0 PERUTTIIN: Oulun Rotaryklubi 81 vuotta, klubin perustamisen muistelutapaaminen klo 18<\/i>.<i><span>\u00a0<\/span>Paikka: Franzenin talossa ravintola Hagia Sofia, Kirkkokatu 2\u00a0 \/ Juhani Hannila<\/i><\/li>\n<li><b>7.5. \u00a0\u00a0 &#8221;Osallistumisaktiivisuus&#8221; \/ L\u00e4sn\u00e4olokomitea<\/b><b>, pj Erkki Koskela<span>\u00a0<\/span><\/b>\u00a0<b><\/b><\/li>\n<li><i>9.5.\u00a0\u00a0\u00a0 Roskaryhm\u00e4 Muhoksella klo 09 \/ Pirjo Weisell<\/i><\/li>\n<li><i>14.5.\u00a0 Helatorstai, ei viikkokokousta<\/i><\/li>\n<li><b>21.5.<\/b>\u00a0<b><span>\u00a0<\/span>&#8221;Kalevan kisat Oulussa&#8221; \/ Heikki Palosaari<\/b><\/li>\n<li><i>21.5.\u00a0 Klubi-ilta klo 18 \/ Sampo Puoskari, Teemu Haapala<\/i><\/li>\n<li><i>27.5.\u00a0 Veljeskotiryhm\u00e4 ODL:ssa klo 13 \/ Erkki Koskela<\/i><\/li>\n<li><i>28.5.\u00a0 Hallituksen kokous 10.45<\/i><\/li>\n<li><b>28.5.<\/b>\u00a0\u00a0<b>Kev\u00e4tkokous (klubineuvottelu), TS 2015-2016 \/ P Pirjo Weisell, PE Vilho Myllyl\u00e4 ja komiteat<\/b><\/li>\n<\/ul>\n<\/div>\n<\/div>\n<\/div>\n<div class=\"token token-Content\" id=\"token-10444444\"><a class=\"anchor\" name=\"anchor-10444444\"><\/a><\/p>\n<div class=\"content-container\" id=\"content-container-10444470\">\n<div id=\"content-text-10444470\">\n<p class=\"as_huomiolaatikko\"><b>\u200bKES\u00c4KUU 2015 &#8211; Teema: Rotaryn toveruusryhm\u00e4t\u00a0<\/b><span>\u00a0<\/span>\/ MPC: Hannu Ruokolainen<\/p>\n<ul>\n<li><b>4.6.\u00a0\u00a0\u00a0\u00a0\u00a0 &#8221;Moderni s\u00e4dehoito osana sy\u00f6v\u00e4n hoitoa&#8221;<\/b><b>\u00a0 \/ Taina Turpeenniemi-Hujanen<\/b><\/li>\n<li><i>6.-9.6.\u00a0 FRE: RI:n kongressi, Sao Paulo<\/i><\/li>\n<li><b>11.6.\u00a0<\/b><b>\u00a0\u00a0 &#8221;Harjoitusyrityksen ja elinkeinoel\u00e4m\u00e4n v\u00e4linen yhteisty\u00f6 OSAO:ssa&#8221; \/ Mika Kananen, FINPEC\/OSAO<\/b><span>\u00a0<\/span>(Jari Viitasalo)<\/li>\n<li><b>18.6.\u00a0<\/b><b>\u00a0 Teema-aihe: Rotaryn toveruusryhm\u00e4t \/ Hallintokomitea, pj Sampo Puoskari<\/b><\/li>\n<li><i>25.6.\u00a0\u00a0 Hallituksen kokous 10.45<\/i><\/li>\n<li><b>25.6.\u00a0\u00a0 Toiminnan vuosikatsaus ja teht\u00e4vien vaihto \/ P Pirjo Weisell, PE Vilho Myllyl\u00e4 ja komiteat<\/b>. Ryhm\u00e4kuva klubin j\u00e4senist\u00e4.<\/li>\n<\/ul>\n<\/div>\n<\/div>\n<\/div>\n<\/div>\n<\/div>\n<div id=\"content-middle\">\n<div class=\"zone zone-_main-stuff\" id=\"zone-_main\">\n<div class=\"token token-Content\" id=\"token-7473490\">\n<div class=\"content-container\" id=\"content-container-7473516\">\n<div id=\"content-text-7473516\">\n<ul><\/ul>\n<\/div>\n<\/div>\n<\/div>\n<\/div>\n<\/div>\n<p>[\/et_pb_text][\/et_pb_column_inner][\/et_pb_row_inner][\/et_pb_column][et_pb_column type=&#8221;1_3&#8243; module_class=&#8221;sivupalkki&#8221; _builder_version=&#8221;3.25&#8243; custom_padding=&#8221;|||&#8221; global_colors_info=&#8221;{}&#8221; parallax__hover=&#8221;off&#8221; parallax_method__hover=&#8221;on&#8221; module_class__hover=&#8221;sivupalkki&#8221; custom_padding__hover=&#8221;|||&#8221;][et_pb_sidebar area=&#8221;sidebar-1&#8243; module_class=&#8221;sivupalkki_sisalto&#8221; _builder_version=&#8221;3.4.1&#8243; locked=&#8221;on&#8221; global_colors_info=&#8221;{}&#8221;][\/et_pb_sidebar][\/et_pb_column][\/et_pb_section]<\/p>\n","protected":false},"excerpt":{"rendered":"<p>Ohjelma 2014-2015Ohjelma 2014-2015 Viimeksi p\u00e4ivitetty\u00a0 22.5.2015 (alkuper\u00e4inen 4.5.2014) \/ ohjelman yll\u00e4pit\u00e4j\u00e4 Juhani Hannila \/ Ohjelmakomitea HEIN\u00c4KUU 2014\u00a0\/ MPC: Juhani Hannila\u00a0 3.7. \u00a0\u00a0 ei viikkokokousta 10.7.\u00a0 ei viikkokokousta 17.7.\u00a0\u00a0ei viikkokokousta 24.7.\u00a0 Hallituksen kokous 10.45 24.7.\u00a0\u00a0Rotaryvuoden avaus ja TS 2014-2015 \/ P Pirjo Weisell ja komiteat 31.7.\u00a0 Toripolliisi ja kahavit \/ Markus H. Korhonen \/ torikokous \/ [&hellip;]<\/p>\n","protected":false},"author":543,"featured_media":0,"parent":77,"menu_order":0,"comment_status":"closed","ping_status":"closed","template":"","meta":{"_acf_changed":false,"_et_pb_use_builder":"on","_et_pb_old_content":"","_et_gb_content_width":"","footnotes":""},"class_list":["post-1685","page","type-page","status-publish","hentry"],"acf":[],"yoast_head":"<!-- This site is optimized with the Yoast SEO plugin v27.0 - https:\/\/yoast.com\/product\/yoast-seo-wordpress\/ -->\n<title>Ohjelma 2014-2015 - Oulun Rotaryklubi<\/title>\n<meta name=\"robots\" content=\"index, follow, max-snippet:-1, max-image-preview:large, max-video-preview:-1\" \/>\n<link rel=\"canonical\" href=\"https:\/\/rotary.fi\/oulu\/mita-teemme\/ohjelma-2014-2015\/\" \/>\n<meta property=\"og:locale\" content=\"fi_FI\" \/>\n<meta property=\"og:type\" content=\"article\" \/>\n<meta property=\"og:title\" content=\"Ohjelma 2014-2015 - Oulun Rotaryklubi\" \/>\n<meta property=\"og:description\" content=\"Ohjelma 2014-2015Ohjelma 2014-2015 Viimeksi p\u00e4ivitetty\u00a0 22.5.2015 (alkuper\u00e4inen 4.5.2014) \/ ohjelman yll\u00e4pit\u00e4j\u00e4 Juhani Hannila \/ Ohjelmakomitea HEIN\u00c4KUU 2014\u00a0\/ MPC: Juhani Hannila\u00a0 3.7. \u00a0\u00a0 ei viikkokokousta 10.7.\u00a0 ei viikkokokousta 17.7.\u00a0\u00a0ei viikkokokousta 24.7.\u00a0 Hallituksen kokous 10.45 24.7.\u00a0\u00a0Rotaryvuoden avaus ja TS 2014-2015 \/ P Pirjo Weisell ja komiteat 31.7.\u00a0 Toripolliisi ja kahavit \/ Markus H. Korhonen \/ torikokous \/ [&hellip;]\" \/>\n<meta property=\"og:url\" content=\"https:\/\/rotary.fi\/oulu\/mita-teemme\/ohjelma-2014-2015\/\" \/>\n<meta property=\"og:site_name\" content=\"Oulun Rotaryklubi\" \/>\n<meta property=\"article:modified_time\" content=\"2022-01-01T16:55:55+00:00\" \/>\n<meta name=\"twitter:card\" content=\"summary_large_image\" \/>\n<meta name=\"twitter:label1\" content=\"Arvioitu lukuaika\" \/>\n\t<meta name=\"twitter:data1\" content=\"5 minuuttia\" \/>\n<script type=\"application\/ld+json\" class=\"yoast-schema-graph\">{\"@context\":\"https:\/\/schema.org\",\"@graph\":[{\"@type\":\"WebPage\",\"@id\":\"https:\/\/rotary.fi\/oulu\/mita-teemme\/ohjelma-2014-2015\/\",\"url\":\"https:\/\/rotary.fi\/oulu\/mita-teemme\/ohjelma-2014-2015\/\",\"name\":\"Ohjelma 2014-2015 - Oulun Rotaryklubi\",\"isPartOf\":{\"@id\":\"https:\/\/rotary.fi\/oulu\/#website\"},\"datePublished\":\"2022-01-01T16:54:36+00:00\",\"dateModified\":\"2022-01-01T16:55:55+00:00\",\"breadcrumb\":{\"@id\":\"https:\/\/rotary.fi\/oulu\/mita-teemme\/ohjelma-2014-2015\/#breadcrumb\"},\"inLanguage\":\"fi\",\"potentialAction\":[{\"@type\":\"ReadAction\",\"target\":[\"https:\/\/rotary.fi\/oulu\/mita-teemme\/ohjelma-2014-2015\/\"]}]},{\"@type\":\"BreadcrumbList\",\"@id\":\"https:\/\/rotary.fi\/oulu\/mita-teemme\/ohjelma-2014-2015\/#breadcrumb\",\"itemListElement\":[{\"@type\":\"ListItem\",\"position\":1,\"name\":\"Home\",\"item\":\"https:\/\/rotary.fi\/oulu\/\"},{\"@type\":\"ListItem\",\"position\":2,\"name\":\"Mit\u00e4 me teemme\",\"item\":\"https:\/\/rotary.fi\/oulu\/mita-teemme\/\"},{\"@type\":\"ListItem\",\"position\":3,\"name\":\"Ohjelma 2014-2015\"}]},{\"@type\":\"WebSite\",\"@id\":\"https:\/\/rotary.fi\/oulu\/#website\",\"url\":\"https:\/\/rotary.fi\/oulu\/\",\"name\":\"Oulun Rotaryklubi\",\"description\":\"Uusi Rotary klubisivusto\",\"potentialAction\":[{\"@type\":\"SearchAction\",\"target\":{\"@type\":\"EntryPoint\",\"urlTemplate\":\"https:\/\/rotary.fi\/oulu\/?s={search_term_string}\"},\"query-input\":{\"@type\":\"PropertyValueSpecification\",\"valueRequired\":true,\"valueName\":\"search_term_string\"}}],\"inLanguage\":\"fi\"}]}<\/script>\n<!-- \/ Yoast SEO plugin. -->","yoast_head_json":{"title":"Ohjelma 2014-2015 - Oulun Rotaryklubi","robots":{"index":"index","follow":"follow","max-snippet":"max-snippet:-1","max-image-preview":"max-image-preview:large","max-video-preview":"max-video-preview:-1"},"canonical":"https:\/\/rotary.fi\/oulu\/mita-teemme\/ohjelma-2014-2015\/","og_locale":"fi_FI","og_type":"article","og_title":"Ohjelma 2014-2015 - Oulun Rotaryklubi","og_description":"Ohjelma 2014-2015Ohjelma 2014-2015 Viimeksi p\u00e4ivitetty\u00a0 22.5.2015 (alkuper\u00e4inen 4.5.2014) \/ ohjelman yll\u00e4pit\u00e4j\u00e4 Juhani Hannila \/ Ohjelmakomitea HEIN\u00c4KUU 2014\u00a0\/ MPC: Juhani Hannila\u00a0 3.7. \u00a0\u00a0 ei viikkokokousta 10.7.\u00a0 ei viikkokokousta 17.7.\u00a0\u00a0ei viikkokokousta 24.7.\u00a0 Hallituksen kokous 10.45 24.7.\u00a0\u00a0Rotaryvuoden avaus ja TS 2014-2015 \/ P Pirjo Weisell ja komiteat 31.7.\u00a0 Toripolliisi ja kahavit \/ Markus H. Korhonen \/ torikokous \/ [&hellip;]","og_url":"https:\/\/rotary.fi\/oulu\/mita-teemme\/ohjelma-2014-2015\/","og_site_name":"Oulun Rotaryklubi","article_modified_time":"2022-01-01T16:55:55+00:00","twitter_card":"summary_large_image","twitter_misc":{"Arvioitu lukuaika":"5 minuuttia"},"schema":{"@context":"https:\/\/schema.org","@graph":[{"@type":"WebPage","@id":"https:\/\/rotary.fi\/oulu\/mita-teemme\/ohjelma-2014-2015\/","url":"https:\/\/rotary.fi\/oulu\/mita-teemme\/ohjelma-2014-2015\/","name":"Ohjelma 2014-2015 - Oulun Rotaryklubi","isPartOf":{"@id":"https:\/\/rotary.fi\/oulu\/#website"},"datePublished":"2022-01-01T16:54:36+00:00","dateModified":"2022-01-01T16:55:55+00:00","breadcrumb":{"@id":"https:\/\/rotary.fi\/oulu\/mita-teemme\/ohjelma-2014-2015\/#breadcrumb"},"inLanguage":"fi","potentialAction":[{"@type":"ReadAction","target":["https:\/\/rotary.fi\/oulu\/mita-teemme\/ohjelma-2014-2015\/"]}]},{"@type":"BreadcrumbList","@id":"https:\/\/rotary.fi\/oulu\/mita-teemme\/ohjelma-2014-2015\/#breadcrumb","itemListElement":[{"@type":"ListItem","position":1,"name":"Home","item":"https:\/\/rotary.fi\/oulu\/"},{"@type":"ListItem","position":2,"name":"Mit\u00e4 me teemme","item":"https:\/\/rotary.fi\/oulu\/mita-teemme\/"},{"@type":"ListItem","position":3,"name":"Ohjelma 2014-2015"}]},{"@type":"WebSite","@id":"https:\/\/rotary.fi\/oulu\/#website","url":"https:\/\/rotary.fi\/oulu\/","name":"Oulun Rotaryklubi","description":"Uusi Rotary klubisivusto","potentialAction":[{"@type":"SearchAction","target":{"@type":"EntryPoint","urlTemplate":"https:\/\/rotary.fi\/oulu\/?s={search_term_string}"},"query-input":{"@type":"PropertyValueSpecification","valueRequired":true,"valueName":"search_term_string"}}],"inLanguage":"fi"}]}},"lang":"fi","translations":{"fi":1685},"pll_sync_post":[],"_links":{"self":[{"href":"https:\/\/rotary.fi\/oulu\/wp-json\/wp\/v2\/pages\/1685","targetHints":{"allow":["GET"]}}],"collection":[{"href":"https:\/\/rotary.fi\/oulu\/wp-json\/wp\/v2\/pages"}],"about":[{"href":"https:\/\/rotary.fi\/oulu\/wp-json\/wp\/v2\/types\/page"}],"author":[{"embeddable":true,"href":"https:\/\/rotary.fi\/oulu\/wp-json\/wp\/v2\/users\/543"}],"replies":[{"embeddable":true,"href":"https:\/\/rotary.fi\/oulu\/wp-json\/wp\/v2\/comments?post=1685"}],"version-history":[{"count":3,"href":"https:\/\/rotary.fi\/oulu\/wp-json\/wp\/v2\/pages\/1685\/revisions"}],"predecessor-version":[{"id":1688,"href":"https:\/\/rotary.fi\/oulu\/wp-json\/wp\/v2\/pages\/1685\/revisions\/1688"}],"up":[{"embeddable":true,"href":"https:\/\/rotary.fi\/oulu\/wp-json\/wp\/v2\/pages\/77"}],"wp:attachment":[{"href":"https:\/\/rotary.fi\/oulu\/wp-json\/wp\/v2\/media?parent=1685"}],"curies":[{"name":"wp","href":"https:\/\/api.w.org\/{rel}","templated":true}]}}