{"id":1677,"date":"2022-01-01T18:38:59","date_gmt":"2022-01-01T16:38:59","guid":{"rendered":"https:\/\/rotary.fi\/oulu\/?page_id=1677"},"modified":"2022-01-01T18:47:36","modified_gmt":"2022-01-01T16:47:36","slug":"ohj-2013-2014","status":"publish","type":"page","link":"https:\/\/rotary.fi\/oulu\/mita-teemme\/ohj-2013-2014\/","title":{"rendered":"Ohjelma 2013-2014"},"content":{"rendered":"<p>[et_pb_section fb_built=&#8221;1&#8243; module_class=&#8221;jumbotron-page&#8221; _builder_version=&#8221;4.14.2&#8243; background_color=&#8221;#0C71C3&#8243; background_enable_image=&#8221;off&#8221; global_colors_info=&#8221;{}&#8221;][et_pb_row _builder_version=&#8221;3.25&#8243; background_size=&#8221;initial&#8221; background_position=&#8221;top_left&#8221; background_repeat=&#8221;repeat&#8221; global_colors_info=&#8221;{}&#8221;][et_pb_column type=&#8221;4_4&#8243; _builder_version=&#8221;3.25&#8243; custom_padding=&#8221;|||&#8221; global_colors_info=&#8221;{}&#8221; custom_padding__hover=&#8221;|||&#8221;][et_pb_text admin_label=&#8221;P\u00e4\u00e4otsikko&#8221; _builder_version=&#8221;3.27.4&#8243; text_orientation=&#8221;center&#8221; background_layout=&#8221;dark&#8221; global_colors_info=&#8221;{}&#8221;]<\/p>\n<h1>Ohjelma 2013-2014<\/h1>\n<p>[\/et_pb_text][\/et_pb_column][\/et_pb_row][\/et_pb_section][et_pb_section fb_built=&#8221;1&#8243; specialty=&#8221;on&#8221; module_class_2=&#8221;sivupalkki&#8221; _builder_version=&#8221;3.22&#8243; global_colors_info=&#8221;{}&#8221;][et_pb_column type=&#8221;2_3&#8243; specialty_columns=&#8221;2&#8243; _builder_version=&#8221;3.25&#8243; custom_padding=&#8221;|||&#8221; global_colors_info=&#8221;{}&#8221; parallax__hover=&#8221;off&#8221; parallax_method__hover=&#8221;on&#8221; custom_padding__hover=&#8221;|||&#8221;][et_pb_row_inner admin_label=&#8221;Rivi&#8221; _builder_version=&#8221;3.25&#8243; global_colors_info=&#8221;{}&#8221;][et_pb_column_inner saved_specialty_column_type=&#8221;2_3&#8243; _builder_version=&#8221;3.25&#8243; custom_padding=&#8221;|||&#8221; global_colors_info=&#8221;{}&#8221; parallax__hover=&#8221;off&#8221; parallax_method__hover=&#8221;on&#8221; custom_padding__hover=&#8221;|||&#8221;][et_pb_text _builder_version=&#8221;3.27.4&#8243; global_colors_info=&#8221;{}&#8221;]<\/p>\n<h1 class=\"pageTitle\">Ohjelma 2013-2014<\/h1>\n<div class=\"zone\" id=\"zone-top\"><\/div>\n<div id=\"content-middle\">\n<div class=\"zone zone-_main-stuff\" id=\"zone-_main\">\n<div class=\"token token-Content\" id=\"token-7473468\"><a class=\"anchor\" name=\"anchor-7473468\"><\/a><\/p>\n<div class=\"content-container\" id=\"content-container-7473494\">\n<div id=\"content-text-7473494\">\n<p class=\"as_huomiolaatikko\"><b>HEIN\u00c4KUU 201<\/b><b>3<\/b><span>\u00a0<\/span><b>\/ Pekka Asikainen<\/b><\/p>\n<ul>\n<li>4.7. \u00a0\u00a0<span>\u00a0<\/span><i>ei viikkokokousta<\/i><\/li>\n<li>11.7.\u00a0<span>\u00a0<\/span><i>ei viikkokokousta<\/i><\/li>\n<li>18.7.\u00a0<span>\u00a0<\/span><i>ei viikkokokousta<\/i><\/li>\n<li><b>25.7.\u00a0<span>\u00a0<\/span><\/b><b>Rotaryvuoden avaus \/ P Sulo Lahdelma<\/b><\/li>\n<\/ul>\n<\/div>\n<\/div>\n<\/div>\n<div class=\"token token-Content\" id=\"token-7473470\"><a class=\"anchor\" name=\"anchor-7473470\"><\/a><\/p>\n<div class=\"content-container\" id=\"content-container-7473496\">\n<div id=\"content-text-7473496\">\n<p class=\"as_huomiolaatikko\"><b>ELOKUU 2013 &#8211; J\u00e4senist\u00f6n ja laajannusty\u00f6n kuukausi \/ Juhani Hannila\u00a0<\/b><\/p>\n<ul>\n<li><b>1.8.\u00a0\u00a0\u00a0 &#8221;Rotaryn Lissabonin kongressi&#8221;, matkakertomus \/ Juhani Hannila<\/b><\/li>\n<li><i>1.8.\u00a0\u00a0\u00a0 Hallituksen kokous 10:45<\/i><\/li>\n<li><b>8.8.\u00a0\u00a0\u00a0 &#8221;Oulun Rotaryklubin j\u00e4senet &#8211; keit\u00e4 ja mit\u00e4 olemme&#8221;\u00a0 \/ J\u00e4senyyskomitea, pj Jari Lehtel\u00e4<\/b><\/li>\n<li><b>15.8.\u00a0 &#8221;Teaching Teachers now&#8221; \/ Heikki Sipil\u00e4<\/b><\/li>\n<li><b>22.8.\u00a0 Luokitusesitelm\u00e4 &#8221;Talouden johtaminen osana opetusta ja kasvatusta. Mahdollinen vai mahdoton yht\u00e4l\u00f6?&#8221; \/ Timo Kettunen<\/b><\/li>\n<li><b>29.8.\u00a0 Luokitusesitelm\u00e4 &#8221;Setlementit osana yhteiskuntaa &#8211; Lontoon ty\u00f6l\u00e4iskorttelista Oulun keskustaan&#8221; \/ Jussi Kemppainen<\/b><\/li>\n<li><i>29.8.\u00a0 Hallituksen kokous 10:45<\/i><\/li>\n<\/ul>\n<\/div>\n<\/div>\n<\/div>\n<div class=\"token token-Content\" id=\"token-7473472\"><a class=\"anchor\" name=\"anchor-7473472\"><\/a><\/p>\n<div class=\"content-container\" id=\"content-container-7473498\">\n<div id=\"content-text-7473498\">\n<p class=\"as_huomiolaatikko\"><b>SYYSKUU 2012 &#8211; Uusien sukupolvien kuukausi \/ Mika Aalto<\/b><\/p>\n<ul>\n<li><b>5.9.<\/b><b>\u00a0\u00a0<\/b>\u00a0<span>\u00a0<\/span><b>&#8221;Erityisnuoren tukeminen koulutuksessa&#8221;<span>\u00a0<\/span><\/b><b>\/ opiskelijapalvelup\u00e4\u00e4llikk\u00f6 Raija N\u00e4pp\u00e4 Luovista<\/b><\/li>\n<li><b>12.9.\u00a0<span>\u00a0<\/span><\/b><b>Luokitusesitelm\u00e4 &#8221;Mit\u00e4 tapahtuu kaivosteollisuudessa nyt?&#8221; \/ Ane Ahnger<\/b><\/li>\n<li><b>19.9.\u00a0 &#8221;GSE 12.4.-17.5.13 D 5580:ss\u00e4&#8221; \/ ryhm\u00e4n j\u00e4sen Piritta N\u00e4tynki (Mauri Koivunen)<\/b><\/li>\n<li><b>26.9. \u00a0Vuosikokous \/ P Sulo Lahdelma<\/b><\/li>\n<li><i>26.9.\u00a0 Hallituksen kokous 10:45<\/i><\/li>\n<\/ul>\n<\/div>\n<\/div>\n<\/div>\n<div class=\"token token-Content\" id=\"token-7473474\"><a class=\"anchor\" name=\"anchor-7473474\"><\/a><\/p>\n<div class=\"content-container\" id=\"content-container-7473500\">\n<div id=\"content-text-7473500\">\n<p class=\"as_huomiolaatikko\"><b>\u200bLOKAKUU 2013 &#8211; Ammattipalvelun kuukausi \/ Hannu Koivula<\/b><\/p>\n<ul>\n<li><b>3.10.\u00a0\u00a0\u00a0 &#8221;Ajankohtaista Palveluprojektit-komitealta&#8221; \/ komitean pj Juhani Lavanko<\/b><\/li>\n<li><b>10.10.\u00a0 Yritysvierailu: ABB Oy Service, Konetie 27 \/ klubimestari Esa Kettunen (P Sulo Lahdelma)<\/b><\/li>\n<li><b>17.10.\u00a0\u00a0 &#8221;Oppilaitosturvallisuus&#8221; \/ turvallisuusp\u00e4\u00e4llikk\u00f6 Matti Kekki (Hannu Koivula)<\/b><\/li>\n<li><b>24.10.\u00a0\u00a0 &#8221;Bystr\u00f6min talon nuorten palvelut&#8221; \/ palvelup\u00e4\u00e4llikk\u00f6 Anneli Koistinen, Oulun kaupunki<\/b><\/li>\n<li><b>31.10.\u00a0\u00a0 &#8221;Yritystakomo&#8221; \/ toimitusjohtaja Kari Kivist\u00f6 (Hannu Koivula)<\/b><\/li>\n<li><i>31.10.\u00a0 Hallituksen kokous 10:45<\/i><\/li>\n<\/ul>\n<\/div>\n<\/div>\n<\/div>\n<div class=\"token token-Content\" id=\"token-7473476\"><a class=\"anchor\" name=\"anchor-7473476\"><\/a><\/p>\n<div class=\"content-container\" id=\"content-container-7473502\">\n<div id=\"content-text-7473502\">\n<p class=\"as_huomiolaatikko\"><b>MARRASKUU 2013 &#8211; Rotarys\u00e4\u00e4ti\u00f6n kuukausi \/ Marja-Liisa Kauhanen<\/b><\/p>\n<ul>\n<li><b>7.11.\u00a0\u00a0\u00a0 Yritysvierailu: Meka Pro Oy, Konetie 25 \/ klubimestari Esa Kettunen (P Sulo Lahdelma)<\/b><\/li>\n<li><b>14.11.\u00a0<span>\u00a0<\/span><\/b><b>&#8221;Rotarys\u00e4\u00e4ti\u00f6n uudet ohjelmat ja apurahat&#8221; \/ Rotarys\u00e4\u00e4ti\u00f6komitean j\u00e4sen Teemu Haapala<\/b><\/li>\n<li><b>21.11.\u00a0 &#8221;Kidutettujen kuntoutus&#8221; \/ apulaisylil\u00e4\u00e4k\u00e4ri Sami R\u00e4s\u00e4nen, ODL (Marja-Liisa Kauhanen)<\/b><\/li>\n<li><b>28.11.\u00a0 Kuvern\u00f6\u00f6ri Martti Lepoj\u00e4rven virallinen vierailu \/ P Sulo Lahdelma<\/b><\/li>\n<li><i>28.11.\u00a0 Hallituksen kokous 10:45<\/i><\/li>\n<\/ul>\n<\/div>\n<\/div>\n<\/div>\n<div class=\"token token-Content\" id=\"token-7473478\"><a class=\"anchor\" name=\"anchor-7473478\"><\/a><\/p>\n<div class=\"content-container\" id=\"content-container-7473504\">\n<div id=\"content-text-7473504\">\n<p class=\"as_huomiolaatikko\"><b>\u200bJOULUKUU 2013 &#8211; Rotaryperheen kuukausi \/ Timo Saarela<\/b><\/p>\n<ul>\n<li><b>5.12.\u00a0\u00a0\u00a0 &#8221;Ilmastotiedett\u00e4 vai -politiikkaa?&#8221; \/ Timo Suonper\u00e4<\/b><\/li>\n<li><b>12.12.\u00a0 Vaalikokous \/ P Sulo Lahdelma<\/b><\/li>\n<li><b>19.12.\u00a0 Jouluhartaus ja -lounas Oulun Diakonissalaitoksella \/ Marja-Liisa Kauhanen, Hannu Rahikainen. Albertinkatu 16:n sis\u00e4pihalta opastus, jouluhartaus alkaa klo 12 ODL:n kirkkosalissa, joululounas klo 12.30 Antellin ravintolassa. Puolisot mukaan. Ilmoittautuminen viimeist\u00e4\u00e4n 9.12. sihteeri Sampon kiert\u00e4v\u00e4\u00e4n listaan.<\/b><\/li>\n<li><i>19.12.\u00a0 Hallituksen kokous 10:45<\/i><\/li>\n<li><b>26.12<\/b>.\u00a0<span>\u00a0<\/span><b>Ei viikkokokousta, Tapaninp\u00e4iv\u00e4<\/b><\/li>\n<\/ul>\n<\/div>\n<\/div>\n<\/div>\n<div class=\"token token-Content\" id=\"token-7473480\"><a class=\"anchor\" name=\"anchor-7473480\"><\/a><\/p>\n<div class=\"content-container\" id=\"content-container-7473506\">\n<div id=\"content-text-7473506\">\n<p class=\"as_huomiolaatikko\"><b>\u200bTAMMIKUU 2014 &#8211; Rotarytietouden kuukausi \/ Juhani Hannila<\/b><\/p>\n<ul>\n<li><b>2.1.\u00a0\u00a0\u00a0 &#8221;Rotarymaailmamme&#8221; \/ J\u00e4senyyskomitean pj Jari Lehtel\u00e4<\/b><\/li>\n<li><b>9.1.\u00a0\u00a0\u00a0 Puolivuotiskatsaus klubimme toiminnasta \/ P Sulo Lahdelma ja komiteoiden pj:t<\/b><\/li>\n<li><b>16.1.\u00a0 &#8221;Hallintokomitean teht\u00e4v\u00e4t ja toiminta&#8221; \/ Hallintokomitean pj Teemu Haapala<\/b><\/li>\n<li><b>23.1.\u00a0 &#8221;Kantavien ter\u00e4srakenteiden laatuvaatimukset ja CE-merkint\u00e4&#8221; \/ laatuinsin\u00f6\u00f6ri Matti Jukarainen (Timo Ronkainen)<\/b><\/li>\n<li><b>30.1.\u00a0 Rotaryvisa \/ Juhani Hannila<\/b><\/li>\n<li><i>30.1.\u00a0 Hallituksen kokous 10:45<\/i><\/li>\n<\/ul>\n<\/div>\n<\/div>\n<\/div>\n<div class=\"token token-Content\" id=\"token-7473482\"><a class=\"anchor\" name=\"anchor-7473482\"><\/a><\/p>\n<div class=\"content-container\" id=\"content-container-7473508\">\n<div id=\"content-text-7473508\">\n<p class=\"as_huomiolaatikko\"><b>HELMIKUU 2014 &#8211; Maailman yhteisymm\u00e4rryksen kuukausi \/ Pekka Asikainen<\/b><\/p>\n<ul>\n<li><b>6.2.\u00a0\u00a0\u00a0 &#8221;PolioPlus-tilanne ja ennuste&#8221; \/ Matti Honkala, Pietari Brahen Rk<\/b><\/li>\n<li><b>13.2.\u00a0 &#8221;Erilaisuuden arvostaminen ryhm\u00e4n kiinteyden tukena&#8221; \/ yritt\u00e4j\u00e4, yritysvalmentaja Anu Autio,\u00a0 Voima Valmennus Oy\u00a0 (Anne Mikkola, Juhani Hannila)<\/b><\/li>\n<li><b>20.2.\u00a0 &#8221;Lis\u00e4kauppaa&#8221; \/ Jaakko Okkonen (P Sulo Lahdelma)<\/b><\/li>\n<li><b>27.2.\u00a0\u00a0 Katsaus naistenpankin nykytilanteeseen \/ Pirkko Rautioaho, Naistenpankki<\/b><\/li>\n<li><i>27.2.\u00a0 Hallituksen kokous 10:45<\/i><\/li>\n<\/ul>\n<\/div>\n<\/div>\n<\/div>\n<div class=\"token token-Content\" id=\"token-7473484\"><a class=\"anchor\" name=\"anchor-7473484\"><\/a><\/p>\n<div class=\"content-container\" id=\"content-container-7473510\">\n<div id=\"content-text-7473510\">\n<p class=\"as_huomiolaatikko\"><b>\u200bMAALISKUU 2014 &#8211; Luku- ja kirjoitustaidon kuukausi<\/b><span>\u00a0<\/span>\/<b><span>\u00a0<\/span>Mika Aalto<\/b><\/p>\n<ul>\n<li><b>6.3.\u00a0\u00a0\u00a0 &#8221;Mikromekaaniset laitteet&#8221; \/ dosentti Jari Juuti, Oulun yliopisto (P Sulo Lahdelma)<\/b><\/li>\n<li><b>13.3.\u00a0 Yritysvierailu: Laanilan Voima Oy, Typpitie 1 \/ klubimestari Esa Kettunen (P Sulo Lahdelma)<\/b><\/li>\n<li><b>20.3.\u00a0 &#8221;Turvallisuusjohtaminen&#8221; \/ professori Seppo V\u00e4yrynen, Oulun yliopisto (P Sulo Lahdelma)<\/b><\/li>\n<li><b>27.3.\u00a0 &#8221;Pohjois-Suomen Hallituspartnerit&#8221; \/ toiminnanjohtaja Seppo Mustonen (Teemu Haapala)<\/b><\/li>\n<li><i>27.3.\u00a0 Hallituksen kokous 10:45<\/i><\/li>\n<\/ul>\n<\/div>\n<\/div>\n<\/div>\n<div class=\"token token-Content\" id=\"token-7473486\"><a class=\"anchor\" name=\"anchor-7473486\"><\/a><\/p>\n<div class=\"content-container\" id=\"content-container-7473512\">\n<div id=\"content-text-7473512\">\n<p class=\"as_huomiolaatikko\"><b>HUHTIKUU 2014 &#8211; Rotarylehtien kuukausi \/ Hannu Koivula<\/b><\/p>\n<ul>\n<li><b>3.4.\u00a0\u00a0\u00a0 &#8221;Terveiset PETS:sta ja piirineuvottelusta&#8221;<\/b>\/<b><span>\u00a0<\/span>PE Pirjo Weisell ja SE Jari Simonen (Juhani Hannila)<\/b><\/li>\n<li><i>4.4.\u00a0\u00a0\u00a0 Oulun Rotaryklubin 80-vuotisjuhla klo 19 Arttelisali<\/i><\/li>\n<li><b>10.4.\u00a0 &#8221;Vuorovaikutustaidot&#8221; \/ professori Hannu Soini, Oulun yliopisto (P Sulo Lahdelma)<\/b><\/li>\n<li><b>17.4.\u00a0 Yritysvierailu:\u00a0 Outotec (Finland) Oy, Teknologiantie 1 \/ klubimestari Esa Kettunen (P Sulo Lahdelma)<\/b><\/li>\n<li><i>23.4.\u00a0 Hyv\u00e4ntekev\u00e4isyyskonsertti Karjasillan kirkossa klo 18.00 \/ Juhani Lavanko<\/i><\/li>\n<li><b>24.4.\u00a0 &#8221; Sairaalaopetus&#8221; \/ apulaisrehtori Merja Peteri, Sairaalakoulu (Hannu Koivula)<\/b><\/li>\n<li><i>24.4.\u00a0 Hallituksen kokous 10:45<\/i><\/li>\n<\/ul>\n<\/div>\n<\/div>\n<\/div>\n<div class=\"token token-Content\" id=\"token-7473488\"><a class=\"anchor\" name=\"anchor-7473488\"><\/a><\/p>\n<div class=\"content-container\" id=\"content-container-7473514\">\n<div id=\"content-text-7473514\">\n<p class=\"as_huomiolaatikko\"><b>TOUKOKUU 2014 \/ Marja-Liisa Kauhanen<\/b><\/p>\n<ul>\n<li><b>1.5.\u00a0\u00a0 Ei viikkokokousta,\u00a0 VAPPU!\u00a0<\/b><\/li>\n<li><i>5.5.\u00a0\u00a0 Oulun Rotaryklubin 80. vuosip\u00e4iv\u00e4<\/i><\/li>\n<li><b>8.5.<\/b>\u00a0\u00a0<b><span>\u00a0<\/span>&#8221;T\u00e4htivalokuvaus&#8221; \/ JP Mets\u00e4vainio (Markku Hentil\u00e4)<\/b><\/li>\n<li><b>15.5. &#8221;Vaihto-oppilasvuoteni Japanissa&#8221; \/ Justus Luokkanen (Seppo Vainio)<\/b><\/li>\n<li><b>22.5. &#8221;Luuppi ja dinot&#8221; \/ Sampo Puoskari<\/b><\/li>\n<li><b>29.5.<\/b>\u00a0<span>\u00a0<\/span><b>Ei viikkokokousta, Helatorstai<\/b><\/li>\n<\/ul>\n<\/div>\n<\/div>\n<\/div>\n<div class=\"token token-Content\" id=\"token-7473490\"><a class=\"anchor\" name=\"anchor-7473490\"><\/a><\/p>\n<div class=\"content-container\" id=\"content-container-7473516\">\n<div id=\"content-text-7473516\">\n<p class=\"as_huomiolaatikko\"><b>\u200bKES\u00c4KUU 2014 &#8211; Rotaryn harrastus- ja ammattiryhmien kuukausi<\/b><span>\u00a0<\/span>\/<span>\u00a0<\/span><b>Timo Saarela<\/b><\/p>\n<ul>\n<li><b>5.6. \u00a0 Luokitusesitelm\u00e4 &#8221;Tuulivoima&#8221; \/ Veli-Pekka Alkula (Juhani Hannila)<\/b><\/li>\n<li><i>5.6.\u00a0\u00a0 Hallituksen kokous 10.45<\/i><\/li>\n<li><b>12.6. &#8221;Poliisin hallintorakenneuudistus&#8221; \/ Timo Saarela<\/b><\/li>\n<li><b>19.6. &#8221;Firenze &#8211; renesanssin kehto, havaintoja matkastani&#8221; \/ Timo Saarela<\/b><\/li>\n<li><b>26.6.\u00a0 Toiminnan vuosikatsaus ja teht\u00e4vien vaihto \/ P Sulo Lahdelma<\/b><\/li>\n<li><i>26.6.\u00a0 Hallituksen kokous 10:45<\/i><\/li>\n<\/ul>\n<\/div>\n<\/div>\n<\/div>\n<\/div>\n<\/div>\n<p>[\/et_pb_text][\/et_pb_column_inner][\/et_pb_row_inner][\/et_pb_column][et_pb_column type=&#8221;1_3&#8243; module_class=&#8221;sivupalkki&#8221; _builder_version=&#8221;3.25&#8243; custom_padding=&#8221;|||&#8221; global_colors_info=&#8221;{}&#8221; parallax__hover=&#8221;off&#8221; parallax_method__hover=&#8221;on&#8221; module_class__hover=&#8221;sivupalkki&#8221; custom_padding__hover=&#8221;|||&#8221;][et_pb_sidebar area=&#8221;sidebar-1&#8243; module_class=&#8221;sivupalkki_sisalto&#8221; _builder_version=&#8221;3.4.1&#8243; locked=&#8221;on&#8221; global_colors_info=&#8221;{}&#8221;][\/et_pb_sidebar][\/et_pb_column][\/et_pb_section]<\/p>\n","protected":false},"excerpt":{"rendered":"<p>Ohjelma 2013-2014Ohjelma 2013-2014 HEIN\u00c4KUU 2013\u00a0\/ Pekka Asikainen 4.7. \u00a0\u00a0\u00a0ei viikkokokousta 11.7.\u00a0\u00a0ei viikkokokousta 18.7.\u00a0\u00a0ei viikkokokousta 25.7.\u00a0\u00a0Rotaryvuoden avaus \/ P Sulo Lahdelma ELOKUU 2013 &#8211; J\u00e4senist\u00f6n ja laajannusty\u00f6n kuukausi \/ Juhani Hannila\u00a0 1.8.\u00a0\u00a0\u00a0 &#8221;Rotaryn Lissabonin kongressi&#8221;, matkakertomus \/ Juhani Hannila 1.8.\u00a0\u00a0\u00a0 Hallituksen kokous 10:45 8.8.\u00a0\u00a0\u00a0 &#8221;Oulun Rotaryklubin j\u00e4senet &#8211; keit\u00e4 ja mit\u00e4 olemme&#8221;\u00a0 \/ J\u00e4senyyskomitea, pj Jari [&hellip;]<\/p>\n","protected":false},"author":543,"featured_media":0,"parent":77,"menu_order":0,"comment_status":"closed","ping_status":"closed","template":"","meta":{"_acf_changed":false,"_et_pb_use_builder":"on","_et_pb_old_content":"","_et_gb_content_width":"","footnotes":""},"class_list":["post-1677","page","type-page","status-publish","hentry"],"acf":[],"yoast_head":"<!-- This site is optimized with the Yoast SEO plugin v27.0 - https:\/\/yoast.com\/product\/yoast-seo-wordpress\/ -->\n<title>Ohjelma 2013-2014 - Oulun Rotaryklubi<\/title>\n<meta name=\"robots\" content=\"index, follow, max-snippet:-1, max-image-preview:large, max-video-preview:-1\" \/>\n<link rel=\"canonical\" href=\"https:\/\/rotary.fi\/oulu\/mita-teemme\/ohj-2013-2014\/\" \/>\n<meta property=\"og:locale\" content=\"fi_FI\" \/>\n<meta property=\"og:type\" content=\"article\" \/>\n<meta property=\"og:title\" content=\"Ohjelma 2013-2014 - Oulun Rotaryklubi\" \/>\n<meta property=\"og:description\" content=\"Ohjelma 2013-2014Ohjelma 2013-2014 HEIN\u00c4KUU 2013\u00a0\/ Pekka Asikainen 4.7. \u00a0\u00a0\u00a0ei viikkokokousta 11.7.\u00a0\u00a0ei viikkokokousta 18.7.\u00a0\u00a0ei viikkokokousta 25.7.\u00a0\u00a0Rotaryvuoden avaus \/ P Sulo Lahdelma ELOKUU 2013 - J\u00e4senist\u00f6n ja laajannusty\u00f6n kuukausi \/ Juhani Hannila\u00a0 1.8.\u00a0\u00a0\u00a0 &quot;Rotaryn Lissabonin kongressi&quot;, matkakertomus \/ Juhani Hannila 1.8.\u00a0\u00a0\u00a0 Hallituksen kokous 10:45 8.8.\u00a0\u00a0\u00a0 &quot;Oulun Rotaryklubin j\u00e4senet - keit\u00e4 ja mit\u00e4 olemme&quot;\u00a0 \/ J\u00e4senyyskomitea, pj Jari [&hellip;]\" \/>\n<meta property=\"og:url\" content=\"https:\/\/rotary.fi\/oulu\/mita-teemme\/ohj-2013-2014\/\" \/>\n<meta property=\"og:site_name\" content=\"Oulun Rotaryklubi\" \/>\n<meta property=\"article:modified_time\" content=\"2022-01-01T16:47:36+00:00\" \/>\n<meta name=\"twitter:card\" content=\"summary_large_image\" \/>\n<meta name=\"twitter:label1\" content=\"Arvioitu lukuaika\" \/>\n\t<meta name=\"twitter:data1\" content=\"4 minuuttia\" \/>\n<script type=\"application\/ld+json\" class=\"yoast-schema-graph\">{\"@context\":\"https:\/\/schema.org\",\"@graph\":[{\"@type\":\"WebPage\",\"@id\":\"https:\/\/rotary.fi\/oulu\/mita-teemme\/ohj-2013-2014\/\",\"url\":\"https:\/\/rotary.fi\/oulu\/mita-teemme\/ohj-2013-2014\/\",\"name\":\"Ohjelma 2013-2014 - Oulun Rotaryklubi\",\"isPartOf\":{\"@id\":\"https:\/\/rotary.fi\/oulu\/#website\"},\"datePublished\":\"2022-01-01T16:38:59+00:00\",\"dateModified\":\"2022-01-01T16:47:36+00:00\",\"breadcrumb\":{\"@id\":\"https:\/\/rotary.fi\/oulu\/mita-teemme\/ohj-2013-2014\/#breadcrumb\"},\"inLanguage\":\"fi\",\"potentialAction\":[{\"@type\":\"ReadAction\",\"target\":[\"https:\/\/rotary.fi\/oulu\/mita-teemme\/ohj-2013-2014\/\"]}]},{\"@type\":\"BreadcrumbList\",\"@id\":\"https:\/\/rotary.fi\/oulu\/mita-teemme\/ohj-2013-2014\/#breadcrumb\",\"itemListElement\":[{\"@type\":\"ListItem\",\"position\":1,\"name\":\"Home\",\"item\":\"https:\/\/rotary.fi\/oulu\/\"},{\"@type\":\"ListItem\",\"position\":2,\"name\":\"Mit\u00e4 me teemme\",\"item\":\"https:\/\/rotary.fi\/oulu\/mita-teemme\/\"},{\"@type\":\"ListItem\",\"position\":3,\"name\":\"Ohjelma 2013-2014\"}]},{\"@type\":\"WebSite\",\"@id\":\"https:\/\/rotary.fi\/oulu\/#website\",\"url\":\"https:\/\/rotary.fi\/oulu\/\",\"name\":\"Oulun Rotaryklubi\",\"description\":\"Uusi Rotary klubisivusto\",\"potentialAction\":[{\"@type\":\"SearchAction\",\"target\":{\"@type\":\"EntryPoint\",\"urlTemplate\":\"https:\/\/rotary.fi\/oulu\/?s={search_term_string}\"},\"query-input\":{\"@type\":\"PropertyValueSpecification\",\"valueRequired\":true,\"valueName\":\"search_term_string\"}}],\"inLanguage\":\"fi\"}]}<\/script>\n<!-- \/ Yoast SEO plugin. -->","yoast_head_json":{"title":"Ohjelma 2013-2014 - Oulun Rotaryklubi","robots":{"index":"index","follow":"follow","max-snippet":"max-snippet:-1","max-image-preview":"max-image-preview:large","max-video-preview":"max-video-preview:-1"},"canonical":"https:\/\/rotary.fi\/oulu\/mita-teemme\/ohj-2013-2014\/","og_locale":"fi_FI","og_type":"article","og_title":"Ohjelma 2013-2014 - Oulun Rotaryklubi","og_description":"Ohjelma 2013-2014Ohjelma 2013-2014 HEIN\u00c4KUU 2013\u00a0\/ Pekka Asikainen 4.7. \u00a0\u00a0\u00a0ei viikkokokousta 11.7.\u00a0\u00a0ei viikkokokousta 18.7.\u00a0\u00a0ei viikkokokousta 25.7.\u00a0\u00a0Rotaryvuoden avaus \/ P Sulo Lahdelma ELOKUU 2013 - J\u00e4senist\u00f6n ja laajannusty\u00f6n kuukausi \/ Juhani Hannila\u00a0 1.8.\u00a0\u00a0\u00a0 \"Rotaryn Lissabonin kongressi\", matkakertomus \/ Juhani Hannila 1.8.\u00a0\u00a0\u00a0 Hallituksen kokous 10:45 8.8.\u00a0\u00a0\u00a0 \"Oulun Rotaryklubin j\u00e4senet - keit\u00e4 ja mit\u00e4 olemme\"\u00a0 \/ J\u00e4senyyskomitea, pj Jari [&hellip;]","og_url":"https:\/\/rotary.fi\/oulu\/mita-teemme\/ohj-2013-2014\/","og_site_name":"Oulun Rotaryklubi","article_modified_time":"2022-01-01T16:47:36+00:00","twitter_card":"summary_large_image","twitter_misc":{"Arvioitu lukuaika":"4 minuuttia"},"schema":{"@context":"https:\/\/schema.org","@graph":[{"@type":"WebPage","@id":"https:\/\/rotary.fi\/oulu\/mita-teemme\/ohj-2013-2014\/","url":"https:\/\/rotary.fi\/oulu\/mita-teemme\/ohj-2013-2014\/","name":"Ohjelma 2013-2014 - Oulun Rotaryklubi","isPartOf":{"@id":"https:\/\/rotary.fi\/oulu\/#website"},"datePublished":"2022-01-01T16:38:59+00:00","dateModified":"2022-01-01T16:47:36+00:00","breadcrumb":{"@id":"https:\/\/rotary.fi\/oulu\/mita-teemme\/ohj-2013-2014\/#breadcrumb"},"inLanguage":"fi","potentialAction":[{"@type":"ReadAction","target":["https:\/\/rotary.fi\/oulu\/mita-teemme\/ohj-2013-2014\/"]}]},{"@type":"BreadcrumbList","@id":"https:\/\/rotary.fi\/oulu\/mita-teemme\/ohj-2013-2014\/#breadcrumb","itemListElement":[{"@type":"ListItem","position":1,"name":"Home","item":"https:\/\/rotary.fi\/oulu\/"},{"@type":"ListItem","position":2,"name":"Mit\u00e4 me teemme","item":"https:\/\/rotary.fi\/oulu\/mita-teemme\/"},{"@type":"ListItem","position":3,"name":"Ohjelma 2013-2014"}]},{"@type":"WebSite","@id":"https:\/\/rotary.fi\/oulu\/#website","url":"https:\/\/rotary.fi\/oulu\/","name":"Oulun Rotaryklubi","description":"Uusi Rotary klubisivusto","potentialAction":[{"@type":"SearchAction","target":{"@type":"EntryPoint","urlTemplate":"https:\/\/rotary.fi\/oulu\/?s={search_term_string}"},"query-input":{"@type":"PropertyValueSpecification","valueRequired":true,"valueName":"search_term_string"}}],"inLanguage":"fi"}]}},"lang":"fi","translations":{"fi":1677},"pll_sync_post":[],"_links":{"self":[{"href":"https:\/\/rotary.fi\/oulu\/wp-json\/wp\/v2\/pages\/1677","targetHints":{"allow":["GET"]}}],"collection":[{"href":"https:\/\/rotary.fi\/oulu\/wp-json\/wp\/v2\/pages"}],"about":[{"href":"https:\/\/rotary.fi\/oulu\/wp-json\/wp\/v2\/types\/page"}],"author":[{"embeddable":true,"href":"https:\/\/rotary.fi\/oulu\/wp-json\/wp\/v2\/users\/543"}],"replies":[{"embeddable":true,"href":"https:\/\/rotary.fi\/oulu\/wp-json\/wp\/v2\/comments?post=1677"}],"version-history":[{"count":5,"href":"https:\/\/rotary.fi\/oulu\/wp-json\/wp\/v2\/pages\/1677\/revisions"}],"predecessor-version":[{"id":1683,"href":"https:\/\/rotary.fi\/oulu\/wp-json\/wp\/v2\/pages\/1677\/revisions\/1683"}],"up":[{"embeddable":true,"href":"https:\/\/rotary.fi\/oulu\/wp-json\/wp\/v2\/pages\/77"}],"wp:attachment":[{"href":"https:\/\/rotary.fi\/oulu\/wp-json\/wp\/v2\/media?parent=1677"}],"curies":[{"name":"wp","href":"https:\/\/api.w.org\/{rel}","templated":true}]}}