{"id":1670,"date":"2021-12-31T16:09:06","date_gmt":"2021-12-31T14:09:06","guid":{"rendered":"https:\/\/rotary.fi\/oulu\/?page_id=1670"},"modified":"2024-01-24T12:50:21","modified_gmt":"2024-01-24T10:50:21","slug":"klubin-projektit","status":"publish","type":"page","link":"https:\/\/rotary.fi\/oulu\/keita-olemme\/klubin-projektit\/","title":{"rendered":"Klubimme projektit"},"content":{"rendered":"<p>[et_pb_section fb_built=&#8221;1&#8243; module_class=&#8221;jumbotron-page&#8221; _builder_version=&#8221;4.16&#8243; background_image=&#8221;https:\/\/rotary.fi\/oulu\/wp-content\/uploads\/sites\/223\/2021\/12\/14-20161024-115538-e1640958018753.jpg&#8221; global_colors_info=&#8221;{}&#8221;][et_pb_row _builder_version=&#8221;4.16&#8243; background_size=&#8221;initial&#8221; background_position=&#8221;top_left&#8221; background_repeat=&#8221;repeat&#8221; global_colors_info=&#8221;{}&#8221;][et_pb_column type=&#8221;4_4&#8243; _builder_version=&#8221;4.16&#8243; custom_padding=&#8221;|||&#8221; global_colors_info=&#8221;{}&#8221; custom_padding__hover=&#8221;|||&#8221;][et_pb_text admin_label=&#8221;P\u00e4\u00e4otsikko&#8221; _builder_version=&#8221;4.16&#8243; text_orientation=&#8221;center&#8221; background_layout=&#8221;dark&#8221; global_colors_info=&#8221;{}&#8221;]<\/p>\n<h1>Klubimme projektit<\/h1>\n<p>[\/et_pb_text][\/et_pb_column][\/et_pb_row][\/et_pb_section][et_pb_section fb_built=&#8221;1&#8243; specialty=&#8221;on&#8221; module_class_2=&#8221;sivupalkki&#8221; _builder_version=&#8221;4.16&#8243; global_colors_info=&#8221;{}&#8221;][et_pb_column type=&#8221;2_3&#8243; specialty_columns=&#8221;2&#8243; _builder_version=&#8221;4.16&#8243; custom_padding=&#8221;|||&#8221; global_colors_info=&#8221;{}&#8221; parallax__hover=&#8221;off&#8221; parallax_method__hover=&#8221;on&#8221; custom_padding__hover=&#8221;|||&#8221;][et_pb_row_inner _builder_version=&#8221;4.16&#8243; _module_preset=&#8221;default&#8221; global_colors_info=&#8221;{}&#8221;][et_pb_column_inner saved_specialty_column_type=&#8221;2_3&#8243; _builder_version=&#8221;4.16&#8243; _module_preset=&#8221;default&#8221; global_colors_info=&#8221;{}&#8221;][et_pb_text _builder_version=&#8221;4.16&#8243; _module_preset=&#8221;default&#8221; global_colors_info=&#8221;{}&#8221;]<\/p>\n<h1 style=\"text-align: center\">Klubimme projektit<\/h1>\n<p>[\/et_pb_text][\/et_pb_column_inner][\/et_pb_row_inner][et_pb_row_inner _builder_version=&#8221;4.16&#8243; _module_preset=&#8221;default&#8221; global_colors_info=&#8221;{}&#8221;][et_pb_column_inner saved_specialty_column_type=&#8221;2_3&#8243; _builder_version=&#8221;4.16&#8243; _module_preset=&#8221;default&#8221; global_colors_info=&#8221;{}&#8221;][et_pb_image src=&#8221;https:\/\/rotary.fi\/oulu\/wp-content\/uploads\/sites\/223\/2021\/12\/70-ulkoilutus-20180508-e1640956083752.jpeg&#8221; title_text=&#8221;70-Ulkoilutus 20180508&#8243; _builder_version=&#8221;4.16&#8243; _module_preset=&#8221;default&#8221; global_colors_info=&#8221;{}&#8221;][\/et_pb_image][\/et_pb_column_inner][\/et_pb_row_inner][et_pb_row_inner admin_label=&#8221;Rivi&#8221; _builder_version=&#8221;4.16&#8243; global_colors_info=&#8221;{}&#8221;][et_pb_column_inner saved_specialty_column_type=&#8221;2_3&#8243; _builder_version=&#8221;4.16&#8243; custom_padding=&#8221;|||&#8221; global_colors_info=&#8221;{}&#8221; parallax__hover=&#8221;off&#8221; parallax_method__hover=&#8221;on&#8221; custom_padding__hover=&#8221;|||&#8221;][et_pb_text _builder_version=&#8221;4.16&#8243; global_colors_info=&#8221;{}&#8221;]<\/p>\n<h1><span style=\"font-size: 48px\">Hyv\u00e4\u00e4 ja kivaa<\/span><\/h1>\n<h4><\/h4>\n<p>Teemme mielell\u00e4mme hyv\u00e4\u00e4. Niin paikallisella tasolla, kuin kansainv\u00e4lisestikin! Sit\u00e4 tehdess\u00e4 meill\u00e4 on usein hauskaa ja tapaamme isolla porukalla erilaisten projektien, kokousten ja seminaarien merkeiss\u00e4. Esittelemme my\u00f6s tekemist\u00e4mme mielell\u00e4mme, jos siihen ilmaantuu sopiva tilaisuus.<\/p>\n<p>&nbsp;<\/p>\n<h4><\/h4>\n<h4>Klubimme erilaisia projekteja vuosien varrelta<\/h4>\n<div id=\"content\">\n<div id=\"container\">\n<div id=\"content-main\">\n<div id=\"content-middle\">\n<div class=\"zone zone-_main-stuff\" id=\"zone-_main\">\n<div class=\"token token-Content\" id=\"token-10536055\">\n<div class=\"content-container\" id=\"content-container-10536058\">\n<div id=\"content-text-10536058\">\n<ul>\n<li>Mieskaveritoiminnan tukeminen<\/li>\n<li>V\u00e4h\u00e4varaisten perheiden lasten harrastustoiminnan tukeminen (usean vuoden ajan)<\/li>\n<li>END POLIO NOW -ker\u00e4ykset (kerran vuodessa, Kauppakeskus Valkea ja aiemmin Rotuaari)<\/li>\n<li>ODL:n veljeskodin adukkauden ulkoiluttaminen (kerran kuussa)<\/li>\n<li>Tienvarren siivousta Muhoksella (2014-2016)<\/li>\n<li>Oulun partiotoiminnan tukeminen<\/li>\n<li>V\u00e4h\u00e4varaisten perheiden lasten harratuksiin p\u00e4\u00e4syn tukemista yhdess\u00e4 ODL:n kanssa<\/li>\n<li>Tekniikkakerho (Haukipudas &amp; Muhos), nuorten syrj\u00e4ytymisen ehk\u00e4isemikseksi<\/li>\n<li>Yhteisty\u00f6projektit tytt\u00f6jen talon kanssa<\/li>\n<li>Yhteisty\u00f6projektit poikien talon kanssa<\/li>\n<li>Yhteisty\u00f6projekti Walkersin kanssa<\/li>\n<li>Aikuisten liikuntapuisto Tuiraan (yhdess\u00e4 muiden oululaisten klubien kanssa)<\/li>\n<li>Ekaluokkalaisille liikenneturvakirjojen hankintaa<\/li>\n<li>Leikkipuisto lastenkyl\u00e4\u00e4n Etel\u00e4-Afrikassa (yhdess\u00e4 Ilon \u00c4\u00e4ni ry:n kanssa)<\/li>\n<li>Koulujen toiminnan tukemista Tansaniassa<\/li>\n<li>Klubin kummityt\u00f6n opintojen taloudellinen tukeminen Nepalissa<\/li>\n<\/ul>\n<\/div>\n<\/div>\n<\/div>\n<\/div>\n<\/div>\n<\/div>\n<\/div>\n<\/div>\n<p>[\/et_pb_text][\/et_pb_column_inner][\/et_pb_row_inner][\/et_pb_column][et_pb_column type=&#8221;1_3&#8243; module_class=&#8221;sivupalkki&#8221; _builder_version=&#8221;4.16&#8243; custom_padding=&#8221;|||&#8221; global_colors_info=&#8221;{}&#8221; parallax__hover=&#8221;off&#8221; parallax_method__hover=&#8221;on&#8221; module_class__hover=&#8221;sivupalkki&#8221; custom_padding__hover=&#8221;|||&#8221;][et_pb_sidebar area=&#8221;sidebar-1&#8243; module_class=&#8221;sivupalkki_sisalto&#8221; _builder_version=&#8221;4.16&#8243; locked=&#8221;on&#8221; global_colors_info=&#8221;{}&#8221;][\/et_pb_sidebar][\/et_pb_column][\/et_pb_section][et_pb_section fb_built=&#8221;1&#8243; _builder_version=&#8221;4.16&#8243; _module_preset=&#8221;default&#8221; global_colors_info=&#8221;{}&#8221;][et_pb_row column_structure=&#8221;1_2,1_2&#8243; _builder_version=&#8221;4.16&#8243; _module_preset=&#8221;default&#8221; global_colors_info=&#8221;{}&#8221;][et_pb_column type=&#8221;1_2&#8243; _builder_version=&#8221;4.16&#8243; _module_preset=&#8221;default&#8221; global_colors_info=&#8221;{}&#8221;][et_pb_image src=&#8221;https:\/\/rotary.fi\/oulu\/wp-content\/uploads\/sites\/223\/2021\/12\/14-20161024-115538-1.jpg&#8221; title_text=&#8221;14-20161024_115538&#8243; _builder_version=&#8221;4.16&#8243; _module_preset=&#8221;default&#8221; global_colors_info=&#8221;{}&#8221;][\/et_pb_image][et_pb_image src=&#8221;https:\/\/rotary.fi\/oulu\/wp-content\/uploads\/sites\/223\/2021\/12\/64-20160128-125551.jpeg&#8221; title_text=&#8221;64-20160128_125551&#8243; _builder_version=&#8221;4.16&#8243; _module_preset=&#8221;default&#8221; global_colors_info=&#8221;{}&#8221;][\/et_pb_image][et_pb_image src=&#8221;https:\/\/rotary.fi\/oulu\/wp-content\/uploads\/sites\/223\/2021\/12\/129-20150916-182558.jpg&#8221; title_text=&#8221;129-20150916_182558&#8243; _builder_version=&#8221;4.16&#8243; _module_preset=&#8221;default&#8221; global_colors_info=&#8221;{}&#8221;][\/et_pb_image][et_pb_image src=&#8221;https:\/\/rotary.fi\/oulu\/wp-content\/uploads\/sites\/223\/2021\/12\/12-sininen-ja-valkoinen-jukka-ja-suurkuoro.jpg&#8221; title_text=&#8221;12-Sininen ja valkoinen &#8211; Jukka ja suurkuoro&#8221; _builder_version=&#8221;4.16&#8243; _module_preset=&#8221;default&#8221; global_colors_info=&#8221;{}&#8221;][\/et_pb_image][et_pb_image src=&#8221;https:\/\/rotary.fi\/oulu\/wp-content\/uploads\/sites\/223\/2021\/12\/42-20180111-125922.jpg&#8221; title_text=&#8221;42-20180111_125922&#8243; _builder_version=&#8221;4.16&#8243; _module_preset=&#8221;default&#8221; global_colors_info=&#8221;{}&#8221;][\/et_pb_image][et_pb_image src=&#8221;https:\/\/rotary.fi\/oulu\/wp-content\/uploads\/sites\/223\/2021\/12\/16-20170601-122610.jpg&#8221; title_text=&#8221;16-20170601_122610&#8243; _builder_version=&#8221;4.16&#8243; _module_preset=&#8221;default&#8221; global_colors_info=&#8221;{}&#8221;][\/et_pb_image][et_pb_image src=&#8221;https:\/\/rotary.fi\/oulu\/wp-content\/uploads\/sites\/223\/2021\/12\/2-img-3649.jpg&#8221; title_text=&#8221;2-IMG_3649&#8243; _builder_version=&#8221;4.16&#8243; _module_preset=&#8221;default&#8221; global_colors_info=&#8221;{}&#8221;][\/et_pb_image][\/et_pb_column][et_pb_column type=&#8221;1_2&#8243; _builder_version=&#8221;4.16&#8243; _module_preset=&#8221;default&#8221; global_colors_info=&#8221;{}&#8221;][et_pb_image src=&#8221;https:\/\/rotary.fi\/oulu\/wp-content\/uploads\/sites\/223\/2021\/12\/36-20171214-130624-1.jpg&#8221; title_text=&#8221;36-20171214_130624&#8243; _builder_version=&#8221;4.16&#8243; _module_preset=&#8221;default&#8221; global_colors_info=&#8221;{}&#8221;][\/et_pb_image][et_pb_image src=&#8221;https:\/\/rotary.fi\/oulu\/wp-content\/uploads\/sites\/223\/2021\/12\/29-20160428-130403.jpg&#8221; title_text=&#8221;29-20160428_130403&#8243; _builder_version=&#8221;4.16&#8243; _module_preset=&#8221;default&#8221; global_colors_info=&#8221;{}&#8221;][\/et_pb_image][et_pb_image src=&#8221;https:\/\/rotary.fi\/oulu\/wp-content\/uploads\/sites\/223\/2021\/12\/64-20180405-123943.jpg&#8221; title_text=&#8221;64-20180405_123943&#8243; _builder_version=&#8221;4.16&#8243; _module_preset=&#8221;default&#8221; global_colors_info=&#8221;{}&#8221;][\/et_pb_image][et_pb_image src=&#8221;https:\/\/rotary.fi\/oulu\/wp-content\/uploads\/sites\/223\/2021\/12\/40-20170223-125835.jpeg&#8221; title_text=&#8221;40-20170223_125835&#8243; _builder_version=&#8221;4.16&#8243; _module_preset=&#8221;default&#8221; global_colors_info=&#8221;{}&#8221;][\/et_pb_image][\/et_pb_column][\/et_pb_row][\/et_pb_section]<\/p>\n","protected":false},"excerpt":{"rendered":"<p>Klubimme projektitKlubimme projektitHyv\u00e4\u00e4 ja kivaa Teemme mielell\u00e4mme hyv\u00e4\u00e4. Niin paikallisella tasolla, kuin kansainv\u00e4lisestikin! Sit\u00e4 tehdess\u00e4 meill\u00e4 on usein hauskaa ja tapaamme isolla porukalla erilaisten projektien, kokousten ja seminaarien merkeiss\u00e4. Esittelemme my\u00f6s tekemist\u00e4mme mielell\u00e4mme, jos siihen ilmaantuu sopiva tilaisuus. &nbsp; Klubimme erilaisia projekteja vuosien varrelta Mieskaveritoiminnan tukeminen V\u00e4h\u00e4varaisten perheiden lasten harrastustoiminnan tukeminen (usean vuoden ajan) END [&hellip;]<\/p>\n","protected":false},"author":543,"featured_media":0,"parent":129,"menu_order":0,"comment_status":"closed","ping_status":"closed","template":"","meta":{"_acf_changed":false,"_et_pb_use_builder":"on","_et_pb_old_content":"","_et_gb_content_width":"","footnotes":""},"class_list":["post-1670","page","type-page","status-publish","hentry"],"acf":[],"yoast_head":"<!-- This site is optimized with the Yoast SEO plugin v27.4 - https:\/\/yoast.com\/product\/yoast-seo-wordpress\/ -->\n<title>Klubimme projektit - Oulun Rotaryklubi<\/title>\n<meta name=\"robots\" content=\"index, follow, max-snippet:-1, max-image-preview:large, max-video-preview:-1\" \/>\n<link rel=\"canonical\" href=\"https:\/\/rotary.fi\/oulu\/keita-olemme\/klubin-projektit\/\" \/>\n<meta property=\"og:locale\" content=\"fi_FI\" \/>\n<meta property=\"og:type\" content=\"article\" \/>\n<meta property=\"og:title\" content=\"Klubimme projektit - Oulun Rotaryklubi\" \/>\n<meta property=\"og:description\" content=\"Klubimme projektitKlubimme projektitHyv\u00e4\u00e4 ja kivaa Teemme mielell\u00e4mme hyv\u00e4\u00e4. Niin paikallisella tasolla, kuin kansainv\u00e4lisestikin! Sit\u00e4 tehdess\u00e4 meill\u00e4 on usein hauskaa ja tapaamme isolla porukalla erilaisten projektien, kokousten ja seminaarien merkeiss\u00e4. Esittelemme my\u00f6s tekemist\u00e4mme mielell\u00e4mme, jos siihen ilmaantuu sopiva tilaisuus. &nbsp; Klubimme erilaisia projekteja vuosien varrelta Mieskaveritoiminnan tukeminen V\u00e4h\u00e4varaisten perheiden lasten harrastustoiminnan tukeminen (usean vuoden ajan) END [&hellip;]\" \/>\n<meta property=\"og:url\" content=\"https:\/\/rotary.fi\/oulu\/keita-olemme\/klubin-projektit\/\" \/>\n<meta property=\"og:site_name\" content=\"Oulun Rotaryklubi\" \/>\n<meta property=\"article:modified_time\" content=\"2024-01-24T10:50:21+00:00\" \/>\n<meta name=\"twitter:card\" content=\"summary_large_image\" \/>\n<meta name=\"twitter:label1\" content=\"Arvioitu lukuaika\" \/>\n\t<meta name=\"twitter:data1\" content=\"4 minuuttia\" \/>\n<script type=\"application\/ld+json\" class=\"yoast-schema-graph\">{\"@context\":\"https:\\\/\\\/schema.org\",\"@graph\":[{\"@type\":\"WebPage\",\"@id\":\"https:\\\/\\\/rotary.fi\\\/oulu\\\/keita-olemme\\\/klubin-projektit\\\/\",\"url\":\"https:\\\/\\\/rotary.fi\\\/oulu\\\/keita-olemme\\\/klubin-projektit\\\/\",\"name\":\"Klubimme projektit - Oulun Rotaryklubi\",\"isPartOf\":{\"@id\":\"https:\\\/\\\/rotary.fi\\\/oulu\\\/#website\"},\"datePublished\":\"2021-12-31T14:09:06+00:00\",\"dateModified\":\"2024-01-24T10:50:21+00:00\",\"breadcrumb\":{\"@id\":\"https:\\\/\\\/rotary.fi\\\/oulu\\\/keita-olemme\\\/klubin-projektit\\\/#breadcrumb\"},\"inLanguage\":\"fi\",\"potentialAction\":[{\"@type\":\"ReadAction\",\"target\":[\"https:\\\/\\\/rotary.fi\\\/oulu\\\/keita-olemme\\\/klubin-projektit\\\/\"]}]},{\"@type\":\"BreadcrumbList\",\"@id\":\"https:\\\/\\\/rotary.fi\\\/oulu\\\/keita-olemme\\\/klubin-projektit\\\/#breadcrumb\",\"itemListElement\":[{\"@type\":\"ListItem\",\"position\":1,\"name\":\"Home\",\"item\":\"https:\\\/\\\/rotary.fi\\\/oulu\\\/\"},{\"@type\":\"ListItem\",\"position\":2,\"name\":\"Keit\u00e4 me olemme\",\"item\":\"https:\\\/\\\/rotary.fi\\\/oulu\\\/keita-olemme\\\/\"},{\"@type\":\"ListItem\",\"position\":3,\"name\":\"Klubimme projektit\"}]},{\"@type\":\"WebSite\",\"@id\":\"https:\\\/\\\/rotary.fi\\\/oulu\\\/#website\",\"url\":\"https:\\\/\\\/rotary.fi\\\/oulu\\\/\",\"name\":\"Oulun Rotaryklubi\",\"description\":\"Uusi Rotary klubisivusto\",\"potentialAction\":[{\"@type\":\"SearchAction\",\"target\":{\"@type\":\"EntryPoint\",\"urlTemplate\":\"https:\\\/\\\/rotary.fi\\\/oulu\\\/?s={search_term_string}\"},\"query-input\":{\"@type\":\"PropertyValueSpecification\",\"valueRequired\":true,\"valueName\":\"search_term_string\"}}],\"inLanguage\":\"fi\"}]}<\/script>\n<!-- \/ Yoast SEO plugin. -->","yoast_head_json":{"title":"Klubimme projektit - Oulun Rotaryklubi","robots":{"index":"index","follow":"follow","max-snippet":"max-snippet:-1","max-image-preview":"max-image-preview:large","max-video-preview":"max-video-preview:-1"},"canonical":"https:\/\/rotary.fi\/oulu\/keita-olemme\/klubin-projektit\/","og_locale":"fi_FI","og_type":"article","og_title":"Klubimme projektit - Oulun Rotaryklubi","og_description":"Klubimme projektitKlubimme projektitHyv\u00e4\u00e4 ja kivaa Teemme mielell\u00e4mme hyv\u00e4\u00e4. Niin paikallisella tasolla, kuin kansainv\u00e4lisestikin! Sit\u00e4 tehdess\u00e4 meill\u00e4 on usein hauskaa ja tapaamme isolla porukalla erilaisten projektien, kokousten ja seminaarien merkeiss\u00e4. Esittelemme my\u00f6s tekemist\u00e4mme mielell\u00e4mme, jos siihen ilmaantuu sopiva tilaisuus. &nbsp; Klubimme erilaisia projekteja vuosien varrelta Mieskaveritoiminnan tukeminen V\u00e4h\u00e4varaisten perheiden lasten harrastustoiminnan tukeminen (usean vuoden ajan) END [&hellip;]","og_url":"https:\/\/rotary.fi\/oulu\/keita-olemme\/klubin-projektit\/","og_site_name":"Oulun Rotaryklubi","article_modified_time":"2024-01-24T10:50:21+00:00","twitter_card":"summary_large_image","twitter_misc":{"Arvioitu lukuaika":"4 minuuttia"},"schema":{"@context":"https:\/\/schema.org","@graph":[{"@type":"WebPage","@id":"https:\/\/rotary.fi\/oulu\/keita-olemme\/klubin-projektit\/","url":"https:\/\/rotary.fi\/oulu\/keita-olemme\/klubin-projektit\/","name":"Klubimme projektit - Oulun Rotaryklubi","isPartOf":{"@id":"https:\/\/rotary.fi\/oulu\/#website"},"datePublished":"2021-12-31T14:09:06+00:00","dateModified":"2024-01-24T10:50:21+00:00","breadcrumb":{"@id":"https:\/\/rotary.fi\/oulu\/keita-olemme\/klubin-projektit\/#breadcrumb"},"inLanguage":"fi","potentialAction":[{"@type":"ReadAction","target":["https:\/\/rotary.fi\/oulu\/keita-olemme\/klubin-projektit\/"]}]},{"@type":"BreadcrumbList","@id":"https:\/\/rotary.fi\/oulu\/keita-olemme\/klubin-projektit\/#breadcrumb","itemListElement":[{"@type":"ListItem","position":1,"name":"Home","item":"https:\/\/rotary.fi\/oulu\/"},{"@type":"ListItem","position":2,"name":"Keit\u00e4 me olemme","item":"https:\/\/rotary.fi\/oulu\/keita-olemme\/"},{"@type":"ListItem","position":3,"name":"Klubimme projektit"}]},{"@type":"WebSite","@id":"https:\/\/rotary.fi\/oulu\/#website","url":"https:\/\/rotary.fi\/oulu\/","name":"Oulun Rotaryklubi","description":"Uusi Rotary klubisivusto","potentialAction":[{"@type":"SearchAction","target":{"@type":"EntryPoint","urlTemplate":"https:\/\/rotary.fi\/oulu\/?s={search_term_string}"},"query-input":{"@type":"PropertyValueSpecification","valueRequired":true,"valueName":"search_term_string"}}],"inLanguage":"fi"}]}},"lang":"fi","translations":{"fi":1670},"pll_sync_post":[],"_links":{"self":[{"href":"https:\/\/rotary.fi\/oulu\/wp-json\/wp\/v2\/pages\/1670","targetHints":{"allow":["GET"]}}],"collection":[{"href":"https:\/\/rotary.fi\/oulu\/wp-json\/wp\/v2\/pages"}],"about":[{"href":"https:\/\/rotary.fi\/oulu\/wp-json\/wp\/v2\/types\/page"}],"author":[{"embeddable":true,"href":"https:\/\/rotary.fi\/oulu\/wp-json\/wp\/v2\/users\/543"}],"replies":[{"embeddable":true,"href":"https:\/\/rotary.fi\/oulu\/wp-json\/wp\/v2\/comments?post=1670"}],"version-history":[{"count":5,"href":"https:\/\/rotary.fi\/oulu\/wp-json\/wp\/v2\/pages\/1670\/revisions"}],"predecessor-version":[{"id":2102,"href":"https:\/\/rotary.fi\/oulu\/wp-json\/wp\/v2\/pages\/1670\/revisions\/2102"}],"up":[{"embeddable":true,"href":"https:\/\/rotary.fi\/oulu\/wp-json\/wp\/v2\/pages\/129"}],"wp:attachment":[{"href":"https:\/\/rotary.fi\/oulu\/wp-json\/wp\/v2\/media?parent=1670"}],"curies":[{"name":"wp","href":"https:\/\/api.w.org\/{rel}","templated":true}]}}