{"id":138,"date":"2018-08-10T14:01:44","date_gmt":"2018-08-10T11:01:44","guid":{"rendered":"https:\/\/rotary.fi\/klubi2\/?page_id=138"},"modified":"2025-12-07T12:41:20","modified_gmt":"2025-12-07T10:41:20","slug":"vuositeema","status":"publish","type":"page","link":"https:\/\/rotary.fi\/orivedenrotaryklubi\/keita-olemme\/vuositeema\/","title":{"rendered":"Vuositeema"},"content":{"rendered":"<p>[et_pb_section fb_built=&#8221;1&#8243; module_class=&#8221;jumbotron-page&#8221; _builder_version=&#8221;4.16&#8243; background_image=&#8221;https:\/\/rotary.fi\/orivedenrotaryklubi\/wp-content\/uploads\/sites\/270\/2018\/08\/rotary_klubit_alasivu_paakuva_7.jpg&#8221; global_colors_info=&#8221;{}&#8221;][et_pb_row _builder_version=&#8221;4.16&#8243; background_size=&#8221;initial&#8221; background_position=&#8221;top_left&#8221; background_repeat=&#8221;repeat&#8221; global_colors_info=&#8221;{}&#8221;][et_pb_column type=&#8221;4_4&#8243; _builder_version=&#8221;4.16&#8243; custom_padding=&#8221;|||&#8221; global_colors_info=&#8221;{}&#8221; custom_padding__hover=&#8221;|||&#8221;][et_pb_text admin_label=&#8221;P\u00e4\u00e4otsikko&#8221; _builder_version=&#8221;4.16&#8243; text_orientation=&#8221;center&#8221; background_layout=&#8221;dark&#8221; global_colors_info=&#8221;{}&#8221;]<\/p>\n<h1>Vuositeema<\/h1>\n<p>&nbsp;<\/p>\n<p>[\/et_pb_text][\/et_pb_column][\/et_pb_row][\/et_pb_section][et_pb_section fb_built=&#8221;1&#8243; specialty=&#8221;on&#8221; module_class_2=&#8221;sivupalkki&#8221; _builder_version=&#8221;4.16&#8243; global_colors_info=&#8221;{}&#8221;][et_pb_column type=&#8221;2_3&#8243; specialty_columns=&#8221;2&#8243; _builder_version=&#8221;4.16&#8243; custom_padding=&#8221;|||&#8221; global_colors_info=&#8221;{}&#8221; custom_padding__hover=&#8221;|||&#8221;][et_pb_row_inner column_structure=&#8221;1_4,1_4,1_4,1_4&#8243; admin_label=&#8221;Rivi&#8221; _builder_version=&#8221;4.16&#8243; global_colors_info=&#8221;{}&#8221;][et_pb_column_inner type=&#8221;1_4&#8243; saved_specialty_column_type=&#8221;2_3&#8243; _builder_version=&#8221;4.16&#8243; custom_padding=&#8221;|||&#8221; custom_css_main_element=&#8221;width:24%!important;&#8221; global_colors_info=&#8221;{}&#8221; custom_padding__hover=&#8221;|||&#8221;][et_pb_image src=&#8221;https:\/\/rotary.fi\/orivedenrotaryklubi\/wp-content\/uploads\/sites\/270\/2018\/11\/t1819fin_pms-c-01-300&#215;300.jpg&#8221; align_tablet=&#8221;center&#8221; align_phone=&#8221;center&#8221; align_last_edited=&#8221;on|desktop&#8221; _builder_version=&#8221;4.16&#8243; global_colors_info=&#8221;{}&#8221;][\/et_pb_image][\/et_pb_column_inner][et_pb_column_inner type=&#8221;1_4&#8243; saved_specialty_column_type=&#8221;2_3&#8243; _builder_version=&#8221;4.16&#8243; custom_padding=&#8221;|||&#8221; custom_css_main_element=&#8221;width:24%!important;&#8221; global_colors_info=&#8221;{}&#8221; custom_padding__hover=&#8221;|||&#8221;][et_pb_image src=&#8221;https:\/\/rotary.fi\/orivedenrotaryklubi\/wp-content\/uploads\/sites\/270\/2018\/11\/t1819sv_pms-c-01-300&#215;300.jpg&#8221; align_tablet=&#8221;center&#8221; align_phone=&#8221;center&#8221; align_last_edited=&#8221;on|desktop&#8221; _builder_version=&#8221;4.16&#8243; global_colors_info=&#8221;{}&#8221;][\/et_pb_image][\/et_pb_column_inner][et_pb_column_inner type=&#8221;1_4&#8243; saved_specialty_column_type=&#8221;2_3&#8243; _builder_version=&#8221;4.16&#8243; custom_padding=&#8221;|||&#8221; custom_css_main_element=&#8221;width:24%!important;&#8221; global_colors_info=&#8221;{}&#8221; custom_padding__hover=&#8221;|||&#8221;][et_pb_image src=&#8221;https:\/\/rotary.fi\/orivedenrotaryklubi\/wp-content\/uploads\/sites\/270\/2018\/11\/t1819en_pms-c-01-300&#215;300.jpg&#8221; align_tablet=&#8221;center&#8221; align_phone=&#8221;center&#8221; align_last_edited=&#8221;on|desktop&#8221; _builder_version=&#8221;4.16&#8243; global_colors_info=&#8221;{}&#8221;][\/et_pb_image][\/et_pb_column_inner][et_pb_column_inner type=&#8221;1_4&#8243; saved_specialty_column_type=&#8221;2_3&#8243; _builder_version=&#8221;4.16&#8243; custom_padding=&#8221;|||&#8221; custom_css_main_element=&#8221;display:none;||width:0%!important;&#8221; global_colors_info=&#8221;{}&#8221; custom_padding__hover=&#8221;|||&#8221;][\/et_pb_column_inner][\/et_pb_row_inner][et_pb_row_inner admin_label=&#8221;Rivi&#8221; _builder_version=&#8221;4.16&#8243; global_colors_info=&#8221;{}&#8221;][et_pb_column_inner saved_specialty_column_type=&#8221;2_3&#8243; _builder_version=&#8221;4.16&#8243; custom_padding=&#8221;|||&#8221; global_colors_info=&#8221;{}&#8221; custom_padding__hover=&#8221;|||&#8221;][et_pb_text admin_label=&#8221;Rotary Internationalin vuositeema &#8211; Otsikko&#8221; _builder_version=&#8221;4.16&#8243; text_orientation=&#8221;center&#8221; global_colors_info=&#8221;{}&#8221;]<\/p>\n<h1>Rotary Internationalin vuositeema<\/h1>\n<p>[\/et_pb_text][et_pb_text _builder_version=&#8221;4.16&#8243; global_colors_info=&#8221;{}&#8221;]<\/p>\n<p>\nRotary Internationalin presidentti Barry Rassin on nimennyt presidenttivuotensa 2018-2019 teemaksi<\/p>\n<p><strong>Be the Inspiration | Ole innostaja | En inspirationsk\u00e4lla<\/strong><\/p>\n<blockquote>\n<p>&#8221;Toivon ett\u00e4 me kaikki innostamme toisiamme toimimaan \u2013 tarkastelemaan ymp\u00e4rist\u00f6kysymyksi\u00e4, jotka vaikuttavat terveyteen ja hyvinvointiin ymp\u00e4ri maailmaa, ja tekem\u00e4\u00e4n voitavamme auttaaksemme.&#8221;<\/p>\n<\/blockquote>\n<p>Presidentti Rassin kantaa aitoa huolta ymp\u00e4rist\u00f6st\u00e4 ja ilmastonmuutoksesta. H\u00e4n on kotoisin Bahamalta, miss\u00e4 merenpinnan nousu ilmaston l\u00e4mmetess\u00e4 on uhka h\u00e4nen kotisaarensa tulevaisuudelle. Vuositeeman tunnus, meren aalto, sopiikin hyvin Rassinin viestinviej\u00e4ksi. H\u00e4n kannustaa meit\u00e4 kohtaamaan ymp\u00e4rist\u00f6haasteet rohkeasti, optimistisesti ja luovasti \u2013 yhteistuumin omissa yhteis\u00f6iss\u00e4mme ja my\u00f6s henkil\u00f6kohtaisissa valinnoissamme.<\/p>\n<p>[\/et_pb_text][\/et_pb_column_inner][\/et_pb_row_inner][et_pb_row_inner admin_label=&#8221;Rivi&#8221; _builder_version=&#8221;4.16&#8243; global_colors_info=&#8221;{}&#8221;][et_pb_column_inner saved_specialty_column_type=&#8221;2_3&#8243; _builder_version=&#8221;4.16&#8243; custom_padding=&#8221;|||&#8221; global_colors_info=&#8221;{}&#8221; custom_padding__hover=&#8221;|||&#8221;][et_pb_text admin_label=&#8221;Klubin vuositeema &#8211; Otsikko&#8221; _builder_version=&#8221;4.16&#8243; text_orientation=&#8221;center&#8221; global_colors_info=&#8221;{}&#8221;]<\/p>\n<h4>Oriveden Rotarykiubin vuositeema\u00a0<\/h4>\n<p>[\/et_pb_text][et_pb_text _builder_version=&#8221;4.27.4&#8243; hover_enabled=&#8221;0&#8243; global_colors_info=&#8221;{}&#8221; sticky_enabled=&#8221;0&#8243;]<\/p>\n<p class=\"p1\"><span class=\"s1\">Oma klubimme keskittyy j\u00e4senten aktivoimiseen ja klubin julkisuuskuvan kehitt\u00e4miseen. Tahdomme tehd\u00e4 Rotaryn saavutukset n\u00e4kyv\u00e4mm\u00e4ksi.\u00a0<\/span><\/p>\n<p>[\/et_pb_text][\/et_pb_column_inner][\/et_pb_row_inner][\/et_pb_column][et_pb_column type=&#8221;1_3&#8243; _builder_version=&#8221;4.16&#8243; custom_padding=&#8221;|||&#8221; global_colors_info=&#8221;{}&#8221; custom_padding__hover=&#8221;|||&#8221;][et_pb_sidebar area=&#8221;sidebar-1&#8243; module_class=&#8221;sivupalkki_sisalto&#8221; _builder_version=&#8221;4.16&#8243; locked=&#8221;on&#8221; global_colors_info=&#8221;{}&#8221;][\/et_pb_sidebar][\/et_pb_column][\/et_pb_section]<\/p>\n","protected":false},"excerpt":{"rendered":"<p>Vuositeema &nbsp; Rotary Internationalin vuositeema Rotary Internationalin presidentti Barry Rassin on nimennyt presidenttivuotensa 2018-2019 teemaksi Be the Inspiration | Ole innostaja | En inspirationsk\u00e4lla &#8221;Toivon ett\u00e4 me kaikki innostamme toisiamme toimimaan \u2013 tarkastelemaan ymp\u00e4rist\u00f6kysymyksi\u00e4, jotka vaikuttavat terveyteen ja hyvinvointiin ymp\u00e4ri maailmaa, ja tekem\u00e4\u00e4n voitavamme auttaaksemme.&#8221; Presidentti Rassin kantaa aitoa huolta ymp\u00e4rist\u00f6st\u00e4 ja ilmastonmuutoksesta. H\u00e4n on [&hellip;]<\/p>\n","protected":false},"author":1,"featured_media":0,"parent":129,"menu_order":0,"comment_status":"closed","ping_status":"closed","template":"","meta":{"_acf_changed":false,"_et_pb_use_builder":"on","_et_pb_old_content":"","_et_gb_content_width":"","footnotes":""},"class_list":["post-138","page","type-page","status-publish","hentry"],"acf":[],"yoast_head":"<!-- This site is optimized with the Yoast SEO plugin v27.4 - https:\/\/yoast.com\/product\/yoast-seo-wordpress\/ -->\n<title>Vuositeema - Oriveden Rotaryklubi<\/title>\n<meta name=\"robots\" content=\"noindex, follow, max-snippet:-1, max-image-preview:large, max-video-preview:-1\" \/>\n<meta property=\"og:locale\" content=\"fi_FI\" \/>\n<meta property=\"og:type\" content=\"article\" \/>\n<meta property=\"og:title\" content=\"Vuositeema - Oriveden Rotaryklubi\" \/>\n<meta property=\"og:description\" content=\"Vuositeema &nbsp; Rotary Internationalin vuositeema Rotary Internationalin presidentti Barry Rassin on nimennyt presidenttivuotensa 2018-2019 teemaksi Be the Inspiration | Ole innostaja | En inspirationsk\u00e4lla &quot;Toivon ett\u00e4 me kaikki innostamme toisiamme toimimaan \u2013 tarkastelemaan ymp\u00e4rist\u00f6kysymyksi\u00e4, jotka vaikuttavat terveyteen ja hyvinvointiin ymp\u00e4ri maailmaa, ja tekem\u00e4\u00e4n voitavamme auttaaksemme.&quot; Presidentti Rassin kantaa aitoa huolta ymp\u00e4rist\u00f6st\u00e4 ja ilmastonmuutoksesta. H\u00e4n on [&hellip;]\" \/>\n<meta property=\"og:url\" content=\"https:\/\/rotary.fi\/orivedenrotaryklubi\/keita-olemme\/vuositeema\/\" \/>\n<meta property=\"og:site_name\" content=\"Oriveden Rotaryklubi\" \/>\n<meta property=\"article:modified_time\" content=\"2025-12-07T10:41:20+00:00\" \/>\n<meta name=\"twitter:card\" content=\"summary_large_image\" \/>\n<meta name=\"twitter:label1\" content=\"Arvioitu lukuaika\" \/>\n\t<meta name=\"twitter:data1\" content=\"3 minuuttia\" \/>\n<script type=\"application\/ld+json\" class=\"yoast-schema-graph\">{\"@context\":\"https:\\\/\\\/schema.org\",\"@graph\":[{\"@type\":\"WebPage\",\"@id\":\"https:\\\/\\\/rotary.fi\\\/orivedenrotaryklubi\\\/keita-olemme\\\/vuositeema\\\/\",\"url\":\"https:\\\/\\\/rotary.fi\\\/orivedenrotaryklubi\\\/keita-olemme\\\/vuositeema\\\/\",\"name\":\"Vuositeema - Oriveden Rotaryklubi\",\"isPartOf\":{\"@id\":\"https:\\\/\\\/rotary.fi\\\/orivedenrotaryklubi\\\/#website\"},\"datePublished\":\"2018-08-10T11:01:44+00:00\",\"dateModified\":\"2025-12-07T10:41:20+00:00\",\"breadcrumb\":{\"@id\":\"https:\\\/\\\/rotary.fi\\\/orivedenrotaryklubi\\\/keita-olemme\\\/vuositeema\\\/#breadcrumb\"},\"inLanguage\":\"fi\",\"potentialAction\":[{\"@type\":\"ReadAction\",\"target\":[\"https:\\\/\\\/rotary.fi\\\/orivedenrotaryklubi\\\/keita-olemme\\\/vuositeema\\\/\"]}]},{\"@type\":\"BreadcrumbList\",\"@id\":\"https:\\\/\\\/rotary.fi\\\/orivedenrotaryklubi\\\/keita-olemme\\\/vuositeema\\\/#breadcrumb\",\"itemListElement\":[{\"@type\":\"ListItem\",\"position\":1,\"name\":\"Home\",\"item\":\"https:\\\/\\\/rotary.fi\\\/orivedenrotaryklubi\\\/\"},{\"@type\":\"ListItem\",\"position\":2,\"name\":\"Keit\u00e4 olemme\",\"item\":\"https:\\\/\\\/rotary.fi\\\/orivedenrotaryklubi\\\/keita-olemme\\\/\"},{\"@type\":\"ListItem\",\"position\":3,\"name\":\"Vuositeema\"}]},{\"@type\":\"WebSite\",\"@id\":\"https:\\\/\\\/rotary.fi\\\/orivedenrotaryklubi\\\/#website\",\"url\":\"https:\\\/\\\/rotary.fi\\\/orivedenrotaryklubi\\\/\",\"name\":\"Oriveden Rotaryklubi\",\"description\":\"Uusi Rotary klubisivusto\",\"potentialAction\":[{\"@type\":\"SearchAction\",\"target\":{\"@type\":\"EntryPoint\",\"urlTemplate\":\"https:\\\/\\\/rotary.fi\\\/orivedenrotaryklubi\\\/?s={search_term_string}\"},\"query-input\":{\"@type\":\"PropertyValueSpecification\",\"valueRequired\":true,\"valueName\":\"search_term_string\"}}],\"inLanguage\":\"fi\"}]}<\/script>\n<!-- \/ Yoast SEO plugin. -->","yoast_head_json":{"title":"Vuositeema - Oriveden Rotaryklubi","robots":{"index":"noindex","follow":"follow","max-snippet":"max-snippet:-1","max-image-preview":"max-image-preview:large","max-video-preview":"max-video-preview:-1"},"og_locale":"fi_FI","og_type":"article","og_title":"Vuositeema - Oriveden Rotaryklubi","og_description":"Vuositeema &nbsp; Rotary Internationalin vuositeema Rotary Internationalin presidentti Barry Rassin on nimennyt presidenttivuotensa 2018-2019 teemaksi Be the Inspiration | Ole innostaja | En inspirationsk\u00e4lla \"Toivon ett\u00e4 me kaikki innostamme toisiamme toimimaan \u2013 tarkastelemaan ymp\u00e4rist\u00f6kysymyksi\u00e4, jotka vaikuttavat terveyteen ja hyvinvointiin ymp\u00e4ri maailmaa, ja tekem\u00e4\u00e4n voitavamme auttaaksemme.\" Presidentti Rassin kantaa aitoa huolta ymp\u00e4rist\u00f6st\u00e4 ja ilmastonmuutoksesta. H\u00e4n on [&hellip;]","og_url":"https:\/\/rotary.fi\/orivedenrotaryklubi\/keita-olemme\/vuositeema\/","og_site_name":"Oriveden Rotaryklubi","article_modified_time":"2025-12-07T10:41:20+00:00","twitter_card":"summary_large_image","twitter_misc":{"Arvioitu lukuaika":"3 minuuttia"},"schema":{"@context":"https:\/\/schema.org","@graph":[{"@type":"WebPage","@id":"https:\/\/rotary.fi\/orivedenrotaryklubi\/keita-olemme\/vuositeema\/","url":"https:\/\/rotary.fi\/orivedenrotaryklubi\/keita-olemme\/vuositeema\/","name":"Vuositeema - Oriveden Rotaryklubi","isPartOf":{"@id":"https:\/\/rotary.fi\/orivedenrotaryklubi\/#website"},"datePublished":"2018-08-10T11:01:44+00:00","dateModified":"2025-12-07T10:41:20+00:00","breadcrumb":{"@id":"https:\/\/rotary.fi\/orivedenrotaryklubi\/keita-olemme\/vuositeema\/#breadcrumb"},"inLanguage":"fi","potentialAction":[{"@type":"ReadAction","target":["https:\/\/rotary.fi\/orivedenrotaryklubi\/keita-olemme\/vuositeema\/"]}]},{"@type":"BreadcrumbList","@id":"https:\/\/rotary.fi\/orivedenrotaryklubi\/keita-olemme\/vuositeema\/#breadcrumb","itemListElement":[{"@type":"ListItem","position":1,"name":"Home","item":"https:\/\/rotary.fi\/orivedenrotaryklubi\/"},{"@type":"ListItem","position":2,"name":"Keit\u00e4 olemme","item":"https:\/\/rotary.fi\/orivedenrotaryklubi\/keita-olemme\/"},{"@type":"ListItem","position":3,"name":"Vuositeema"}]},{"@type":"WebSite","@id":"https:\/\/rotary.fi\/orivedenrotaryklubi\/#website","url":"https:\/\/rotary.fi\/orivedenrotaryklubi\/","name":"Oriveden Rotaryklubi","description":"Uusi Rotary klubisivusto","potentialAction":[{"@type":"SearchAction","target":{"@type":"EntryPoint","urlTemplate":"https:\/\/rotary.fi\/orivedenrotaryklubi\/?s={search_term_string}"},"query-input":{"@type":"PropertyValueSpecification","valueRequired":true,"valueName":"search_term_string"}}],"inLanguage":"fi"}]}},"lang":"fi","translations":{"fi":138},"pll_sync_post":[],"_links":{"self":[{"href":"https:\/\/rotary.fi\/orivedenrotaryklubi\/wp-json\/wp\/v2\/pages\/138","targetHints":{"allow":["GET"]}}],"collection":[{"href":"https:\/\/rotary.fi\/orivedenrotaryklubi\/wp-json\/wp\/v2\/pages"}],"about":[{"href":"https:\/\/rotary.fi\/orivedenrotaryklubi\/wp-json\/wp\/v2\/types\/page"}],"author":[{"embeddable":true,"href":"https:\/\/rotary.fi\/orivedenrotaryklubi\/wp-json\/wp\/v2\/users\/1"}],"replies":[{"embeddable":true,"href":"https:\/\/rotary.fi\/orivedenrotaryklubi\/wp-json\/wp\/v2\/comments?post=138"}],"version-history":[{"count":8,"href":"https:\/\/rotary.fi\/orivedenrotaryklubi\/wp-json\/wp\/v2\/pages\/138\/revisions"}],"predecessor-version":[{"id":1698,"href":"https:\/\/rotary.fi\/orivedenrotaryklubi\/wp-json\/wp\/v2\/pages\/138\/revisions\/1698"}],"up":[{"embeddable":true,"href":"https:\/\/rotary.fi\/orivedenrotaryklubi\/wp-json\/wp\/v2\/pages\/129"}],"wp:attachment":[{"href":"https:\/\/rotary.fi\/orivedenrotaryklubi\/wp-json\/wp\/v2\/media?parent=138"}],"curies":[{"name":"wp","href":"https:\/\/api.w.org\/{rel}","templated":true}]}}