{"id":138,"date":"2018-08-10T14:01:44","date_gmt":"2018-08-10T11:01:44","guid":{"rendered":"https:\/\/rotary.fi\/klubi2\/?page_id=138"},"modified":"2024-07-11T14:04:12","modified_gmt":"2024-07-11T11:04:12","slug":"vuositeema","status":"publish","type":"page","link":"https:\/\/rotary.fi\/orimattila\/keita-olemme\/vuositeema\/","title":{"rendered":"Vuositeema"},"content":{"rendered":"<p>[et_pb_section fb_built=&#8221;1&#8243; module_class=&#8221;jumbotron-page&#8221; _builder_version=&#8221;4.21.0&#8243; background_color=&#8221;#D1D1D1&#8243; background_enable_image=&#8221;off&#8221; background_size=&#8221;contain&#8221; global_colors_info=&#8221;{}&#8221;][et_pb_row column_structure=&#8221;3_5,2_5&#8243; _builder_version=&#8221;4.21.0&#8243; background_size=&#8221;initial&#8221; background_position=&#8221;top_left&#8221; background_repeat=&#8221;repeat&#8221; global_colors_info=&#8221;{}&#8221;][et_pb_column type=&#8221;3_5&#8243; _builder_version=&#8221;4.16&#8243; custom_padding=&#8221;|||&#8221; global_colors_info=&#8221;{}&#8221; custom_padding__hover=&#8221;|||&#8221;][et_pb_text admin_label=&#8221;P\u00e4\u00e4otsikko&#8221; _builder_version=&#8221;4.21.0&#8243; text_text_color=&#8221;#872175&#8243; text_orientation=&#8221;center&#8221; background_layout=&#8221;dark&#8221; text_text_shadow_style=&#8221;preset3&#8243; global_colors_info=&#8221;{}&#8221;]<\/p>\n<h1>Vuositeema<\/h1>\n<p>[\/et_pb_text][\/et_pb_column][et_pb_column type=&#8221;2_5&#8243; _builder_version=&#8221;4.21.0&#8243; _module_preset=&#8221;default&#8221; global_colors_info=&#8221;{}&#8221;][et_pb_image src=&#8221;https:\/\/rotary.fi\/orimattila\/wp-content\/uploads\/sites\/213\/2024\/07\/t2425en-logo-rgb.png&#8221; title_text=&#8221;Magic of Rotary&#8221; _builder_version=&#8221;4.25.2&#8243; _module_preset=&#8221;default&#8221; global_colors_info=&#8221;{}&#8221;][\/et_pb_image][\/et_pb_column][\/et_pb_row][\/et_pb_section][et_pb_section fb_built=&#8221;1&#8243; specialty=&#8221;on&#8221; module_class_2=&#8221;sivupalkki&#8221; _builder_version=&#8221;4.16&#8243; global_colors_info=&#8221;{}&#8221;][et_pb_column type=&#8221;2_3&#8243; specialty_columns=&#8221;2&#8243; _builder_version=&#8221;4.16&#8243; custom_padding=&#8221;|||&#8221; global_colors_info=&#8221;{}&#8221; custom_padding__hover=&#8221;|||&#8221;][et_pb_row_inner column_structure=&#8221;1_4,1_4,1_4,1_4&#8243; admin_label=&#8221;Rivi&#8221; _builder_version=&#8221;4.16&#8243; global_colors_info=&#8221;{}&#8221;][et_pb_column_inner type=&#8221;1_4&#8243; saved_specialty_column_type=&#8221;2_3&#8243; _builder_version=&#8221;4.16&#8243; custom_padding=&#8221;|||&#8221; custom_css_main_element=&#8221;width:24%!important;&#8221; global_colors_info=&#8221;{}&#8221; custom_padding__hover=&#8221;|||&#8221;][\/et_pb_column_inner][et_pb_column_inner type=&#8221;1_4&#8243; saved_specialty_column_type=&#8221;2_3&#8243; _builder_version=&#8221;4.16&#8243; custom_padding=&#8221;|||&#8221; custom_css_main_element=&#8221;width:24%!important;&#8221; global_colors_info=&#8221;{}&#8221; custom_padding__hover=&#8221;|||&#8221;][\/et_pb_column_inner][et_pb_column_inner type=&#8221;1_4&#8243; saved_specialty_column_type=&#8221;2_3&#8243; _builder_version=&#8221;4.16&#8243; custom_padding=&#8221;|||&#8221; custom_css_main_element=&#8221;width:24%!important;&#8221; global_colors_info=&#8221;{}&#8221; custom_padding__hover=&#8221;|||&#8221;][\/et_pb_column_inner][et_pb_column_inner type=&#8221;1_4&#8243; saved_specialty_column_type=&#8221;2_3&#8243; _builder_version=&#8221;4.16&#8243; custom_padding=&#8221;|||&#8221; custom_css_main_element=&#8221;display:none;||width:0%!important;&#8221; global_colors_info=&#8221;{}&#8221; custom_padding__hover=&#8221;|||&#8221;][\/et_pb_column_inner][\/et_pb_row_inner][et_pb_row_inner admin_label=&#8221;Rivi&#8221; _builder_version=&#8221;4.16&#8243; global_colors_info=&#8221;{}&#8221;][et_pb_column_inner saved_specialty_column_type=&#8221;2_3&#8243; _builder_version=&#8221;4.16&#8243; custom_padding=&#8221;|||&#8221; global_colors_info=&#8221;{}&#8221; custom_padding__hover=&#8221;|||&#8221;][et_pb_text admin_label=&#8221;Rotary Internationalin vuositeema &#8211; Otsikko&#8221; _builder_version=&#8221;4.17.4&#8243; text_orientation=&#8221;center&#8221; global_colors_info=&#8221;{}&#8221;]<\/p>\n<h1>Rotary Internationalin vuositeema<\/h1>\n<p>[\/et_pb_text][et_pb_text _builder_version=&#8221;4.25.2&#8243; hover_enabled=&#8221;0&#8243; global_colors_info=&#8221;{}&#8221; sticky_enabled=&#8221;0&#8243;]<\/p>\n<p>Lis\u00e4tietota Rotary Internationalin presidentin <strong>Stephanie Urchickin <\/strong>teemasta \u201cMagic of Rotary\u201d &#8211; &#8221;Rotaryn taika&#8221; rotaryvuodelle 2024\u20132025 l\u00f6yd\u00e4t <a href=\"https:\/\/www.rotary.org\/en\/stephanie-urchick-celebrates-magic-rotary\">t\u00e4\u00e4lt\u00e4<\/a>.<\/p>\n<p>Alla on j\u00e4senemme Hannu H\u00e4rk\u00f6sen vuoden 2023-24 teemaan &#8221;Create hope in the World&#8221; s\u00e4velt\u00e4m\u00e4 ja esitt\u00e4m\u00e4 laulu. Video kertoo my\u00f6s lyhyesti ja ytimekk\u00e4\u00e4sti mit\u00e4 Rotary on ja mit\u00e4 me rotarit teemme. Jos Rotary kiinnostaa ja koet arvojemme olevan yhteiset, tervetuloa mukaan Rotaryyn <strong>luomaan toivoa maailmaan<\/strong>!<\/p>\n<p>[\/et_pb_text][et_pb_video src=&#8221;https:\/\/www.youtube.com\/watch?v=9brNnu_lES4&#8243; _builder_version=&#8221;4.21.0&#8243; _module_preset=&#8221;default&#8221; global_colors_info=&#8221;{}&#8221;][\/et_pb_video][\/et_pb_column_inner][\/et_pb_row_inner][et_pb_row_inner admin_label=&#8221;Rivi&#8221; _builder_version=&#8221;4.16&#8243; global_colors_info=&#8221;{}&#8221;][et_pb_column_inner saved_specialty_column_type=&#8221;2_3&#8243; _builder_version=&#8221;4.16&#8243; custom_padding=&#8221;|||&#8221; global_colors_info=&#8221;{}&#8221; custom_padding__hover=&#8221;|||&#8221;][et_pb_text admin_label=&#8221;Klubin vuositeema &#8211; Otsikko&#8221; _builder_version=&#8221;4.16&#8243; text_orientation=&#8221;center&#8221; hover_enabled=&#8221;0&#8243; global_colors_info=&#8221;{}&#8221; sticky_enabled=&#8221;0&#8243;][\/et_pb_text][et_pb_text _builder_version=&#8221;4.16&#8243; custom_padding=&#8221;||0px|||&#8221; global_colors_info=&#8221;{}&#8221;][\/et_pb_text][\/et_pb_column_inner][\/et_pb_row_inner][\/et_pb_column][et_pb_column type=&#8221;1_3&#8243; _builder_version=&#8221;4.16&#8243; custom_padding=&#8221;|||&#8221; global_colors_info=&#8221;{}&#8221; custom_padding__hover=&#8221;|||&#8221;][et_pb_sidebar area=&#8221;sidebar-1&#8243; module_class=&#8221;sivupalkki_sisalto&#8221; _builder_version=&#8221;4.16&#8243; locked=&#8221;on&#8221; global_colors_info=&#8221;{}&#8221;][\/et_pb_sidebar][\/et_pb_column][\/et_pb_section]<\/p>\n","protected":false},"excerpt":{"rendered":"<p>VuositeemaRotary Internationalin vuositeemaLis\u00e4tietota Rotary Internationalin presidentin Stephanie Urchickin teemasta \u201cMagic of Rotary\u201d &#8211; &#8221;Rotaryn taika&#8221; rotaryvuodelle 2024\u20132025 l\u00f6yd\u00e4t t\u00e4\u00e4lt\u00e4. Alla on j\u00e4senemme Hannu H\u00e4rk\u00f6sen vuoden 2023-24 teemaan &#8221;Create hope in the World&#8221; s\u00e4velt\u00e4m\u00e4 ja esitt\u00e4m\u00e4 laulu. Video kertoo my\u00f6s lyhyesti ja ytimekk\u00e4\u00e4sti mit\u00e4 Rotary on ja mit\u00e4 me rotarit teemme. Jos Rotary kiinnostaa ja koet [&hellip;]<\/p>\n","protected":false},"author":1,"featured_media":0,"parent":129,"menu_order":0,"comment_status":"closed","ping_status":"closed","template":"","meta":{"_acf_changed":false,"_et_pb_use_builder":"on","_et_pb_old_content":"","_et_gb_content_width":"","footnotes":""},"class_list":["post-138","page","type-page","status-publish","hentry"],"acf":[],"yoast_head":"<!-- This site is optimized with the Yoast SEO plugin v27.4 - https:\/\/yoast.com\/product\/yoast-seo-wordpress\/ -->\n<title>Vuositeema - Orimattilan Rotaryklubi<\/title>\n<meta name=\"robots\" content=\"index, follow, max-snippet:-1, max-image-preview:large, max-video-preview:-1\" \/>\n<link rel=\"canonical\" href=\"https:\/\/rotary.fi\/orimattila\/keita-olemme\/vuositeema\/\" \/>\n<meta property=\"og:locale\" content=\"fi_FI\" \/>\n<meta property=\"og:type\" content=\"article\" \/>\n<meta property=\"og:title\" content=\"Vuositeema - Orimattilan Rotaryklubi\" \/>\n<meta property=\"og:description\" content=\"VuositeemaRotary Internationalin vuositeemaLis\u00e4tietota Rotary Internationalin presidentin Stephanie Urchickin teemasta \u201cMagic of Rotary\u201d - &quot;Rotaryn taika&quot; rotaryvuodelle 2024\u20132025 l\u00f6yd\u00e4t t\u00e4\u00e4lt\u00e4. Alla on j\u00e4senemme Hannu H\u00e4rk\u00f6sen vuoden 2023-24 teemaan &quot;Create hope in the World&quot; s\u00e4velt\u00e4m\u00e4 ja esitt\u00e4m\u00e4 laulu. Video kertoo my\u00f6s lyhyesti ja ytimekk\u00e4\u00e4sti mit\u00e4 Rotary on ja mit\u00e4 me rotarit teemme. Jos Rotary kiinnostaa ja koet [&hellip;]\" \/>\n<meta property=\"og:url\" content=\"https:\/\/rotary.fi\/orimattila\/keita-olemme\/vuositeema\/\" \/>\n<meta property=\"og:site_name\" content=\"Orimattilan Rotaryklubi\" \/>\n<meta property=\"article:modified_time\" content=\"2024-07-11T11:04:12+00:00\" \/>\n<meta name=\"twitter:card\" content=\"summary_large_image\" \/>\n<meta name=\"twitter:label1\" content=\"Arvioitu lukuaika\" \/>\n\t<meta name=\"twitter:data1\" content=\"1 minuutti\" \/>\n<script type=\"application\/ld+json\" class=\"yoast-schema-graph\">{\"@context\":\"https:\\\/\\\/schema.org\",\"@graph\":[{\"@type\":\"WebPage\",\"@id\":\"https:\\\/\\\/rotary.fi\\\/orimattila\\\/keita-olemme\\\/vuositeema\\\/\",\"url\":\"https:\\\/\\\/rotary.fi\\\/orimattila\\\/keita-olemme\\\/vuositeema\\\/\",\"name\":\"Vuositeema - Orimattilan Rotaryklubi\",\"isPartOf\":{\"@id\":\"https:\\\/\\\/rotary.fi\\\/orimattila\\\/#website\"},\"datePublished\":\"2018-08-10T11:01:44+00:00\",\"dateModified\":\"2024-07-11T11:04:12+00:00\",\"breadcrumb\":{\"@id\":\"https:\\\/\\\/rotary.fi\\\/orimattila\\\/keita-olemme\\\/vuositeema\\\/#breadcrumb\"},\"inLanguage\":\"fi\",\"potentialAction\":[{\"@type\":\"ReadAction\",\"target\":[\"https:\\\/\\\/rotary.fi\\\/orimattila\\\/keita-olemme\\\/vuositeema\\\/\"]}]},{\"@type\":\"BreadcrumbList\",\"@id\":\"https:\\\/\\\/rotary.fi\\\/orimattila\\\/keita-olemme\\\/vuositeema\\\/#breadcrumb\",\"itemListElement\":[{\"@type\":\"ListItem\",\"position\":1,\"name\":\"Home\",\"item\":\"https:\\\/\\\/rotary.fi\\\/orimattila\\\/\"},{\"@type\":\"ListItem\",\"position\":2,\"name\":\"Keit\u00e4 olemme\",\"item\":\"https:\\\/\\\/rotary.fi\\\/orimattila\\\/keita-olemme\\\/\"},{\"@type\":\"ListItem\",\"position\":3,\"name\":\"Vuositeema\"}]},{\"@type\":\"WebSite\",\"@id\":\"https:\\\/\\\/rotary.fi\\\/orimattila\\\/#website\",\"url\":\"https:\\\/\\\/rotary.fi\\\/orimattila\\\/\",\"name\":\"Orimattilan Rotaryklubi\",\"description\":\"Uusi Rotary klubisivusto\",\"potentialAction\":[{\"@type\":\"SearchAction\",\"target\":{\"@type\":\"EntryPoint\",\"urlTemplate\":\"https:\\\/\\\/rotary.fi\\\/orimattila\\\/?s={search_term_string}\"},\"query-input\":{\"@type\":\"PropertyValueSpecification\",\"valueRequired\":true,\"valueName\":\"search_term_string\"}}],\"inLanguage\":\"fi\"}]}<\/script>\n<!-- \/ Yoast SEO plugin. -->","yoast_head_json":{"title":"Vuositeema - Orimattilan Rotaryklubi","robots":{"index":"index","follow":"follow","max-snippet":"max-snippet:-1","max-image-preview":"max-image-preview:large","max-video-preview":"max-video-preview:-1"},"canonical":"https:\/\/rotary.fi\/orimattila\/keita-olemme\/vuositeema\/","og_locale":"fi_FI","og_type":"article","og_title":"Vuositeema - Orimattilan Rotaryklubi","og_description":"VuositeemaRotary Internationalin vuositeemaLis\u00e4tietota Rotary Internationalin presidentin Stephanie Urchickin teemasta \u201cMagic of Rotary\u201d - \"Rotaryn taika\" rotaryvuodelle 2024\u20132025 l\u00f6yd\u00e4t t\u00e4\u00e4lt\u00e4. Alla on j\u00e4senemme Hannu H\u00e4rk\u00f6sen vuoden 2023-24 teemaan \"Create hope in the World\" s\u00e4velt\u00e4m\u00e4 ja esitt\u00e4m\u00e4 laulu. Video kertoo my\u00f6s lyhyesti ja ytimekk\u00e4\u00e4sti mit\u00e4 Rotary on ja mit\u00e4 me rotarit teemme. Jos Rotary kiinnostaa ja koet [&hellip;]","og_url":"https:\/\/rotary.fi\/orimattila\/keita-olemme\/vuositeema\/","og_site_name":"Orimattilan Rotaryklubi","article_modified_time":"2024-07-11T11:04:12+00:00","twitter_card":"summary_large_image","twitter_misc":{"Arvioitu lukuaika":"1 minuutti"},"schema":{"@context":"https:\/\/schema.org","@graph":[{"@type":"WebPage","@id":"https:\/\/rotary.fi\/orimattila\/keita-olemme\/vuositeema\/","url":"https:\/\/rotary.fi\/orimattila\/keita-olemme\/vuositeema\/","name":"Vuositeema - Orimattilan Rotaryklubi","isPartOf":{"@id":"https:\/\/rotary.fi\/orimattila\/#website"},"datePublished":"2018-08-10T11:01:44+00:00","dateModified":"2024-07-11T11:04:12+00:00","breadcrumb":{"@id":"https:\/\/rotary.fi\/orimattila\/keita-olemme\/vuositeema\/#breadcrumb"},"inLanguage":"fi","potentialAction":[{"@type":"ReadAction","target":["https:\/\/rotary.fi\/orimattila\/keita-olemme\/vuositeema\/"]}]},{"@type":"BreadcrumbList","@id":"https:\/\/rotary.fi\/orimattila\/keita-olemme\/vuositeema\/#breadcrumb","itemListElement":[{"@type":"ListItem","position":1,"name":"Home","item":"https:\/\/rotary.fi\/orimattila\/"},{"@type":"ListItem","position":2,"name":"Keit\u00e4 olemme","item":"https:\/\/rotary.fi\/orimattila\/keita-olemme\/"},{"@type":"ListItem","position":3,"name":"Vuositeema"}]},{"@type":"WebSite","@id":"https:\/\/rotary.fi\/orimattila\/#website","url":"https:\/\/rotary.fi\/orimattila\/","name":"Orimattilan Rotaryklubi","description":"Uusi Rotary klubisivusto","potentialAction":[{"@type":"SearchAction","target":{"@type":"EntryPoint","urlTemplate":"https:\/\/rotary.fi\/orimattila\/?s={search_term_string}"},"query-input":{"@type":"PropertyValueSpecification","valueRequired":true,"valueName":"search_term_string"}}],"inLanguage":"fi"}]}},"lang":"fi","translations":{"fi":138},"pll_sync_post":[],"_links":{"self":[{"href":"https:\/\/rotary.fi\/orimattila\/wp-json\/wp\/v2\/pages\/138","targetHints":{"allow":["GET"]}}],"collection":[{"href":"https:\/\/rotary.fi\/orimattila\/wp-json\/wp\/v2\/pages"}],"about":[{"href":"https:\/\/rotary.fi\/orimattila\/wp-json\/wp\/v2\/types\/page"}],"author":[{"embeddable":true,"href":"https:\/\/rotary.fi\/orimattila\/wp-json\/wp\/v2\/users\/1"}],"replies":[{"embeddable":true,"href":"https:\/\/rotary.fi\/orimattila\/wp-json\/wp\/v2\/comments?post=138"}],"version-history":[{"count":11,"href":"https:\/\/rotary.fi\/orimattila\/wp-json\/wp\/v2\/pages\/138\/revisions"}],"predecessor-version":[{"id":2555,"href":"https:\/\/rotary.fi\/orimattila\/wp-json\/wp\/v2\/pages\/138\/revisions\/2555"}],"up":[{"embeddable":true,"href":"https:\/\/rotary.fi\/orimattila\/wp-json\/wp\/v2\/pages\/129"}],"wp:attachment":[{"href":"https:\/\/rotary.fi\/orimattila\/wp-json\/wp\/v2\/media?parent=138"}],"curies":[{"name":"wp","href":"https:\/\/api.w.org\/{rel}","templated":true}]}}