{"id":129,"date":"2018-08-10T13:41:39","date_gmt":"2018-08-10T10:41:39","guid":{"rendered":"https:\/\/rotary.fi\/klubi2\/?page_id=129"},"modified":"2021-04-05T20:33:45","modified_gmt":"2021-04-05T17:33:45","slug":"keita-olemme","status":"publish","type":"page","link":"https:\/\/rotary.fi\/orimattila\/keita-olemme\/","title":{"rendered":"Keit\u00e4 olemme"},"content":{"rendered":"<p>[et_pb_section fb_built=&#8221;1&#8243; module_class=&#8221;jumbotron-page&#8221; _builder_version=&#8221;4.4.8&#8243; background_image=&#8221;https:\/\/rotary.fi\/orimattila\/wp-content\/uploads\/sites\/213\/2021\/03\/ola_matalampi.jpg&#8221;][et_pb_row _builder_version=&#8221;3.25&#8243; background_size=&#8221;initial&#8221; background_position=&#8221;top_left&#8221; background_repeat=&#8221;repeat&#8221;][et_pb_column type=&#8221;4_4&#8243; _builder_version=&#8221;3.25&#8243; custom_padding=&#8221;|||&#8221; custom_padding__hover=&#8221;|||&#8221;][et_pb_text admin_label=&#8221;P\u00e4\u00e4otsikko&#8221; _builder_version=&#8221;3.27.4&#8243; text_orientation=&#8221;center&#8221; background_layout=&#8221;dark&#8221;]<\/p>\n<h1>Keit\u00e4 olemme<\/h1>\n<p>[\/et_pb_text][\/et_pb_column][\/et_pb_row][\/et_pb_section][et_pb_section fb_built=&#8221;1&#8243; specialty=&#8221;on&#8221; module_class_2=&#8221;sivupalkki&#8221; _builder_version=&#8221;3.22&#8243;][et_pb_column type=&#8221;2_3&#8243; specialty_columns=&#8221;2&#8243; _builder_version=&#8221;3.25&#8243; custom_padding=&#8221;|||&#8221; custom_padding__hover=&#8221;|||&#8221;][et_pb_row_inner admin_label=&#8221;Rivi&#8221; _builder_version=&#8221;3.25&#8243;][et_pb_column_inner saved_specialty_column_type=&#8221;2_3&#8243; _builder_version=&#8221;3.25&#8243; custom_padding=&#8221;|||&#8221; custom_padding__hover=&#8221;|||&#8221;][et_pb_text admin_label=&#8221;Otsikko&#8221; _builder_version=&#8221;3.27.4&#8243; text_orientation=&#8221;center&#8221;]<\/p>\n<h1>Keit\u00e4 olemme<\/h1>\n<p>[\/et_pb_text][et_pb_text _builder_version=&#8221;4.4.8&#8243; hover_enabled=&#8221;0&#8243;]<\/p>\n<p><span>Orimattilan Rotaryklubi on ajassa el\u00e4v\u00e4, kansainv\u00e4lisesti ja paikallisesti toimiva vapaaehtoisj\u00e4rjest\u00f6. Kokoonnumme torstaisin klo 17.30 Orimattilan Ravintola Tehtaaseen. Viikko-ohjelmaamme kuuluvat klubin j\u00e4senten sek\u00e4 vierailijoiden pit\u00e4m\u00e4t esitelm\u00e4t. Teemme my\u00f6s yritysvierailuja Orimattilan ja l\u00e4hikuntien yrityksiin. Paikalliset palveluprojektit ja nuorisovaihto ovat meille t\u00e4rkeit\u00e4. Tuemme my\u00f6s kansainv\u00e4lisen Rotaryn humanitaarisia projekteja.<\/span><\/p>\n<p>Rotaryklubimme tarjoaa erinomaisen mahdollisuuden verkostoitua eri ammattialojen ihmisiin ja tutustua aiheisiin oman ammattialueen ja koulutuksen ulkopuolelta.<\/p>\n<p>&nbsp;<\/p>\n<h4>Orimattilan Rotaryklubin historia<\/h4>\n<p>Uuden rotaryklubin perustamista Orimattilaan oli suunniteltu ensimm\u00e4isen kerran syksyll\u00e4 1967 Kanta-Hollolan rotaryklubissa. Orimattilaan muuttanut Kemij\u00e4rven rotaryklubin past president Kauko Kuisma innostui rotaryklubin perustamisesta ja muiksi avainhenkil\u00f6iksi tulivat Paavo Muinonen, Toimi Kelkola, Timo Oesch ja Erkki V\u00e4\u00e4n\u00e4nen. Suunnittelukokouksessa 10.9.1968 sovittiin klubin perustamisp\u00e4iv\u00e4ksi 26.9.1968. Perustetun klubin ensimm\u00e4iseksi presidentiksi valittiin yksimielisesti Kauko Kuisma. Perustajaj\u00e4seni\u00e4 oli yhteens\u00e4 25.<\/p>\n<p>Klubi j\u00e4rjest\u00e4ytyi 3.10.1968 ja Rotary Internationalin j\u00e4seneksi klubi hyv\u00e4ksyttiin 11.10.1968. Charterkirja saatiin 31.3.1969 ja klubimme vuosijuhlaa vietet\u00e4\u00e4n t\u00e4st\u00e4 syyst\u00e4 maaliskuussa.<\/p>\n<p>&nbsp;<\/p>\n<h4>Vaikuttava kansainv\u00e4linen verkosto<\/h4>\n<p>Rotary on Chicagossa 23.2.1905 perustettu kansainv\u00e4linen palvelu- ja hyv\u00e4ntekev\u00e4isyysorganisaatio. Rotary Internationalin kotipaikka on Evanston, USA:n osavaltiossa Illinoisissa. Tunnuslauseemme on Palvelu itsekkyyden edelle (Service Above Self).<\/p>\n<p>Rotaryyn kuuluu 1,2 miljoona j\u00e4sent\u00e4 35 000 klubissa yli 200 maassa. Rotary on merkitt\u00e4v\u00e4 kansainv\u00e4linen palvelu- ja hyv\u00e4ntekev\u00e4isyysj\u00e4rjest\u00f6. Suomi on jaettu kuuteen rotarypiiriin, joista yhteen kuuluvat my\u00f6s Viron klubit. Suomessa ja Virossa on yhteens\u00e4 300 klubia, joissa runsaat 10\u00a0000 rotaria.<\/p>\n<p>[\/et_pb_text][\/et_pb_column_inner][\/et_pb_row_inner][\/et_pb_column][et_pb_column type=&#8221;1_3&#8243; _builder_version=&#8221;3.25&#8243; custom_padding=&#8221;|||&#8221; custom_padding__hover=&#8221;|||&#8221;][et_pb_sidebar area=&#8221;sidebar-1&#8243; module_class=&#8221;sivupalkki_sisalto&#8221; _builder_version=&#8221;3.4.1&#8243; locked=&#8221;on&#8221;]<\/p>\n<p>[\/et_pb_sidebar][\/et_pb_column][\/et_pb_section]<\/p>\n","protected":false},"excerpt":{"rendered":"<p>Keit\u00e4 olemme Keit\u00e4 olemme Orimattilan Rotaryklubi on ajassa el\u00e4v\u00e4, kansainv\u00e4lisesti ja paikallisesti toimiva vapaaehtoisj\u00e4rjest\u00f6. Kokoonnumme torstaisin klo 17.30 Orimattilan Ravintola Tehtaaseen. Viikko-ohjelmaamme kuuluvat klubin j\u00e4senten sek\u00e4 vierailijoiden pit\u00e4m\u00e4t esitelm\u00e4t. Teemme my\u00f6s yritysvierailuja Orimattilan ja l\u00e4hikuntien yrityksiin. Paikalliset palveluprojektit ja nuorisovaihto ovat meille t\u00e4rkeit\u00e4. Tuemme my\u00f6s kansainv\u00e4lisen Rotaryn humanitaarisia projekteja. Rotaryklubimme tarjoaa erinomaisen mahdollisuuden verkostoitua eri [&hellip;]<\/p>\n","protected":false},"author":1,"featured_media":0,"parent":0,"menu_order":0,"comment_status":"closed","ping_status":"closed","template":"","meta":{"_acf_changed":false,"_et_pb_use_builder":"on","_et_pb_old_content":"","_et_gb_content_width":"","footnotes":""},"class_list":["post-129","page","type-page","status-publish","hentry"],"acf":[],"yoast_head":"<!-- This site is optimized with the Yoast SEO plugin v27.4 - https:\/\/yoast.com\/product\/yoast-seo-wordpress\/ -->\n<title>Keit\u00e4 olemme - Orimattilan Rotaryklubi<\/title>\n<meta name=\"robots\" content=\"index, follow, max-snippet:-1, max-image-preview:large, max-video-preview:-1\" \/>\n<link rel=\"canonical\" href=\"https:\/\/rotary.fi\/orimattila\/keita-olemme\/\" \/>\n<meta property=\"og:locale\" content=\"fi_FI\" \/>\n<meta property=\"og:type\" content=\"article\" \/>\n<meta property=\"og:title\" content=\"Keit\u00e4 olemme - Orimattilan Rotaryklubi\" \/>\n<meta property=\"og:description\" content=\"Keit\u00e4 olemme Keit\u00e4 olemme Orimattilan Rotaryklubi on ajassa el\u00e4v\u00e4, kansainv\u00e4lisesti ja paikallisesti toimiva vapaaehtoisj\u00e4rjest\u00f6. Kokoonnumme torstaisin klo 17.30 Orimattilan Ravintola Tehtaaseen. Viikko-ohjelmaamme kuuluvat klubin j\u00e4senten sek\u00e4 vierailijoiden pit\u00e4m\u00e4t esitelm\u00e4t. Teemme my\u00f6s yritysvierailuja Orimattilan ja l\u00e4hikuntien yrityksiin. Paikalliset palveluprojektit ja nuorisovaihto ovat meille t\u00e4rkeit\u00e4. Tuemme my\u00f6s kansainv\u00e4lisen Rotaryn humanitaarisia projekteja. Rotaryklubimme tarjoaa erinomaisen mahdollisuuden verkostoitua eri [&hellip;]\" \/>\n<meta property=\"og:url\" content=\"https:\/\/rotary.fi\/orimattila\/keita-olemme\/\" \/>\n<meta property=\"og:site_name\" content=\"Orimattilan Rotaryklubi\" \/>\n<meta property=\"article:modified_time\" content=\"2021-04-05T17:33:45+00:00\" \/>\n<meta name=\"twitter:card\" content=\"summary_large_image\" \/>\n<meta name=\"twitter:label1\" content=\"Arvioitu lukuaika\" \/>\n\t<meta name=\"twitter:data1\" content=\"2 minuuttia\" \/>\n<script type=\"application\/ld+json\" class=\"yoast-schema-graph\">{\"@context\":\"https:\\\/\\\/schema.org\",\"@graph\":[{\"@type\":\"WebPage\",\"@id\":\"https:\\\/\\\/rotary.fi\\\/orimattila\\\/keita-olemme\\\/\",\"url\":\"https:\\\/\\\/rotary.fi\\\/orimattila\\\/keita-olemme\\\/\",\"name\":\"Keit\u00e4 olemme - Orimattilan Rotaryklubi\",\"isPartOf\":{\"@id\":\"https:\\\/\\\/rotary.fi\\\/orimattila\\\/#website\"},\"datePublished\":\"2018-08-10T10:41:39+00:00\",\"dateModified\":\"2021-04-05T17:33:45+00:00\",\"breadcrumb\":{\"@id\":\"https:\\\/\\\/rotary.fi\\\/orimattila\\\/keita-olemme\\\/#breadcrumb\"},\"inLanguage\":\"fi\",\"potentialAction\":[{\"@type\":\"ReadAction\",\"target\":[\"https:\\\/\\\/rotary.fi\\\/orimattila\\\/keita-olemme\\\/\"]}]},{\"@type\":\"BreadcrumbList\",\"@id\":\"https:\\\/\\\/rotary.fi\\\/orimattila\\\/keita-olemme\\\/#breadcrumb\",\"itemListElement\":[{\"@type\":\"ListItem\",\"position\":1,\"name\":\"Home\",\"item\":\"https:\\\/\\\/rotary.fi\\\/orimattila\\\/\"},{\"@type\":\"ListItem\",\"position\":2,\"name\":\"Keit\u00e4 olemme\"}]},{\"@type\":\"WebSite\",\"@id\":\"https:\\\/\\\/rotary.fi\\\/orimattila\\\/#website\",\"url\":\"https:\\\/\\\/rotary.fi\\\/orimattila\\\/\",\"name\":\"Orimattilan Rotaryklubi\",\"description\":\"Uusi Rotary klubisivusto\",\"potentialAction\":[{\"@type\":\"SearchAction\",\"target\":{\"@type\":\"EntryPoint\",\"urlTemplate\":\"https:\\\/\\\/rotary.fi\\\/orimattila\\\/?s={search_term_string}\"},\"query-input\":{\"@type\":\"PropertyValueSpecification\",\"valueRequired\":true,\"valueName\":\"search_term_string\"}}],\"inLanguage\":\"fi\"}]}<\/script>\n<!-- \/ Yoast SEO plugin. -->","yoast_head_json":{"title":"Keit\u00e4 olemme - Orimattilan Rotaryklubi","robots":{"index":"index","follow":"follow","max-snippet":"max-snippet:-1","max-image-preview":"max-image-preview:large","max-video-preview":"max-video-preview:-1"},"canonical":"https:\/\/rotary.fi\/orimattila\/keita-olemme\/","og_locale":"fi_FI","og_type":"article","og_title":"Keit\u00e4 olemme - Orimattilan Rotaryklubi","og_description":"Keit\u00e4 olemme Keit\u00e4 olemme Orimattilan Rotaryklubi on ajassa el\u00e4v\u00e4, kansainv\u00e4lisesti ja paikallisesti toimiva vapaaehtoisj\u00e4rjest\u00f6. Kokoonnumme torstaisin klo 17.30 Orimattilan Ravintola Tehtaaseen. Viikko-ohjelmaamme kuuluvat klubin j\u00e4senten sek\u00e4 vierailijoiden pit\u00e4m\u00e4t esitelm\u00e4t. Teemme my\u00f6s yritysvierailuja Orimattilan ja l\u00e4hikuntien yrityksiin. Paikalliset palveluprojektit ja nuorisovaihto ovat meille t\u00e4rkeit\u00e4. Tuemme my\u00f6s kansainv\u00e4lisen Rotaryn humanitaarisia projekteja. Rotaryklubimme tarjoaa erinomaisen mahdollisuuden verkostoitua eri [&hellip;]","og_url":"https:\/\/rotary.fi\/orimattila\/keita-olemme\/","og_site_name":"Orimattilan Rotaryklubi","article_modified_time":"2021-04-05T17:33:45+00:00","twitter_card":"summary_large_image","twitter_misc":{"Arvioitu lukuaika":"2 minuuttia"},"schema":{"@context":"https:\/\/schema.org","@graph":[{"@type":"WebPage","@id":"https:\/\/rotary.fi\/orimattila\/keita-olemme\/","url":"https:\/\/rotary.fi\/orimattila\/keita-olemme\/","name":"Keit\u00e4 olemme - Orimattilan Rotaryklubi","isPartOf":{"@id":"https:\/\/rotary.fi\/orimattila\/#website"},"datePublished":"2018-08-10T10:41:39+00:00","dateModified":"2021-04-05T17:33:45+00:00","breadcrumb":{"@id":"https:\/\/rotary.fi\/orimattila\/keita-olemme\/#breadcrumb"},"inLanguage":"fi","potentialAction":[{"@type":"ReadAction","target":["https:\/\/rotary.fi\/orimattila\/keita-olemme\/"]}]},{"@type":"BreadcrumbList","@id":"https:\/\/rotary.fi\/orimattila\/keita-olemme\/#breadcrumb","itemListElement":[{"@type":"ListItem","position":1,"name":"Home","item":"https:\/\/rotary.fi\/orimattila\/"},{"@type":"ListItem","position":2,"name":"Keit\u00e4 olemme"}]},{"@type":"WebSite","@id":"https:\/\/rotary.fi\/orimattila\/#website","url":"https:\/\/rotary.fi\/orimattila\/","name":"Orimattilan Rotaryklubi","description":"Uusi Rotary klubisivusto","potentialAction":[{"@type":"SearchAction","target":{"@type":"EntryPoint","urlTemplate":"https:\/\/rotary.fi\/orimattila\/?s={search_term_string}"},"query-input":{"@type":"PropertyValueSpecification","valueRequired":true,"valueName":"search_term_string"}}],"inLanguage":"fi"}]}},"lang":"fi","translations":{"fi":129},"pll_sync_post":[],"_links":{"self":[{"href":"https:\/\/rotary.fi\/orimattila\/wp-json\/wp\/v2\/pages\/129","targetHints":{"allow":["GET"]}}],"collection":[{"href":"https:\/\/rotary.fi\/orimattila\/wp-json\/wp\/v2\/pages"}],"about":[{"href":"https:\/\/rotary.fi\/orimattila\/wp-json\/wp\/v2\/types\/page"}],"author":[{"embeddable":true,"href":"https:\/\/rotary.fi\/orimattila\/wp-json\/wp\/v2\/users\/1"}],"replies":[{"embeddable":true,"href":"https:\/\/rotary.fi\/orimattila\/wp-json\/wp\/v2\/comments?post=129"}],"version-history":[{"count":16,"href":"https:\/\/rotary.fi\/orimattila\/wp-json\/wp\/v2\/pages\/129\/revisions"}],"predecessor-version":[{"id":1698,"href":"https:\/\/rotary.fi\/orimattila\/wp-json\/wp\/v2\/pages\/129\/revisions\/1698"}],"wp:attachment":[{"href":"https:\/\/rotary.fi\/orimattila\/wp-json\/wp\/v2\/media?parent=129"}],"curies":[{"name":"wp","href":"https:\/\/api.w.org\/{rel}","templated":true}]}}